{"id":281,"date":"2017-11-03T10:15:39","date_gmt":"2017-11-03T09:15:39","guid":{"rendered":"http:\/\/etanec.fr\/?page_id=281"},"modified":"2023-08-14T16:02:45","modified_gmt":"2023-08-14T14:02:45","slug":"lentreprise-etanec","status":"publish","type":"page","link":"http:\/\/etanec.fr\/index.php\/lentreprise-etanec\/","title":{"rendered":"L&rsquo;ENTREPRISE ETANEC"},"content":{"rendered":"\t\t<div data-elementor-type=\"wp-page\" data-elementor-id=\"281\" class=\"elementor elementor-281\" data-elementor-post-type=\"page\">\n\t\t\t\t\t\t<section class=\"elementor-section elementor-top-section elementor-element elementor-element-702f03ed elementor-section-boxed elementor-section-height-default elementor-section-height-default\" data-id=\"702f03ed\" data-element_type=\"section\">\n\t\t\t\t\t\t<div class=\"elementor-container elementor-column-gap-default\">\n\t\t\t\t\t<div class=\"elementor-column elementor-col-100 elementor-top-column elementor-element elementor-element-2f288f5d\" data-id=\"2f288f5d\" data-element_type=\"column\">\n\t\t\t<div class=\"elementor-widget-wrap elementor-element-populated\">\n\t\t\t\t\t\t<div class=\"elementor-element elementor-element-40969106 elementor-widget elementor-widget-text-editor\" data-id=\"40969106\" data-element_type=\"widget\" data-widget_type=\"text-editor.default\">\n\t\t\t\t<div class=\"elementor-widget-container\">\n\t\t\t\t\t\t\t\t\t<p><b>\u00c0 Propos de ETANEC : Sp\u00e9cialistes de l&rsquo;\u00c9tanch\u00e9it\u00e9 pour le B\u00e2timent<\/b><\/p><p>\u00a0<\/p><p>Chez ETANEC, nous sommes bien plus qu&rsquo;une entreprise. Nous sommes une \u00e9quipe passionn\u00e9e et d\u00e9di\u00e9e de professionnels du b\u00e2timent, focalis\u00e9s sur l&rsquo;offre de solutions compl\u00e8tes et sp\u00e9cifiques pour l&rsquo;enveloppe du b\u00e2timent, avec une expertise particuli\u00e8re dans le domaine crucial de l&rsquo;\u00e9tanch\u00e9it\u00e9. Depuis notre si\u00e8ge \u00e0 Portes Les Valence, en passant par nos agences \u00e0 Genas, St Etienne, St Thibault des Vignes et Gennevilliers, nous desservons l&rsquo;ensemble de la France avec un engagement ind\u00e9fectible envers la qualit\u00e9 et le service client.<\/p><p>\u00a0<\/p><p><b>Notre Mission : Fournir l&rsquo;\u00c9quipement Id\u00e9al pour les \u00c9tancheurs<\/b><\/p><p>\u00a0<\/p><p>Fond\u00e9e il y a quatre ans, ETANEC a \u00e9t\u00e9 cr\u00e9\u00e9e dans le but de r\u00e9pondre aux besoins sp\u00e9cifiques des professionnels de l&rsquo;\u00e9tanch\u00e9it\u00e9 et de l&rsquo;enveloppe du b\u00e2timent. Notre gamme de produits soigneusement s\u00e9lectionn\u00e9s comprend tout ce dont les \u00e9tancheurs ont besoin pour r\u00e9ussir dans leur m\u00e9tier, que ce soit en termes d&rsquo;outillage de pointe, de fixations robustes ou de consommables essentiels. Notre mission est claire : offrir les meilleurs produits, con\u00e7us pour r\u00e9pondre aux exigences les plus \u00e9lev\u00e9es de notre industrie.<\/p><p>\u00a0<\/p><p><b>Une \u00c9quipe d&rsquo;Experts \u00e0 Votre Service<\/b><\/p><p>\u00a0<\/p><p>Chez ETANEC, nous sommes fiers de notre \u00e9quipe d\u00e9di\u00e9e de technico commerciaux. Nos experts sont l\u00e0 pour vous accompagner \u00e0 chaque \u00e9tape de votre parcours d&rsquo;achat, que ce soit pour des conseils sur les produits, des solutions sur mesure ou un support technique. Notre engagement envers un service client exceptionnel signifie que vous pouvez compter sur nous pour vous fournir les informations et l&rsquo;assistance dont vous avez besoin.<\/p><p>\u00a0<\/p><p><b>Engag\u00e9s envers l&rsquo;Excellence et le D\u00e9veloppement Durable<\/b><\/p><p>\u00a0<\/p><p>En plus de notre expertise technique, nous sommes \u00e9galement r\u00e9solus \u00e0 agir de mani\u00e8re responsable envers l&rsquo;environnement. Nous recherchons constamment des moyens d&rsquo;int\u00e9grer des pratiques durables dans nos op\u00e9rations, afin de contribuer positivement \u00e0 notre industrie et \u00e0 la plan\u00e8te.<\/p><p>\u00a0<\/p><p><b>Notre Vision : Votre Succ\u00e8s<\/b><\/p><p>\u00a0<\/p><p>Notre croissance rapide depuis notre cr\u00e9ation t\u00e9moigne de notre d\u00e9vouement \u00e0 votre succ\u00e8s. Nous avons l&rsquo;ambition d&rsquo;\u00e9largir notre gamme de produits, d&rsquo;explorer de nouvelles r\u00e9gions et d&rsquo;innover constamment pour r\u00e9pondre \u00e0 vos besoins changeants. En choisissant ETANEC, vous choisissez un partenaire qui grandit avec vous et qui est engag\u00e9 \u00e0 vous fournir les meilleures solutions pour prosp\u00e9rer dans l&rsquo;industrie du b\u00e2timent.<\/p><p>Bienvenue chez ETANEC, votre partenaire en excellence, en \u00e9tanch\u00e9it\u00e9 et en innovation.<\/p><h1>\u00a0<\/h1>\t\t\t\t\t\t\t\t<\/div>\n\t\t\t\t<\/div>\n\t\t\t\t\t<\/div>\n\t\t<\/div>\n\t\t\t\t\t<\/div>\n\t\t<\/section>\n\t\t\t\t<section class=\"elementor-section elementor-top-section elementor-element elementor-element-b9d7558 elementor-section-boxed elementor-section-height-default elementor-section-height-default\" data-id=\"b9d7558\" data-element_type=\"section\">\n\t\t\t\t\t\t<div class=\"elementor-container elementor-column-gap-default\">\n\t\t\t\t\t<div class=\"elementor-column elementor-col-100 elementor-top-column elementor-element elementor-element-b6c6a29\" data-id=\"b6c6a29\" data-element_type=\"column\">\n\t\t\t<div class=\"elementor-widget-wrap elementor-element-populated\">\n\t\t\t\t\t\t<div class=\"elementor-element elementor-element-c73572b elementor-widget elementor-widget-spacer\" data-id=\"c73572b\" data-element_type=\"widget\" data-widget_type=\"spacer.default\">\n\t\t\t\t<div class=\"elementor-widget-container\">\n\t\t\t\t\t\t\t<div class=\"elementor-spacer\">\n\t\t\t<div class=\"elementor-spacer-inner\"><\/div>\n\t\t<\/div>\n\t\t\t\t\t\t<\/div>\n\t\t\t\t<\/div>\n\t\t\t\t\t<\/div>\n\t\t<\/div>\n\t\t\t\t\t<\/div>\n\t\t<\/section>\n\t\t\t\t<section class=\"elementor-section elementor-top-section elementor-element elementor-element-d85f67d elementor-section-boxed elementor-section-height-default elementor-section-height-default\" data-id=\"d85f67d\" data-element_type=\"section\">\n\t\t\t\t\t\t<div class=\"elementor-container elementor-column-gap-default\">\n\t\t\t\t\t<div class=\"elementor-column elementor-col-20 elementor-top-column elementor-element elementor-element-6206767\" data-id=\"6206767\" data-element_type=\"column\">\n\t\t\t<div class=\"elementor-widget-wrap elementor-element-populated\">\n\t\t\t\t\t\t<div class=\"elementor-element elementor-element-503917d elementor-widget elementor-widget-heading\" data-id=\"503917d\" data-element_type=\"widget\" data-widget_type=\"heading.default\">\n\t\t\t\t<div class=\"elementor-widget-container\">\n\t\t\t\t\t<h3 class=\"elementor-heading-title elementor-size-default\">Agence 26<\/h3>\t\t\t\t<\/div>\n\t\t\t\t<\/div>\n\t\t\t\t\t<\/div>\n\t\t<\/div>\n\t\t\t\t<div class=\"elementor-column elementor-col-20 elementor-top-column elementor-element elementor-element-a57ae72\" data-id=\"a57ae72\" data-element_type=\"column\">\n\t\t\t<div class=\"elementor-widget-wrap elementor-element-populated\">\n\t\t\t\t\t\t<div class=\"elementor-element elementor-element-81320ee elementor-widget elementor-widget-heading\" data-id=\"81320ee\" data-element_type=\"widget\" data-widget_type=\"heading.default\">\n\t\t\t\t<div class=\"elementor-widget-container\">\n\t\t\t\t\t<h3 class=\"elementor-heading-title elementor-size-default\">Agence 69<\/h3>\t\t\t\t<\/div>\n\t\t\t\t<\/div>\n\t\t\t\t\t<\/div>\n\t\t<\/div>\n\t\t\t\t<div class=\"elementor-column elementor-col-20 elementor-top-column elementor-element elementor-element-efa8d19\" data-id=\"efa8d19\" data-element_type=\"column\">\n\t\t\t<div class=\"elementor-widget-wrap elementor-element-populated\">\n\t\t\t\t\t\t<div class=\"elementor-element elementor-element-2340de9 elementor-widget elementor-widget-heading\" data-id=\"2340de9\" data-element_type=\"widget\" data-widget_type=\"heading.default\">\n\t\t\t\t<div class=\"elementor-widget-container\">\n\t\t\t\t\t<h3 class=\"elementor-heading-title elementor-size-default\">Agence 42<\/h3>\t\t\t\t<\/div>\n\t\t\t\t<\/div>\n\t\t\t\t\t<\/div>\n\t\t<\/div>\n\t\t\t\t<div class=\"elementor-column elementor-col-20 elementor-top-column elementor-element elementor-element-ecc5b24\" data-id=\"ecc5b24\" data-element_type=\"column\">\n\t\t\t<div class=\"elementor-widget-wrap elementor-element-populated\">\n\t\t\t\t\t\t<div class=\"elementor-element elementor-element-e0a8d85 elementor-widget elementor-widget-heading\" data-id=\"e0a8d85\" data-element_type=\"widget\" data-widget_type=\"heading.default\">\n\t\t\t\t<div class=\"elementor-widget-container\">\n\t\t\t\t\t<h3 class=\"elementor-heading-title elementor-size-default\">Agence 77<\/h3>\t\t\t\t<\/div>\n\t\t\t\t<\/div>\n\t\t\t\t\t<\/div>\n\t\t<\/div>\n\t\t\t\t<div class=\"elementor-column elementor-col-20 elementor-top-column elementor-element elementor-element-b426fb7\" data-id=\"b426fb7\" data-element_type=\"column\">\n\t\t\t<div class=\"elementor-widget-wrap elementor-element-populated\">\n\t\t\t\t\t\t<div class=\"elementor-element elementor-element-d7d0c30 elementor-widget elementor-widget-heading\" data-id=\"d7d0c30\" data-element_type=\"widget\" data-widget_type=\"heading.default\">\n\t\t\t\t<div class=\"elementor-widget-container\">\n\t\t\t\t\t<h3 class=\"elementor-heading-title elementor-size-default\">Agence 92<\/h3>\t\t\t\t<\/div>\n\t\t\t\t<\/div>\n\t\t\t\t\t<\/div>\n\t\t<\/div>\n\t\t\t\t\t<\/div>\n\t\t<\/section>\n\t\t\t\t<section class=\"elementor-section elementor-top-section elementor-element elementor-element-7fe06a6 elementor-section-boxed elementor-section-height-default elementor-section-height-default\" data-id=\"7fe06a6\" data-element_type=\"section\">\n\t\t\t\t\t\t<div class=\"elementor-container elementor-column-gap-default\">\n\t\t\t\t\t<div class=\"elementor-column elementor-col-20 elementor-top-column elementor-element elementor-element-a36c705\" data-id=\"a36c705\" data-element_type=\"column\">\n\t\t\t<div class=\"elementor-widget-wrap elementor-element-populated\">\n\t\t\t\t\t\t<div class=\"elementor-element elementor-element-214c11f elementor-widget elementor-widget-google_maps\" data-id=\"214c11f\" data-element_type=\"widget\" data-widget_type=\"google_maps.default\">\n\t\t\t\t<div class=\"elementor-widget-container\">\n\t\t\t\t\t\t\t<div class=\"elementor-custom-embed\">\n\t\t\t<iframe loading=\"lazy\"\n\t\t\t\t\tsrc=\"https:\/\/maps.google.com\/maps?q=ETANEC%20VALENCE&#038;t=m&#038;z=10&#038;output=embed&#038;iwloc=near\"\n\t\t\t\t\ttitle=\"ETANEC VALENCE\"\n\t\t\t\t\taria-label=\"ETANEC VALENCE\"\n\t\t\t><\/iframe>\n\t\t<\/div>\n\t\t\t\t\t\t<\/div>\n\t\t\t\t<\/div>\n\t\t\t\t\t<\/div>\n\t\t<\/div>\n\t\t\t\t<div class=\"elementor-column elementor-col-20 elementor-top-column elementor-element elementor-element-5b258bb\" data-id=\"5b258bb\" data-element_type=\"column\">\n\t\t\t<div class=\"elementor-widget-wrap elementor-element-populated\">\n\t\t\t\t\t\t<div class=\"elementor-element elementor-element-55b3c25 elementor-widget elementor-widget-google_maps\" data-id=\"55b3c25\" data-element_type=\"widget\" data-widget_type=\"google_maps.default\">\n\t\t\t\t<div class=\"elementor-widget-container\">\n\t\t\t\t\t\t\t<div class=\"elementor-custom-embed\">\n\t\t\t<iframe loading=\"lazy\"\n\t\t\t\t\tsrc=\"https:\/\/maps.google.com\/maps?q=Etanec%201%20impasse%20louis%20de%20broglie%2C%2069740%20genas&#038;t=m&#038;z=10&#038;output=embed&#038;iwloc=near\"\n\t\t\t\t\ttitle=\"Etanec 1 impasse louis de broglie, 69740 genas\"\n\t\t\t\t\taria-label=\"Etanec 1 impasse louis de broglie, 69740 genas\"\n\t\t\t><\/iframe>\n\t\t<\/div>\n\t\t\t\t\t\t<\/div>\n\t\t\t\t<\/div>\n\t\t\t\t\t<\/div>\n\t\t<\/div>\n\t\t\t\t<div class=\"elementor-column elementor-col-20 elementor-top-column elementor-element elementor-element-1366943\" data-id=\"1366943\" data-element_type=\"column\">\n\t\t\t<div class=\"elementor-widget-wrap elementor-element-populated\">\n\t\t\t\t\t\t<div class=\"elementor-element elementor-element-18a39ab elementor-widget elementor-widget-google_maps\" data-id=\"18a39ab\" data-element_type=\"widget\" data-widget_type=\"google_maps.default\">\n\t\t\t\t<div class=\"elementor-widget-container\">\n\t\t\t\t\t\t\t<div class=\"elementor-custom-embed\">\n\t\t\t<iframe loading=\"lazy\"\n\t\t\t\t\tsrc=\"https:\/\/maps.google.com\/maps?q=SAINT%20ETIENNE%2C%2022%20RUE%20DE%20LA%20PRESSE&#038;t=m&#038;z=10&#038;output=embed&#038;iwloc=near\"\n\t\t\t\t\ttitle=\"SAINT ETIENNE, 22 RUE DE LA PRESSE\"\n\t\t\t\t\taria-label=\"SAINT ETIENNE, 22 RUE DE LA PRESSE\"\n\t\t\t><\/iframe>\n\t\t<\/div>\n\t\t\t\t\t\t<\/div>\n\t\t\t\t<\/div>\n\t\t\t\t\t<\/div>\n\t\t<\/div>\n\t\t\t\t<div class=\"elementor-column elementor-col-20 elementor-top-column elementor-element elementor-element-fa9bd5e\" data-id=\"fa9bd5e\" data-element_type=\"column\">\n\t\t\t<div class=\"elementor-widget-wrap elementor-element-populated\">\n\t\t\t\t\t\t<div class=\"elementor-element elementor-element-84b1aac elementor-widget elementor-widget-google_maps\" data-id=\"84b1aac\" data-element_type=\"widget\" data-widget_type=\"google_maps.default\">\n\t\t\t\t<div class=\"elementor-widget-container\">\n\t\t\t\t\t\t\t<div class=\"elementor-custom-embed\">\n\t\t\t<iframe loading=\"lazy\"\n\t\t\t\t\tsrc=\"https:\/\/maps.google.com\/maps?q=1%20Rue%20du%20Gravier%20du%20Bac%2C%2077400%20Saint-Thibault-des-Vignes%2C%20France&#038;t=m&#038;z=10&#038;output=embed&#038;iwloc=near\"\n\t\t\t\t\ttitle=\"1 Rue du Gravier du Bac, 77400 Saint-Thibault-des-Vignes, France\"\n\t\t\t\t\taria-label=\"1 Rue du Gravier du Bac, 77400 Saint-Thibault-des-Vignes, France\"\n\t\t\t><\/iframe>\n\t\t<\/div>\n\t\t\t\t\t\t<\/div>\n\t\t\t\t<\/div>\n\t\t\t\t\t<\/div>\n\t\t<\/div>\n\t\t\t\t<div class=\"elementor-column elementor-col-20 elementor-top-column elementor-element elementor-element-b307799\" data-id=\"b307799\" data-element_type=\"column\">\n\t\t\t<div class=\"elementor-widget-wrap elementor-element-populated\">\n\t\t\t\t\t\t<div class=\"elementor-element elementor-element-7bfea29 elementor-widget elementor-widget-google_maps\" data-id=\"7bfea29\" data-element_type=\"widget\" data-widget_type=\"google_maps.default\">\n\t\t\t\t<div class=\"elementor-widget-container\">\n\t\t\t\t\t\t\t<div class=\"elementor-custom-embed\">\n\t\t\t<iframe loading=\"lazy\"\n\t\t\t\t\tsrc=\"https:\/\/maps.google.com\/maps?q=38%20Bd%20Louise%20Michel%2C%2092230%20Gennevilliers%2C%20France&#038;t=m&#038;z=10&#038;output=embed&#038;iwloc=near\"\n\t\t\t\t\ttitle=\"38 Bd Louise Michel, 92230 Gennevilliers, France\"\n\t\t\t\t\taria-label=\"38 Bd Louise Michel, 92230 Gennevilliers, France\"\n\t\t\t><\/iframe>\n\t\t<\/div>\n\t\t\t\t\t\t<\/div>\n\t\t\t\t<\/div>\n\t\t\t\t\t<\/div>\n\t\t<\/div>\n\t\t\t\t\t<\/div>\n\t\t<\/section>\n\t\t\t\t<\/div>\n\t\t","protected":false},"excerpt":{"rendered":"<p>\u00c0 Propos de ETANEC : Sp\u00e9cialistes de l&rsquo;\u00c9tanch\u00e9it\u00e9 pour le B\u00e2timent \u00a0 Chez ETANEC, nous sommes bien plus qu&rsquo;une entreprise. Nous sommes une \u00e9quipe passionn\u00e9e et d\u00e9di\u00e9e de professionnels du<\/p>\n","protected":false},"author":1,"featured_media":0,"parent":0,"menu_order":0,"comment_status":"closed","ping_status":"closed","template":"","meta":{"_monsterinsights_skip_tracking":false,"_monsterinsights_sitenote_active":false,"_monsterinsights_sitenote_note":"","_monsterinsights_sitenote_category":0,"footnotes":""},"class_list":{"1":"page","2":"type-page","3":"status-publish","4":"hentry"},"yoast_head":"<!-- This site is optimized with the Yoast SEO plugin v26.6 - https:\/\/yoast.com\/wordpress\/plugins\/seo\/ -->\n<title>L&#039;ENTREPRISE ETANEC - ETANEC<\/title>\n<meta name=\"robots\" content=\"index, follow, max-snippet:-1, max-image-preview:large, max-video-preview:-1\" \/>\n<link rel=\"canonical\" href=\"http:\/\/etanec.fr\/index.php\/lentreprise-etanec\/\" \/>\n<meta property=\"og:locale\" content=\"fr_FR\" \/>\n<meta property=\"og:type\" content=\"article\" \/>\n<meta property=\"og:title\" content=\"L&#039;ENTREPRISE ETANEC - ETANEC\" \/>\n<meta property=\"og:description\" content=\"\u00c0 Propos de ETANEC : Sp\u00e9cialistes de l&rsquo;\u00c9tanch\u00e9it\u00e9 pour le B\u00e2timent \u00a0 Chez ETANEC, nous sommes bien plus qu&rsquo;une entreprise. Nous sommes une \u00e9quipe passionn\u00e9e et d\u00e9di\u00e9e de professionnels du\" \/>\n<meta property=\"og:url\" content=\"http:\/\/etanec.fr\/index.php\/lentreprise-etanec\/\" \/>\n<meta property=\"og:site_name\" content=\"ETANEC\" \/>\n<meta property=\"article:modified_time\" content=\"2023-08-14T14:02:45+00:00\" \/>\n<meta name=\"twitter:card\" content=\"summary_large_image\" \/>\n<meta name=\"twitter:label1\" content=\"Dur\u00e9e de lecture estim\u00e9e\" \/>\n\t<meta name=\"twitter:data1\" content=\"2 minutes\" \/>\n<script type=\"application\/ld+json\" class=\"yoast-schema-graph\">{\"@context\":\"https:\/\/schema.org\",\"@graph\":[{\"@type\":\"WebPage\",\"@id\":\"http:\/\/etanec.fr\/index.php\/lentreprise-etanec\/\",\"url\":\"http:\/\/etanec.fr\/index.php\/lentreprise-etanec\/\",\"name\":\"L'ENTREPRISE ETANEC - ETANEC\",\"isPartOf\":{\"@id\":\"http:\/\/etanec.fr\/#website\"},\"datePublished\":\"2017-11-03T09:15:39+00:00\",\"dateModified\":\"2023-08-14T14:02:45+00:00\",\"breadcrumb\":{\"@id\":\"http:\/\/etanec.fr\/index.php\/lentreprise-etanec\/#breadcrumb\"},\"inLanguage\":\"fr-FR\",\"potentialAction\":[{\"@type\":\"ReadAction\",\"target\":[\"http:\/\/etanec.fr\/index.php\/lentreprise-etanec\/\"]}]},{\"@type\":\"BreadcrumbList\",\"@id\":\"http:\/\/etanec.fr\/index.php\/lentreprise-etanec\/#breadcrumb\",\"itemListElement\":[{\"@type\":\"ListItem\",\"position\":1,\"name\":\"Accueil\",\"item\":\"http:\/\/etanec.fr\/\"},{\"@type\":\"ListItem\",\"position\":2,\"name\":\"L&rsquo;ENTREPRISE ETANEC\"}]},{\"@type\":\"WebSite\",\"@id\":\"http:\/\/etanec.fr\/#website\",\"url\":\"http:\/\/etanec.fr\/\",\"name\":\"etanec.fr\",\"description\":\"Votre Solution en Outillage &amp; Fixation Enveloppe du batiment\",\"publisher\":{\"@id\":\"http:\/\/etanec.fr\/#organization\"},\"potentialAction\":[{\"@type\":\"SearchAction\",\"target\":{\"@type\":\"EntryPoint\",\"urlTemplate\":\"http:\/\/etanec.fr\/?s={search_term_string}\"},\"query-input\":{\"@type\":\"PropertyValueSpecification\",\"valueRequired\":true,\"valueName\":\"search_term_string\"}}],\"inLanguage\":\"fr-FR\"},{\"@type\":\"Organization\",\"@id\":\"http:\/\/etanec.fr\/#organization\",\"name\":\"etanec.fr\",\"url\":\"http:\/\/etanec.fr\/\",\"logo\":{\"@type\":\"ImageObject\",\"inLanguage\":\"fr-FR\",\"@id\":\"http:\/\/etanec.fr\/#\/schema\/logo\/image\/\",\"url\":\"https:\/\/i0.wp.com\/etanec.fr\/wp-content\/uploads\/2017\/11\/cropped-cropped-cropped-ETANEC-LOGO-2017-RVBTRANSP-HD-e1509965316759.png?fit=350%2C75\",\"contentUrl\":\"https:\/\/i0.wp.com\/etanec.fr\/wp-content\/uploads\/2017\/11\/cropped-cropped-cropped-ETANEC-LOGO-2017-RVBTRANSP-HD-e1509965316759.png?fit=350%2C75\",\"width\":350,\"height\":75,\"caption\":\"etanec.fr\"},\"image\":{\"@id\":\"http:\/\/etanec.fr\/#\/schema\/logo\/image\/\"},\"sameAs\":[\"https:\/\/www.linkedin.com\/company\/etanecgroup\/?viewAsMember=true\"]}]}<\/script>\n<!-- \/ Yoast SEO plugin. -->","yoast_head_json":{"title":"L'ENTREPRISE ETANEC - ETANEC","robots":{"index":"index","follow":"follow","max-snippet":"max-snippet:-1","max-image-preview":"max-image-preview:large","max-video-preview":"max-video-preview:-1"},"canonical":"http:\/\/etanec.fr\/index.php\/lentreprise-etanec\/","og_locale":"fr_FR","og_type":"article","og_title":"L'ENTREPRISE ETANEC - ETANEC","og_description":"\u00c0 Propos de ETANEC : Sp\u00e9cialistes de l&rsquo;\u00c9tanch\u00e9it\u00e9 pour le B\u00e2timent \u00a0 Chez ETANEC, nous sommes bien plus qu&rsquo;une entreprise. Nous sommes une \u00e9quipe passionn\u00e9e et d\u00e9di\u00e9e de professionnels du","og_url":"http:\/\/etanec.fr\/index.php\/lentreprise-etanec\/","og_site_name":"ETANEC","article_modified_time":"2023-08-14T14:02:45+00:00","twitter_card":"summary_large_image","twitter_misc":{"Dur\u00e9e de lecture estim\u00e9e":"2 minutes"},"schema":{"@context":"https:\/\/schema.org","@graph":[{"@type":"WebPage","@id":"http:\/\/etanec.fr\/index.php\/lentreprise-etanec\/","url":"http:\/\/etanec.fr\/index.php\/lentreprise-etanec\/","name":"L'ENTREPRISE ETANEC - ETANEC","isPartOf":{"@id":"http:\/\/etanec.fr\/#website"},"datePublished":"2017-11-03T09:15:39+00:00","dateModified":"2023-08-14T14:02:45+00:00","breadcrumb":{"@id":"http:\/\/etanec.fr\/index.php\/lentreprise-etanec\/#breadcrumb"},"inLanguage":"fr-FR","potentialAction":[{"@type":"ReadAction","target":["http:\/\/etanec.fr\/index.php\/lentreprise-etanec\/"]}]},{"@type":"BreadcrumbList","@id":"http:\/\/etanec.fr\/index.php\/lentreprise-etanec\/#breadcrumb","itemListElement":[{"@type":"ListItem","position":1,"name":"Accueil","item":"http:\/\/etanec.fr\/"},{"@type":"ListItem","position":2,"name":"L&rsquo;ENTREPRISE ETANEC"}]},{"@type":"WebSite","@id":"http:\/\/etanec.fr\/#website","url":"http:\/\/etanec.fr\/","name":"etanec.fr","description":"Votre Solution en Outillage &amp; Fixation Enveloppe du batiment","publisher":{"@id":"http:\/\/etanec.fr\/#organization"},"potentialAction":[{"@type":"SearchAction","target":{"@type":"EntryPoint","urlTemplate":"http:\/\/etanec.fr\/?s={search_term_string}"},"query-input":{"@type":"PropertyValueSpecification","valueRequired":true,"valueName":"search_term_string"}}],"inLanguage":"fr-FR"},{"@type":"Organization","@id":"http:\/\/etanec.fr\/#organization","name":"etanec.fr","url":"http:\/\/etanec.fr\/","logo":{"@type":"ImageObject","inLanguage":"fr-FR","@id":"http:\/\/etanec.fr\/#\/schema\/logo\/image\/","url":"https:\/\/i0.wp.com\/etanec.fr\/wp-content\/uploads\/2017\/11\/cropped-cropped-cropped-ETANEC-LOGO-2017-RVBTRANSP-HD-e1509965316759.png?fit=350%2C75","contentUrl":"https:\/\/i0.wp.com\/etanec.fr\/wp-content\/uploads\/2017\/11\/cropped-cropped-cropped-ETANEC-LOGO-2017-RVBTRANSP-HD-e1509965316759.png?fit=350%2C75","width":350,"height":75,"caption":"etanec.fr"},"image":{"@id":"http:\/\/etanec.fr\/#\/schema\/logo\/image\/"},"sameAs":["https:\/\/www.linkedin.com\/company\/etanecgroup\/?viewAsMember=true"]}]}},"jetpack_sharing_enabled":true,"_links":{"self":[{"href":"http:\/\/etanec.fr\/index.php\/wp-json\/wp\/v2\/pages\/281","targetHints":{"allow":["GET"]}}],"collection":[{"href":"http:\/\/etanec.fr\/index.php\/wp-json\/wp\/v2\/pages"}],"about":[{"href":"http:\/\/etanec.fr\/index.php\/wp-json\/wp\/v2\/types\/page"}],"author":[{"embeddable":true,"href":"http:\/\/etanec.fr\/index.php\/wp-json\/wp\/v2\/users\/1"}],"replies":[{"embeddable":true,"href":"http:\/\/etanec.fr\/index.php\/wp-json\/wp\/v2\/comments?post=281"}],"version-history":[{"count":17,"href":"http:\/\/etanec.fr\/index.php\/wp-json\/wp\/v2\/pages\/281\/revisions"}],"predecessor-version":[{"id":7046,"href":"http:\/\/etanec.fr\/index.php\/wp-json\/wp\/v2\/pages\/281\/revisions\/7046"}],"wp:attachment":[{"href":"http:\/\/etanec.fr\/index.php\/wp-json\/wp\/v2\/media?parent=281"}],"curies":[{"name":"wp","href":"https:\/\/api.w.org\/{rel}","templated":true}]}}