{"id":497,"date":"2017-11-06T15:26:08","date_gmt":"2017-11-06T14:26:08","guid":{"rendered":"http:\/\/etanec.fr\/?page_id=497"},"modified":"2023-12-27T18:24:36","modified_gmt":"2023-12-27T17:24:36","slug":"contactez-nous","status":"publish","type":"page","link":"http:\/\/etanec.fr\/index.php\/contactez-nous\/","title":{"rendered":"CONTACTEZ-NOUS"},"content":{"rendered":"\t\t<div data-elementor-type=\"wp-page\" data-elementor-id=\"497\" class=\"elementor elementor-497\" data-elementor-post-type=\"page\">\n\t\t\t\t\t\t<section class=\"elementor-section elementor-top-section elementor-element elementor-element-62fb4f5 elementor-section-boxed elementor-section-height-default elementor-section-height-default\" data-id=\"62fb4f5\" data-element_type=\"section\">\n\t\t\t\t\t\t<div class=\"elementor-container elementor-column-gap-default\">\n\t\t\t\t\t<div class=\"elementor-column elementor-col-100 elementor-top-column elementor-element elementor-element-4ae0f0a\" data-id=\"4ae0f0a\" data-element_type=\"column\">\n\t\t\t<div class=\"elementor-widget-wrap elementor-element-populated\">\n\t\t\t\t\t\t<div class=\"elementor-element elementor-element-ff4707d elementor-button-align-start elementor-widget elementor-widget-form\" data-id=\"ff4707d\" data-element_type=\"widget\" data-settings=\"{&quot;step_next_label&quot;:&quot;Suivant&quot;,&quot;step_previous_label&quot;:&quot;Pr\\u00e9c\\u00e9dent&quot;,&quot;button_width&quot;:&quot;100&quot;,&quot;step_type&quot;:&quot;number_text&quot;,&quot;step_icon_shape&quot;:&quot;circle&quot;}\" data-widget_type=\"form.default\">\n\t\t\t\t<div class=\"elementor-widget-container\">\n\t\t\t\t\t\t\t<form class=\"elementor-form\" method=\"post\" name=\"Contactez-nous\" aria-label=\"Contactez-nous\">\n\t\t\t<input type=\"hidden\" name=\"post_id\" value=\"497\"\/>\n\t\t\t<input type=\"hidden\" name=\"form_id\" value=\"ff4707d\"\/>\n\t\t\t<input type=\"hidden\" name=\"referer_title\" value=\"CONTACTEZ-NOUS - ETANEC\" \/>\n\n\t\t\t\t\t\t\t<input type=\"hidden\" name=\"queried_id\" value=\"497\"\/>\n\t\t\t\n\t\t\t<div class=\"elementor-form-fields-wrapper elementor-labels-above\">\n\t\t\t\t\t\t\t\t<div class=\"elementor-field-type-text elementor-field-group elementor-column elementor-field-group-name elementor-col-100 elementor-field-required\">\n\t\t\t\t\t\t\t\t\t\t\t\t<label for=\"form-field-name\" class=\"elementor-field-label\">\n\t\t\t\t\t\t\t\tVotre soci\u00e9t\u00e9 * \t\t\t\t\t\t\t<\/label>\n\t\t\t\t\t\t\t\t\t\t\t\t\t\t<input size=\"1\" type=\"text\" name=\"form_fields[name]\" id=\"form-field-name\" class=\"elementor-field elementor-size-sm  elementor-field-textual\" required=\"required\">\n\t\t\t\t\t\t\t\t\t\t\t<\/div>\n\t\t\t\t\t\t\t\t<div class=\"elementor-field-type-text elementor-field-group elementor-column elementor-field-group-field_a52f898 elementor-col-100 elementor-field-required\">\n\t\t\t\t\t\t\t\t\t\t\t\t<label for=\"form-field-field_a52f898\" class=\"elementor-field-label\">\n\t\t\t\t\t\t\t\tVotre nom *\t\t\t\t\t\t\t<\/label>\n\t\t\t\t\t\t\t\t\t\t\t\t\t\t<input size=\"1\" type=\"text\" name=\"form_fields[field_a52f898]\" id=\"form-field-field_a52f898\" class=\"elementor-field elementor-size-sm  elementor-field-textual\" required=\"required\">\n\t\t\t\t\t\t\t\t\t\t\t<\/div>\n\t\t\t\t\t\t\t\t<div class=\"elementor-field-type-email elementor-field-group elementor-column elementor-field-group-email elementor-col-100 elementor-field-required\">\n\t\t\t\t\t\t\t\t\t\t\t\t<label for=\"form-field-email\" class=\"elementor-field-label\">\n\t\t\t\t\t\t\t\tVotre e-mail *\t\t\t\t\t\t\t<\/label>\n\t\t\t\t\t\t\t\t\t\t\t\t\t\t<input size=\"1\" type=\"email\" name=\"form_fields[email]\" id=\"form-field-email\" class=\"elementor-field elementor-size-sm  elementor-field-textual\" required=\"required\">\n\t\t\t\t\t\t\t\t\t\t\t<\/div>\n\t\t\t\t\t\t\t\t<div class=\"elementor-field-type-text elementor-field-group elementor-column elementor-field-group-field_4b6c3a1 elementor-col-100 elementor-field-required\">\n\t\t\t\t\t\t\t\t\t\t\t\t<label for=\"form-field-field_4b6c3a1\" class=\"elementor-field-label\">\n\t\t\t\t\t\t\t\tObjet *\t\t\t\t\t\t\t<\/label>\n\t\t\t\t\t\t\t\t\t\t\t\t\t\t<input size=\"1\" type=\"text\" name=\"form_fields[field_4b6c3a1]\" id=\"form-field-field_4b6c3a1\" class=\"elementor-field elementor-size-sm  elementor-field-textual\" required=\"required\">\n\t\t\t\t\t\t\t\t\t\t\t<\/div>\n\t\t\t\t\t\t\t\t<div class=\"elementor-field-type-textarea elementor-field-group elementor-column elementor-field-group-message elementor-col-100 elementor-field-required\">\n\t\t\t\t\t\t\t\t\t\t\t\t<label for=\"form-field-message\" class=\"elementor-field-label\">\n\t\t\t\t\t\t\t\tVotre message *\t\t\t\t\t\t\t<\/label>\n\t\t\t\t\t\t<textarea class=\"elementor-field-textual elementor-field  elementor-size-sm\" name=\"form_fields[message]\" id=\"form-field-message\" rows=\"4\" required=\"required\"><\/textarea>\t\t\t\t<\/div>\n\t\t\t\t\t\t\t\t<div class=\"elementor-field-type-recaptcha elementor-field-group elementor-column elementor-field-group-field_65d30de elementor-col-100\">\n\t\t\t\t\t<div class=\"elementor-field\" id=\"form-field-field_65d30de\"><div class=\"elementor-g-recaptcha\" data-sitekey=\"6LcGEj4pAAAAAP7GSX9wrQABf6TG1iX444235Cau\" data-type=\"v2_checkbox\" data-theme=\"light\" data-size=\"normal\"><\/div><\/div>\t\t\t\t<\/div>\n\t\t\t\t\t\t\t\t<div class=\"elementor-field-group elementor-column elementor-field-type-submit elementor-col-100 e-form__buttons\">\n\t\t\t\t\t<button class=\"elementor-button elementor-size-md\" type=\"submit\">\n\t\t\t\t\t\t<span class=\"elementor-button-content-wrapper\">\n\t\t\t\t\t\t\t\t\t\t\t\t\t\t\t\t\t\t\t\t\t\t<span class=\"elementor-button-text\">Envoyer<\/span>\n\t\t\t\t\t\t\t\t\t\t\t\t\t<\/span>\n\t\t\t\t\t<\/button>\n\t\t\t\t<\/div>\n\t\t\t<\/div>\n\t\t<\/form>\n\t\t\t\t\t\t<\/div>\n\t\t\t\t<\/div>\n\t\t\t\t\t<\/div>\n\t\t<\/div>\n\t\t\t\t\t<\/div>\n\t\t<\/section>\n\t\t\t\t<section class=\"elementor-section elementor-top-section elementor-element elementor-element-1103242 elementor-section-boxed elementor-section-height-default elementor-section-height-default\" data-id=\"1103242\" data-element_type=\"section\">\n\t\t\t\t\t\t<div class=\"elementor-container elementor-column-gap-default\">\n\t\t\t\t\t<div class=\"elementor-column elementor-col-100 elementor-top-column elementor-element elementor-element-9fff045\" data-id=\"9fff045\" data-element_type=\"column\">\n\t\t\t<div class=\"elementor-widget-wrap elementor-element-populated\">\n\t\t\t\t\t\t<div class=\"elementor-element elementor-element-64f19a4 elementor-widget elementor-widget-spacer\" data-id=\"64f19a4\" data-element_type=\"widget\" data-widget_type=\"spacer.default\">\n\t\t\t\t<div class=\"elementor-widget-container\">\n\t\t\t\t\t\t\t<div class=\"elementor-spacer\">\n\t\t\t<div class=\"elementor-spacer-inner\"><\/div>\n\t\t<\/div>\n\t\t\t\t\t\t<\/div>\n\t\t\t\t<\/div>\n\t\t\t\t\t<\/div>\n\t\t<\/div>\n\t\t\t\t\t<\/div>\n\t\t<\/section>\n\t\t\t\t<section class=\"elementor-section elementor-top-section elementor-element elementor-element-7211c7a elementor-section-boxed elementor-section-height-default elementor-section-height-default\" data-id=\"7211c7a\" data-element_type=\"section\">\n\t\t\t\t\t\t<div class=\"elementor-container elementor-column-gap-default\">\n\t\t\t\t\t<div class=\"elementor-column elementor-col-100 elementor-top-column elementor-element elementor-element-95bba0a\" data-id=\"95bba0a\" data-element_type=\"column\">\n\t\t\t<div class=\"elementor-widget-wrap elementor-element-populated\">\n\t\t\t\t\t\t<div class=\"elementor-element elementor-element-6fcdd58 elementor-widget elementor-widget-heading\" data-id=\"6fcdd58\" data-element_type=\"widget\" data-widget_type=\"heading.default\">\n\t\t\t\t<div class=\"elementor-widget-container\">\n\t\t\t\t\t<h3 class=\"elementor-heading-title elementor-size-default\">NOUS APPELER <\/h3>\t\t\t\t<\/div>\n\t\t\t\t<\/div>\n\t\t\t\t\t<\/div>\n\t\t<\/div>\n\t\t\t\t\t<\/div>\n\t\t<\/section>\n\t\t\t\t<section class=\"elementor-section elementor-top-section elementor-element elementor-element-b7dca11 elementor-section-boxed elementor-section-height-default elementor-section-height-default\" data-id=\"b7dca11\" data-element_type=\"section\">\n\t\t\t\t\t\t<div class=\"elementor-container elementor-column-gap-default\">\n\t\t\t\t\t<div class=\"elementor-column elementor-col-100 elementor-top-column elementor-element elementor-element-4ad0613\" data-id=\"4ad0613\" data-element_type=\"column\">\n\t\t\t<div class=\"elementor-widget-wrap elementor-element-populated\">\n\t\t\t\t\t\t<div class=\"elementor-element elementor-element-f189243 elementor-widget elementor-widget-text-editor\" data-id=\"f189243\" data-element_type=\"widget\" data-widget_type=\"text-editor.default\">\n\t\t\t\t<div class=\"elementor-widget-container\">\n\t\t\t\t\t\t\t\t\t<p>Appelez-nous par t\u00e9l\u00e9phone du lundi au vendredi de 6h30 \u00e0 18h au&nbsp;<b>04 28 99 00 00<\/b><\/p>\t\t\t\t\t\t\t\t<\/div>\n\t\t\t\t<\/div>\n\t\t\t\t\t<\/div>\n\t\t<\/div>\n\t\t\t\t\t<\/div>\n\t\t<\/section>\n\t\t\t\t<\/div>\n\t\t","protected":false},"excerpt":{"rendered":"<p>NOUS APPELER Appelez-nous par t\u00e9l\u00e9phone du lundi au vendredi de 6h30 \u00e0 18h au&nbsp;04 28 99 00 00<\/p>\n","protected":false},"author":1,"featured_media":0,"parent":0,"menu_order":0,"comment_status":"closed","ping_status":"closed","template":"","meta":{"_monsterinsights_skip_tracking":false,"_monsterinsights_sitenote_active":false,"_monsterinsights_sitenote_note":"","_monsterinsights_sitenote_category":0,"footnotes":""},"class_list":{"1":"page","2":"type-page","3":"status-publish","4":"hentry"},"yoast_head":"<!-- This site is optimized with the Yoast SEO plugin v26.6 - https:\/\/yoast.com\/wordpress\/plugins\/seo\/ -->\n<title>CONTACTEZ-NOUS - ETANEC<\/title>\n<meta name=\"robots\" content=\"index, follow, max-snippet:-1, max-image-preview:large, max-video-preview:-1\" \/>\n<link rel=\"canonical\" href=\"https:\/\/etanec.fr\/index.php\/contactez-nous\/\" \/>\n<meta property=\"og:locale\" content=\"fr_FR\" \/>\n<meta property=\"og:type\" content=\"article\" \/>\n<meta property=\"og:title\" content=\"CONTACTEZ-NOUS - ETANEC\" \/>\n<meta property=\"og:description\" content=\"NOUS APPELER Appelez-nous par t\u00e9l\u00e9phone du lundi au vendredi de 6h30 \u00e0 18h au&nbsp;04 28 99 00 00\" \/>\n<meta property=\"og:url\" content=\"https:\/\/etanec.fr\/index.php\/contactez-nous\/\" \/>\n<meta property=\"og:site_name\" content=\"ETANEC\" \/>\n<meta property=\"article:modified_time\" content=\"2023-12-27T17:24:36+00:00\" \/>\n<meta name=\"twitter:card\" content=\"summary_large_image\" \/>\n<meta name=\"twitter:label1\" content=\"Dur\u00e9e de lecture estim\u00e9e\" \/>\n\t<meta name=\"twitter:data1\" content=\"1 minute\" \/>\n<script type=\"application\/ld+json\" class=\"yoast-schema-graph\">{\"@context\":\"https:\/\/schema.org\",\"@graph\":[{\"@type\":\"WebPage\",\"@id\":\"https:\/\/etanec.fr\/index.php\/contactez-nous\/\",\"url\":\"https:\/\/etanec.fr\/index.php\/contactez-nous\/\",\"name\":\"CONTACTEZ-NOUS - ETANEC\",\"isPartOf\":{\"@id\":\"http:\/\/etanec.fr\/#website\"},\"datePublished\":\"2017-11-06T14:26:08+00:00\",\"dateModified\":\"2023-12-27T17:24:36+00:00\",\"breadcrumb\":{\"@id\":\"https:\/\/etanec.fr\/index.php\/contactez-nous\/#breadcrumb\"},\"inLanguage\":\"fr-FR\",\"potentialAction\":[{\"@type\":\"ReadAction\",\"target\":[\"https:\/\/etanec.fr\/index.php\/contactez-nous\/\"]}]},{\"@type\":\"BreadcrumbList\",\"@id\":\"https:\/\/etanec.fr\/index.php\/contactez-nous\/#breadcrumb\",\"itemListElement\":[{\"@type\":\"ListItem\",\"position\":1,\"name\":\"Accueil\",\"item\":\"http:\/\/etanec.fr\/\"},{\"@type\":\"ListItem\",\"position\":2,\"name\":\"CONTACTEZ-NOUS\"}]},{\"@type\":\"WebSite\",\"@id\":\"http:\/\/etanec.fr\/#website\",\"url\":\"http:\/\/etanec.fr\/\",\"name\":\"etanec.fr\",\"description\":\"Votre Solution en Outillage &amp; Fixation Enveloppe du batiment\",\"publisher\":{\"@id\":\"http:\/\/etanec.fr\/#organization\"},\"potentialAction\":[{\"@type\":\"SearchAction\",\"target\":{\"@type\":\"EntryPoint\",\"urlTemplate\":\"http:\/\/etanec.fr\/?s={search_term_string}\"},\"query-input\":{\"@type\":\"PropertyValueSpecification\",\"valueRequired\":true,\"valueName\":\"search_term_string\"}}],\"inLanguage\":\"fr-FR\"},{\"@type\":\"Organization\",\"@id\":\"http:\/\/etanec.fr\/#organization\",\"name\":\"etanec.fr\",\"url\":\"http:\/\/etanec.fr\/\",\"logo\":{\"@type\":\"ImageObject\",\"inLanguage\":\"fr-FR\",\"@id\":\"http:\/\/etanec.fr\/#\/schema\/logo\/image\/\",\"url\":\"https:\/\/i0.wp.com\/etanec.fr\/wp-content\/uploads\/2017\/11\/cropped-cropped-cropped-ETANEC-LOGO-2017-RVBTRANSP-HD-e1509965316759.png?fit=350%2C75\",\"contentUrl\":\"https:\/\/i0.wp.com\/etanec.fr\/wp-content\/uploads\/2017\/11\/cropped-cropped-cropped-ETANEC-LOGO-2017-RVBTRANSP-HD-e1509965316759.png?fit=350%2C75\",\"width\":350,\"height\":75,\"caption\":\"etanec.fr\"},\"image\":{\"@id\":\"http:\/\/etanec.fr\/#\/schema\/logo\/image\/\"},\"sameAs\":[\"https:\/\/www.linkedin.com\/company\/etanecgroup\/?viewAsMember=true\"]}]}<\/script>\n<!-- \/ Yoast SEO plugin. -->","yoast_head_json":{"title":"CONTACTEZ-NOUS - ETANEC","robots":{"index":"index","follow":"follow","max-snippet":"max-snippet:-1","max-image-preview":"max-image-preview:large","max-video-preview":"max-video-preview:-1"},"canonical":"https:\/\/etanec.fr\/index.php\/contactez-nous\/","og_locale":"fr_FR","og_type":"article","og_title":"CONTACTEZ-NOUS - ETANEC","og_description":"NOUS APPELER Appelez-nous par t\u00e9l\u00e9phone du lundi au vendredi de 6h30 \u00e0 18h au&nbsp;04 28 99 00 00","og_url":"https:\/\/etanec.fr\/index.php\/contactez-nous\/","og_site_name":"ETANEC","article_modified_time":"2023-12-27T17:24:36+00:00","twitter_card":"summary_large_image","twitter_misc":{"Dur\u00e9e de lecture estim\u00e9e":"1 minute"},"schema":{"@context":"https:\/\/schema.org","@graph":[{"@type":"WebPage","@id":"https:\/\/etanec.fr\/index.php\/contactez-nous\/","url":"https:\/\/etanec.fr\/index.php\/contactez-nous\/","name":"CONTACTEZ-NOUS - ETANEC","isPartOf":{"@id":"http:\/\/etanec.fr\/#website"},"datePublished":"2017-11-06T14:26:08+00:00","dateModified":"2023-12-27T17:24:36+00:00","breadcrumb":{"@id":"https:\/\/etanec.fr\/index.php\/contactez-nous\/#breadcrumb"},"inLanguage":"fr-FR","potentialAction":[{"@type":"ReadAction","target":["https:\/\/etanec.fr\/index.php\/contactez-nous\/"]}]},{"@type":"BreadcrumbList","@id":"https:\/\/etanec.fr\/index.php\/contactez-nous\/#breadcrumb","itemListElement":[{"@type":"ListItem","position":1,"name":"Accueil","item":"http:\/\/etanec.fr\/"},{"@type":"ListItem","position":2,"name":"CONTACTEZ-NOUS"}]},{"@type":"WebSite","@id":"http:\/\/etanec.fr\/#website","url":"http:\/\/etanec.fr\/","name":"etanec.fr","description":"Votre Solution en Outillage &amp; Fixation Enveloppe du batiment","publisher":{"@id":"http:\/\/etanec.fr\/#organization"},"potentialAction":[{"@type":"SearchAction","target":{"@type":"EntryPoint","urlTemplate":"http:\/\/etanec.fr\/?s={search_term_string}"},"query-input":{"@type":"PropertyValueSpecification","valueRequired":true,"valueName":"search_term_string"}}],"inLanguage":"fr-FR"},{"@type":"Organization","@id":"http:\/\/etanec.fr\/#organization","name":"etanec.fr","url":"http:\/\/etanec.fr\/","logo":{"@type":"ImageObject","inLanguage":"fr-FR","@id":"http:\/\/etanec.fr\/#\/schema\/logo\/image\/","url":"https:\/\/i0.wp.com\/etanec.fr\/wp-content\/uploads\/2017\/11\/cropped-cropped-cropped-ETANEC-LOGO-2017-RVBTRANSP-HD-e1509965316759.png?fit=350%2C75","contentUrl":"https:\/\/i0.wp.com\/etanec.fr\/wp-content\/uploads\/2017\/11\/cropped-cropped-cropped-ETANEC-LOGO-2017-RVBTRANSP-HD-e1509965316759.png?fit=350%2C75","width":350,"height":75,"caption":"etanec.fr"},"image":{"@id":"http:\/\/etanec.fr\/#\/schema\/logo\/image\/"},"sameAs":["https:\/\/www.linkedin.com\/company\/etanecgroup\/?viewAsMember=true"]}]}},"jetpack_sharing_enabled":true,"_links":{"self":[{"href":"http:\/\/etanec.fr\/index.php\/wp-json\/wp\/v2\/pages\/497","targetHints":{"allow":["GET"]}}],"collection":[{"href":"http:\/\/etanec.fr\/index.php\/wp-json\/wp\/v2\/pages"}],"about":[{"href":"http:\/\/etanec.fr\/index.php\/wp-json\/wp\/v2\/types\/page"}],"author":[{"embeddable":true,"href":"http:\/\/etanec.fr\/index.php\/wp-json\/wp\/v2\/users\/1"}],"replies":[{"embeddable":true,"href":"http:\/\/etanec.fr\/index.php\/wp-json\/wp\/v2\/comments?post=497"}],"version-history":[{"count":24,"href":"http:\/\/etanec.fr\/index.php\/wp-json\/wp\/v2\/pages\/497\/revisions"}],"predecessor-version":[{"id":7075,"href":"http:\/\/etanec.fr\/index.php\/wp-json\/wp\/v2\/pages\/497\/revisions\/7075"}],"wp:attachment":[{"href":"http:\/\/etanec.fr\/index.php\/wp-json\/wp\/v2\/media?parent=497"}],"curies":[{"name":"wp","href":"https:\/\/api.w.org\/{rel}","templated":true}]}}