{"id":1092,"date":"2022-12-21T12:02:11","date_gmt":"2022-12-21T11:02:11","guid":{"rendered":"http:\/\/etanec.fr\/?post_type=product&#038;p=1092"},"modified":"2022-12-21T12:02:12","modified_gmt":"2022-12-21T11:02:12","slug":"pistolet-chalumeau-detancheite-raptor-1045-express-lance-1150","status":"publish","type":"product","link":"http:\/\/etanec.fr\/index.php\/produit\/pistolet-chalumeau-detancheite-raptor-1045-express-lance-1150\/","title":{"rendered":"Pistolet chalumeau d&rsquo;\u00e9tanch\u00e9it\u00e9 RAPTOR 1045 EXPRESS + LANCE 1150"},"content":{"rendered":"<p>Particuli\u00e8rement l\u00e9ger avec moins de 650g en bout de bras, il a d\u00e9montr\u00e9 toute son utilit\u00e9 dans la r\u00e9duction des risques de troubles musculo-squelettiques&#8230;<\/p>\n<ul>\n<li>Poids de la lance 1150 : 325g<\/li>\n<li>D\u00e9bit gaz lance 160kW : 11,77kg\/h<\/li>\n<li>Longueur de la flamme : 1100mm<\/li>\n<li>Diam\u00e8tre de la flamme : 65mm<\/li>\n<li>Puissance \u00e0 4 bar : 162kW<\/li>\n<\/ul>\n<p>Allumage sans briquet !<\/p>\n","protected":false},"excerpt":{"rendered":"<p>Particuli\u00e8rement l\u00e9ger avec moins de 650g en bout de bras, il a d\u00e9montr\u00e9 toute son utilit\u00e9 dans la r\u00e9duction des risques de troubles musculo-squelettiques&#8230;<\/p>\n<ul>\n<li>Poids de la lance 1150 : 325g<\/li>\n<li>D\u00e9bit gaz lance 160kW : 11,77kg\/h<\/li>\n<li>Longueur de la flamme : 1100mm<\/li>\n<li>Diam\u00e8tre de la flamme : 65mm<\/li>\n<li>Puissance \u00e0 4 bar : 162kW<\/li>\n<\/ul>\n<p>Allumage sans briquet !<\/p>\n","protected":false},"featured_media":1096,"comment_status":"open","ping_status":"closed","template":"","meta":{"_monsterinsights_skip_tracking":false,"_monsterinsights_sitenote_active":false,"_monsterinsights_sitenote_note":"","_monsterinsights_sitenote_category":0,"jetpack_publicize_message":"","jetpack_publicize_feature_enabled":true,"jetpack_social_post_already_shared":false,"jetpack_social_options":{"image_generator_settings":{"template":"highway","default_image_id":0,"font":"","enabled":false},"version":2}},"product_brand":[],"product_cat":[86],"product_tag":[],"class_list":{"0":"post-1092","1":"product","2":"type-product","3":"status-publish","6":"product_cat-kits-chalumeaux","8":"first","9":"instock","10":"taxable","11":"shipping-taxable","12":"product-type-simple"},"yoast_head":"<!-- This site is optimized with the Yoast SEO plugin v26.6 - https:\/\/yoast.com\/wordpress\/plugins\/seo\/ -->\n<title>Pistolet chalumeau d&#039;\u00e9tanch\u00e9it\u00e9 RAPTOR 1045 EXPRESS + LANCE 1150 - ETANEC<\/title>\n<meta name=\"robots\" content=\"index, follow, max-snippet:-1, max-image-preview:large, max-video-preview:-1\" \/>\n<link rel=\"canonical\" href=\"https:\/\/etanec.fr\/index.php\/produit\/pistolet-chalumeau-detancheite-raptor-1045-express-lance-1150\/\" \/>\n<meta property=\"og:locale\" content=\"fr_FR\" \/>\n<meta property=\"og:type\" content=\"article\" \/>\n<meta property=\"og:title\" content=\"Pistolet chalumeau d&#039;\u00e9tanch\u00e9it\u00e9 RAPTOR 1045 EXPRESS + LANCE 1150 - ETANEC\" \/>\n<meta property=\"og:description\" content=\"Particuli\u00e8rement l\u00e9ger avec moins de 650g en bout de bras, il a d\u00e9montr\u00e9 toute son utilit\u00e9 dans la r\u00e9duction des risques de troubles musculo-squelettiques...   Poids de la lance 1150 : 325g  D\u00e9bit gaz lance 160kW : 11,77kg\/h  Longueur de la flamme : 1100mm  Diam\u00e8tre de la flamme : 65mm  Puissance \u00e0 4 bar : 162kW  Allumage sans briquet !\" \/>\n<meta property=\"og:url\" content=\"https:\/\/etanec.fr\/index.php\/produit\/pistolet-chalumeau-detancheite-raptor-1045-express-lance-1150\/\" \/>\n<meta property=\"og:site_name\" content=\"ETANEC\" \/>\n<meta property=\"article:modified_time\" content=\"2022-12-21T11:02:12+00:00\" \/>\n<meta property=\"og:image\" content=\"https:\/\/i0.wp.com\/etanec.fr\/wp-content\/uploads\/2022\/11\/1045_Raptor_trois_quart-450x300-1.jpg?fit=450%2C300&ssl=1\" \/>\n\t<meta property=\"og:image:width\" content=\"450\" \/>\n\t<meta property=\"og:image:height\" content=\"300\" \/>\n\t<meta property=\"og:image:type\" content=\"image\/jpeg\" \/>\n<meta name=\"twitter:card\" content=\"summary_large_image\" \/>\n<meta name=\"twitter:label1\" content=\"Dur\u00e9e de lecture estim\u00e9e\" \/>\n\t<meta name=\"twitter:data1\" content=\"1 minute\" \/>\n<script type=\"application\/ld+json\" class=\"yoast-schema-graph\">{\"@context\":\"https:\/\/schema.org\",\"@graph\":[{\"@type\":\"WebPage\",\"@id\":\"https:\/\/etanec.fr\/index.php\/produit\/pistolet-chalumeau-detancheite-raptor-1045-express-lance-1150\/\",\"url\":\"https:\/\/etanec.fr\/index.php\/produit\/pistolet-chalumeau-detancheite-raptor-1045-express-lance-1150\/\",\"name\":\"Pistolet chalumeau d'\u00e9tanch\u00e9it\u00e9 RAPTOR 1045 EXPRESS + LANCE 1150 - ETANEC\",\"isPartOf\":{\"@id\":\"https:\/\/etanec.fr\/#website\"},\"primaryImageOfPage\":{\"@id\":\"https:\/\/etanec.fr\/index.php\/produit\/pistolet-chalumeau-detancheite-raptor-1045-express-lance-1150\/#primaryimage\"},\"image\":{\"@id\":\"https:\/\/etanec.fr\/index.php\/produit\/pistolet-chalumeau-detancheite-raptor-1045-express-lance-1150\/#primaryimage\"},\"thumbnailUrl\":\"https:\/\/i0.wp.com\/etanec.fr\/wp-content\/uploads\/2022\/11\/1045_Raptor_trois_quart-450x300-1.jpg?fit=450%2C300\",\"datePublished\":\"2022-12-21T11:02:11+00:00\",\"dateModified\":\"2022-12-21T11:02:12+00:00\",\"breadcrumb\":{\"@id\":\"https:\/\/etanec.fr\/index.php\/produit\/pistolet-chalumeau-detancheite-raptor-1045-express-lance-1150\/#breadcrumb\"},\"inLanguage\":\"fr-FR\",\"potentialAction\":[{\"@type\":\"ReadAction\",\"target\":[\"https:\/\/etanec.fr\/index.php\/produit\/pistolet-chalumeau-detancheite-raptor-1045-express-lance-1150\/\"]}]},{\"@type\":\"ImageObject\",\"inLanguage\":\"fr-FR\",\"@id\":\"https:\/\/etanec.fr\/index.php\/produit\/pistolet-chalumeau-detancheite-raptor-1045-express-lance-1150\/#primaryimage\",\"url\":\"https:\/\/i0.wp.com\/etanec.fr\/wp-content\/uploads\/2022\/11\/1045_Raptor_trois_quart-450x300-1.jpg?fit=450%2C300\",\"contentUrl\":\"https:\/\/i0.wp.com\/etanec.fr\/wp-content\/uploads\/2022\/11\/1045_Raptor_trois_quart-450x300-1.jpg?fit=450%2C300\",\"width\":450,\"height\":300},{\"@type\":\"BreadcrumbList\",\"@id\":\"https:\/\/etanec.fr\/index.php\/produit\/pistolet-chalumeau-detancheite-raptor-1045-express-lance-1150\/#breadcrumb\",\"itemListElement\":[{\"@type\":\"ListItem\",\"position\":1,\"name\":\"Accueil\",\"item\":\"https:\/\/etanec.fr\/\"},{\"@type\":\"ListItem\",\"position\":2,\"name\":\"Gamme de produits\",\"item\":\"https:\/\/etanec.fr\/index.php\/boutique\/\"},{\"@type\":\"ListItem\",\"position\":3,\"name\":\"Pistolet chalumeau d&rsquo;\u00e9tanch\u00e9it\u00e9 RAPTOR 1045 EXPRESS + LANCE 1150\"}]},{\"@type\":\"WebSite\",\"@id\":\"https:\/\/etanec.fr\/#website\",\"url\":\"https:\/\/etanec.fr\/\",\"name\":\"etanec.fr\",\"description\":\"Votre Solution en Outillage &amp; Fixation Enveloppe du batiment\",\"publisher\":{\"@id\":\"https:\/\/etanec.fr\/#organization\"},\"potentialAction\":[{\"@type\":\"SearchAction\",\"target\":{\"@type\":\"EntryPoint\",\"urlTemplate\":\"https:\/\/etanec.fr\/?s={search_term_string}\"},\"query-input\":{\"@type\":\"PropertyValueSpecification\",\"valueRequired\":true,\"valueName\":\"search_term_string\"}}],\"inLanguage\":\"fr-FR\"},{\"@type\":\"Organization\",\"@id\":\"https:\/\/etanec.fr\/#organization\",\"name\":\"etanec.fr\",\"url\":\"https:\/\/etanec.fr\/\",\"logo\":{\"@type\":\"ImageObject\",\"inLanguage\":\"fr-FR\",\"@id\":\"https:\/\/etanec.fr\/#\/schema\/logo\/image\/\",\"url\":\"https:\/\/i0.wp.com\/etanec.fr\/wp-content\/uploads\/2017\/11\/cropped-cropped-cropped-ETANEC-LOGO-2017-RVBTRANSP-HD-e1509965316759.png?fit=350%2C75\",\"contentUrl\":\"https:\/\/i0.wp.com\/etanec.fr\/wp-content\/uploads\/2017\/11\/cropped-cropped-cropped-ETANEC-LOGO-2017-RVBTRANSP-HD-e1509965316759.png?fit=350%2C75\",\"width\":350,\"height\":75,\"caption\":\"etanec.fr\"},\"image\":{\"@id\":\"https:\/\/etanec.fr\/#\/schema\/logo\/image\/\"},\"sameAs\":[\"https:\/\/www.linkedin.com\/company\/etanecgroup\/?viewAsMember=true\"]}]}<\/script>\n<!-- \/ Yoast SEO plugin. -->","yoast_head_json":{"title":"Pistolet chalumeau d'\u00e9tanch\u00e9it\u00e9 RAPTOR 1045 EXPRESS + LANCE 1150 - ETANEC","robots":{"index":"index","follow":"follow","max-snippet":"max-snippet:-1","max-image-preview":"max-image-preview:large","max-video-preview":"max-video-preview:-1"},"canonical":"https:\/\/etanec.fr\/index.php\/produit\/pistolet-chalumeau-detancheite-raptor-1045-express-lance-1150\/","og_locale":"fr_FR","og_type":"article","og_title":"Pistolet chalumeau d'\u00e9tanch\u00e9it\u00e9 RAPTOR 1045 EXPRESS + LANCE 1150 - ETANEC","og_description":"Particuli\u00e8rement l\u00e9ger avec moins de 650g en bout de bras, il a d\u00e9montr\u00e9 toute son utilit\u00e9 dans la r\u00e9duction des risques de troubles musculo-squelettiques...   Poids de la lance 1150 : 325g  D\u00e9bit gaz lance 160kW : 11,77kg\/h  Longueur de la flamme : 1100mm  Diam\u00e8tre de la flamme : 65mm  Puissance \u00e0 4 bar : 162kW  Allumage sans briquet !","og_url":"https:\/\/etanec.fr\/index.php\/produit\/pistolet-chalumeau-detancheite-raptor-1045-express-lance-1150\/","og_site_name":"ETANEC","article_modified_time":"2022-12-21T11:02:12+00:00","og_image":[{"width":450,"height":300,"url":"https:\/\/i0.wp.com\/etanec.fr\/wp-content\/uploads\/2022\/11\/1045_Raptor_trois_quart-450x300-1.jpg?fit=450%2C300&ssl=1","type":"image\/jpeg"}],"twitter_card":"summary_large_image","twitter_misc":{"Dur\u00e9e de lecture estim\u00e9e":"1 minute"},"schema":{"@context":"https:\/\/schema.org","@graph":[{"@type":"WebPage","@id":"https:\/\/etanec.fr\/index.php\/produit\/pistolet-chalumeau-detancheite-raptor-1045-express-lance-1150\/","url":"https:\/\/etanec.fr\/index.php\/produit\/pistolet-chalumeau-detancheite-raptor-1045-express-lance-1150\/","name":"Pistolet chalumeau d'\u00e9tanch\u00e9it\u00e9 RAPTOR 1045 EXPRESS + LANCE 1150 - ETANEC","isPartOf":{"@id":"https:\/\/etanec.fr\/#website"},"primaryImageOfPage":{"@id":"https:\/\/etanec.fr\/index.php\/produit\/pistolet-chalumeau-detancheite-raptor-1045-express-lance-1150\/#primaryimage"},"image":{"@id":"https:\/\/etanec.fr\/index.php\/produit\/pistolet-chalumeau-detancheite-raptor-1045-express-lance-1150\/#primaryimage"},"thumbnailUrl":"https:\/\/i0.wp.com\/etanec.fr\/wp-content\/uploads\/2022\/11\/1045_Raptor_trois_quart-450x300-1.jpg?fit=450%2C300","datePublished":"2022-12-21T11:02:11+00:00","dateModified":"2022-12-21T11:02:12+00:00","breadcrumb":{"@id":"https:\/\/etanec.fr\/index.php\/produit\/pistolet-chalumeau-detancheite-raptor-1045-express-lance-1150\/#breadcrumb"},"inLanguage":"fr-FR","potentialAction":[{"@type":"ReadAction","target":["https:\/\/etanec.fr\/index.php\/produit\/pistolet-chalumeau-detancheite-raptor-1045-express-lance-1150\/"]}]},{"@type":"ImageObject","inLanguage":"fr-FR","@id":"https:\/\/etanec.fr\/index.php\/produit\/pistolet-chalumeau-detancheite-raptor-1045-express-lance-1150\/#primaryimage","url":"https:\/\/i0.wp.com\/etanec.fr\/wp-content\/uploads\/2022\/11\/1045_Raptor_trois_quart-450x300-1.jpg?fit=450%2C300","contentUrl":"https:\/\/i0.wp.com\/etanec.fr\/wp-content\/uploads\/2022\/11\/1045_Raptor_trois_quart-450x300-1.jpg?fit=450%2C300","width":450,"height":300},{"@type":"BreadcrumbList","@id":"https:\/\/etanec.fr\/index.php\/produit\/pistolet-chalumeau-detancheite-raptor-1045-express-lance-1150\/#breadcrumb","itemListElement":[{"@type":"ListItem","position":1,"name":"Accueil","item":"https:\/\/etanec.fr\/"},{"@type":"ListItem","position":2,"name":"Gamme de produits","item":"https:\/\/etanec.fr\/index.php\/boutique\/"},{"@type":"ListItem","position":3,"name":"Pistolet chalumeau d&rsquo;\u00e9tanch\u00e9it\u00e9 RAPTOR 1045 EXPRESS + LANCE 1150"}]},{"@type":"WebSite","@id":"https:\/\/etanec.fr\/#website","url":"https:\/\/etanec.fr\/","name":"etanec.fr","description":"Votre Solution en Outillage &amp; Fixation Enveloppe du batiment","publisher":{"@id":"https:\/\/etanec.fr\/#organization"},"potentialAction":[{"@type":"SearchAction","target":{"@type":"EntryPoint","urlTemplate":"https:\/\/etanec.fr\/?s={search_term_string}"},"query-input":{"@type":"PropertyValueSpecification","valueRequired":true,"valueName":"search_term_string"}}],"inLanguage":"fr-FR"},{"@type":"Organization","@id":"https:\/\/etanec.fr\/#organization","name":"etanec.fr","url":"https:\/\/etanec.fr\/","logo":{"@type":"ImageObject","inLanguage":"fr-FR","@id":"https:\/\/etanec.fr\/#\/schema\/logo\/image\/","url":"https:\/\/i0.wp.com\/etanec.fr\/wp-content\/uploads\/2017\/11\/cropped-cropped-cropped-ETANEC-LOGO-2017-RVBTRANSP-HD-e1509965316759.png?fit=350%2C75","contentUrl":"https:\/\/i0.wp.com\/etanec.fr\/wp-content\/uploads\/2017\/11\/cropped-cropped-cropped-ETANEC-LOGO-2017-RVBTRANSP-HD-e1509965316759.png?fit=350%2C75","width":350,"height":75,"caption":"etanec.fr"},"image":{"@id":"https:\/\/etanec.fr\/#\/schema\/logo\/image\/"},"sameAs":["https:\/\/www.linkedin.com\/company\/etanecgroup\/?viewAsMember=true"]}]}},"jetpack_publicize_connections":[],"jetpack_sharing_enabled":true,"_links":{"self":[{"href":"http:\/\/etanec.fr\/index.php\/wp-json\/wp\/v2\/product\/1092","targetHints":{"allow":["GET"]}}],"collection":[{"href":"http:\/\/etanec.fr\/index.php\/wp-json\/wp\/v2\/product"}],"about":[{"href":"http:\/\/etanec.fr\/index.php\/wp-json\/wp\/v2\/types\/product"}],"replies":[{"embeddable":true,"href":"http:\/\/etanec.fr\/index.php\/wp-json\/wp\/v2\/comments?post=1092"}],"version-history":[{"count":2,"href":"http:\/\/etanec.fr\/index.php\/wp-json\/wp\/v2\/product\/1092\/revisions"}],"predecessor-version":[{"id":5922,"href":"http:\/\/etanec.fr\/index.php\/wp-json\/wp\/v2\/product\/1092\/revisions\/5922"}],"wp:featuredmedia":[{"embeddable":true,"href":"http:\/\/etanec.fr\/index.php\/wp-json\/wp\/v2\/media\/1096"}],"wp:attachment":[{"href":"http:\/\/etanec.fr\/index.php\/wp-json\/wp\/v2\/media?parent=1092"}],"wp:term":[{"taxonomy":"product_brand","embeddable":true,"href":"http:\/\/etanec.fr\/index.php\/wp-json\/wp\/v2\/product_brand?post=1092"},{"taxonomy":"product_cat","embeddable":true,"href":"http:\/\/etanec.fr\/index.php\/wp-json\/wp\/v2\/product_cat?post=1092"},{"taxonomy":"product_tag","embeddable":true,"href":"http:\/\/etanec.fr\/index.php\/wp-json\/wp\/v2\/product_tag?post=1092"}],"curies":[{"name":"wp","href":"https:\/\/api.w.org\/{rel}","templated":true}]}}