{"id":1123,"date":"2022-12-21T15:05:41","date_gmt":"2022-12-21T14:05:41","guid":{"rendered":"http:\/\/etanec.fr\/?post_type=product&#038;p=1123"},"modified":"2022-12-21T15:05:42","modified_gmt":"2022-12-21T14:05:42","slug":"lance-detancheite-titane-r-150rl400","status":"publish","type":"product","link":"http:\/\/etanec.fr\/index.php\/produit\/lance-detancheite-titane-r-150rl400\/","title":{"rendered":"Lance d\u2019\u00e9tanch\u00e9it\u00e9 Titane R 150RL400"},"content":{"rendered":"<p>Destin\u00e9e \u00e0 tous\u00a0<strong>les \u00e9tancheurs<\/strong> \u00e0 la recherche d\u2019un produit adaptable sur la fameuse poign\u00e9e Raptor, cette\u00a0<strong>lance TITANE R ,<\/strong>\u00a0avec son col de 400 mm et sa puissance<strong>\u00a0de 150 kW \u00e0 4 bar<\/strong>, est une composante essentielle du\u00a0<strong>pistolet d\u2019\u00e9tanch\u00e9it\u00e9 TITANE R<\/strong><strong>.<\/strong><\/p>\n<p>Avec son\u00a0<strong>godet en Titane<\/strong>, mat\u00e9riau de la conqu\u00eate spatiale, ultra puissante et ultra r\u00e9sistante, cette\u00a0<strong>lance pour \u00e9tancheur<\/strong>\u00a0offre une l\u00e9g\u00e8ret\u00e9 et une maniabilit\u00e9 que requi\u00e8rent des interventions ext\u00e9rieures exigeant pr\u00e9cision et r\u00e9gularit\u00e9 de flamme.<\/p>\n<ul>\n<li><span class=\"label-attri\">Puissance (kW)<\/span> : 150<\/li>\n<li><span class=\"label-attri\">Longueur (mm)<\/span> : 400<\/li>\n<li><span class=\"label-attri\">Diam\u00e8tre de la tuy\u00e8re (mm)<\/span> : 70<\/li>\n<li><span class=\"label-attri\">Consommation (g\/h)<\/span> : 10860<\/li>\n<li><span class=\"label-attri\">Poids (g)<\/span>\u00a0: 320<\/li>\n<\/ul>\n","protected":false},"excerpt":{"rendered":"<p>Destin\u00e9e \u00e0 tous\u00a0<strong>les \u00e9tancheurs<\/strong> \u00e0 la recherche d\u2019un produit adaptable sur la fameuse poign\u00e9e Raptor, cette\u00a0<strong>lance TITANE R ,<\/strong>\u00a0avec son col de 400 mm et sa puissance<strong>\u00a0de 150 kW \u00e0 4 bar<\/strong>, est une composante essentielle du\u00a0<strong>pistolet d\u2019\u00e9tanch\u00e9it\u00e9 TITANE R<\/strong><strong>.<\/strong><\/p>\n<p>Avec son\u00a0<strong>godet en Titane<\/strong>, mat\u00e9riau de la conqu\u00eate spatiale, ultra puissante et ultra r\u00e9sistante, cette\u00a0<strong>lance pour \u00e9tancheur<\/strong>\u00a0offre une l\u00e9g\u00e8ret\u00e9 et une maniabilit\u00e9 que requi\u00e8rent des interventions ext\u00e9rieures exigeant pr\u00e9cision et r\u00e9gularit\u00e9 de flamme.<\/p>\n<ul>\n<li><span class=\"label-attri\">Puissance (kW)<\/span> : 150<\/li>\n<li><span class=\"label-attri\">Longueur (mm)<\/span> : 400<\/li>\n<li><span class=\"label-attri\">Diam\u00e8tre de la tuy\u00e8re (mm)<\/span> : 70<\/li>\n<li><span class=\"label-attri\">Consommation (g\/h)<\/span> : 10860<\/li>\n<li><span class=\"label-attri\">Poids (g)<\/span>\u00a0: 320<\/li>\n<\/ul>\n","protected":false},"featured_media":1125,"comment_status":"open","ping_status":"closed","template":"","meta":{"_monsterinsights_skip_tracking":false,"_monsterinsights_sitenote_active":false,"_monsterinsights_sitenote_note":"","_monsterinsights_sitenote_category":0,"jetpack_publicize_message":"","jetpack_publicize_feature_enabled":true,"jetpack_social_post_already_shared":false,"jetpack_social_options":{"image_generator_settings":{"template":"highway","default_image_id":0,"font":"","enabled":false},"version":2}},"product_brand":[],"product_cat":[87],"product_tag":[],"class_list":{"0":"post-1123","1":"product","2":"type-product","3":"status-publish","6":"product_cat-accessoires-express","8":"first","9":"instock","10":"taxable","11":"shipping-taxable","12":"product-type-simple"},"yoast_head":"<!-- This site is optimized with the Yoast SEO plugin v26.6 - https:\/\/yoast.com\/wordpress\/plugins\/seo\/ -->\n<title>Lance d\u2019\u00e9tanch\u00e9it\u00e9 Titane R 150RL400 - ETANEC<\/title>\n<meta name=\"robots\" content=\"index, follow, max-snippet:-1, max-image-preview:large, max-video-preview:-1\" \/>\n<link rel=\"canonical\" href=\"http:\/\/etanec.fr\/index.php\/produit\/lance-detancheite-titane-r-150rl400\/\" \/>\n<meta property=\"og:locale\" content=\"fr_FR\" \/>\n<meta property=\"og:type\" content=\"article\" \/>\n<meta property=\"og:title\" content=\"Lance d\u2019\u00e9tanch\u00e9it\u00e9 Titane R 150RL400 - ETANEC\" \/>\n<meta property=\"og:description\" content=\"Destin\u00e9e \u00e0 tous\u00a0les \u00e9tancheurs \u00e0 la recherche d\u2019un produit adaptable sur la fameuse poign\u00e9e Raptor, cette\u00a0lance TITANE R ,\u00a0avec son col de 400 mm et sa puissance\u00a0de 150 kW \u00e0 4 bar, est une composante essentielle du\u00a0pistolet d\u2019\u00e9tanch\u00e9it\u00e9 TITANE R.  Avec son\u00a0godet en Titane, mat\u00e9riau de la conqu\u00eate spatiale, ultra puissante et ultra r\u00e9sistante, cette\u00a0lance pour \u00e9tancheur\u00a0offre une l\u00e9g\u00e8ret\u00e9 et une maniabilit\u00e9 que requi\u00e8rent des interventions ext\u00e9rieures exigeant pr\u00e9cision et r\u00e9gularit\u00e9 de flamme.   Puissance (kW) : 150  Longueur (mm) : 400  Diam\u00e8tre de la tuy\u00e8re (mm) : 70  Consommation (g\/h) : 10860  Poids (g)\u00a0: 320\" \/>\n<meta property=\"og:url\" content=\"http:\/\/etanec.fr\/index.php\/produit\/lance-detancheite-titane-r-150rl400\/\" \/>\n<meta property=\"og:site_name\" content=\"ETANEC\" \/>\n<meta property=\"article:modified_time\" content=\"2022-12-21T14:05:42+00:00\" \/>\n<meta property=\"og:image\" content=\"https:\/\/i0.wp.com\/etanec.fr\/wp-content\/uploads\/2022\/11\/150RL400-450x349-1.jpg?fit=450%2C450\" \/>\n\t<meta property=\"og:image:width\" content=\"450\" \/>\n\t<meta property=\"og:image:height\" content=\"450\" \/>\n\t<meta property=\"og:image:type\" content=\"image\/jpeg\" \/>\n<meta name=\"twitter:card\" content=\"summary_large_image\" \/>\n<meta name=\"twitter:label1\" content=\"Dur\u00e9e de lecture estim\u00e9e\" \/>\n\t<meta name=\"twitter:data1\" content=\"1 minute\" \/>\n<script type=\"application\/ld+json\" class=\"yoast-schema-graph\">{\"@context\":\"https:\/\/schema.org\",\"@graph\":[{\"@type\":\"WebPage\",\"@id\":\"http:\/\/etanec.fr\/index.php\/produit\/lance-detancheite-titane-r-150rl400\/\",\"url\":\"http:\/\/etanec.fr\/index.php\/produit\/lance-detancheite-titane-r-150rl400\/\",\"name\":\"Lance d\u2019\u00e9tanch\u00e9it\u00e9 Titane R 150RL400 - ETANEC\",\"isPartOf\":{\"@id\":\"https:\/\/etanec.fr\/#website\"},\"primaryImageOfPage\":{\"@id\":\"http:\/\/etanec.fr\/index.php\/produit\/lance-detancheite-titane-r-150rl400\/#primaryimage\"},\"image\":{\"@id\":\"http:\/\/etanec.fr\/index.php\/produit\/lance-detancheite-titane-r-150rl400\/#primaryimage\"},\"thumbnailUrl\":\"https:\/\/i0.wp.com\/etanec.fr\/wp-content\/uploads\/2022\/11\/150RL400-450x349-1.jpg?fit=450%2C450\",\"datePublished\":\"2022-12-21T14:05:41+00:00\",\"dateModified\":\"2022-12-21T14:05:42+00:00\",\"breadcrumb\":{\"@id\":\"http:\/\/etanec.fr\/index.php\/produit\/lance-detancheite-titane-r-150rl400\/#breadcrumb\"},\"inLanguage\":\"fr-FR\",\"potentialAction\":[{\"@type\":\"ReadAction\",\"target\":[\"http:\/\/etanec.fr\/index.php\/produit\/lance-detancheite-titane-r-150rl400\/\"]}]},{\"@type\":\"ImageObject\",\"inLanguage\":\"fr-FR\",\"@id\":\"http:\/\/etanec.fr\/index.php\/produit\/lance-detancheite-titane-r-150rl400\/#primaryimage\",\"url\":\"https:\/\/i0.wp.com\/etanec.fr\/wp-content\/uploads\/2022\/11\/150RL400-450x349-1.jpg?fit=450%2C450\",\"contentUrl\":\"https:\/\/i0.wp.com\/etanec.fr\/wp-content\/uploads\/2022\/11\/150RL400-450x349-1.jpg?fit=450%2C450\",\"width\":450,\"height\":450},{\"@type\":\"BreadcrumbList\",\"@id\":\"http:\/\/etanec.fr\/index.php\/produit\/lance-detancheite-titane-r-150rl400\/#breadcrumb\",\"itemListElement\":[{\"@type\":\"ListItem\",\"position\":1,\"name\":\"Accueil\",\"item\":\"https:\/\/etanec.fr\/\"},{\"@type\":\"ListItem\",\"position\":2,\"name\":\"Gamme de produits\",\"item\":\"https:\/\/etanec.fr\/index.php\/boutique\/\"},{\"@type\":\"ListItem\",\"position\":3,\"name\":\"Lance d\u2019\u00e9tanch\u00e9it\u00e9 Titane R 150RL400\"}]},{\"@type\":\"WebSite\",\"@id\":\"https:\/\/etanec.fr\/#website\",\"url\":\"https:\/\/etanec.fr\/\",\"name\":\"etanec.fr\",\"description\":\"Votre Solution en Outillage &amp; Fixation Enveloppe du batiment\",\"publisher\":{\"@id\":\"https:\/\/etanec.fr\/#organization\"},\"potentialAction\":[{\"@type\":\"SearchAction\",\"target\":{\"@type\":\"EntryPoint\",\"urlTemplate\":\"https:\/\/etanec.fr\/?s={search_term_string}\"},\"query-input\":{\"@type\":\"PropertyValueSpecification\",\"valueRequired\":true,\"valueName\":\"search_term_string\"}}],\"inLanguage\":\"fr-FR\"},{\"@type\":\"Organization\",\"@id\":\"https:\/\/etanec.fr\/#organization\",\"name\":\"etanec.fr\",\"url\":\"https:\/\/etanec.fr\/\",\"logo\":{\"@type\":\"ImageObject\",\"inLanguage\":\"fr-FR\",\"@id\":\"https:\/\/etanec.fr\/#\/schema\/logo\/image\/\",\"url\":\"https:\/\/i0.wp.com\/etanec.fr\/wp-content\/uploads\/2017\/11\/cropped-cropped-cropped-ETANEC-LOGO-2017-RVBTRANSP-HD-e1509965316759.png?fit=350%2C75\",\"contentUrl\":\"https:\/\/i0.wp.com\/etanec.fr\/wp-content\/uploads\/2017\/11\/cropped-cropped-cropped-ETANEC-LOGO-2017-RVBTRANSP-HD-e1509965316759.png?fit=350%2C75\",\"width\":350,\"height\":75,\"caption\":\"etanec.fr\"},\"image\":{\"@id\":\"https:\/\/etanec.fr\/#\/schema\/logo\/image\/\"},\"sameAs\":[\"https:\/\/www.linkedin.com\/company\/etanecgroup\/?viewAsMember=true\"]}]}<\/script>\n<!-- \/ Yoast SEO plugin. -->","yoast_head_json":{"title":"Lance d\u2019\u00e9tanch\u00e9it\u00e9 Titane R 150RL400 - ETANEC","robots":{"index":"index","follow":"follow","max-snippet":"max-snippet:-1","max-image-preview":"max-image-preview:large","max-video-preview":"max-video-preview:-1"},"canonical":"http:\/\/etanec.fr\/index.php\/produit\/lance-detancheite-titane-r-150rl400\/","og_locale":"fr_FR","og_type":"article","og_title":"Lance d\u2019\u00e9tanch\u00e9it\u00e9 Titane R 150RL400 - ETANEC","og_description":"Destin\u00e9e \u00e0 tous\u00a0les \u00e9tancheurs \u00e0 la recherche d\u2019un produit adaptable sur la fameuse poign\u00e9e Raptor, cette\u00a0lance TITANE R ,\u00a0avec son col de 400 mm et sa puissance\u00a0de 150 kW \u00e0 4 bar, est une composante essentielle du\u00a0pistolet d\u2019\u00e9tanch\u00e9it\u00e9 TITANE R.  Avec son\u00a0godet en Titane, mat\u00e9riau de la conqu\u00eate spatiale, ultra puissante et ultra r\u00e9sistante, cette\u00a0lance pour \u00e9tancheur\u00a0offre une l\u00e9g\u00e8ret\u00e9 et une maniabilit\u00e9 que requi\u00e8rent des interventions ext\u00e9rieures exigeant pr\u00e9cision et r\u00e9gularit\u00e9 de flamme.   Puissance (kW) : 150  Longueur (mm) : 400  Diam\u00e8tre de la tuy\u00e8re (mm) : 70  Consommation (g\/h) : 10860  Poids (g)\u00a0: 320","og_url":"http:\/\/etanec.fr\/index.php\/produit\/lance-detancheite-titane-r-150rl400\/","og_site_name":"ETANEC","article_modified_time":"2022-12-21T14:05:42+00:00","og_image":[{"width":450,"height":450,"url":"https:\/\/i0.wp.com\/etanec.fr\/wp-content\/uploads\/2022\/11\/150RL400-450x349-1.jpg?fit=450%2C450","type":"image\/jpeg"}],"twitter_card":"summary_large_image","twitter_misc":{"Dur\u00e9e de lecture estim\u00e9e":"1 minute"},"schema":{"@context":"https:\/\/schema.org","@graph":[{"@type":"WebPage","@id":"http:\/\/etanec.fr\/index.php\/produit\/lance-detancheite-titane-r-150rl400\/","url":"http:\/\/etanec.fr\/index.php\/produit\/lance-detancheite-titane-r-150rl400\/","name":"Lance d\u2019\u00e9tanch\u00e9it\u00e9 Titane R 150RL400 - ETANEC","isPartOf":{"@id":"https:\/\/etanec.fr\/#website"},"primaryImageOfPage":{"@id":"http:\/\/etanec.fr\/index.php\/produit\/lance-detancheite-titane-r-150rl400\/#primaryimage"},"image":{"@id":"http:\/\/etanec.fr\/index.php\/produit\/lance-detancheite-titane-r-150rl400\/#primaryimage"},"thumbnailUrl":"https:\/\/i0.wp.com\/etanec.fr\/wp-content\/uploads\/2022\/11\/150RL400-450x349-1.jpg?fit=450%2C450","datePublished":"2022-12-21T14:05:41+00:00","dateModified":"2022-12-21T14:05:42+00:00","breadcrumb":{"@id":"http:\/\/etanec.fr\/index.php\/produit\/lance-detancheite-titane-r-150rl400\/#breadcrumb"},"inLanguage":"fr-FR","potentialAction":[{"@type":"ReadAction","target":["http:\/\/etanec.fr\/index.php\/produit\/lance-detancheite-titane-r-150rl400\/"]}]},{"@type":"ImageObject","inLanguage":"fr-FR","@id":"http:\/\/etanec.fr\/index.php\/produit\/lance-detancheite-titane-r-150rl400\/#primaryimage","url":"https:\/\/i0.wp.com\/etanec.fr\/wp-content\/uploads\/2022\/11\/150RL400-450x349-1.jpg?fit=450%2C450","contentUrl":"https:\/\/i0.wp.com\/etanec.fr\/wp-content\/uploads\/2022\/11\/150RL400-450x349-1.jpg?fit=450%2C450","width":450,"height":450},{"@type":"BreadcrumbList","@id":"http:\/\/etanec.fr\/index.php\/produit\/lance-detancheite-titane-r-150rl400\/#breadcrumb","itemListElement":[{"@type":"ListItem","position":1,"name":"Accueil","item":"https:\/\/etanec.fr\/"},{"@type":"ListItem","position":2,"name":"Gamme de produits","item":"https:\/\/etanec.fr\/index.php\/boutique\/"},{"@type":"ListItem","position":3,"name":"Lance d\u2019\u00e9tanch\u00e9it\u00e9 Titane R 150RL400"}]},{"@type":"WebSite","@id":"https:\/\/etanec.fr\/#website","url":"https:\/\/etanec.fr\/","name":"etanec.fr","description":"Votre Solution en Outillage &amp; Fixation Enveloppe du batiment","publisher":{"@id":"https:\/\/etanec.fr\/#organization"},"potentialAction":[{"@type":"SearchAction","target":{"@type":"EntryPoint","urlTemplate":"https:\/\/etanec.fr\/?s={search_term_string}"},"query-input":{"@type":"PropertyValueSpecification","valueRequired":true,"valueName":"search_term_string"}}],"inLanguage":"fr-FR"},{"@type":"Organization","@id":"https:\/\/etanec.fr\/#organization","name":"etanec.fr","url":"https:\/\/etanec.fr\/","logo":{"@type":"ImageObject","inLanguage":"fr-FR","@id":"https:\/\/etanec.fr\/#\/schema\/logo\/image\/","url":"https:\/\/i0.wp.com\/etanec.fr\/wp-content\/uploads\/2017\/11\/cropped-cropped-cropped-ETANEC-LOGO-2017-RVBTRANSP-HD-e1509965316759.png?fit=350%2C75","contentUrl":"https:\/\/i0.wp.com\/etanec.fr\/wp-content\/uploads\/2017\/11\/cropped-cropped-cropped-ETANEC-LOGO-2017-RVBTRANSP-HD-e1509965316759.png?fit=350%2C75","width":350,"height":75,"caption":"etanec.fr"},"image":{"@id":"https:\/\/etanec.fr\/#\/schema\/logo\/image\/"},"sameAs":["https:\/\/www.linkedin.com\/company\/etanecgroup\/?viewAsMember=true"]}]}},"jetpack_publicize_connections":[],"jetpack_sharing_enabled":true,"_links":{"self":[{"href":"http:\/\/etanec.fr\/index.php\/wp-json\/wp\/v2\/product\/1123","targetHints":{"allow":["GET"]}}],"collection":[{"href":"http:\/\/etanec.fr\/index.php\/wp-json\/wp\/v2\/product"}],"about":[{"href":"http:\/\/etanec.fr\/index.php\/wp-json\/wp\/v2\/types\/product"}],"replies":[{"embeddable":true,"href":"http:\/\/etanec.fr\/index.php\/wp-json\/wp\/v2\/comments?post=1123"}],"version-history":[{"count":1,"href":"http:\/\/etanec.fr\/index.php\/wp-json\/wp\/v2\/product\/1123\/revisions"}],"predecessor-version":[{"id":1126,"href":"http:\/\/etanec.fr\/index.php\/wp-json\/wp\/v2\/product\/1123\/revisions\/1126"}],"wp:featuredmedia":[{"embeddable":true,"href":"http:\/\/etanec.fr\/index.php\/wp-json\/wp\/v2\/media\/1125"}],"wp:attachment":[{"href":"http:\/\/etanec.fr\/index.php\/wp-json\/wp\/v2\/media?parent=1123"}],"wp:term":[{"taxonomy":"product_brand","embeddable":true,"href":"http:\/\/etanec.fr\/index.php\/wp-json\/wp\/v2\/product_brand?post=1123"},{"taxonomy":"product_cat","embeddable":true,"href":"http:\/\/etanec.fr\/index.php\/wp-json\/wp\/v2\/product_cat?post=1123"},{"taxonomy":"product_tag","embeddable":true,"href":"http:\/\/etanec.fr\/index.php\/wp-json\/wp\/v2\/product_tag?post=1123"}],"curies":[{"name":"wp","href":"https:\/\/api.w.org\/{rel}","templated":true}]}}