{"id":1142,"date":"2022-12-21T16:50:26","date_gmt":"2022-12-21T15:50:26","guid":{"rendered":"http:\/\/etanec.fr\/?post_type=product&#038;p=1142"},"modified":"2022-12-21T16:50:27","modified_gmt":"2022-12-21T15:50:27","slug":"manche-chalumeau-620cr-express","status":"publish","type":"product","link":"http:\/\/etanec.fr\/index.php\/produit\/manche-chalumeau-620cr-express\/","title":{"rendered":"Manche chalumeau 620CR EXPRESS"},"content":{"rendered":"<p>Ce nouveau manche, gr\u00e2ce \u00e0 son raccord coud\u00e9, permet d&rsquo;\u00e9viter la cassure du tuyau et ainsi prolonge sa dur\u00e9e de vie. Sp\u00e9cial montage rapide du tuyau, il \u00e9vite l&rsquo;enroulement de ce dernier gr\u00e2ce \u00e0 son raccord rapide et tournant<\/p>\n<ul>\n<li>Raccord arri\u00e8re : 3\/8G tournant, + raccord rapide coud\u00e9 45\u00b0<\/li>\n<li>G\u00e2chette : oui<\/li>\n<li>Volant coup de pouce : non<\/li>\n<li>Manche : bi-mati\u00e8re<\/li>\n<li>Robinet : laiton<\/li>\n<\/ul>\n","protected":false},"excerpt":{"rendered":"<p>Ce nouveau manche, gr\u00e2ce \u00e0 son raccord coud\u00e9, permet d&rsquo;\u00e9viter la cassure du tuyau et ainsi prolonge sa dur\u00e9e de vie. Sp\u00e9cial montage rapide du tuyau, il \u00e9vite l&rsquo;enroulement de ce dernier gr\u00e2ce \u00e0 son raccord rapide et tournant<\/p>\n<ul>\n<li>Raccord arri\u00e8re : 3\/8G tournant, + raccord rapide coud\u00e9 45\u00b0<\/li>\n<li>G\u00e2chette : oui<\/li>\n<li>Volant coup de pouce : non<\/li>\n<li>Manche : bi-mati\u00e8re<\/li>\n<li>Robinet : laiton<\/li>\n<\/ul>\n","protected":false},"featured_media":1144,"comment_status":"open","ping_status":"closed","template":"","meta":{"_monsterinsights_skip_tracking":false,"_monsterinsights_sitenote_active":false,"_monsterinsights_sitenote_note":"","_monsterinsights_sitenote_category":0,"jetpack_publicize_message":"","jetpack_publicize_feature_enabled":true,"jetpack_social_post_already_shared":false,"jetpack_social_options":{"image_generator_settings":{"template":"highway","default_image_id":0,"font":"","enabled":false},"version":2}},"product_brand":[],"product_cat":[87],"product_tag":[],"class_list":{"0":"post-1142","1":"product","2":"type-product","3":"status-publish","6":"product_cat-accessoires-express","8":"first","9":"instock","10":"taxable","11":"shipping-taxable","12":"product-type-simple"},"yoast_head":"<!-- This site is optimized with the Yoast SEO plugin v26.6 - https:\/\/yoast.com\/wordpress\/plugins\/seo\/ -->\n<title>Manche chalumeau 620CR EXPRESS - ETANEC<\/title>\n<meta name=\"robots\" content=\"index, follow, max-snippet:-1, max-image-preview:large, max-video-preview:-1\" \/>\n<link rel=\"canonical\" href=\"http:\/\/etanec.fr\/index.php\/produit\/manche-chalumeau-620cr-express\/\" \/>\n<meta property=\"og:locale\" content=\"fr_FR\" \/>\n<meta property=\"og:type\" content=\"article\" \/>\n<meta property=\"og:title\" content=\"Manche chalumeau 620CR EXPRESS - ETANEC\" \/>\n<meta property=\"og:description\" content=\"Ce nouveau manche, gr\u00e2ce \u00e0 son raccord coud\u00e9, permet d&#039;\u00e9viter la cassure du tuyau et ainsi prolonge sa dur\u00e9e de vie. Sp\u00e9cial montage rapide du tuyau, il \u00e9vite l&#039;enroulement de ce dernier gr\u00e2ce \u00e0 son raccord rapide et tournant   Raccord arri\u00e8re : 3\/8G tournant, + raccord rapide coud\u00e9 45\u00b0  G\u00e2chette : oui  Volant coup de pouce : non  Manche : bi-mati\u00e8re  Robinet : laiton\" \/>\n<meta property=\"og:url\" content=\"http:\/\/etanec.fr\/index.php\/produit\/manche-chalumeau-620cr-express\/\" \/>\n<meta property=\"og:site_name\" content=\"ETANEC\" \/>\n<meta property=\"article:modified_time\" content=\"2022-12-21T15:50:27+00:00\" \/>\n<meta property=\"og:image\" content=\"https:\/\/i0.wp.com\/etanec.fr\/wp-content\/uploads\/2022\/11\/620CR_nu-1-450x195-1.jpg?fit=450%2C450\" \/>\n\t<meta property=\"og:image:width\" content=\"450\" \/>\n\t<meta property=\"og:image:height\" content=\"450\" \/>\n\t<meta property=\"og:image:type\" content=\"image\/jpeg\" \/>\n<meta name=\"twitter:card\" content=\"summary_large_image\" \/>\n<meta name=\"twitter:label1\" content=\"Dur\u00e9e de lecture estim\u00e9e\" \/>\n\t<meta name=\"twitter:data1\" content=\"1 minute\" \/>\n<script type=\"application\/ld+json\" class=\"yoast-schema-graph\">{\"@context\":\"https:\/\/schema.org\",\"@graph\":[{\"@type\":\"WebPage\",\"@id\":\"http:\/\/etanec.fr\/index.php\/produit\/manche-chalumeau-620cr-express\/\",\"url\":\"http:\/\/etanec.fr\/index.php\/produit\/manche-chalumeau-620cr-express\/\",\"name\":\"Manche chalumeau 620CR EXPRESS - ETANEC\",\"isPartOf\":{\"@id\":\"http:\/\/etanec.fr\/#website\"},\"primaryImageOfPage\":{\"@id\":\"http:\/\/etanec.fr\/index.php\/produit\/manche-chalumeau-620cr-express\/#primaryimage\"},\"image\":{\"@id\":\"http:\/\/etanec.fr\/index.php\/produit\/manche-chalumeau-620cr-express\/#primaryimage\"},\"thumbnailUrl\":\"https:\/\/i0.wp.com\/etanec.fr\/wp-content\/uploads\/2022\/11\/620CR_nu-1-450x195-1.jpg?fit=450%2C450\",\"datePublished\":\"2022-12-21T15:50:26+00:00\",\"dateModified\":\"2022-12-21T15:50:27+00:00\",\"breadcrumb\":{\"@id\":\"http:\/\/etanec.fr\/index.php\/produit\/manche-chalumeau-620cr-express\/#breadcrumb\"},\"inLanguage\":\"fr-FR\",\"potentialAction\":[{\"@type\":\"ReadAction\",\"target\":[\"http:\/\/etanec.fr\/index.php\/produit\/manche-chalumeau-620cr-express\/\"]}]},{\"@type\":\"ImageObject\",\"inLanguage\":\"fr-FR\",\"@id\":\"http:\/\/etanec.fr\/index.php\/produit\/manche-chalumeau-620cr-express\/#primaryimage\",\"url\":\"https:\/\/i0.wp.com\/etanec.fr\/wp-content\/uploads\/2022\/11\/620CR_nu-1-450x195-1.jpg?fit=450%2C450\",\"contentUrl\":\"https:\/\/i0.wp.com\/etanec.fr\/wp-content\/uploads\/2022\/11\/620CR_nu-1-450x195-1.jpg?fit=450%2C450\",\"width\":450,\"height\":450},{\"@type\":\"BreadcrumbList\",\"@id\":\"http:\/\/etanec.fr\/index.php\/produit\/manche-chalumeau-620cr-express\/#breadcrumb\",\"itemListElement\":[{\"@type\":\"ListItem\",\"position\":1,\"name\":\"Accueil\",\"item\":\"http:\/\/etanec.fr\/\"},{\"@type\":\"ListItem\",\"position\":2,\"name\":\"Gamme de produits\",\"item\":\"http:\/\/etanec.fr\/index.php\/boutique\/\"},{\"@type\":\"ListItem\",\"position\":3,\"name\":\"Manche chalumeau 620CR EXPRESS\"}]},{\"@type\":\"WebSite\",\"@id\":\"http:\/\/etanec.fr\/#website\",\"url\":\"http:\/\/etanec.fr\/\",\"name\":\"etanec.fr\",\"description\":\"Votre Solution en Outillage &amp; Fixation Enveloppe du batiment\",\"publisher\":{\"@id\":\"http:\/\/etanec.fr\/#organization\"},\"potentialAction\":[{\"@type\":\"SearchAction\",\"target\":{\"@type\":\"EntryPoint\",\"urlTemplate\":\"http:\/\/etanec.fr\/?s={search_term_string}\"},\"query-input\":{\"@type\":\"PropertyValueSpecification\",\"valueRequired\":true,\"valueName\":\"search_term_string\"}}],\"inLanguage\":\"fr-FR\"},{\"@type\":\"Organization\",\"@id\":\"http:\/\/etanec.fr\/#organization\",\"name\":\"etanec.fr\",\"url\":\"http:\/\/etanec.fr\/\",\"logo\":{\"@type\":\"ImageObject\",\"inLanguage\":\"fr-FR\",\"@id\":\"http:\/\/etanec.fr\/#\/schema\/logo\/image\/\",\"url\":\"https:\/\/i0.wp.com\/etanec.fr\/wp-content\/uploads\/2017\/11\/cropped-cropped-cropped-ETANEC-LOGO-2017-RVBTRANSP-HD-e1509965316759.png?fit=350%2C75\",\"contentUrl\":\"https:\/\/i0.wp.com\/etanec.fr\/wp-content\/uploads\/2017\/11\/cropped-cropped-cropped-ETANEC-LOGO-2017-RVBTRANSP-HD-e1509965316759.png?fit=350%2C75\",\"width\":350,\"height\":75,\"caption\":\"etanec.fr\"},\"image\":{\"@id\":\"http:\/\/etanec.fr\/#\/schema\/logo\/image\/\"},\"sameAs\":[\"https:\/\/www.linkedin.com\/company\/etanecgroup\/?viewAsMember=true\"]}]}<\/script>\n<!-- \/ Yoast SEO plugin. -->","yoast_head_json":{"title":"Manche chalumeau 620CR EXPRESS - ETANEC","robots":{"index":"index","follow":"follow","max-snippet":"max-snippet:-1","max-image-preview":"max-image-preview:large","max-video-preview":"max-video-preview:-1"},"canonical":"http:\/\/etanec.fr\/index.php\/produit\/manche-chalumeau-620cr-express\/","og_locale":"fr_FR","og_type":"article","og_title":"Manche chalumeau 620CR EXPRESS - ETANEC","og_description":"Ce nouveau manche, gr\u00e2ce \u00e0 son raccord coud\u00e9, permet d'\u00e9viter la cassure du tuyau et ainsi prolonge sa dur\u00e9e de vie. Sp\u00e9cial montage rapide du tuyau, il \u00e9vite l'enroulement de ce dernier gr\u00e2ce \u00e0 son raccord rapide et tournant   Raccord arri\u00e8re : 3\/8G tournant, + raccord rapide coud\u00e9 45\u00b0  G\u00e2chette : oui  Volant coup de pouce : non  Manche : bi-mati\u00e8re  Robinet : laiton","og_url":"http:\/\/etanec.fr\/index.php\/produit\/manche-chalumeau-620cr-express\/","og_site_name":"ETANEC","article_modified_time":"2022-12-21T15:50:27+00:00","og_image":[{"width":450,"height":450,"url":"https:\/\/i0.wp.com\/etanec.fr\/wp-content\/uploads\/2022\/11\/620CR_nu-1-450x195-1.jpg?fit=450%2C450","type":"image\/jpeg"}],"twitter_card":"summary_large_image","twitter_misc":{"Dur\u00e9e de lecture estim\u00e9e":"1 minute"},"schema":{"@context":"https:\/\/schema.org","@graph":[{"@type":"WebPage","@id":"http:\/\/etanec.fr\/index.php\/produit\/manche-chalumeau-620cr-express\/","url":"http:\/\/etanec.fr\/index.php\/produit\/manche-chalumeau-620cr-express\/","name":"Manche chalumeau 620CR EXPRESS - ETANEC","isPartOf":{"@id":"http:\/\/etanec.fr\/#website"},"primaryImageOfPage":{"@id":"http:\/\/etanec.fr\/index.php\/produit\/manche-chalumeau-620cr-express\/#primaryimage"},"image":{"@id":"http:\/\/etanec.fr\/index.php\/produit\/manche-chalumeau-620cr-express\/#primaryimage"},"thumbnailUrl":"https:\/\/i0.wp.com\/etanec.fr\/wp-content\/uploads\/2022\/11\/620CR_nu-1-450x195-1.jpg?fit=450%2C450","datePublished":"2022-12-21T15:50:26+00:00","dateModified":"2022-12-21T15:50:27+00:00","breadcrumb":{"@id":"http:\/\/etanec.fr\/index.php\/produit\/manche-chalumeau-620cr-express\/#breadcrumb"},"inLanguage":"fr-FR","potentialAction":[{"@type":"ReadAction","target":["http:\/\/etanec.fr\/index.php\/produit\/manche-chalumeau-620cr-express\/"]}]},{"@type":"ImageObject","inLanguage":"fr-FR","@id":"http:\/\/etanec.fr\/index.php\/produit\/manche-chalumeau-620cr-express\/#primaryimage","url":"https:\/\/i0.wp.com\/etanec.fr\/wp-content\/uploads\/2022\/11\/620CR_nu-1-450x195-1.jpg?fit=450%2C450","contentUrl":"https:\/\/i0.wp.com\/etanec.fr\/wp-content\/uploads\/2022\/11\/620CR_nu-1-450x195-1.jpg?fit=450%2C450","width":450,"height":450},{"@type":"BreadcrumbList","@id":"http:\/\/etanec.fr\/index.php\/produit\/manche-chalumeau-620cr-express\/#breadcrumb","itemListElement":[{"@type":"ListItem","position":1,"name":"Accueil","item":"http:\/\/etanec.fr\/"},{"@type":"ListItem","position":2,"name":"Gamme de produits","item":"http:\/\/etanec.fr\/index.php\/boutique\/"},{"@type":"ListItem","position":3,"name":"Manche chalumeau 620CR EXPRESS"}]},{"@type":"WebSite","@id":"http:\/\/etanec.fr\/#website","url":"http:\/\/etanec.fr\/","name":"etanec.fr","description":"Votre Solution en Outillage &amp; Fixation Enveloppe du batiment","publisher":{"@id":"http:\/\/etanec.fr\/#organization"},"potentialAction":[{"@type":"SearchAction","target":{"@type":"EntryPoint","urlTemplate":"http:\/\/etanec.fr\/?s={search_term_string}"},"query-input":{"@type":"PropertyValueSpecification","valueRequired":true,"valueName":"search_term_string"}}],"inLanguage":"fr-FR"},{"@type":"Organization","@id":"http:\/\/etanec.fr\/#organization","name":"etanec.fr","url":"http:\/\/etanec.fr\/","logo":{"@type":"ImageObject","inLanguage":"fr-FR","@id":"http:\/\/etanec.fr\/#\/schema\/logo\/image\/","url":"https:\/\/i0.wp.com\/etanec.fr\/wp-content\/uploads\/2017\/11\/cropped-cropped-cropped-ETANEC-LOGO-2017-RVBTRANSP-HD-e1509965316759.png?fit=350%2C75","contentUrl":"https:\/\/i0.wp.com\/etanec.fr\/wp-content\/uploads\/2017\/11\/cropped-cropped-cropped-ETANEC-LOGO-2017-RVBTRANSP-HD-e1509965316759.png?fit=350%2C75","width":350,"height":75,"caption":"etanec.fr"},"image":{"@id":"http:\/\/etanec.fr\/#\/schema\/logo\/image\/"},"sameAs":["https:\/\/www.linkedin.com\/company\/etanecgroup\/?viewAsMember=true"]}]}},"jetpack_publicize_connections":[],"jetpack_sharing_enabled":true,"_links":{"self":[{"href":"http:\/\/etanec.fr\/index.php\/wp-json\/wp\/v2\/product\/1142","targetHints":{"allow":["GET"]}}],"collection":[{"href":"http:\/\/etanec.fr\/index.php\/wp-json\/wp\/v2\/product"}],"about":[{"href":"http:\/\/etanec.fr\/index.php\/wp-json\/wp\/v2\/types\/product"}],"replies":[{"embeddable":true,"href":"http:\/\/etanec.fr\/index.php\/wp-json\/wp\/v2\/comments?post=1142"}],"version-history":[{"count":3,"href":"http:\/\/etanec.fr\/index.php\/wp-json\/wp\/v2\/product\/1142\/revisions"}],"predecessor-version":[{"id":6228,"href":"http:\/\/etanec.fr\/index.php\/wp-json\/wp\/v2\/product\/1142\/revisions\/6228"}],"wp:featuredmedia":[{"embeddable":true,"href":"http:\/\/etanec.fr\/index.php\/wp-json\/wp\/v2\/media\/1144"}],"wp:attachment":[{"href":"http:\/\/etanec.fr\/index.php\/wp-json\/wp\/v2\/media?parent=1142"}],"wp:term":[{"taxonomy":"product_brand","embeddable":true,"href":"http:\/\/etanec.fr\/index.php\/wp-json\/wp\/v2\/product_brand?post=1142"},{"taxonomy":"product_cat","embeddable":true,"href":"http:\/\/etanec.fr\/index.php\/wp-json\/wp\/v2\/product_cat?post=1142"},{"taxonomy":"product_tag","embeddable":true,"href":"http:\/\/etanec.fr\/index.php\/wp-json\/wp\/v2\/product_tag?post=1142"}],"curies":[{"name":"wp","href":"https:\/\/api.w.org\/{rel}","templated":true}]}}