{"id":1431,"date":"2023-01-30T11:57:10","date_gmt":"2023-01-30T10:57:10","guid":{"rendered":"http:\/\/etanec.fr\/?post_type=product&#038;p=1431"},"modified":"2023-01-30T15:33:10","modified_gmt":"2023-01-30T14:33:10","slug":"cle-pipe-debouchee","status":"publish","type":"product","link":"http:\/\/etanec.fr\/index.php\/produit\/cle-pipe-debouchee\/","title":{"rendered":"Cl\u00e9 pipe d\u00e9bouch\u00e9e"},"content":{"rendered":"<p>Cl\u00e9 \u00e0 pipe d\u00e9bouch\u00e9e 12 pans x 6 pans,\u00a0 Le coudage sp\u00e9cifique procure une grande r\u00e9sistance \u00e0 la torsion,\u00a0 Le d\u00e9bouchage permet le passage d&rsquo;une tige filet\u00e9e et l&rsquo;usage d&rsquo;une broche pour augmenter le couple de serrage,\u00a0 Finition chrom\u00e9e vanadium brillant,\u00a0 Poin\u00e7onnage profond dans les t\u00eates m\u00eame en cas de d\u00e9passement de la tige filet\u00e9e.<\/p>\n","protected":false},"excerpt":{"rendered":"<p>Cl\u00e9 \u00e0 pipe d\u00e9bouch\u00e9e 12 pans x 6 pans,\u00a0 Le coudage sp\u00e9cifique procure une grande r\u00e9sistance \u00e0 la torsion,\u00a0 Le d\u00e9bouchage permet le passage d&rsquo;une tige filet\u00e9e et l&rsquo;usage d&rsquo;une broche pour augmenter le couple de serrage,\u00a0 Finition chrom\u00e9e vanadium brillant,\u00a0 Poin\u00e7onnage profond dans les t\u00eates m\u00eame en cas de d\u00e9passement de la tige filet\u00e9e.<\/p>\n","protected":false},"featured_media":1459,"comment_status":"open","ping_status":"closed","template":"","meta":{"_monsterinsights_skip_tracking":false,"_monsterinsights_sitenote_active":false,"_monsterinsights_sitenote_note":"","_monsterinsights_sitenote_category":0,"jetpack_publicize_message":"","jetpack_publicize_feature_enabled":true,"jetpack_social_post_already_shared":false,"jetpack_social_options":{"image_generator_settings":{"template":"highway","default_image_id":0,"font":"","enabled":false},"version":2}},"product_brand":[],"product_cat":[73],"product_tag":[],"class_list":{"0":"post-1431","1":"product","2":"type-product","3":"status-publish","6":"product_cat-outillage","8":"first","9":"instock","10":"taxable","11":"shipping-taxable","12":"purchasable","13":"product-type-variable"},"yoast_head":"<!-- This site is optimized with the Yoast SEO plugin v26.6 - https:\/\/yoast.com\/wordpress\/plugins\/seo\/ -->\n<title>Cl\u00e9 pipe d\u00e9bouch\u00e9e - ETANEC<\/title>\n<meta name=\"robots\" content=\"index, follow, max-snippet:-1, max-image-preview:large, max-video-preview:-1\" \/>\n<link rel=\"canonical\" href=\"http:\/\/etanec.fr\/index.php\/produit\/cle-pipe-debouchee\/\" \/>\n<meta property=\"og:locale\" content=\"fr_FR\" \/>\n<meta property=\"og:type\" content=\"article\" \/>\n<meta property=\"og:title\" content=\"Cl\u00e9 pipe d\u00e9bouch\u00e9e - ETANEC\" \/>\n<meta property=\"og:description\" content=\"Cl\u00e9 \u00e0 pipe d\u00e9bouch\u00e9e 12 pans x 6 pans,\u00a0 Le coudage sp\u00e9cifique procure une grande r\u00e9sistance \u00e0 la torsion,\u00a0 Le d\u00e9bouchage permet le passage d&#039;une tige filet\u00e9e et l&#039;usage d&#039;une broche pour augmenter le couple de serrage,\u00a0 Finition chrom\u00e9e vanadium brillant,\u00a0 Poin\u00e7onnage profond dans les t\u00eates m\u00eame en cas de d\u00e9passement de la tige filet\u00e9e.\" \/>\n<meta property=\"og:url\" content=\"http:\/\/etanec.fr\/index.php\/produit\/cle-pipe-debouchee\/\" \/>\n<meta property=\"og:site_name\" content=\"ETANEC\" \/>\n<meta property=\"article:modified_time\" content=\"2023-01-30T14:33:10+00:00\" \/>\n<meta property=\"og:image\" content=\"https:\/\/i0.wp.com\/etanec.fr\/wp-content\/uploads\/2022\/11\/517-0410.png?fit=600%2C600\" \/>\n\t<meta property=\"og:image:width\" content=\"600\" \/>\n\t<meta property=\"og:image:height\" content=\"600\" \/>\n\t<meta property=\"og:image:type\" content=\"image\/png\" \/>\n<meta name=\"twitter:card\" content=\"summary_large_image\" \/>\n<meta name=\"twitter:label1\" content=\"Dur\u00e9e de lecture estim\u00e9e\" \/>\n\t<meta name=\"twitter:data1\" content=\"1 minute\" \/>\n<script type=\"application\/ld+json\" class=\"yoast-schema-graph\">{\"@context\":\"https:\/\/schema.org\",\"@graph\":[{\"@type\":\"WebPage\",\"@id\":\"http:\/\/etanec.fr\/index.php\/produit\/cle-pipe-debouchee\/\",\"url\":\"http:\/\/etanec.fr\/index.php\/produit\/cle-pipe-debouchee\/\",\"name\":\"Cl\u00e9 pipe d\u00e9bouch\u00e9e - ETANEC\",\"isPartOf\":{\"@id\":\"https:\/\/etanec.fr\/#website\"},\"primaryImageOfPage\":{\"@id\":\"http:\/\/etanec.fr\/index.php\/produit\/cle-pipe-debouchee\/#primaryimage\"},\"image\":{\"@id\":\"http:\/\/etanec.fr\/index.php\/produit\/cle-pipe-debouchee\/#primaryimage\"},\"thumbnailUrl\":\"https:\/\/i0.wp.com\/etanec.fr\/wp-content\/uploads\/2022\/11\/517-0410.png?fit=600%2C600\",\"datePublished\":\"2023-01-30T10:57:10+00:00\",\"dateModified\":\"2023-01-30T14:33:10+00:00\",\"breadcrumb\":{\"@id\":\"http:\/\/etanec.fr\/index.php\/produit\/cle-pipe-debouchee\/#breadcrumb\"},\"inLanguage\":\"fr-FR\",\"potentialAction\":[{\"@type\":\"ReadAction\",\"target\":[\"http:\/\/etanec.fr\/index.php\/produit\/cle-pipe-debouchee\/\"]}]},{\"@type\":\"ImageObject\",\"inLanguage\":\"fr-FR\",\"@id\":\"http:\/\/etanec.fr\/index.php\/produit\/cle-pipe-debouchee\/#primaryimage\",\"url\":\"https:\/\/i0.wp.com\/etanec.fr\/wp-content\/uploads\/2022\/11\/517-0410.png?fit=600%2C600\",\"contentUrl\":\"https:\/\/i0.wp.com\/etanec.fr\/wp-content\/uploads\/2022\/11\/517-0410.png?fit=600%2C600\",\"width\":600,\"height\":600},{\"@type\":\"BreadcrumbList\",\"@id\":\"http:\/\/etanec.fr\/index.php\/produit\/cle-pipe-debouchee\/#breadcrumb\",\"itemListElement\":[{\"@type\":\"ListItem\",\"position\":1,\"name\":\"Accueil\",\"item\":\"https:\/\/etanec.fr\/\"},{\"@type\":\"ListItem\",\"position\":2,\"name\":\"Gamme de produits\",\"item\":\"https:\/\/etanec.fr\/index.php\/boutique\/\"},{\"@type\":\"ListItem\",\"position\":3,\"name\":\"Cl\u00e9 pipe d\u00e9bouch\u00e9e\"}]},{\"@type\":\"WebSite\",\"@id\":\"https:\/\/etanec.fr\/#website\",\"url\":\"https:\/\/etanec.fr\/\",\"name\":\"etanec.fr\",\"description\":\"Votre Solution en Outillage &amp; Fixation Enveloppe du batiment\",\"publisher\":{\"@id\":\"https:\/\/etanec.fr\/#organization\"},\"potentialAction\":[{\"@type\":\"SearchAction\",\"target\":{\"@type\":\"EntryPoint\",\"urlTemplate\":\"https:\/\/etanec.fr\/?s={search_term_string}\"},\"query-input\":{\"@type\":\"PropertyValueSpecification\",\"valueRequired\":true,\"valueName\":\"search_term_string\"}}],\"inLanguage\":\"fr-FR\"},{\"@type\":\"Organization\",\"@id\":\"https:\/\/etanec.fr\/#organization\",\"name\":\"etanec.fr\",\"url\":\"https:\/\/etanec.fr\/\",\"logo\":{\"@type\":\"ImageObject\",\"inLanguage\":\"fr-FR\",\"@id\":\"https:\/\/etanec.fr\/#\/schema\/logo\/image\/\",\"url\":\"https:\/\/i0.wp.com\/etanec.fr\/wp-content\/uploads\/2017\/11\/cropped-cropped-cropped-ETANEC-LOGO-2017-RVBTRANSP-HD-e1509965316759.png?fit=350%2C75\",\"contentUrl\":\"https:\/\/i0.wp.com\/etanec.fr\/wp-content\/uploads\/2017\/11\/cropped-cropped-cropped-ETANEC-LOGO-2017-RVBTRANSP-HD-e1509965316759.png?fit=350%2C75\",\"width\":350,\"height\":75,\"caption\":\"etanec.fr\"},\"image\":{\"@id\":\"https:\/\/etanec.fr\/#\/schema\/logo\/image\/\"},\"sameAs\":[\"https:\/\/www.linkedin.com\/company\/etanecgroup\/?viewAsMember=true\"]}]}<\/script>\n<!-- \/ Yoast SEO plugin. -->","yoast_head_json":{"title":"Cl\u00e9 pipe d\u00e9bouch\u00e9e - ETANEC","robots":{"index":"index","follow":"follow","max-snippet":"max-snippet:-1","max-image-preview":"max-image-preview:large","max-video-preview":"max-video-preview:-1"},"canonical":"http:\/\/etanec.fr\/index.php\/produit\/cle-pipe-debouchee\/","og_locale":"fr_FR","og_type":"article","og_title":"Cl\u00e9 pipe d\u00e9bouch\u00e9e - ETANEC","og_description":"Cl\u00e9 \u00e0 pipe d\u00e9bouch\u00e9e 12 pans x 6 pans,\u00a0 Le coudage sp\u00e9cifique procure une grande r\u00e9sistance \u00e0 la torsion,\u00a0 Le d\u00e9bouchage permet le passage d'une tige filet\u00e9e et l'usage d'une broche pour augmenter le couple de serrage,\u00a0 Finition chrom\u00e9e vanadium brillant,\u00a0 Poin\u00e7onnage profond dans les t\u00eates m\u00eame en cas de d\u00e9passement de la tige filet\u00e9e.","og_url":"http:\/\/etanec.fr\/index.php\/produit\/cle-pipe-debouchee\/","og_site_name":"ETANEC","article_modified_time":"2023-01-30T14:33:10+00:00","og_image":[{"width":600,"height":600,"url":"https:\/\/i0.wp.com\/etanec.fr\/wp-content\/uploads\/2022\/11\/517-0410.png?fit=600%2C600","type":"image\/png"}],"twitter_card":"summary_large_image","twitter_misc":{"Dur\u00e9e de lecture estim\u00e9e":"1 minute"},"schema":{"@context":"https:\/\/schema.org","@graph":[{"@type":"WebPage","@id":"http:\/\/etanec.fr\/index.php\/produit\/cle-pipe-debouchee\/","url":"http:\/\/etanec.fr\/index.php\/produit\/cle-pipe-debouchee\/","name":"Cl\u00e9 pipe d\u00e9bouch\u00e9e - ETANEC","isPartOf":{"@id":"https:\/\/etanec.fr\/#website"},"primaryImageOfPage":{"@id":"http:\/\/etanec.fr\/index.php\/produit\/cle-pipe-debouchee\/#primaryimage"},"image":{"@id":"http:\/\/etanec.fr\/index.php\/produit\/cle-pipe-debouchee\/#primaryimage"},"thumbnailUrl":"https:\/\/i0.wp.com\/etanec.fr\/wp-content\/uploads\/2022\/11\/517-0410.png?fit=600%2C600","datePublished":"2023-01-30T10:57:10+00:00","dateModified":"2023-01-30T14:33:10+00:00","breadcrumb":{"@id":"http:\/\/etanec.fr\/index.php\/produit\/cle-pipe-debouchee\/#breadcrumb"},"inLanguage":"fr-FR","potentialAction":[{"@type":"ReadAction","target":["http:\/\/etanec.fr\/index.php\/produit\/cle-pipe-debouchee\/"]}]},{"@type":"ImageObject","inLanguage":"fr-FR","@id":"http:\/\/etanec.fr\/index.php\/produit\/cle-pipe-debouchee\/#primaryimage","url":"https:\/\/i0.wp.com\/etanec.fr\/wp-content\/uploads\/2022\/11\/517-0410.png?fit=600%2C600","contentUrl":"https:\/\/i0.wp.com\/etanec.fr\/wp-content\/uploads\/2022\/11\/517-0410.png?fit=600%2C600","width":600,"height":600},{"@type":"BreadcrumbList","@id":"http:\/\/etanec.fr\/index.php\/produit\/cle-pipe-debouchee\/#breadcrumb","itemListElement":[{"@type":"ListItem","position":1,"name":"Accueil","item":"https:\/\/etanec.fr\/"},{"@type":"ListItem","position":2,"name":"Gamme de produits","item":"https:\/\/etanec.fr\/index.php\/boutique\/"},{"@type":"ListItem","position":3,"name":"Cl\u00e9 pipe d\u00e9bouch\u00e9e"}]},{"@type":"WebSite","@id":"https:\/\/etanec.fr\/#website","url":"https:\/\/etanec.fr\/","name":"etanec.fr","description":"Votre Solution en Outillage &amp; Fixation Enveloppe du batiment","publisher":{"@id":"https:\/\/etanec.fr\/#organization"},"potentialAction":[{"@type":"SearchAction","target":{"@type":"EntryPoint","urlTemplate":"https:\/\/etanec.fr\/?s={search_term_string}"},"query-input":{"@type":"PropertyValueSpecification","valueRequired":true,"valueName":"search_term_string"}}],"inLanguage":"fr-FR"},{"@type":"Organization","@id":"https:\/\/etanec.fr\/#organization","name":"etanec.fr","url":"https:\/\/etanec.fr\/","logo":{"@type":"ImageObject","inLanguage":"fr-FR","@id":"https:\/\/etanec.fr\/#\/schema\/logo\/image\/","url":"https:\/\/i0.wp.com\/etanec.fr\/wp-content\/uploads\/2017\/11\/cropped-cropped-cropped-ETANEC-LOGO-2017-RVBTRANSP-HD-e1509965316759.png?fit=350%2C75","contentUrl":"https:\/\/i0.wp.com\/etanec.fr\/wp-content\/uploads\/2017\/11\/cropped-cropped-cropped-ETANEC-LOGO-2017-RVBTRANSP-HD-e1509965316759.png?fit=350%2C75","width":350,"height":75,"caption":"etanec.fr"},"image":{"@id":"https:\/\/etanec.fr\/#\/schema\/logo\/image\/"},"sameAs":["https:\/\/www.linkedin.com\/company\/etanecgroup\/?viewAsMember=true"]}]}},"jetpack_publicize_connections":[],"jetpack_sharing_enabled":true,"_links":{"self":[{"href":"http:\/\/etanec.fr\/index.php\/wp-json\/wp\/v2\/product\/1431","targetHints":{"allow":["GET"]}}],"collection":[{"href":"http:\/\/etanec.fr\/index.php\/wp-json\/wp\/v2\/product"}],"about":[{"href":"http:\/\/etanec.fr\/index.php\/wp-json\/wp\/v2\/types\/product"}],"replies":[{"embeddable":true,"href":"http:\/\/etanec.fr\/index.php\/wp-json\/wp\/v2\/comments?post=1431"}],"version-history":[{"count":2,"href":"http:\/\/etanec.fr\/index.php\/wp-json\/wp\/v2\/product\/1431\/revisions"}],"predecessor-version":[{"id":6348,"href":"http:\/\/etanec.fr\/index.php\/wp-json\/wp\/v2\/product\/1431\/revisions\/6348"}],"wp:featuredmedia":[{"embeddable":true,"href":"http:\/\/etanec.fr\/index.php\/wp-json\/wp\/v2\/media\/1459"}],"wp:attachment":[{"href":"http:\/\/etanec.fr\/index.php\/wp-json\/wp\/v2\/media?parent=1431"}],"wp:term":[{"taxonomy":"product_brand","embeddable":true,"href":"http:\/\/etanec.fr\/index.php\/wp-json\/wp\/v2\/product_brand?post=1431"},{"taxonomy":"product_cat","embeddable":true,"href":"http:\/\/etanec.fr\/index.php\/wp-json\/wp\/v2\/product_cat?post=1431"},{"taxonomy":"product_tag","embeddable":true,"href":"http:\/\/etanec.fr\/index.php\/wp-json\/wp\/v2\/product_tag?post=1431"}],"curies":[{"name":"wp","href":"https:\/\/api.w.org\/{rel}","templated":true}]}}