{"id":1508,"date":"2023-01-13T11:53:57","date_gmt":"2023-01-13T10:53:57","guid":{"rendered":"http:\/\/etanec.fr\/?post_type=product&#038;p=1508"},"modified":"2023-01-13T11:53:58","modified_gmt":"2023-01-13T10:53:58","slug":"coffret-7-cles-mixtes-cliquet-tete-articulee-flexo-o8-19","status":"publish","type":"product","link":"http:\/\/etanec.fr\/index.php\/produit\/coffret-7-cles-mixtes-cliquet-tete-articulee-flexo-o8-19\/","title":{"rendered":"Coffret 7 cl\u00e9s mixtes cliquet t\u00eate articul\u00e9e FLEXO \u00d88-19"},"content":{"rendered":"<p>\u00d8 8 &#8211; 10 &#8211; 11 &#8211; 13 &#8211; 14 &#8211; 17 &#8211; 19 mm<\/p>\n<p><strong>Finition Polie Chrom\u00e9e<\/strong><\/p>\n","protected":false},"excerpt":{"rendered":"<p>\u00d8 8 &#8211; 10 &#8211; 11 &#8211; 13 &#8211; 14 &#8211; 17 &#8211; 19 mm<\/p>\n<p><strong>Finition Polie Chrom\u00e9e<\/strong><\/p>\n","protected":false},"featured_media":1509,"comment_status":"open","ping_status":"closed","template":"","meta":{"_monsterinsights_skip_tracking":false,"_monsterinsights_sitenote_active":false,"_monsterinsights_sitenote_note":"","_monsterinsights_sitenote_category":0,"jetpack_publicize_message":"","jetpack_publicize_feature_enabled":true,"jetpack_social_post_already_shared":false,"jetpack_social_options":{"image_generator_settings":{"template":"highway","default_image_id":0,"font":"","enabled":false},"version":2}},"product_brand":[],"product_cat":[73],"product_tag":[],"class_list":{"0":"post-1508","1":"product","2":"type-product","3":"status-publish","6":"product_cat-outillage","8":"first","9":"instock","10":"taxable","11":"shipping-taxable","12":"product-type-simple"},"yoast_head":"<!-- This site is optimized with the Yoast SEO plugin v26.6 - https:\/\/yoast.com\/wordpress\/plugins\/seo\/ -->\n<title>Coffret 7 cl\u00e9s mixtes cliquet t\u00eate articul\u00e9e FLEXO \u00d88-19 - ETANEC<\/title>\n<meta name=\"robots\" content=\"index, follow, max-snippet:-1, max-image-preview:large, max-video-preview:-1\" \/>\n<link rel=\"canonical\" href=\"http:\/\/etanec.fr\/index.php\/produit\/coffret-7-cles-mixtes-cliquet-tete-articulee-flexo-o8-19\/\" \/>\n<meta property=\"og:locale\" content=\"fr_FR\" \/>\n<meta property=\"og:type\" content=\"article\" \/>\n<meta property=\"og:title\" content=\"Coffret 7 cl\u00e9s mixtes cliquet t\u00eate articul\u00e9e FLEXO \u00d88-19 - ETANEC\" \/>\n<meta property=\"og:description\" content=\"\u00d8 8 - 10 - 11 - 13 - 14 - 17 - 19 mm  Finition Polie Chrom\u00e9e\" \/>\n<meta property=\"og:url\" content=\"http:\/\/etanec.fr\/index.php\/produit\/coffret-7-cles-mixtes-cliquet-tete-articulee-flexo-o8-19\/\" \/>\n<meta property=\"og:site_name\" content=\"ETANEC\" \/>\n<meta property=\"article:modified_time\" content=\"2023-01-13T10:53:58+00:00\" \/>\n<meta property=\"og:image\" content=\"https:\/\/i0.wp.com\/etanec.fr\/wp-content\/uploads\/2022\/11\/f173504_610x610.jpg?fit=610%2C610\" \/>\n\t<meta property=\"og:image:width\" content=\"610\" \/>\n\t<meta property=\"og:image:height\" content=\"610\" \/>\n\t<meta property=\"og:image:type\" content=\"image\/jpeg\" \/>\n<meta name=\"twitter:card\" content=\"summary_large_image\" \/>\n<meta name=\"twitter:label1\" content=\"Dur\u00e9e de lecture estim\u00e9e\" \/>\n\t<meta name=\"twitter:data1\" content=\"1 minute\" \/>\n<script type=\"application\/ld+json\" class=\"yoast-schema-graph\">{\"@context\":\"https:\/\/schema.org\",\"@graph\":[{\"@type\":\"WebPage\",\"@id\":\"http:\/\/etanec.fr\/index.php\/produit\/coffret-7-cles-mixtes-cliquet-tete-articulee-flexo-o8-19\/\",\"url\":\"http:\/\/etanec.fr\/index.php\/produit\/coffret-7-cles-mixtes-cliquet-tete-articulee-flexo-o8-19\/\",\"name\":\"Coffret 7 cl\u00e9s mixtes cliquet t\u00eate articul\u00e9e FLEXO \u00d88-19 - ETANEC\",\"isPartOf\":{\"@id\":\"http:\/\/etanec.fr\/#website\"},\"primaryImageOfPage\":{\"@id\":\"http:\/\/etanec.fr\/index.php\/produit\/coffret-7-cles-mixtes-cliquet-tete-articulee-flexo-o8-19\/#primaryimage\"},\"image\":{\"@id\":\"http:\/\/etanec.fr\/index.php\/produit\/coffret-7-cles-mixtes-cliquet-tete-articulee-flexo-o8-19\/#primaryimage\"},\"thumbnailUrl\":\"https:\/\/i0.wp.com\/etanec.fr\/wp-content\/uploads\/2022\/11\/f173504_610x610.jpg?fit=610%2C610\",\"datePublished\":\"2023-01-13T10:53:57+00:00\",\"dateModified\":\"2023-01-13T10:53:58+00:00\",\"breadcrumb\":{\"@id\":\"http:\/\/etanec.fr\/index.php\/produit\/coffret-7-cles-mixtes-cliquet-tete-articulee-flexo-o8-19\/#breadcrumb\"},\"inLanguage\":\"fr-FR\",\"potentialAction\":[{\"@type\":\"ReadAction\",\"target\":[\"http:\/\/etanec.fr\/index.php\/produit\/coffret-7-cles-mixtes-cliquet-tete-articulee-flexo-o8-19\/\"]}]},{\"@type\":\"ImageObject\",\"inLanguage\":\"fr-FR\",\"@id\":\"http:\/\/etanec.fr\/index.php\/produit\/coffret-7-cles-mixtes-cliquet-tete-articulee-flexo-o8-19\/#primaryimage\",\"url\":\"https:\/\/i0.wp.com\/etanec.fr\/wp-content\/uploads\/2022\/11\/f173504_610x610.jpg?fit=610%2C610\",\"contentUrl\":\"https:\/\/i0.wp.com\/etanec.fr\/wp-content\/uploads\/2022\/11\/f173504_610x610.jpg?fit=610%2C610\",\"width\":610,\"height\":610},{\"@type\":\"BreadcrumbList\",\"@id\":\"http:\/\/etanec.fr\/index.php\/produit\/coffret-7-cles-mixtes-cliquet-tete-articulee-flexo-o8-19\/#breadcrumb\",\"itemListElement\":[{\"@type\":\"ListItem\",\"position\":1,\"name\":\"Accueil\",\"item\":\"http:\/\/etanec.fr\/\"},{\"@type\":\"ListItem\",\"position\":2,\"name\":\"Gamme de produits\",\"item\":\"http:\/\/etanec.fr\/index.php\/boutique\/\"},{\"@type\":\"ListItem\",\"position\":3,\"name\":\"Coffret 7 cl\u00e9s mixtes cliquet t\u00eate articul\u00e9e FLEXO \u00d88-19\"}]},{\"@type\":\"WebSite\",\"@id\":\"http:\/\/etanec.fr\/#website\",\"url\":\"http:\/\/etanec.fr\/\",\"name\":\"etanec.fr\",\"description\":\"Votre Solution en Outillage &amp; Fixation Enveloppe du batiment\",\"publisher\":{\"@id\":\"http:\/\/etanec.fr\/#organization\"},\"potentialAction\":[{\"@type\":\"SearchAction\",\"target\":{\"@type\":\"EntryPoint\",\"urlTemplate\":\"http:\/\/etanec.fr\/?s={search_term_string}\"},\"query-input\":{\"@type\":\"PropertyValueSpecification\",\"valueRequired\":true,\"valueName\":\"search_term_string\"}}],\"inLanguage\":\"fr-FR\"},{\"@type\":\"Organization\",\"@id\":\"http:\/\/etanec.fr\/#organization\",\"name\":\"etanec.fr\",\"url\":\"http:\/\/etanec.fr\/\",\"logo\":{\"@type\":\"ImageObject\",\"inLanguage\":\"fr-FR\",\"@id\":\"http:\/\/etanec.fr\/#\/schema\/logo\/image\/\",\"url\":\"https:\/\/i0.wp.com\/etanec.fr\/wp-content\/uploads\/2017\/11\/cropped-cropped-cropped-ETANEC-LOGO-2017-RVBTRANSP-HD-e1509965316759.png?fit=350%2C75\",\"contentUrl\":\"https:\/\/i0.wp.com\/etanec.fr\/wp-content\/uploads\/2017\/11\/cropped-cropped-cropped-ETANEC-LOGO-2017-RVBTRANSP-HD-e1509965316759.png?fit=350%2C75\",\"width\":350,\"height\":75,\"caption\":\"etanec.fr\"},\"image\":{\"@id\":\"http:\/\/etanec.fr\/#\/schema\/logo\/image\/\"},\"sameAs\":[\"https:\/\/www.linkedin.com\/company\/etanecgroup\/?viewAsMember=true\"]}]}<\/script>\n<!-- \/ Yoast SEO plugin. -->","yoast_head_json":{"title":"Coffret 7 cl\u00e9s mixtes cliquet t\u00eate articul\u00e9e FLEXO \u00d88-19 - ETANEC","robots":{"index":"index","follow":"follow","max-snippet":"max-snippet:-1","max-image-preview":"max-image-preview:large","max-video-preview":"max-video-preview:-1"},"canonical":"http:\/\/etanec.fr\/index.php\/produit\/coffret-7-cles-mixtes-cliquet-tete-articulee-flexo-o8-19\/","og_locale":"fr_FR","og_type":"article","og_title":"Coffret 7 cl\u00e9s mixtes cliquet t\u00eate articul\u00e9e FLEXO \u00d88-19 - ETANEC","og_description":"\u00d8 8 - 10 - 11 - 13 - 14 - 17 - 19 mm  Finition Polie Chrom\u00e9e","og_url":"http:\/\/etanec.fr\/index.php\/produit\/coffret-7-cles-mixtes-cliquet-tete-articulee-flexo-o8-19\/","og_site_name":"ETANEC","article_modified_time":"2023-01-13T10:53:58+00:00","og_image":[{"width":610,"height":610,"url":"https:\/\/i0.wp.com\/etanec.fr\/wp-content\/uploads\/2022\/11\/f173504_610x610.jpg?fit=610%2C610","type":"image\/jpeg"}],"twitter_card":"summary_large_image","twitter_misc":{"Dur\u00e9e de lecture estim\u00e9e":"1 minute"},"schema":{"@context":"https:\/\/schema.org","@graph":[{"@type":"WebPage","@id":"http:\/\/etanec.fr\/index.php\/produit\/coffret-7-cles-mixtes-cliquet-tete-articulee-flexo-o8-19\/","url":"http:\/\/etanec.fr\/index.php\/produit\/coffret-7-cles-mixtes-cliquet-tete-articulee-flexo-o8-19\/","name":"Coffret 7 cl\u00e9s mixtes cliquet t\u00eate articul\u00e9e FLEXO \u00d88-19 - ETANEC","isPartOf":{"@id":"http:\/\/etanec.fr\/#website"},"primaryImageOfPage":{"@id":"http:\/\/etanec.fr\/index.php\/produit\/coffret-7-cles-mixtes-cliquet-tete-articulee-flexo-o8-19\/#primaryimage"},"image":{"@id":"http:\/\/etanec.fr\/index.php\/produit\/coffret-7-cles-mixtes-cliquet-tete-articulee-flexo-o8-19\/#primaryimage"},"thumbnailUrl":"https:\/\/i0.wp.com\/etanec.fr\/wp-content\/uploads\/2022\/11\/f173504_610x610.jpg?fit=610%2C610","datePublished":"2023-01-13T10:53:57+00:00","dateModified":"2023-01-13T10:53:58+00:00","breadcrumb":{"@id":"http:\/\/etanec.fr\/index.php\/produit\/coffret-7-cles-mixtes-cliquet-tete-articulee-flexo-o8-19\/#breadcrumb"},"inLanguage":"fr-FR","potentialAction":[{"@type":"ReadAction","target":["http:\/\/etanec.fr\/index.php\/produit\/coffret-7-cles-mixtes-cliquet-tete-articulee-flexo-o8-19\/"]}]},{"@type":"ImageObject","inLanguage":"fr-FR","@id":"http:\/\/etanec.fr\/index.php\/produit\/coffret-7-cles-mixtes-cliquet-tete-articulee-flexo-o8-19\/#primaryimage","url":"https:\/\/i0.wp.com\/etanec.fr\/wp-content\/uploads\/2022\/11\/f173504_610x610.jpg?fit=610%2C610","contentUrl":"https:\/\/i0.wp.com\/etanec.fr\/wp-content\/uploads\/2022\/11\/f173504_610x610.jpg?fit=610%2C610","width":610,"height":610},{"@type":"BreadcrumbList","@id":"http:\/\/etanec.fr\/index.php\/produit\/coffret-7-cles-mixtes-cliquet-tete-articulee-flexo-o8-19\/#breadcrumb","itemListElement":[{"@type":"ListItem","position":1,"name":"Accueil","item":"http:\/\/etanec.fr\/"},{"@type":"ListItem","position":2,"name":"Gamme de produits","item":"http:\/\/etanec.fr\/index.php\/boutique\/"},{"@type":"ListItem","position":3,"name":"Coffret 7 cl\u00e9s mixtes cliquet t\u00eate articul\u00e9e FLEXO \u00d88-19"}]},{"@type":"WebSite","@id":"http:\/\/etanec.fr\/#website","url":"http:\/\/etanec.fr\/","name":"etanec.fr","description":"Votre Solution en Outillage &amp; Fixation Enveloppe du batiment","publisher":{"@id":"http:\/\/etanec.fr\/#organization"},"potentialAction":[{"@type":"SearchAction","target":{"@type":"EntryPoint","urlTemplate":"http:\/\/etanec.fr\/?s={search_term_string}"},"query-input":{"@type":"PropertyValueSpecification","valueRequired":true,"valueName":"search_term_string"}}],"inLanguage":"fr-FR"},{"@type":"Organization","@id":"http:\/\/etanec.fr\/#organization","name":"etanec.fr","url":"http:\/\/etanec.fr\/","logo":{"@type":"ImageObject","inLanguage":"fr-FR","@id":"http:\/\/etanec.fr\/#\/schema\/logo\/image\/","url":"https:\/\/i0.wp.com\/etanec.fr\/wp-content\/uploads\/2017\/11\/cropped-cropped-cropped-ETANEC-LOGO-2017-RVBTRANSP-HD-e1509965316759.png?fit=350%2C75","contentUrl":"https:\/\/i0.wp.com\/etanec.fr\/wp-content\/uploads\/2017\/11\/cropped-cropped-cropped-ETANEC-LOGO-2017-RVBTRANSP-HD-e1509965316759.png?fit=350%2C75","width":350,"height":75,"caption":"etanec.fr"},"image":{"@id":"http:\/\/etanec.fr\/#\/schema\/logo\/image\/"},"sameAs":["https:\/\/www.linkedin.com\/company\/etanecgroup\/?viewAsMember=true"]}]}},"jetpack_publicize_connections":[],"jetpack_sharing_enabled":true,"_links":{"self":[{"href":"http:\/\/etanec.fr\/index.php\/wp-json\/wp\/v2\/product\/1508","targetHints":{"allow":["GET"]}}],"collection":[{"href":"http:\/\/etanec.fr\/index.php\/wp-json\/wp\/v2\/product"}],"about":[{"href":"http:\/\/etanec.fr\/index.php\/wp-json\/wp\/v2\/types\/product"}],"replies":[{"embeddable":true,"href":"http:\/\/etanec.fr\/index.php\/wp-json\/wp\/v2\/comments?post=1508"}],"version-history":[{"count":2,"href":"http:\/\/etanec.fr\/index.php\/wp-json\/wp\/v2\/product\/1508\/revisions"}],"predecessor-version":[{"id":6264,"href":"http:\/\/etanec.fr\/index.php\/wp-json\/wp\/v2\/product\/1508\/revisions\/6264"}],"wp:featuredmedia":[{"embeddable":true,"href":"http:\/\/etanec.fr\/index.php\/wp-json\/wp\/v2\/media\/1509"}],"wp:attachment":[{"href":"http:\/\/etanec.fr\/index.php\/wp-json\/wp\/v2\/media?parent=1508"}],"wp:term":[{"taxonomy":"product_brand","embeddable":true,"href":"http:\/\/etanec.fr\/index.php\/wp-json\/wp\/v2\/product_brand?post=1508"},{"taxonomy":"product_cat","embeddable":true,"href":"http:\/\/etanec.fr\/index.php\/wp-json\/wp\/v2\/product_cat?post=1508"},{"taxonomy":"product_tag","embeddable":true,"href":"http:\/\/etanec.fr\/index.php\/wp-json\/wp\/v2\/product_tag?post=1508"}],"curies":[{"name":"wp","href":"https:\/\/api.w.org\/{rel}","templated":true}]}}