{"id":2087,"date":"2023-01-18T15:36:08","date_gmt":"2023-01-18T14:36:08","guid":{"rendered":"http:\/\/etanec.fr\/?post_type=product&#038;p=2087"},"modified":"2023-01-18T15:36:09","modified_gmt":"2023-01-18T14:36:09","slug":"marqueur-inkzall-milwaukee-1-0mm","status":"publish","type":"product","link":"http:\/\/etanec.fr\/index.php\/produit\/marqueur-inkzall-milwaukee-1-0mm\/","title":{"rendered":"Marqueur INKZALL Milwaukee 1.0mm"},"content":{"rendered":"<p>Marqueur avec pointe ultrar\u00e9sistante : \u00e9crit sur le b\u00e9ton, le bois, les m\u00e9taux&#8230; mais aussi sur les surfaces humides, huileuses, rouill\u00e9es ou recouvertes de poussi\u00e8re.\u00a0 Peut rester ouvert plus de 72 heures sans s\u00e9cher.\u00a0 L&rsquo;encre s\u00e8che instantan\u00e9ment &#8211; r\u00e9duit les bavures sur les surfaces en m\u00e9tal ou le PVC.\u00a0 Bouchon avec clip permettant d\u2019\u00eatre solidement attach\u00e9 sur casque, veste&#8230;\u00a0 Ergot anti-roulis emp\u00eachant le marqueur de rouler tout seul.<\/p>\n","protected":false},"excerpt":{"rendered":"<p>Marqueur avec pointe ultrar\u00e9sistante : \u00e9crit sur le b\u00e9ton, le bois, les m\u00e9taux&#8230; mais aussi sur les surfaces humides, huileuses, rouill\u00e9es ou recouvertes de poussi\u00e8re.\u00a0 Peut rester ouvert plus de 72 heures sans s\u00e9cher.\u00a0 L&rsquo;encre s\u00e8che instantan\u00e9ment &#8211; r\u00e9duit les bavures sur les surfaces en m\u00e9tal ou le PVC.\u00a0 Bouchon avec clip permettant d\u2019\u00eatre solidement attach\u00e9 sur casque, veste&#8230; Ergot anti-roulis emp\u00eachant le marqueur de rouler tout seul.<\/p>\n","protected":false},"featured_media":2088,"comment_status":"open","ping_status":"closed","template":"","meta":{"_monsterinsights_skip_tracking":false,"_monsterinsights_sitenote_active":false,"_monsterinsights_sitenote_note":"","_monsterinsights_sitenote_category":0,"jetpack_publicize_message":"","jetpack_publicize_feature_enabled":true,"jetpack_social_post_already_shared":false,"jetpack_social_options":{"image_generator_settings":{"template":"highway","default_image_id":0,"font":"","enabled":false},"version":2}},"product_brand":[],"product_cat":[73],"product_tag":[],"class_list":{"0":"post-2087","1":"product","2":"type-product","3":"status-publish","6":"product_cat-outillage","8":"first","9":"instock","10":"taxable","11":"shipping-taxable","12":"product-type-simple"},"yoast_head":"<!-- This site is optimized with the Yoast SEO plugin v26.6 - https:\/\/yoast.com\/wordpress\/plugins\/seo\/ -->\n<title>Marqueur INKZALL Milwaukee 1.0mm - ETANEC<\/title>\n<meta name=\"robots\" content=\"index, follow, max-snippet:-1, max-image-preview:large, max-video-preview:-1\" \/>\n<link rel=\"canonical\" href=\"http:\/\/etanec.fr\/index.php\/produit\/marqueur-inkzall-milwaukee-1-0mm\/\" \/>\n<meta property=\"og:locale\" content=\"fr_FR\" \/>\n<meta property=\"og:type\" content=\"article\" \/>\n<meta property=\"og:title\" content=\"Marqueur INKZALL Milwaukee 1.0mm - ETANEC\" \/>\n<meta property=\"og:description\" content=\"Marqueur avec pointe ultrar\u00e9sistante : \u00e9crit sur le b\u00e9ton, le bois, les m\u00e9taux... mais aussi sur les surfaces humides, huileuses, rouill\u00e9es ou recouvertes de poussi\u00e8re.\u00a0 Peut rester ouvert plus de 72 heures sans s\u00e9cher.\u00a0 L&#039;encre s\u00e8che instantan\u00e9ment - r\u00e9duit les bavures sur les surfaces en m\u00e9tal ou le PVC.\u00a0 Bouchon avec clip permettant d\u2019\u00eatre solidement attach\u00e9 sur casque, veste... Ergot anti-roulis emp\u00eachant le marqueur de rouler tout seul.\" \/>\n<meta property=\"og:url\" content=\"http:\/\/etanec.fr\/index.php\/produit\/marqueur-inkzall-milwaukee-1-0mm\/\" \/>\n<meta property=\"og:site_name\" content=\"ETANEC\" \/>\n<meta property=\"article:modified_time\" content=\"2023-01-18T14:36:09+00:00\" \/>\n<meta property=\"og:image\" content=\"https:\/\/i0.wp.com\/etanec.fr\/wp-content\/uploads\/2022\/11\/g671213_610x610.jpeg?fit=610%2C610\" \/>\n\t<meta property=\"og:image:width\" content=\"610\" \/>\n\t<meta property=\"og:image:height\" content=\"610\" \/>\n\t<meta property=\"og:image:type\" content=\"image\/jpeg\" \/>\n<meta name=\"twitter:card\" content=\"summary_large_image\" \/>\n<meta name=\"twitter:label1\" content=\"Dur\u00e9e de lecture estim\u00e9e\" \/>\n\t<meta name=\"twitter:data1\" content=\"1 minute\" \/>\n<script type=\"application\/ld+json\" class=\"yoast-schema-graph\">{\"@context\":\"https:\/\/schema.org\",\"@graph\":[{\"@type\":\"WebPage\",\"@id\":\"http:\/\/etanec.fr\/index.php\/produit\/marqueur-inkzall-milwaukee-1-0mm\/\",\"url\":\"http:\/\/etanec.fr\/index.php\/produit\/marqueur-inkzall-milwaukee-1-0mm\/\",\"name\":\"Marqueur INKZALL Milwaukee 1.0mm - ETANEC\",\"isPartOf\":{\"@id\":\"https:\/\/etanec.fr\/#website\"},\"primaryImageOfPage\":{\"@id\":\"http:\/\/etanec.fr\/index.php\/produit\/marqueur-inkzall-milwaukee-1-0mm\/#primaryimage\"},\"image\":{\"@id\":\"http:\/\/etanec.fr\/index.php\/produit\/marqueur-inkzall-milwaukee-1-0mm\/#primaryimage\"},\"thumbnailUrl\":\"https:\/\/i0.wp.com\/etanec.fr\/wp-content\/uploads\/2022\/11\/g671213_610x610.jpeg?fit=610%2C610\",\"datePublished\":\"2023-01-18T14:36:08+00:00\",\"dateModified\":\"2023-01-18T14:36:09+00:00\",\"breadcrumb\":{\"@id\":\"http:\/\/etanec.fr\/index.php\/produit\/marqueur-inkzall-milwaukee-1-0mm\/#breadcrumb\"},\"inLanguage\":\"fr-FR\",\"potentialAction\":[{\"@type\":\"ReadAction\",\"target\":[\"http:\/\/etanec.fr\/index.php\/produit\/marqueur-inkzall-milwaukee-1-0mm\/\"]}]},{\"@type\":\"ImageObject\",\"inLanguage\":\"fr-FR\",\"@id\":\"http:\/\/etanec.fr\/index.php\/produit\/marqueur-inkzall-milwaukee-1-0mm\/#primaryimage\",\"url\":\"https:\/\/i0.wp.com\/etanec.fr\/wp-content\/uploads\/2022\/11\/g671213_610x610.jpeg?fit=610%2C610\",\"contentUrl\":\"https:\/\/i0.wp.com\/etanec.fr\/wp-content\/uploads\/2022\/11\/g671213_610x610.jpeg?fit=610%2C610\",\"width\":610,\"height\":610},{\"@type\":\"BreadcrumbList\",\"@id\":\"http:\/\/etanec.fr\/index.php\/produit\/marqueur-inkzall-milwaukee-1-0mm\/#breadcrumb\",\"itemListElement\":[{\"@type\":\"ListItem\",\"position\":1,\"name\":\"Accueil\",\"item\":\"https:\/\/etanec.fr\/\"},{\"@type\":\"ListItem\",\"position\":2,\"name\":\"Gamme de produits\",\"item\":\"https:\/\/etanec.fr\/index.php\/boutique\/\"},{\"@type\":\"ListItem\",\"position\":3,\"name\":\"Marqueur INKZALL Milwaukee 1.0mm\"}]},{\"@type\":\"WebSite\",\"@id\":\"https:\/\/etanec.fr\/#website\",\"url\":\"https:\/\/etanec.fr\/\",\"name\":\"etanec.fr\",\"description\":\"Votre Solution en Outillage &amp; Fixation Enveloppe du batiment\",\"publisher\":{\"@id\":\"https:\/\/etanec.fr\/#organization\"},\"potentialAction\":[{\"@type\":\"SearchAction\",\"target\":{\"@type\":\"EntryPoint\",\"urlTemplate\":\"https:\/\/etanec.fr\/?s={search_term_string}\"},\"query-input\":{\"@type\":\"PropertyValueSpecification\",\"valueRequired\":true,\"valueName\":\"search_term_string\"}}],\"inLanguage\":\"fr-FR\"},{\"@type\":\"Organization\",\"@id\":\"https:\/\/etanec.fr\/#organization\",\"name\":\"etanec.fr\",\"url\":\"https:\/\/etanec.fr\/\",\"logo\":{\"@type\":\"ImageObject\",\"inLanguage\":\"fr-FR\",\"@id\":\"https:\/\/etanec.fr\/#\/schema\/logo\/image\/\",\"url\":\"https:\/\/i0.wp.com\/etanec.fr\/wp-content\/uploads\/2017\/11\/cropped-cropped-cropped-ETANEC-LOGO-2017-RVBTRANSP-HD-e1509965316759.png?fit=350%2C75\",\"contentUrl\":\"https:\/\/i0.wp.com\/etanec.fr\/wp-content\/uploads\/2017\/11\/cropped-cropped-cropped-ETANEC-LOGO-2017-RVBTRANSP-HD-e1509965316759.png?fit=350%2C75\",\"width\":350,\"height\":75,\"caption\":\"etanec.fr\"},\"image\":{\"@id\":\"https:\/\/etanec.fr\/#\/schema\/logo\/image\/\"},\"sameAs\":[\"https:\/\/www.linkedin.com\/company\/etanecgroup\/?viewAsMember=true\"]}]}<\/script>\n<!-- \/ Yoast SEO plugin. -->","yoast_head_json":{"title":"Marqueur INKZALL Milwaukee 1.0mm - ETANEC","robots":{"index":"index","follow":"follow","max-snippet":"max-snippet:-1","max-image-preview":"max-image-preview:large","max-video-preview":"max-video-preview:-1"},"canonical":"http:\/\/etanec.fr\/index.php\/produit\/marqueur-inkzall-milwaukee-1-0mm\/","og_locale":"fr_FR","og_type":"article","og_title":"Marqueur INKZALL Milwaukee 1.0mm - ETANEC","og_description":"Marqueur avec pointe ultrar\u00e9sistante : \u00e9crit sur le b\u00e9ton, le bois, les m\u00e9taux... mais aussi sur les surfaces humides, huileuses, rouill\u00e9es ou recouvertes de poussi\u00e8re.\u00a0 Peut rester ouvert plus de 72 heures sans s\u00e9cher.\u00a0 L'encre s\u00e8che instantan\u00e9ment - r\u00e9duit les bavures sur les surfaces en m\u00e9tal ou le PVC.\u00a0 Bouchon avec clip permettant d\u2019\u00eatre solidement attach\u00e9 sur casque, veste... Ergot anti-roulis emp\u00eachant le marqueur de rouler tout seul.","og_url":"http:\/\/etanec.fr\/index.php\/produit\/marqueur-inkzall-milwaukee-1-0mm\/","og_site_name":"ETANEC","article_modified_time":"2023-01-18T14:36:09+00:00","og_image":[{"width":610,"height":610,"url":"https:\/\/i0.wp.com\/etanec.fr\/wp-content\/uploads\/2022\/11\/g671213_610x610.jpeg?fit=610%2C610","type":"image\/jpeg"}],"twitter_card":"summary_large_image","twitter_misc":{"Dur\u00e9e de lecture estim\u00e9e":"1 minute"},"schema":{"@context":"https:\/\/schema.org","@graph":[{"@type":"WebPage","@id":"http:\/\/etanec.fr\/index.php\/produit\/marqueur-inkzall-milwaukee-1-0mm\/","url":"http:\/\/etanec.fr\/index.php\/produit\/marqueur-inkzall-milwaukee-1-0mm\/","name":"Marqueur INKZALL Milwaukee 1.0mm - ETANEC","isPartOf":{"@id":"https:\/\/etanec.fr\/#website"},"primaryImageOfPage":{"@id":"http:\/\/etanec.fr\/index.php\/produit\/marqueur-inkzall-milwaukee-1-0mm\/#primaryimage"},"image":{"@id":"http:\/\/etanec.fr\/index.php\/produit\/marqueur-inkzall-milwaukee-1-0mm\/#primaryimage"},"thumbnailUrl":"https:\/\/i0.wp.com\/etanec.fr\/wp-content\/uploads\/2022\/11\/g671213_610x610.jpeg?fit=610%2C610","datePublished":"2023-01-18T14:36:08+00:00","dateModified":"2023-01-18T14:36:09+00:00","breadcrumb":{"@id":"http:\/\/etanec.fr\/index.php\/produit\/marqueur-inkzall-milwaukee-1-0mm\/#breadcrumb"},"inLanguage":"fr-FR","potentialAction":[{"@type":"ReadAction","target":["http:\/\/etanec.fr\/index.php\/produit\/marqueur-inkzall-milwaukee-1-0mm\/"]}]},{"@type":"ImageObject","inLanguage":"fr-FR","@id":"http:\/\/etanec.fr\/index.php\/produit\/marqueur-inkzall-milwaukee-1-0mm\/#primaryimage","url":"https:\/\/i0.wp.com\/etanec.fr\/wp-content\/uploads\/2022\/11\/g671213_610x610.jpeg?fit=610%2C610","contentUrl":"https:\/\/i0.wp.com\/etanec.fr\/wp-content\/uploads\/2022\/11\/g671213_610x610.jpeg?fit=610%2C610","width":610,"height":610},{"@type":"BreadcrumbList","@id":"http:\/\/etanec.fr\/index.php\/produit\/marqueur-inkzall-milwaukee-1-0mm\/#breadcrumb","itemListElement":[{"@type":"ListItem","position":1,"name":"Accueil","item":"https:\/\/etanec.fr\/"},{"@type":"ListItem","position":2,"name":"Gamme de produits","item":"https:\/\/etanec.fr\/index.php\/boutique\/"},{"@type":"ListItem","position":3,"name":"Marqueur INKZALL Milwaukee 1.0mm"}]},{"@type":"WebSite","@id":"https:\/\/etanec.fr\/#website","url":"https:\/\/etanec.fr\/","name":"etanec.fr","description":"Votre Solution en Outillage &amp; Fixation Enveloppe du batiment","publisher":{"@id":"https:\/\/etanec.fr\/#organization"},"potentialAction":[{"@type":"SearchAction","target":{"@type":"EntryPoint","urlTemplate":"https:\/\/etanec.fr\/?s={search_term_string}"},"query-input":{"@type":"PropertyValueSpecification","valueRequired":true,"valueName":"search_term_string"}}],"inLanguage":"fr-FR"},{"@type":"Organization","@id":"https:\/\/etanec.fr\/#organization","name":"etanec.fr","url":"https:\/\/etanec.fr\/","logo":{"@type":"ImageObject","inLanguage":"fr-FR","@id":"https:\/\/etanec.fr\/#\/schema\/logo\/image\/","url":"https:\/\/i0.wp.com\/etanec.fr\/wp-content\/uploads\/2017\/11\/cropped-cropped-cropped-ETANEC-LOGO-2017-RVBTRANSP-HD-e1509965316759.png?fit=350%2C75","contentUrl":"https:\/\/i0.wp.com\/etanec.fr\/wp-content\/uploads\/2017\/11\/cropped-cropped-cropped-ETANEC-LOGO-2017-RVBTRANSP-HD-e1509965316759.png?fit=350%2C75","width":350,"height":75,"caption":"etanec.fr"},"image":{"@id":"https:\/\/etanec.fr\/#\/schema\/logo\/image\/"},"sameAs":["https:\/\/www.linkedin.com\/company\/etanecgroup\/?viewAsMember=true"]}]}},"jetpack_publicize_connections":[],"jetpack_sharing_enabled":true,"_links":{"self":[{"href":"http:\/\/etanec.fr\/index.php\/wp-json\/wp\/v2\/product\/2087","targetHints":{"allow":["GET"]}}],"collection":[{"href":"http:\/\/etanec.fr\/index.php\/wp-json\/wp\/v2\/product"}],"about":[{"href":"http:\/\/etanec.fr\/index.php\/wp-json\/wp\/v2\/types\/product"}],"replies":[{"embeddable":true,"href":"http:\/\/etanec.fr\/index.php\/wp-json\/wp\/v2\/comments?post=2087"}],"version-history":[{"count":2,"href":"http:\/\/etanec.fr\/index.php\/wp-json\/wp\/v2\/product\/2087\/revisions"}],"predecessor-version":[{"id":6337,"href":"http:\/\/etanec.fr\/index.php\/wp-json\/wp\/v2\/product\/2087\/revisions\/6337"}],"wp:featuredmedia":[{"embeddable":true,"href":"http:\/\/etanec.fr\/index.php\/wp-json\/wp\/v2\/media\/2088"}],"wp:attachment":[{"href":"http:\/\/etanec.fr\/index.php\/wp-json\/wp\/v2\/media?parent=2087"}],"wp:term":[{"taxonomy":"product_brand","embeddable":true,"href":"http:\/\/etanec.fr\/index.php\/wp-json\/wp\/v2\/product_brand?post=2087"},{"taxonomy":"product_cat","embeddable":true,"href":"http:\/\/etanec.fr\/index.php\/wp-json\/wp\/v2\/product_cat?post=2087"},{"taxonomy":"product_tag","embeddable":true,"href":"http:\/\/etanec.fr\/index.php\/wp-json\/wp\/v2\/product_tag?post=2087"}],"curies":[{"name":"wp","href":"https:\/\/api.w.org\/{rel}","templated":true}]}}