{"id":2786,"date":"2023-03-27T13:50:50","date_gmt":"2023-03-27T11:50:50","guid":{"rendered":"http:\/\/etanec.fr\/?post_type=product&#038;p=2786"},"modified":"2023-03-27T13:50:51","modified_gmt":"2023-03-27T11:50:51","slug":"projecteur-electrique-a-led-20w-5m-cable-ho53g1-5","status":"publish","type":"product","link":"http:\/\/etanec.fr\/index.php\/produit\/projecteur-electrique-a-led-20w-5m-cable-ho53g1-5\/","title":{"rendered":"Projecteur \u00e9lectrique \u00e0 LED 20W + 5m c\u00e2ble HO53G1.5"},"content":{"rendered":"<p>AVANTAGES:<br \/>\nProjecteur \u00e0 led 20W \u00e9lectrique,\u00a0compact<br \/>\nPour utilisation en int\u00e9rieur\/ext\u00e9rieur.<br \/>\nEclairage clair, ne chauffe pas par rapport aux halog\u00e8nes.<br \/>\nEconomique, faible consommation \u00e9lectrique.<br \/>\nTr\u00e8s grande luminosit\u00e9<br \/>\nCarcasse aluminium<br \/>\nEconomie d&rsquo;\u00e9nergie<br \/>\nVitre r\u00e9sistante aux chocs<br \/>\nPoign\u00e9e isolante<br \/>\nFaible d\u00e9gagement de chaleur<br \/>\nIP 54<\/p>\n<p>CARACT\u00c9RISTIQUES TECHNIQUES:<\/p>\n<p>Cable: H05 RN-F 3G1.0IP54<\/p>\n","protected":false},"excerpt":{"rendered":"<p>AVANTAGES:<br \/>\nProjecteur \u00e0 led 20W \u00e9lectrique,\u00a0compact<br \/>\nPour utilisation en int\u00e9rieur\/ext\u00e9rieur.<br \/>\nEclairage clair, ne chauffe pas par rapport aux halog\u00e8nes.<br \/>\nEconomique, faible consommation \u00e9lectrique.<br \/>\nTr\u00e8s grande luminosit\u00e9<br \/>\nCarcasse aluminium<br \/>\nEconomie d&rsquo;\u00e9nergie<br \/>\nVitre r\u00e9sistante aux chocs<br \/>\nPoign\u00e9e isolante<br \/>\nFaible d\u00e9gagement de chaleur<br \/>\nIP 54<\/p>\n<p>CARACT\u00c9RISTIQUES TECHNIQUES:<\/p>\n<p>Cable: H05 RN-F 3G1.0IP54<\/p>\n","protected":false},"featured_media":2787,"comment_status":"open","ping_status":"closed","template":"","meta":{"_monsterinsights_skip_tracking":false,"_monsterinsights_sitenote_active":false,"_monsterinsights_sitenote_note":"","_monsterinsights_sitenote_category":0,"jetpack_publicize_message":"","jetpack_publicize_feature_enabled":true,"jetpack_social_post_already_shared":false,"jetpack_social_options":{"image_generator_settings":{"template":"highway","default_image_id":0,"font":"","enabled":false},"version":2}},"product_brand":[],"product_cat":[75],"product_tag":[],"class_list":{"0":"post-2786","1":"product","2":"type-product","3":"status-publish","6":"product_cat-atelier-chantier","8":"first","9":"instock","10":"taxable","11":"shipping-taxable","12":"product-type-simple"},"yoast_head":"<!-- This site is optimized with the Yoast SEO plugin v26.6 - https:\/\/yoast.com\/wordpress\/plugins\/seo\/ -->\n<title>Projecteur \u00e9lectrique \u00e0 LED 20W + 5m c\u00e2ble HO53G1.5 - ETANEC<\/title>\n<meta name=\"robots\" content=\"index, follow, max-snippet:-1, max-image-preview:large, max-video-preview:-1\" \/>\n<link rel=\"canonical\" href=\"http:\/\/etanec.fr\/index.php\/produit\/projecteur-electrique-a-led-20w-5m-cable-ho53g1-5\/\" \/>\n<meta property=\"og:locale\" content=\"fr_FR\" \/>\n<meta property=\"og:type\" content=\"article\" \/>\n<meta property=\"og:title\" content=\"Projecteur \u00e9lectrique \u00e0 LED 20W + 5m c\u00e2ble HO53G1.5 - ETANEC\" \/>\n<meta property=\"og:description\" content=\"AVANTAGES: Projecteur \u00e0 led 20W \u00e9lectrique,\u00a0compact Pour utilisation en int\u00e9rieur\/ext\u00e9rieur. Eclairage clair, ne chauffe pas par rapport aux halog\u00e8nes. Economique, faible consommation \u00e9lectrique. Tr\u00e8s grande luminosit\u00e9 Carcasse aluminium Economie d&#039;\u00e9nergie Vitre r\u00e9sistante aux chocs Poign\u00e9e isolante Faible d\u00e9gagement de chaleur IP 54  CARACT\u00c9RISTIQUES TECHNIQUES:  Cable: H05 RN-F 3G1.0IP54\" \/>\n<meta property=\"og:url\" content=\"http:\/\/etanec.fr\/index.php\/produit\/projecteur-electrique-a-led-20w-5m-cable-ho53g1-5\/\" \/>\n<meta property=\"og:site_name\" content=\"ETANEC\" \/>\n<meta property=\"article:modified_time\" content=\"2023-03-27T11:50:51+00:00\" \/>\n<meta property=\"og:image\" content=\"https:\/\/i0.wp.com\/etanec.fr\/wp-content\/uploads\/2022\/12\/m611540_610x610.jpeg?fit=610%2C610\" \/>\n\t<meta property=\"og:image:width\" content=\"610\" \/>\n\t<meta property=\"og:image:height\" content=\"610\" \/>\n\t<meta property=\"og:image:type\" content=\"image\/jpeg\" \/>\n<meta name=\"twitter:card\" content=\"summary_large_image\" \/>\n<meta name=\"twitter:label1\" content=\"Dur\u00e9e de lecture estim\u00e9e\" \/>\n\t<meta name=\"twitter:data1\" content=\"1 minute\" \/>\n<script type=\"application\/ld+json\" class=\"yoast-schema-graph\">{\"@context\":\"https:\/\/schema.org\",\"@graph\":[{\"@type\":\"WebPage\",\"@id\":\"http:\/\/etanec.fr\/index.php\/produit\/projecteur-electrique-a-led-20w-5m-cable-ho53g1-5\/\",\"url\":\"http:\/\/etanec.fr\/index.php\/produit\/projecteur-electrique-a-led-20w-5m-cable-ho53g1-5\/\",\"name\":\"Projecteur \u00e9lectrique \u00e0 LED 20W + 5m c\u00e2ble HO53G1.5 - ETANEC\",\"isPartOf\":{\"@id\":\"http:\/\/etanec.fr\/#website\"},\"primaryImageOfPage\":{\"@id\":\"http:\/\/etanec.fr\/index.php\/produit\/projecteur-electrique-a-led-20w-5m-cable-ho53g1-5\/#primaryimage\"},\"image\":{\"@id\":\"http:\/\/etanec.fr\/index.php\/produit\/projecteur-electrique-a-led-20w-5m-cable-ho53g1-5\/#primaryimage\"},\"thumbnailUrl\":\"https:\/\/i0.wp.com\/etanec.fr\/wp-content\/uploads\/2022\/12\/m611540_610x610.jpeg?fit=610%2C610\",\"datePublished\":\"2023-03-27T11:50:50+00:00\",\"dateModified\":\"2023-03-27T11:50:51+00:00\",\"breadcrumb\":{\"@id\":\"http:\/\/etanec.fr\/index.php\/produit\/projecteur-electrique-a-led-20w-5m-cable-ho53g1-5\/#breadcrumb\"},\"inLanguage\":\"fr-FR\",\"potentialAction\":[{\"@type\":\"ReadAction\",\"target\":[\"http:\/\/etanec.fr\/index.php\/produit\/projecteur-electrique-a-led-20w-5m-cable-ho53g1-5\/\"]}]},{\"@type\":\"ImageObject\",\"inLanguage\":\"fr-FR\",\"@id\":\"http:\/\/etanec.fr\/index.php\/produit\/projecteur-electrique-a-led-20w-5m-cable-ho53g1-5\/#primaryimage\",\"url\":\"https:\/\/i0.wp.com\/etanec.fr\/wp-content\/uploads\/2022\/12\/m611540_610x610.jpeg?fit=610%2C610\",\"contentUrl\":\"https:\/\/i0.wp.com\/etanec.fr\/wp-content\/uploads\/2022\/12\/m611540_610x610.jpeg?fit=610%2C610\",\"width\":610,\"height\":610},{\"@type\":\"BreadcrumbList\",\"@id\":\"http:\/\/etanec.fr\/index.php\/produit\/projecteur-electrique-a-led-20w-5m-cable-ho53g1-5\/#breadcrumb\",\"itemListElement\":[{\"@type\":\"ListItem\",\"position\":1,\"name\":\"Accueil\",\"item\":\"http:\/\/etanec.fr\/\"},{\"@type\":\"ListItem\",\"position\":2,\"name\":\"Gamme de produits\",\"item\":\"http:\/\/etanec.fr\/index.php\/boutique\/\"},{\"@type\":\"ListItem\",\"position\":3,\"name\":\"Projecteur \u00e9lectrique \u00e0 LED 20W + 5m c\u00e2ble HO53G1.5\"}]},{\"@type\":\"WebSite\",\"@id\":\"http:\/\/etanec.fr\/#website\",\"url\":\"http:\/\/etanec.fr\/\",\"name\":\"etanec.fr\",\"description\":\"Votre Solution en Outillage &amp; Fixation Enveloppe du batiment\",\"publisher\":{\"@id\":\"http:\/\/etanec.fr\/#organization\"},\"potentialAction\":[{\"@type\":\"SearchAction\",\"target\":{\"@type\":\"EntryPoint\",\"urlTemplate\":\"http:\/\/etanec.fr\/?s={search_term_string}\"},\"query-input\":{\"@type\":\"PropertyValueSpecification\",\"valueRequired\":true,\"valueName\":\"search_term_string\"}}],\"inLanguage\":\"fr-FR\"},{\"@type\":\"Organization\",\"@id\":\"http:\/\/etanec.fr\/#organization\",\"name\":\"etanec.fr\",\"url\":\"http:\/\/etanec.fr\/\",\"logo\":{\"@type\":\"ImageObject\",\"inLanguage\":\"fr-FR\",\"@id\":\"http:\/\/etanec.fr\/#\/schema\/logo\/image\/\",\"url\":\"https:\/\/i0.wp.com\/etanec.fr\/wp-content\/uploads\/2017\/11\/cropped-cropped-cropped-ETANEC-LOGO-2017-RVBTRANSP-HD-e1509965316759.png?fit=350%2C75\",\"contentUrl\":\"https:\/\/i0.wp.com\/etanec.fr\/wp-content\/uploads\/2017\/11\/cropped-cropped-cropped-ETANEC-LOGO-2017-RVBTRANSP-HD-e1509965316759.png?fit=350%2C75\",\"width\":350,\"height\":75,\"caption\":\"etanec.fr\"},\"image\":{\"@id\":\"http:\/\/etanec.fr\/#\/schema\/logo\/image\/\"},\"sameAs\":[\"https:\/\/www.linkedin.com\/company\/etanecgroup\/?viewAsMember=true\"]}]}<\/script>\n<!-- \/ Yoast SEO plugin. -->","yoast_head_json":{"title":"Projecteur \u00e9lectrique \u00e0 LED 20W + 5m c\u00e2ble HO53G1.5 - ETANEC","robots":{"index":"index","follow":"follow","max-snippet":"max-snippet:-1","max-image-preview":"max-image-preview:large","max-video-preview":"max-video-preview:-1"},"canonical":"http:\/\/etanec.fr\/index.php\/produit\/projecteur-electrique-a-led-20w-5m-cable-ho53g1-5\/","og_locale":"fr_FR","og_type":"article","og_title":"Projecteur \u00e9lectrique \u00e0 LED 20W + 5m c\u00e2ble HO53G1.5 - ETANEC","og_description":"AVANTAGES: Projecteur \u00e0 led 20W \u00e9lectrique,\u00a0compact Pour utilisation en int\u00e9rieur\/ext\u00e9rieur. Eclairage clair, ne chauffe pas par rapport aux halog\u00e8nes. Economique, faible consommation \u00e9lectrique. Tr\u00e8s grande luminosit\u00e9 Carcasse aluminium Economie d'\u00e9nergie Vitre r\u00e9sistante aux chocs Poign\u00e9e isolante Faible d\u00e9gagement de chaleur IP 54  CARACT\u00c9RISTIQUES TECHNIQUES:  Cable: H05 RN-F 3G1.0IP54","og_url":"http:\/\/etanec.fr\/index.php\/produit\/projecteur-electrique-a-led-20w-5m-cable-ho53g1-5\/","og_site_name":"ETANEC","article_modified_time":"2023-03-27T11:50:51+00:00","og_image":[{"width":610,"height":610,"url":"https:\/\/i0.wp.com\/etanec.fr\/wp-content\/uploads\/2022\/12\/m611540_610x610.jpeg?fit=610%2C610","type":"image\/jpeg"}],"twitter_card":"summary_large_image","twitter_misc":{"Dur\u00e9e de lecture estim\u00e9e":"1 minute"},"schema":{"@context":"https:\/\/schema.org","@graph":[{"@type":"WebPage","@id":"http:\/\/etanec.fr\/index.php\/produit\/projecteur-electrique-a-led-20w-5m-cable-ho53g1-5\/","url":"http:\/\/etanec.fr\/index.php\/produit\/projecteur-electrique-a-led-20w-5m-cable-ho53g1-5\/","name":"Projecteur \u00e9lectrique \u00e0 LED 20W + 5m c\u00e2ble HO53G1.5 - ETANEC","isPartOf":{"@id":"http:\/\/etanec.fr\/#website"},"primaryImageOfPage":{"@id":"http:\/\/etanec.fr\/index.php\/produit\/projecteur-electrique-a-led-20w-5m-cable-ho53g1-5\/#primaryimage"},"image":{"@id":"http:\/\/etanec.fr\/index.php\/produit\/projecteur-electrique-a-led-20w-5m-cable-ho53g1-5\/#primaryimage"},"thumbnailUrl":"https:\/\/i0.wp.com\/etanec.fr\/wp-content\/uploads\/2022\/12\/m611540_610x610.jpeg?fit=610%2C610","datePublished":"2023-03-27T11:50:50+00:00","dateModified":"2023-03-27T11:50:51+00:00","breadcrumb":{"@id":"http:\/\/etanec.fr\/index.php\/produit\/projecteur-electrique-a-led-20w-5m-cable-ho53g1-5\/#breadcrumb"},"inLanguage":"fr-FR","potentialAction":[{"@type":"ReadAction","target":["http:\/\/etanec.fr\/index.php\/produit\/projecteur-electrique-a-led-20w-5m-cable-ho53g1-5\/"]}]},{"@type":"ImageObject","inLanguage":"fr-FR","@id":"http:\/\/etanec.fr\/index.php\/produit\/projecteur-electrique-a-led-20w-5m-cable-ho53g1-5\/#primaryimage","url":"https:\/\/i0.wp.com\/etanec.fr\/wp-content\/uploads\/2022\/12\/m611540_610x610.jpeg?fit=610%2C610","contentUrl":"https:\/\/i0.wp.com\/etanec.fr\/wp-content\/uploads\/2022\/12\/m611540_610x610.jpeg?fit=610%2C610","width":610,"height":610},{"@type":"BreadcrumbList","@id":"http:\/\/etanec.fr\/index.php\/produit\/projecteur-electrique-a-led-20w-5m-cable-ho53g1-5\/#breadcrumb","itemListElement":[{"@type":"ListItem","position":1,"name":"Accueil","item":"http:\/\/etanec.fr\/"},{"@type":"ListItem","position":2,"name":"Gamme de produits","item":"http:\/\/etanec.fr\/index.php\/boutique\/"},{"@type":"ListItem","position":3,"name":"Projecteur \u00e9lectrique \u00e0 LED 20W + 5m c\u00e2ble HO53G1.5"}]},{"@type":"WebSite","@id":"http:\/\/etanec.fr\/#website","url":"http:\/\/etanec.fr\/","name":"etanec.fr","description":"Votre Solution en Outillage &amp; Fixation Enveloppe du batiment","publisher":{"@id":"http:\/\/etanec.fr\/#organization"},"potentialAction":[{"@type":"SearchAction","target":{"@type":"EntryPoint","urlTemplate":"http:\/\/etanec.fr\/?s={search_term_string}"},"query-input":{"@type":"PropertyValueSpecification","valueRequired":true,"valueName":"search_term_string"}}],"inLanguage":"fr-FR"},{"@type":"Organization","@id":"http:\/\/etanec.fr\/#organization","name":"etanec.fr","url":"http:\/\/etanec.fr\/","logo":{"@type":"ImageObject","inLanguage":"fr-FR","@id":"http:\/\/etanec.fr\/#\/schema\/logo\/image\/","url":"https:\/\/i0.wp.com\/etanec.fr\/wp-content\/uploads\/2017\/11\/cropped-cropped-cropped-ETANEC-LOGO-2017-RVBTRANSP-HD-e1509965316759.png?fit=350%2C75","contentUrl":"https:\/\/i0.wp.com\/etanec.fr\/wp-content\/uploads\/2017\/11\/cropped-cropped-cropped-ETANEC-LOGO-2017-RVBTRANSP-HD-e1509965316759.png?fit=350%2C75","width":350,"height":75,"caption":"etanec.fr"},"image":{"@id":"http:\/\/etanec.fr\/#\/schema\/logo\/image\/"},"sameAs":["https:\/\/www.linkedin.com\/company\/etanecgroup\/?viewAsMember=true"]}]}},"jetpack_publicize_connections":[],"jetpack_sharing_enabled":true,"_links":{"self":[{"href":"http:\/\/etanec.fr\/index.php\/wp-json\/wp\/v2\/product\/2786","targetHints":{"allow":["GET"]}}],"collection":[{"href":"http:\/\/etanec.fr\/index.php\/wp-json\/wp\/v2\/product"}],"about":[{"href":"http:\/\/etanec.fr\/index.php\/wp-json\/wp\/v2\/types\/product"}],"replies":[{"embeddable":true,"href":"http:\/\/etanec.fr\/index.php\/wp-json\/wp\/v2\/comments?post=2786"}],"version-history":[{"count":2,"href":"http:\/\/etanec.fr\/index.php\/wp-json\/wp\/v2\/product\/2786\/revisions"}],"predecessor-version":[{"id":6473,"href":"http:\/\/etanec.fr\/index.php\/wp-json\/wp\/v2\/product\/2786\/revisions\/6473"}],"wp:featuredmedia":[{"embeddable":true,"href":"http:\/\/etanec.fr\/index.php\/wp-json\/wp\/v2\/media\/2787"}],"wp:attachment":[{"href":"http:\/\/etanec.fr\/index.php\/wp-json\/wp\/v2\/media?parent=2786"}],"wp:term":[{"taxonomy":"product_brand","embeddable":true,"href":"http:\/\/etanec.fr\/index.php\/wp-json\/wp\/v2\/product_brand?post=2786"},{"taxonomy":"product_cat","embeddable":true,"href":"http:\/\/etanec.fr\/index.php\/wp-json\/wp\/v2\/product_cat?post=2786"},{"taxonomy":"product_tag","embeddable":true,"href":"http:\/\/etanec.fr\/index.php\/wp-json\/wp\/v2\/product_tag?post=2786"}],"curies":[{"name":"wp","href":"https:\/\/api.w.org\/{rel}","templated":true}]}}