{"id":3085,"date":"2023-04-19T11:56:14","date_gmt":"2023-04-19T09:56:14","guid":{"rendered":"http:\/\/etanec.fr\/?post_type=product&#038;p=3085"},"modified":"2023-04-19T11:56:14","modified_gmt":"2023-04-19T09:56:14","slug":"valise-maintenance-textile-a-roulettes-b-max","status":"publish","type":"product","link":"http:\/\/etanec.fr\/index.php\/produit\/valise-maintenance-textile-a-roulettes-b-max\/","title":{"rendered":"Valise maintenance textile \u00e0 roulettes B-MAX"},"content":{"rendered":"<p>Bo\u00eete \u00e0 outils textile version compacte Heavy duty<br \/>\nOrganisation efficace des outils.<br \/>\nAm\u00e9nagement int\u00e9rieur : rangement vertical pour acc\u00e8s imm\u00e9diat aux outils,sangle \u00e9lastique de maintien des outils, rack lat\u00e9ral d\u00e9di\u00e9 aux tournevis.<br \/>\nAm\u00e9nagement ext\u00e9rieur : 6 poches externes,1 poche sp\u00e9ciale pour une scie,ajustable par bande auto-adh\u00e9sive,1 grande poche pour documents (A4) ou pour ranger la capote de protection.<br \/>\nUtilisation simple et confortable.<br \/>\nGrande accessibilit\u00e9 au contenu du sac.<br \/>\n3 solutions de portage : roues et poign\u00e9e t\u00e9lescopique, poign\u00e9e en aluminium avec rev\u00eatement cuir, sangle avec coussin de renfort au niveau de l \u00e9paule.<br \/>\nTissu tr\u00e8s r\u00e9sistant 1200 deniers.<br \/>\nDiam\u00e8tre des roues : 90 mm.<\/p>\n","protected":false},"excerpt":{"rendered":"<p>Bo\u00eete \u00e0 outils textile version compacte Heavy duty. Organisation efficace des outils. Am\u00e9nagement int\u00e9rieur : rangement vertical pour acc\u00e8s imm\u00e9diat aux outils,sangle \u00e9lastique de maintien des outils, rack lat\u00e9ral d\u00e9di\u00e9 aux tournevis. Am\u00e9nagement ext\u00e9rieur : 6 poches externes,1 poche sp\u00e9ciale pour une scie,ajustable par bande auto-adh\u00e9sive,1 grande poche pour documents (A4) ou pour ranger la capote de protection. Utilisation simple et confortable.<\/p>\n","protected":false},"featured_media":3086,"comment_status":"open","ping_status":"closed","template":"","meta":{"_monsterinsights_skip_tracking":false,"_monsterinsights_sitenote_active":false,"_monsterinsights_sitenote_note":"","_monsterinsights_sitenote_category":0,"jetpack_publicize_message":"","jetpack_publicize_feature_enabled":true,"jetpack_social_post_already_shared":false,"jetpack_social_options":{"image_generator_settings":{"template":"highway","default_image_id":0,"font":"","enabled":false},"version":2}},"product_brand":[],"product_cat":[75],"product_tag":[],"class_list":{"0":"post-3085","1":"product","2":"type-product","3":"status-publish","6":"product_cat-atelier-chantier","8":"first","9":"instock","10":"taxable","11":"shipping-taxable","12":"product-type-simple"},"yoast_head":"<!-- This site is optimized with the Yoast SEO plugin v26.6 - https:\/\/yoast.com\/wordpress\/plugins\/seo\/ -->\n<title>Valise maintenance textile \u00e0 roulettes B-MAX - ETANEC<\/title>\n<meta name=\"robots\" content=\"index, follow, max-snippet:-1, max-image-preview:large, max-video-preview:-1\" \/>\n<link rel=\"canonical\" href=\"http:\/\/etanec.fr\/index.php\/produit\/valise-maintenance-textile-a-roulettes-b-max\/\" \/>\n<meta property=\"og:locale\" content=\"fr_FR\" \/>\n<meta property=\"og:type\" content=\"article\" \/>\n<meta property=\"og:title\" content=\"Valise maintenance textile \u00e0 roulettes B-MAX - ETANEC\" \/>\n<meta property=\"og:description\" content=\"Bo\u00eete \u00e0 outils textile version compacte Heavy duty. Organisation efficace des outils. Am\u00e9nagement int\u00e9rieur : rangement vertical pour acc\u00e8s imm\u00e9diat aux outils,sangle \u00e9lastique de maintien des outils, rack lat\u00e9ral d\u00e9di\u00e9 aux tournevis. Am\u00e9nagement ext\u00e9rieur : 6 poches externes,1 poche sp\u00e9ciale pour une scie,ajustable par bande auto-adh\u00e9sive,1 grande poche pour documents (A4) ou pour ranger la capote de protection. Utilisation simple et confortable.\" \/>\n<meta property=\"og:url\" content=\"http:\/\/etanec.fr\/index.php\/produit\/valise-maintenance-textile-a-roulettes-b-max\/\" \/>\n<meta property=\"og:site_name\" content=\"ETANEC\" \/>\n<meta property=\"og:image\" content=\"https:\/\/i0.wp.com\/etanec.fr\/wp-content\/uploads\/2022\/12\/m475049_610x610.jpeg?fit=610%2C610\" \/>\n\t<meta property=\"og:image:width\" content=\"610\" \/>\n\t<meta property=\"og:image:height\" content=\"610\" \/>\n\t<meta property=\"og:image:type\" content=\"image\/jpeg\" \/>\n<meta name=\"twitter:card\" content=\"summary_large_image\" \/>\n<meta name=\"twitter:label1\" content=\"Dur\u00e9e de lecture estim\u00e9e\" \/>\n\t<meta name=\"twitter:data1\" content=\"1 minute\" \/>\n<script type=\"application\/ld+json\" class=\"yoast-schema-graph\">{\"@context\":\"https:\/\/schema.org\",\"@graph\":[{\"@type\":\"WebPage\",\"@id\":\"http:\/\/etanec.fr\/index.php\/produit\/valise-maintenance-textile-a-roulettes-b-max\/\",\"url\":\"http:\/\/etanec.fr\/index.php\/produit\/valise-maintenance-textile-a-roulettes-b-max\/\",\"name\":\"Valise maintenance textile \u00e0 roulettes B-MAX - ETANEC\",\"isPartOf\":{\"@id\":\"http:\/\/etanec.fr\/#website\"},\"primaryImageOfPage\":{\"@id\":\"http:\/\/etanec.fr\/index.php\/produit\/valise-maintenance-textile-a-roulettes-b-max\/#primaryimage\"},\"image\":{\"@id\":\"http:\/\/etanec.fr\/index.php\/produit\/valise-maintenance-textile-a-roulettes-b-max\/#primaryimage\"},\"thumbnailUrl\":\"https:\/\/i0.wp.com\/etanec.fr\/wp-content\/uploads\/2022\/12\/m475049_610x610.jpeg?fit=610%2C610\",\"datePublished\":\"2023-04-19T09:56:14+00:00\",\"breadcrumb\":{\"@id\":\"http:\/\/etanec.fr\/index.php\/produit\/valise-maintenance-textile-a-roulettes-b-max\/#breadcrumb\"},\"inLanguage\":\"fr-FR\",\"potentialAction\":[{\"@type\":\"ReadAction\",\"target\":[\"http:\/\/etanec.fr\/index.php\/produit\/valise-maintenance-textile-a-roulettes-b-max\/\"]}]},{\"@type\":\"ImageObject\",\"inLanguage\":\"fr-FR\",\"@id\":\"http:\/\/etanec.fr\/index.php\/produit\/valise-maintenance-textile-a-roulettes-b-max\/#primaryimage\",\"url\":\"https:\/\/i0.wp.com\/etanec.fr\/wp-content\/uploads\/2022\/12\/m475049_610x610.jpeg?fit=610%2C610\",\"contentUrl\":\"https:\/\/i0.wp.com\/etanec.fr\/wp-content\/uploads\/2022\/12\/m475049_610x610.jpeg?fit=610%2C610\",\"width\":610,\"height\":610},{\"@type\":\"BreadcrumbList\",\"@id\":\"http:\/\/etanec.fr\/index.php\/produit\/valise-maintenance-textile-a-roulettes-b-max\/#breadcrumb\",\"itemListElement\":[{\"@type\":\"ListItem\",\"position\":1,\"name\":\"Accueil\",\"item\":\"http:\/\/etanec.fr\/\"},{\"@type\":\"ListItem\",\"position\":2,\"name\":\"Gamme de produits\",\"item\":\"http:\/\/etanec.fr\/index.php\/boutique\/\"},{\"@type\":\"ListItem\",\"position\":3,\"name\":\"Valise maintenance textile \u00e0 roulettes B-MAX\"}]},{\"@type\":\"WebSite\",\"@id\":\"http:\/\/etanec.fr\/#website\",\"url\":\"http:\/\/etanec.fr\/\",\"name\":\"etanec.fr\",\"description\":\"Votre Solution en Outillage &amp; Fixation Enveloppe du batiment\",\"publisher\":{\"@id\":\"http:\/\/etanec.fr\/#organization\"},\"potentialAction\":[{\"@type\":\"SearchAction\",\"target\":{\"@type\":\"EntryPoint\",\"urlTemplate\":\"http:\/\/etanec.fr\/?s={search_term_string}\"},\"query-input\":{\"@type\":\"PropertyValueSpecification\",\"valueRequired\":true,\"valueName\":\"search_term_string\"}}],\"inLanguage\":\"fr-FR\"},{\"@type\":\"Organization\",\"@id\":\"http:\/\/etanec.fr\/#organization\",\"name\":\"etanec.fr\",\"url\":\"http:\/\/etanec.fr\/\",\"logo\":{\"@type\":\"ImageObject\",\"inLanguage\":\"fr-FR\",\"@id\":\"http:\/\/etanec.fr\/#\/schema\/logo\/image\/\",\"url\":\"https:\/\/i0.wp.com\/etanec.fr\/wp-content\/uploads\/2017\/11\/cropped-cropped-cropped-ETANEC-LOGO-2017-RVBTRANSP-HD-e1509965316759.png?fit=350%2C75\",\"contentUrl\":\"https:\/\/i0.wp.com\/etanec.fr\/wp-content\/uploads\/2017\/11\/cropped-cropped-cropped-ETANEC-LOGO-2017-RVBTRANSP-HD-e1509965316759.png?fit=350%2C75\",\"width\":350,\"height\":75,\"caption\":\"etanec.fr\"},\"image\":{\"@id\":\"http:\/\/etanec.fr\/#\/schema\/logo\/image\/\"},\"sameAs\":[\"https:\/\/www.linkedin.com\/company\/etanecgroup\/?viewAsMember=true\"]}]}<\/script>\n<!-- \/ Yoast SEO plugin. -->","yoast_head_json":{"title":"Valise maintenance textile \u00e0 roulettes B-MAX - ETANEC","robots":{"index":"index","follow":"follow","max-snippet":"max-snippet:-1","max-image-preview":"max-image-preview:large","max-video-preview":"max-video-preview:-1"},"canonical":"http:\/\/etanec.fr\/index.php\/produit\/valise-maintenance-textile-a-roulettes-b-max\/","og_locale":"fr_FR","og_type":"article","og_title":"Valise maintenance textile \u00e0 roulettes B-MAX - ETANEC","og_description":"Bo\u00eete \u00e0 outils textile version compacte Heavy duty. Organisation efficace des outils. Am\u00e9nagement int\u00e9rieur : rangement vertical pour acc\u00e8s imm\u00e9diat aux outils,sangle \u00e9lastique de maintien des outils, rack lat\u00e9ral d\u00e9di\u00e9 aux tournevis. Am\u00e9nagement ext\u00e9rieur : 6 poches externes,1 poche sp\u00e9ciale pour une scie,ajustable par bande auto-adh\u00e9sive,1 grande poche pour documents (A4) ou pour ranger la capote de protection. Utilisation simple et confortable.","og_url":"http:\/\/etanec.fr\/index.php\/produit\/valise-maintenance-textile-a-roulettes-b-max\/","og_site_name":"ETANEC","og_image":[{"width":610,"height":610,"url":"https:\/\/i0.wp.com\/etanec.fr\/wp-content\/uploads\/2022\/12\/m475049_610x610.jpeg?fit=610%2C610","type":"image\/jpeg"}],"twitter_card":"summary_large_image","twitter_misc":{"Dur\u00e9e de lecture estim\u00e9e":"1 minute"},"schema":{"@context":"https:\/\/schema.org","@graph":[{"@type":"WebPage","@id":"http:\/\/etanec.fr\/index.php\/produit\/valise-maintenance-textile-a-roulettes-b-max\/","url":"http:\/\/etanec.fr\/index.php\/produit\/valise-maintenance-textile-a-roulettes-b-max\/","name":"Valise maintenance textile \u00e0 roulettes B-MAX - ETANEC","isPartOf":{"@id":"http:\/\/etanec.fr\/#website"},"primaryImageOfPage":{"@id":"http:\/\/etanec.fr\/index.php\/produit\/valise-maintenance-textile-a-roulettes-b-max\/#primaryimage"},"image":{"@id":"http:\/\/etanec.fr\/index.php\/produit\/valise-maintenance-textile-a-roulettes-b-max\/#primaryimage"},"thumbnailUrl":"https:\/\/i0.wp.com\/etanec.fr\/wp-content\/uploads\/2022\/12\/m475049_610x610.jpeg?fit=610%2C610","datePublished":"2023-04-19T09:56:14+00:00","breadcrumb":{"@id":"http:\/\/etanec.fr\/index.php\/produit\/valise-maintenance-textile-a-roulettes-b-max\/#breadcrumb"},"inLanguage":"fr-FR","potentialAction":[{"@type":"ReadAction","target":["http:\/\/etanec.fr\/index.php\/produit\/valise-maintenance-textile-a-roulettes-b-max\/"]}]},{"@type":"ImageObject","inLanguage":"fr-FR","@id":"http:\/\/etanec.fr\/index.php\/produit\/valise-maintenance-textile-a-roulettes-b-max\/#primaryimage","url":"https:\/\/i0.wp.com\/etanec.fr\/wp-content\/uploads\/2022\/12\/m475049_610x610.jpeg?fit=610%2C610","contentUrl":"https:\/\/i0.wp.com\/etanec.fr\/wp-content\/uploads\/2022\/12\/m475049_610x610.jpeg?fit=610%2C610","width":610,"height":610},{"@type":"BreadcrumbList","@id":"http:\/\/etanec.fr\/index.php\/produit\/valise-maintenance-textile-a-roulettes-b-max\/#breadcrumb","itemListElement":[{"@type":"ListItem","position":1,"name":"Accueil","item":"http:\/\/etanec.fr\/"},{"@type":"ListItem","position":2,"name":"Gamme de produits","item":"http:\/\/etanec.fr\/index.php\/boutique\/"},{"@type":"ListItem","position":3,"name":"Valise maintenance textile \u00e0 roulettes B-MAX"}]},{"@type":"WebSite","@id":"http:\/\/etanec.fr\/#website","url":"http:\/\/etanec.fr\/","name":"etanec.fr","description":"Votre Solution en Outillage &amp; Fixation Enveloppe du batiment","publisher":{"@id":"http:\/\/etanec.fr\/#organization"},"potentialAction":[{"@type":"SearchAction","target":{"@type":"EntryPoint","urlTemplate":"http:\/\/etanec.fr\/?s={search_term_string}"},"query-input":{"@type":"PropertyValueSpecification","valueRequired":true,"valueName":"search_term_string"}}],"inLanguage":"fr-FR"},{"@type":"Organization","@id":"http:\/\/etanec.fr\/#organization","name":"etanec.fr","url":"http:\/\/etanec.fr\/","logo":{"@type":"ImageObject","inLanguage":"fr-FR","@id":"http:\/\/etanec.fr\/#\/schema\/logo\/image\/","url":"https:\/\/i0.wp.com\/etanec.fr\/wp-content\/uploads\/2017\/11\/cropped-cropped-cropped-ETANEC-LOGO-2017-RVBTRANSP-HD-e1509965316759.png?fit=350%2C75","contentUrl":"https:\/\/i0.wp.com\/etanec.fr\/wp-content\/uploads\/2017\/11\/cropped-cropped-cropped-ETANEC-LOGO-2017-RVBTRANSP-HD-e1509965316759.png?fit=350%2C75","width":350,"height":75,"caption":"etanec.fr"},"image":{"@id":"http:\/\/etanec.fr\/#\/schema\/logo\/image\/"},"sameAs":["https:\/\/www.linkedin.com\/company\/etanecgroup\/?viewAsMember=true"]}]}},"jetpack_publicize_connections":[],"jetpack_sharing_enabled":true,"_links":{"self":[{"href":"http:\/\/etanec.fr\/index.php\/wp-json\/wp\/v2\/product\/3085","targetHints":{"allow":["GET"]}}],"collection":[{"href":"http:\/\/etanec.fr\/index.php\/wp-json\/wp\/v2\/product"}],"about":[{"href":"http:\/\/etanec.fr\/index.php\/wp-json\/wp\/v2\/types\/product"}],"replies":[{"embeddable":true,"href":"http:\/\/etanec.fr\/index.php\/wp-json\/wp\/v2\/comments?post=3085"}],"version-history":[{"count":2,"href":"http:\/\/etanec.fr\/index.php\/wp-json\/wp\/v2\/product\/3085\/revisions"}],"predecessor-version":[{"id":6537,"href":"http:\/\/etanec.fr\/index.php\/wp-json\/wp\/v2\/product\/3085\/revisions\/6537"}],"wp:featuredmedia":[{"embeddable":true,"href":"http:\/\/etanec.fr\/index.php\/wp-json\/wp\/v2\/media\/3086"}],"wp:attachment":[{"href":"http:\/\/etanec.fr\/index.php\/wp-json\/wp\/v2\/media?parent=3085"}],"wp:term":[{"taxonomy":"product_brand","embeddable":true,"href":"http:\/\/etanec.fr\/index.php\/wp-json\/wp\/v2\/product_brand?post=3085"},{"taxonomy":"product_cat","embeddable":true,"href":"http:\/\/etanec.fr\/index.php\/wp-json\/wp\/v2\/product_cat?post=3085"},{"taxonomy":"product_tag","embeddable":true,"href":"http:\/\/etanec.fr\/index.php\/wp-json\/wp\/v2\/product_tag?post=3085"}],"curies":[{"name":"wp","href":"https:\/\/api.w.org\/{rel}","templated":true}]}}