{"id":3092,"date":"2023-05-03T11:38:35","date_gmt":"2023-05-03T09:38:35","guid":{"rendered":"http:\/\/etanec.fr\/?post_type=product&#038;p=3092"},"modified":"2023-05-03T11:38:36","modified_gmt":"2023-05-03T09:38:36","slug":"sac-a-dos-de-chantier-stanley","status":"publish","type":"product","link":"http:\/\/etanec.fr\/index.php\/produit\/sac-a-dos-de-chantier-stanley\/","title":{"rendered":"Sac \u00e0 dos de chantier STANLEY"},"content":{"rendered":"<p>Poign\u00e9e de transport t\u00e9lescopique, Roues robustes et maniables sur sol rugueux, En Nylon ultra r\u00e9sistant 600 x 600 deniers, Compartiments s\u00e9par\u00e9s pour le rangement d\u2019outils, Sac renforc\u00e9, reste debout en \u00e9tat ouvert ou ferm\u00e9 pour un acc\u00e8s permanent aux outils, Multiples poches externes et internes pour les petites pi\u00e8ces, Double fermeture \u00e0 zip.<\/p>\n","protected":false},"excerpt":{"rendered":"<p>Poign\u00e9e de transport t\u00e9lescopique<\/p>\n<p>Roues robustes et maniables sur sol rugueux<\/p>\n<p>En Nylon ultra r\u00e9sistant 600 x 600 deniers<\/p>\n<p>Compartiments s\u00e9par\u00e9s pour le rangement d\u2019outils<\/p>\n<p>Sac renforc\u00e9, reste debout en \u00e9tat ouvert ou ferm\u00e9 pour un acc\u00e8s permanent aux outils<\/p>\n<p>Multiples poches externes et internes pour les petites pi\u00e8ces, Double fermeture \u00e0 zip.<\/p>\n","protected":false},"featured_media":3094,"comment_status":"open","ping_status":"closed","template":"","meta":{"_monsterinsights_skip_tracking":false,"_monsterinsights_sitenote_active":false,"_monsterinsights_sitenote_note":"","_monsterinsights_sitenote_category":0,"jetpack_publicize_message":"","jetpack_publicize_feature_enabled":true,"jetpack_social_post_already_shared":false,"jetpack_social_options":{"image_generator_settings":{"template":"highway","default_image_id":0,"font":"","enabled":false},"version":2}},"product_brand":[],"product_cat":[75],"product_tag":[],"class_list":{"0":"post-3092","1":"product","2":"type-product","3":"status-publish","6":"product_cat-atelier-chantier","8":"first","9":"instock","10":"taxable","11":"shipping-taxable","12":"product-type-simple"},"yoast_head":"<!-- This site is optimized with the Yoast SEO plugin v26.6 - https:\/\/yoast.com\/wordpress\/plugins\/seo\/ -->\n<title>Sac \u00e0 dos de chantier STANLEY - ETANEC<\/title>\n<meta name=\"robots\" content=\"index, follow, max-snippet:-1, max-image-preview:large, max-video-preview:-1\" \/>\n<link rel=\"canonical\" href=\"https:\/\/etanec.fr\/index.php\/produit\/sac-a-dos-de-chantier-stanley\/\" \/>\n<meta property=\"og:locale\" content=\"fr_FR\" \/>\n<meta property=\"og:type\" content=\"article\" \/>\n<meta property=\"og:title\" content=\"Sac \u00e0 dos de chantier STANLEY - ETANEC\" \/>\n<meta property=\"og:description\" content=\"Poign\u00e9e de transport t\u00e9lescopique  Roues robustes et maniables sur sol rugueux  En Nylon ultra r\u00e9sistant 600 x 600 deniers  Compartiments s\u00e9par\u00e9s pour le rangement d\u2019outils  Sac renforc\u00e9, reste debout en \u00e9tat ouvert ou ferm\u00e9 pour un acc\u00e8s permanent aux outils  Multiples poches externes et internes pour les petites pi\u00e8ces, Double fermeture \u00e0 zip.\" \/>\n<meta property=\"og:url\" content=\"https:\/\/etanec.fr\/index.php\/produit\/sac-a-dos-de-chantier-stanley\/\" \/>\n<meta property=\"og:site_name\" content=\"ETANEC\" \/>\n<meta property=\"article:modified_time\" content=\"2023-05-03T09:38:36+00:00\" \/>\n<meta property=\"og:image\" content=\"https:\/\/i0.wp.com\/etanec.fr\/wp-content\/uploads\/2022\/12\/m475067__1_610x610.jpg?fit=610%2C610&ssl=1\" \/>\n\t<meta property=\"og:image:width\" content=\"610\" \/>\n\t<meta property=\"og:image:height\" content=\"610\" \/>\n\t<meta property=\"og:image:type\" content=\"image\/jpeg\" \/>\n<meta name=\"twitter:card\" content=\"summary_large_image\" \/>\n<meta name=\"twitter:label1\" content=\"Dur\u00e9e de lecture estim\u00e9e\" \/>\n\t<meta name=\"twitter:data1\" content=\"1 minute\" \/>\n<script type=\"application\/ld+json\" class=\"yoast-schema-graph\">{\"@context\":\"https:\/\/schema.org\",\"@graph\":[{\"@type\":\"WebPage\",\"@id\":\"https:\/\/etanec.fr\/index.php\/produit\/sac-a-dos-de-chantier-stanley\/\",\"url\":\"https:\/\/etanec.fr\/index.php\/produit\/sac-a-dos-de-chantier-stanley\/\",\"name\":\"Sac \u00e0 dos de chantier STANLEY - ETANEC\",\"isPartOf\":{\"@id\":\"https:\/\/etanec.fr\/#website\"},\"primaryImageOfPage\":{\"@id\":\"https:\/\/etanec.fr\/index.php\/produit\/sac-a-dos-de-chantier-stanley\/#primaryimage\"},\"image\":{\"@id\":\"https:\/\/etanec.fr\/index.php\/produit\/sac-a-dos-de-chantier-stanley\/#primaryimage\"},\"thumbnailUrl\":\"https:\/\/i0.wp.com\/etanec.fr\/wp-content\/uploads\/2022\/12\/m475067__1_610x610.jpg?fit=610%2C610\",\"datePublished\":\"2023-05-03T09:38:35+00:00\",\"dateModified\":\"2023-05-03T09:38:36+00:00\",\"breadcrumb\":{\"@id\":\"https:\/\/etanec.fr\/index.php\/produit\/sac-a-dos-de-chantier-stanley\/#breadcrumb\"},\"inLanguage\":\"fr-FR\",\"potentialAction\":[{\"@type\":\"ReadAction\",\"target\":[\"https:\/\/etanec.fr\/index.php\/produit\/sac-a-dos-de-chantier-stanley\/\"]}]},{\"@type\":\"ImageObject\",\"inLanguage\":\"fr-FR\",\"@id\":\"https:\/\/etanec.fr\/index.php\/produit\/sac-a-dos-de-chantier-stanley\/#primaryimage\",\"url\":\"https:\/\/i0.wp.com\/etanec.fr\/wp-content\/uploads\/2022\/12\/m475067__1_610x610.jpg?fit=610%2C610\",\"contentUrl\":\"https:\/\/i0.wp.com\/etanec.fr\/wp-content\/uploads\/2022\/12\/m475067__1_610x610.jpg?fit=610%2C610\",\"width\":610,\"height\":610},{\"@type\":\"BreadcrumbList\",\"@id\":\"https:\/\/etanec.fr\/index.php\/produit\/sac-a-dos-de-chantier-stanley\/#breadcrumb\",\"itemListElement\":[{\"@type\":\"ListItem\",\"position\":1,\"name\":\"Accueil\",\"item\":\"http:\/\/etanec.fr\/\"},{\"@type\":\"ListItem\",\"position\":2,\"name\":\"Gamme de produits\",\"item\":\"http:\/\/etanec.fr\/index.php\/boutique\/\"},{\"@type\":\"ListItem\",\"position\":3,\"name\":\"Sac \u00e0 dos de chantier STANLEY\"}]},{\"@type\":\"WebSite\",\"@id\":\"https:\/\/etanec.fr\/#website\",\"url\":\"https:\/\/etanec.fr\/\",\"name\":\"etanec.fr\",\"description\":\"Votre Solution en Outillage &amp; Fixation Enveloppe du batiment\",\"publisher\":{\"@id\":\"https:\/\/etanec.fr\/#organization\"},\"potentialAction\":[{\"@type\":\"SearchAction\",\"target\":{\"@type\":\"EntryPoint\",\"urlTemplate\":\"https:\/\/etanec.fr\/?s={search_term_string}\"},\"query-input\":{\"@type\":\"PropertyValueSpecification\",\"valueRequired\":true,\"valueName\":\"search_term_string\"}}],\"inLanguage\":\"fr-FR\"},{\"@type\":\"Organization\",\"@id\":\"https:\/\/etanec.fr\/#organization\",\"name\":\"etanec.fr\",\"url\":\"https:\/\/etanec.fr\/\",\"logo\":{\"@type\":\"ImageObject\",\"inLanguage\":\"fr-FR\",\"@id\":\"https:\/\/etanec.fr\/#\/schema\/logo\/image\/\",\"url\":\"https:\/\/i0.wp.com\/etanec.fr\/wp-content\/uploads\/2017\/11\/cropped-cropped-cropped-ETANEC-LOGO-2017-RVBTRANSP-HD-e1509965316759.png?fit=350%2C75\",\"contentUrl\":\"https:\/\/i0.wp.com\/etanec.fr\/wp-content\/uploads\/2017\/11\/cropped-cropped-cropped-ETANEC-LOGO-2017-RVBTRANSP-HD-e1509965316759.png?fit=350%2C75\",\"width\":350,\"height\":75,\"caption\":\"etanec.fr\"},\"image\":{\"@id\":\"https:\/\/etanec.fr\/#\/schema\/logo\/image\/\"},\"sameAs\":[\"https:\/\/www.linkedin.com\/company\/etanecgroup\/?viewAsMember=true\"]}]}<\/script>\n<!-- \/ Yoast SEO plugin. -->","yoast_head_json":{"title":"Sac \u00e0 dos de chantier STANLEY - ETANEC","robots":{"index":"index","follow":"follow","max-snippet":"max-snippet:-1","max-image-preview":"max-image-preview:large","max-video-preview":"max-video-preview:-1"},"canonical":"https:\/\/etanec.fr\/index.php\/produit\/sac-a-dos-de-chantier-stanley\/","og_locale":"fr_FR","og_type":"article","og_title":"Sac \u00e0 dos de chantier STANLEY - ETANEC","og_description":"Poign\u00e9e de transport t\u00e9lescopique  Roues robustes et maniables sur sol rugueux  En Nylon ultra r\u00e9sistant 600 x 600 deniers  Compartiments s\u00e9par\u00e9s pour le rangement d\u2019outils  Sac renforc\u00e9, reste debout en \u00e9tat ouvert ou ferm\u00e9 pour un acc\u00e8s permanent aux outils  Multiples poches externes et internes pour les petites pi\u00e8ces, Double fermeture \u00e0 zip.","og_url":"https:\/\/etanec.fr\/index.php\/produit\/sac-a-dos-de-chantier-stanley\/","og_site_name":"ETANEC","article_modified_time":"2023-05-03T09:38:36+00:00","og_image":[{"width":610,"height":610,"url":"https:\/\/i0.wp.com\/etanec.fr\/wp-content\/uploads\/2022\/12\/m475067__1_610x610.jpg?fit=610%2C610&ssl=1","type":"image\/jpeg"}],"twitter_card":"summary_large_image","twitter_misc":{"Dur\u00e9e de lecture estim\u00e9e":"1 minute"},"schema":{"@context":"https:\/\/schema.org","@graph":[{"@type":"WebPage","@id":"https:\/\/etanec.fr\/index.php\/produit\/sac-a-dos-de-chantier-stanley\/","url":"https:\/\/etanec.fr\/index.php\/produit\/sac-a-dos-de-chantier-stanley\/","name":"Sac \u00e0 dos de chantier STANLEY - ETANEC","isPartOf":{"@id":"https:\/\/etanec.fr\/#website"},"primaryImageOfPage":{"@id":"https:\/\/etanec.fr\/index.php\/produit\/sac-a-dos-de-chantier-stanley\/#primaryimage"},"image":{"@id":"https:\/\/etanec.fr\/index.php\/produit\/sac-a-dos-de-chantier-stanley\/#primaryimage"},"thumbnailUrl":"https:\/\/i0.wp.com\/etanec.fr\/wp-content\/uploads\/2022\/12\/m475067__1_610x610.jpg?fit=610%2C610","datePublished":"2023-05-03T09:38:35+00:00","dateModified":"2023-05-03T09:38:36+00:00","breadcrumb":{"@id":"https:\/\/etanec.fr\/index.php\/produit\/sac-a-dos-de-chantier-stanley\/#breadcrumb"},"inLanguage":"fr-FR","potentialAction":[{"@type":"ReadAction","target":["https:\/\/etanec.fr\/index.php\/produit\/sac-a-dos-de-chantier-stanley\/"]}]},{"@type":"ImageObject","inLanguage":"fr-FR","@id":"https:\/\/etanec.fr\/index.php\/produit\/sac-a-dos-de-chantier-stanley\/#primaryimage","url":"https:\/\/i0.wp.com\/etanec.fr\/wp-content\/uploads\/2022\/12\/m475067__1_610x610.jpg?fit=610%2C610","contentUrl":"https:\/\/i0.wp.com\/etanec.fr\/wp-content\/uploads\/2022\/12\/m475067__1_610x610.jpg?fit=610%2C610","width":610,"height":610},{"@type":"BreadcrumbList","@id":"https:\/\/etanec.fr\/index.php\/produit\/sac-a-dos-de-chantier-stanley\/#breadcrumb","itemListElement":[{"@type":"ListItem","position":1,"name":"Accueil","item":"http:\/\/etanec.fr\/"},{"@type":"ListItem","position":2,"name":"Gamme de produits","item":"http:\/\/etanec.fr\/index.php\/boutique\/"},{"@type":"ListItem","position":3,"name":"Sac \u00e0 dos de chantier STANLEY"}]},{"@type":"WebSite","@id":"https:\/\/etanec.fr\/#website","url":"https:\/\/etanec.fr\/","name":"etanec.fr","description":"Votre Solution en Outillage &amp; Fixation Enveloppe du batiment","publisher":{"@id":"https:\/\/etanec.fr\/#organization"},"potentialAction":[{"@type":"SearchAction","target":{"@type":"EntryPoint","urlTemplate":"https:\/\/etanec.fr\/?s={search_term_string}"},"query-input":{"@type":"PropertyValueSpecification","valueRequired":true,"valueName":"search_term_string"}}],"inLanguage":"fr-FR"},{"@type":"Organization","@id":"https:\/\/etanec.fr\/#organization","name":"etanec.fr","url":"https:\/\/etanec.fr\/","logo":{"@type":"ImageObject","inLanguage":"fr-FR","@id":"https:\/\/etanec.fr\/#\/schema\/logo\/image\/","url":"https:\/\/i0.wp.com\/etanec.fr\/wp-content\/uploads\/2017\/11\/cropped-cropped-cropped-ETANEC-LOGO-2017-RVBTRANSP-HD-e1509965316759.png?fit=350%2C75","contentUrl":"https:\/\/i0.wp.com\/etanec.fr\/wp-content\/uploads\/2017\/11\/cropped-cropped-cropped-ETANEC-LOGO-2017-RVBTRANSP-HD-e1509965316759.png?fit=350%2C75","width":350,"height":75,"caption":"etanec.fr"},"image":{"@id":"https:\/\/etanec.fr\/#\/schema\/logo\/image\/"},"sameAs":["https:\/\/www.linkedin.com\/company\/etanecgroup\/?viewAsMember=true"]}]}},"jetpack_publicize_connections":[],"jetpack_sharing_enabled":true,"_links":{"self":[{"href":"http:\/\/etanec.fr\/index.php\/wp-json\/wp\/v2\/product\/3092","targetHints":{"allow":["GET"]}}],"collection":[{"href":"http:\/\/etanec.fr\/index.php\/wp-json\/wp\/v2\/product"}],"about":[{"href":"http:\/\/etanec.fr\/index.php\/wp-json\/wp\/v2\/types\/product"}],"replies":[{"embeddable":true,"href":"http:\/\/etanec.fr\/index.php\/wp-json\/wp\/v2\/comments?post=3092"}],"version-history":[{"count":2,"href":"http:\/\/etanec.fr\/index.php\/wp-json\/wp\/v2\/product\/3092\/revisions"}],"predecessor-version":[{"id":6550,"href":"http:\/\/etanec.fr\/index.php\/wp-json\/wp\/v2\/product\/3092\/revisions\/6550"}],"wp:featuredmedia":[{"embeddable":true,"href":"http:\/\/etanec.fr\/index.php\/wp-json\/wp\/v2\/media\/3094"}],"wp:attachment":[{"href":"http:\/\/etanec.fr\/index.php\/wp-json\/wp\/v2\/media?parent=3092"}],"wp:term":[{"taxonomy":"product_brand","embeddable":true,"href":"http:\/\/etanec.fr\/index.php\/wp-json\/wp\/v2\/product_brand?post=3092"},{"taxonomy":"product_cat","embeddable":true,"href":"http:\/\/etanec.fr\/index.php\/wp-json\/wp\/v2\/product_cat?post=3092"},{"taxonomy":"product_tag","embeddable":true,"href":"http:\/\/etanec.fr\/index.php\/wp-json\/wp\/v2\/product_tag?post=3092"}],"curies":[{"name":"wp","href":"https:\/\/api.w.org\/{rel}","templated":true}]}}