{"id":3100,"date":"2023-05-03T11:43:32","date_gmt":"2023-05-03T09:43:32","guid":{"rendered":"http:\/\/etanec.fr\/?post_type=product&#038;p=3100"},"modified":"2023-05-03T11:43:33","modified_gmt":"2023-05-03T09:43:33","slug":"roulotte-de-chantier-stanley-fatmax-113l","status":"publish","type":"product","link":"http:\/\/etanec.fr\/index.php\/produit\/roulotte-de-chantier-stanley-fatmax-113l\/","title":{"rendered":"Roulotte de chantier STANLEY FATMAX 113L"},"content":{"rendered":"<p>Roues grand diam\u00e8tre, tout terrain,\u00a0Poign\u00e9e lat\u00e9rale arri\u00e8re facilite le chargement et le d\u00e9chargement,\u00a0Poign\u00e9e t\u00e9lescopique bimati\u00e8re,\u00a0Larges attaches m\u00e9talliques anti-corrosion,\u00a0Nombreux rangement verticaux,\u00a0Porte plateau int\u00e9gr\u00e9 &#8211; Serrure int\u00e9gr\u00e9e avec cl\u00e9s,\u00a0Etanche.\u00a0Dimensions (LxHxP): 910x516x431mm,\u00a0Volume: 113L.<\/p>\n","protected":false},"excerpt":{"rendered":"<p>Roues grand diam\u00e8tre, tout terrain<\/p>\n<p>Poign\u00e9e lat\u00e9rale arri\u00e8re facilite le chargement et le d\u00e9chargement<\/p>\n<p>Poign\u00e9e t\u00e9lescopique bimati\u00e8re<\/p>\n<p>Larges attaches m\u00e9talliques anti-corrosion<\/p>\n<p>Nombreux rangement verticaux, Porte plateau int\u00e9gr\u00e9 &#8211; Serrure int\u00e9gr\u00e9e avec cl\u00e9s, Etanche<\/p>\n<p>Dimensions (LxHxP): 910x516x431mm<\/p>\n<p>Volume: 113L.<\/p>\n","protected":false},"featured_media":3102,"comment_status":"open","ping_status":"closed","template":"","meta":{"_monsterinsights_skip_tracking":false,"_monsterinsights_sitenote_active":false,"_monsterinsights_sitenote_note":"","_monsterinsights_sitenote_category":0,"jetpack_publicize_message":"","jetpack_publicize_feature_enabled":true,"jetpack_social_post_already_shared":false,"jetpack_social_options":{"image_generator_settings":{"template":"highway","default_image_id":0,"font":"","enabled":false},"version":2}},"product_brand":[],"product_cat":[75],"product_tag":[],"class_list":{"0":"post-3100","1":"product","2":"type-product","3":"status-publish","6":"product_cat-atelier-chantier","8":"first","9":"instock","10":"taxable","11":"shipping-taxable","12":"product-type-simple"},"yoast_head":"<!-- This site is optimized with the Yoast SEO plugin v26.6 - https:\/\/yoast.com\/wordpress\/plugins\/seo\/ -->\n<title>Roulotte de chantier STANLEY FATMAX 113L - ETANEC<\/title>\n<meta name=\"robots\" content=\"index, follow, max-snippet:-1, max-image-preview:large, max-video-preview:-1\" \/>\n<link rel=\"canonical\" href=\"http:\/\/etanec.fr\/index.php\/produit\/roulotte-de-chantier-stanley-fatmax-113l\/\" \/>\n<meta property=\"og:locale\" content=\"fr_FR\" \/>\n<meta property=\"og:type\" content=\"article\" \/>\n<meta property=\"og:title\" content=\"Roulotte de chantier STANLEY FATMAX 113L - ETANEC\" \/>\n<meta property=\"og:description\" content=\"Roues grand diam\u00e8tre, tout terrain  Poign\u00e9e lat\u00e9rale arri\u00e8re facilite le chargement et le d\u00e9chargement  Poign\u00e9e t\u00e9lescopique bimati\u00e8re  Larges attaches m\u00e9talliques anti-corrosion  Nombreux rangement verticaux, Porte plateau int\u00e9gr\u00e9 - Serrure int\u00e9gr\u00e9e avec cl\u00e9s, Etanche  Dimensions (LxHxP): 910x516x431mm  Volume: 113L.\" \/>\n<meta property=\"og:url\" content=\"http:\/\/etanec.fr\/index.php\/produit\/roulotte-de-chantier-stanley-fatmax-113l\/\" \/>\n<meta property=\"og:site_name\" content=\"ETANEC\" \/>\n<meta property=\"article:modified_time\" content=\"2023-05-03T09:43:33+00:00\" \/>\n<meta property=\"og:image\" content=\"https:\/\/i0.wp.com\/etanec.fr\/wp-content\/uploads\/2022\/12\/m375113__1_610x610.jpg?fit=610%2C610\" \/>\n\t<meta property=\"og:image:width\" content=\"610\" \/>\n\t<meta property=\"og:image:height\" content=\"610\" \/>\n\t<meta property=\"og:image:type\" content=\"image\/jpeg\" \/>\n<meta name=\"twitter:card\" content=\"summary_large_image\" \/>\n<meta name=\"twitter:label1\" content=\"Dur\u00e9e de lecture estim\u00e9e\" \/>\n\t<meta name=\"twitter:data1\" content=\"1 minute\" \/>\n<script type=\"application\/ld+json\" class=\"yoast-schema-graph\">{\"@context\":\"https:\/\/schema.org\",\"@graph\":[{\"@type\":\"WebPage\",\"@id\":\"http:\/\/etanec.fr\/index.php\/produit\/roulotte-de-chantier-stanley-fatmax-113l\/\",\"url\":\"http:\/\/etanec.fr\/index.php\/produit\/roulotte-de-chantier-stanley-fatmax-113l\/\",\"name\":\"Roulotte de chantier STANLEY FATMAX 113L - ETANEC\",\"isPartOf\":{\"@id\":\"http:\/\/etanec.fr\/#website\"},\"primaryImageOfPage\":{\"@id\":\"http:\/\/etanec.fr\/index.php\/produit\/roulotte-de-chantier-stanley-fatmax-113l\/#primaryimage\"},\"image\":{\"@id\":\"http:\/\/etanec.fr\/index.php\/produit\/roulotte-de-chantier-stanley-fatmax-113l\/#primaryimage\"},\"thumbnailUrl\":\"https:\/\/i0.wp.com\/etanec.fr\/wp-content\/uploads\/2022\/12\/m375113__1_610x610.jpg?fit=610%2C610\",\"datePublished\":\"2023-05-03T09:43:32+00:00\",\"dateModified\":\"2023-05-03T09:43:33+00:00\",\"breadcrumb\":{\"@id\":\"http:\/\/etanec.fr\/index.php\/produit\/roulotte-de-chantier-stanley-fatmax-113l\/#breadcrumb\"},\"inLanguage\":\"fr-FR\",\"potentialAction\":[{\"@type\":\"ReadAction\",\"target\":[\"http:\/\/etanec.fr\/index.php\/produit\/roulotte-de-chantier-stanley-fatmax-113l\/\"]}]},{\"@type\":\"ImageObject\",\"inLanguage\":\"fr-FR\",\"@id\":\"http:\/\/etanec.fr\/index.php\/produit\/roulotte-de-chantier-stanley-fatmax-113l\/#primaryimage\",\"url\":\"https:\/\/i0.wp.com\/etanec.fr\/wp-content\/uploads\/2022\/12\/m375113__1_610x610.jpg?fit=610%2C610\",\"contentUrl\":\"https:\/\/i0.wp.com\/etanec.fr\/wp-content\/uploads\/2022\/12\/m375113__1_610x610.jpg?fit=610%2C610\",\"width\":610,\"height\":610},{\"@type\":\"BreadcrumbList\",\"@id\":\"http:\/\/etanec.fr\/index.php\/produit\/roulotte-de-chantier-stanley-fatmax-113l\/#breadcrumb\",\"itemListElement\":[{\"@type\":\"ListItem\",\"position\":1,\"name\":\"Accueil\",\"item\":\"http:\/\/etanec.fr\/\"},{\"@type\":\"ListItem\",\"position\":2,\"name\":\"Gamme de produits\",\"item\":\"http:\/\/etanec.fr\/index.php\/boutique\/\"},{\"@type\":\"ListItem\",\"position\":3,\"name\":\"Roulotte de chantier STANLEY FATMAX 113L\"}]},{\"@type\":\"WebSite\",\"@id\":\"http:\/\/etanec.fr\/#website\",\"url\":\"http:\/\/etanec.fr\/\",\"name\":\"etanec.fr\",\"description\":\"Votre Solution en Outillage &amp; Fixation Enveloppe du batiment\",\"publisher\":{\"@id\":\"http:\/\/etanec.fr\/#organization\"},\"potentialAction\":[{\"@type\":\"SearchAction\",\"target\":{\"@type\":\"EntryPoint\",\"urlTemplate\":\"http:\/\/etanec.fr\/?s={search_term_string}\"},\"query-input\":{\"@type\":\"PropertyValueSpecification\",\"valueRequired\":true,\"valueName\":\"search_term_string\"}}],\"inLanguage\":\"fr-FR\"},{\"@type\":\"Organization\",\"@id\":\"http:\/\/etanec.fr\/#organization\",\"name\":\"etanec.fr\",\"url\":\"http:\/\/etanec.fr\/\",\"logo\":{\"@type\":\"ImageObject\",\"inLanguage\":\"fr-FR\",\"@id\":\"http:\/\/etanec.fr\/#\/schema\/logo\/image\/\",\"url\":\"https:\/\/i0.wp.com\/etanec.fr\/wp-content\/uploads\/2017\/11\/cropped-cropped-cropped-ETANEC-LOGO-2017-RVBTRANSP-HD-e1509965316759.png?fit=350%2C75\",\"contentUrl\":\"https:\/\/i0.wp.com\/etanec.fr\/wp-content\/uploads\/2017\/11\/cropped-cropped-cropped-ETANEC-LOGO-2017-RVBTRANSP-HD-e1509965316759.png?fit=350%2C75\",\"width\":350,\"height\":75,\"caption\":\"etanec.fr\"},\"image\":{\"@id\":\"http:\/\/etanec.fr\/#\/schema\/logo\/image\/\"},\"sameAs\":[\"https:\/\/www.linkedin.com\/company\/etanecgroup\/?viewAsMember=true\"]}]}<\/script>\n<!-- \/ Yoast SEO plugin. -->","yoast_head_json":{"title":"Roulotte de chantier STANLEY FATMAX 113L - ETANEC","robots":{"index":"index","follow":"follow","max-snippet":"max-snippet:-1","max-image-preview":"max-image-preview:large","max-video-preview":"max-video-preview:-1"},"canonical":"http:\/\/etanec.fr\/index.php\/produit\/roulotte-de-chantier-stanley-fatmax-113l\/","og_locale":"fr_FR","og_type":"article","og_title":"Roulotte de chantier STANLEY FATMAX 113L - ETANEC","og_description":"Roues grand diam\u00e8tre, tout terrain  Poign\u00e9e lat\u00e9rale arri\u00e8re facilite le chargement et le d\u00e9chargement  Poign\u00e9e t\u00e9lescopique bimati\u00e8re  Larges attaches m\u00e9talliques anti-corrosion  Nombreux rangement verticaux, Porte plateau int\u00e9gr\u00e9 - Serrure int\u00e9gr\u00e9e avec cl\u00e9s, Etanche  Dimensions (LxHxP): 910x516x431mm  Volume: 113L.","og_url":"http:\/\/etanec.fr\/index.php\/produit\/roulotte-de-chantier-stanley-fatmax-113l\/","og_site_name":"ETANEC","article_modified_time":"2023-05-03T09:43:33+00:00","og_image":[{"width":610,"height":610,"url":"https:\/\/i0.wp.com\/etanec.fr\/wp-content\/uploads\/2022\/12\/m375113__1_610x610.jpg?fit=610%2C610","type":"image\/jpeg"}],"twitter_card":"summary_large_image","twitter_misc":{"Dur\u00e9e de lecture estim\u00e9e":"1 minute"},"schema":{"@context":"https:\/\/schema.org","@graph":[{"@type":"WebPage","@id":"http:\/\/etanec.fr\/index.php\/produit\/roulotte-de-chantier-stanley-fatmax-113l\/","url":"http:\/\/etanec.fr\/index.php\/produit\/roulotte-de-chantier-stanley-fatmax-113l\/","name":"Roulotte de chantier STANLEY FATMAX 113L - ETANEC","isPartOf":{"@id":"http:\/\/etanec.fr\/#website"},"primaryImageOfPage":{"@id":"http:\/\/etanec.fr\/index.php\/produit\/roulotte-de-chantier-stanley-fatmax-113l\/#primaryimage"},"image":{"@id":"http:\/\/etanec.fr\/index.php\/produit\/roulotte-de-chantier-stanley-fatmax-113l\/#primaryimage"},"thumbnailUrl":"https:\/\/i0.wp.com\/etanec.fr\/wp-content\/uploads\/2022\/12\/m375113__1_610x610.jpg?fit=610%2C610","datePublished":"2023-05-03T09:43:32+00:00","dateModified":"2023-05-03T09:43:33+00:00","breadcrumb":{"@id":"http:\/\/etanec.fr\/index.php\/produit\/roulotte-de-chantier-stanley-fatmax-113l\/#breadcrumb"},"inLanguage":"fr-FR","potentialAction":[{"@type":"ReadAction","target":["http:\/\/etanec.fr\/index.php\/produit\/roulotte-de-chantier-stanley-fatmax-113l\/"]}]},{"@type":"ImageObject","inLanguage":"fr-FR","@id":"http:\/\/etanec.fr\/index.php\/produit\/roulotte-de-chantier-stanley-fatmax-113l\/#primaryimage","url":"https:\/\/i0.wp.com\/etanec.fr\/wp-content\/uploads\/2022\/12\/m375113__1_610x610.jpg?fit=610%2C610","contentUrl":"https:\/\/i0.wp.com\/etanec.fr\/wp-content\/uploads\/2022\/12\/m375113__1_610x610.jpg?fit=610%2C610","width":610,"height":610},{"@type":"BreadcrumbList","@id":"http:\/\/etanec.fr\/index.php\/produit\/roulotte-de-chantier-stanley-fatmax-113l\/#breadcrumb","itemListElement":[{"@type":"ListItem","position":1,"name":"Accueil","item":"http:\/\/etanec.fr\/"},{"@type":"ListItem","position":2,"name":"Gamme de produits","item":"http:\/\/etanec.fr\/index.php\/boutique\/"},{"@type":"ListItem","position":3,"name":"Roulotte de chantier STANLEY FATMAX 113L"}]},{"@type":"WebSite","@id":"http:\/\/etanec.fr\/#website","url":"http:\/\/etanec.fr\/","name":"etanec.fr","description":"Votre Solution en Outillage &amp; Fixation Enveloppe du batiment","publisher":{"@id":"http:\/\/etanec.fr\/#organization"},"potentialAction":[{"@type":"SearchAction","target":{"@type":"EntryPoint","urlTemplate":"http:\/\/etanec.fr\/?s={search_term_string}"},"query-input":{"@type":"PropertyValueSpecification","valueRequired":true,"valueName":"search_term_string"}}],"inLanguage":"fr-FR"},{"@type":"Organization","@id":"http:\/\/etanec.fr\/#organization","name":"etanec.fr","url":"http:\/\/etanec.fr\/","logo":{"@type":"ImageObject","inLanguage":"fr-FR","@id":"http:\/\/etanec.fr\/#\/schema\/logo\/image\/","url":"https:\/\/i0.wp.com\/etanec.fr\/wp-content\/uploads\/2017\/11\/cropped-cropped-cropped-ETANEC-LOGO-2017-RVBTRANSP-HD-e1509965316759.png?fit=350%2C75","contentUrl":"https:\/\/i0.wp.com\/etanec.fr\/wp-content\/uploads\/2017\/11\/cropped-cropped-cropped-ETANEC-LOGO-2017-RVBTRANSP-HD-e1509965316759.png?fit=350%2C75","width":350,"height":75,"caption":"etanec.fr"},"image":{"@id":"http:\/\/etanec.fr\/#\/schema\/logo\/image\/"},"sameAs":["https:\/\/www.linkedin.com\/company\/etanecgroup\/?viewAsMember=true"]}]}},"jetpack_publicize_connections":[],"jetpack_sharing_enabled":true,"_links":{"self":[{"href":"http:\/\/etanec.fr\/index.php\/wp-json\/wp\/v2\/product\/3100","targetHints":{"allow":["GET"]}}],"collection":[{"href":"http:\/\/etanec.fr\/index.php\/wp-json\/wp\/v2\/product"}],"about":[{"href":"http:\/\/etanec.fr\/index.php\/wp-json\/wp\/v2\/types\/product"}],"replies":[{"embeddable":true,"href":"http:\/\/etanec.fr\/index.php\/wp-json\/wp\/v2\/comments?post=3100"}],"version-history":[{"count":2,"href":"http:\/\/etanec.fr\/index.php\/wp-json\/wp\/v2\/product\/3100\/revisions"}],"predecessor-version":[{"id":6552,"href":"http:\/\/etanec.fr\/index.php\/wp-json\/wp\/v2\/product\/3100\/revisions\/6552"}],"wp:featuredmedia":[{"embeddable":true,"href":"http:\/\/etanec.fr\/index.php\/wp-json\/wp\/v2\/media\/3102"}],"wp:attachment":[{"href":"http:\/\/etanec.fr\/index.php\/wp-json\/wp\/v2\/media?parent=3100"}],"wp:term":[{"taxonomy":"product_brand","embeddable":true,"href":"http:\/\/etanec.fr\/index.php\/wp-json\/wp\/v2\/product_brand?post=3100"},{"taxonomy":"product_cat","embeddable":true,"href":"http:\/\/etanec.fr\/index.php\/wp-json\/wp\/v2\/product_cat?post=3100"},{"taxonomy":"product_tag","embeddable":true,"href":"http:\/\/etanec.fr\/index.php\/wp-json\/wp\/v2\/product_tag?post=3100"}],"curies":[{"name":"wp","href":"https:\/\/api.w.org\/{rel}","templated":true}]}}