{"id":3104,"date":"2023-05-03T11:45:16","date_gmt":"2023-05-03T09:45:16","guid":{"rendered":"http:\/\/etanec.fr\/?post_type=product&#038;p=3104"},"modified":"2023-05-03T11:45:16","modified_gmt":"2023-05-03T09:45:16","slug":"servante-datelier-bi-matiere-stanley","status":"publish","type":"product","link":"http:\/\/etanec.fr\/index.php\/produit\/servante-datelier-bi-matiere-stanley\/","title":{"rendered":"Servante d&rsquo;atelier bi-mati\u00e8re STANLEY"},"content":{"rendered":"<p>Bo\u00eete \u00e0 outils amovible de 50cm avec porte outils int\u00e9gr\u00e9 &#8211; cadenassable.\u00a0Large attaches m\u00e9talliques anti-corrosion.\u00a01 tiroir de 10cm de profondeur mont\u00e9 sur glissi\u00e8re m\u00e9tal \u00e0 roulement \u00e0 billes.\u00a0Roues grands diam\u00e8tre pour une manipulation ais\u00e9e.\u00a0Syst\u00e8me \u00ab\u00a0Cantilever\u00a0\u00bb pour un acc\u00e8s simultan\u00e9 \u00e0 l&rsquo;int\u00e9gralit\u00e9 des compartiments de rangement.<\/p>\n","protected":false},"excerpt":{"rendered":"<p>Bo\u00eete \u00e0 outils amovible de 50cm avec porte outils int\u00e9gr\u00e9 &#8211; cadenassable<\/p>\n<p>Large attaches m\u00e9talliques anti-corrosion. 1 tiroir de 10cm de profondeur mont\u00e9 sur glissi\u00e8re m\u00e9tal \u00e0 roulement \u00e0 billes<\/p>\n<p>Roues grands diam\u00e8tre pour une manipulation ais\u00e9e<\/p>\n<p>Syst\u00e8me \u00ab\u00a0Cantilever\u00a0\u00bb pour un acc\u00e8s simultan\u00e9 \u00e0 l&rsquo;int\u00e9gralit\u00e9 des compartiments de rangement<\/p>\n","protected":false},"featured_media":3106,"comment_status":"open","ping_status":"closed","template":"","meta":{"_monsterinsights_skip_tracking":false,"_monsterinsights_sitenote_active":false,"_monsterinsights_sitenote_note":"","_monsterinsights_sitenote_category":0,"jetpack_publicize_message":"","jetpack_publicize_feature_enabled":true,"jetpack_social_post_already_shared":false,"jetpack_social_options":{"image_generator_settings":{"template":"highway","default_image_id":0,"font":"","enabled":false},"version":2}},"product_brand":[],"product_cat":[75],"product_tag":[],"class_list":{"0":"post-3104","1":"product","2":"type-product","3":"status-publish","6":"product_cat-atelier-chantier","8":"first","9":"instock","10":"taxable","11":"shipping-taxable","12":"product-type-simple"},"yoast_head":"<!-- This site is optimized with the Yoast SEO plugin v26.6 - https:\/\/yoast.com\/wordpress\/plugins\/seo\/ -->\n<title>Servante d&#039;atelier bi-mati\u00e8re STANLEY - ETANEC<\/title>\n<meta name=\"robots\" content=\"index, follow, max-snippet:-1, max-image-preview:large, max-video-preview:-1\" \/>\n<link rel=\"canonical\" href=\"http:\/\/etanec.fr\/index.php\/produit\/servante-datelier-bi-matiere-stanley\/\" \/>\n<meta property=\"og:locale\" content=\"fr_FR\" \/>\n<meta property=\"og:type\" content=\"article\" \/>\n<meta property=\"og:title\" content=\"Servante d&#039;atelier bi-mati\u00e8re STANLEY - ETANEC\" \/>\n<meta property=\"og:description\" content=\"Bo\u00eete \u00e0 outils amovible de 50cm avec porte outils int\u00e9gr\u00e9 - cadenassable  Large attaches m\u00e9talliques anti-corrosion. 1 tiroir de 10cm de profondeur mont\u00e9 sur glissi\u00e8re m\u00e9tal \u00e0 roulement \u00e0 billes  Roues grands diam\u00e8tre pour une manipulation ais\u00e9e  Syst\u00e8me &quot;Cantilever&quot; pour un acc\u00e8s simultan\u00e9 \u00e0 l&#039;int\u00e9gralit\u00e9 des compartiments de rangement\" \/>\n<meta property=\"og:url\" content=\"http:\/\/etanec.fr\/index.php\/produit\/servante-datelier-bi-matiere-stanley\/\" \/>\n<meta property=\"og:site_name\" content=\"ETANEC\" \/>\n<meta property=\"og:image\" content=\"https:\/\/i0.wp.com\/etanec.fr\/wp-content\/uploads\/2022\/12\/m375002_610x610.jpg?fit=610%2C610\" \/>\n\t<meta property=\"og:image:width\" content=\"610\" \/>\n\t<meta property=\"og:image:height\" content=\"610\" \/>\n\t<meta property=\"og:image:type\" content=\"image\/jpeg\" \/>\n<meta name=\"twitter:card\" content=\"summary_large_image\" \/>\n<meta name=\"twitter:label1\" content=\"Dur\u00e9e de lecture estim\u00e9e\" \/>\n\t<meta name=\"twitter:data1\" content=\"1 minute\" \/>\n<script type=\"application\/ld+json\" class=\"yoast-schema-graph\">{\"@context\":\"https:\/\/schema.org\",\"@graph\":[{\"@type\":\"WebPage\",\"@id\":\"http:\/\/etanec.fr\/index.php\/produit\/servante-datelier-bi-matiere-stanley\/\",\"url\":\"http:\/\/etanec.fr\/index.php\/produit\/servante-datelier-bi-matiere-stanley\/\",\"name\":\"Servante d'atelier bi-mati\u00e8re STANLEY - ETANEC\",\"isPartOf\":{\"@id\":\"http:\/\/etanec.fr\/#website\"},\"primaryImageOfPage\":{\"@id\":\"http:\/\/etanec.fr\/index.php\/produit\/servante-datelier-bi-matiere-stanley\/#primaryimage\"},\"image\":{\"@id\":\"http:\/\/etanec.fr\/index.php\/produit\/servante-datelier-bi-matiere-stanley\/#primaryimage\"},\"thumbnailUrl\":\"https:\/\/i0.wp.com\/etanec.fr\/wp-content\/uploads\/2022\/12\/m375002_610x610.jpg?fit=610%2C610\",\"datePublished\":\"2023-05-03T09:45:16+00:00\",\"breadcrumb\":{\"@id\":\"http:\/\/etanec.fr\/index.php\/produit\/servante-datelier-bi-matiere-stanley\/#breadcrumb\"},\"inLanguage\":\"fr-FR\",\"potentialAction\":[{\"@type\":\"ReadAction\",\"target\":[\"http:\/\/etanec.fr\/index.php\/produit\/servante-datelier-bi-matiere-stanley\/\"]}]},{\"@type\":\"ImageObject\",\"inLanguage\":\"fr-FR\",\"@id\":\"http:\/\/etanec.fr\/index.php\/produit\/servante-datelier-bi-matiere-stanley\/#primaryimage\",\"url\":\"https:\/\/i0.wp.com\/etanec.fr\/wp-content\/uploads\/2022\/12\/m375002_610x610.jpg?fit=610%2C610\",\"contentUrl\":\"https:\/\/i0.wp.com\/etanec.fr\/wp-content\/uploads\/2022\/12\/m375002_610x610.jpg?fit=610%2C610\",\"width\":610,\"height\":610},{\"@type\":\"BreadcrumbList\",\"@id\":\"http:\/\/etanec.fr\/index.php\/produit\/servante-datelier-bi-matiere-stanley\/#breadcrumb\",\"itemListElement\":[{\"@type\":\"ListItem\",\"position\":1,\"name\":\"Accueil\",\"item\":\"http:\/\/etanec.fr\/\"},{\"@type\":\"ListItem\",\"position\":2,\"name\":\"Gamme de produits\",\"item\":\"http:\/\/etanec.fr\/index.php\/boutique\/\"},{\"@type\":\"ListItem\",\"position\":3,\"name\":\"Servante d&rsquo;atelier bi-mati\u00e8re STANLEY\"}]},{\"@type\":\"WebSite\",\"@id\":\"http:\/\/etanec.fr\/#website\",\"url\":\"http:\/\/etanec.fr\/\",\"name\":\"etanec.fr\",\"description\":\"Votre Solution en Outillage &amp; Fixation Enveloppe du batiment\",\"publisher\":{\"@id\":\"http:\/\/etanec.fr\/#organization\"},\"potentialAction\":[{\"@type\":\"SearchAction\",\"target\":{\"@type\":\"EntryPoint\",\"urlTemplate\":\"http:\/\/etanec.fr\/?s={search_term_string}\"},\"query-input\":{\"@type\":\"PropertyValueSpecification\",\"valueRequired\":true,\"valueName\":\"search_term_string\"}}],\"inLanguage\":\"fr-FR\"},{\"@type\":\"Organization\",\"@id\":\"http:\/\/etanec.fr\/#organization\",\"name\":\"etanec.fr\",\"url\":\"http:\/\/etanec.fr\/\",\"logo\":{\"@type\":\"ImageObject\",\"inLanguage\":\"fr-FR\",\"@id\":\"http:\/\/etanec.fr\/#\/schema\/logo\/image\/\",\"url\":\"https:\/\/i0.wp.com\/etanec.fr\/wp-content\/uploads\/2017\/11\/cropped-cropped-cropped-ETANEC-LOGO-2017-RVBTRANSP-HD-e1509965316759.png?fit=350%2C75\",\"contentUrl\":\"https:\/\/i0.wp.com\/etanec.fr\/wp-content\/uploads\/2017\/11\/cropped-cropped-cropped-ETANEC-LOGO-2017-RVBTRANSP-HD-e1509965316759.png?fit=350%2C75\",\"width\":350,\"height\":75,\"caption\":\"etanec.fr\"},\"image\":{\"@id\":\"http:\/\/etanec.fr\/#\/schema\/logo\/image\/\"},\"sameAs\":[\"https:\/\/www.linkedin.com\/company\/etanecgroup\/?viewAsMember=true\"]}]}<\/script>\n<!-- \/ Yoast SEO plugin. -->","yoast_head_json":{"title":"Servante d'atelier bi-mati\u00e8re STANLEY - ETANEC","robots":{"index":"index","follow":"follow","max-snippet":"max-snippet:-1","max-image-preview":"max-image-preview:large","max-video-preview":"max-video-preview:-1"},"canonical":"http:\/\/etanec.fr\/index.php\/produit\/servante-datelier-bi-matiere-stanley\/","og_locale":"fr_FR","og_type":"article","og_title":"Servante d'atelier bi-mati\u00e8re STANLEY - ETANEC","og_description":"Bo\u00eete \u00e0 outils amovible de 50cm avec porte outils int\u00e9gr\u00e9 - cadenassable  Large attaches m\u00e9talliques anti-corrosion. 1 tiroir de 10cm de profondeur mont\u00e9 sur glissi\u00e8re m\u00e9tal \u00e0 roulement \u00e0 billes  Roues grands diam\u00e8tre pour une manipulation ais\u00e9e  Syst\u00e8me \"Cantilever\" pour un acc\u00e8s simultan\u00e9 \u00e0 l'int\u00e9gralit\u00e9 des compartiments de rangement","og_url":"http:\/\/etanec.fr\/index.php\/produit\/servante-datelier-bi-matiere-stanley\/","og_site_name":"ETANEC","og_image":[{"width":610,"height":610,"url":"https:\/\/i0.wp.com\/etanec.fr\/wp-content\/uploads\/2022\/12\/m375002_610x610.jpg?fit=610%2C610","type":"image\/jpeg"}],"twitter_card":"summary_large_image","twitter_misc":{"Dur\u00e9e de lecture estim\u00e9e":"1 minute"},"schema":{"@context":"https:\/\/schema.org","@graph":[{"@type":"WebPage","@id":"http:\/\/etanec.fr\/index.php\/produit\/servante-datelier-bi-matiere-stanley\/","url":"http:\/\/etanec.fr\/index.php\/produit\/servante-datelier-bi-matiere-stanley\/","name":"Servante d'atelier bi-mati\u00e8re STANLEY - ETANEC","isPartOf":{"@id":"http:\/\/etanec.fr\/#website"},"primaryImageOfPage":{"@id":"http:\/\/etanec.fr\/index.php\/produit\/servante-datelier-bi-matiere-stanley\/#primaryimage"},"image":{"@id":"http:\/\/etanec.fr\/index.php\/produit\/servante-datelier-bi-matiere-stanley\/#primaryimage"},"thumbnailUrl":"https:\/\/i0.wp.com\/etanec.fr\/wp-content\/uploads\/2022\/12\/m375002_610x610.jpg?fit=610%2C610","datePublished":"2023-05-03T09:45:16+00:00","breadcrumb":{"@id":"http:\/\/etanec.fr\/index.php\/produit\/servante-datelier-bi-matiere-stanley\/#breadcrumb"},"inLanguage":"fr-FR","potentialAction":[{"@type":"ReadAction","target":["http:\/\/etanec.fr\/index.php\/produit\/servante-datelier-bi-matiere-stanley\/"]}]},{"@type":"ImageObject","inLanguage":"fr-FR","@id":"http:\/\/etanec.fr\/index.php\/produit\/servante-datelier-bi-matiere-stanley\/#primaryimage","url":"https:\/\/i0.wp.com\/etanec.fr\/wp-content\/uploads\/2022\/12\/m375002_610x610.jpg?fit=610%2C610","contentUrl":"https:\/\/i0.wp.com\/etanec.fr\/wp-content\/uploads\/2022\/12\/m375002_610x610.jpg?fit=610%2C610","width":610,"height":610},{"@type":"BreadcrumbList","@id":"http:\/\/etanec.fr\/index.php\/produit\/servante-datelier-bi-matiere-stanley\/#breadcrumb","itemListElement":[{"@type":"ListItem","position":1,"name":"Accueil","item":"http:\/\/etanec.fr\/"},{"@type":"ListItem","position":2,"name":"Gamme de produits","item":"http:\/\/etanec.fr\/index.php\/boutique\/"},{"@type":"ListItem","position":3,"name":"Servante d&rsquo;atelier bi-mati\u00e8re STANLEY"}]},{"@type":"WebSite","@id":"http:\/\/etanec.fr\/#website","url":"http:\/\/etanec.fr\/","name":"etanec.fr","description":"Votre Solution en Outillage &amp; Fixation Enveloppe du batiment","publisher":{"@id":"http:\/\/etanec.fr\/#organization"},"potentialAction":[{"@type":"SearchAction","target":{"@type":"EntryPoint","urlTemplate":"http:\/\/etanec.fr\/?s={search_term_string}"},"query-input":{"@type":"PropertyValueSpecification","valueRequired":true,"valueName":"search_term_string"}}],"inLanguage":"fr-FR"},{"@type":"Organization","@id":"http:\/\/etanec.fr\/#organization","name":"etanec.fr","url":"http:\/\/etanec.fr\/","logo":{"@type":"ImageObject","inLanguage":"fr-FR","@id":"http:\/\/etanec.fr\/#\/schema\/logo\/image\/","url":"https:\/\/i0.wp.com\/etanec.fr\/wp-content\/uploads\/2017\/11\/cropped-cropped-cropped-ETANEC-LOGO-2017-RVBTRANSP-HD-e1509965316759.png?fit=350%2C75","contentUrl":"https:\/\/i0.wp.com\/etanec.fr\/wp-content\/uploads\/2017\/11\/cropped-cropped-cropped-ETANEC-LOGO-2017-RVBTRANSP-HD-e1509965316759.png?fit=350%2C75","width":350,"height":75,"caption":"etanec.fr"},"image":{"@id":"http:\/\/etanec.fr\/#\/schema\/logo\/image\/"},"sameAs":["https:\/\/www.linkedin.com\/company\/etanecgroup\/?viewAsMember=true"]}]}},"jetpack_publicize_connections":[],"jetpack_sharing_enabled":true,"_links":{"self":[{"href":"http:\/\/etanec.fr\/index.php\/wp-json\/wp\/v2\/product\/3104","targetHints":{"allow":["GET"]}}],"collection":[{"href":"http:\/\/etanec.fr\/index.php\/wp-json\/wp\/v2\/product"}],"about":[{"href":"http:\/\/etanec.fr\/index.php\/wp-json\/wp\/v2\/types\/product"}],"replies":[{"embeddable":true,"href":"http:\/\/etanec.fr\/index.php\/wp-json\/wp\/v2\/comments?post=3104"}],"version-history":[{"count":2,"href":"http:\/\/etanec.fr\/index.php\/wp-json\/wp\/v2\/product\/3104\/revisions"}],"predecessor-version":[{"id":6553,"href":"http:\/\/etanec.fr\/index.php\/wp-json\/wp\/v2\/product\/3104\/revisions\/6553"}],"wp:featuredmedia":[{"embeddable":true,"href":"http:\/\/etanec.fr\/index.php\/wp-json\/wp\/v2\/media\/3106"}],"wp:attachment":[{"href":"http:\/\/etanec.fr\/index.php\/wp-json\/wp\/v2\/media?parent=3104"}],"wp:term":[{"taxonomy":"product_brand","embeddable":true,"href":"http:\/\/etanec.fr\/index.php\/wp-json\/wp\/v2\/product_brand?post=3104"},{"taxonomy":"product_cat","embeddable":true,"href":"http:\/\/etanec.fr\/index.php\/wp-json\/wp\/v2\/product_cat?post=3104"},{"taxonomy":"product_tag","embeddable":true,"href":"http:\/\/etanec.fr\/index.php\/wp-json\/wp\/v2\/product_tag?post=3104"}],"curies":[{"name":"wp","href":"https:\/\/api.w.org\/{rel}","templated":true}]}}