{"id":3122,"date":"2023-05-05T11:51:17","date_gmt":"2023-05-05T09:51:17","guid":{"rendered":"http:\/\/etanec.fr\/?post_type=product&#038;p=3122"},"modified":"2023-05-05T11:51:17","modified_gmt":"2023-05-05T09:51:17","slug":"set-packout-3-pieces-trolley-milwaukee","status":"publish","type":"product","link":"http:\/\/etanec.fr\/index.php\/produit\/set-packout-3-pieces-trolley-milwaukee\/","title":{"rendered":"Set PACKOUT 3 pi\u00e8ces TROLLEY MILWAUKEE"},"content":{"rendered":"<p>Servante professionnelle adapt\u00e9e pour les chantiers Fait partie du syst\u00e8me de stockage modulaire PACKOUT\u2122 Construit avec des polym\u00e8res r\u00e9sistants aux chocs pour la durabilit\u00e9 du chantier IP65 : joint d&rsquo;\u00e9tanch\u00e9it\u00e9 pour prot\u00e9ger contre la pluie et la poussi\u00e8re Coins renforc\u00e9s en m\u00e9tal Point de verrouillage renforc\u00e9 en m\u00e9tal Plateau organisateur int\u00e9rieur Emplacement de montage pour le\u00a0 ONE-KEY\u2122 \u00a0TICK\u2122 \u00a0 Poign\u00e9e sup\u00e9rieure renforc\u00e9e en m\u00e9tal pour faciliter le transport<\/p>\n","protected":false},"excerpt":{"rendered":"<p>Servante Packout 3 pi\u00e8ces (EMT481014+EMT481015+EMT481010).<br \/>\nFait partie du syst\u00e8me de stockage modulaire PACKOUT\u2122.<br \/>\nConstruit avec des polym\u00e8res r\u00e9sistants aux chocs pour la durabilit\u00e9 du chantier.<br \/>\nIP 65: joint d&rsquo;\u00e9tanch\u00e9it\u00e9 pour prot\u00e9ger contre la pluie et la poussi\u00e8re.<br \/>\nCoins renforc\u00e9s en m\u00e9tal.<br \/>\nPoint de verrouillage renforc\u00e9 en m\u00e9tal.<br \/>\nPlateau organisateur int\u00e9rieur.<br \/>\nEmplacement de montage pour le ONE-KEY\u2122 TICK\u2122.<br \/>\nPoign\u00e9e sup\u00e9rieure renforc\u00e9e en m\u00e9tal pour faciliter le transport (uniquement sur la grande bo\u00eete).<\/p>\n","protected":false},"featured_media":3123,"comment_status":"open","ping_status":"closed","template":"","meta":{"_monsterinsights_skip_tracking":false,"_monsterinsights_sitenote_active":false,"_monsterinsights_sitenote_note":"","_monsterinsights_sitenote_category":0,"jetpack_publicize_message":"","jetpack_publicize_feature_enabled":true,"jetpack_social_post_already_shared":false,"jetpack_social_options":{"image_generator_settings":{"template":"highway","default_image_id":0,"font":"","enabled":false},"version":2}},"product_brand":[],"product_cat":[75],"product_tag":[],"class_list":{"0":"post-3122","1":"product","2":"type-product","3":"status-publish","6":"product_cat-atelier-chantier","8":"first","9":"instock","10":"taxable","11":"shipping-taxable","12":"product-type-simple"},"yoast_head":"<!-- This site is optimized with the Yoast SEO plugin v26.6 - https:\/\/yoast.com\/wordpress\/plugins\/seo\/ -->\n<title>Set PACKOUT 3 pi\u00e8ces TROLLEY MILWAUKEE - ETANEC<\/title>\n<meta name=\"robots\" content=\"index, follow, max-snippet:-1, max-image-preview:large, max-video-preview:-1\" \/>\n<link rel=\"canonical\" href=\"http:\/\/etanec.fr\/index.php\/produit\/set-packout-3-pieces-trolley-milwaukee\/\" \/>\n<meta property=\"og:locale\" content=\"fr_FR\" \/>\n<meta property=\"og:type\" content=\"article\" \/>\n<meta property=\"og:title\" content=\"Set PACKOUT 3 pi\u00e8ces TROLLEY MILWAUKEE - ETANEC\" \/>\n<meta property=\"og:description\" content=\"Servante Packout 3 pi\u00e8ces (EMT481014+EMT481015+EMT481010). Fait partie du syst\u00e8me de stockage modulaire PACKOUT\u2122. Construit avec des polym\u00e8res r\u00e9sistants aux chocs pour la durabilit\u00e9 du chantier. IP 65: joint d&#039;\u00e9tanch\u00e9it\u00e9 pour prot\u00e9ger contre la pluie et la poussi\u00e8re. Coins renforc\u00e9s en m\u00e9tal. Point de verrouillage renforc\u00e9 en m\u00e9tal. Plateau organisateur int\u00e9rieur. Emplacement de montage pour le ONE-KEY\u2122 TICK\u2122. Poign\u00e9e sup\u00e9rieure renforc\u00e9e en m\u00e9tal pour faciliter le transport (uniquement sur la grande bo\u00eete).\" \/>\n<meta property=\"og:url\" content=\"http:\/\/etanec.fr\/index.php\/produit\/set-packout-3-pieces-trolley-milwaukee\/\" \/>\n<meta property=\"og:site_name\" content=\"ETANEC\" \/>\n<meta property=\"og:image\" content=\"https:\/\/i0.wp.com\/etanec.fr\/wp-content\/uploads\/2022\/12\/m481110_610x610.jpg?fit=610%2C610\" \/>\n\t<meta property=\"og:image:width\" content=\"610\" \/>\n\t<meta property=\"og:image:height\" content=\"610\" \/>\n\t<meta property=\"og:image:type\" content=\"image\/jpeg\" \/>\n<meta name=\"twitter:card\" content=\"summary_large_image\" \/>\n<meta name=\"twitter:label1\" content=\"Dur\u00e9e de lecture estim\u00e9e\" \/>\n\t<meta name=\"twitter:data1\" content=\"1 minute\" \/>\n<script type=\"application\/ld+json\" class=\"yoast-schema-graph\">{\"@context\":\"https:\/\/schema.org\",\"@graph\":[{\"@type\":\"WebPage\",\"@id\":\"http:\/\/etanec.fr\/index.php\/produit\/set-packout-3-pieces-trolley-milwaukee\/\",\"url\":\"http:\/\/etanec.fr\/index.php\/produit\/set-packout-3-pieces-trolley-milwaukee\/\",\"name\":\"Set PACKOUT 3 pi\u00e8ces TROLLEY MILWAUKEE - ETANEC\",\"isPartOf\":{\"@id\":\"http:\/\/etanec.fr\/#website\"},\"primaryImageOfPage\":{\"@id\":\"http:\/\/etanec.fr\/index.php\/produit\/set-packout-3-pieces-trolley-milwaukee\/#primaryimage\"},\"image\":{\"@id\":\"http:\/\/etanec.fr\/index.php\/produit\/set-packout-3-pieces-trolley-milwaukee\/#primaryimage\"},\"thumbnailUrl\":\"https:\/\/i0.wp.com\/etanec.fr\/wp-content\/uploads\/2022\/12\/m481110_610x610.jpg?fit=610%2C610\",\"datePublished\":\"2023-05-05T09:51:17+00:00\",\"breadcrumb\":{\"@id\":\"http:\/\/etanec.fr\/index.php\/produit\/set-packout-3-pieces-trolley-milwaukee\/#breadcrumb\"},\"inLanguage\":\"fr-FR\",\"potentialAction\":[{\"@type\":\"ReadAction\",\"target\":[\"http:\/\/etanec.fr\/index.php\/produit\/set-packout-3-pieces-trolley-milwaukee\/\"]}]},{\"@type\":\"ImageObject\",\"inLanguage\":\"fr-FR\",\"@id\":\"http:\/\/etanec.fr\/index.php\/produit\/set-packout-3-pieces-trolley-milwaukee\/#primaryimage\",\"url\":\"https:\/\/i0.wp.com\/etanec.fr\/wp-content\/uploads\/2022\/12\/m481110_610x610.jpg?fit=610%2C610\",\"contentUrl\":\"https:\/\/i0.wp.com\/etanec.fr\/wp-content\/uploads\/2022\/12\/m481110_610x610.jpg?fit=610%2C610\",\"width\":610,\"height\":610},{\"@type\":\"BreadcrumbList\",\"@id\":\"http:\/\/etanec.fr\/index.php\/produit\/set-packout-3-pieces-trolley-milwaukee\/#breadcrumb\",\"itemListElement\":[{\"@type\":\"ListItem\",\"position\":1,\"name\":\"Accueil\",\"item\":\"http:\/\/etanec.fr\/\"},{\"@type\":\"ListItem\",\"position\":2,\"name\":\"Gamme de produits\",\"item\":\"http:\/\/etanec.fr\/index.php\/boutique\/\"},{\"@type\":\"ListItem\",\"position\":3,\"name\":\"Set PACKOUT 3 pi\u00e8ces TROLLEY MILWAUKEE\"}]},{\"@type\":\"WebSite\",\"@id\":\"http:\/\/etanec.fr\/#website\",\"url\":\"http:\/\/etanec.fr\/\",\"name\":\"etanec.fr\",\"description\":\"Votre Solution en Outillage &amp; Fixation Enveloppe du batiment\",\"publisher\":{\"@id\":\"http:\/\/etanec.fr\/#organization\"},\"potentialAction\":[{\"@type\":\"SearchAction\",\"target\":{\"@type\":\"EntryPoint\",\"urlTemplate\":\"http:\/\/etanec.fr\/?s={search_term_string}\"},\"query-input\":{\"@type\":\"PropertyValueSpecification\",\"valueRequired\":true,\"valueName\":\"search_term_string\"}}],\"inLanguage\":\"fr-FR\"},{\"@type\":\"Organization\",\"@id\":\"http:\/\/etanec.fr\/#organization\",\"name\":\"etanec.fr\",\"url\":\"http:\/\/etanec.fr\/\",\"logo\":{\"@type\":\"ImageObject\",\"inLanguage\":\"fr-FR\",\"@id\":\"http:\/\/etanec.fr\/#\/schema\/logo\/image\/\",\"url\":\"https:\/\/i0.wp.com\/etanec.fr\/wp-content\/uploads\/2017\/11\/cropped-cropped-cropped-ETANEC-LOGO-2017-RVBTRANSP-HD-e1509965316759.png?fit=350%2C75\",\"contentUrl\":\"https:\/\/i0.wp.com\/etanec.fr\/wp-content\/uploads\/2017\/11\/cropped-cropped-cropped-ETANEC-LOGO-2017-RVBTRANSP-HD-e1509965316759.png?fit=350%2C75\",\"width\":350,\"height\":75,\"caption\":\"etanec.fr\"},\"image\":{\"@id\":\"http:\/\/etanec.fr\/#\/schema\/logo\/image\/\"},\"sameAs\":[\"https:\/\/www.linkedin.com\/company\/etanecgroup\/?viewAsMember=true\"]}]}<\/script>\n<!-- \/ Yoast SEO plugin. -->","yoast_head_json":{"title":"Set PACKOUT 3 pi\u00e8ces TROLLEY MILWAUKEE - ETANEC","robots":{"index":"index","follow":"follow","max-snippet":"max-snippet:-1","max-image-preview":"max-image-preview:large","max-video-preview":"max-video-preview:-1"},"canonical":"http:\/\/etanec.fr\/index.php\/produit\/set-packout-3-pieces-trolley-milwaukee\/","og_locale":"fr_FR","og_type":"article","og_title":"Set PACKOUT 3 pi\u00e8ces TROLLEY MILWAUKEE - ETANEC","og_description":"Servante Packout 3 pi\u00e8ces (EMT481014+EMT481015+EMT481010). Fait partie du syst\u00e8me de stockage modulaire PACKOUT\u2122. Construit avec des polym\u00e8res r\u00e9sistants aux chocs pour la durabilit\u00e9 du chantier. IP 65: joint d'\u00e9tanch\u00e9it\u00e9 pour prot\u00e9ger contre la pluie et la poussi\u00e8re. Coins renforc\u00e9s en m\u00e9tal. Point de verrouillage renforc\u00e9 en m\u00e9tal. Plateau organisateur int\u00e9rieur. Emplacement de montage pour le ONE-KEY\u2122 TICK\u2122. Poign\u00e9e sup\u00e9rieure renforc\u00e9e en m\u00e9tal pour faciliter le transport (uniquement sur la grande bo\u00eete).","og_url":"http:\/\/etanec.fr\/index.php\/produit\/set-packout-3-pieces-trolley-milwaukee\/","og_site_name":"ETANEC","og_image":[{"width":610,"height":610,"url":"https:\/\/i0.wp.com\/etanec.fr\/wp-content\/uploads\/2022\/12\/m481110_610x610.jpg?fit=610%2C610","type":"image\/jpeg"}],"twitter_card":"summary_large_image","twitter_misc":{"Dur\u00e9e de lecture estim\u00e9e":"1 minute"},"schema":{"@context":"https:\/\/schema.org","@graph":[{"@type":"WebPage","@id":"http:\/\/etanec.fr\/index.php\/produit\/set-packout-3-pieces-trolley-milwaukee\/","url":"http:\/\/etanec.fr\/index.php\/produit\/set-packout-3-pieces-trolley-milwaukee\/","name":"Set PACKOUT 3 pi\u00e8ces TROLLEY MILWAUKEE - ETANEC","isPartOf":{"@id":"http:\/\/etanec.fr\/#website"},"primaryImageOfPage":{"@id":"http:\/\/etanec.fr\/index.php\/produit\/set-packout-3-pieces-trolley-milwaukee\/#primaryimage"},"image":{"@id":"http:\/\/etanec.fr\/index.php\/produit\/set-packout-3-pieces-trolley-milwaukee\/#primaryimage"},"thumbnailUrl":"https:\/\/i0.wp.com\/etanec.fr\/wp-content\/uploads\/2022\/12\/m481110_610x610.jpg?fit=610%2C610","datePublished":"2023-05-05T09:51:17+00:00","breadcrumb":{"@id":"http:\/\/etanec.fr\/index.php\/produit\/set-packout-3-pieces-trolley-milwaukee\/#breadcrumb"},"inLanguage":"fr-FR","potentialAction":[{"@type":"ReadAction","target":["http:\/\/etanec.fr\/index.php\/produit\/set-packout-3-pieces-trolley-milwaukee\/"]}]},{"@type":"ImageObject","inLanguage":"fr-FR","@id":"http:\/\/etanec.fr\/index.php\/produit\/set-packout-3-pieces-trolley-milwaukee\/#primaryimage","url":"https:\/\/i0.wp.com\/etanec.fr\/wp-content\/uploads\/2022\/12\/m481110_610x610.jpg?fit=610%2C610","contentUrl":"https:\/\/i0.wp.com\/etanec.fr\/wp-content\/uploads\/2022\/12\/m481110_610x610.jpg?fit=610%2C610","width":610,"height":610},{"@type":"BreadcrumbList","@id":"http:\/\/etanec.fr\/index.php\/produit\/set-packout-3-pieces-trolley-milwaukee\/#breadcrumb","itemListElement":[{"@type":"ListItem","position":1,"name":"Accueil","item":"http:\/\/etanec.fr\/"},{"@type":"ListItem","position":2,"name":"Gamme de produits","item":"http:\/\/etanec.fr\/index.php\/boutique\/"},{"@type":"ListItem","position":3,"name":"Set PACKOUT 3 pi\u00e8ces TROLLEY MILWAUKEE"}]},{"@type":"WebSite","@id":"http:\/\/etanec.fr\/#website","url":"http:\/\/etanec.fr\/","name":"etanec.fr","description":"Votre Solution en Outillage &amp; Fixation Enveloppe du batiment","publisher":{"@id":"http:\/\/etanec.fr\/#organization"},"potentialAction":[{"@type":"SearchAction","target":{"@type":"EntryPoint","urlTemplate":"http:\/\/etanec.fr\/?s={search_term_string}"},"query-input":{"@type":"PropertyValueSpecification","valueRequired":true,"valueName":"search_term_string"}}],"inLanguage":"fr-FR"},{"@type":"Organization","@id":"http:\/\/etanec.fr\/#organization","name":"etanec.fr","url":"http:\/\/etanec.fr\/","logo":{"@type":"ImageObject","inLanguage":"fr-FR","@id":"http:\/\/etanec.fr\/#\/schema\/logo\/image\/","url":"https:\/\/i0.wp.com\/etanec.fr\/wp-content\/uploads\/2017\/11\/cropped-cropped-cropped-ETANEC-LOGO-2017-RVBTRANSP-HD-e1509965316759.png?fit=350%2C75","contentUrl":"https:\/\/i0.wp.com\/etanec.fr\/wp-content\/uploads\/2017\/11\/cropped-cropped-cropped-ETANEC-LOGO-2017-RVBTRANSP-HD-e1509965316759.png?fit=350%2C75","width":350,"height":75,"caption":"etanec.fr"},"image":{"@id":"http:\/\/etanec.fr\/#\/schema\/logo\/image\/"},"sameAs":["https:\/\/www.linkedin.com\/company\/etanecgroup\/?viewAsMember=true"]}]}},"jetpack_publicize_connections":[],"jetpack_sharing_enabled":true,"_links":{"self":[{"href":"http:\/\/etanec.fr\/index.php\/wp-json\/wp\/v2\/product\/3122","targetHints":{"allow":["GET"]}}],"collection":[{"href":"http:\/\/etanec.fr\/index.php\/wp-json\/wp\/v2\/product"}],"about":[{"href":"http:\/\/etanec.fr\/index.php\/wp-json\/wp\/v2\/types\/product"}],"replies":[{"embeddable":true,"href":"http:\/\/etanec.fr\/index.php\/wp-json\/wp\/v2\/comments?post=3122"}],"version-history":[{"count":3,"href":"http:\/\/etanec.fr\/index.php\/wp-json\/wp\/v2\/product\/3122\/revisions"}],"predecessor-version":[{"id":6560,"href":"http:\/\/etanec.fr\/index.php\/wp-json\/wp\/v2\/product\/3122\/revisions\/6560"}],"wp:featuredmedia":[{"embeddable":true,"href":"http:\/\/etanec.fr\/index.php\/wp-json\/wp\/v2\/media\/3123"}],"wp:attachment":[{"href":"http:\/\/etanec.fr\/index.php\/wp-json\/wp\/v2\/media?parent=3122"}],"wp:term":[{"taxonomy":"product_brand","embeddable":true,"href":"http:\/\/etanec.fr\/index.php\/wp-json\/wp\/v2\/product_brand?post=3122"},{"taxonomy":"product_cat","embeddable":true,"href":"http:\/\/etanec.fr\/index.php\/wp-json\/wp\/v2\/product_cat?post=3122"},{"taxonomy":"product_tag","embeddable":true,"href":"http:\/\/etanec.fr\/index.php\/wp-json\/wp\/v2\/product_tag?post=3122"}],"curies":[{"name":"wp","href":"https:\/\/api.w.org\/{rel}","templated":true}]}}