{"id":3222,"date":"2023-05-10T16:33:34","date_gmt":"2023-05-10T14:33:34","guid":{"rendered":"http:\/\/etanec.fr\/?post_type=product&#038;p=3222"},"modified":"2023-05-10T16:33:35","modified_gmt":"2023-05-10T14:33:35","slug":"trousse-de-1er-secours-n2","status":"publish","type":"product","link":"http:\/\/etanec.fr\/index.php\/produit\/trousse-de-1er-secours-n2\/","title":{"rendered":"Trousse de 1er secours N\u00b02"},"content":{"rendered":"<p>Coffret ABS, 2 fermetures, coloris: Blanc, dimensions: 25x16x6 cm, poids vide: 266g, 6\/12 personnes.\u00a0Composition de la trousse:1 Bande de pansement tissu 1cm x 6m, 2 Bandes extensibles 5cm x 4m, 2 Bandes extensibles 7cm x 4m, 10 Compresses de gaze non st\u00e9riles 5 x 5 cm, 5 Compresses de gaze st\u00e9riles 7.5 x 7.5 cm,<\/p>\n","protected":false},"excerpt":{"rendered":"<p>Coffret ABS, 2 fermetures, coloris: Blanc<\/p>\n<p>Dimensions: 25x16x6 cm, poids vide: 266g, 6\/12 personnes.<\/p>\n<p>Composition de la trousse:1 Bande de pansement tissu 1cm x 6m, 2 Bandes extensibles 5cm x 4m, 2 Bandes extensibles 7cm x 4m, 10 Compresses de gaze non st\u00e9riles 5 x 5 cm, 5 Compresses de gaze st\u00e9riles 7.5 x 7.5 cm, 5 Compresses st\u00e9riles 5 x 5 cm, 1 Sachet de 25g de coton, 12 Pansements auto-adh\u00e9sifs, 1 Sparadrap 1.25cm x 5m, 1 Paire de ciseaux, 1 Pince, 2 Epingles de s\u00fbret\u00e9, 1 Flacon \u00e0 visser, 1 Pilulier, 2 Paires de gants vinyle, 1 Echarpe triangulaire, 2 Fiches \u00ab\u00a0Evacuation de bless\u00e9\u00a0\u00bb, 1 Tampon compressif petit mod\u00e8le, 1 Kit soins serviettes impr\u00e9gn\u00e9es, 4 Doses de savon doux, 1 Livret conseils d&rsquo;urgence.<\/p>\n<p>Option: support mural (sur commande uniquement).<\/p>\n","protected":false},"featured_media":3223,"comment_status":"open","ping_status":"closed","template":"","meta":{"_monsterinsights_skip_tracking":false,"_monsterinsights_sitenote_active":false,"_monsterinsights_sitenote_note":"","_monsterinsights_sitenote_category":0,"jetpack_publicize_message":"","jetpack_publicize_feature_enabled":true,"jetpack_social_post_already_shared":false,"jetpack_social_options":{"image_generator_settings":{"template":"highway","default_image_id":0,"font":"","enabled":false},"version":2}},"product_brand":[],"product_cat":[75],"product_tag":[],"class_list":{"0":"post-3222","1":"product","2":"type-product","3":"status-publish","6":"product_cat-atelier-chantier","8":"first","9":"instock","10":"taxable","11":"shipping-taxable","12":"product-type-simple"},"yoast_head":"<!-- This site is optimized with the Yoast SEO plugin v26.6 - https:\/\/yoast.com\/wordpress\/plugins\/seo\/ -->\n<title>Trousse de 1er secours N\u00b02 - ETANEC<\/title>\n<meta name=\"robots\" content=\"index, follow, max-snippet:-1, max-image-preview:large, max-video-preview:-1\" \/>\n<link rel=\"canonical\" href=\"http:\/\/etanec.fr\/index.php\/produit\/trousse-de-1er-secours-n2\/\" \/>\n<meta property=\"og:locale\" content=\"fr_FR\" \/>\n<meta property=\"og:type\" content=\"article\" \/>\n<meta property=\"og:title\" content=\"Trousse de 1er secours N\u00b02 - ETANEC\" \/>\n<meta property=\"og:description\" content=\"Coffret ABS, 2 fermetures, coloris: Blanc  Dimensions: 25x16x6 cm, poids vide: 266g, 6\/12 personnes.  Composition de la trousse:1 Bande de pansement tissu 1cm x 6m, 2 Bandes extensibles 5cm x 4m, 2 Bandes extensibles 7cm x 4m, 10 Compresses de gaze non st\u00e9riles 5 x 5 cm, 5 Compresses de gaze st\u00e9riles 7.5 x 7.5 cm, 5 Compresses st\u00e9riles 5 x 5 cm, 1 Sachet de 25g de coton, 12 Pansements auto-adh\u00e9sifs, 1 Sparadrap 1.25cm x 5m, 1 Paire de ciseaux, 1 Pince, 2 Epingles de s\u00fbret\u00e9, 1 Flacon \u00e0 visser, 1 Pilulier, 2 Paires de gants vinyle, 1 Echarpe triangulaire, 2 Fiches &quot;Evacuation de bless\u00e9&quot;, 1 Tampon compressif petit mod\u00e8le, 1 Kit soins serviettes impr\u00e9gn\u00e9es, 4 Doses de savon doux, 1 Livret conseils d&#039;urgence.  Option: support mural (sur commande uniquement).\" \/>\n<meta property=\"og:url\" content=\"http:\/\/etanec.fr\/index.php\/produit\/trousse-de-1er-secours-n2\/\" \/>\n<meta property=\"og:site_name\" content=\"ETANEC\" \/>\n<meta property=\"article:modified_time\" content=\"2023-05-10T14:33:35+00:00\" \/>\n<meta property=\"og:image\" content=\"https:\/\/i0.wp.com\/etanec.fr\/wp-content\/uploads\/2022\/12\/r105020_610x610.jpg?fit=610%2C610\" \/>\n\t<meta property=\"og:image:width\" content=\"610\" \/>\n\t<meta property=\"og:image:height\" content=\"610\" \/>\n\t<meta property=\"og:image:type\" content=\"image\/jpeg\" \/>\n<meta name=\"twitter:card\" content=\"summary_large_image\" \/>\n<meta name=\"twitter:label1\" content=\"Dur\u00e9e de lecture estim\u00e9e\" \/>\n\t<meta name=\"twitter:data1\" content=\"1 minute\" \/>\n<script type=\"application\/ld+json\" class=\"yoast-schema-graph\">{\"@context\":\"https:\/\/schema.org\",\"@graph\":[{\"@type\":\"WebPage\",\"@id\":\"http:\/\/etanec.fr\/index.php\/produit\/trousse-de-1er-secours-n2\/\",\"url\":\"http:\/\/etanec.fr\/index.php\/produit\/trousse-de-1er-secours-n2\/\",\"name\":\"Trousse de 1er secours N\u00b02 - ETANEC\",\"isPartOf\":{\"@id\":\"http:\/\/etanec.fr\/#website\"},\"primaryImageOfPage\":{\"@id\":\"http:\/\/etanec.fr\/index.php\/produit\/trousse-de-1er-secours-n2\/#primaryimage\"},\"image\":{\"@id\":\"http:\/\/etanec.fr\/index.php\/produit\/trousse-de-1er-secours-n2\/#primaryimage\"},\"thumbnailUrl\":\"https:\/\/i0.wp.com\/etanec.fr\/wp-content\/uploads\/2022\/12\/r105020_610x610.jpg?fit=610%2C610\",\"datePublished\":\"2023-05-10T14:33:34+00:00\",\"dateModified\":\"2023-05-10T14:33:35+00:00\",\"breadcrumb\":{\"@id\":\"http:\/\/etanec.fr\/index.php\/produit\/trousse-de-1er-secours-n2\/#breadcrumb\"},\"inLanguage\":\"fr-FR\",\"potentialAction\":[{\"@type\":\"ReadAction\",\"target\":[\"http:\/\/etanec.fr\/index.php\/produit\/trousse-de-1er-secours-n2\/\"]}]},{\"@type\":\"ImageObject\",\"inLanguage\":\"fr-FR\",\"@id\":\"http:\/\/etanec.fr\/index.php\/produit\/trousse-de-1er-secours-n2\/#primaryimage\",\"url\":\"https:\/\/i0.wp.com\/etanec.fr\/wp-content\/uploads\/2022\/12\/r105020_610x610.jpg?fit=610%2C610\",\"contentUrl\":\"https:\/\/i0.wp.com\/etanec.fr\/wp-content\/uploads\/2022\/12\/r105020_610x610.jpg?fit=610%2C610\",\"width\":610,\"height\":610},{\"@type\":\"BreadcrumbList\",\"@id\":\"http:\/\/etanec.fr\/index.php\/produit\/trousse-de-1er-secours-n2\/#breadcrumb\",\"itemListElement\":[{\"@type\":\"ListItem\",\"position\":1,\"name\":\"Accueil\",\"item\":\"http:\/\/etanec.fr\/\"},{\"@type\":\"ListItem\",\"position\":2,\"name\":\"Gamme de produits\",\"item\":\"http:\/\/etanec.fr\/index.php\/boutique\/\"},{\"@type\":\"ListItem\",\"position\":3,\"name\":\"Trousse de 1er secours N\u00b02\"}]},{\"@type\":\"WebSite\",\"@id\":\"http:\/\/etanec.fr\/#website\",\"url\":\"http:\/\/etanec.fr\/\",\"name\":\"etanec.fr\",\"description\":\"Votre Solution en Outillage &amp; Fixation Enveloppe du batiment\",\"publisher\":{\"@id\":\"http:\/\/etanec.fr\/#organization\"},\"potentialAction\":[{\"@type\":\"SearchAction\",\"target\":{\"@type\":\"EntryPoint\",\"urlTemplate\":\"http:\/\/etanec.fr\/?s={search_term_string}\"},\"query-input\":{\"@type\":\"PropertyValueSpecification\",\"valueRequired\":true,\"valueName\":\"search_term_string\"}}],\"inLanguage\":\"fr-FR\"},{\"@type\":\"Organization\",\"@id\":\"http:\/\/etanec.fr\/#organization\",\"name\":\"etanec.fr\",\"url\":\"http:\/\/etanec.fr\/\",\"logo\":{\"@type\":\"ImageObject\",\"inLanguage\":\"fr-FR\",\"@id\":\"http:\/\/etanec.fr\/#\/schema\/logo\/image\/\",\"url\":\"https:\/\/i0.wp.com\/etanec.fr\/wp-content\/uploads\/2017\/11\/cropped-cropped-cropped-ETANEC-LOGO-2017-RVBTRANSP-HD-e1509965316759.png?fit=350%2C75\",\"contentUrl\":\"https:\/\/i0.wp.com\/etanec.fr\/wp-content\/uploads\/2017\/11\/cropped-cropped-cropped-ETANEC-LOGO-2017-RVBTRANSP-HD-e1509965316759.png?fit=350%2C75\",\"width\":350,\"height\":75,\"caption\":\"etanec.fr\"},\"image\":{\"@id\":\"http:\/\/etanec.fr\/#\/schema\/logo\/image\/\"},\"sameAs\":[\"https:\/\/www.linkedin.com\/company\/etanecgroup\/?viewAsMember=true\"]}]}<\/script>\n<!-- \/ Yoast SEO plugin. -->","yoast_head_json":{"title":"Trousse de 1er secours N\u00b02 - ETANEC","robots":{"index":"index","follow":"follow","max-snippet":"max-snippet:-1","max-image-preview":"max-image-preview:large","max-video-preview":"max-video-preview:-1"},"canonical":"http:\/\/etanec.fr\/index.php\/produit\/trousse-de-1er-secours-n2\/","og_locale":"fr_FR","og_type":"article","og_title":"Trousse de 1er secours N\u00b02 - ETANEC","og_description":"Coffret ABS, 2 fermetures, coloris: Blanc  Dimensions: 25x16x6 cm, poids vide: 266g, 6\/12 personnes.  Composition de la trousse:1 Bande de pansement tissu 1cm x 6m, 2 Bandes extensibles 5cm x 4m, 2 Bandes extensibles 7cm x 4m, 10 Compresses de gaze non st\u00e9riles 5 x 5 cm, 5 Compresses de gaze st\u00e9riles 7.5 x 7.5 cm, 5 Compresses st\u00e9riles 5 x 5 cm, 1 Sachet de 25g de coton, 12 Pansements auto-adh\u00e9sifs, 1 Sparadrap 1.25cm x 5m, 1 Paire de ciseaux, 1 Pince, 2 Epingles de s\u00fbret\u00e9, 1 Flacon \u00e0 visser, 1 Pilulier, 2 Paires de gants vinyle, 1 Echarpe triangulaire, 2 Fiches \"Evacuation de bless\u00e9\", 1 Tampon compressif petit mod\u00e8le, 1 Kit soins serviettes impr\u00e9gn\u00e9es, 4 Doses de savon doux, 1 Livret conseils d'urgence.  Option: support mural (sur commande uniquement).","og_url":"http:\/\/etanec.fr\/index.php\/produit\/trousse-de-1er-secours-n2\/","og_site_name":"ETANEC","article_modified_time":"2023-05-10T14:33:35+00:00","og_image":[{"width":610,"height":610,"url":"https:\/\/i0.wp.com\/etanec.fr\/wp-content\/uploads\/2022\/12\/r105020_610x610.jpg?fit=610%2C610","type":"image\/jpeg"}],"twitter_card":"summary_large_image","twitter_misc":{"Dur\u00e9e de lecture estim\u00e9e":"1 minute"},"schema":{"@context":"https:\/\/schema.org","@graph":[{"@type":"WebPage","@id":"http:\/\/etanec.fr\/index.php\/produit\/trousse-de-1er-secours-n2\/","url":"http:\/\/etanec.fr\/index.php\/produit\/trousse-de-1er-secours-n2\/","name":"Trousse de 1er secours N\u00b02 - ETANEC","isPartOf":{"@id":"http:\/\/etanec.fr\/#website"},"primaryImageOfPage":{"@id":"http:\/\/etanec.fr\/index.php\/produit\/trousse-de-1er-secours-n2\/#primaryimage"},"image":{"@id":"http:\/\/etanec.fr\/index.php\/produit\/trousse-de-1er-secours-n2\/#primaryimage"},"thumbnailUrl":"https:\/\/i0.wp.com\/etanec.fr\/wp-content\/uploads\/2022\/12\/r105020_610x610.jpg?fit=610%2C610","datePublished":"2023-05-10T14:33:34+00:00","dateModified":"2023-05-10T14:33:35+00:00","breadcrumb":{"@id":"http:\/\/etanec.fr\/index.php\/produit\/trousse-de-1er-secours-n2\/#breadcrumb"},"inLanguage":"fr-FR","potentialAction":[{"@type":"ReadAction","target":["http:\/\/etanec.fr\/index.php\/produit\/trousse-de-1er-secours-n2\/"]}]},{"@type":"ImageObject","inLanguage":"fr-FR","@id":"http:\/\/etanec.fr\/index.php\/produit\/trousse-de-1er-secours-n2\/#primaryimage","url":"https:\/\/i0.wp.com\/etanec.fr\/wp-content\/uploads\/2022\/12\/r105020_610x610.jpg?fit=610%2C610","contentUrl":"https:\/\/i0.wp.com\/etanec.fr\/wp-content\/uploads\/2022\/12\/r105020_610x610.jpg?fit=610%2C610","width":610,"height":610},{"@type":"BreadcrumbList","@id":"http:\/\/etanec.fr\/index.php\/produit\/trousse-de-1er-secours-n2\/#breadcrumb","itemListElement":[{"@type":"ListItem","position":1,"name":"Accueil","item":"http:\/\/etanec.fr\/"},{"@type":"ListItem","position":2,"name":"Gamme de produits","item":"http:\/\/etanec.fr\/index.php\/boutique\/"},{"@type":"ListItem","position":3,"name":"Trousse de 1er secours N\u00b02"}]},{"@type":"WebSite","@id":"http:\/\/etanec.fr\/#website","url":"http:\/\/etanec.fr\/","name":"etanec.fr","description":"Votre Solution en Outillage &amp; Fixation Enveloppe du batiment","publisher":{"@id":"http:\/\/etanec.fr\/#organization"},"potentialAction":[{"@type":"SearchAction","target":{"@type":"EntryPoint","urlTemplate":"http:\/\/etanec.fr\/?s={search_term_string}"},"query-input":{"@type":"PropertyValueSpecification","valueRequired":true,"valueName":"search_term_string"}}],"inLanguage":"fr-FR"},{"@type":"Organization","@id":"http:\/\/etanec.fr\/#organization","name":"etanec.fr","url":"http:\/\/etanec.fr\/","logo":{"@type":"ImageObject","inLanguage":"fr-FR","@id":"http:\/\/etanec.fr\/#\/schema\/logo\/image\/","url":"https:\/\/i0.wp.com\/etanec.fr\/wp-content\/uploads\/2017\/11\/cropped-cropped-cropped-ETANEC-LOGO-2017-RVBTRANSP-HD-e1509965316759.png?fit=350%2C75","contentUrl":"https:\/\/i0.wp.com\/etanec.fr\/wp-content\/uploads\/2017\/11\/cropped-cropped-cropped-ETANEC-LOGO-2017-RVBTRANSP-HD-e1509965316759.png?fit=350%2C75","width":350,"height":75,"caption":"etanec.fr"},"image":{"@id":"http:\/\/etanec.fr\/#\/schema\/logo\/image\/"},"sameAs":["https:\/\/www.linkedin.com\/company\/etanecgroup\/?viewAsMember=true"]}]}},"jetpack_publicize_connections":[],"jetpack_sharing_enabled":true,"_links":{"self":[{"href":"http:\/\/etanec.fr\/index.php\/wp-json\/wp\/v2\/product\/3222","targetHints":{"allow":["GET"]}}],"collection":[{"href":"http:\/\/etanec.fr\/index.php\/wp-json\/wp\/v2\/product"}],"about":[{"href":"http:\/\/etanec.fr\/index.php\/wp-json\/wp\/v2\/types\/product"}],"replies":[{"embeddable":true,"href":"http:\/\/etanec.fr\/index.php\/wp-json\/wp\/v2\/comments?post=3222"}],"version-history":[{"count":2,"href":"http:\/\/etanec.fr\/index.php\/wp-json\/wp\/v2\/product\/3222\/revisions"}],"predecessor-version":[{"id":6587,"href":"http:\/\/etanec.fr\/index.php\/wp-json\/wp\/v2\/product\/3222\/revisions\/6587"}],"wp:featuredmedia":[{"embeddable":true,"href":"http:\/\/etanec.fr\/index.php\/wp-json\/wp\/v2\/media\/3223"}],"wp:attachment":[{"href":"http:\/\/etanec.fr\/index.php\/wp-json\/wp\/v2\/media?parent=3222"}],"wp:term":[{"taxonomy":"product_brand","embeddable":true,"href":"http:\/\/etanec.fr\/index.php\/wp-json\/wp\/v2\/product_brand?post=3222"},{"taxonomy":"product_cat","embeddable":true,"href":"http:\/\/etanec.fr\/index.php\/wp-json\/wp\/v2\/product_cat?post=3222"},{"taxonomy":"product_tag","embeddable":true,"href":"http:\/\/etanec.fr\/index.php\/wp-json\/wp\/v2\/product_tag?post=3222"}],"curies":[{"name":"wp","href":"https:\/\/api.w.org\/{rel}","templated":true}]}}