{"id":3233,"date":"2023-05-11T11:49:01","date_gmt":"2023-05-11T09:49:01","guid":{"rendered":"http:\/\/etanec.fr\/?post_type=product&#038;p=3233"},"modified":"2023-05-11T11:49:01","modified_gmt":"2023-05-11T09:49:01","slug":"gel-detartrant-wc-750ml","status":"publish","type":"product","link":"http:\/\/etanec.fr\/index.php\/produit\/gel-detartrant-wc-750ml\/","title":{"rendered":"Gel d\u00e9tartrant WC 750ML"},"content":{"rendered":"<p>3 EN 1 DETARTRE, DESINFECTE, ET AGIT SOUS L&rsquo;EAU D\u00e9sinfecte rapidement et supprime les mauvaises odeurs avec son parfum frais. Elimine le tartre et le calcaire, m\u00eame sous l&rsquo;eau. Ravive la brillance de l&rsquo;\u00e9mail et supprime toutes les bact\u00e9ries m\u00eame sous les rebords. Adh\u00e8re aux parois, change de couleur d\u00e8s que le tartre dispara\u00eet. Bact\u00e9ricide selon la norme NFEN1276 En conditions de salet\u00e9, \u00e0 l&rsquo;\u00e9tat pur pour un temps de contact de 5 minute. Utiliser ce biocide avec pr\u00e9caution, avant toute utilisation, lisez l&rsquo;\u00e9tiquette et les informations concernant le produit. Biocide TP2: pr\u00e9paration liquide \u00e0 l&#8217;emploi \u00e0 effet curatif. Substance active biocide: Chlorure de did\u00e9cyldim\u00e9thylammonium CAS 7173-51-5: 0.035%<\/p>\n","protected":false},"excerpt":{"rendered":"<p>3 EN 1 DETARTRE, DESINFECTE, ET AGIT SOUS L&rsquo;EAU<br \/>\nD\u00e9sinfecte rapidement et supprime les mauvaises odeurs avec son parfum frais. Elimine le tartre et le calcaire, m\u00eame sous l&rsquo;eau.<br \/>\nRavive la brillance de l&rsquo;\u00e9mail et supprime toutes les bact\u00e9ries m\u00eame sous les rebords.<br \/>\nAdh\u00e8re aux parois, change de couleur d\u00e8s que le tartre dispara\u00eet.<br \/>\nBact\u00e9ricide selon la norme NFEN1276 En conditions de salet\u00e9, \u00e0 l&rsquo;\u00e9tat pur pour un temps de contact de 5 minute.<br \/>\nUtiliser ce biocide avec pr\u00e9caution, avant toute utilisation, lisez l&rsquo;\u00e9tiquette et les informations concernant le produit.<br \/>\nBiocide TP2: pr\u00e9paration liquide \u00e0 l&#8217;emploi \u00e0 effet curatif<br \/>\nSubstance active biocide: Chlorure de did\u00e9cyldim\u00e9thylammonium CAS 7173-51-5: 0.035%<\/p>\n","protected":false},"featured_media":3234,"comment_status":"open","ping_status":"closed","template":"","meta":{"_monsterinsights_skip_tracking":false,"_monsterinsights_sitenote_active":false,"_monsterinsights_sitenote_note":"","_monsterinsights_sitenote_category":0,"jetpack_publicize_message":"","jetpack_publicize_feature_enabled":true,"jetpack_social_post_already_shared":false,"jetpack_social_options":{"image_generator_settings":{"template":"highway","default_image_id":0,"font":"","enabled":false},"version":2}},"product_brand":[],"product_cat":[75],"product_tag":[],"class_list":{"0":"post-3233","1":"product","2":"type-product","3":"status-publish","6":"product_cat-atelier-chantier","8":"first","9":"instock","10":"taxable","11":"shipping-taxable","12":"product-type-simple"},"yoast_head":"<!-- This site is optimized with the Yoast SEO plugin v26.6 - https:\/\/yoast.com\/wordpress\/plugins\/seo\/ -->\n<title>Gel d\u00e9tartrant WC 750ML - ETANEC<\/title>\n<meta name=\"robots\" content=\"index, follow, max-snippet:-1, max-image-preview:large, max-video-preview:-1\" \/>\n<link rel=\"canonical\" href=\"http:\/\/etanec.fr\/index.php\/produit\/gel-detartrant-wc-750ml\/\" \/>\n<meta property=\"og:locale\" content=\"fr_FR\" \/>\n<meta property=\"og:type\" content=\"article\" \/>\n<meta property=\"og:title\" content=\"Gel d\u00e9tartrant WC 750ML - ETANEC\" \/>\n<meta property=\"og:description\" content=\"3 EN 1 DETARTRE, DESINFECTE, ET AGIT SOUS L&#039;EAU D\u00e9sinfecte rapidement et supprime les mauvaises odeurs avec son parfum frais. Elimine le tartre et le calcaire, m\u00eame sous l&#039;eau. Ravive la brillance de l&#039;\u00e9mail et supprime toutes les bact\u00e9ries m\u00eame sous les rebords. Adh\u00e8re aux parois, change de couleur d\u00e8s que le tartre dispara\u00eet. Bact\u00e9ricide selon la norme NFEN1276 En conditions de salet\u00e9, \u00e0 l&#039;\u00e9tat pur pour un temps de contact de 5 minute. Utiliser ce biocide avec pr\u00e9caution, avant toute utilisation, lisez l&#039;\u00e9tiquette et les informations concernant le produit. Biocide TP2: pr\u00e9paration liquide \u00e0 l&#039;emploi \u00e0 effet curatif Substance active biocide: Chlorure de did\u00e9cyldim\u00e9thylammonium CAS 7173-51-5: 0.035%\" \/>\n<meta property=\"og:url\" content=\"http:\/\/etanec.fr\/index.php\/produit\/gel-detartrant-wc-750ml\/\" \/>\n<meta property=\"og:site_name\" content=\"ETANEC\" \/>\n<meta property=\"og:image\" content=\"https:\/\/i0.wp.com\/etanec.fr\/wp-content\/uploads\/2022\/12\/x773750_610x610.jpg?fit=610%2C610\" \/>\n\t<meta property=\"og:image:width\" content=\"610\" \/>\n\t<meta property=\"og:image:height\" content=\"610\" \/>\n\t<meta property=\"og:image:type\" content=\"image\/jpeg\" \/>\n<meta name=\"twitter:card\" content=\"summary_large_image\" \/>\n<meta name=\"twitter:label1\" content=\"Dur\u00e9e de lecture estim\u00e9e\" \/>\n\t<meta name=\"twitter:data1\" content=\"1 minute\" \/>\n<script type=\"application\/ld+json\" class=\"yoast-schema-graph\">{\"@context\":\"https:\/\/schema.org\",\"@graph\":[{\"@type\":\"WebPage\",\"@id\":\"http:\/\/etanec.fr\/index.php\/produit\/gel-detartrant-wc-750ml\/\",\"url\":\"http:\/\/etanec.fr\/index.php\/produit\/gel-detartrant-wc-750ml\/\",\"name\":\"Gel d\u00e9tartrant WC 750ML - ETANEC\",\"isPartOf\":{\"@id\":\"http:\/\/etanec.fr\/#website\"},\"primaryImageOfPage\":{\"@id\":\"http:\/\/etanec.fr\/index.php\/produit\/gel-detartrant-wc-750ml\/#primaryimage\"},\"image\":{\"@id\":\"http:\/\/etanec.fr\/index.php\/produit\/gel-detartrant-wc-750ml\/#primaryimage\"},\"thumbnailUrl\":\"https:\/\/i0.wp.com\/etanec.fr\/wp-content\/uploads\/2022\/12\/x773750_610x610.jpg?fit=610%2C610\",\"datePublished\":\"2023-05-11T09:49:01+00:00\",\"breadcrumb\":{\"@id\":\"http:\/\/etanec.fr\/index.php\/produit\/gel-detartrant-wc-750ml\/#breadcrumb\"},\"inLanguage\":\"fr-FR\",\"potentialAction\":[{\"@type\":\"ReadAction\",\"target\":[\"http:\/\/etanec.fr\/index.php\/produit\/gel-detartrant-wc-750ml\/\"]}]},{\"@type\":\"ImageObject\",\"inLanguage\":\"fr-FR\",\"@id\":\"http:\/\/etanec.fr\/index.php\/produit\/gel-detartrant-wc-750ml\/#primaryimage\",\"url\":\"https:\/\/i0.wp.com\/etanec.fr\/wp-content\/uploads\/2022\/12\/x773750_610x610.jpg?fit=610%2C610\",\"contentUrl\":\"https:\/\/i0.wp.com\/etanec.fr\/wp-content\/uploads\/2022\/12\/x773750_610x610.jpg?fit=610%2C610\",\"width\":610,\"height\":610},{\"@type\":\"BreadcrumbList\",\"@id\":\"http:\/\/etanec.fr\/index.php\/produit\/gel-detartrant-wc-750ml\/#breadcrumb\",\"itemListElement\":[{\"@type\":\"ListItem\",\"position\":1,\"name\":\"Accueil\",\"item\":\"http:\/\/etanec.fr\/\"},{\"@type\":\"ListItem\",\"position\":2,\"name\":\"Gamme de produits\",\"item\":\"https:\/\/etanec.fr\/index.php\/boutique\/\"},{\"@type\":\"ListItem\",\"position\":3,\"name\":\"Gel d\u00e9tartrant WC 750ML\"}]},{\"@type\":\"WebSite\",\"@id\":\"http:\/\/etanec.fr\/#website\",\"url\":\"http:\/\/etanec.fr\/\",\"name\":\"etanec.fr\",\"description\":\"Votre Solution en Outillage &amp; Fixation Enveloppe du batiment\",\"publisher\":{\"@id\":\"http:\/\/etanec.fr\/#organization\"},\"potentialAction\":[{\"@type\":\"SearchAction\",\"target\":{\"@type\":\"EntryPoint\",\"urlTemplate\":\"http:\/\/etanec.fr\/?s={search_term_string}\"},\"query-input\":{\"@type\":\"PropertyValueSpecification\",\"valueRequired\":true,\"valueName\":\"search_term_string\"}}],\"inLanguage\":\"fr-FR\"},{\"@type\":\"Organization\",\"@id\":\"http:\/\/etanec.fr\/#organization\",\"name\":\"etanec.fr\",\"url\":\"http:\/\/etanec.fr\/\",\"logo\":{\"@type\":\"ImageObject\",\"inLanguage\":\"fr-FR\",\"@id\":\"http:\/\/etanec.fr\/#\/schema\/logo\/image\/\",\"url\":\"https:\/\/i0.wp.com\/etanec.fr\/wp-content\/uploads\/2017\/11\/cropped-cropped-cropped-ETANEC-LOGO-2017-RVBTRANSP-HD-e1509965316759.png?fit=350%2C75\",\"contentUrl\":\"https:\/\/i0.wp.com\/etanec.fr\/wp-content\/uploads\/2017\/11\/cropped-cropped-cropped-ETANEC-LOGO-2017-RVBTRANSP-HD-e1509965316759.png?fit=350%2C75\",\"width\":350,\"height\":75,\"caption\":\"etanec.fr\"},\"image\":{\"@id\":\"http:\/\/etanec.fr\/#\/schema\/logo\/image\/\"},\"sameAs\":[\"https:\/\/www.linkedin.com\/company\/etanecgroup\/?viewAsMember=true\"]}]}<\/script>\n<!-- \/ Yoast SEO plugin. -->","yoast_head_json":{"title":"Gel d\u00e9tartrant WC 750ML - ETANEC","robots":{"index":"index","follow":"follow","max-snippet":"max-snippet:-1","max-image-preview":"max-image-preview:large","max-video-preview":"max-video-preview:-1"},"canonical":"http:\/\/etanec.fr\/index.php\/produit\/gel-detartrant-wc-750ml\/","og_locale":"fr_FR","og_type":"article","og_title":"Gel d\u00e9tartrant WC 750ML - ETANEC","og_description":"3 EN 1 DETARTRE, DESINFECTE, ET AGIT SOUS L'EAU D\u00e9sinfecte rapidement et supprime les mauvaises odeurs avec son parfum frais. Elimine le tartre et le calcaire, m\u00eame sous l'eau. Ravive la brillance de l'\u00e9mail et supprime toutes les bact\u00e9ries m\u00eame sous les rebords. Adh\u00e8re aux parois, change de couleur d\u00e8s que le tartre dispara\u00eet. Bact\u00e9ricide selon la norme NFEN1276 En conditions de salet\u00e9, \u00e0 l'\u00e9tat pur pour un temps de contact de 5 minute. Utiliser ce biocide avec pr\u00e9caution, avant toute utilisation, lisez l'\u00e9tiquette et les informations concernant le produit. Biocide TP2: pr\u00e9paration liquide \u00e0 l'emploi \u00e0 effet curatif Substance active biocide: Chlorure de did\u00e9cyldim\u00e9thylammonium CAS 7173-51-5: 0.035%","og_url":"http:\/\/etanec.fr\/index.php\/produit\/gel-detartrant-wc-750ml\/","og_site_name":"ETANEC","og_image":[{"width":610,"height":610,"url":"https:\/\/i0.wp.com\/etanec.fr\/wp-content\/uploads\/2022\/12\/x773750_610x610.jpg?fit=610%2C610","type":"image\/jpeg"}],"twitter_card":"summary_large_image","twitter_misc":{"Dur\u00e9e de lecture estim\u00e9e":"1 minute"},"schema":{"@context":"https:\/\/schema.org","@graph":[{"@type":"WebPage","@id":"http:\/\/etanec.fr\/index.php\/produit\/gel-detartrant-wc-750ml\/","url":"http:\/\/etanec.fr\/index.php\/produit\/gel-detartrant-wc-750ml\/","name":"Gel d\u00e9tartrant WC 750ML - ETANEC","isPartOf":{"@id":"http:\/\/etanec.fr\/#website"},"primaryImageOfPage":{"@id":"http:\/\/etanec.fr\/index.php\/produit\/gel-detartrant-wc-750ml\/#primaryimage"},"image":{"@id":"http:\/\/etanec.fr\/index.php\/produit\/gel-detartrant-wc-750ml\/#primaryimage"},"thumbnailUrl":"https:\/\/i0.wp.com\/etanec.fr\/wp-content\/uploads\/2022\/12\/x773750_610x610.jpg?fit=610%2C610","datePublished":"2023-05-11T09:49:01+00:00","breadcrumb":{"@id":"http:\/\/etanec.fr\/index.php\/produit\/gel-detartrant-wc-750ml\/#breadcrumb"},"inLanguage":"fr-FR","potentialAction":[{"@type":"ReadAction","target":["http:\/\/etanec.fr\/index.php\/produit\/gel-detartrant-wc-750ml\/"]}]},{"@type":"ImageObject","inLanguage":"fr-FR","@id":"http:\/\/etanec.fr\/index.php\/produit\/gel-detartrant-wc-750ml\/#primaryimage","url":"https:\/\/i0.wp.com\/etanec.fr\/wp-content\/uploads\/2022\/12\/x773750_610x610.jpg?fit=610%2C610","contentUrl":"https:\/\/i0.wp.com\/etanec.fr\/wp-content\/uploads\/2022\/12\/x773750_610x610.jpg?fit=610%2C610","width":610,"height":610},{"@type":"BreadcrumbList","@id":"http:\/\/etanec.fr\/index.php\/produit\/gel-detartrant-wc-750ml\/#breadcrumb","itemListElement":[{"@type":"ListItem","position":1,"name":"Accueil","item":"http:\/\/etanec.fr\/"},{"@type":"ListItem","position":2,"name":"Gamme de produits","item":"https:\/\/etanec.fr\/index.php\/boutique\/"},{"@type":"ListItem","position":3,"name":"Gel d\u00e9tartrant WC 750ML"}]},{"@type":"WebSite","@id":"http:\/\/etanec.fr\/#website","url":"http:\/\/etanec.fr\/","name":"etanec.fr","description":"Votre Solution en Outillage &amp; Fixation Enveloppe du batiment","publisher":{"@id":"http:\/\/etanec.fr\/#organization"},"potentialAction":[{"@type":"SearchAction","target":{"@type":"EntryPoint","urlTemplate":"http:\/\/etanec.fr\/?s={search_term_string}"},"query-input":{"@type":"PropertyValueSpecification","valueRequired":true,"valueName":"search_term_string"}}],"inLanguage":"fr-FR"},{"@type":"Organization","@id":"http:\/\/etanec.fr\/#organization","name":"etanec.fr","url":"http:\/\/etanec.fr\/","logo":{"@type":"ImageObject","inLanguage":"fr-FR","@id":"http:\/\/etanec.fr\/#\/schema\/logo\/image\/","url":"https:\/\/i0.wp.com\/etanec.fr\/wp-content\/uploads\/2017\/11\/cropped-cropped-cropped-ETANEC-LOGO-2017-RVBTRANSP-HD-e1509965316759.png?fit=350%2C75","contentUrl":"https:\/\/i0.wp.com\/etanec.fr\/wp-content\/uploads\/2017\/11\/cropped-cropped-cropped-ETANEC-LOGO-2017-RVBTRANSP-HD-e1509965316759.png?fit=350%2C75","width":350,"height":75,"caption":"etanec.fr"},"image":{"@id":"http:\/\/etanec.fr\/#\/schema\/logo\/image\/"},"sameAs":["https:\/\/www.linkedin.com\/company\/etanecgroup\/?viewAsMember=true"]}]}},"jetpack_publicize_connections":[],"jetpack_sharing_enabled":true,"_links":{"self":[{"href":"http:\/\/etanec.fr\/index.php\/wp-json\/wp\/v2\/product\/3233","targetHints":{"allow":["GET"]}}],"collection":[{"href":"http:\/\/etanec.fr\/index.php\/wp-json\/wp\/v2\/product"}],"about":[{"href":"http:\/\/etanec.fr\/index.php\/wp-json\/wp\/v2\/types\/product"}],"replies":[{"embeddable":true,"href":"http:\/\/etanec.fr\/index.php\/wp-json\/wp\/v2\/comments?post=3233"}],"version-history":[{"count":2,"href":"http:\/\/etanec.fr\/index.php\/wp-json\/wp\/v2\/product\/3233\/revisions"}],"predecessor-version":[{"id":6591,"href":"http:\/\/etanec.fr\/index.php\/wp-json\/wp\/v2\/product\/3233\/revisions\/6591"}],"wp:featuredmedia":[{"embeddable":true,"href":"http:\/\/etanec.fr\/index.php\/wp-json\/wp\/v2\/media\/3234"}],"wp:attachment":[{"href":"http:\/\/etanec.fr\/index.php\/wp-json\/wp\/v2\/media?parent=3233"}],"wp:term":[{"taxonomy":"product_brand","embeddable":true,"href":"http:\/\/etanec.fr\/index.php\/wp-json\/wp\/v2\/product_brand?post=3233"},{"taxonomy":"product_cat","embeddable":true,"href":"http:\/\/etanec.fr\/index.php\/wp-json\/wp\/v2\/product_cat?post=3233"},{"taxonomy":"product_tag","embeddable":true,"href":"http:\/\/etanec.fr\/index.php\/wp-json\/wp\/v2\/product_tag?post=3233"}],"curies":[{"name":"wp","href":"https:\/\/api.w.org\/{rel}","templated":true}]}}