{"id":3239,"date":"2023-05-11T13:41:15","date_gmt":"2023-05-11T11:41:15","guid":{"rendered":"http:\/\/etanec.fr\/?post_type=product&#038;p=3239"},"modified":"2023-05-11T13:41:15","modified_gmt":"2023-05-11T11:41:15","slug":"alcool-menager-desinfectant-parfume","status":"publish","type":"product","link":"http:\/\/etanec.fr\/index.php\/produit\/alcool-menager-desinfectant-parfume\/","title":{"rendered":"Alcool m\u00e9nager d\u00e9sinfectant parfum\u00e9"},"content":{"rendered":"<p>Excellent d\u00e9sinfectant et nettoyant pour les vitres, miroirs, jouets, robinetteries, ampoules \u00e9lectriques, touches de piano, cristal, bijoux, tableaux de bord et garniture int\u00e9rieure des voitures, Il permet aussi d&rsquo;enlever les taches (vins, caf\u00e9, fruits, encre, trace d&rsquo;herbe) des tissus et laisse une odeur tr\u00e8s agr\u00e9able, Pour tout nettoyer et d\u00e9graisser dans la maison (vitres, robinetteries, miroirs, bijoux&#8230;), Pour d\u00e9tacher les moquettes et les tissus : vin, caf\u00e9, fruits, encre&#8230; Pour d\u00e9sinfecter : appliquer, laisser agir 5 minutes. Renouveler l\u2019op\u00e9ration r\u00e9guli\u00e8rement.<br \/>\nPulv\u00e9risateur: 500ml<br \/>\nParfum: divers<\/p>\n","protected":false},"excerpt":{"rendered":"<p>Excellent d\u00e9sinfectant et nettoyant pour les vitres, miroirs, jouets, robinetteries, ampoules \u00e9lectriques, touches de piano, cristal, bijoux, tableaux de bord et garniture int\u00e9rieure des voitures<br \/>\nIl permet aussi d&rsquo;enlever les taches (vins, caf\u00e9, fruits, encre, trace d&rsquo;herbe) des tissus et laisse une odeur tr\u00e8s agr\u00e9able<br \/>\nPour tout nettoyer et d\u00e9graisser dans la maison (vitres, robinetteries, miroirs, bijoux&#8230;)<br \/>\nPour d\u00e9tacher les moquettes et les tissus : vin, caf\u00e9, fruits, encre&#8230;<br \/>\nPour d\u00e9sinfecter* : appliquer, laisser agir 5 minutes. Renouveler l\u2019op\u00e9ration r\u00e9guli\u00e8rement.<br \/>\nPulv\u00e9risateur: 500ml<br \/>\nParfum: divers<\/p>\n","protected":false},"featured_media":3243,"comment_status":"open","ping_status":"closed","template":"","meta":{"_monsterinsights_skip_tracking":false,"_monsterinsights_sitenote_active":false,"_monsterinsights_sitenote_note":"","_monsterinsights_sitenote_category":0,"jetpack_publicize_message":"","jetpack_publicize_feature_enabled":true,"jetpack_social_post_already_shared":false,"jetpack_social_options":{"image_generator_settings":{"template":"highway","default_image_id":0,"font":"","enabled":false},"version":2}},"product_brand":[],"product_cat":[75],"product_tag":[],"class_list":{"0":"post-3239","1":"product","2":"type-product","3":"status-publish","6":"product_cat-atelier-chantier","8":"first","9":"outofstock","10":"taxable","11":"shipping-taxable","12":"product-type-variable"},"yoast_head":"<!-- This site is optimized with the Yoast SEO plugin v26.6 - https:\/\/yoast.com\/wordpress\/plugins\/seo\/ -->\n<title>Alcool m\u00e9nager d\u00e9sinfectant parfum\u00e9 - ETANEC<\/title>\n<meta name=\"robots\" content=\"index, follow, max-snippet:-1, max-image-preview:large, max-video-preview:-1\" \/>\n<link rel=\"canonical\" href=\"http:\/\/etanec.fr\/index.php\/produit\/alcool-menager-desinfectant-parfume\/\" \/>\n<meta property=\"og:locale\" content=\"fr_FR\" \/>\n<meta property=\"og:type\" content=\"article\" \/>\n<meta property=\"og:title\" content=\"Alcool m\u00e9nager d\u00e9sinfectant parfum\u00e9 - ETANEC\" \/>\n<meta property=\"og:description\" content=\"Excellent d\u00e9sinfectant et nettoyant pour les vitres, miroirs, jouets, robinetteries, ampoules \u00e9lectriques, touches de piano, cristal, bijoux, tableaux de bord et garniture int\u00e9rieure des voitures Il permet aussi d&#039;enlever les taches (vins, caf\u00e9, fruits, encre, trace d&#039;herbe) des tissus et laisse une odeur tr\u00e8s agr\u00e9able Pour tout nettoyer et d\u00e9graisser dans la maison (vitres, robinetteries, miroirs, bijoux...) Pour d\u00e9tacher les moquettes et les tissus : vin, caf\u00e9, fruits, encre... Pour d\u00e9sinfecter* : appliquer, laisser agir 5 minutes. Renouveler l\u2019op\u00e9ration r\u00e9guli\u00e8rement. Pulv\u00e9risateur: 500ml Parfum: divers\" \/>\n<meta property=\"og:url\" content=\"http:\/\/etanec.fr\/index.php\/produit\/alcool-menager-desinfectant-parfume\/\" \/>\n<meta property=\"og:site_name\" content=\"ETANEC\" \/>\n<meta property=\"og:image\" content=\"https:\/\/i0.wp.com\/etanec.fr\/wp-content\/uploads\/2022\/12\/r104070_610x610.jpg?fit=610%2C610\" \/>\n\t<meta property=\"og:image:width\" content=\"610\" \/>\n\t<meta property=\"og:image:height\" content=\"610\" \/>\n\t<meta property=\"og:image:type\" content=\"image\/jpeg\" \/>\n<meta name=\"twitter:card\" content=\"summary_large_image\" \/>\n<meta name=\"twitter:label1\" content=\"Dur\u00e9e de lecture estim\u00e9e\" \/>\n\t<meta name=\"twitter:data1\" content=\"1 minute\" \/>\n<script type=\"application\/ld+json\" class=\"yoast-schema-graph\">{\"@context\":\"https:\/\/schema.org\",\"@graph\":[{\"@type\":\"WebPage\",\"@id\":\"http:\/\/etanec.fr\/index.php\/produit\/alcool-menager-desinfectant-parfume\/\",\"url\":\"http:\/\/etanec.fr\/index.php\/produit\/alcool-menager-desinfectant-parfume\/\",\"name\":\"Alcool m\u00e9nager d\u00e9sinfectant parfum\u00e9 - ETANEC\",\"isPartOf\":{\"@id\":\"http:\/\/etanec.fr\/#website\"},\"primaryImageOfPage\":{\"@id\":\"http:\/\/etanec.fr\/index.php\/produit\/alcool-menager-desinfectant-parfume\/#primaryimage\"},\"image\":{\"@id\":\"http:\/\/etanec.fr\/index.php\/produit\/alcool-menager-desinfectant-parfume\/#primaryimage\"},\"thumbnailUrl\":\"https:\/\/i0.wp.com\/etanec.fr\/wp-content\/uploads\/2022\/12\/r104070_610x610.jpg?fit=610%2C610\",\"datePublished\":\"2023-05-11T11:41:15+00:00\",\"breadcrumb\":{\"@id\":\"http:\/\/etanec.fr\/index.php\/produit\/alcool-menager-desinfectant-parfume\/#breadcrumb\"},\"inLanguage\":\"fr-FR\",\"potentialAction\":[{\"@type\":\"ReadAction\",\"target\":[\"http:\/\/etanec.fr\/index.php\/produit\/alcool-menager-desinfectant-parfume\/\"]}]},{\"@type\":\"ImageObject\",\"inLanguage\":\"fr-FR\",\"@id\":\"http:\/\/etanec.fr\/index.php\/produit\/alcool-menager-desinfectant-parfume\/#primaryimage\",\"url\":\"https:\/\/i0.wp.com\/etanec.fr\/wp-content\/uploads\/2022\/12\/r104070_610x610.jpg?fit=610%2C610\",\"contentUrl\":\"https:\/\/i0.wp.com\/etanec.fr\/wp-content\/uploads\/2022\/12\/r104070_610x610.jpg?fit=610%2C610\",\"width\":610,\"height\":610},{\"@type\":\"BreadcrumbList\",\"@id\":\"http:\/\/etanec.fr\/index.php\/produit\/alcool-menager-desinfectant-parfume\/#breadcrumb\",\"itemListElement\":[{\"@type\":\"ListItem\",\"position\":1,\"name\":\"Accueil\",\"item\":\"http:\/\/etanec.fr\/\"},{\"@type\":\"ListItem\",\"position\":2,\"name\":\"Gamme de produits\",\"item\":\"http:\/\/etanec.fr\/index.php\/boutique\/\"},{\"@type\":\"ListItem\",\"position\":3,\"name\":\"Alcool m\u00e9nager d\u00e9sinfectant parfum\u00e9\"}]},{\"@type\":\"WebSite\",\"@id\":\"http:\/\/etanec.fr\/#website\",\"url\":\"http:\/\/etanec.fr\/\",\"name\":\"etanec.fr\",\"description\":\"Votre Solution en Outillage &amp; Fixation Enveloppe du batiment\",\"publisher\":{\"@id\":\"http:\/\/etanec.fr\/#organization\"},\"potentialAction\":[{\"@type\":\"SearchAction\",\"target\":{\"@type\":\"EntryPoint\",\"urlTemplate\":\"http:\/\/etanec.fr\/?s={search_term_string}\"},\"query-input\":{\"@type\":\"PropertyValueSpecification\",\"valueRequired\":true,\"valueName\":\"search_term_string\"}}],\"inLanguage\":\"fr-FR\"},{\"@type\":\"Organization\",\"@id\":\"http:\/\/etanec.fr\/#organization\",\"name\":\"etanec.fr\",\"url\":\"http:\/\/etanec.fr\/\",\"logo\":{\"@type\":\"ImageObject\",\"inLanguage\":\"fr-FR\",\"@id\":\"http:\/\/etanec.fr\/#\/schema\/logo\/image\/\",\"url\":\"https:\/\/i0.wp.com\/etanec.fr\/wp-content\/uploads\/2017\/11\/cropped-cropped-cropped-ETANEC-LOGO-2017-RVBTRANSP-HD-e1509965316759.png?fit=350%2C75\",\"contentUrl\":\"https:\/\/i0.wp.com\/etanec.fr\/wp-content\/uploads\/2017\/11\/cropped-cropped-cropped-ETANEC-LOGO-2017-RVBTRANSP-HD-e1509965316759.png?fit=350%2C75\",\"width\":350,\"height\":75,\"caption\":\"etanec.fr\"},\"image\":{\"@id\":\"http:\/\/etanec.fr\/#\/schema\/logo\/image\/\"},\"sameAs\":[\"https:\/\/www.linkedin.com\/company\/etanecgroup\/?viewAsMember=true\"]}]}<\/script>\n<!-- \/ Yoast SEO plugin. -->","yoast_head_json":{"title":"Alcool m\u00e9nager d\u00e9sinfectant parfum\u00e9 - ETANEC","robots":{"index":"index","follow":"follow","max-snippet":"max-snippet:-1","max-image-preview":"max-image-preview:large","max-video-preview":"max-video-preview:-1"},"canonical":"http:\/\/etanec.fr\/index.php\/produit\/alcool-menager-desinfectant-parfume\/","og_locale":"fr_FR","og_type":"article","og_title":"Alcool m\u00e9nager d\u00e9sinfectant parfum\u00e9 - ETANEC","og_description":"Excellent d\u00e9sinfectant et nettoyant pour les vitres, miroirs, jouets, robinetteries, ampoules \u00e9lectriques, touches de piano, cristal, bijoux, tableaux de bord et garniture int\u00e9rieure des voitures Il permet aussi d'enlever les taches (vins, caf\u00e9, fruits, encre, trace d'herbe) des tissus et laisse une odeur tr\u00e8s agr\u00e9able Pour tout nettoyer et d\u00e9graisser dans la maison (vitres, robinetteries, miroirs, bijoux...) Pour d\u00e9tacher les moquettes et les tissus : vin, caf\u00e9, fruits, encre... Pour d\u00e9sinfecter* : appliquer, laisser agir 5 minutes. Renouveler l\u2019op\u00e9ration r\u00e9guli\u00e8rement. Pulv\u00e9risateur: 500ml Parfum: divers","og_url":"http:\/\/etanec.fr\/index.php\/produit\/alcool-menager-desinfectant-parfume\/","og_site_name":"ETANEC","og_image":[{"width":610,"height":610,"url":"https:\/\/i0.wp.com\/etanec.fr\/wp-content\/uploads\/2022\/12\/r104070_610x610.jpg?fit=610%2C610","type":"image\/jpeg"}],"twitter_card":"summary_large_image","twitter_misc":{"Dur\u00e9e de lecture estim\u00e9e":"1 minute"},"schema":{"@context":"https:\/\/schema.org","@graph":[{"@type":"WebPage","@id":"http:\/\/etanec.fr\/index.php\/produit\/alcool-menager-desinfectant-parfume\/","url":"http:\/\/etanec.fr\/index.php\/produit\/alcool-menager-desinfectant-parfume\/","name":"Alcool m\u00e9nager d\u00e9sinfectant parfum\u00e9 - ETANEC","isPartOf":{"@id":"http:\/\/etanec.fr\/#website"},"primaryImageOfPage":{"@id":"http:\/\/etanec.fr\/index.php\/produit\/alcool-menager-desinfectant-parfume\/#primaryimage"},"image":{"@id":"http:\/\/etanec.fr\/index.php\/produit\/alcool-menager-desinfectant-parfume\/#primaryimage"},"thumbnailUrl":"https:\/\/i0.wp.com\/etanec.fr\/wp-content\/uploads\/2022\/12\/r104070_610x610.jpg?fit=610%2C610","datePublished":"2023-05-11T11:41:15+00:00","breadcrumb":{"@id":"http:\/\/etanec.fr\/index.php\/produit\/alcool-menager-desinfectant-parfume\/#breadcrumb"},"inLanguage":"fr-FR","potentialAction":[{"@type":"ReadAction","target":["http:\/\/etanec.fr\/index.php\/produit\/alcool-menager-desinfectant-parfume\/"]}]},{"@type":"ImageObject","inLanguage":"fr-FR","@id":"http:\/\/etanec.fr\/index.php\/produit\/alcool-menager-desinfectant-parfume\/#primaryimage","url":"https:\/\/i0.wp.com\/etanec.fr\/wp-content\/uploads\/2022\/12\/r104070_610x610.jpg?fit=610%2C610","contentUrl":"https:\/\/i0.wp.com\/etanec.fr\/wp-content\/uploads\/2022\/12\/r104070_610x610.jpg?fit=610%2C610","width":610,"height":610},{"@type":"BreadcrumbList","@id":"http:\/\/etanec.fr\/index.php\/produit\/alcool-menager-desinfectant-parfume\/#breadcrumb","itemListElement":[{"@type":"ListItem","position":1,"name":"Accueil","item":"http:\/\/etanec.fr\/"},{"@type":"ListItem","position":2,"name":"Gamme de produits","item":"http:\/\/etanec.fr\/index.php\/boutique\/"},{"@type":"ListItem","position":3,"name":"Alcool m\u00e9nager d\u00e9sinfectant parfum\u00e9"}]},{"@type":"WebSite","@id":"http:\/\/etanec.fr\/#website","url":"http:\/\/etanec.fr\/","name":"etanec.fr","description":"Votre Solution en Outillage &amp; Fixation Enveloppe du batiment","publisher":{"@id":"http:\/\/etanec.fr\/#organization"},"potentialAction":[{"@type":"SearchAction","target":{"@type":"EntryPoint","urlTemplate":"http:\/\/etanec.fr\/?s={search_term_string}"},"query-input":{"@type":"PropertyValueSpecification","valueRequired":true,"valueName":"search_term_string"}}],"inLanguage":"fr-FR"},{"@type":"Organization","@id":"http:\/\/etanec.fr\/#organization","name":"etanec.fr","url":"http:\/\/etanec.fr\/","logo":{"@type":"ImageObject","inLanguage":"fr-FR","@id":"http:\/\/etanec.fr\/#\/schema\/logo\/image\/","url":"https:\/\/i0.wp.com\/etanec.fr\/wp-content\/uploads\/2017\/11\/cropped-cropped-cropped-ETANEC-LOGO-2017-RVBTRANSP-HD-e1509965316759.png?fit=350%2C75","contentUrl":"https:\/\/i0.wp.com\/etanec.fr\/wp-content\/uploads\/2017\/11\/cropped-cropped-cropped-ETANEC-LOGO-2017-RVBTRANSP-HD-e1509965316759.png?fit=350%2C75","width":350,"height":75,"caption":"etanec.fr"},"image":{"@id":"http:\/\/etanec.fr\/#\/schema\/logo\/image\/"},"sameAs":["https:\/\/www.linkedin.com\/company\/etanecgroup\/?viewAsMember=true"]}]}},"jetpack_publicize_connections":[],"jetpack_sharing_enabled":true,"_links":{"self":[{"href":"http:\/\/etanec.fr\/index.php\/wp-json\/wp\/v2\/product\/3239","targetHints":{"allow":["GET"]}}],"collection":[{"href":"http:\/\/etanec.fr\/index.php\/wp-json\/wp\/v2\/product"}],"about":[{"href":"http:\/\/etanec.fr\/index.php\/wp-json\/wp\/v2\/types\/product"}],"replies":[{"embeddable":true,"href":"http:\/\/etanec.fr\/index.php\/wp-json\/wp\/v2\/comments?post=3239"}],"version-history":[{"count":2,"href":"http:\/\/etanec.fr\/index.php\/wp-json\/wp\/v2\/product\/3239\/revisions"}],"predecessor-version":[{"id":6597,"href":"http:\/\/etanec.fr\/index.php\/wp-json\/wp\/v2\/product\/3239\/revisions\/6597"}],"wp:featuredmedia":[{"embeddable":true,"href":"http:\/\/etanec.fr\/index.php\/wp-json\/wp\/v2\/media\/3243"}],"wp:attachment":[{"href":"http:\/\/etanec.fr\/index.php\/wp-json\/wp\/v2\/media?parent=3239"}],"wp:term":[{"taxonomy":"product_brand","embeddable":true,"href":"http:\/\/etanec.fr\/index.php\/wp-json\/wp\/v2\/product_brand?post=3239"},{"taxonomy":"product_cat","embeddable":true,"href":"http:\/\/etanec.fr\/index.php\/wp-json\/wp\/v2\/product_cat?post=3239"},{"taxonomy":"product_tag","embeddable":true,"href":"http:\/\/etanec.fr\/index.php\/wp-json\/wp\/v2\/product_tag?post=3239"}],"curies":[{"name":"wp","href":"https:\/\/api.w.org\/{rel}","templated":true}]}}