{"id":3276,"date":"2023-05-11T13:58:27","date_gmt":"2023-05-11T11:58:27","guid":{"rendered":"http:\/\/etanec.fr\/?post_type=product&#038;p=3276"},"modified":"2023-05-11T14:12:14","modified_gmt":"2023-05-11T12:12:14","slug":"transpalette-manuel-long-2-5-tonnes","status":"publish","type":"product","link":"http:\/\/etanec.fr\/index.php\/produit\/transpalette-manuel-long-2-5-tonnes\/","title":{"rendered":"Transpalette manuel long 2.5T"},"content":{"rendered":"<p>Le plus vendu sur le march\u00e9 ! Ch\u00e2ssis de construction robuste et tr\u00e8s maniable. Poign\u00e9e ergonomique sans angle. Levage hydraulique command\u00e9 par le timon : hauteur de lev\u00e9e 200 mm. Syst\u00e8me hydraulique \u00e9tanche sans maintenance. Timon de man\u0153uvre \u00e0 relevage automatique avec angle de braquage 220\u00b0. Commande manuelle 3 positions : mont\u00e9e neutre et descente. Roues directrices bandage nylon diam\u00e8tre 200 mm et boggies nylon diam\u00e8tre 82 mm. Point de graissage \u00e0 chaque articulation et roulements Valve de contr\u00f4le de la vitesse de descente et valve de surcharge<\/p>\n<p>Caract\u00e9ristiques techniques :<br \/>\nDimensions fourches : 1150 x550 mm<br \/>\nCapacit\u00e9 : 2500 kg<\/p>\n","protected":false},"excerpt":{"rendered":"<p>Le plus vendu sur le march\u00e9 !<\/p>\n<p>Ch\u00e2ssis de construction robuste et tr\u00e8s maniable<br \/>\nPoign\u00e9e ergonomique sans angle<br \/>\nLevage hydraulique command\u00e9 par le timon : hauteur de lev\u00e9e 200 mm<br \/>\nSyst\u00e8me hydraulique \u00e9tanche sans maintenance<br \/>\nTimon de man\u0153uvre \u00e0 relevage automatique avec angle de braquage 220\u00b0<br \/>\nCommande manuelle 3 positions : mont\u00e9e neutre et descente<br \/>\nRoues directrices bandage nylon diam\u00e8tre 200 mm et boggies nylon diam\u00e8tre 82 mm<br \/>\nPoint de graissage \u00e0 chaque articulation et roulementsValve de contr\u00f4le de la vitesse de descente et valve de surcharge<\/p>\n<p>Caract\u00e9ristiques techniques :<br \/>\nDimensions fourches : 1150 x550 mm<br \/>\nCapacit\u00e9 : 2500 kg<\/p>\n","protected":false},"featured_media":3277,"comment_status":"open","ping_status":"closed","template":"","meta":{"_monsterinsights_skip_tracking":false,"_monsterinsights_sitenote_active":false,"_monsterinsights_sitenote_note":"","_monsterinsights_sitenote_category":0,"jetpack_publicize_message":"","jetpack_publicize_feature_enabled":true,"jetpack_social_post_already_shared":false,"jetpack_social_options":{"image_generator_settings":{"template":"highway","default_image_id":0,"font":"","enabled":false},"version":2}},"product_brand":[],"product_cat":[75],"product_tag":[],"class_list":{"0":"post-3276","1":"product","2":"type-product","3":"status-publish","6":"product_cat-atelier-chantier","8":"first","9":"instock","10":"taxable","11":"shipping-taxable","12":"product-type-simple"},"yoast_head":"<!-- This site is optimized with the Yoast SEO plugin v26.6 - https:\/\/yoast.com\/wordpress\/plugins\/seo\/ -->\n<title>Transpalette manuel long 2.5T - ETANEC<\/title>\n<meta name=\"robots\" content=\"index, follow, max-snippet:-1, max-image-preview:large, max-video-preview:-1\" \/>\n<link rel=\"canonical\" href=\"http:\/\/etanec.fr\/index.php\/produit\/transpalette-manuel-long-2-5-tonnes\/\" \/>\n<meta property=\"og:locale\" content=\"fr_FR\" \/>\n<meta property=\"og:type\" content=\"article\" \/>\n<meta property=\"og:title\" content=\"Transpalette manuel long 2.5T - ETANEC\" \/>\n<meta property=\"og:description\" content=\"Le plus vendu sur le march\u00e9 !  Ch\u00e2ssis de construction robuste et tr\u00e8s maniable Poign\u00e9e ergonomique sans angle Levage hydraulique command\u00e9 par le timon : hauteur de lev\u00e9e 200 mm Syst\u00e8me hydraulique \u00e9tanche sans maintenance Timon de man\u0153uvre \u00e0 relevage automatique avec angle de braquage 220\u00b0 Commande manuelle 3 positions : mont\u00e9e neutre et descente Roues directrices bandage nylon diam\u00e8tre 200 mm et boggies nylon diam\u00e8tre 82 mm Point de graissage \u00e0 chaque articulation et roulementsValve de contr\u00f4le de la vitesse de descente et valve de surcharge  Caract\u00e9ristiques techniques : Dimensions fourches : 1150 x550 mm Capacit\u00e9 : 2500 kg\" \/>\n<meta property=\"og:url\" content=\"http:\/\/etanec.fr\/index.php\/produit\/transpalette-manuel-long-2-5-tonnes\/\" \/>\n<meta property=\"og:site_name\" content=\"ETANEC\" \/>\n<meta property=\"article:modified_time\" content=\"2023-05-11T12:12:14+00:00\" \/>\n<meta property=\"og:image\" content=\"https:\/\/i0.wp.com\/etanec.fr\/wp-content\/uploads\/2022\/12\/m561250_610x610.jpg?fit=610%2C610\" \/>\n\t<meta property=\"og:image:width\" content=\"610\" \/>\n\t<meta property=\"og:image:height\" content=\"610\" \/>\n\t<meta property=\"og:image:type\" content=\"image\/jpeg\" \/>\n<meta name=\"twitter:card\" content=\"summary_large_image\" \/>\n<meta name=\"twitter:label1\" content=\"Dur\u00e9e de lecture estim\u00e9e\" \/>\n\t<meta name=\"twitter:data1\" content=\"1 minute\" \/>\n<script type=\"application\/ld+json\" class=\"yoast-schema-graph\">{\"@context\":\"https:\/\/schema.org\",\"@graph\":[{\"@type\":\"WebPage\",\"@id\":\"http:\/\/etanec.fr\/index.php\/produit\/transpalette-manuel-long-2-5-tonnes\/\",\"url\":\"http:\/\/etanec.fr\/index.php\/produit\/transpalette-manuel-long-2-5-tonnes\/\",\"name\":\"Transpalette manuel long 2.5T - ETANEC\",\"isPartOf\":{\"@id\":\"http:\/\/etanec.fr\/#website\"},\"primaryImageOfPage\":{\"@id\":\"http:\/\/etanec.fr\/index.php\/produit\/transpalette-manuel-long-2-5-tonnes\/#primaryimage\"},\"image\":{\"@id\":\"http:\/\/etanec.fr\/index.php\/produit\/transpalette-manuel-long-2-5-tonnes\/#primaryimage\"},\"thumbnailUrl\":\"https:\/\/i0.wp.com\/etanec.fr\/wp-content\/uploads\/2022\/12\/m561250_610x610.jpg?fit=610%2C610\",\"datePublished\":\"2023-05-11T11:58:27+00:00\",\"dateModified\":\"2023-05-11T12:12:14+00:00\",\"breadcrumb\":{\"@id\":\"http:\/\/etanec.fr\/index.php\/produit\/transpalette-manuel-long-2-5-tonnes\/#breadcrumb\"},\"inLanguage\":\"fr-FR\",\"potentialAction\":[{\"@type\":\"ReadAction\",\"target\":[\"http:\/\/etanec.fr\/index.php\/produit\/transpalette-manuel-long-2-5-tonnes\/\"]}]},{\"@type\":\"ImageObject\",\"inLanguage\":\"fr-FR\",\"@id\":\"http:\/\/etanec.fr\/index.php\/produit\/transpalette-manuel-long-2-5-tonnes\/#primaryimage\",\"url\":\"https:\/\/i0.wp.com\/etanec.fr\/wp-content\/uploads\/2022\/12\/m561250_610x610.jpg?fit=610%2C610\",\"contentUrl\":\"https:\/\/i0.wp.com\/etanec.fr\/wp-content\/uploads\/2022\/12\/m561250_610x610.jpg?fit=610%2C610\",\"width\":610,\"height\":610},{\"@type\":\"BreadcrumbList\",\"@id\":\"http:\/\/etanec.fr\/index.php\/produit\/transpalette-manuel-long-2-5-tonnes\/#breadcrumb\",\"itemListElement\":[{\"@type\":\"ListItem\",\"position\":1,\"name\":\"Accueil\",\"item\":\"http:\/\/etanec.fr\/\"},{\"@type\":\"ListItem\",\"position\":2,\"name\":\"Gamme de produits\",\"item\":\"http:\/\/etanec.fr\/index.php\/boutique\/\"},{\"@type\":\"ListItem\",\"position\":3,\"name\":\"Transpalette manuel long 2.5T\"}]},{\"@type\":\"WebSite\",\"@id\":\"http:\/\/etanec.fr\/#website\",\"url\":\"http:\/\/etanec.fr\/\",\"name\":\"etanec.fr\",\"description\":\"Votre Solution en Outillage &amp; Fixation Enveloppe du batiment\",\"publisher\":{\"@id\":\"http:\/\/etanec.fr\/#organization\"},\"potentialAction\":[{\"@type\":\"SearchAction\",\"target\":{\"@type\":\"EntryPoint\",\"urlTemplate\":\"http:\/\/etanec.fr\/?s={search_term_string}\"},\"query-input\":{\"@type\":\"PropertyValueSpecification\",\"valueRequired\":true,\"valueName\":\"search_term_string\"}}],\"inLanguage\":\"fr-FR\"},{\"@type\":\"Organization\",\"@id\":\"http:\/\/etanec.fr\/#organization\",\"name\":\"etanec.fr\",\"url\":\"http:\/\/etanec.fr\/\",\"logo\":{\"@type\":\"ImageObject\",\"inLanguage\":\"fr-FR\",\"@id\":\"http:\/\/etanec.fr\/#\/schema\/logo\/image\/\",\"url\":\"https:\/\/i0.wp.com\/etanec.fr\/wp-content\/uploads\/2017\/11\/cropped-cropped-cropped-ETANEC-LOGO-2017-RVBTRANSP-HD-e1509965316759.png?fit=350%2C75\",\"contentUrl\":\"https:\/\/i0.wp.com\/etanec.fr\/wp-content\/uploads\/2017\/11\/cropped-cropped-cropped-ETANEC-LOGO-2017-RVBTRANSP-HD-e1509965316759.png?fit=350%2C75\",\"width\":350,\"height\":75,\"caption\":\"etanec.fr\"},\"image\":{\"@id\":\"http:\/\/etanec.fr\/#\/schema\/logo\/image\/\"},\"sameAs\":[\"https:\/\/www.linkedin.com\/company\/etanecgroup\/?viewAsMember=true\"]}]}<\/script>\n<!-- \/ Yoast SEO plugin. -->","yoast_head_json":{"title":"Transpalette manuel long 2.5T - ETANEC","robots":{"index":"index","follow":"follow","max-snippet":"max-snippet:-1","max-image-preview":"max-image-preview:large","max-video-preview":"max-video-preview:-1"},"canonical":"http:\/\/etanec.fr\/index.php\/produit\/transpalette-manuel-long-2-5-tonnes\/","og_locale":"fr_FR","og_type":"article","og_title":"Transpalette manuel long 2.5T - ETANEC","og_description":"Le plus vendu sur le march\u00e9 !  Ch\u00e2ssis de construction robuste et tr\u00e8s maniable Poign\u00e9e ergonomique sans angle Levage hydraulique command\u00e9 par le timon : hauteur de lev\u00e9e 200 mm Syst\u00e8me hydraulique \u00e9tanche sans maintenance Timon de man\u0153uvre \u00e0 relevage automatique avec angle de braquage 220\u00b0 Commande manuelle 3 positions : mont\u00e9e neutre et descente Roues directrices bandage nylon diam\u00e8tre 200 mm et boggies nylon diam\u00e8tre 82 mm Point de graissage \u00e0 chaque articulation et roulementsValve de contr\u00f4le de la vitesse de descente et valve de surcharge  Caract\u00e9ristiques techniques : Dimensions fourches : 1150 x550 mm Capacit\u00e9 : 2500 kg","og_url":"http:\/\/etanec.fr\/index.php\/produit\/transpalette-manuel-long-2-5-tonnes\/","og_site_name":"ETANEC","article_modified_time":"2023-05-11T12:12:14+00:00","og_image":[{"width":610,"height":610,"url":"https:\/\/i0.wp.com\/etanec.fr\/wp-content\/uploads\/2022\/12\/m561250_610x610.jpg?fit=610%2C610","type":"image\/jpeg"}],"twitter_card":"summary_large_image","twitter_misc":{"Dur\u00e9e de lecture estim\u00e9e":"1 minute"},"schema":{"@context":"https:\/\/schema.org","@graph":[{"@type":"WebPage","@id":"http:\/\/etanec.fr\/index.php\/produit\/transpalette-manuel-long-2-5-tonnes\/","url":"http:\/\/etanec.fr\/index.php\/produit\/transpalette-manuel-long-2-5-tonnes\/","name":"Transpalette manuel long 2.5T - ETANEC","isPartOf":{"@id":"http:\/\/etanec.fr\/#website"},"primaryImageOfPage":{"@id":"http:\/\/etanec.fr\/index.php\/produit\/transpalette-manuel-long-2-5-tonnes\/#primaryimage"},"image":{"@id":"http:\/\/etanec.fr\/index.php\/produit\/transpalette-manuel-long-2-5-tonnes\/#primaryimage"},"thumbnailUrl":"https:\/\/i0.wp.com\/etanec.fr\/wp-content\/uploads\/2022\/12\/m561250_610x610.jpg?fit=610%2C610","datePublished":"2023-05-11T11:58:27+00:00","dateModified":"2023-05-11T12:12:14+00:00","breadcrumb":{"@id":"http:\/\/etanec.fr\/index.php\/produit\/transpalette-manuel-long-2-5-tonnes\/#breadcrumb"},"inLanguage":"fr-FR","potentialAction":[{"@type":"ReadAction","target":["http:\/\/etanec.fr\/index.php\/produit\/transpalette-manuel-long-2-5-tonnes\/"]}]},{"@type":"ImageObject","inLanguage":"fr-FR","@id":"http:\/\/etanec.fr\/index.php\/produit\/transpalette-manuel-long-2-5-tonnes\/#primaryimage","url":"https:\/\/i0.wp.com\/etanec.fr\/wp-content\/uploads\/2022\/12\/m561250_610x610.jpg?fit=610%2C610","contentUrl":"https:\/\/i0.wp.com\/etanec.fr\/wp-content\/uploads\/2022\/12\/m561250_610x610.jpg?fit=610%2C610","width":610,"height":610},{"@type":"BreadcrumbList","@id":"http:\/\/etanec.fr\/index.php\/produit\/transpalette-manuel-long-2-5-tonnes\/#breadcrumb","itemListElement":[{"@type":"ListItem","position":1,"name":"Accueil","item":"http:\/\/etanec.fr\/"},{"@type":"ListItem","position":2,"name":"Gamme de produits","item":"http:\/\/etanec.fr\/index.php\/boutique\/"},{"@type":"ListItem","position":3,"name":"Transpalette manuel long 2.5T"}]},{"@type":"WebSite","@id":"http:\/\/etanec.fr\/#website","url":"http:\/\/etanec.fr\/","name":"etanec.fr","description":"Votre Solution en Outillage &amp; Fixation Enveloppe du batiment","publisher":{"@id":"http:\/\/etanec.fr\/#organization"},"potentialAction":[{"@type":"SearchAction","target":{"@type":"EntryPoint","urlTemplate":"http:\/\/etanec.fr\/?s={search_term_string}"},"query-input":{"@type":"PropertyValueSpecification","valueRequired":true,"valueName":"search_term_string"}}],"inLanguage":"fr-FR"},{"@type":"Organization","@id":"http:\/\/etanec.fr\/#organization","name":"etanec.fr","url":"http:\/\/etanec.fr\/","logo":{"@type":"ImageObject","inLanguage":"fr-FR","@id":"http:\/\/etanec.fr\/#\/schema\/logo\/image\/","url":"https:\/\/i0.wp.com\/etanec.fr\/wp-content\/uploads\/2017\/11\/cropped-cropped-cropped-ETANEC-LOGO-2017-RVBTRANSP-HD-e1509965316759.png?fit=350%2C75","contentUrl":"https:\/\/i0.wp.com\/etanec.fr\/wp-content\/uploads\/2017\/11\/cropped-cropped-cropped-ETANEC-LOGO-2017-RVBTRANSP-HD-e1509965316759.png?fit=350%2C75","width":350,"height":75,"caption":"etanec.fr"},"image":{"@id":"http:\/\/etanec.fr\/#\/schema\/logo\/image\/"},"sameAs":["https:\/\/www.linkedin.com\/company\/etanecgroup\/?viewAsMember=true"]}]}},"jetpack_publicize_connections":[],"jetpack_sharing_enabled":true,"_links":{"self":[{"href":"http:\/\/etanec.fr\/index.php\/wp-json\/wp\/v2\/product\/3276","targetHints":{"allow":["GET"]}}],"collection":[{"href":"http:\/\/etanec.fr\/index.php\/wp-json\/wp\/v2\/product"}],"about":[{"href":"http:\/\/etanec.fr\/index.php\/wp-json\/wp\/v2\/types\/product"}],"replies":[{"embeddable":true,"href":"http:\/\/etanec.fr\/index.php\/wp-json\/wp\/v2\/comments?post=3276"}],"version-history":[{"count":3,"href":"http:\/\/etanec.fr\/index.php\/wp-json\/wp\/v2\/product\/3276\/revisions"}],"predecessor-version":[{"id":6610,"href":"http:\/\/etanec.fr\/index.php\/wp-json\/wp\/v2\/product\/3276\/revisions\/6610"}],"wp:featuredmedia":[{"embeddable":true,"href":"http:\/\/etanec.fr\/index.php\/wp-json\/wp\/v2\/media\/3277"}],"wp:attachment":[{"href":"http:\/\/etanec.fr\/index.php\/wp-json\/wp\/v2\/media?parent=3276"}],"wp:term":[{"taxonomy":"product_brand","embeddable":true,"href":"http:\/\/etanec.fr\/index.php\/wp-json\/wp\/v2\/product_brand?post=3276"},{"taxonomy":"product_cat","embeddable":true,"href":"http:\/\/etanec.fr\/index.php\/wp-json\/wp\/v2\/product_cat?post=3276"},{"taxonomy":"product_tag","embeddable":true,"href":"http:\/\/etanec.fr\/index.php\/wp-json\/wp\/v2\/product_tag?post=3276"}],"curies":[{"name":"wp","href":"https:\/\/api.w.org\/{rel}","templated":true}]}}