{"id":3286,"date":"2023-05-11T14:04:40","date_gmt":"2023-05-11T12:04:40","guid":{"rendered":"http:\/\/etanec.fr\/?post_type=product&#038;p=3286"},"modified":"2023-05-11T14:10:57","modified_gmt":"2023-05-11T12:10:57","slug":"brouette-metal-roue-pleine-90-litres","status":"publish","type":"product","link":"http:\/\/etanec.fr\/index.php\/produit\/brouette-metal-roue-pleine-90-litres\/","title":{"rendered":"Brouette m\u00e9tal roue pleine 90L"},"content":{"rendered":"<p>Coffre d&rsquo;\u00e9paisseur 9\/10\u00e9me peint, Ch\u00e2ssis tube \u00d832mm formant un pare-chocs, Capacit\u00e9 en charge de 90 L\/T, Pi\u00e8tement boulonn\u00e9 avec traverses, Arceau de renfort avant boulonn\u00e9 et galvanis\u00e9 du coffre, Roue pleine increvable, Jante acier \u00e0 rayons soud\u00e9s, Charge 180kg.<\/p>\n","protected":false},"excerpt":{"rendered":"<p>&#8211; Coffre d&rsquo;\u00e9paisseur 9\/10\u00e9me peint<br \/>\n&#8211; Ch\u00e2ssis tube \u00d832mm formant un pare-chocs<br \/>\n&#8211; Capacit\u00e9 en charge de 90 L\/T<br \/>\n&#8211; Pi\u00e8tement boulonn\u00e9 avec traverses<br \/>\n&#8211; Arceau de renfort avant boulonn\u00e9 et galvanis\u00e9 du coffre<br \/>\n&#8211; Roue pleine increvable<br \/>\n&#8211; Jante acier \u00e0 rayons soud\u00e9s<br \/>\n&#8211; Charge 180kg<\/p>\n","protected":false},"featured_media":3287,"comment_status":"open","ping_status":"closed","template":"","meta":{"_monsterinsights_skip_tracking":false,"_monsterinsights_sitenote_active":false,"_monsterinsights_sitenote_note":"","_monsterinsights_sitenote_category":0,"jetpack_publicize_message":"","jetpack_publicize_feature_enabled":true,"jetpack_social_post_already_shared":false,"jetpack_social_options":{"image_generator_settings":{"template":"highway","default_image_id":0,"font":"","enabled":false},"version":2}},"product_brand":[],"product_cat":[75],"product_tag":[],"class_list":{"0":"post-3286","1":"product","2":"type-product","3":"status-publish","6":"product_cat-atelier-chantier","8":"first","9":"instock","10":"taxable","11":"shipping-taxable","12":"product-type-simple"},"yoast_head":"<!-- This site is optimized with the Yoast SEO plugin v26.6 - https:\/\/yoast.com\/wordpress\/plugins\/seo\/ -->\n<title>Brouette m\u00e9tal roue pleine 90L - ETANEC<\/title>\n<meta name=\"robots\" content=\"index, follow, max-snippet:-1, max-image-preview:large, max-video-preview:-1\" \/>\n<link rel=\"canonical\" href=\"http:\/\/etanec.fr\/index.php\/produit\/brouette-metal-roue-pleine-90-litres\/\" \/>\n<meta property=\"og:locale\" content=\"fr_FR\" \/>\n<meta property=\"og:type\" content=\"article\" \/>\n<meta property=\"og:title\" content=\"Brouette m\u00e9tal roue pleine 90L - ETANEC\" \/>\n<meta property=\"og:description\" content=\"- Coffre d&#039;\u00e9paisseur 9\/10\u00e9me peint - Ch\u00e2ssis tube \u00d832mm formant un pare-chocs - Capacit\u00e9 en charge de 90 L\/T - Pi\u00e8tement boulonn\u00e9 avec traverses - Arceau de renfort avant boulonn\u00e9 et galvanis\u00e9 du coffre - Roue pleine increvable - Jante acier \u00e0 rayons soud\u00e9s - Charge 180kg\" \/>\n<meta property=\"og:url\" content=\"http:\/\/etanec.fr\/index.php\/produit\/brouette-metal-roue-pleine-90-litres\/\" \/>\n<meta property=\"og:site_name\" content=\"ETANEC\" \/>\n<meta property=\"article:modified_time\" content=\"2023-05-11T12:10:57+00:00\" \/>\n<meta property=\"og:image\" content=\"https:\/\/i0.wp.com\/etanec.fr\/wp-content\/uploads\/2022\/12\/m548015_610x610.jpg?fit=610%2C610\" \/>\n\t<meta property=\"og:image:width\" content=\"610\" \/>\n\t<meta property=\"og:image:height\" content=\"610\" \/>\n\t<meta property=\"og:image:type\" content=\"image\/jpeg\" \/>\n<meta name=\"twitter:card\" content=\"summary_large_image\" \/>\n<meta name=\"twitter:label1\" content=\"Dur\u00e9e de lecture estim\u00e9e\" \/>\n\t<meta name=\"twitter:data1\" content=\"1 minute\" \/>\n<script type=\"application\/ld+json\" class=\"yoast-schema-graph\">{\"@context\":\"https:\/\/schema.org\",\"@graph\":[{\"@type\":\"WebPage\",\"@id\":\"http:\/\/etanec.fr\/index.php\/produit\/brouette-metal-roue-pleine-90-litres\/\",\"url\":\"http:\/\/etanec.fr\/index.php\/produit\/brouette-metal-roue-pleine-90-litres\/\",\"name\":\"Brouette m\u00e9tal roue pleine 90L - ETANEC\",\"isPartOf\":{\"@id\":\"http:\/\/etanec.fr\/#website\"},\"primaryImageOfPage\":{\"@id\":\"http:\/\/etanec.fr\/index.php\/produit\/brouette-metal-roue-pleine-90-litres\/#primaryimage\"},\"image\":{\"@id\":\"http:\/\/etanec.fr\/index.php\/produit\/brouette-metal-roue-pleine-90-litres\/#primaryimage\"},\"thumbnailUrl\":\"https:\/\/i0.wp.com\/etanec.fr\/wp-content\/uploads\/2022\/12\/m548015_610x610.jpg?fit=610%2C610\",\"datePublished\":\"2023-05-11T12:04:40+00:00\",\"dateModified\":\"2023-05-11T12:10:57+00:00\",\"breadcrumb\":{\"@id\":\"http:\/\/etanec.fr\/index.php\/produit\/brouette-metal-roue-pleine-90-litres\/#breadcrumb\"},\"inLanguage\":\"fr-FR\",\"potentialAction\":[{\"@type\":\"ReadAction\",\"target\":[\"http:\/\/etanec.fr\/index.php\/produit\/brouette-metal-roue-pleine-90-litres\/\"]}]},{\"@type\":\"ImageObject\",\"inLanguage\":\"fr-FR\",\"@id\":\"http:\/\/etanec.fr\/index.php\/produit\/brouette-metal-roue-pleine-90-litres\/#primaryimage\",\"url\":\"https:\/\/i0.wp.com\/etanec.fr\/wp-content\/uploads\/2022\/12\/m548015_610x610.jpg?fit=610%2C610\",\"contentUrl\":\"https:\/\/i0.wp.com\/etanec.fr\/wp-content\/uploads\/2022\/12\/m548015_610x610.jpg?fit=610%2C610\",\"width\":610,\"height\":610},{\"@type\":\"BreadcrumbList\",\"@id\":\"http:\/\/etanec.fr\/index.php\/produit\/brouette-metal-roue-pleine-90-litres\/#breadcrumb\",\"itemListElement\":[{\"@type\":\"ListItem\",\"position\":1,\"name\":\"Accueil\",\"item\":\"http:\/\/etanec.fr\/\"},{\"@type\":\"ListItem\",\"position\":2,\"name\":\"Gamme de produits\",\"item\":\"http:\/\/etanec.fr\/index.php\/boutique\/\"},{\"@type\":\"ListItem\",\"position\":3,\"name\":\"Brouette m\u00e9tal roue pleine 90L\"}]},{\"@type\":\"WebSite\",\"@id\":\"http:\/\/etanec.fr\/#website\",\"url\":\"http:\/\/etanec.fr\/\",\"name\":\"etanec.fr\",\"description\":\"Votre Solution en Outillage &amp; Fixation Enveloppe du batiment\",\"publisher\":{\"@id\":\"http:\/\/etanec.fr\/#organization\"},\"potentialAction\":[{\"@type\":\"SearchAction\",\"target\":{\"@type\":\"EntryPoint\",\"urlTemplate\":\"http:\/\/etanec.fr\/?s={search_term_string}\"},\"query-input\":{\"@type\":\"PropertyValueSpecification\",\"valueRequired\":true,\"valueName\":\"search_term_string\"}}],\"inLanguage\":\"fr-FR\"},{\"@type\":\"Organization\",\"@id\":\"http:\/\/etanec.fr\/#organization\",\"name\":\"etanec.fr\",\"url\":\"http:\/\/etanec.fr\/\",\"logo\":{\"@type\":\"ImageObject\",\"inLanguage\":\"fr-FR\",\"@id\":\"http:\/\/etanec.fr\/#\/schema\/logo\/image\/\",\"url\":\"https:\/\/i0.wp.com\/etanec.fr\/wp-content\/uploads\/2017\/11\/cropped-cropped-cropped-ETANEC-LOGO-2017-RVBTRANSP-HD-e1509965316759.png?fit=350%2C75\",\"contentUrl\":\"https:\/\/i0.wp.com\/etanec.fr\/wp-content\/uploads\/2017\/11\/cropped-cropped-cropped-ETANEC-LOGO-2017-RVBTRANSP-HD-e1509965316759.png?fit=350%2C75\",\"width\":350,\"height\":75,\"caption\":\"etanec.fr\"},\"image\":{\"@id\":\"http:\/\/etanec.fr\/#\/schema\/logo\/image\/\"},\"sameAs\":[\"https:\/\/www.linkedin.com\/company\/etanecgroup\/?viewAsMember=true\"]}]}<\/script>\n<!-- \/ Yoast SEO plugin. -->","yoast_head_json":{"title":"Brouette m\u00e9tal roue pleine 90L - ETANEC","robots":{"index":"index","follow":"follow","max-snippet":"max-snippet:-1","max-image-preview":"max-image-preview:large","max-video-preview":"max-video-preview:-1"},"canonical":"http:\/\/etanec.fr\/index.php\/produit\/brouette-metal-roue-pleine-90-litres\/","og_locale":"fr_FR","og_type":"article","og_title":"Brouette m\u00e9tal roue pleine 90L - ETANEC","og_description":"- Coffre d'\u00e9paisseur 9\/10\u00e9me peint - Ch\u00e2ssis tube \u00d832mm formant un pare-chocs - Capacit\u00e9 en charge de 90 L\/T - Pi\u00e8tement boulonn\u00e9 avec traverses - Arceau de renfort avant boulonn\u00e9 et galvanis\u00e9 du coffre - Roue pleine increvable - Jante acier \u00e0 rayons soud\u00e9s - Charge 180kg","og_url":"http:\/\/etanec.fr\/index.php\/produit\/brouette-metal-roue-pleine-90-litres\/","og_site_name":"ETANEC","article_modified_time":"2023-05-11T12:10:57+00:00","og_image":[{"width":610,"height":610,"url":"https:\/\/i0.wp.com\/etanec.fr\/wp-content\/uploads\/2022\/12\/m548015_610x610.jpg?fit=610%2C610","type":"image\/jpeg"}],"twitter_card":"summary_large_image","twitter_misc":{"Dur\u00e9e de lecture estim\u00e9e":"1 minute"},"schema":{"@context":"https:\/\/schema.org","@graph":[{"@type":"WebPage","@id":"http:\/\/etanec.fr\/index.php\/produit\/brouette-metal-roue-pleine-90-litres\/","url":"http:\/\/etanec.fr\/index.php\/produit\/brouette-metal-roue-pleine-90-litres\/","name":"Brouette m\u00e9tal roue pleine 90L - ETANEC","isPartOf":{"@id":"http:\/\/etanec.fr\/#website"},"primaryImageOfPage":{"@id":"http:\/\/etanec.fr\/index.php\/produit\/brouette-metal-roue-pleine-90-litres\/#primaryimage"},"image":{"@id":"http:\/\/etanec.fr\/index.php\/produit\/brouette-metal-roue-pleine-90-litres\/#primaryimage"},"thumbnailUrl":"https:\/\/i0.wp.com\/etanec.fr\/wp-content\/uploads\/2022\/12\/m548015_610x610.jpg?fit=610%2C610","datePublished":"2023-05-11T12:04:40+00:00","dateModified":"2023-05-11T12:10:57+00:00","breadcrumb":{"@id":"http:\/\/etanec.fr\/index.php\/produit\/brouette-metal-roue-pleine-90-litres\/#breadcrumb"},"inLanguage":"fr-FR","potentialAction":[{"@type":"ReadAction","target":["http:\/\/etanec.fr\/index.php\/produit\/brouette-metal-roue-pleine-90-litres\/"]}]},{"@type":"ImageObject","inLanguage":"fr-FR","@id":"http:\/\/etanec.fr\/index.php\/produit\/brouette-metal-roue-pleine-90-litres\/#primaryimage","url":"https:\/\/i0.wp.com\/etanec.fr\/wp-content\/uploads\/2022\/12\/m548015_610x610.jpg?fit=610%2C610","contentUrl":"https:\/\/i0.wp.com\/etanec.fr\/wp-content\/uploads\/2022\/12\/m548015_610x610.jpg?fit=610%2C610","width":610,"height":610},{"@type":"BreadcrumbList","@id":"http:\/\/etanec.fr\/index.php\/produit\/brouette-metal-roue-pleine-90-litres\/#breadcrumb","itemListElement":[{"@type":"ListItem","position":1,"name":"Accueil","item":"http:\/\/etanec.fr\/"},{"@type":"ListItem","position":2,"name":"Gamme de produits","item":"http:\/\/etanec.fr\/index.php\/boutique\/"},{"@type":"ListItem","position":3,"name":"Brouette m\u00e9tal roue pleine 90L"}]},{"@type":"WebSite","@id":"http:\/\/etanec.fr\/#website","url":"http:\/\/etanec.fr\/","name":"etanec.fr","description":"Votre Solution en Outillage &amp; Fixation Enveloppe du batiment","publisher":{"@id":"http:\/\/etanec.fr\/#organization"},"potentialAction":[{"@type":"SearchAction","target":{"@type":"EntryPoint","urlTemplate":"http:\/\/etanec.fr\/?s={search_term_string}"},"query-input":{"@type":"PropertyValueSpecification","valueRequired":true,"valueName":"search_term_string"}}],"inLanguage":"fr-FR"},{"@type":"Organization","@id":"http:\/\/etanec.fr\/#organization","name":"etanec.fr","url":"http:\/\/etanec.fr\/","logo":{"@type":"ImageObject","inLanguage":"fr-FR","@id":"http:\/\/etanec.fr\/#\/schema\/logo\/image\/","url":"https:\/\/i0.wp.com\/etanec.fr\/wp-content\/uploads\/2017\/11\/cropped-cropped-cropped-ETANEC-LOGO-2017-RVBTRANSP-HD-e1509965316759.png?fit=350%2C75","contentUrl":"https:\/\/i0.wp.com\/etanec.fr\/wp-content\/uploads\/2017\/11\/cropped-cropped-cropped-ETANEC-LOGO-2017-RVBTRANSP-HD-e1509965316759.png?fit=350%2C75","width":350,"height":75,"caption":"etanec.fr"},"image":{"@id":"http:\/\/etanec.fr\/#\/schema\/logo\/image\/"},"sameAs":["https:\/\/www.linkedin.com\/company\/etanecgroup\/?viewAsMember=true"]}]}},"jetpack_publicize_connections":[],"jetpack_sharing_enabled":true,"_links":{"self":[{"href":"http:\/\/etanec.fr\/index.php\/wp-json\/wp\/v2\/product\/3286","targetHints":{"allow":["GET"]}}],"collection":[{"href":"http:\/\/etanec.fr\/index.php\/wp-json\/wp\/v2\/product"}],"about":[{"href":"http:\/\/etanec.fr\/index.php\/wp-json\/wp\/v2\/types\/product"}],"replies":[{"embeddable":true,"href":"http:\/\/etanec.fr\/index.php\/wp-json\/wp\/v2\/comments?post=3286"}],"version-history":[{"count":3,"href":"http:\/\/etanec.fr\/index.php\/wp-json\/wp\/v2\/product\/3286\/revisions"}],"predecessor-version":[{"id":6608,"href":"http:\/\/etanec.fr\/index.php\/wp-json\/wp\/v2\/product\/3286\/revisions\/6608"}],"wp:featuredmedia":[{"embeddable":true,"href":"http:\/\/etanec.fr\/index.php\/wp-json\/wp\/v2\/media\/3287"}],"wp:attachment":[{"href":"http:\/\/etanec.fr\/index.php\/wp-json\/wp\/v2\/media?parent=3286"}],"wp:term":[{"taxonomy":"product_brand","embeddable":true,"href":"http:\/\/etanec.fr\/index.php\/wp-json\/wp\/v2\/product_brand?post=3286"},{"taxonomy":"product_cat","embeddable":true,"href":"http:\/\/etanec.fr\/index.php\/wp-json\/wp\/v2\/product_cat?post=3286"},{"taxonomy":"product_tag","embeddable":true,"href":"http:\/\/etanec.fr\/index.php\/wp-json\/wp\/v2\/product_tag?post=3286"}],"curies":[{"name":"wp","href":"https:\/\/api.w.org\/{rel}","templated":true}]}}