{"id":3289,"date":"2023-05-11T14:07:50","date_gmt":"2023-05-11T12:07:50","guid":{"rendered":"http:\/\/etanec.fr\/?post_type=product&#038;p=3289"},"modified":"2023-05-11T14:10:34","modified_gmt":"2023-05-11T12:10:34","slug":"brouette-metal-roue-increvable-100-litres","status":"publish","type":"product","link":"http:\/\/etanec.fr\/index.php\/produit\/brouette-metal-roue-increvable-100-litres\/","title":{"rendered":"Brouette m\u00e9tal roue increvable 100L"},"content":{"rendered":"<p>Nouveau avec sa roue souple increvable cette brouette reste l\u00e9g\u00e8re et maniable. Elle convient pour tous types de travaux. Les plus: Roue souple increvable. Accepte une charge de 160kg. Deux haubans \u00e0 l&rsquo;avant pour un produit plus robuste. Poign\u00e9es de confort. Coussinets en fonte pour \u00e9viter les \u00e0-coups.<\/p>\n<p>Caract\u00e9ristiques Techniques:<br \/>\n* Coffre: peint 100L\/T, \u00e9paisseur 9\/10\u00e8me<br \/>\n* Chassis: peint, tube 32mm de diam\u00e8tre, formant pare chocs<br \/>\n* Renforts: 2 haubans \u00e0 l&rsquo;avant, \u00e9pisseur 1.5mm, 2 traverse sous coffre, 2 haubans de pieds, \u00e9paisseur 3.5mm<br \/>\n* Pietements: profil\u00e9s boulonn\u00e9s \u00e9paisseur 2.5mm<br \/>\n* Roue souple increvable: 400mm de diam\u00e8tre, jante en acier \u00e0 rayons m\u00e9cano soud\u00e9s.<br \/>\n* Poids: 13.5kg<\/p>\n","protected":false},"excerpt":{"rendered":"<p>Nouveau avec sa roue souple increvable cette brouette reste l\u00e9g\u00e8re et maniable. Elle convient pour tous types de travaux.<br \/>\nLes plus:<br \/>\n* Roue souple increvable.<br \/>\n* Accepte une charge de 160kg.<br \/>\n* Deux haubans \u00e0 l&rsquo;avant pour un produit plus robuste.<br \/>\n* Poign\u00e9es de confort.<br \/>\n* Coussinets en fonte pour \u00e9viter les \u00e0-coups.<\/p>\n","protected":false},"featured_media":3290,"comment_status":"open","ping_status":"closed","template":"","meta":{"_monsterinsights_skip_tracking":false,"_monsterinsights_sitenote_active":false,"_monsterinsights_sitenote_note":"","_monsterinsights_sitenote_category":0,"jetpack_publicize_message":"","jetpack_publicize_feature_enabled":true,"jetpack_social_post_already_shared":false,"jetpack_social_options":{"image_generator_settings":{"template":"highway","default_image_id":0,"font":"","enabled":false},"version":2}},"product_brand":[],"product_cat":[75],"product_tag":[],"class_list":{"0":"post-3289","1":"product","2":"type-product","3":"status-publish","6":"product_cat-atelier-chantier","8":"first","9":"instock","10":"taxable","11":"shipping-taxable","12":"product-type-simple"},"yoast_head":"<!-- This site is optimized with the Yoast SEO plugin v26.6 - https:\/\/yoast.com\/wordpress\/plugins\/seo\/ -->\n<title>Brouette m\u00e9tal roue increvable 100L - ETANEC<\/title>\n<meta name=\"robots\" content=\"index, follow, max-snippet:-1, max-image-preview:large, max-video-preview:-1\" \/>\n<link rel=\"canonical\" href=\"https:\/\/etanec.fr\/index.php\/produit\/brouette-metal-roue-increvable-100-litres\/\" \/>\n<meta property=\"og:locale\" content=\"fr_FR\" \/>\n<meta property=\"og:type\" content=\"article\" \/>\n<meta property=\"og:title\" content=\"Brouette m\u00e9tal roue increvable 100L - ETANEC\" \/>\n<meta property=\"og:description\" content=\"Nouveau avec sa roue souple increvable cette brouette reste l\u00e9g\u00e8re et maniable. Elle convient pour tous types de travaux. Les plus: * Roue souple increvable. * Accepte une charge de 160kg. * Deux haubans \u00e0 l&#039;avant pour un produit plus robuste. * Poign\u00e9es de confort. * Coussinets en fonte pour \u00e9viter les \u00e0-coups.\" \/>\n<meta property=\"og:url\" content=\"https:\/\/etanec.fr\/index.php\/produit\/brouette-metal-roue-increvable-100-litres\/\" \/>\n<meta property=\"og:site_name\" content=\"ETANEC\" \/>\n<meta property=\"article:modified_time\" content=\"2023-05-11T12:10:34+00:00\" \/>\n<meta property=\"og:image\" content=\"https:\/\/i0.wp.com\/etanec.fr\/wp-content\/uploads\/2022\/12\/m548013_610x610.jpg?fit=610%2C610&ssl=1\" \/>\n\t<meta property=\"og:image:width\" content=\"610\" \/>\n\t<meta property=\"og:image:height\" content=\"610\" \/>\n\t<meta property=\"og:image:type\" content=\"image\/jpeg\" \/>\n<meta name=\"twitter:card\" content=\"summary_large_image\" \/>\n<meta name=\"twitter:label1\" content=\"Dur\u00e9e de lecture estim\u00e9e\" \/>\n\t<meta name=\"twitter:data1\" content=\"1 minute\" \/>\n<script type=\"application\/ld+json\" class=\"yoast-schema-graph\">{\"@context\":\"https:\/\/schema.org\",\"@graph\":[{\"@type\":\"WebPage\",\"@id\":\"https:\/\/etanec.fr\/index.php\/produit\/brouette-metal-roue-increvable-100-litres\/\",\"url\":\"https:\/\/etanec.fr\/index.php\/produit\/brouette-metal-roue-increvable-100-litres\/\",\"name\":\"Brouette m\u00e9tal roue increvable 100L - ETANEC\",\"isPartOf\":{\"@id\":\"https:\/\/etanec.fr\/#website\"},\"primaryImageOfPage\":{\"@id\":\"https:\/\/etanec.fr\/index.php\/produit\/brouette-metal-roue-increvable-100-litres\/#primaryimage\"},\"image\":{\"@id\":\"https:\/\/etanec.fr\/index.php\/produit\/brouette-metal-roue-increvable-100-litres\/#primaryimage\"},\"thumbnailUrl\":\"https:\/\/i0.wp.com\/etanec.fr\/wp-content\/uploads\/2022\/12\/m548013_610x610.jpg?fit=610%2C610\",\"datePublished\":\"2023-05-11T12:07:50+00:00\",\"dateModified\":\"2023-05-11T12:10:34+00:00\",\"breadcrumb\":{\"@id\":\"https:\/\/etanec.fr\/index.php\/produit\/brouette-metal-roue-increvable-100-litres\/#breadcrumb\"},\"inLanguage\":\"fr-FR\",\"potentialAction\":[{\"@type\":\"ReadAction\",\"target\":[\"https:\/\/etanec.fr\/index.php\/produit\/brouette-metal-roue-increvable-100-litres\/\"]}]},{\"@type\":\"ImageObject\",\"inLanguage\":\"fr-FR\",\"@id\":\"https:\/\/etanec.fr\/index.php\/produit\/brouette-metal-roue-increvable-100-litres\/#primaryimage\",\"url\":\"https:\/\/i0.wp.com\/etanec.fr\/wp-content\/uploads\/2022\/12\/m548013_610x610.jpg?fit=610%2C610\",\"contentUrl\":\"https:\/\/i0.wp.com\/etanec.fr\/wp-content\/uploads\/2022\/12\/m548013_610x610.jpg?fit=610%2C610\",\"width\":610,\"height\":610},{\"@type\":\"BreadcrumbList\",\"@id\":\"https:\/\/etanec.fr\/index.php\/produit\/brouette-metal-roue-increvable-100-litres\/#breadcrumb\",\"itemListElement\":[{\"@type\":\"ListItem\",\"position\":1,\"name\":\"Accueil\",\"item\":\"https:\/\/etanec.fr\/\"},{\"@type\":\"ListItem\",\"position\":2,\"name\":\"Gamme de produits\",\"item\":\"https:\/\/etanec.fr\/index.php\/boutique\/\"},{\"@type\":\"ListItem\",\"position\":3,\"name\":\"Brouette m\u00e9tal roue increvable 100L\"}]},{\"@type\":\"WebSite\",\"@id\":\"https:\/\/etanec.fr\/#website\",\"url\":\"https:\/\/etanec.fr\/\",\"name\":\"etanec.fr\",\"description\":\"Votre Solution en Outillage &amp; Fixation Enveloppe du batiment\",\"publisher\":{\"@id\":\"https:\/\/etanec.fr\/#organization\"},\"potentialAction\":[{\"@type\":\"SearchAction\",\"target\":{\"@type\":\"EntryPoint\",\"urlTemplate\":\"https:\/\/etanec.fr\/?s={search_term_string}\"},\"query-input\":{\"@type\":\"PropertyValueSpecification\",\"valueRequired\":true,\"valueName\":\"search_term_string\"}}],\"inLanguage\":\"fr-FR\"},{\"@type\":\"Organization\",\"@id\":\"https:\/\/etanec.fr\/#organization\",\"name\":\"etanec.fr\",\"url\":\"https:\/\/etanec.fr\/\",\"logo\":{\"@type\":\"ImageObject\",\"inLanguage\":\"fr-FR\",\"@id\":\"https:\/\/etanec.fr\/#\/schema\/logo\/image\/\",\"url\":\"https:\/\/i0.wp.com\/etanec.fr\/wp-content\/uploads\/2017\/11\/cropped-cropped-cropped-ETANEC-LOGO-2017-RVBTRANSP-HD-e1509965316759.png?fit=350%2C75\",\"contentUrl\":\"https:\/\/i0.wp.com\/etanec.fr\/wp-content\/uploads\/2017\/11\/cropped-cropped-cropped-ETANEC-LOGO-2017-RVBTRANSP-HD-e1509965316759.png?fit=350%2C75\",\"width\":350,\"height\":75,\"caption\":\"etanec.fr\"},\"image\":{\"@id\":\"https:\/\/etanec.fr\/#\/schema\/logo\/image\/\"},\"sameAs\":[\"https:\/\/www.linkedin.com\/company\/etanecgroup\/?viewAsMember=true\"]}]}<\/script>\n<!-- \/ Yoast SEO plugin. -->","yoast_head_json":{"title":"Brouette m\u00e9tal roue increvable 100L - ETANEC","robots":{"index":"index","follow":"follow","max-snippet":"max-snippet:-1","max-image-preview":"max-image-preview:large","max-video-preview":"max-video-preview:-1"},"canonical":"https:\/\/etanec.fr\/index.php\/produit\/brouette-metal-roue-increvable-100-litres\/","og_locale":"fr_FR","og_type":"article","og_title":"Brouette m\u00e9tal roue increvable 100L - ETANEC","og_description":"Nouveau avec sa roue souple increvable cette brouette reste l\u00e9g\u00e8re et maniable. Elle convient pour tous types de travaux. Les plus: * Roue souple increvable. * Accepte une charge de 160kg. * Deux haubans \u00e0 l'avant pour un produit plus robuste. * Poign\u00e9es de confort. * Coussinets en fonte pour \u00e9viter les \u00e0-coups.","og_url":"https:\/\/etanec.fr\/index.php\/produit\/brouette-metal-roue-increvable-100-litres\/","og_site_name":"ETANEC","article_modified_time":"2023-05-11T12:10:34+00:00","og_image":[{"width":610,"height":610,"url":"https:\/\/i0.wp.com\/etanec.fr\/wp-content\/uploads\/2022\/12\/m548013_610x610.jpg?fit=610%2C610&ssl=1","type":"image\/jpeg"}],"twitter_card":"summary_large_image","twitter_misc":{"Dur\u00e9e de lecture estim\u00e9e":"1 minute"},"schema":{"@context":"https:\/\/schema.org","@graph":[{"@type":"WebPage","@id":"https:\/\/etanec.fr\/index.php\/produit\/brouette-metal-roue-increvable-100-litres\/","url":"https:\/\/etanec.fr\/index.php\/produit\/brouette-metal-roue-increvable-100-litres\/","name":"Brouette m\u00e9tal roue increvable 100L - ETANEC","isPartOf":{"@id":"https:\/\/etanec.fr\/#website"},"primaryImageOfPage":{"@id":"https:\/\/etanec.fr\/index.php\/produit\/brouette-metal-roue-increvable-100-litres\/#primaryimage"},"image":{"@id":"https:\/\/etanec.fr\/index.php\/produit\/brouette-metal-roue-increvable-100-litres\/#primaryimage"},"thumbnailUrl":"https:\/\/i0.wp.com\/etanec.fr\/wp-content\/uploads\/2022\/12\/m548013_610x610.jpg?fit=610%2C610","datePublished":"2023-05-11T12:07:50+00:00","dateModified":"2023-05-11T12:10:34+00:00","breadcrumb":{"@id":"https:\/\/etanec.fr\/index.php\/produit\/brouette-metal-roue-increvable-100-litres\/#breadcrumb"},"inLanguage":"fr-FR","potentialAction":[{"@type":"ReadAction","target":["https:\/\/etanec.fr\/index.php\/produit\/brouette-metal-roue-increvable-100-litres\/"]}]},{"@type":"ImageObject","inLanguage":"fr-FR","@id":"https:\/\/etanec.fr\/index.php\/produit\/brouette-metal-roue-increvable-100-litres\/#primaryimage","url":"https:\/\/i0.wp.com\/etanec.fr\/wp-content\/uploads\/2022\/12\/m548013_610x610.jpg?fit=610%2C610","contentUrl":"https:\/\/i0.wp.com\/etanec.fr\/wp-content\/uploads\/2022\/12\/m548013_610x610.jpg?fit=610%2C610","width":610,"height":610},{"@type":"BreadcrumbList","@id":"https:\/\/etanec.fr\/index.php\/produit\/brouette-metal-roue-increvable-100-litres\/#breadcrumb","itemListElement":[{"@type":"ListItem","position":1,"name":"Accueil","item":"https:\/\/etanec.fr\/"},{"@type":"ListItem","position":2,"name":"Gamme de produits","item":"https:\/\/etanec.fr\/index.php\/boutique\/"},{"@type":"ListItem","position":3,"name":"Brouette m\u00e9tal roue increvable 100L"}]},{"@type":"WebSite","@id":"https:\/\/etanec.fr\/#website","url":"https:\/\/etanec.fr\/","name":"etanec.fr","description":"Votre Solution en Outillage &amp; Fixation Enveloppe du batiment","publisher":{"@id":"https:\/\/etanec.fr\/#organization"},"potentialAction":[{"@type":"SearchAction","target":{"@type":"EntryPoint","urlTemplate":"https:\/\/etanec.fr\/?s={search_term_string}"},"query-input":{"@type":"PropertyValueSpecification","valueRequired":true,"valueName":"search_term_string"}}],"inLanguage":"fr-FR"},{"@type":"Organization","@id":"https:\/\/etanec.fr\/#organization","name":"etanec.fr","url":"https:\/\/etanec.fr\/","logo":{"@type":"ImageObject","inLanguage":"fr-FR","@id":"https:\/\/etanec.fr\/#\/schema\/logo\/image\/","url":"https:\/\/i0.wp.com\/etanec.fr\/wp-content\/uploads\/2017\/11\/cropped-cropped-cropped-ETANEC-LOGO-2017-RVBTRANSP-HD-e1509965316759.png?fit=350%2C75","contentUrl":"https:\/\/i0.wp.com\/etanec.fr\/wp-content\/uploads\/2017\/11\/cropped-cropped-cropped-ETANEC-LOGO-2017-RVBTRANSP-HD-e1509965316759.png?fit=350%2C75","width":350,"height":75,"caption":"etanec.fr"},"image":{"@id":"https:\/\/etanec.fr\/#\/schema\/logo\/image\/"},"sameAs":["https:\/\/www.linkedin.com\/company\/etanecgroup\/?viewAsMember=true"]}]}},"jetpack_publicize_connections":[],"jetpack_sharing_enabled":true,"_links":{"self":[{"href":"http:\/\/etanec.fr\/index.php\/wp-json\/wp\/v2\/product\/3289","targetHints":{"allow":["GET"]}}],"collection":[{"href":"http:\/\/etanec.fr\/index.php\/wp-json\/wp\/v2\/product"}],"about":[{"href":"http:\/\/etanec.fr\/index.php\/wp-json\/wp\/v2\/types\/product"}],"replies":[{"embeddable":true,"href":"http:\/\/etanec.fr\/index.php\/wp-json\/wp\/v2\/comments?post=3289"}],"version-history":[{"count":3,"href":"http:\/\/etanec.fr\/index.php\/wp-json\/wp\/v2\/product\/3289\/revisions"}],"predecessor-version":[{"id":6607,"href":"http:\/\/etanec.fr\/index.php\/wp-json\/wp\/v2\/product\/3289\/revisions\/6607"}],"wp:featuredmedia":[{"embeddable":true,"href":"http:\/\/etanec.fr\/index.php\/wp-json\/wp\/v2\/media\/3290"}],"wp:attachment":[{"href":"http:\/\/etanec.fr\/index.php\/wp-json\/wp\/v2\/media?parent=3289"}],"wp:term":[{"taxonomy":"product_brand","embeddable":true,"href":"http:\/\/etanec.fr\/index.php\/wp-json\/wp\/v2\/product_brand?post=3289"},{"taxonomy":"product_cat","embeddable":true,"href":"http:\/\/etanec.fr\/index.php\/wp-json\/wp\/v2\/product_cat?post=3289"},{"taxonomy":"product_tag","embeddable":true,"href":"http:\/\/etanec.fr\/index.php\/wp-json\/wp\/v2\/product_tag?post=3289"}],"curies":[{"name":"wp","href":"https:\/\/api.w.org\/{rel}","templated":true}]}}