{"id":3402,"date":"2023-05-12T16:21:04","date_gmt":"2023-05-12T14:21:04","guid":{"rendered":"http:\/\/etanec.fr\/?post_type=product&#038;p=3402"},"modified":"2023-05-12T16:21:31","modified_gmt":"2023-05-12T14:21:31","slug":"paire-de-fixe-echelle-pour-galerie-safeclamp","status":"publish","type":"product","link":"http:\/\/etanec.fr\/index.php\/produit\/paire-de-fixe-echelle-pour-galerie-safeclamp\/","title":{"rendered":"Paire de Fixe \u00e9chelle pour galerie SAFECLAMP"},"content":{"rendered":"<p>ULTRA SOLIDE, test crash (ECE17.07), test\u00e9 \u00e0 1 tonne, RAPIDE, 3 secondes par crochets, ANTIVOL, 2 cl\u00e9s incluses, Support en composite fibre de verre, crochet en inox, Superposition d&rsquo;\u00e9chelles possible, R\u00e9sistant \u00e0 la corrosion, Cycle de vie test\u00e9 (UKAS ISO 17025), Vendu \u00e0 la paire.<\/p>\n","protected":false},"excerpt":{"rendered":"<p>ULTRA SOLIDE, test crash (ECE17.07), test\u00e9 \u00e0 1 tonne<br \/>\nRAPIDE, 3 secondes par crochets<br \/>\nANTIVOL, 2 cl\u00e9s incluses<br \/>\nSupport en composite fibre de verre, crochet en inox<br \/>\nSuperposition d&rsquo;\u00e9chelles possible<br \/>\nR\u00e9sistant \u00e0 la corrosion<br \/>\nCycle de vie test\u00e9 (UKAS ISO 17025)<br \/>\nVendu \u00e0 la paire<br \/>\nFixation et d\u00e9montage d&rsquo;1 main !<br \/>\n+ SUR<br \/>\n+ RAPIDE<br \/>\n+ PRATIQUE<br \/>\n+ ERGONOMIQUE<br \/>\nUNIVERSEL<\/p>\n","protected":false},"featured_media":3404,"comment_status":"open","ping_status":"closed","template":"","meta":{"_monsterinsights_skip_tracking":false,"_monsterinsights_sitenote_active":false,"_monsterinsights_sitenote_note":"","_monsterinsights_sitenote_category":0,"jetpack_publicize_message":"","jetpack_publicize_feature_enabled":true,"jetpack_social_post_already_shared":false,"jetpack_social_options":{"image_generator_settings":{"template":"highway","default_image_id":0,"font":"","enabled":false},"version":2}},"product_brand":[],"product_cat":[75],"product_tag":[],"class_list":{"0":"post-3402","1":"product","2":"type-product","3":"status-publish","6":"product_cat-atelier-chantier","8":"first","9":"instock","10":"taxable","11":"shipping-taxable","12":"product-type-simple"},"yoast_head":"<!-- This site is optimized with the Yoast SEO plugin v26.6 - https:\/\/yoast.com\/wordpress\/plugins\/seo\/ -->\n<title>Paire de Fixe \u00e9chelle pour galerie SAFECLAMP - ETANEC<\/title>\n<meta name=\"robots\" content=\"index, follow, max-snippet:-1, max-image-preview:large, max-video-preview:-1\" \/>\n<link rel=\"canonical\" href=\"https:\/\/etanec.fr\/index.php\/produit\/paire-de-fixe-echelle-pour-galerie-safeclamp\/\" \/>\n<meta property=\"og:locale\" content=\"fr_FR\" \/>\n<meta property=\"og:type\" content=\"article\" \/>\n<meta property=\"og:title\" content=\"Paire de Fixe \u00e9chelle pour galerie SAFECLAMP - ETANEC\" \/>\n<meta property=\"og:description\" content=\"ULTRA SOLIDE, test crash (ECE17.07), test\u00e9 \u00e0 1 tonne RAPIDE, 3 secondes par crochets ANTIVOL, 2 cl\u00e9s incluses Support en composite fibre de verre, crochet en inox Superposition d&#039;\u00e9chelles possible R\u00e9sistant \u00e0 la corrosion Cycle de vie test\u00e9 (UKAS ISO 17025) Vendu \u00e0 la paire Fixation et d\u00e9montage d&#039;1 main ! + SUR + RAPIDE + PRATIQUE + ERGONOMIQUE UNIVERSEL\" \/>\n<meta property=\"og:url\" content=\"https:\/\/etanec.fr\/index.php\/produit\/paire-de-fixe-echelle-pour-galerie-safeclamp\/\" \/>\n<meta property=\"og:site_name\" content=\"ETANEC\" \/>\n<meta property=\"article:modified_time\" content=\"2023-05-12T14:21:31+00:00\" \/>\n<meta property=\"og:image\" content=\"https:\/\/i0.wp.com\/etanec.fr\/wp-content\/uploads\/2022\/12\/p235200_610x610.jpg?fit=610%2C610&ssl=1\" \/>\n\t<meta property=\"og:image:width\" content=\"610\" \/>\n\t<meta property=\"og:image:height\" content=\"610\" \/>\n\t<meta property=\"og:image:type\" content=\"image\/jpeg\" \/>\n<meta name=\"twitter:card\" content=\"summary_large_image\" \/>\n<meta name=\"twitter:label1\" content=\"Dur\u00e9e de lecture estim\u00e9e\" \/>\n\t<meta name=\"twitter:data1\" content=\"1 minute\" \/>\n<script type=\"application\/ld+json\" class=\"yoast-schema-graph\">{\"@context\":\"https:\/\/schema.org\",\"@graph\":[{\"@type\":\"WebPage\",\"@id\":\"https:\/\/etanec.fr\/index.php\/produit\/paire-de-fixe-echelle-pour-galerie-safeclamp\/\",\"url\":\"https:\/\/etanec.fr\/index.php\/produit\/paire-de-fixe-echelle-pour-galerie-safeclamp\/\",\"name\":\"Paire de Fixe \u00e9chelle pour galerie SAFECLAMP - ETANEC\",\"isPartOf\":{\"@id\":\"https:\/\/etanec.fr\/#website\"},\"primaryImageOfPage\":{\"@id\":\"https:\/\/etanec.fr\/index.php\/produit\/paire-de-fixe-echelle-pour-galerie-safeclamp\/#primaryimage\"},\"image\":{\"@id\":\"https:\/\/etanec.fr\/index.php\/produit\/paire-de-fixe-echelle-pour-galerie-safeclamp\/#primaryimage\"},\"thumbnailUrl\":\"https:\/\/i0.wp.com\/etanec.fr\/wp-content\/uploads\/2022\/12\/p235200_610x610.jpg?fit=610%2C610\",\"datePublished\":\"2023-05-12T14:21:04+00:00\",\"dateModified\":\"2023-05-12T14:21:31+00:00\",\"breadcrumb\":{\"@id\":\"https:\/\/etanec.fr\/index.php\/produit\/paire-de-fixe-echelle-pour-galerie-safeclamp\/#breadcrumb\"},\"inLanguage\":\"fr-FR\",\"potentialAction\":[{\"@type\":\"ReadAction\",\"target\":[\"https:\/\/etanec.fr\/index.php\/produit\/paire-de-fixe-echelle-pour-galerie-safeclamp\/\"]}]},{\"@type\":\"ImageObject\",\"inLanguage\":\"fr-FR\",\"@id\":\"https:\/\/etanec.fr\/index.php\/produit\/paire-de-fixe-echelle-pour-galerie-safeclamp\/#primaryimage\",\"url\":\"https:\/\/i0.wp.com\/etanec.fr\/wp-content\/uploads\/2022\/12\/p235200_610x610.jpg?fit=610%2C610\",\"contentUrl\":\"https:\/\/i0.wp.com\/etanec.fr\/wp-content\/uploads\/2022\/12\/p235200_610x610.jpg?fit=610%2C610\",\"width\":610,\"height\":610},{\"@type\":\"BreadcrumbList\",\"@id\":\"https:\/\/etanec.fr\/index.php\/produit\/paire-de-fixe-echelle-pour-galerie-safeclamp\/#breadcrumb\",\"itemListElement\":[{\"@type\":\"ListItem\",\"position\":1,\"name\":\"Accueil\",\"item\":\"http:\/\/etanec.fr\/\"},{\"@type\":\"ListItem\",\"position\":2,\"name\":\"Gamme de produits\",\"item\":\"http:\/\/etanec.fr\/index.php\/boutique\/\"},{\"@type\":\"ListItem\",\"position\":3,\"name\":\"Paire de Fixe \u00e9chelle pour galerie SAFECLAMP\"}]},{\"@type\":\"WebSite\",\"@id\":\"https:\/\/etanec.fr\/#website\",\"url\":\"https:\/\/etanec.fr\/\",\"name\":\"etanec.fr\",\"description\":\"Votre Solution en Outillage &amp; Fixation Enveloppe du batiment\",\"publisher\":{\"@id\":\"https:\/\/etanec.fr\/#organization\"},\"potentialAction\":[{\"@type\":\"SearchAction\",\"target\":{\"@type\":\"EntryPoint\",\"urlTemplate\":\"https:\/\/etanec.fr\/?s={search_term_string}\"},\"query-input\":{\"@type\":\"PropertyValueSpecification\",\"valueRequired\":true,\"valueName\":\"search_term_string\"}}],\"inLanguage\":\"fr-FR\"},{\"@type\":\"Organization\",\"@id\":\"https:\/\/etanec.fr\/#organization\",\"name\":\"etanec.fr\",\"url\":\"https:\/\/etanec.fr\/\",\"logo\":{\"@type\":\"ImageObject\",\"inLanguage\":\"fr-FR\",\"@id\":\"https:\/\/etanec.fr\/#\/schema\/logo\/image\/\",\"url\":\"https:\/\/i0.wp.com\/etanec.fr\/wp-content\/uploads\/2017\/11\/cropped-cropped-cropped-ETANEC-LOGO-2017-RVBTRANSP-HD-e1509965316759.png?fit=350%2C75\",\"contentUrl\":\"https:\/\/i0.wp.com\/etanec.fr\/wp-content\/uploads\/2017\/11\/cropped-cropped-cropped-ETANEC-LOGO-2017-RVBTRANSP-HD-e1509965316759.png?fit=350%2C75\",\"width\":350,\"height\":75,\"caption\":\"etanec.fr\"},\"image\":{\"@id\":\"https:\/\/etanec.fr\/#\/schema\/logo\/image\/\"},\"sameAs\":[\"https:\/\/www.linkedin.com\/company\/etanecgroup\/?viewAsMember=true\"]}]}<\/script>\n<!-- \/ Yoast SEO plugin. -->","yoast_head_json":{"title":"Paire de Fixe \u00e9chelle pour galerie SAFECLAMP - ETANEC","robots":{"index":"index","follow":"follow","max-snippet":"max-snippet:-1","max-image-preview":"max-image-preview:large","max-video-preview":"max-video-preview:-1"},"canonical":"https:\/\/etanec.fr\/index.php\/produit\/paire-de-fixe-echelle-pour-galerie-safeclamp\/","og_locale":"fr_FR","og_type":"article","og_title":"Paire de Fixe \u00e9chelle pour galerie SAFECLAMP - ETANEC","og_description":"ULTRA SOLIDE, test crash (ECE17.07), test\u00e9 \u00e0 1 tonne RAPIDE, 3 secondes par crochets ANTIVOL, 2 cl\u00e9s incluses Support en composite fibre de verre, crochet en inox Superposition d'\u00e9chelles possible R\u00e9sistant \u00e0 la corrosion Cycle de vie test\u00e9 (UKAS ISO 17025) Vendu \u00e0 la paire Fixation et d\u00e9montage d'1 main ! + SUR + RAPIDE + PRATIQUE + ERGONOMIQUE UNIVERSEL","og_url":"https:\/\/etanec.fr\/index.php\/produit\/paire-de-fixe-echelle-pour-galerie-safeclamp\/","og_site_name":"ETANEC","article_modified_time":"2023-05-12T14:21:31+00:00","og_image":[{"width":610,"height":610,"url":"https:\/\/i0.wp.com\/etanec.fr\/wp-content\/uploads\/2022\/12\/p235200_610x610.jpg?fit=610%2C610&ssl=1","type":"image\/jpeg"}],"twitter_card":"summary_large_image","twitter_misc":{"Dur\u00e9e de lecture estim\u00e9e":"1 minute"},"schema":{"@context":"https:\/\/schema.org","@graph":[{"@type":"WebPage","@id":"https:\/\/etanec.fr\/index.php\/produit\/paire-de-fixe-echelle-pour-galerie-safeclamp\/","url":"https:\/\/etanec.fr\/index.php\/produit\/paire-de-fixe-echelle-pour-galerie-safeclamp\/","name":"Paire de Fixe \u00e9chelle pour galerie SAFECLAMP - ETANEC","isPartOf":{"@id":"https:\/\/etanec.fr\/#website"},"primaryImageOfPage":{"@id":"https:\/\/etanec.fr\/index.php\/produit\/paire-de-fixe-echelle-pour-galerie-safeclamp\/#primaryimage"},"image":{"@id":"https:\/\/etanec.fr\/index.php\/produit\/paire-de-fixe-echelle-pour-galerie-safeclamp\/#primaryimage"},"thumbnailUrl":"https:\/\/i0.wp.com\/etanec.fr\/wp-content\/uploads\/2022\/12\/p235200_610x610.jpg?fit=610%2C610","datePublished":"2023-05-12T14:21:04+00:00","dateModified":"2023-05-12T14:21:31+00:00","breadcrumb":{"@id":"https:\/\/etanec.fr\/index.php\/produit\/paire-de-fixe-echelle-pour-galerie-safeclamp\/#breadcrumb"},"inLanguage":"fr-FR","potentialAction":[{"@type":"ReadAction","target":["https:\/\/etanec.fr\/index.php\/produit\/paire-de-fixe-echelle-pour-galerie-safeclamp\/"]}]},{"@type":"ImageObject","inLanguage":"fr-FR","@id":"https:\/\/etanec.fr\/index.php\/produit\/paire-de-fixe-echelle-pour-galerie-safeclamp\/#primaryimage","url":"https:\/\/i0.wp.com\/etanec.fr\/wp-content\/uploads\/2022\/12\/p235200_610x610.jpg?fit=610%2C610","contentUrl":"https:\/\/i0.wp.com\/etanec.fr\/wp-content\/uploads\/2022\/12\/p235200_610x610.jpg?fit=610%2C610","width":610,"height":610},{"@type":"BreadcrumbList","@id":"https:\/\/etanec.fr\/index.php\/produit\/paire-de-fixe-echelle-pour-galerie-safeclamp\/#breadcrumb","itemListElement":[{"@type":"ListItem","position":1,"name":"Accueil","item":"http:\/\/etanec.fr\/"},{"@type":"ListItem","position":2,"name":"Gamme de produits","item":"http:\/\/etanec.fr\/index.php\/boutique\/"},{"@type":"ListItem","position":3,"name":"Paire de Fixe \u00e9chelle pour galerie SAFECLAMP"}]},{"@type":"WebSite","@id":"https:\/\/etanec.fr\/#website","url":"https:\/\/etanec.fr\/","name":"etanec.fr","description":"Votre Solution en Outillage &amp; Fixation Enveloppe du batiment","publisher":{"@id":"https:\/\/etanec.fr\/#organization"},"potentialAction":[{"@type":"SearchAction","target":{"@type":"EntryPoint","urlTemplate":"https:\/\/etanec.fr\/?s={search_term_string}"},"query-input":{"@type":"PropertyValueSpecification","valueRequired":true,"valueName":"search_term_string"}}],"inLanguage":"fr-FR"},{"@type":"Organization","@id":"https:\/\/etanec.fr\/#organization","name":"etanec.fr","url":"https:\/\/etanec.fr\/","logo":{"@type":"ImageObject","inLanguage":"fr-FR","@id":"https:\/\/etanec.fr\/#\/schema\/logo\/image\/","url":"https:\/\/i0.wp.com\/etanec.fr\/wp-content\/uploads\/2017\/11\/cropped-cropped-cropped-ETANEC-LOGO-2017-RVBTRANSP-HD-e1509965316759.png?fit=350%2C75","contentUrl":"https:\/\/i0.wp.com\/etanec.fr\/wp-content\/uploads\/2017\/11\/cropped-cropped-cropped-ETANEC-LOGO-2017-RVBTRANSP-HD-e1509965316759.png?fit=350%2C75","width":350,"height":75,"caption":"etanec.fr"},"image":{"@id":"https:\/\/etanec.fr\/#\/schema\/logo\/image\/"},"sameAs":["https:\/\/www.linkedin.com\/company\/etanecgroup\/?viewAsMember=true"]}]}},"jetpack_publicize_connections":[],"jetpack_sharing_enabled":true,"_links":{"self":[{"href":"http:\/\/etanec.fr\/index.php\/wp-json\/wp\/v2\/product\/3402","targetHints":{"allow":["GET"]}}],"collection":[{"href":"http:\/\/etanec.fr\/index.php\/wp-json\/wp\/v2\/product"}],"about":[{"href":"http:\/\/etanec.fr\/index.php\/wp-json\/wp\/v2\/types\/product"}],"replies":[{"embeddable":true,"href":"http:\/\/etanec.fr\/index.php\/wp-json\/wp\/v2\/comments?post=3402"}],"version-history":[{"count":3,"href":"http:\/\/etanec.fr\/index.php\/wp-json\/wp\/v2\/product\/3402\/revisions"}],"predecessor-version":[{"id":6625,"href":"http:\/\/etanec.fr\/index.php\/wp-json\/wp\/v2\/product\/3402\/revisions\/6625"}],"wp:featuredmedia":[{"embeddable":true,"href":"http:\/\/etanec.fr\/index.php\/wp-json\/wp\/v2\/media\/3404"}],"wp:attachment":[{"href":"http:\/\/etanec.fr\/index.php\/wp-json\/wp\/v2\/media?parent=3402"}],"wp:term":[{"taxonomy":"product_brand","embeddable":true,"href":"http:\/\/etanec.fr\/index.php\/wp-json\/wp\/v2\/product_brand?post=3402"},{"taxonomy":"product_cat","embeddable":true,"href":"http:\/\/etanec.fr\/index.php\/wp-json\/wp\/v2\/product_cat?post=3402"},{"taxonomy":"product_tag","embeddable":true,"href":"http:\/\/etanec.fr\/index.php\/wp-json\/wp\/v2\/product_tag?post=3402"}],"curies":[{"name":"wp","href":"https:\/\/api.w.org\/{rel}","templated":true}]}}