{"id":3434,"date":"2022-12-08T14:53:57","date_gmt":"2022-12-08T13:53:57","guid":{"rendered":"http:\/\/etanec.fr\/?post_type=product&#038;p=3434"},"modified":"2023-05-17T14:16:30","modified_gmt":"2023-05-17T12:16:30","slug":"casque-de-chantier-enduro-blanc-porte-badge-jugulaire","status":"publish","type":"product","link":"http:\/\/etanec.fr\/index.php\/produit\/casque-de-chantier-enduro-blanc-porte-badge-jugulaire\/","title":{"rendered":"Casque de chantier ENDURO blanc + Porte badge + jugulaire"},"content":{"rendered":"<p>Le casque Endurance Porte-Badge est identique \u00e0 notre casque Endurance PS55 le plus vendu. Mais avec des fonctionnalit\u00e9s suppl\u00e9mentaires innovantes : un porte-badge int\u00e9gr\u00e9, soud\u00e9 par ultrasons sur la coque du casque en ABS. Fabriqu\u00e9 \u00e0 partir de polycarbonate ignifuge, le porte-badge a une ouverture coulissante pour un acc\u00e8s facile et s\u00e9curis\u00e9 des badges. Id\u00e9al pour l&rsquo;identification, l&rsquo;information de porteur et l&rsquo;acc\u00e8s au site par un badge \u00e9lectronique. Ce casque en ABS comprend une jugulaire \u00e0 4 points, une cr\u00e9maill\u00e8re de r\u00e9glage (56 \u00e0 63 cm), une coiffe textile 6 points, un bandeau anti transpiration et il est ventil\u00e9 pour un d\u00e9bit d&rsquo;air suppl\u00e9mentaire.<\/p>\n<p>Caract\u00e9ristiques : Certifi\u00e9 CE, Casque ventil\u00e9 permettant un flux d&rsquo;air rafra\u00eechissant autour de la t\u00eate, D\u00e9formation lat\u00e9rale, Porte badge pour pr\u00e9senter facilement votre carte d&rsquo;identit\u00e9, Harnais textile 6 points, Taille r\u00e9glable par cr\u00e9maill\u00e8re pour un meilleur ajustement, Accessoires compatibles disponibles, Dur\u00e9e d&rsquo;utilisation de 7 ans \u00e0 partir de la date de fabrication indiqu\u00e9e dans la fiche d&rsquo;utilisation du produit, Reconnaissance instantan\u00e9e utilisateur \/ porteur, L&rsquo;information est conserv\u00e9e en toute s\u00e9curit\u00e9, Normes : EN397, EN166, Coloris : Blanc<\/p>\n","protected":false},"excerpt":{"rendered":"<p>Le casque Endurance Porte-Badge est identique \u00e0 notre casque Endurance PS55 le plus vendu<\/p>\n<p>Fonctionnalit\u00e9s suppl\u00e9mentaires innovantes : un porte-badge int\u00e9gr\u00e9, soud\u00e9 par ultrasons sur la coque du casque en ABS<\/p>\n<p>Fabriqu\u00e9 \u00e0 partir de polycarbonate ignifuge, le porte-badge a une ouverture coulissante pour un acc\u00e8s facile et s\u00e9curis\u00e9 des badges<\/p>\n<p>Id\u00e9al pour l&rsquo;identification, l&rsquo;information de porteur et l&rsquo;acc\u00e8s au site par un badge \u00e9lectronique<\/p>\n<p>Ce casque en ABS comprend une jugulaire \u00e0 4 points, une cr\u00e9maill\u00e8re de r\u00e9glage (56 \u00e0 63 cm), une coiffe textile 6 points, un bandeau anti transpiration et il est ventil\u00e9 pour un d\u00e9bit d&rsquo;air suppl\u00e9mentaire<\/p>\n<p>Caract\u00e9ristiques<br \/>\nCertifi\u00e9 CE<br \/>\nCasque ventil\u00e9 permettant un flux d&rsquo;air rafra\u00eechissant autour de la t\u00eate<br \/>\nD\u00e9formation lat\u00e9rale<br \/>\nporte badge pour pr\u00e9senter facilement votre carte d&rsquo;identit\u00e9<br \/>\nHarnais textile 6 points<br \/>\nTaille r\u00e9glable par cr\u00e9maill\u00e8re pour un meilleur ajustement<br \/>\nAccessoires compatibles disponibles<br \/>\nDur\u00e9e d&rsquo;utilisation de 7 ans \u00e0 partir de la date de fabrication indiqu\u00e9e dans la fiche d&rsquo;utilisation du produit<br \/>\nReconnaissance instantan\u00e9e utilisateur \/ porteur<br \/>\nL&rsquo;information est conserv\u00e9e en toute s\u00e9curit\u00e9<br \/>\nNormes : EN397, EN166<br \/>\nColoris : Blanc<\/p>\n","protected":false},"featured_media":3435,"comment_status":"open","ping_status":"closed","template":"","meta":{"_monsterinsights_skip_tracking":false,"_monsterinsights_sitenote_active":false,"_monsterinsights_sitenote_note":"","_monsterinsights_sitenote_category":0,"jetpack_publicize_message":"","jetpack_publicize_feature_enabled":true,"jetpack_social_post_already_shared":false,"jetpack_social_options":{"image_generator_settings":{"template":"highway","default_image_id":0,"font":"","enabled":false},"version":2}},"product_brand":[],"product_cat":[40],"product_tag":[],"class_list":{"0":"post-3434","1":"product","2":"type-product","3":"status-publish","6":"product_cat-epi","8":"first","9":"instock","10":"taxable","11":"shipping-taxable","12":"product-type-simple"},"yoast_head":"<!-- This site is optimized with the Yoast SEO plugin v26.6 - https:\/\/yoast.com\/wordpress\/plugins\/seo\/ -->\n<title>Casque de chantier ENDURO blanc + Porte badge + jugulaire - ETANEC<\/title>\n<meta name=\"robots\" content=\"index, follow, max-snippet:-1, max-image-preview:large, max-video-preview:-1\" \/>\n<link rel=\"canonical\" href=\"https:\/\/etanec.fr\/index.php\/produit\/casque-de-chantier-enduro-blanc-porte-badge-jugulaire\/\" \/>\n<meta property=\"og:locale\" content=\"fr_FR\" \/>\n<meta property=\"og:type\" content=\"article\" \/>\n<meta property=\"og:title\" content=\"Casque de chantier ENDURO blanc + Porte badge + jugulaire - ETANEC\" \/>\n<meta property=\"og:description\" content=\"Le casque Endurance Porte-Badge est identique \u00e0 notre casque Endurance PS55 le plus vendu  Fonctionnalit\u00e9s suppl\u00e9mentaires innovantes : un porte-badge int\u00e9gr\u00e9, soud\u00e9 par ultrasons sur la coque du casque en ABS  Fabriqu\u00e9 \u00e0 partir de polycarbonate ignifuge, le porte-badge a une ouverture coulissante pour un acc\u00e8s facile et s\u00e9curis\u00e9 des badges  Id\u00e9al pour l&#039;identification, l&#039;information de porteur et l&#039;acc\u00e8s au site par un badge \u00e9lectronique  Ce casque en ABS comprend une jugulaire \u00e0 4 points, une cr\u00e9maill\u00e8re de r\u00e9glage (56 \u00e0 63 cm), une coiffe textile 6 points, un bandeau anti transpiration et il est ventil\u00e9 pour un d\u00e9bit d&#039;air suppl\u00e9mentaire  Caract\u00e9ristiques Certifi\u00e9 CE Casque ventil\u00e9 permettant un flux d&#039;air rafra\u00eechissant autour de la t\u00eate D\u00e9formation lat\u00e9rale porte badge pour pr\u00e9senter facilement votre carte d&#039;identit\u00e9 Harnais textile 6 points Taille r\u00e9glable par cr\u00e9maill\u00e8re pour un meilleur ajustement Accessoires compatibles disponibles Dur\u00e9e d&#039;utilisation de 7 ans \u00e0 partir de la date de fabrication indiqu\u00e9e dans la fiche d&#039;utilisation du produit Reconnaissance instantan\u00e9e utilisateur \/ porteur L&#039;information est conserv\u00e9e en toute s\u00e9curit\u00e9 Normes : EN397, EN166 Coloris : Blanc\" \/>\n<meta property=\"og:url\" content=\"https:\/\/etanec.fr\/index.php\/produit\/casque-de-chantier-enduro-blanc-porte-badge-jugulaire\/\" \/>\n<meta property=\"og:site_name\" content=\"ETANEC\" \/>\n<meta property=\"article:modified_time\" content=\"2023-05-17T12:16:30+00:00\" \/>\n<meta property=\"og:image\" content=\"https:\/\/i0.wp.com\/etanec.fr\/wp-content\/uploads\/2022\/12\/r011025_610x610.jpeg?fit=610%2C610&ssl=1\" \/>\n\t<meta property=\"og:image:width\" content=\"610\" \/>\n\t<meta property=\"og:image:height\" content=\"610\" \/>\n\t<meta property=\"og:image:type\" content=\"image\/jpeg\" \/>\n<meta name=\"twitter:card\" content=\"summary_large_image\" \/>\n<meta name=\"twitter:label1\" content=\"Dur\u00e9e de lecture estim\u00e9e\" \/>\n\t<meta name=\"twitter:data1\" content=\"1 minute\" \/>\n<script type=\"application\/ld+json\" class=\"yoast-schema-graph\">{\"@context\":\"https:\/\/schema.org\",\"@graph\":[{\"@type\":\"WebPage\",\"@id\":\"https:\/\/etanec.fr\/index.php\/produit\/casque-de-chantier-enduro-blanc-porte-badge-jugulaire\/\",\"url\":\"https:\/\/etanec.fr\/index.php\/produit\/casque-de-chantier-enduro-blanc-porte-badge-jugulaire\/\",\"name\":\"Casque de chantier ENDURO blanc + Porte badge + jugulaire - ETANEC\",\"isPartOf\":{\"@id\":\"http:\/\/etanec.fr\/#website\"},\"primaryImageOfPage\":{\"@id\":\"https:\/\/etanec.fr\/index.php\/produit\/casque-de-chantier-enduro-blanc-porte-badge-jugulaire\/#primaryimage\"},\"image\":{\"@id\":\"https:\/\/etanec.fr\/index.php\/produit\/casque-de-chantier-enduro-blanc-porte-badge-jugulaire\/#primaryimage\"},\"thumbnailUrl\":\"https:\/\/i0.wp.com\/etanec.fr\/wp-content\/uploads\/2022\/12\/r011025_610x610.jpeg?fit=610%2C610\",\"datePublished\":\"2022-12-08T13:53:57+00:00\",\"dateModified\":\"2023-05-17T12:16:30+00:00\",\"breadcrumb\":{\"@id\":\"https:\/\/etanec.fr\/index.php\/produit\/casque-de-chantier-enduro-blanc-porte-badge-jugulaire\/#breadcrumb\"},\"inLanguage\":\"fr-FR\",\"potentialAction\":[{\"@type\":\"ReadAction\",\"target\":[\"https:\/\/etanec.fr\/index.php\/produit\/casque-de-chantier-enduro-blanc-porte-badge-jugulaire\/\"]}]},{\"@type\":\"ImageObject\",\"inLanguage\":\"fr-FR\",\"@id\":\"https:\/\/etanec.fr\/index.php\/produit\/casque-de-chantier-enduro-blanc-porte-badge-jugulaire\/#primaryimage\",\"url\":\"https:\/\/i0.wp.com\/etanec.fr\/wp-content\/uploads\/2022\/12\/r011025_610x610.jpeg?fit=610%2C610\",\"contentUrl\":\"https:\/\/i0.wp.com\/etanec.fr\/wp-content\/uploads\/2022\/12\/r011025_610x610.jpeg?fit=610%2C610\",\"width\":610,\"height\":610},{\"@type\":\"BreadcrumbList\",\"@id\":\"https:\/\/etanec.fr\/index.php\/produit\/casque-de-chantier-enduro-blanc-porte-badge-jugulaire\/#breadcrumb\",\"itemListElement\":[{\"@type\":\"ListItem\",\"position\":1,\"name\":\"Accueil\",\"item\":\"http:\/\/etanec.fr\/\"},{\"@type\":\"ListItem\",\"position\":2,\"name\":\"Gamme de produits\",\"item\":\"http:\/\/etanec.fr\/index.php\/boutique\/\"},{\"@type\":\"ListItem\",\"position\":3,\"name\":\"Casque de chantier ENDURO blanc + Porte badge + jugulaire\"}]},{\"@type\":\"WebSite\",\"@id\":\"http:\/\/etanec.fr\/#website\",\"url\":\"http:\/\/etanec.fr\/\",\"name\":\"etanec.fr\",\"description\":\"Votre Solution en Outillage &amp; Fixation Enveloppe du batiment\",\"publisher\":{\"@id\":\"http:\/\/etanec.fr\/#organization\"},\"potentialAction\":[{\"@type\":\"SearchAction\",\"target\":{\"@type\":\"EntryPoint\",\"urlTemplate\":\"http:\/\/etanec.fr\/?s={search_term_string}\"},\"query-input\":{\"@type\":\"PropertyValueSpecification\",\"valueRequired\":true,\"valueName\":\"search_term_string\"}}],\"inLanguage\":\"fr-FR\"},{\"@type\":\"Organization\",\"@id\":\"http:\/\/etanec.fr\/#organization\",\"name\":\"etanec.fr\",\"url\":\"http:\/\/etanec.fr\/\",\"logo\":{\"@type\":\"ImageObject\",\"inLanguage\":\"fr-FR\",\"@id\":\"http:\/\/etanec.fr\/#\/schema\/logo\/image\/\",\"url\":\"https:\/\/i0.wp.com\/etanec.fr\/wp-content\/uploads\/2017\/11\/cropped-cropped-cropped-ETANEC-LOGO-2017-RVBTRANSP-HD-e1509965316759.png?fit=350%2C75\",\"contentUrl\":\"https:\/\/i0.wp.com\/etanec.fr\/wp-content\/uploads\/2017\/11\/cropped-cropped-cropped-ETANEC-LOGO-2017-RVBTRANSP-HD-e1509965316759.png?fit=350%2C75\",\"width\":350,\"height\":75,\"caption\":\"etanec.fr\"},\"image\":{\"@id\":\"http:\/\/etanec.fr\/#\/schema\/logo\/image\/\"},\"sameAs\":[\"https:\/\/www.linkedin.com\/company\/etanecgroup\/?viewAsMember=true\"]}]}<\/script>\n<!-- \/ Yoast SEO plugin. -->","yoast_head_json":{"title":"Casque de chantier ENDURO blanc + Porte badge + jugulaire - ETANEC","robots":{"index":"index","follow":"follow","max-snippet":"max-snippet:-1","max-image-preview":"max-image-preview:large","max-video-preview":"max-video-preview:-1"},"canonical":"https:\/\/etanec.fr\/index.php\/produit\/casque-de-chantier-enduro-blanc-porte-badge-jugulaire\/","og_locale":"fr_FR","og_type":"article","og_title":"Casque de chantier ENDURO blanc + Porte badge + jugulaire - ETANEC","og_description":"Le casque Endurance Porte-Badge est identique \u00e0 notre casque Endurance PS55 le plus vendu  Fonctionnalit\u00e9s suppl\u00e9mentaires innovantes : un porte-badge int\u00e9gr\u00e9, soud\u00e9 par ultrasons sur la coque du casque en ABS  Fabriqu\u00e9 \u00e0 partir de polycarbonate ignifuge, le porte-badge a une ouverture coulissante pour un acc\u00e8s facile et s\u00e9curis\u00e9 des badges  Id\u00e9al pour l'identification, l'information de porteur et l'acc\u00e8s au site par un badge \u00e9lectronique  Ce casque en ABS comprend une jugulaire \u00e0 4 points, une cr\u00e9maill\u00e8re de r\u00e9glage (56 \u00e0 63 cm), une coiffe textile 6 points, un bandeau anti transpiration et il est ventil\u00e9 pour un d\u00e9bit d'air suppl\u00e9mentaire  Caract\u00e9ristiques Certifi\u00e9 CE Casque ventil\u00e9 permettant un flux d'air rafra\u00eechissant autour de la t\u00eate D\u00e9formation lat\u00e9rale porte badge pour pr\u00e9senter facilement votre carte d'identit\u00e9 Harnais textile 6 points Taille r\u00e9glable par cr\u00e9maill\u00e8re pour un meilleur ajustement Accessoires compatibles disponibles Dur\u00e9e d'utilisation de 7 ans \u00e0 partir de la date de fabrication indiqu\u00e9e dans la fiche d'utilisation du produit Reconnaissance instantan\u00e9e utilisateur \/ porteur L'information est conserv\u00e9e en toute s\u00e9curit\u00e9 Normes : EN397, EN166 Coloris : Blanc","og_url":"https:\/\/etanec.fr\/index.php\/produit\/casque-de-chantier-enduro-blanc-porte-badge-jugulaire\/","og_site_name":"ETANEC","article_modified_time":"2023-05-17T12:16:30+00:00","og_image":[{"width":610,"height":610,"url":"https:\/\/i0.wp.com\/etanec.fr\/wp-content\/uploads\/2022\/12\/r011025_610x610.jpeg?fit=610%2C610&ssl=1","type":"image\/jpeg"}],"twitter_card":"summary_large_image","twitter_misc":{"Dur\u00e9e de lecture estim\u00e9e":"1 minute"},"schema":{"@context":"https:\/\/schema.org","@graph":[{"@type":"WebPage","@id":"https:\/\/etanec.fr\/index.php\/produit\/casque-de-chantier-enduro-blanc-porte-badge-jugulaire\/","url":"https:\/\/etanec.fr\/index.php\/produit\/casque-de-chantier-enduro-blanc-porte-badge-jugulaire\/","name":"Casque de chantier ENDURO blanc + Porte badge + jugulaire - ETANEC","isPartOf":{"@id":"http:\/\/etanec.fr\/#website"},"primaryImageOfPage":{"@id":"https:\/\/etanec.fr\/index.php\/produit\/casque-de-chantier-enduro-blanc-porte-badge-jugulaire\/#primaryimage"},"image":{"@id":"https:\/\/etanec.fr\/index.php\/produit\/casque-de-chantier-enduro-blanc-porte-badge-jugulaire\/#primaryimage"},"thumbnailUrl":"https:\/\/i0.wp.com\/etanec.fr\/wp-content\/uploads\/2022\/12\/r011025_610x610.jpeg?fit=610%2C610","datePublished":"2022-12-08T13:53:57+00:00","dateModified":"2023-05-17T12:16:30+00:00","breadcrumb":{"@id":"https:\/\/etanec.fr\/index.php\/produit\/casque-de-chantier-enduro-blanc-porte-badge-jugulaire\/#breadcrumb"},"inLanguage":"fr-FR","potentialAction":[{"@type":"ReadAction","target":["https:\/\/etanec.fr\/index.php\/produit\/casque-de-chantier-enduro-blanc-porte-badge-jugulaire\/"]}]},{"@type":"ImageObject","inLanguage":"fr-FR","@id":"https:\/\/etanec.fr\/index.php\/produit\/casque-de-chantier-enduro-blanc-porte-badge-jugulaire\/#primaryimage","url":"https:\/\/i0.wp.com\/etanec.fr\/wp-content\/uploads\/2022\/12\/r011025_610x610.jpeg?fit=610%2C610","contentUrl":"https:\/\/i0.wp.com\/etanec.fr\/wp-content\/uploads\/2022\/12\/r011025_610x610.jpeg?fit=610%2C610","width":610,"height":610},{"@type":"BreadcrumbList","@id":"https:\/\/etanec.fr\/index.php\/produit\/casque-de-chantier-enduro-blanc-porte-badge-jugulaire\/#breadcrumb","itemListElement":[{"@type":"ListItem","position":1,"name":"Accueil","item":"http:\/\/etanec.fr\/"},{"@type":"ListItem","position":2,"name":"Gamme de produits","item":"http:\/\/etanec.fr\/index.php\/boutique\/"},{"@type":"ListItem","position":3,"name":"Casque de chantier ENDURO blanc + Porte badge + jugulaire"}]},{"@type":"WebSite","@id":"http:\/\/etanec.fr\/#website","url":"http:\/\/etanec.fr\/","name":"etanec.fr","description":"Votre Solution en Outillage &amp; Fixation Enveloppe du batiment","publisher":{"@id":"http:\/\/etanec.fr\/#organization"},"potentialAction":[{"@type":"SearchAction","target":{"@type":"EntryPoint","urlTemplate":"http:\/\/etanec.fr\/?s={search_term_string}"},"query-input":{"@type":"PropertyValueSpecification","valueRequired":true,"valueName":"search_term_string"}}],"inLanguage":"fr-FR"},{"@type":"Organization","@id":"http:\/\/etanec.fr\/#organization","name":"etanec.fr","url":"http:\/\/etanec.fr\/","logo":{"@type":"ImageObject","inLanguage":"fr-FR","@id":"http:\/\/etanec.fr\/#\/schema\/logo\/image\/","url":"https:\/\/i0.wp.com\/etanec.fr\/wp-content\/uploads\/2017\/11\/cropped-cropped-cropped-ETANEC-LOGO-2017-RVBTRANSP-HD-e1509965316759.png?fit=350%2C75","contentUrl":"https:\/\/i0.wp.com\/etanec.fr\/wp-content\/uploads\/2017\/11\/cropped-cropped-cropped-ETANEC-LOGO-2017-RVBTRANSP-HD-e1509965316759.png?fit=350%2C75","width":350,"height":75,"caption":"etanec.fr"},"image":{"@id":"http:\/\/etanec.fr\/#\/schema\/logo\/image\/"},"sameAs":["https:\/\/www.linkedin.com\/company\/etanecgroup\/?viewAsMember=true"]}]}},"jetpack_publicize_connections":[],"jetpack_sharing_enabled":true,"_links":{"self":[{"href":"http:\/\/etanec.fr\/index.php\/wp-json\/wp\/v2\/product\/3434","targetHints":{"allow":["GET"]}}],"collection":[{"href":"http:\/\/etanec.fr\/index.php\/wp-json\/wp\/v2\/product"}],"about":[{"href":"http:\/\/etanec.fr\/index.php\/wp-json\/wp\/v2\/types\/product"}],"replies":[{"embeddable":true,"href":"http:\/\/etanec.fr\/index.php\/wp-json\/wp\/v2\/comments?post=3434"}],"version-history":[{"count":2,"href":"http:\/\/etanec.fr\/index.php\/wp-json\/wp\/v2\/product\/3434\/revisions"}],"predecessor-version":[{"id":6662,"href":"http:\/\/etanec.fr\/index.php\/wp-json\/wp\/v2\/product\/3434\/revisions\/6662"}],"wp:featuredmedia":[{"embeddable":true,"href":"http:\/\/etanec.fr\/index.php\/wp-json\/wp\/v2\/media\/3435"}],"wp:attachment":[{"href":"http:\/\/etanec.fr\/index.php\/wp-json\/wp\/v2\/media?parent=3434"}],"wp:term":[{"taxonomy":"product_brand","embeddable":true,"href":"http:\/\/etanec.fr\/index.php\/wp-json\/wp\/v2\/product_brand?post=3434"},{"taxonomy":"product_cat","embeddable":true,"href":"http:\/\/etanec.fr\/index.php\/wp-json\/wp\/v2\/product_cat?post=3434"},{"taxonomy":"product_tag","embeddable":true,"href":"http:\/\/etanec.fr\/index.php\/wp-json\/wp\/v2\/product_tag?post=3434"}],"curies":[{"name":"wp","href":"https:\/\/api.w.org\/{rel}","templated":true}]}}