{"id":3437,"date":"2022-12-08T14:53:57","date_gmt":"2022-12-08T13:53:57","guid":{"rendered":"http:\/\/etanec.fr\/?post_type=product&#038;p=3437"},"modified":"2023-05-17T14:19:44","modified_gmt":"2023-05-17T12:19:44","slug":"casque-chantier-abs-monteur-cadi-blanc","status":"publish","type":"product","link":"http:\/\/etanec.fr\/index.php\/produit\/casque-chantier-abs-monteur-cadi-blanc\/","title":{"rendered":"Casque chantier ABS monteur CADI blanc"},"content":{"rendered":"<p>Casque de s\u00e9curit\u00e9\u00a0CADI en ABS, style casque de montagne, sans visi\u00e8re pour une meilleure vision verticale. Tr\u00e8s peu d\u2019encombrement et l\u00e9ger. Coiffe textile innovante extra confort, en haute densit\u00e9 avec rembourrage de protection. Id\u00e9al pour les travaux en hauteur. Ajustable : tour de t\u00eate de 53 \u00e0 63 cm. Vendu avec jugulaire\u00a04 points de fixation. Poids: 320g. Norme : EN12492<\/p>\n<p>AVANTAGES<\/p>\n<p>Id\u00e9al pour les travaux en hauteur, fabriqu\u00e9 en ABS avec stabilisation UV. Protection int\u00e9rieure en haute densit\u00e9\u00a0 EPS rembourrage de protection.<\/p>\n","protected":false},"excerpt":{"rendered":"<p>Casque de s\u00e9curit\u00e9 CADI en ABS, style casque de montagne, sans visi\u00e8re pour une meilleure vision verticale<\/p>\n<p>Tr\u00e8s peu d\u2019encombrement et l\u00e9ger<\/p>\n<p>Coiffe textile innovante extra confort, en haute densit\u00e9 avec rembourrage de protection<\/p>\n<p>Id\u00e9al pour les travaux en hauteur<\/p>\n<p>Ajustable : tour de t\u00eate de 53 \u00e0 63 cm<\/p>\n<p>Vendu avec jugulaire 4 points de fixation<\/p>\n<p>Poids: 320g<\/p>\n<p>Norme : EN12492<\/p>\n<p>AVANTAGES<\/p>\n<p>Id\u00e9al pour les travaux en hauteur, fabriqu\u00e9 en ABS avec stabilisation UV<\/p>\n<p>Protection int\u00e9rieure en haute densit\u00e9\u00a0 EPS rembourrage de protection<\/p>\n","protected":false},"featured_media":3438,"comment_status":"open","ping_status":"closed","template":"","meta":{"_monsterinsights_skip_tracking":false,"_monsterinsights_sitenote_active":false,"_monsterinsights_sitenote_note":"","_monsterinsights_sitenote_category":0,"jetpack_publicize_message":"","jetpack_publicize_feature_enabled":true,"jetpack_social_post_already_shared":false,"jetpack_social_options":{"image_generator_settings":{"template":"highway","default_image_id":0,"font":"","enabled":false},"version":2}},"product_brand":[],"product_cat":[40],"product_tag":[],"class_list":{"0":"post-3437","1":"product","2":"type-product","3":"status-publish","6":"product_cat-epi","8":"first","9":"instock","10":"taxable","11":"shipping-taxable","12":"product-type-simple"},"yoast_head":"<!-- This site is optimized with the Yoast SEO plugin v26.6 - https:\/\/yoast.com\/wordpress\/plugins\/seo\/ -->\n<title>Casque chantier ABS monteur CADI blanc - ETANEC<\/title>\n<meta name=\"robots\" content=\"index, follow, max-snippet:-1, max-image-preview:large, max-video-preview:-1\" \/>\n<link rel=\"canonical\" href=\"http:\/\/etanec.fr\/index.php\/produit\/casque-chantier-abs-monteur-cadi-blanc\/\" \/>\n<meta property=\"og:locale\" content=\"fr_FR\" \/>\n<meta property=\"og:type\" content=\"article\" \/>\n<meta property=\"og:title\" content=\"Casque chantier ABS monteur CADI blanc - ETANEC\" \/>\n<meta property=\"og:description\" content=\"Casque de s\u00e9curit\u00e9 CADI en ABS, style casque de montagne, sans visi\u00e8re pour une meilleure vision verticale  Tr\u00e8s peu d\u2019encombrement et l\u00e9ger  Coiffe textile innovante extra confort, en haute densit\u00e9 avec rembourrage de protection  Id\u00e9al pour les travaux en hauteur  Ajustable : tour de t\u00eate de 53 \u00e0 63 cm  Vendu avec jugulaire 4 points de fixation  Poids: 320g  Norme : EN12492  AVANTAGES  Id\u00e9al pour les travaux en hauteur, fabriqu\u00e9 en ABS avec stabilisation UV  Protection int\u00e9rieure en haute densit\u00e9\u00a0 EPS rembourrage de protection\" \/>\n<meta property=\"og:url\" content=\"http:\/\/etanec.fr\/index.php\/produit\/casque-chantier-abs-monteur-cadi-blanc\/\" \/>\n<meta property=\"og:site_name\" content=\"ETANEC\" \/>\n<meta property=\"article:modified_time\" content=\"2023-05-17T12:19:44+00:00\" \/>\n<meta property=\"og:image\" content=\"https:\/\/i0.wp.com\/etanec.fr\/wp-content\/uploads\/2022\/12\/r011041_610x610.jpeg?fit=610%2C610\" \/>\n\t<meta property=\"og:image:width\" content=\"610\" \/>\n\t<meta property=\"og:image:height\" content=\"610\" \/>\n\t<meta property=\"og:image:type\" content=\"image\/jpeg\" \/>\n<meta name=\"twitter:card\" content=\"summary_large_image\" \/>\n<meta name=\"twitter:label1\" content=\"Dur\u00e9e de lecture estim\u00e9e\" \/>\n\t<meta name=\"twitter:data1\" content=\"1 minute\" \/>\n<script type=\"application\/ld+json\" class=\"yoast-schema-graph\">{\"@context\":\"https:\/\/schema.org\",\"@graph\":[{\"@type\":\"WebPage\",\"@id\":\"http:\/\/etanec.fr\/index.php\/produit\/casque-chantier-abs-monteur-cadi-blanc\/\",\"url\":\"http:\/\/etanec.fr\/index.php\/produit\/casque-chantier-abs-monteur-cadi-blanc\/\",\"name\":\"Casque chantier ABS monteur CADI blanc - ETANEC\",\"isPartOf\":{\"@id\":\"http:\/\/etanec.fr\/#website\"},\"primaryImageOfPage\":{\"@id\":\"http:\/\/etanec.fr\/index.php\/produit\/casque-chantier-abs-monteur-cadi-blanc\/#primaryimage\"},\"image\":{\"@id\":\"http:\/\/etanec.fr\/index.php\/produit\/casque-chantier-abs-monteur-cadi-blanc\/#primaryimage\"},\"thumbnailUrl\":\"https:\/\/i0.wp.com\/etanec.fr\/wp-content\/uploads\/2022\/12\/r011041_610x610.jpeg?fit=610%2C610\",\"datePublished\":\"2022-12-08T13:53:57+00:00\",\"dateModified\":\"2023-05-17T12:19:44+00:00\",\"breadcrumb\":{\"@id\":\"http:\/\/etanec.fr\/index.php\/produit\/casque-chantier-abs-monteur-cadi-blanc\/#breadcrumb\"},\"inLanguage\":\"fr-FR\",\"potentialAction\":[{\"@type\":\"ReadAction\",\"target\":[\"http:\/\/etanec.fr\/index.php\/produit\/casque-chantier-abs-monteur-cadi-blanc\/\"]}]},{\"@type\":\"ImageObject\",\"inLanguage\":\"fr-FR\",\"@id\":\"http:\/\/etanec.fr\/index.php\/produit\/casque-chantier-abs-monteur-cadi-blanc\/#primaryimage\",\"url\":\"https:\/\/i0.wp.com\/etanec.fr\/wp-content\/uploads\/2022\/12\/r011041_610x610.jpeg?fit=610%2C610\",\"contentUrl\":\"https:\/\/i0.wp.com\/etanec.fr\/wp-content\/uploads\/2022\/12\/r011041_610x610.jpeg?fit=610%2C610\",\"width\":610,\"height\":610},{\"@type\":\"BreadcrumbList\",\"@id\":\"http:\/\/etanec.fr\/index.php\/produit\/casque-chantier-abs-monteur-cadi-blanc\/#breadcrumb\",\"itemListElement\":[{\"@type\":\"ListItem\",\"position\":1,\"name\":\"Accueil\",\"item\":\"http:\/\/etanec.fr\/\"},{\"@type\":\"ListItem\",\"position\":2,\"name\":\"Gamme de produits\",\"item\":\"https:\/\/etanec.fr\/index.php\/boutique\/\"},{\"@type\":\"ListItem\",\"position\":3,\"name\":\"Casque chantier ABS monteur CADI blanc\"}]},{\"@type\":\"WebSite\",\"@id\":\"http:\/\/etanec.fr\/#website\",\"url\":\"http:\/\/etanec.fr\/\",\"name\":\"etanec.fr\",\"description\":\"Votre Solution en Outillage &amp; Fixation Enveloppe du batiment\",\"publisher\":{\"@id\":\"http:\/\/etanec.fr\/#organization\"},\"potentialAction\":[{\"@type\":\"SearchAction\",\"target\":{\"@type\":\"EntryPoint\",\"urlTemplate\":\"http:\/\/etanec.fr\/?s={search_term_string}\"},\"query-input\":{\"@type\":\"PropertyValueSpecification\",\"valueRequired\":true,\"valueName\":\"search_term_string\"}}],\"inLanguage\":\"fr-FR\"},{\"@type\":\"Organization\",\"@id\":\"http:\/\/etanec.fr\/#organization\",\"name\":\"etanec.fr\",\"url\":\"http:\/\/etanec.fr\/\",\"logo\":{\"@type\":\"ImageObject\",\"inLanguage\":\"fr-FR\",\"@id\":\"http:\/\/etanec.fr\/#\/schema\/logo\/image\/\",\"url\":\"https:\/\/i0.wp.com\/etanec.fr\/wp-content\/uploads\/2017\/11\/cropped-cropped-cropped-ETANEC-LOGO-2017-RVBTRANSP-HD-e1509965316759.png?fit=350%2C75\",\"contentUrl\":\"https:\/\/i0.wp.com\/etanec.fr\/wp-content\/uploads\/2017\/11\/cropped-cropped-cropped-ETANEC-LOGO-2017-RVBTRANSP-HD-e1509965316759.png?fit=350%2C75\",\"width\":350,\"height\":75,\"caption\":\"etanec.fr\"},\"image\":{\"@id\":\"http:\/\/etanec.fr\/#\/schema\/logo\/image\/\"},\"sameAs\":[\"https:\/\/www.linkedin.com\/company\/etanecgroup\/?viewAsMember=true\"]}]}<\/script>\n<!-- \/ Yoast SEO plugin. -->","yoast_head_json":{"title":"Casque chantier ABS monteur CADI blanc - ETANEC","robots":{"index":"index","follow":"follow","max-snippet":"max-snippet:-1","max-image-preview":"max-image-preview:large","max-video-preview":"max-video-preview:-1"},"canonical":"http:\/\/etanec.fr\/index.php\/produit\/casque-chantier-abs-monteur-cadi-blanc\/","og_locale":"fr_FR","og_type":"article","og_title":"Casque chantier ABS monteur CADI blanc - ETANEC","og_description":"Casque de s\u00e9curit\u00e9 CADI en ABS, style casque de montagne, sans visi\u00e8re pour une meilleure vision verticale  Tr\u00e8s peu d\u2019encombrement et l\u00e9ger  Coiffe textile innovante extra confort, en haute densit\u00e9 avec rembourrage de protection  Id\u00e9al pour les travaux en hauteur  Ajustable : tour de t\u00eate de 53 \u00e0 63 cm  Vendu avec jugulaire 4 points de fixation  Poids: 320g  Norme : EN12492  AVANTAGES  Id\u00e9al pour les travaux en hauteur, fabriqu\u00e9 en ABS avec stabilisation UV  Protection int\u00e9rieure en haute densit\u00e9\u00a0 EPS rembourrage de protection","og_url":"http:\/\/etanec.fr\/index.php\/produit\/casque-chantier-abs-monteur-cadi-blanc\/","og_site_name":"ETANEC","article_modified_time":"2023-05-17T12:19:44+00:00","og_image":[{"width":610,"height":610,"url":"https:\/\/i0.wp.com\/etanec.fr\/wp-content\/uploads\/2022\/12\/r011041_610x610.jpeg?fit=610%2C610","type":"image\/jpeg"}],"twitter_card":"summary_large_image","twitter_misc":{"Dur\u00e9e de lecture estim\u00e9e":"1 minute"},"schema":{"@context":"https:\/\/schema.org","@graph":[{"@type":"WebPage","@id":"http:\/\/etanec.fr\/index.php\/produit\/casque-chantier-abs-monteur-cadi-blanc\/","url":"http:\/\/etanec.fr\/index.php\/produit\/casque-chantier-abs-monteur-cadi-blanc\/","name":"Casque chantier ABS monteur CADI blanc - ETANEC","isPartOf":{"@id":"http:\/\/etanec.fr\/#website"},"primaryImageOfPage":{"@id":"http:\/\/etanec.fr\/index.php\/produit\/casque-chantier-abs-monteur-cadi-blanc\/#primaryimage"},"image":{"@id":"http:\/\/etanec.fr\/index.php\/produit\/casque-chantier-abs-monteur-cadi-blanc\/#primaryimage"},"thumbnailUrl":"https:\/\/i0.wp.com\/etanec.fr\/wp-content\/uploads\/2022\/12\/r011041_610x610.jpeg?fit=610%2C610","datePublished":"2022-12-08T13:53:57+00:00","dateModified":"2023-05-17T12:19:44+00:00","breadcrumb":{"@id":"http:\/\/etanec.fr\/index.php\/produit\/casque-chantier-abs-monteur-cadi-blanc\/#breadcrumb"},"inLanguage":"fr-FR","potentialAction":[{"@type":"ReadAction","target":["http:\/\/etanec.fr\/index.php\/produit\/casque-chantier-abs-monteur-cadi-blanc\/"]}]},{"@type":"ImageObject","inLanguage":"fr-FR","@id":"http:\/\/etanec.fr\/index.php\/produit\/casque-chantier-abs-monteur-cadi-blanc\/#primaryimage","url":"https:\/\/i0.wp.com\/etanec.fr\/wp-content\/uploads\/2022\/12\/r011041_610x610.jpeg?fit=610%2C610","contentUrl":"https:\/\/i0.wp.com\/etanec.fr\/wp-content\/uploads\/2022\/12\/r011041_610x610.jpeg?fit=610%2C610","width":610,"height":610},{"@type":"BreadcrumbList","@id":"http:\/\/etanec.fr\/index.php\/produit\/casque-chantier-abs-monteur-cadi-blanc\/#breadcrumb","itemListElement":[{"@type":"ListItem","position":1,"name":"Accueil","item":"http:\/\/etanec.fr\/"},{"@type":"ListItem","position":2,"name":"Gamme de produits","item":"https:\/\/etanec.fr\/index.php\/boutique\/"},{"@type":"ListItem","position":3,"name":"Casque chantier ABS monteur CADI blanc"}]},{"@type":"WebSite","@id":"http:\/\/etanec.fr\/#website","url":"http:\/\/etanec.fr\/","name":"etanec.fr","description":"Votre Solution en Outillage &amp; Fixation Enveloppe du batiment","publisher":{"@id":"http:\/\/etanec.fr\/#organization"},"potentialAction":[{"@type":"SearchAction","target":{"@type":"EntryPoint","urlTemplate":"http:\/\/etanec.fr\/?s={search_term_string}"},"query-input":{"@type":"PropertyValueSpecification","valueRequired":true,"valueName":"search_term_string"}}],"inLanguage":"fr-FR"},{"@type":"Organization","@id":"http:\/\/etanec.fr\/#organization","name":"etanec.fr","url":"http:\/\/etanec.fr\/","logo":{"@type":"ImageObject","inLanguage":"fr-FR","@id":"http:\/\/etanec.fr\/#\/schema\/logo\/image\/","url":"https:\/\/i0.wp.com\/etanec.fr\/wp-content\/uploads\/2017\/11\/cropped-cropped-cropped-ETANEC-LOGO-2017-RVBTRANSP-HD-e1509965316759.png?fit=350%2C75","contentUrl":"https:\/\/i0.wp.com\/etanec.fr\/wp-content\/uploads\/2017\/11\/cropped-cropped-cropped-ETANEC-LOGO-2017-RVBTRANSP-HD-e1509965316759.png?fit=350%2C75","width":350,"height":75,"caption":"etanec.fr"},"image":{"@id":"http:\/\/etanec.fr\/#\/schema\/logo\/image\/"},"sameAs":["https:\/\/www.linkedin.com\/company\/etanecgroup\/?viewAsMember=true"]}]}},"jetpack_publicize_connections":[],"jetpack_sharing_enabled":true,"_links":{"self":[{"href":"http:\/\/etanec.fr\/index.php\/wp-json\/wp\/v2\/product\/3437","targetHints":{"allow":["GET"]}}],"collection":[{"href":"http:\/\/etanec.fr\/index.php\/wp-json\/wp\/v2\/product"}],"about":[{"href":"http:\/\/etanec.fr\/index.php\/wp-json\/wp\/v2\/types\/product"}],"replies":[{"embeddable":true,"href":"http:\/\/etanec.fr\/index.php\/wp-json\/wp\/v2\/comments?post=3437"}],"version-history":[{"count":2,"href":"http:\/\/etanec.fr\/index.php\/wp-json\/wp\/v2\/product\/3437\/revisions"}],"predecessor-version":[{"id":6663,"href":"http:\/\/etanec.fr\/index.php\/wp-json\/wp\/v2\/product\/3437\/revisions\/6663"}],"wp:featuredmedia":[{"embeddable":true,"href":"http:\/\/etanec.fr\/index.php\/wp-json\/wp\/v2\/media\/3438"}],"wp:attachment":[{"href":"http:\/\/etanec.fr\/index.php\/wp-json\/wp\/v2\/media?parent=3437"}],"wp:term":[{"taxonomy":"product_brand","embeddable":true,"href":"http:\/\/etanec.fr\/index.php\/wp-json\/wp\/v2\/product_brand?post=3437"},{"taxonomy":"product_cat","embeddable":true,"href":"http:\/\/etanec.fr\/index.php\/wp-json\/wp\/v2\/product_cat?post=3437"},{"taxonomy":"product_tag","embeddable":true,"href":"http:\/\/etanec.fr\/index.php\/wp-json\/wp\/v2\/product_tag?post=3437"}],"curies":[{"name":"wp","href":"https:\/\/api.w.org\/{rel}","templated":true}]}}