{"id":3497,"date":"2022-12-08T14:49:09","date_gmt":"2022-12-08T13:49:09","guid":{"rendered":"http:\/\/etanec.fr\/?post_type=product&#038;p=3497"},"modified":"2023-05-15T11:38:14","modified_gmt":"2023-05-15T09:38:14","slug":"demi-masque-xamilic-757-s-avec-filtre-p3r","status":"publish","type":"product","link":"http:\/\/etanec.fr\/index.php\/produit\/demi-masque-xamilic-757-s-avec-filtre-p3r\/","title":{"rendered":"Demi-masque XAMILIC 757-S avec filtre P3R"},"content":{"rendered":"<p>Demi masque fabriqu\u00e9 en silicone, tr\u00e8s confortable, Fixations des filtres \u00e0 l&rsquo;aide d&rsquo;une baillonette, Muni d&rsquo;un harnais de soutien avec bandeau de nuque r\u00e9glable, R\u00e9sistance faible \u00e0 la respiration gr\u00e2ce \u00e0 la pr\u00e9sence de deux filtres P3(particules fines). Accessoires: Filtres P3(particules fines, sp\u00e9cial amiante&#8230;)<\/p>\n","protected":false},"excerpt":{"rendered":"<p>Demi masque fabriqu\u00e9 en silicone, tr\u00e8s confortable<br \/>\nFixations des filtres \u00e0 l&rsquo;aide d&rsquo;une baillonette<br \/>\nMuni d&rsquo;un harnais de soutien avec bandeau de nuque r\u00e9glable<br \/>\nR\u00e9sistance faible \u00e0 la respiration gr\u00e2ce \u00e0 la pr\u00e9sence de deux filtres P3(particules fines).<br \/>\nAccessoires:<br \/>\nFiltres P3(particules fines, sp\u00e9cial amiante&#8230;) : Code ERT025073<br \/>\nFiltres chimiques ABEKP3 : Code ERT025076<\/p>\n","protected":false},"featured_media":3498,"comment_status":"open","ping_status":"closed","template":"","meta":{"_monsterinsights_skip_tracking":false,"_monsterinsights_sitenote_active":false,"_monsterinsights_sitenote_note":"","_monsterinsights_sitenote_category":0,"jetpack_publicize_message":"","jetpack_publicize_feature_enabled":true,"jetpack_social_post_already_shared":false,"jetpack_social_options":{"image_generator_settings":{"template":"highway","default_image_id":0,"font":"","enabled":false},"version":2}},"product_brand":[],"product_cat":[40],"product_tag":[],"class_list":{"0":"post-3497","1":"product","2":"type-product","3":"status-publish","6":"product_cat-epi","8":"first","9":"instock","10":"taxable","11":"shipping-taxable","12":"product-type-simple"},"yoast_head":"<!-- This site is optimized with the Yoast SEO plugin v26.6 - https:\/\/yoast.com\/wordpress\/plugins\/seo\/ -->\n<title>Demi-masque XAMILIC 757-S avec filtre P3R - ETANEC<\/title>\n<meta name=\"robots\" content=\"index, follow, max-snippet:-1, max-image-preview:large, max-video-preview:-1\" \/>\n<link rel=\"canonical\" href=\"https:\/\/etanec.fr\/index.php\/produit\/demi-masque-xamilic-757-s-avec-filtre-p3r\/\" \/>\n<meta property=\"og:locale\" content=\"fr_FR\" \/>\n<meta property=\"og:type\" content=\"article\" \/>\n<meta property=\"og:title\" content=\"Demi-masque XAMILIC 757-S avec filtre P3R - ETANEC\" \/>\n<meta property=\"og:description\" content=\"Demi masque fabriqu\u00e9 en silicone, tr\u00e8s confortable Fixations des filtres \u00e0 l&#039;aide d&#039;une baillonette Muni d&#039;un harnais de soutien avec bandeau de nuque r\u00e9glable R\u00e9sistance faible \u00e0 la respiration gr\u00e2ce \u00e0 la pr\u00e9sence de deux filtres P3(particules fines). Accessoires: Filtres P3(particules fines, sp\u00e9cial amiante...) : Code ERT025073 Filtres chimiques ABEKP3 : Code ERT025076\" \/>\n<meta property=\"og:url\" content=\"https:\/\/etanec.fr\/index.php\/produit\/demi-masque-xamilic-757-s-avec-filtre-p3r\/\" \/>\n<meta property=\"og:site_name\" content=\"ETANEC\" \/>\n<meta property=\"article:modified_time\" content=\"2023-05-15T09:38:14+00:00\" \/>\n<meta property=\"og:image\" content=\"https:\/\/i0.wp.com\/etanec.fr\/wp-content\/uploads\/2022\/12\/r025071_610x610.jpg?fit=610%2C610&ssl=1\" \/>\n\t<meta property=\"og:image:width\" content=\"610\" \/>\n\t<meta property=\"og:image:height\" content=\"610\" \/>\n\t<meta property=\"og:image:type\" content=\"image\/jpeg\" \/>\n<meta name=\"twitter:card\" content=\"summary_large_image\" \/>\n<meta name=\"twitter:label1\" content=\"Dur\u00e9e de lecture estim\u00e9e\" \/>\n\t<meta name=\"twitter:data1\" content=\"1 minute\" \/>\n<script type=\"application\/ld+json\" class=\"yoast-schema-graph\">{\"@context\":\"https:\/\/schema.org\",\"@graph\":[{\"@type\":\"WebPage\",\"@id\":\"https:\/\/etanec.fr\/index.php\/produit\/demi-masque-xamilic-757-s-avec-filtre-p3r\/\",\"url\":\"https:\/\/etanec.fr\/index.php\/produit\/demi-masque-xamilic-757-s-avec-filtre-p3r\/\",\"name\":\"Demi-masque XAMILIC 757-S avec filtre P3R - ETANEC\",\"isPartOf\":{\"@id\":\"https:\/\/etanec.fr\/#website\"},\"primaryImageOfPage\":{\"@id\":\"https:\/\/etanec.fr\/index.php\/produit\/demi-masque-xamilic-757-s-avec-filtre-p3r\/#primaryimage\"},\"image\":{\"@id\":\"https:\/\/etanec.fr\/index.php\/produit\/demi-masque-xamilic-757-s-avec-filtre-p3r\/#primaryimage\"},\"thumbnailUrl\":\"https:\/\/i0.wp.com\/etanec.fr\/wp-content\/uploads\/2022\/12\/r025071_610x610.jpg?fit=610%2C610\",\"datePublished\":\"2022-12-08T13:49:09+00:00\",\"dateModified\":\"2023-05-15T09:38:14+00:00\",\"breadcrumb\":{\"@id\":\"https:\/\/etanec.fr\/index.php\/produit\/demi-masque-xamilic-757-s-avec-filtre-p3r\/#breadcrumb\"},\"inLanguage\":\"fr-FR\",\"potentialAction\":[{\"@type\":\"ReadAction\",\"target\":[\"https:\/\/etanec.fr\/index.php\/produit\/demi-masque-xamilic-757-s-avec-filtre-p3r\/\"]}]},{\"@type\":\"ImageObject\",\"inLanguage\":\"fr-FR\",\"@id\":\"https:\/\/etanec.fr\/index.php\/produit\/demi-masque-xamilic-757-s-avec-filtre-p3r\/#primaryimage\",\"url\":\"https:\/\/i0.wp.com\/etanec.fr\/wp-content\/uploads\/2022\/12\/r025071_610x610.jpg?fit=610%2C610\",\"contentUrl\":\"https:\/\/i0.wp.com\/etanec.fr\/wp-content\/uploads\/2022\/12\/r025071_610x610.jpg?fit=610%2C610\",\"width\":610,\"height\":610},{\"@type\":\"BreadcrumbList\",\"@id\":\"https:\/\/etanec.fr\/index.php\/produit\/demi-masque-xamilic-757-s-avec-filtre-p3r\/#breadcrumb\",\"itemListElement\":[{\"@type\":\"ListItem\",\"position\":1,\"name\":\"Accueil\",\"item\":\"https:\/\/etanec.fr\/\"},{\"@type\":\"ListItem\",\"position\":2,\"name\":\"Gamme de produits\",\"item\":\"https:\/\/etanec.fr\/index.php\/boutique\/\"},{\"@type\":\"ListItem\",\"position\":3,\"name\":\"Demi-masque XAMILIC 757-S avec filtre P3R\"}]},{\"@type\":\"WebSite\",\"@id\":\"https:\/\/etanec.fr\/#website\",\"url\":\"https:\/\/etanec.fr\/\",\"name\":\"etanec.fr\",\"description\":\"Votre Solution en Outillage &amp; Fixation Enveloppe du batiment\",\"publisher\":{\"@id\":\"https:\/\/etanec.fr\/#organization\"},\"potentialAction\":[{\"@type\":\"SearchAction\",\"target\":{\"@type\":\"EntryPoint\",\"urlTemplate\":\"https:\/\/etanec.fr\/?s={search_term_string}\"},\"query-input\":{\"@type\":\"PropertyValueSpecification\",\"valueRequired\":true,\"valueName\":\"search_term_string\"}}],\"inLanguage\":\"fr-FR\"},{\"@type\":\"Organization\",\"@id\":\"https:\/\/etanec.fr\/#organization\",\"name\":\"etanec.fr\",\"url\":\"https:\/\/etanec.fr\/\",\"logo\":{\"@type\":\"ImageObject\",\"inLanguage\":\"fr-FR\",\"@id\":\"https:\/\/etanec.fr\/#\/schema\/logo\/image\/\",\"url\":\"https:\/\/i0.wp.com\/etanec.fr\/wp-content\/uploads\/2017\/11\/cropped-cropped-cropped-ETANEC-LOGO-2017-RVBTRANSP-HD-e1509965316759.png?fit=350%2C75\",\"contentUrl\":\"https:\/\/i0.wp.com\/etanec.fr\/wp-content\/uploads\/2017\/11\/cropped-cropped-cropped-ETANEC-LOGO-2017-RVBTRANSP-HD-e1509965316759.png?fit=350%2C75\",\"width\":350,\"height\":75,\"caption\":\"etanec.fr\"},\"image\":{\"@id\":\"https:\/\/etanec.fr\/#\/schema\/logo\/image\/\"},\"sameAs\":[\"https:\/\/www.linkedin.com\/company\/etanecgroup\/?viewAsMember=true\"]}]}<\/script>\n<!-- \/ Yoast SEO plugin. -->","yoast_head_json":{"title":"Demi-masque XAMILIC 757-S avec filtre P3R - ETANEC","robots":{"index":"index","follow":"follow","max-snippet":"max-snippet:-1","max-image-preview":"max-image-preview:large","max-video-preview":"max-video-preview:-1"},"canonical":"https:\/\/etanec.fr\/index.php\/produit\/demi-masque-xamilic-757-s-avec-filtre-p3r\/","og_locale":"fr_FR","og_type":"article","og_title":"Demi-masque XAMILIC 757-S avec filtre P3R - ETANEC","og_description":"Demi masque fabriqu\u00e9 en silicone, tr\u00e8s confortable Fixations des filtres \u00e0 l'aide d'une baillonette Muni d'un harnais de soutien avec bandeau de nuque r\u00e9glable R\u00e9sistance faible \u00e0 la respiration gr\u00e2ce \u00e0 la pr\u00e9sence de deux filtres P3(particules fines). Accessoires: Filtres P3(particules fines, sp\u00e9cial amiante...) : Code ERT025073 Filtres chimiques ABEKP3 : Code ERT025076","og_url":"https:\/\/etanec.fr\/index.php\/produit\/demi-masque-xamilic-757-s-avec-filtre-p3r\/","og_site_name":"ETANEC","article_modified_time":"2023-05-15T09:38:14+00:00","og_image":[{"width":610,"height":610,"url":"https:\/\/i0.wp.com\/etanec.fr\/wp-content\/uploads\/2022\/12\/r025071_610x610.jpg?fit=610%2C610&ssl=1","type":"image\/jpeg"}],"twitter_card":"summary_large_image","twitter_misc":{"Dur\u00e9e de lecture estim\u00e9e":"1 minute"},"schema":{"@context":"https:\/\/schema.org","@graph":[{"@type":"WebPage","@id":"https:\/\/etanec.fr\/index.php\/produit\/demi-masque-xamilic-757-s-avec-filtre-p3r\/","url":"https:\/\/etanec.fr\/index.php\/produit\/demi-masque-xamilic-757-s-avec-filtre-p3r\/","name":"Demi-masque XAMILIC 757-S avec filtre P3R - ETANEC","isPartOf":{"@id":"https:\/\/etanec.fr\/#website"},"primaryImageOfPage":{"@id":"https:\/\/etanec.fr\/index.php\/produit\/demi-masque-xamilic-757-s-avec-filtre-p3r\/#primaryimage"},"image":{"@id":"https:\/\/etanec.fr\/index.php\/produit\/demi-masque-xamilic-757-s-avec-filtre-p3r\/#primaryimage"},"thumbnailUrl":"https:\/\/i0.wp.com\/etanec.fr\/wp-content\/uploads\/2022\/12\/r025071_610x610.jpg?fit=610%2C610","datePublished":"2022-12-08T13:49:09+00:00","dateModified":"2023-05-15T09:38:14+00:00","breadcrumb":{"@id":"https:\/\/etanec.fr\/index.php\/produit\/demi-masque-xamilic-757-s-avec-filtre-p3r\/#breadcrumb"},"inLanguage":"fr-FR","potentialAction":[{"@type":"ReadAction","target":["https:\/\/etanec.fr\/index.php\/produit\/demi-masque-xamilic-757-s-avec-filtre-p3r\/"]}]},{"@type":"ImageObject","inLanguage":"fr-FR","@id":"https:\/\/etanec.fr\/index.php\/produit\/demi-masque-xamilic-757-s-avec-filtre-p3r\/#primaryimage","url":"https:\/\/i0.wp.com\/etanec.fr\/wp-content\/uploads\/2022\/12\/r025071_610x610.jpg?fit=610%2C610","contentUrl":"https:\/\/i0.wp.com\/etanec.fr\/wp-content\/uploads\/2022\/12\/r025071_610x610.jpg?fit=610%2C610","width":610,"height":610},{"@type":"BreadcrumbList","@id":"https:\/\/etanec.fr\/index.php\/produit\/demi-masque-xamilic-757-s-avec-filtre-p3r\/#breadcrumb","itemListElement":[{"@type":"ListItem","position":1,"name":"Accueil","item":"https:\/\/etanec.fr\/"},{"@type":"ListItem","position":2,"name":"Gamme de produits","item":"https:\/\/etanec.fr\/index.php\/boutique\/"},{"@type":"ListItem","position":3,"name":"Demi-masque XAMILIC 757-S avec filtre P3R"}]},{"@type":"WebSite","@id":"https:\/\/etanec.fr\/#website","url":"https:\/\/etanec.fr\/","name":"etanec.fr","description":"Votre Solution en Outillage &amp; Fixation Enveloppe du batiment","publisher":{"@id":"https:\/\/etanec.fr\/#organization"},"potentialAction":[{"@type":"SearchAction","target":{"@type":"EntryPoint","urlTemplate":"https:\/\/etanec.fr\/?s={search_term_string}"},"query-input":{"@type":"PropertyValueSpecification","valueRequired":true,"valueName":"search_term_string"}}],"inLanguage":"fr-FR"},{"@type":"Organization","@id":"https:\/\/etanec.fr\/#organization","name":"etanec.fr","url":"https:\/\/etanec.fr\/","logo":{"@type":"ImageObject","inLanguage":"fr-FR","@id":"https:\/\/etanec.fr\/#\/schema\/logo\/image\/","url":"https:\/\/i0.wp.com\/etanec.fr\/wp-content\/uploads\/2017\/11\/cropped-cropped-cropped-ETANEC-LOGO-2017-RVBTRANSP-HD-e1509965316759.png?fit=350%2C75","contentUrl":"https:\/\/i0.wp.com\/etanec.fr\/wp-content\/uploads\/2017\/11\/cropped-cropped-cropped-ETANEC-LOGO-2017-RVBTRANSP-HD-e1509965316759.png?fit=350%2C75","width":350,"height":75,"caption":"etanec.fr"},"image":{"@id":"https:\/\/etanec.fr\/#\/schema\/logo\/image\/"},"sameAs":["https:\/\/www.linkedin.com\/company\/etanecgroup\/?viewAsMember=true"]}]}},"jetpack_publicize_connections":[],"jetpack_sharing_enabled":true,"_links":{"self":[{"href":"http:\/\/etanec.fr\/index.php\/wp-json\/wp\/v2\/product\/3497","targetHints":{"allow":["GET"]}}],"collection":[{"href":"http:\/\/etanec.fr\/index.php\/wp-json\/wp\/v2\/product"}],"about":[{"href":"http:\/\/etanec.fr\/index.php\/wp-json\/wp\/v2\/types\/product"}],"replies":[{"embeddable":true,"href":"http:\/\/etanec.fr\/index.php\/wp-json\/wp\/v2\/comments?post=3497"}],"version-history":[{"count":2,"href":"http:\/\/etanec.fr\/index.php\/wp-json\/wp\/v2\/product\/3497\/revisions"}],"predecessor-version":[{"id":6640,"href":"http:\/\/etanec.fr\/index.php\/wp-json\/wp\/v2\/product\/3497\/revisions\/6640"}],"wp:featuredmedia":[{"embeddable":true,"href":"http:\/\/etanec.fr\/index.php\/wp-json\/wp\/v2\/media\/3498"}],"wp:attachment":[{"href":"http:\/\/etanec.fr\/index.php\/wp-json\/wp\/v2\/media?parent=3497"}],"wp:term":[{"taxonomy":"product_brand","embeddable":true,"href":"http:\/\/etanec.fr\/index.php\/wp-json\/wp\/v2\/product_brand?post=3497"},{"taxonomy":"product_cat","embeddable":true,"href":"http:\/\/etanec.fr\/index.php\/wp-json\/wp\/v2\/product_cat?post=3497"},{"taxonomy":"product_tag","embeddable":true,"href":"http:\/\/etanec.fr\/index.php\/wp-json\/wp\/v2\/product_tag?post=3497"}],"curies":[{"name":"wp","href":"https:\/\/api.w.org\/{rel}","templated":true}]}}