{"id":3509,"date":"2022-12-08T14:49:08","date_gmt":"2022-12-08T13:49:08","guid":{"rendered":"http:\/\/etanec.fr\/?post_type=product&#038;p=3509"},"modified":"2023-05-15T11:25:52","modified_gmt":"2023-05-15T09:25:52","slug":"filtre-757-n-abekp3-xamilic-a-lunite","status":"publish","type":"product","link":"http:\/\/etanec.fr\/index.php\/produit\/filtre-757-n-abekp3-xamilic-a-lunite\/","title":{"rendered":"Filtre 757-N-ABEKP3 XAMILIC \u00e0 l&rsquo;unit\u00e9"},"content":{"rendered":"<p>Filtre ABEKP3 pour les produits chimiques, peintures,\u00a0\u00a0gaz d&rsquo;\u00e9chappement, eaux us\u00e9es&#8230;.Compatible sur demi masque XAMILIC(code ERT025071) et masque XAMILIC(code ERT025074).<br \/>\n<strong>On retrouve sur les filtres le code couleur correspondant aux normes\u00a0<\/strong><\/p>\n<ul>\n<li><strong>A<\/strong>\u00a0<strong>(marron)<\/strong>: contre certains gaz et vapeurs organiques ayant un point d\u2019\u00e9bullition sup\u00e9rieur \u00e0 65\u00b0C*<\/li>\n<li><strong>B (gris)<\/strong>\u00a0: contre certains gaz et vapeurs inorganiques*<\/li>\n<li><strong>E (jaune)<\/strong>\u00a0: contre le dioxyde de soufre et d\u2019autres gaz et vapeurs *<\/li>\n<li><strong>K (vert)<\/strong>\u00a0: contre l\u2019ammoniac et les d\u00e9riv\u00e9s organiques amin\u00e9s*<\/li>\n<li><strong>P (blanc)<\/strong>\u00a0: filtre particules haute capacit\u00e9*<\/li>\n<\/ul>\n<p>*sp\u00e9cifi\u00e9s par le fabricant<\/p>\n","protected":false},"excerpt":{"rendered":"<p>Filtre ABEKP3 pour les produits chimiques, peintures,\u00a0\u00a0gaz d&rsquo;\u00e9chappement, eaux us\u00e9es&#8230;.<\/p>\n<p>Compatible sur demi masque XAMILIC(code ERT025071) et masque XAMILIC(code ERT025074).<\/p>\n<p><strong>On retrouve sur les filtres le code couleur correspondant aux normes\u00a0<\/strong><\/p>\n<ul>\n<li><strong>A<\/strong>\u00a0<strong>(marron)<\/strong>: contre certains gaz et vapeurs organiques ayant un point d\u2019\u00e9bullition sup\u00e9rieur \u00e0 65\u00b0C*<\/li>\n<li><strong>B (gris)<\/strong>\u00a0: contre certains gaz et vapeurs inorganiques*<\/li>\n<li><strong>E (jaune)<\/strong>\u00a0: contre le dioxyde de soufre et d\u2019autres gaz et vapeurs *<\/li>\n<li><strong>K (vert)<\/strong>\u00a0: contre l\u2019ammoniac et les d\u00e9riv\u00e9s organiques amin\u00e9s*<\/li>\n<li><strong>P (blanc)<\/strong>\u00a0: filtre particules haute capacit\u00e9*<\/li>\n<\/ul>\n<p>*sp\u00e9cifi\u00e9s par le fabricant<\/p>\n","protected":false},"featured_media":3510,"comment_status":"open","ping_status":"closed","template":"","meta":{"_monsterinsights_skip_tracking":false,"_monsterinsights_sitenote_active":false,"_monsterinsights_sitenote_note":"","_monsterinsights_sitenote_category":0,"jetpack_publicize_message":"","jetpack_publicize_feature_enabled":true,"jetpack_social_post_already_shared":false,"jetpack_social_options":{"image_generator_settings":{"template":"highway","default_image_id":0,"font":"","enabled":false},"version":2}},"product_brand":[],"product_cat":[40],"product_tag":[],"class_list":{"0":"post-3509","1":"product","2":"type-product","3":"status-publish","6":"product_cat-epi","8":"first","9":"instock","10":"taxable","11":"shipping-taxable","12":"product-type-simple"},"yoast_head":"<!-- This site is optimized with the Yoast SEO plugin v26.6 - https:\/\/yoast.com\/wordpress\/plugins\/seo\/ -->\n<title>Filtre 757-N-ABEKP3 XAMILIC \u00e0 l&#039;unit\u00e9 - ETANEC<\/title>\n<meta name=\"robots\" content=\"index, follow, max-snippet:-1, max-image-preview:large, max-video-preview:-1\" \/>\n<link rel=\"canonical\" href=\"https:\/\/etanec.fr\/index.php\/produit\/filtre-757-n-abekp3-xamilic-a-lunite\/\" \/>\n<meta property=\"og:locale\" content=\"fr_FR\" \/>\n<meta property=\"og:type\" content=\"article\" \/>\n<meta property=\"og:title\" content=\"Filtre 757-N-ABEKP3 XAMILIC \u00e0 l&#039;unit\u00e9 - ETANEC\" \/>\n<meta property=\"og:description\" content=\"Filtre ABEKP3 pour les produits chimiques, peintures,\u00a0\u00a0gaz d&#039;\u00e9chappement, eaux us\u00e9es....  Compatible sur demi masque XAMILIC(code ERT025071) et masque XAMILIC(code ERT025074).  On retrouve sur les filtres le code couleur correspondant aux normes\u00a0   A\u00a0(marron): contre certains gaz et vapeurs organiques ayant un point d\u2019\u00e9bullition sup\u00e9rieur \u00e0 65\u00b0C*  B (gris)\u00a0: contre certains gaz et vapeurs inorganiques*  E (jaune)\u00a0: contre le dioxyde de soufre et d\u2019autres gaz et vapeurs *  K (vert)\u00a0: contre l\u2019ammoniac et les d\u00e9riv\u00e9s organiques amin\u00e9s*  P (blanc)\u00a0: filtre particules haute capacit\u00e9*  *sp\u00e9cifi\u00e9s par le fabricant\" \/>\n<meta property=\"og:url\" content=\"https:\/\/etanec.fr\/index.php\/produit\/filtre-757-n-abekp3-xamilic-a-lunite\/\" \/>\n<meta property=\"og:site_name\" content=\"ETANEC\" \/>\n<meta property=\"article:modified_time\" content=\"2023-05-15T09:25:52+00:00\" \/>\n<meta property=\"og:image\" content=\"https:\/\/i0.wp.com\/etanec.fr\/wp-content\/uploads\/2022\/12\/r025076_610x610.jpg?fit=610%2C610&ssl=1\" \/>\n\t<meta property=\"og:image:width\" content=\"610\" \/>\n\t<meta property=\"og:image:height\" content=\"610\" \/>\n\t<meta property=\"og:image:type\" content=\"image\/jpeg\" \/>\n<meta name=\"twitter:card\" content=\"summary_large_image\" \/>\n<meta name=\"twitter:label1\" content=\"Dur\u00e9e de lecture estim\u00e9e\" \/>\n\t<meta name=\"twitter:data1\" content=\"1 minute\" \/>\n<script type=\"application\/ld+json\" class=\"yoast-schema-graph\">{\"@context\":\"https:\/\/schema.org\",\"@graph\":[{\"@type\":\"WebPage\",\"@id\":\"https:\/\/etanec.fr\/index.php\/produit\/filtre-757-n-abekp3-xamilic-a-lunite\/\",\"url\":\"https:\/\/etanec.fr\/index.php\/produit\/filtre-757-n-abekp3-xamilic-a-lunite\/\",\"name\":\"Filtre 757-N-ABEKP3 XAMILIC \u00e0 l'unit\u00e9 - ETANEC\",\"isPartOf\":{\"@id\":\"https:\/\/etanec.fr\/#website\"},\"primaryImageOfPage\":{\"@id\":\"https:\/\/etanec.fr\/index.php\/produit\/filtre-757-n-abekp3-xamilic-a-lunite\/#primaryimage\"},\"image\":{\"@id\":\"https:\/\/etanec.fr\/index.php\/produit\/filtre-757-n-abekp3-xamilic-a-lunite\/#primaryimage\"},\"thumbnailUrl\":\"https:\/\/i0.wp.com\/etanec.fr\/wp-content\/uploads\/2022\/12\/r025076_610x610.jpg?fit=610%2C610\",\"datePublished\":\"2022-12-08T13:49:08+00:00\",\"dateModified\":\"2023-05-15T09:25:52+00:00\",\"breadcrumb\":{\"@id\":\"https:\/\/etanec.fr\/index.php\/produit\/filtre-757-n-abekp3-xamilic-a-lunite\/#breadcrumb\"},\"inLanguage\":\"fr-FR\",\"potentialAction\":[{\"@type\":\"ReadAction\",\"target\":[\"https:\/\/etanec.fr\/index.php\/produit\/filtre-757-n-abekp3-xamilic-a-lunite\/\"]}]},{\"@type\":\"ImageObject\",\"inLanguage\":\"fr-FR\",\"@id\":\"https:\/\/etanec.fr\/index.php\/produit\/filtre-757-n-abekp3-xamilic-a-lunite\/#primaryimage\",\"url\":\"https:\/\/i0.wp.com\/etanec.fr\/wp-content\/uploads\/2022\/12\/r025076_610x610.jpg?fit=610%2C610\",\"contentUrl\":\"https:\/\/i0.wp.com\/etanec.fr\/wp-content\/uploads\/2022\/12\/r025076_610x610.jpg?fit=610%2C610\",\"width\":610,\"height\":610},{\"@type\":\"BreadcrumbList\",\"@id\":\"https:\/\/etanec.fr\/index.php\/produit\/filtre-757-n-abekp3-xamilic-a-lunite\/#breadcrumb\",\"itemListElement\":[{\"@type\":\"ListItem\",\"position\":1,\"name\":\"Accueil\",\"item\":\"https:\/\/etanec.fr\/\"},{\"@type\":\"ListItem\",\"position\":2,\"name\":\"Gamme de produits\",\"item\":\"https:\/\/etanec.fr\/index.php\/boutique\/\"},{\"@type\":\"ListItem\",\"position\":3,\"name\":\"Filtre 757-N-ABEKP3 XAMILIC \u00e0 l&rsquo;unit\u00e9\"}]},{\"@type\":\"WebSite\",\"@id\":\"https:\/\/etanec.fr\/#website\",\"url\":\"https:\/\/etanec.fr\/\",\"name\":\"etanec.fr\",\"description\":\"Votre Solution en Outillage &amp; Fixation Enveloppe du batiment\",\"publisher\":{\"@id\":\"https:\/\/etanec.fr\/#organization\"},\"potentialAction\":[{\"@type\":\"SearchAction\",\"target\":{\"@type\":\"EntryPoint\",\"urlTemplate\":\"https:\/\/etanec.fr\/?s={search_term_string}\"},\"query-input\":{\"@type\":\"PropertyValueSpecification\",\"valueRequired\":true,\"valueName\":\"search_term_string\"}}],\"inLanguage\":\"fr-FR\"},{\"@type\":\"Organization\",\"@id\":\"https:\/\/etanec.fr\/#organization\",\"name\":\"etanec.fr\",\"url\":\"https:\/\/etanec.fr\/\",\"logo\":{\"@type\":\"ImageObject\",\"inLanguage\":\"fr-FR\",\"@id\":\"https:\/\/etanec.fr\/#\/schema\/logo\/image\/\",\"url\":\"https:\/\/i0.wp.com\/etanec.fr\/wp-content\/uploads\/2017\/11\/cropped-cropped-cropped-ETANEC-LOGO-2017-RVBTRANSP-HD-e1509965316759.png?fit=350%2C75\",\"contentUrl\":\"https:\/\/i0.wp.com\/etanec.fr\/wp-content\/uploads\/2017\/11\/cropped-cropped-cropped-ETANEC-LOGO-2017-RVBTRANSP-HD-e1509965316759.png?fit=350%2C75\",\"width\":350,\"height\":75,\"caption\":\"etanec.fr\"},\"image\":{\"@id\":\"https:\/\/etanec.fr\/#\/schema\/logo\/image\/\"},\"sameAs\":[\"https:\/\/www.linkedin.com\/company\/etanecgroup\/?viewAsMember=true\"]}]}<\/script>\n<!-- \/ Yoast SEO plugin. -->","yoast_head_json":{"title":"Filtre 757-N-ABEKP3 XAMILIC \u00e0 l'unit\u00e9 - ETANEC","robots":{"index":"index","follow":"follow","max-snippet":"max-snippet:-1","max-image-preview":"max-image-preview:large","max-video-preview":"max-video-preview:-1"},"canonical":"https:\/\/etanec.fr\/index.php\/produit\/filtre-757-n-abekp3-xamilic-a-lunite\/","og_locale":"fr_FR","og_type":"article","og_title":"Filtre 757-N-ABEKP3 XAMILIC \u00e0 l'unit\u00e9 - ETANEC","og_description":"Filtre ABEKP3 pour les produits chimiques, peintures,\u00a0\u00a0gaz d'\u00e9chappement, eaux us\u00e9es....  Compatible sur demi masque XAMILIC(code ERT025071) et masque XAMILIC(code ERT025074).  On retrouve sur les filtres le code couleur correspondant aux normes\u00a0   A\u00a0(marron): contre certains gaz et vapeurs organiques ayant un point d\u2019\u00e9bullition sup\u00e9rieur \u00e0 65\u00b0C*  B (gris)\u00a0: contre certains gaz et vapeurs inorganiques*  E (jaune)\u00a0: contre le dioxyde de soufre et d\u2019autres gaz et vapeurs *  K (vert)\u00a0: contre l\u2019ammoniac et les d\u00e9riv\u00e9s organiques amin\u00e9s*  P (blanc)\u00a0: filtre particules haute capacit\u00e9*  *sp\u00e9cifi\u00e9s par le fabricant","og_url":"https:\/\/etanec.fr\/index.php\/produit\/filtre-757-n-abekp3-xamilic-a-lunite\/","og_site_name":"ETANEC","article_modified_time":"2023-05-15T09:25:52+00:00","og_image":[{"width":610,"height":610,"url":"https:\/\/i0.wp.com\/etanec.fr\/wp-content\/uploads\/2022\/12\/r025076_610x610.jpg?fit=610%2C610&ssl=1","type":"image\/jpeg"}],"twitter_card":"summary_large_image","twitter_misc":{"Dur\u00e9e de lecture estim\u00e9e":"1 minute"},"schema":{"@context":"https:\/\/schema.org","@graph":[{"@type":"WebPage","@id":"https:\/\/etanec.fr\/index.php\/produit\/filtre-757-n-abekp3-xamilic-a-lunite\/","url":"https:\/\/etanec.fr\/index.php\/produit\/filtre-757-n-abekp3-xamilic-a-lunite\/","name":"Filtre 757-N-ABEKP3 XAMILIC \u00e0 l'unit\u00e9 - ETANEC","isPartOf":{"@id":"https:\/\/etanec.fr\/#website"},"primaryImageOfPage":{"@id":"https:\/\/etanec.fr\/index.php\/produit\/filtre-757-n-abekp3-xamilic-a-lunite\/#primaryimage"},"image":{"@id":"https:\/\/etanec.fr\/index.php\/produit\/filtre-757-n-abekp3-xamilic-a-lunite\/#primaryimage"},"thumbnailUrl":"https:\/\/i0.wp.com\/etanec.fr\/wp-content\/uploads\/2022\/12\/r025076_610x610.jpg?fit=610%2C610","datePublished":"2022-12-08T13:49:08+00:00","dateModified":"2023-05-15T09:25:52+00:00","breadcrumb":{"@id":"https:\/\/etanec.fr\/index.php\/produit\/filtre-757-n-abekp3-xamilic-a-lunite\/#breadcrumb"},"inLanguage":"fr-FR","potentialAction":[{"@type":"ReadAction","target":["https:\/\/etanec.fr\/index.php\/produit\/filtre-757-n-abekp3-xamilic-a-lunite\/"]}]},{"@type":"ImageObject","inLanguage":"fr-FR","@id":"https:\/\/etanec.fr\/index.php\/produit\/filtre-757-n-abekp3-xamilic-a-lunite\/#primaryimage","url":"https:\/\/i0.wp.com\/etanec.fr\/wp-content\/uploads\/2022\/12\/r025076_610x610.jpg?fit=610%2C610","contentUrl":"https:\/\/i0.wp.com\/etanec.fr\/wp-content\/uploads\/2022\/12\/r025076_610x610.jpg?fit=610%2C610","width":610,"height":610},{"@type":"BreadcrumbList","@id":"https:\/\/etanec.fr\/index.php\/produit\/filtre-757-n-abekp3-xamilic-a-lunite\/#breadcrumb","itemListElement":[{"@type":"ListItem","position":1,"name":"Accueil","item":"https:\/\/etanec.fr\/"},{"@type":"ListItem","position":2,"name":"Gamme de produits","item":"https:\/\/etanec.fr\/index.php\/boutique\/"},{"@type":"ListItem","position":3,"name":"Filtre 757-N-ABEKP3 XAMILIC \u00e0 l&rsquo;unit\u00e9"}]},{"@type":"WebSite","@id":"https:\/\/etanec.fr\/#website","url":"https:\/\/etanec.fr\/","name":"etanec.fr","description":"Votre Solution en Outillage &amp; Fixation Enveloppe du batiment","publisher":{"@id":"https:\/\/etanec.fr\/#organization"},"potentialAction":[{"@type":"SearchAction","target":{"@type":"EntryPoint","urlTemplate":"https:\/\/etanec.fr\/?s={search_term_string}"},"query-input":{"@type":"PropertyValueSpecification","valueRequired":true,"valueName":"search_term_string"}}],"inLanguage":"fr-FR"},{"@type":"Organization","@id":"https:\/\/etanec.fr\/#organization","name":"etanec.fr","url":"https:\/\/etanec.fr\/","logo":{"@type":"ImageObject","inLanguage":"fr-FR","@id":"https:\/\/etanec.fr\/#\/schema\/logo\/image\/","url":"https:\/\/i0.wp.com\/etanec.fr\/wp-content\/uploads\/2017\/11\/cropped-cropped-cropped-ETANEC-LOGO-2017-RVBTRANSP-HD-e1509965316759.png?fit=350%2C75","contentUrl":"https:\/\/i0.wp.com\/etanec.fr\/wp-content\/uploads\/2017\/11\/cropped-cropped-cropped-ETANEC-LOGO-2017-RVBTRANSP-HD-e1509965316759.png?fit=350%2C75","width":350,"height":75,"caption":"etanec.fr"},"image":{"@id":"https:\/\/etanec.fr\/#\/schema\/logo\/image\/"},"sameAs":["https:\/\/www.linkedin.com\/company\/etanecgroup\/?viewAsMember=true"]}]}},"jetpack_publicize_connections":[],"jetpack_sharing_enabled":true,"_links":{"self":[{"href":"http:\/\/etanec.fr\/index.php\/wp-json\/wp\/v2\/product\/3509","targetHints":{"allow":["GET"]}}],"collection":[{"href":"http:\/\/etanec.fr\/index.php\/wp-json\/wp\/v2\/product"}],"about":[{"href":"http:\/\/etanec.fr\/index.php\/wp-json\/wp\/v2\/types\/product"}],"replies":[{"embeddable":true,"href":"http:\/\/etanec.fr\/index.php\/wp-json\/wp\/v2\/comments?post=3509"}],"version-history":[{"count":3,"href":"http:\/\/etanec.fr\/index.php\/wp-json\/wp\/v2\/product\/3509\/revisions"}],"predecessor-version":[{"id":6635,"href":"http:\/\/etanec.fr\/index.php\/wp-json\/wp\/v2\/product\/3509\/revisions\/6635"}],"wp:featuredmedia":[{"embeddable":true,"href":"http:\/\/etanec.fr\/index.php\/wp-json\/wp\/v2\/media\/3510"}],"wp:attachment":[{"href":"http:\/\/etanec.fr\/index.php\/wp-json\/wp\/v2\/media?parent=3509"}],"wp:term":[{"taxonomy":"product_brand","embeddable":true,"href":"http:\/\/etanec.fr\/index.php\/wp-json\/wp\/v2\/product_brand?post=3509"},{"taxonomy":"product_cat","embeddable":true,"href":"http:\/\/etanec.fr\/index.php\/wp-json\/wp\/v2\/product_cat?post=3509"},{"taxonomy":"product_tag","embeddable":true,"href":"http:\/\/etanec.fr\/index.php\/wp-json\/wp\/v2\/product_tag?post=3509"}],"curies":[{"name":"wp","href":"https:\/\/api.w.org\/{rel}","templated":true}]}}