{"id":3564,"date":"2023-06-01T11:04:29","date_gmt":"2023-06-01T09:04:29","guid":{"rendered":"http:\/\/etanec.fr\/?post_type=product&#038;p=3564"},"modified":"2023-06-01T11:04:30","modified_gmt":"2023-06-01T09:04:30","slug":"gants-red-latex-flexgrip","status":"publish","type":"product","link":"http:\/\/etanec.fr\/index.php\/produit\/gants-red-latex-flexgrip\/","title":{"rendered":"Gants Red latex FLEXGRIP"},"content":{"rendered":"<section id=\"sectionDescription\" class=\"sectionBlock sectionDescription customCollapse open\">\n<div class=\"customCollapseContent\">\n<div class=\"sectionBlockContent\">\n<div class=\"row\">\n<div class=\"col-lg-6\">\n<div class=\"wrapDescKit\">\n<p>Le gant latex Flexgrip a \u00e9t\u00e9 con\u00e7u \u00e0 l&rsquo;aide d&rsquo;une doublure en tricot sans couture, avec une paume enduit latex imperm\u00e9able. Il favorise un haut niveau de confort, de flexibilit\u00e9 et de douceur. Le design ergonomique imite la courbure naturelle des mains r\u00e9duisant la fatigue des mains. Le dos a\u00e9r\u00e9 et respirant aide \u00e0 r\u00e9duire la transpiration. Conditionnement : \u00e0 l&rsquo;unit\u00e9 ou par 10,<br \/>\nN388 : protection contre les risques m\u00e9caniques : 2\/1\/2\/1,<br \/>\nNormes: EN420, EN388, AS\/NZS 2161 2,AS\/NZS 2161 3.<\/p>\n<p>Taille : 8\/9\/10\/11<\/p>\n<\/div>\n<\/div>\n<\/div>\n<\/div>\n<\/div>\n<\/section>\n","protected":false},"excerpt":{"rendered":"<section id=\"sectionDescription\" class=\"sectionBlock sectionDescription customCollapse open\">\n<div class=\"customCollapseContent\">\n<div class=\"sectionBlockContent\">\n<div class=\"row\">\n<div class=\"col-lg-6\">\n<div class=\"wrapDescKit\">\n<p>Le gant latex Flexgrip a \u00e9t\u00e9 con\u00e7u \u00e0 l&rsquo;aide d&rsquo;une doublure en tricot sans couture, avec une paume enduit latex imperm\u00e9able<\/p>\n<p>Il favorise un haut niveau de confort, de flexibilit\u00e9 et de douceur<\/p>\n<p>Le design ergonomique imite la courbure naturelle des mains r\u00e9duisant la fatigue des mains<\/p>\n<p>Le dos a\u00e9r\u00e9 et respirant aide \u00e0 r\u00e9duire la transpiration<\/p>\n<p>Conditionnement : \u00e0 l&rsquo;unit\u00e9 ou par 10<\/p>\n<p>Taille : 8\/9\/10\/11<\/p>\n<p>N388 : protection contre les risques m\u00e9caniques : 2\/1\/2\/1<\/p>\n<p>Normes: EN420, EN388, AS\/NZS 2161 2,AS\/NZS 2161 3<\/p>\n<\/div>\n<\/div>\n<\/div>\n<\/div>\n<\/div>\n<\/section>\n","protected":false},"featured_media":3566,"comment_status":"open","ping_status":"closed","template":"","meta":{"_monsterinsights_skip_tracking":false,"_monsterinsights_sitenote_active":false,"_monsterinsights_sitenote_note":"","_monsterinsights_sitenote_category":0,"jetpack_publicize_message":"","jetpack_publicize_feature_enabled":true,"jetpack_social_post_already_shared":false,"jetpack_social_options":{"image_generator_settings":{"template":"highway","default_image_id":0,"font":"","enabled":false},"version":2}},"product_brand":[],"product_cat":[40],"product_tag":[],"class_list":{"0":"post-3564","1":"product","2":"type-product","3":"status-publish","6":"product_cat-epi","8":"first","9":"instock","10":"taxable","11":"shipping-taxable","12":"product-type-simple"},"yoast_head":"<!-- This site is optimized with the Yoast SEO plugin v26.6 - https:\/\/yoast.com\/wordpress\/plugins\/seo\/ -->\n<title>Gants Red latex FLEXGRIP - ETANEC<\/title>\n<meta name=\"robots\" content=\"index, follow, max-snippet:-1, max-image-preview:large, max-video-preview:-1\" \/>\n<link rel=\"canonical\" href=\"https:\/\/etanec.fr\/index.php\/produit\/gants-red-latex-flexgrip\/\" \/>\n<meta property=\"og:locale\" content=\"fr_FR\" \/>\n<meta property=\"og:type\" content=\"article\" \/>\n<meta property=\"og:title\" content=\"Gants Red latex FLEXGRIP - ETANEC\" \/>\n<meta property=\"og:description\" content=\"Le gant latex Flexgrip a \u00e9t\u00e9 con\u00e7u \u00e0 l&#039;aide d&#039;une doublure en tricot sans couture, avec une paume enduit latex imperm\u00e9able  Il favorise un haut niveau de confort, de flexibilit\u00e9 et de douceur  Le design ergonomique imite la courbure naturelle des mains r\u00e9duisant la fatigue des mains  Le dos a\u00e9r\u00e9 et respirant aide \u00e0 r\u00e9duire la transpiration  Conditionnement : \u00e0 l&#039;unit\u00e9 ou par 10  Taille : 8\/9\/10\/11  N388 : protection contre les risques m\u00e9caniques : 2\/1\/2\/1  Normes: EN420, EN388, AS\/NZS 2161 2,AS\/NZS 2161 3\" \/>\n<meta property=\"og:url\" content=\"https:\/\/etanec.fr\/index.php\/produit\/gants-red-latex-flexgrip\/\" \/>\n<meta property=\"og:site_name\" content=\"ETANEC\" \/>\n<meta property=\"article:modified_time\" content=\"2023-06-01T09:04:30+00:00\" \/>\n<meta property=\"og:image\" content=\"https:\/\/i0.wp.com\/etanec.fr\/wp-content\/uploads\/2022\/12\/1206_610x610.jpg?fit=610%2C610&ssl=1\" \/>\n\t<meta property=\"og:image:width\" content=\"610\" \/>\n\t<meta property=\"og:image:height\" content=\"610\" \/>\n\t<meta property=\"og:image:type\" content=\"image\/jpeg\" \/>\n<meta name=\"twitter:card\" content=\"summary_large_image\" \/>\n<meta name=\"twitter:label1\" content=\"Dur\u00e9e de lecture estim\u00e9e\" \/>\n\t<meta name=\"twitter:data1\" content=\"1 minute\" \/>\n<script type=\"application\/ld+json\" class=\"yoast-schema-graph\">{\"@context\":\"https:\/\/schema.org\",\"@graph\":[{\"@type\":\"WebPage\",\"@id\":\"https:\/\/etanec.fr\/index.php\/produit\/gants-red-latex-flexgrip\/\",\"url\":\"https:\/\/etanec.fr\/index.php\/produit\/gants-red-latex-flexgrip\/\",\"name\":\"Gants Red latex FLEXGRIP - ETANEC\",\"isPartOf\":{\"@id\":\"https:\/\/etanec.fr\/#website\"},\"primaryImageOfPage\":{\"@id\":\"https:\/\/etanec.fr\/index.php\/produit\/gants-red-latex-flexgrip\/#primaryimage\"},\"image\":{\"@id\":\"https:\/\/etanec.fr\/index.php\/produit\/gants-red-latex-flexgrip\/#primaryimage\"},\"thumbnailUrl\":\"https:\/\/i0.wp.com\/etanec.fr\/wp-content\/uploads\/2022\/12\/1206_610x610.jpg?fit=610%2C610\",\"datePublished\":\"2023-06-01T09:04:29+00:00\",\"dateModified\":\"2023-06-01T09:04:30+00:00\",\"breadcrumb\":{\"@id\":\"https:\/\/etanec.fr\/index.php\/produit\/gants-red-latex-flexgrip\/#breadcrumb\"},\"inLanguage\":\"fr-FR\",\"potentialAction\":[{\"@type\":\"ReadAction\",\"target\":[\"https:\/\/etanec.fr\/index.php\/produit\/gants-red-latex-flexgrip\/\"]}]},{\"@type\":\"ImageObject\",\"inLanguage\":\"fr-FR\",\"@id\":\"https:\/\/etanec.fr\/index.php\/produit\/gants-red-latex-flexgrip\/#primaryimage\",\"url\":\"https:\/\/i0.wp.com\/etanec.fr\/wp-content\/uploads\/2022\/12\/1206_610x610.jpg?fit=610%2C610\",\"contentUrl\":\"https:\/\/i0.wp.com\/etanec.fr\/wp-content\/uploads\/2022\/12\/1206_610x610.jpg?fit=610%2C610\",\"width\":610,\"height\":610},{\"@type\":\"BreadcrumbList\",\"@id\":\"https:\/\/etanec.fr\/index.php\/produit\/gants-red-latex-flexgrip\/#breadcrumb\",\"itemListElement\":[{\"@type\":\"ListItem\",\"position\":1,\"name\":\"Accueil\",\"item\":\"https:\/\/etanec.fr\/\"},{\"@type\":\"ListItem\",\"position\":2,\"name\":\"Gamme de produits\",\"item\":\"https:\/\/etanec.fr\/index.php\/boutique\/\"},{\"@type\":\"ListItem\",\"position\":3,\"name\":\"Gants Red latex FLEXGRIP\"}]},{\"@type\":\"WebSite\",\"@id\":\"https:\/\/etanec.fr\/#website\",\"url\":\"https:\/\/etanec.fr\/\",\"name\":\"etanec.fr\",\"description\":\"Votre Solution en Outillage &amp; Fixation Enveloppe du batiment\",\"publisher\":{\"@id\":\"https:\/\/etanec.fr\/#organization\"},\"potentialAction\":[{\"@type\":\"SearchAction\",\"target\":{\"@type\":\"EntryPoint\",\"urlTemplate\":\"https:\/\/etanec.fr\/?s={search_term_string}\"},\"query-input\":{\"@type\":\"PropertyValueSpecification\",\"valueRequired\":true,\"valueName\":\"search_term_string\"}}],\"inLanguage\":\"fr-FR\"},{\"@type\":\"Organization\",\"@id\":\"https:\/\/etanec.fr\/#organization\",\"name\":\"etanec.fr\",\"url\":\"https:\/\/etanec.fr\/\",\"logo\":{\"@type\":\"ImageObject\",\"inLanguage\":\"fr-FR\",\"@id\":\"https:\/\/etanec.fr\/#\/schema\/logo\/image\/\",\"url\":\"https:\/\/i0.wp.com\/etanec.fr\/wp-content\/uploads\/2017\/11\/cropped-cropped-cropped-ETANEC-LOGO-2017-RVBTRANSP-HD-e1509965316759.png?fit=350%2C75\",\"contentUrl\":\"https:\/\/i0.wp.com\/etanec.fr\/wp-content\/uploads\/2017\/11\/cropped-cropped-cropped-ETANEC-LOGO-2017-RVBTRANSP-HD-e1509965316759.png?fit=350%2C75\",\"width\":350,\"height\":75,\"caption\":\"etanec.fr\"},\"image\":{\"@id\":\"https:\/\/etanec.fr\/#\/schema\/logo\/image\/\"},\"sameAs\":[\"https:\/\/www.linkedin.com\/company\/etanecgroup\/?viewAsMember=true\"]}]}<\/script>\n<!-- \/ Yoast SEO plugin. -->","yoast_head_json":{"title":"Gants Red latex FLEXGRIP - ETANEC","robots":{"index":"index","follow":"follow","max-snippet":"max-snippet:-1","max-image-preview":"max-image-preview:large","max-video-preview":"max-video-preview:-1"},"canonical":"https:\/\/etanec.fr\/index.php\/produit\/gants-red-latex-flexgrip\/","og_locale":"fr_FR","og_type":"article","og_title":"Gants Red latex FLEXGRIP - ETANEC","og_description":"Le gant latex Flexgrip a \u00e9t\u00e9 con\u00e7u \u00e0 l'aide d'une doublure en tricot sans couture, avec une paume enduit latex imperm\u00e9able  Il favorise un haut niveau de confort, de flexibilit\u00e9 et de douceur  Le design ergonomique imite la courbure naturelle des mains r\u00e9duisant la fatigue des mains  Le dos a\u00e9r\u00e9 et respirant aide \u00e0 r\u00e9duire la transpiration  Conditionnement : \u00e0 l'unit\u00e9 ou par 10  Taille : 8\/9\/10\/11  N388 : protection contre les risques m\u00e9caniques : 2\/1\/2\/1  Normes: EN420, EN388, AS\/NZS 2161 2,AS\/NZS 2161 3","og_url":"https:\/\/etanec.fr\/index.php\/produit\/gants-red-latex-flexgrip\/","og_site_name":"ETANEC","article_modified_time":"2023-06-01T09:04:30+00:00","og_image":[{"width":610,"height":610,"url":"https:\/\/i0.wp.com\/etanec.fr\/wp-content\/uploads\/2022\/12\/1206_610x610.jpg?fit=610%2C610&ssl=1","type":"image\/jpeg"}],"twitter_card":"summary_large_image","twitter_misc":{"Dur\u00e9e de lecture estim\u00e9e":"1 minute"},"schema":{"@context":"https:\/\/schema.org","@graph":[{"@type":"WebPage","@id":"https:\/\/etanec.fr\/index.php\/produit\/gants-red-latex-flexgrip\/","url":"https:\/\/etanec.fr\/index.php\/produit\/gants-red-latex-flexgrip\/","name":"Gants Red latex FLEXGRIP - ETANEC","isPartOf":{"@id":"https:\/\/etanec.fr\/#website"},"primaryImageOfPage":{"@id":"https:\/\/etanec.fr\/index.php\/produit\/gants-red-latex-flexgrip\/#primaryimage"},"image":{"@id":"https:\/\/etanec.fr\/index.php\/produit\/gants-red-latex-flexgrip\/#primaryimage"},"thumbnailUrl":"https:\/\/i0.wp.com\/etanec.fr\/wp-content\/uploads\/2022\/12\/1206_610x610.jpg?fit=610%2C610","datePublished":"2023-06-01T09:04:29+00:00","dateModified":"2023-06-01T09:04:30+00:00","breadcrumb":{"@id":"https:\/\/etanec.fr\/index.php\/produit\/gants-red-latex-flexgrip\/#breadcrumb"},"inLanguage":"fr-FR","potentialAction":[{"@type":"ReadAction","target":["https:\/\/etanec.fr\/index.php\/produit\/gants-red-latex-flexgrip\/"]}]},{"@type":"ImageObject","inLanguage":"fr-FR","@id":"https:\/\/etanec.fr\/index.php\/produit\/gants-red-latex-flexgrip\/#primaryimage","url":"https:\/\/i0.wp.com\/etanec.fr\/wp-content\/uploads\/2022\/12\/1206_610x610.jpg?fit=610%2C610","contentUrl":"https:\/\/i0.wp.com\/etanec.fr\/wp-content\/uploads\/2022\/12\/1206_610x610.jpg?fit=610%2C610","width":610,"height":610},{"@type":"BreadcrumbList","@id":"https:\/\/etanec.fr\/index.php\/produit\/gants-red-latex-flexgrip\/#breadcrumb","itemListElement":[{"@type":"ListItem","position":1,"name":"Accueil","item":"https:\/\/etanec.fr\/"},{"@type":"ListItem","position":2,"name":"Gamme de produits","item":"https:\/\/etanec.fr\/index.php\/boutique\/"},{"@type":"ListItem","position":3,"name":"Gants Red latex FLEXGRIP"}]},{"@type":"WebSite","@id":"https:\/\/etanec.fr\/#website","url":"https:\/\/etanec.fr\/","name":"etanec.fr","description":"Votre Solution en Outillage &amp; Fixation Enveloppe du batiment","publisher":{"@id":"https:\/\/etanec.fr\/#organization"},"potentialAction":[{"@type":"SearchAction","target":{"@type":"EntryPoint","urlTemplate":"https:\/\/etanec.fr\/?s={search_term_string}"},"query-input":{"@type":"PropertyValueSpecification","valueRequired":true,"valueName":"search_term_string"}}],"inLanguage":"fr-FR"},{"@type":"Organization","@id":"https:\/\/etanec.fr\/#organization","name":"etanec.fr","url":"https:\/\/etanec.fr\/","logo":{"@type":"ImageObject","inLanguage":"fr-FR","@id":"https:\/\/etanec.fr\/#\/schema\/logo\/image\/","url":"https:\/\/i0.wp.com\/etanec.fr\/wp-content\/uploads\/2017\/11\/cropped-cropped-cropped-ETANEC-LOGO-2017-RVBTRANSP-HD-e1509965316759.png?fit=350%2C75","contentUrl":"https:\/\/i0.wp.com\/etanec.fr\/wp-content\/uploads\/2017\/11\/cropped-cropped-cropped-ETANEC-LOGO-2017-RVBTRANSP-HD-e1509965316759.png?fit=350%2C75","width":350,"height":75,"caption":"etanec.fr"},"image":{"@id":"https:\/\/etanec.fr\/#\/schema\/logo\/image\/"},"sameAs":["https:\/\/www.linkedin.com\/company\/etanecgroup\/?viewAsMember=true"]}]}},"jetpack_publicize_connections":[],"jetpack_sharing_enabled":true,"_links":{"self":[{"href":"http:\/\/etanec.fr\/index.php\/wp-json\/wp\/v2\/product\/3564","targetHints":{"allow":["GET"]}}],"collection":[{"href":"http:\/\/etanec.fr\/index.php\/wp-json\/wp\/v2\/product"}],"about":[{"href":"http:\/\/etanec.fr\/index.php\/wp-json\/wp\/v2\/types\/product"}],"replies":[{"embeddable":true,"href":"http:\/\/etanec.fr\/index.php\/wp-json\/wp\/v2\/comments?post=3564"}],"version-history":[{"count":3,"href":"http:\/\/etanec.fr\/index.php\/wp-json\/wp\/v2\/product\/3564\/revisions"}],"predecessor-version":[{"id":6678,"href":"http:\/\/etanec.fr\/index.php\/wp-json\/wp\/v2\/product\/3564\/revisions\/6678"}],"wp:featuredmedia":[{"embeddable":true,"href":"http:\/\/etanec.fr\/index.php\/wp-json\/wp\/v2\/media\/3566"}],"wp:attachment":[{"href":"http:\/\/etanec.fr\/index.php\/wp-json\/wp\/v2\/media?parent=3564"}],"wp:term":[{"taxonomy":"product_brand","embeddable":true,"href":"http:\/\/etanec.fr\/index.php\/wp-json\/wp\/v2\/product_brand?post=3564"},{"taxonomy":"product_cat","embeddable":true,"href":"http:\/\/etanec.fr\/index.php\/wp-json\/wp\/v2\/product_cat?post=3564"},{"taxonomy":"product_tag","embeddable":true,"href":"http:\/\/etanec.fr\/index.php\/wp-json\/wp\/v2\/product_tag?post=3564"}],"curies":[{"name":"wp","href":"https:\/\/api.w.org\/{rel}","templated":true}]}}