{"id":3705,"date":"2023-06-15T12:04:31","date_gmt":"2023-06-15T10:04:31","guid":{"rendered":"http:\/\/etanec.fr\/?post_type=product&#038;p=3705"},"modified":"2023-06-15T12:04:32","modified_gmt":"2023-06-15T10:04:32","slug":"tripod-portatif-imax-ht-de-travail-2-40m","status":"publish","type":"product","link":"http:\/\/etanec.fr\/index.php\/produit\/tripod-portatif-imax-ht-de-travail-2-40m\/","title":{"rendered":"Tripod portatif IMAX HT. de travail 2.40m"},"content":{"rendered":"<p>Tr\u00e9pied de s\u00e9curit\u00e9 permettant l&rsquo;acc\u00e8s dans les espaces confin\u00e9s. Charge maximale admissible : 200KG, Hauteur : de 1,15 \u00e0 2,15m \/ Diam\u00e8tre : 1,5m, T\u00eate moul\u00e9e en alliage aluminium, pieds en aluminium. Pieds \u00e9quip\u00e9s de semelles acier articul\u00e9es avec patins caoutchouc pour augmenter l&rsquo;adh\u00e9rence et la stabilit\u00e9. T\u00eate du tr\u00e9pied \u00e9quip\u00e9e de : &#8211; 2 poulies en prolongation du pied principal pour le passage d&rsquo;un c\u00e2ble, &#8211; 2 anneaux d&rsquo;ancrage (\u00d8 29 mm), Equip\u00e9 d&rsquo;une platine permettant de fixer le treuil, et d&rsquo;un sac de transport. R\u00e9sistance des points d&rsquo;ancrage sup\u00e9rieure \u00e0 10kN.\u00a0 Conforme \u00e0 la norme EN 795<\/p>\n","protected":false},"excerpt":{"rendered":"<p>Tr\u00e9pied de s\u00e9curit\u00e9 permettant l&rsquo;acc\u00e8s dans les espaces confin\u00e9s.<br \/>\nCharge maximale admissible : 200KG<br \/>\nT\u00eate moul\u00e9e en alliage aluminium, pieds en aluminium.<br \/>\nPieds \u00e9quip\u00e9s de semelles acier articul\u00e9es avec patins caoutchouc pour augmenter l&rsquo;adh\u00e9rence et la stabilit\u00e9.<br \/>\nT\u00eate du tr\u00e9pied \u00e9quip\u00e9e de :<br \/>\n&#8211; 2 poulies en prolongation du pied principal pour le passage d&rsquo;un c\u00e2ble<br \/>\n&#8211; 2 anneaux d&rsquo;ancrage (\u00d8 29 mm)<br \/>\nEquip\u00e9 d&rsquo;une platine permettant de fixer le treuil, et d&rsquo;un sac de transport.<br \/>\nR\u00e9sistance des points d&rsquo;ancrage sup\u00e9rieure \u00e0 10kN.<br \/>\nConforme \u00e0 la norme EN 795<\/p>\n","protected":false},"featured_media":3706,"comment_status":"open","ping_status":"closed","template":"","meta":{"_monsterinsights_skip_tracking":false,"_monsterinsights_sitenote_active":false,"_monsterinsights_sitenote_note":"","_monsterinsights_sitenote_category":0,"jetpack_publicize_message":"","jetpack_publicize_feature_enabled":true,"jetpack_social_post_already_shared":false,"jetpack_social_options":{"image_generator_settings":{"template":"highway","default_image_id":0,"font":"","enabled":false},"version":2}},"product_brand":[],"product_cat":[40],"product_tag":[],"class_list":{"0":"post-3705","1":"product","2":"type-product","3":"status-publish","6":"product_cat-epi","8":"first","9":"instock","10":"taxable","11":"shipping-taxable","12":"product-type-simple"},"yoast_head":"<!-- This site is optimized with the Yoast SEO plugin v26.6 - https:\/\/yoast.com\/wordpress\/plugins\/seo\/ -->\n<title>Tripod portatif IMAX HT. de travail 2.40m - ETANEC<\/title>\n<meta name=\"robots\" content=\"index, follow, max-snippet:-1, max-image-preview:large, max-video-preview:-1\" \/>\n<link rel=\"canonical\" href=\"http:\/\/etanec.fr\/index.php\/produit\/tripod-portatif-imax-ht-de-travail-2-40m\/\" \/>\n<meta property=\"og:locale\" content=\"fr_FR\" \/>\n<meta property=\"og:type\" content=\"article\" \/>\n<meta property=\"og:title\" content=\"Tripod portatif IMAX HT. de travail 2.40m - ETANEC\" \/>\n<meta property=\"og:description\" content=\"Tr\u00e9pied de s\u00e9curit\u00e9 permettant l&#039;acc\u00e8s dans les espaces confin\u00e9s. Charge maximale admissible : 200KG T\u00eate moul\u00e9e en alliage aluminium, pieds en aluminium. Pieds \u00e9quip\u00e9s de semelles acier articul\u00e9es avec patins caoutchouc pour augmenter l&#039;adh\u00e9rence et la stabilit\u00e9. T\u00eate du tr\u00e9pied \u00e9quip\u00e9e de : - 2 poulies en prolongation du pied principal pour le passage d&#039;un c\u00e2ble - 2 anneaux d&#039;ancrage (\u00d8 29 mm) Equip\u00e9 d&#039;une platine permettant de fixer le treuil, et d&#039;un sac de transport. R\u00e9sistance des points d&#039;ancrage sup\u00e9rieure \u00e0 10kN. Conforme \u00e0 la norme EN 795\" \/>\n<meta property=\"og:url\" content=\"http:\/\/etanec.fr\/index.php\/produit\/tripod-portatif-imax-ht-de-travail-2-40m\/\" \/>\n<meta property=\"og:site_name\" content=\"ETANEC\" \/>\n<meta property=\"article:modified_time\" content=\"2023-06-15T10:04:32+00:00\" \/>\n<meta property=\"og:image\" content=\"https:\/\/i0.wp.com\/etanec.fr\/wp-content\/uploads\/2022\/12\/r301151_610x610.jpg?fit=610%2C610\" \/>\n\t<meta property=\"og:image:width\" content=\"610\" \/>\n\t<meta property=\"og:image:height\" content=\"610\" \/>\n\t<meta property=\"og:image:type\" content=\"image\/jpeg\" \/>\n<meta name=\"twitter:card\" content=\"summary_large_image\" \/>\n<meta name=\"twitter:label1\" content=\"Dur\u00e9e de lecture estim\u00e9e\" \/>\n\t<meta name=\"twitter:data1\" content=\"1 minute\" \/>\n<script type=\"application\/ld+json\" class=\"yoast-schema-graph\">{\"@context\":\"https:\/\/schema.org\",\"@graph\":[{\"@type\":\"WebPage\",\"@id\":\"http:\/\/etanec.fr\/index.php\/produit\/tripod-portatif-imax-ht-de-travail-2-40m\/\",\"url\":\"http:\/\/etanec.fr\/index.php\/produit\/tripod-portatif-imax-ht-de-travail-2-40m\/\",\"name\":\"Tripod portatif IMAX HT. de travail 2.40m - ETANEC\",\"isPartOf\":{\"@id\":\"http:\/\/etanec.fr\/#website\"},\"primaryImageOfPage\":{\"@id\":\"http:\/\/etanec.fr\/index.php\/produit\/tripod-portatif-imax-ht-de-travail-2-40m\/#primaryimage\"},\"image\":{\"@id\":\"http:\/\/etanec.fr\/index.php\/produit\/tripod-portatif-imax-ht-de-travail-2-40m\/#primaryimage\"},\"thumbnailUrl\":\"https:\/\/i0.wp.com\/etanec.fr\/wp-content\/uploads\/2022\/12\/r301151_610x610.jpg?fit=610%2C610\",\"datePublished\":\"2023-06-15T10:04:31+00:00\",\"dateModified\":\"2023-06-15T10:04:32+00:00\",\"breadcrumb\":{\"@id\":\"http:\/\/etanec.fr\/index.php\/produit\/tripod-portatif-imax-ht-de-travail-2-40m\/#breadcrumb\"},\"inLanguage\":\"fr-FR\",\"potentialAction\":[{\"@type\":\"ReadAction\",\"target\":[\"http:\/\/etanec.fr\/index.php\/produit\/tripod-portatif-imax-ht-de-travail-2-40m\/\"]}]},{\"@type\":\"ImageObject\",\"inLanguage\":\"fr-FR\",\"@id\":\"http:\/\/etanec.fr\/index.php\/produit\/tripod-portatif-imax-ht-de-travail-2-40m\/#primaryimage\",\"url\":\"https:\/\/i0.wp.com\/etanec.fr\/wp-content\/uploads\/2022\/12\/r301151_610x610.jpg?fit=610%2C610\",\"contentUrl\":\"https:\/\/i0.wp.com\/etanec.fr\/wp-content\/uploads\/2022\/12\/r301151_610x610.jpg?fit=610%2C610\",\"width\":610,\"height\":610},{\"@type\":\"BreadcrumbList\",\"@id\":\"http:\/\/etanec.fr\/index.php\/produit\/tripod-portatif-imax-ht-de-travail-2-40m\/#breadcrumb\",\"itemListElement\":[{\"@type\":\"ListItem\",\"position\":1,\"name\":\"Accueil\",\"item\":\"http:\/\/etanec.fr\/\"},{\"@type\":\"ListItem\",\"position\":2,\"name\":\"Gamme de produits\",\"item\":\"http:\/\/etanec.fr\/index.php\/boutique\/\"},{\"@type\":\"ListItem\",\"position\":3,\"name\":\"Tripod portatif IMAX HT. de travail 2.40m\"}]},{\"@type\":\"WebSite\",\"@id\":\"http:\/\/etanec.fr\/#website\",\"url\":\"http:\/\/etanec.fr\/\",\"name\":\"etanec.fr\",\"description\":\"Votre Solution en Outillage &amp; Fixation Enveloppe du batiment\",\"publisher\":{\"@id\":\"http:\/\/etanec.fr\/#organization\"},\"potentialAction\":[{\"@type\":\"SearchAction\",\"target\":{\"@type\":\"EntryPoint\",\"urlTemplate\":\"http:\/\/etanec.fr\/?s={search_term_string}\"},\"query-input\":{\"@type\":\"PropertyValueSpecification\",\"valueRequired\":true,\"valueName\":\"search_term_string\"}}],\"inLanguage\":\"fr-FR\"},{\"@type\":\"Organization\",\"@id\":\"http:\/\/etanec.fr\/#organization\",\"name\":\"etanec.fr\",\"url\":\"http:\/\/etanec.fr\/\",\"logo\":{\"@type\":\"ImageObject\",\"inLanguage\":\"fr-FR\",\"@id\":\"http:\/\/etanec.fr\/#\/schema\/logo\/image\/\",\"url\":\"https:\/\/i0.wp.com\/etanec.fr\/wp-content\/uploads\/2017\/11\/cropped-cropped-cropped-ETANEC-LOGO-2017-RVBTRANSP-HD-e1509965316759.png?fit=350%2C75\",\"contentUrl\":\"https:\/\/i0.wp.com\/etanec.fr\/wp-content\/uploads\/2017\/11\/cropped-cropped-cropped-ETANEC-LOGO-2017-RVBTRANSP-HD-e1509965316759.png?fit=350%2C75\",\"width\":350,\"height\":75,\"caption\":\"etanec.fr\"},\"image\":{\"@id\":\"http:\/\/etanec.fr\/#\/schema\/logo\/image\/\"},\"sameAs\":[\"https:\/\/www.linkedin.com\/company\/etanecgroup\/?viewAsMember=true\"]}]}<\/script>\n<!-- \/ Yoast SEO plugin. -->","yoast_head_json":{"title":"Tripod portatif IMAX HT. de travail 2.40m - ETANEC","robots":{"index":"index","follow":"follow","max-snippet":"max-snippet:-1","max-image-preview":"max-image-preview:large","max-video-preview":"max-video-preview:-1"},"canonical":"http:\/\/etanec.fr\/index.php\/produit\/tripod-portatif-imax-ht-de-travail-2-40m\/","og_locale":"fr_FR","og_type":"article","og_title":"Tripod portatif IMAX HT. de travail 2.40m - ETANEC","og_description":"Tr\u00e9pied de s\u00e9curit\u00e9 permettant l'acc\u00e8s dans les espaces confin\u00e9s. Charge maximale admissible : 200KG T\u00eate moul\u00e9e en alliage aluminium, pieds en aluminium. Pieds \u00e9quip\u00e9s de semelles acier articul\u00e9es avec patins caoutchouc pour augmenter l'adh\u00e9rence et la stabilit\u00e9. T\u00eate du tr\u00e9pied \u00e9quip\u00e9e de : - 2 poulies en prolongation du pied principal pour le passage d'un c\u00e2ble - 2 anneaux d'ancrage (\u00d8 29 mm) Equip\u00e9 d'une platine permettant de fixer le treuil, et d'un sac de transport. R\u00e9sistance des points d'ancrage sup\u00e9rieure \u00e0 10kN. Conforme \u00e0 la norme EN 795","og_url":"http:\/\/etanec.fr\/index.php\/produit\/tripod-portatif-imax-ht-de-travail-2-40m\/","og_site_name":"ETANEC","article_modified_time":"2023-06-15T10:04:32+00:00","og_image":[{"width":610,"height":610,"url":"https:\/\/i0.wp.com\/etanec.fr\/wp-content\/uploads\/2022\/12\/r301151_610x610.jpg?fit=610%2C610","type":"image\/jpeg"}],"twitter_card":"summary_large_image","twitter_misc":{"Dur\u00e9e de lecture estim\u00e9e":"1 minute"},"schema":{"@context":"https:\/\/schema.org","@graph":[{"@type":"WebPage","@id":"http:\/\/etanec.fr\/index.php\/produit\/tripod-portatif-imax-ht-de-travail-2-40m\/","url":"http:\/\/etanec.fr\/index.php\/produit\/tripod-portatif-imax-ht-de-travail-2-40m\/","name":"Tripod portatif IMAX HT. de travail 2.40m - ETANEC","isPartOf":{"@id":"http:\/\/etanec.fr\/#website"},"primaryImageOfPage":{"@id":"http:\/\/etanec.fr\/index.php\/produit\/tripod-portatif-imax-ht-de-travail-2-40m\/#primaryimage"},"image":{"@id":"http:\/\/etanec.fr\/index.php\/produit\/tripod-portatif-imax-ht-de-travail-2-40m\/#primaryimage"},"thumbnailUrl":"https:\/\/i0.wp.com\/etanec.fr\/wp-content\/uploads\/2022\/12\/r301151_610x610.jpg?fit=610%2C610","datePublished":"2023-06-15T10:04:31+00:00","dateModified":"2023-06-15T10:04:32+00:00","breadcrumb":{"@id":"http:\/\/etanec.fr\/index.php\/produit\/tripod-portatif-imax-ht-de-travail-2-40m\/#breadcrumb"},"inLanguage":"fr-FR","potentialAction":[{"@type":"ReadAction","target":["http:\/\/etanec.fr\/index.php\/produit\/tripod-portatif-imax-ht-de-travail-2-40m\/"]}]},{"@type":"ImageObject","inLanguage":"fr-FR","@id":"http:\/\/etanec.fr\/index.php\/produit\/tripod-portatif-imax-ht-de-travail-2-40m\/#primaryimage","url":"https:\/\/i0.wp.com\/etanec.fr\/wp-content\/uploads\/2022\/12\/r301151_610x610.jpg?fit=610%2C610","contentUrl":"https:\/\/i0.wp.com\/etanec.fr\/wp-content\/uploads\/2022\/12\/r301151_610x610.jpg?fit=610%2C610","width":610,"height":610},{"@type":"BreadcrumbList","@id":"http:\/\/etanec.fr\/index.php\/produit\/tripod-portatif-imax-ht-de-travail-2-40m\/#breadcrumb","itemListElement":[{"@type":"ListItem","position":1,"name":"Accueil","item":"http:\/\/etanec.fr\/"},{"@type":"ListItem","position":2,"name":"Gamme de produits","item":"http:\/\/etanec.fr\/index.php\/boutique\/"},{"@type":"ListItem","position":3,"name":"Tripod portatif IMAX HT. de travail 2.40m"}]},{"@type":"WebSite","@id":"http:\/\/etanec.fr\/#website","url":"http:\/\/etanec.fr\/","name":"etanec.fr","description":"Votre Solution en Outillage &amp; Fixation Enveloppe du batiment","publisher":{"@id":"http:\/\/etanec.fr\/#organization"},"potentialAction":[{"@type":"SearchAction","target":{"@type":"EntryPoint","urlTemplate":"http:\/\/etanec.fr\/?s={search_term_string}"},"query-input":{"@type":"PropertyValueSpecification","valueRequired":true,"valueName":"search_term_string"}}],"inLanguage":"fr-FR"},{"@type":"Organization","@id":"http:\/\/etanec.fr\/#organization","name":"etanec.fr","url":"http:\/\/etanec.fr\/","logo":{"@type":"ImageObject","inLanguage":"fr-FR","@id":"http:\/\/etanec.fr\/#\/schema\/logo\/image\/","url":"https:\/\/i0.wp.com\/etanec.fr\/wp-content\/uploads\/2017\/11\/cropped-cropped-cropped-ETANEC-LOGO-2017-RVBTRANSP-HD-e1509965316759.png?fit=350%2C75","contentUrl":"https:\/\/i0.wp.com\/etanec.fr\/wp-content\/uploads\/2017\/11\/cropped-cropped-cropped-ETANEC-LOGO-2017-RVBTRANSP-HD-e1509965316759.png?fit=350%2C75","width":350,"height":75,"caption":"etanec.fr"},"image":{"@id":"http:\/\/etanec.fr\/#\/schema\/logo\/image\/"},"sameAs":["https:\/\/www.linkedin.com\/company\/etanecgroup\/?viewAsMember=true"]}]}},"jetpack_publicize_connections":[],"jetpack_sharing_enabled":true,"_links":{"self":[{"href":"http:\/\/etanec.fr\/index.php\/wp-json\/wp\/v2\/product\/3705","targetHints":{"allow":["GET"]}}],"collection":[{"href":"http:\/\/etanec.fr\/index.php\/wp-json\/wp\/v2\/product"}],"about":[{"href":"http:\/\/etanec.fr\/index.php\/wp-json\/wp\/v2\/types\/product"}],"replies":[{"embeddable":true,"href":"http:\/\/etanec.fr\/index.php\/wp-json\/wp\/v2\/comments?post=3705"}],"version-history":[{"count":2,"href":"http:\/\/etanec.fr\/index.php\/wp-json\/wp\/v2\/product\/3705\/revisions"}],"predecessor-version":[{"id":6729,"href":"http:\/\/etanec.fr\/index.php\/wp-json\/wp\/v2\/product\/3705\/revisions\/6729"}],"wp:featuredmedia":[{"embeddable":true,"href":"http:\/\/etanec.fr\/index.php\/wp-json\/wp\/v2\/media\/3706"}],"wp:attachment":[{"href":"http:\/\/etanec.fr\/index.php\/wp-json\/wp\/v2\/media?parent=3705"}],"wp:term":[{"taxonomy":"product_brand","embeddable":true,"href":"http:\/\/etanec.fr\/index.php\/wp-json\/wp\/v2\/product_brand?post=3705"},{"taxonomy":"product_cat","embeddable":true,"href":"http:\/\/etanec.fr\/index.php\/wp-json\/wp\/v2\/product_cat?post=3705"},{"taxonomy":"product_tag","embeddable":true,"href":"http:\/\/etanec.fr\/index.php\/wp-json\/wp\/v2\/product_tag?post=3705"}],"curies":[{"name":"wp","href":"https:\/\/api.w.org\/{rel}","templated":true}]}}