{"id":3714,"date":"2023-06-15T13:42:13","date_gmt":"2023-06-15T11:42:13","guid":{"rendered":"http:\/\/etanec.fr\/?post_type=product&#038;p=3714"},"modified":"2023-06-15T13:42:13","modified_gmt":"2023-06-15T11:42:13","slug":"pantalon-de-pluie-shark-olive","status":"publish","type":"product","link":"http:\/\/etanec.fr\/index.php\/produit\/pantalon-de-pluie-shark-olive\/","title":{"rendered":"Pantalon de pluie SHARK Olive"},"content":{"rendered":"<p>Avec sa mati\u00e8re Flex waterproof et ses coutures \u00e9tanches, ce pantalon de pluie vous prot\u00e8ge parfaitement des intemp\u00e9ries. Ce pantalon de pluie certifi\u00e9 EN 343 r\u00e9pond aux exigences relatives \u00e0 la protection contre la pluie. Il prot\u00e8ge de l\u2019humidit\u00e9 et des \u00e9claboussures. Muni de passe mains, il permet d\u2019acc\u00e9der avec aisance au v\u00eatement de dessous. Il est compatible avec les bretelles r\u00e9f\u00e9rence \u00ab\u00a09220 Bretelles\u00a0\u00bb ce qui lui conf\u00e8re un meilleur maintien, facilitant ainsi les mouvements lors du travail. Confortable, protecteur, ce pantalon de travail \u00e9tanche s\u2019adapte et s\u2019ajuste selon vos besoins. Ce pantalon de pluie convient aux agriculteurs, aux p\u00e9pini\u00e9ristes, au travail en milieu ext\u00e9rieur humide. Couleur: Olive.<\/p>\n<p>Tailles disponibles: S\/M\/L\/XL\/XXL.<\/p>\n<p>Option bretelle : ERT041357<\/p>\n","protected":false},"excerpt":{"rendered":"<p>Avec sa mati\u00e8re Flex waterproof et ses coutures \u00e9tanches, ce pantalon de pluie vous prot\u00e8ge parfaitement des intemp\u00e9ries<\/p>\n<p>Ce pantalon de pluie certifi\u00e9 EN 343 r\u00e9pond aux exigences relatives \u00e0 la protection contre la pluie<\/p>\n<p>Il prot\u00e8ge de l\u2019humidit\u00e9 et des \u00e9claboussures<\/p>\n<p>Muni de passe mains, il permet d\u2019acc\u00e9der avec aisance au v\u00eatement de dessous<\/p>\n<p>Il est compatible avec les bretelles r\u00e9f\u00e9rence \u00ab\u00a09220 Bretelles\u00a0\u00bb ce qui lui conf\u00e8re un meilleur maintien, facilitant ainsi les mouvements lors du travail<\/p>\n<p>Confortable, protecteur, ce pantalon de travail \u00e9tanche s\u2019adapte et s\u2019ajuste selon vos besoins<\/p>\n<p>Ce pantalon de pluie convient aux agriculteurs, aux p\u00e9pini\u00e9ristes, au travail en milieu ext\u00e9rieur humide<\/p>\n<p>Couleur: Olive<\/p>\n<p>Tailles disponibles: S\/M\/L\/XL\/XXL<\/p>\n<p>Option bretelle : ERT041357<\/p>\n","protected":false},"featured_media":3715,"comment_status":"open","ping_status":"closed","template":"","meta":{"_monsterinsights_skip_tracking":false,"_monsterinsights_sitenote_active":false,"_monsterinsights_sitenote_note":"","_monsterinsights_sitenote_category":0,"jetpack_publicize_message":"","jetpack_publicize_feature_enabled":true,"jetpack_social_post_already_shared":false,"jetpack_social_options":{"image_generator_settings":{"template":"highway","default_image_id":0,"font":"","enabled":false},"version":2}},"product_brand":[],"product_cat":[40],"product_tag":[],"class_list":{"0":"post-3714","1":"product","2":"type-product","3":"status-publish","6":"product_cat-epi","8":"first","9":"instock","10":"taxable","11":"shipping-taxable","12":"product-type-simple"},"yoast_head":"<!-- This site is optimized with the Yoast SEO plugin v26.6 - https:\/\/yoast.com\/wordpress\/plugins\/seo\/ -->\n<title>Pantalon de pluie SHARK Olive - ETANEC<\/title>\n<meta name=\"robots\" content=\"index, follow, max-snippet:-1, max-image-preview:large, max-video-preview:-1\" \/>\n<link rel=\"canonical\" href=\"https:\/\/etanec.fr\/index.php\/produit\/pantalon-de-pluie-shark-olive\/\" \/>\n<meta property=\"og:locale\" content=\"fr_FR\" \/>\n<meta property=\"og:type\" content=\"article\" \/>\n<meta property=\"og:title\" content=\"Pantalon de pluie SHARK Olive - ETANEC\" \/>\n<meta property=\"og:description\" content=\"Avec sa mati\u00e8re Flex waterproof et ses coutures \u00e9tanches, ce pantalon de pluie vous prot\u00e8ge parfaitement des intemp\u00e9ries  Ce pantalon de pluie certifi\u00e9 EN 343 r\u00e9pond aux exigences relatives \u00e0 la protection contre la pluie  Il prot\u00e8ge de l\u2019humidit\u00e9 et des \u00e9claboussures  Muni de passe mains, il permet d\u2019acc\u00e9der avec aisance au v\u00eatement de dessous  Il est compatible avec les bretelles r\u00e9f\u00e9rence &quot;9220 Bretelles&quot; ce qui lui conf\u00e8re un meilleur maintien, facilitant ainsi les mouvements lors du travail  Confortable, protecteur, ce pantalon de travail \u00e9tanche s\u2019adapte et s\u2019ajuste selon vos besoins  Ce pantalon de pluie convient aux agriculteurs, aux p\u00e9pini\u00e9ristes, au travail en milieu ext\u00e9rieur humide  Couleur: Olive  Tailles disponibles: S\/M\/L\/XL\/XXL  Option bretelle : ERT041357\" \/>\n<meta property=\"og:url\" content=\"https:\/\/etanec.fr\/index.php\/produit\/pantalon-de-pluie-shark-olive\/\" \/>\n<meta property=\"og:site_name\" content=\"ETANEC\" \/>\n<meta property=\"og:image\" content=\"https:\/\/i0.wp.com\/etanec.fr\/wp-content\/uploads\/2022\/12\/1171_610x610.jpg?fit=610%2C610&ssl=1\" \/>\n\t<meta property=\"og:image:width\" content=\"610\" \/>\n\t<meta property=\"og:image:height\" content=\"610\" \/>\n\t<meta property=\"og:image:type\" content=\"image\/jpeg\" \/>\n<meta name=\"twitter:card\" content=\"summary_large_image\" \/>\n<meta name=\"twitter:label1\" content=\"Dur\u00e9e de lecture estim\u00e9e\" \/>\n\t<meta name=\"twitter:data1\" content=\"1 minute\" \/>\n<script type=\"application\/ld+json\" class=\"yoast-schema-graph\">{\"@context\":\"https:\/\/schema.org\",\"@graph\":[{\"@type\":\"WebPage\",\"@id\":\"https:\/\/etanec.fr\/index.php\/produit\/pantalon-de-pluie-shark-olive\/\",\"url\":\"https:\/\/etanec.fr\/index.php\/produit\/pantalon-de-pluie-shark-olive\/\",\"name\":\"Pantalon de pluie SHARK Olive - ETANEC\",\"isPartOf\":{\"@id\":\"https:\/\/etanec.fr\/#website\"},\"primaryImageOfPage\":{\"@id\":\"https:\/\/etanec.fr\/index.php\/produit\/pantalon-de-pluie-shark-olive\/#primaryimage\"},\"image\":{\"@id\":\"https:\/\/etanec.fr\/index.php\/produit\/pantalon-de-pluie-shark-olive\/#primaryimage\"},\"thumbnailUrl\":\"https:\/\/i0.wp.com\/etanec.fr\/wp-content\/uploads\/2022\/12\/1171_610x610.jpg?fit=610%2C610\",\"datePublished\":\"2023-06-15T11:42:13+00:00\",\"breadcrumb\":{\"@id\":\"https:\/\/etanec.fr\/index.php\/produit\/pantalon-de-pluie-shark-olive\/#breadcrumb\"},\"inLanguage\":\"fr-FR\",\"potentialAction\":[{\"@type\":\"ReadAction\",\"target\":[\"https:\/\/etanec.fr\/index.php\/produit\/pantalon-de-pluie-shark-olive\/\"]}]},{\"@type\":\"ImageObject\",\"inLanguage\":\"fr-FR\",\"@id\":\"https:\/\/etanec.fr\/index.php\/produit\/pantalon-de-pluie-shark-olive\/#primaryimage\",\"url\":\"https:\/\/i0.wp.com\/etanec.fr\/wp-content\/uploads\/2022\/12\/1171_610x610.jpg?fit=610%2C610\",\"contentUrl\":\"https:\/\/i0.wp.com\/etanec.fr\/wp-content\/uploads\/2022\/12\/1171_610x610.jpg?fit=610%2C610\",\"width\":610,\"height\":610},{\"@type\":\"BreadcrumbList\",\"@id\":\"https:\/\/etanec.fr\/index.php\/produit\/pantalon-de-pluie-shark-olive\/#breadcrumb\",\"itemListElement\":[{\"@type\":\"ListItem\",\"position\":1,\"name\":\"Accueil\",\"item\":\"https:\/\/etanec.fr\/\"},{\"@type\":\"ListItem\",\"position\":2,\"name\":\"Gamme de produits\",\"item\":\"https:\/\/etanec.fr\/index.php\/boutique\/\"},{\"@type\":\"ListItem\",\"position\":3,\"name\":\"Pantalon de pluie SHARK Olive\"}]},{\"@type\":\"WebSite\",\"@id\":\"https:\/\/etanec.fr\/#website\",\"url\":\"https:\/\/etanec.fr\/\",\"name\":\"etanec.fr\",\"description\":\"Votre Solution en Outillage &amp; Fixation Enveloppe du batiment\",\"publisher\":{\"@id\":\"https:\/\/etanec.fr\/#organization\"},\"potentialAction\":[{\"@type\":\"SearchAction\",\"target\":{\"@type\":\"EntryPoint\",\"urlTemplate\":\"https:\/\/etanec.fr\/?s={search_term_string}\"},\"query-input\":{\"@type\":\"PropertyValueSpecification\",\"valueRequired\":true,\"valueName\":\"search_term_string\"}}],\"inLanguage\":\"fr-FR\"},{\"@type\":\"Organization\",\"@id\":\"https:\/\/etanec.fr\/#organization\",\"name\":\"etanec.fr\",\"url\":\"https:\/\/etanec.fr\/\",\"logo\":{\"@type\":\"ImageObject\",\"inLanguage\":\"fr-FR\",\"@id\":\"https:\/\/etanec.fr\/#\/schema\/logo\/image\/\",\"url\":\"https:\/\/i0.wp.com\/etanec.fr\/wp-content\/uploads\/2017\/11\/cropped-cropped-cropped-ETANEC-LOGO-2017-RVBTRANSP-HD-e1509965316759.png?fit=350%2C75\",\"contentUrl\":\"https:\/\/i0.wp.com\/etanec.fr\/wp-content\/uploads\/2017\/11\/cropped-cropped-cropped-ETANEC-LOGO-2017-RVBTRANSP-HD-e1509965316759.png?fit=350%2C75\",\"width\":350,\"height\":75,\"caption\":\"etanec.fr\"},\"image\":{\"@id\":\"https:\/\/etanec.fr\/#\/schema\/logo\/image\/\"},\"sameAs\":[\"https:\/\/www.linkedin.com\/company\/etanecgroup\/?viewAsMember=true\"]}]}<\/script>\n<!-- \/ Yoast SEO plugin. -->","yoast_head_json":{"title":"Pantalon de pluie SHARK Olive - ETANEC","robots":{"index":"index","follow":"follow","max-snippet":"max-snippet:-1","max-image-preview":"max-image-preview:large","max-video-preview":"max-video-preview:-1"},"canonical":"https:\/\/etanec.fr\/index.php\/produit\/pantalon-de-pluie-shark-olive\/","og_locale":"fr_FR","og_type":"article","og_title":"Pantalon de pluie SHARK Olive - ETANEC","og_description":"Avec sa mati\u00e8re Flex waterproof et ses coutures \u00e9tanches, ce pantalon de pluie vous prot\u00e8ge parfaitement des intemp\u00e9ries  Ce pantalon de pluie certifi\u00e9 EN 343 r\u00e9pond aux exigences relatives \u00e0 la protection contre la pluie  Il prot\u00e8ge de l\u2019humidit\u00e9 et des \u00e9claboussures  Muni de passe mains, il permet d\u2019acc\u00e9der avec aisance au v\u00eatement de dessous  Il est compatible avec les bretelles r\u00e9f\u00e9rence \"9220 Bretelles\" ce qui lui conf\u00e8re un meilleur maintien, facilitant ainsi les mouvements lors du travail  Confortable, protecteur, ce pantalon de travail \u00e9tanche s\u2019adapte et s\u2019ajuste selon vos besoins  Ce pantalon de pluie convient aux agriculteurs, aux p\u00e9pini\u00e9ristes, au travail en milieu ext\u00e9rieur humide  Couleur: Olive  Tailles disponibles: S\/M\/L\/XL\/XXL  Option bretelle : ERT041357","og_url":"https:\/\/etanec.fr\/index.php\/produit\/pantalon-de-pluie-shark-olive\/","og_site_name":"ETANEC","og_image":[{"width":610,"height":610,"url":"https:\/\/i0.wp.com\/etanec.fr\/wp-content\/uploads\/2022\/12\/1171_610x610.jpg?fit=610%2C610&ssl=1","type":"image\/jpeg"}],"twitter_card":"summary_large_image","twitter_misc":{"Dur\u00e9e de lecture estim\u00e9e":"1 minute"},"schema":{"@context":"https:\/\/schema.org","@graph":[{"@type":"WebPage","@id":"https:\/\/etanec.fr\/index.php\/produit\/pantalon-de-pluie-shark-olive\/","url":"https:\/\/etanec.fr\/index.php\/produit\/pantalon-de-pluie-shark-olive\/","name":"Pantalon de pluie SHARK Olive - ETANEC","isPartOf":{"@id":"https:\/\/etanec.fr\/#website"},"primaryImageOfPage":{"@id":"https:\/\/etanec.fr\/index.php\/produit\/pantalon-de-pluie-shark-olive\/#primaryimage"},"image":{"@id":"https:\/\/etanec.fr\/index.php\/produit\/pantalon-de-pluie-shark-olive\/#primaryimage"},"thumbnailUrl":"https:\/\/i0.wp.com\/etanec.fr\/wp-content\/uploads\/2022\/12\/1171_610x610.jpg?fit=610%2C610","datePublished":"2023-06-15T11:42:13+00:00","breadcrumb":{"@id":"https:\/\/etanec.fr\/index.php\/produit\/pantalon-de-pluie-shark-olive\/#breadcrumb"},"inLanguage":"fr-FR","potentialAction":[{"@type":"ReadAction","target":["https:\/\/etanec.fr\/index.php\/produit\/pantalon-de-pluie-shark-olive\/"]}]},{"@type":"ImageObject","inLanguage":"fr-FR","@id":"https:\/\/etanec.fr\/index.php\/produit\/pantalon-de-pluie-shark-olive\/#primaryimage","url":"https:\/\/i0.wp.com\/etanec.fr\/wp-content\/uploads\/2022\/12\/1171_610x610.jpg?fit=610%2C610","contentUrl":"https:\/\/i0.wp.com\/etanec.fr\/wp-content\/uploads\/2022\/12\/1171_610x610.jpg?fit=610%2C610","width":610,"height":610},{"@type":"BreadcrumbList","@id":"https:\/\/etanec.fr\/index.php\/produit\/pantalon-de-pluie-shark-olive\/#breadcrumb","itemListElement":[{"@type":"ListItem","position":1,"name":"Accueil","item":"https:\/\/etanec.fr\/"},{"@type":"ListItem","position":2,"name":"Gamme de produits","item":"https:\/\/etanec.fr\/index.php\/boutique\/"},{"@type":"ListItem","position":3,"name":"Pantalon de pluie SHARK Olive"}]},{"@type":"WebSite","@id":"https:\/\/etanec.fr\/#website","url":"https:\/\/etanec.fr\/","name":"etanec.fr","description":"Votre Solution en Outillage &amp; Fixation Enveloppe du batiment","publisher":{"@id":"https:\/\/etanec.fr\/#organization"},"potentialAction":[{"@type":"SearchAction","target":{"@type":"EntryPoint","urlTemplate":"https:\/\/etanec.fr\/?s={search_term_string}"},"query-input":{"@type":"PropertyValueSpecification","valueRequired":true,"valueName":"search_term_string"}}],"inLanguage":"fr-FR"},{"@type":"Organization","@id":"https:\/\/etanec.fr\/#organization","name":"etanec.fr","url":"https:\/\/etanec.fr\/","logo":{"@type":"ImageObject","inLanguage":"fr-FR","@id":"https:\/\/etanec.fr\/#\/schema\/logo\/image\/","url":"https:\/\/i0.wp.com\/etanec.fr\/wp-content\/uploads\/2017\/11\/cropped-cropped-cropped-ETANEC-LOGO-2017-RVBTRANSP-HD-e1509965316759.png?fit=350%2C75","contentUrl":"https:\/\/i0.wp.com\/etanec.fr\/wp-content\/uploads\/2017\/11\/cropped-cropped-cropped-ETANEC-LOGO-2017-RVBTRANSP-HD-e1509965316759.png?fit=350%2C75","width":350,"height":75,"caption":"etanec.fr"},"image":{"@id":"https:\/\/etanec.fr\/#\/schema\/logo\/image\/"},"sameAs":["https:\/\/www.linkedin.com\/company\/etanecgroup\/?viewAsMember=true"]}]}},"jetpack_publicize_connections":[],"jetpack_sharing_enabled":true,"_links":{"self":[{"href":"http:\/\/etanec.fr\/index.php\/wp-json\/wp\/v2\/product\/3714","targetHints":{"allow":["GET"]}}],"collection":[{"href":"http:\/\/etanec.fr\/index.php\/wp-json\/wp\/v2\/product"}],"about":[{"href":"http:\/\/etanec.fr\/index.php\/wp-json\/wp\/v2\/types\/product"}],"replies":[{"embeddable":true,"href":"http:\/\/etanec.fr\/index.php\/wp-json\/wp\/v2\/comments?post=3714"}],"version-history":[{"count":3,"href":"http:\/\/etanec.fr\/index.php\/wp-json\/wp\/v2\/product\/3714\/revisions"}],"predecessor-version":[{"id":6732,"href":"http:\/\/etanec.fr\/index.php\/wp-json\/wp\/v2\/product\/3714\/revisions\/6732"}],"wp:featuredmedia":[{"embeddable":true,"href":"http:\/\/etanec.fr\/index.php\/wp-json\/wp\/v2\/media\/3715"}],"wp:attachment":[{"href":"http:\/\/etanec.fr\/index.php\/wp-json\/wp\/v2\/media?parent=3714"}],"wp:term":[{"taxonomy":"product_brand","embeddable":true,"href":"http:\/\/etanec.fr\/index.php\/wp-json\/wp\/v2\/product_brand?post=3714"},{"taxonomy":"product_cat","embeddable":true,"href":"http:\/\/etanec.fr\/index.php\/wp-json\/wp\/v2\/product_cat?post=3714"},{"taxonomy":"product_tag","embeddable":true,"href":"http:\/\/etanec.fr\/index.php\/wp-json\/wp\/v2\/product_tag?post=3714"}],"curies":[{"name":"wp","href":"https:\/\/api.w.org\/{rel}","templated":true}]}}