{"id":3771,"date":"2023-06-19T11:36:37","date_gmt":"2023-06-19T09:36:37","guid":{"rendered":"http:\/\/etanec.fr\/?post_type=product&#038;p=3771"},"modified":"2023-06-19T11:36:37","modified_gmt":"2023-06-19T09:36:37","slug":"pantalon-de-travail-antras-gris","status":"publish","type":"product","link":"http:\/\/etanec.fr\/index.php\/produit\/pantalon-de-travail-antras-gris\/","title":{"rendered":"Pantalon de travail ANTRAS GRIS"},"content":{"rendered":"<p>Ce pantalon de travail (d\u00e9perlant) est \u00e9quip\u00e9 de nombreuses poches tr\u00e8s fonctionnelles, dispos\u00e9es de mani\u00e8re ergonomique. Le porte-outil et le porte-clefs viennent compl\u00e9ter son \u00e9quipement. Il est parfaitement ergonomique gr\u00e2ce \u00e0 son triangle d\u2019aisance et sa rehausse dos prot\u00e9geant les reins du travailleur. De plus, muni d&rsquo;un empi\u00e8cement au niveau de l&rsquo;entre jambes pour une meilleure aisance de travail. Taille \u00e9lastique aux c\u00f4t\u00e9s. Son design est soign\u00e9, ses triples surpiq\u00fbres sont garanties, et sa couleur grise est parfaite pour les m\u00e9tiers du b\u00e2timent.<br \/>\nComposition: Twill: 65% polyester, 35% coton, 245 g\/m2,<\/p>\n<p>Tailles disponibles: 36 \u00e0 56<\/p>\n","protected":false},"excerpt":{"rendered":"<p>Ce pantalon de travail (d\u00e9perlant) est \u00e9quip\u00e9 de nombreuses poches tr\u00e8s fonctionnelles, dispos\u00e9es de mani\u00e8re ergonomique<\/p>\n<p>Le porte-outil et le porte-clefs viennent compl\u00e9ter son \u00e9quipement<\/p>\n<p>Il est parfaitement ergonomique gr\u00e2ce \u00e0 son triangle d\u2019aisance et sa rehausse dos prot\u00e9geant les reins du travailleur<\/p>\n<p>De plus, muni d&rsquo;un empi\u00e8cement au niveau de l&rsquo;entre jambes pour une meilleure aisance de travail<\/p>\n<p>Taille \u00e9lastique aux c\u00f4t\u00e9s. Son design est soign\u00e9, ses triples surpiq\u00fbres sont garanties, et sa couleur grise est parfaite pour les m\u00e9tiers du b\u00e2timent.<\/p>\n<p>Composition: Twill: 65% polyester, 35% coton, 245 g\/m2<\/p>\n<p>Tailles disponibles: 36 \u00e0 56<\/p>\n","protected":false},"featured_media":3773,"comment_status":"open","ping_status":"closed","template":"","meta":{"_monsterinsights_skip_tracking":false,"_monsterinsights_sitenote_active":false,"_monsterinsights_sitenote_note":"","_monsterinsights_sitenote_category":0,"jetpack_publicize_message":"","jetpack_publicize_feature_enabled":true,"jetpack_social_post_already_shared":false,"jetpack_social_options":{"image_generator_settings":{"template":"highway","default_image_id":0,"font":"","enabled":false},"version":2}},"product_brand":[],"product_cat":[40],"product_tag":[],"class_list":{"0":"post-3771","1":"product","2":"type-product","3":"status-publish","6":"product_cat-epi","8":"first","9":"instock","10":"taxable","11":"shipping-taxable","12":"product-type-simple"},"yoast_head":"<!-- This site is optimized with the Yoast SEO plugin v26.6 - https:\/\/yoast.com\/wordpress\/plugins\/seo\/ -->\n<title>Pantalon de travail ANTRAS GRIS - ETANEC<\/title>\n<meta name=\"robots\" content=\"index, follow, max-snippet:-1, max-image-preview:large, max-video-preview:-1\" \/>\n<link rel=\"canonical\" href=\"http:\/\/etanec.fr\/index.php\/produit\/pantalon-de-travail-antras-gris\/\" \/>\n<meta property=\"og:locale\" content=\"fr_FR\" \/>\n<meta property=\"og:type\" content=\"article\" \/>\n<meta property=\"og:title\" content=\"Pantalon de travail ANTRAS GRIS - ETANEC\" \/>\n<meta property=\"og:description\" content=\"Ce pantalon de travail (d\u00e9perlant) est \u00e9quip\u00e9 de nombreuses poches tr\u00e8s fonctionnelles, dispos\u00e9es de mani\u00e8re ergonomique  Le porte-outil et le porte-clefs viennent compl\u00e9ter son \u00e9quipement  Il est parfaitement ergonomique gr\u00e2ce \u00e0 son triangle d\u2019aisance et sa rehausse dos prot\u00e9geant les reins du travailleur  De plus, muni d&#039;un empi\u00e8cement au niveau de l&#039;entre jambes pour une meilleure aisance de travail  Taille \u00e9lastique aux c\u00f4t\u00e9s. Son design est soign\u00e9, ses triples surpiq\u00fbres sont garanties, et sa couleur grise est parfaite pour les m\u00e9tiers du b\u00e2timent.  Composition: Twill: 65% polyester, 35% coton, 245 g\/m2  Tailles disponibles: 36 \u00e0 56\" \/>\n<meta property=\"og:url\" content=\"http:\/\/etanec.fr\/index.php\/produit\/pantalon-de-travail-antras-gris\/\" \/>\n<meta property=\"og:site_name\" content=\"ETANEC\" \/>\n<meta property=\"og:image\" content=\"https:\/\/i0.wp.com\/etanec.fr\/wp-content\/uploads\/2022\/12\/1181_610x610.jpg?fit=610%2C610\" \/>\n\t<meta property=\"og:image:width\" content=\"610\" \/>\n\t<meta property=\"og:image:height\" content=\"610\" \/>\n\t<meta property=\"og:image:type\" content=\"image\/jpeg\" \/>\n<meta name=\"twitter:card\" content=\"summary_large_image\" \/>\n<meta name=\"twitter:label1\" content=\"Dur\u00e9e de lecture estim\u00e9e\" \/>\n\t<meta name=\"twitter:data1\" content=\"1 minute\" \/>\n<script type=\"application\/ld+json\" class=\"yoast-schema-graph\">{\"@context\":\"https:\/\/schema.org\",\"@graph\":[{\"@type\":\"WebPage\",\"@id\":\"http:\/\/etanec.fr\/index.php\/produit\/pantalon-de-travail-antras-gris\/\",\"url\":\"http:\/\/etanec.fr\/index.php\/produit\/pantalon-de-travail-antras-gris\/\",\"name\":\"Pantalon de travail ANTRAS GRIS - ETANEC\",\"isPartOf\":{\"@id\":\"https:\/\/etanec.fr\/#website\"},\"primaryImageOfPage\":{\"@id\":\"http:\/\/etanec.fr\/index.php\/produit\/pantalon-de-travail-antras-gris\/#primaryimage\"},\"image\":{\"@id\":\"http:\/\/etanec.fr\/index.php\/produit\/pantalon-de-travail-antras-gris\/#primaryimage\"},\"thumbnailUrl\":\"https:\/\/i0.wp.com\/etanec.fr\/wp-content\/uploads\/2022\/12\/1181_610x610.jpg?fit=610%2C610\",\"datePublished\":\"2023-06-19T09:36:37+00:00\",\"breadcrumb\":{\"@id\":\"http:\/\/etanec.fr\/index.php\/produit\/pantalon-de-travail-antras-gris\/#breadcrumb\"},\"inLanguage\":\"fr-FR\",\"potentialAction\":[{\"@type\":\"ReadAction\",\"target\":[\"http:\/\/etanec.fr\/index.php\/produit\/pantalon-de-travail-antras-gris\/\"]}]},{\"@type\":\"ImageObject\",\"inLanguage\":\"fr-FR\",\"@id\":\"http:\/\/etanec.fr\/index.php\/produit\/pantalon-de-travail-antras-gris\/#primaryimage\",\"url\":\"https:\/\/i0.wp.com\/etanec.fr\/wp-content\/uploads\/2022\/12\/1181_610x610.jpg?fit=610%2C610\",\"contentUrl\":\"https:\/\/i0.wp.com\/etanec.fr\/wp-content\/uploads\/2022\/12\/1181_610x610.jpg?fit=610%2C610\",\"width\":610,\"height\":610},{\"@type\":\"BreadcrumbList\",\"@id\":\"http:\/\/etanec.fr\/index.php\/produit\/pantalon-de-travail-antras-gris\/#breadcrumb\",\"itemListElement\":[{\"@type\":\"ListItem\",\"position\":1,\"name\":\"Accueil\",\"item\":\"https:\/\/etanec.fr\/\"},{\"@type\":\"ListItem\",\"position\":2,\"name\":\"Gamme de produits\",\"item\":\"https:\/\/etanec.fr\/index.php\/boutique\/\"},{\"@type\":\"ListItem\",\"position\":3,\"name\":\"Pantalon de travail ANTRAS GRIS\"}]},{\"@type\":\"WebSite\",\"@id\":\"https:\/\/etanec.fr\/#website\",\"url\":\"https:\/\/etanec.fr\/\",\"name\":\"etanec.fr\",\"description\":\"Votre Solution en Outillage &amp; Fixation Enveloppe du batiment\",\"publisher\":{\"@id\":\"https:\/\/etanec.fr\/#organization\"},\"potentialAction\":[{\"@type\":\"SearchAction\",\"target\":{\"@type\":\"EntryPoint\",\"urlTemplate\":\"https:\/\/etanec.fr\/?s={search_term_string}\"},\"query-input\":{\"@type\":\"PropertyValueSpecification\",\"valueRequired\":true,\"valueName\":\"search_term_string\"}}],\"inLanguage\":\"fr-FR\"},{\"@type\":\"Organization\",\"@id\":\"https:\/\/etanec.fr\/#organization\",\"name\":\"etanec.fr\",\"url\":\"https:\/\/etanec.fr\/\",\"logo\":{\"@type\":\"ImageObject\",\"inLanguage\":\"fr-FR\",\"@id\":\"https:\/\/etanec.fr\/#\/schema\/logo\/image\/\",\"url\":\"https:\/\/i0.wp.com\/etanec.fr\/wp-content\/uploads\/2017\/11\/cropped-cropped-cropped-ETANEC-LOGO-2017-RVBTRANSP-HD-e1509965316759.png?fit=350%2C75\",\"contentUrl\":\"https:\/\/i0.wp.com\/etanec.fr\/wp-content\/uploads\/2017\/11\/cropped-cropped-cropped-ETANEC-LOGO-2017-RVBTRANSP-HD-e1509965316759.png?fit=350%2C75\",\"width\":350,\"height\":75,\"caption\":\"etanec.fr\"},\"image\":{\"@id\":\"https:\/\/etanec.fr\/#\/schema\/logo\/image\/\"},\"sameAs\":[\"https:\/\/www.linkedin.com\/company\/etanecgroup\/?viewAsMember=true\"]}]}<\/script>\n<!-- \/ Yoast SEO plugin. -->","yoast_head_json":{"title":"Pantalon de travail ANTRAS GRIS - ETANEC","robots":{"index":"index","follow":"follow","max-snippet":"max-snippet:-1","max-image-preview":"max-image-preview:large","max-video-preview":"max-video-preview:-1"},"canonical":"http:\/\/etanec.fr\/index.php\/produit\/pantalon-de-travail-antras-gris\/","og_locale":"fr_FR","og_type":"article","og_title":"Pantalon de travail ANTRAS GRIS - ETANEC","og_description":"Ce pantalon de travail (d\u00e9perlant) est \u00e9quip\u00e9 de nombreuses poches tr\u00e8s fonctionnelles, dispos\u00e9es de mani\u00e8re ergonomique  Le porte-outil et le porte-clefs viennent compl\u00e9ter son \u00e9quipement  Il est parfaitement ergonomique gr\u00e2ce \u00e0 son triangle d\u2019aisance et sa rehausse dos prot\u00e9geant les reins du travailleur  De plus, muni d'un empi\u00e8cement au niveau de l'entre jambes pour une meilleure aisance de travail  Taille \u00e9lastique aux c\u00f4t\u00e9s. Son design est soign\u00e9, ses triples surpiq\u00fbres sont garanties, et sa couleur grise est parfaite pour les m\u00e9tiers du b\u00e2timent.  Composition: Twill: 65% polyester, 35% coton, 245 g\/m2  Tailles disponibles: 36 \u00e0 56","og_url":"http:\/\/etanec.fr\/index.php\/produit\/pantalon-de-travail-antras-gris\/","og_site_name":"ETANEC","og_image":[{"width":610,"height":610,"url":"https:\/\/i0.wp.com\/etanec.fr\/wp-content\/uploads\/2022\/12\/1181_610x610.jpg?fit=610%2C610","type":"image\/jpeg"}],"twitter_card":"summary_large_image","twitter_misc":{"Dur\u00e9e de lecture estim\u00e9e":"1 minute"},"schema":{"@context":"https:\/\/schema.org","@graph":[{"@type":"WebPage","@id":"http:\/\/etanec.fr\/index.php\/produit\/pantalon-de-travail-antras-gris\/","url":"http:\/\/etanec.fr\/index.php\/produit\/pantalon-de-travail-antras-gris\/","name":"Pantalon de travail ANTRAS GRIS - ETANEC","isPartOf":{"@id":"https:\/\/etanec.fr\/#website"},"primaryImageOfPage":{"@id":"http:\/\/etanec.fr\/index.php\/produit\/pantalon-de-travail-antras-gris\/#primaryimage"},"image":{"@id":"http:\/\/etanec.fr\/index.php\/produit\/pantalon-de-travail-antras-gris\/#primaryimage"},"thumbnailUrl":"https:\/\/i0.wp.com\/etanec.fr\/wp-content\/uploads\/2022\/12\/1181_610x610.jpg?fit=610%2C610","datePublished":"2023-06-19T09:36:37+00:00","breadcrumb":{"@id":"http:\/\/etanec.fr\/index.php\/produit\/pantalon-de-travail-antras-gris\/#breadcrumb"},"inLanguage":"fr-FR","potentialAction":[{"@type":"ReadAction","target":["http:\/\/etanec.fr\/index.php\/produit\/pantalon-de-travail-antras-gris\/"]}]},{"@type":"ImageObject","inLanguage":"fr-FR","@id":"http:\/\/etanec.fr\/index.php\/produit\/pantalon-de-travail-antras-gris\/#primaryimage","url":"https:\/\/i0.wp.com\/etanec.fr\/wp-content\/uploads\/2022\/12\/1181_610x610.jpg?fit=610%2C610","contentUrl":"https:\/\/i0.wp.com\/etanec.fr\/wp-content\/uploads\/2022\/12\/1181_610x610.jpg?fit=610%2C610","width":610,"height":610},{"@type":"BreadcrumbList","@id":"http:\/\/etanec.fr\/index.php\/produit\/pantalon-de-travail-antras-gris\/#breadcrumb","itemListElement":[{"@type":"ListItem","position":1,"name":"Accueil","item":"https:\/\/etanec.fr\/"},{"@type":"ListItem","position":2,"name":"Gamme de produits","item":"https:\/\/etanec.fr\/index.php\/boutique\/"},{"@type":"ListItem","position":3,"name":"Pantalon de travail ANTRAS GRIS"}]},{"@type":"WebSite","@id":"https:\/\/etanec.fr\/#website","url":"https:\/\/etanec.fr\/","name":"etanec.fr","description":"Votre Solution en Outillage &amp; Fixation Enveloppe du batiment","publisher":{"@id":"https:\/\/etanec.fr\/#organization"},"potentialAction":[{"@type":"SearchAction","target":{"@type":"EntryPoint","urlTemplate":"https:\/\/etanec.fr\/?s={search_term_string}"},"query-input":{"@type":"PropertyValueSpecification","valueRequired":true,"valueName":"search_term_string"}}],"inLanguage":"fr-FR"},{"@type":"Organization","@id":"https:\/\/etanec.fr\/#organization","name":"etanec.fr","url":"https:\/\/etanec.fr\/","logo":{"@type":"ImageObject","inLanguage":"fr-FR","@id":"https:\/\/etanec.fr\/#\/schema\/logo\/image\/","url":"https:\/\/i0.wp.com\/etanec.fr\/wp-content\/uploads\/2017\/11\/cropped-cropped-cropped-ETANEC-LOGO-2017-RVBTRANSP-HD-e1509965316759.png?fit=350%2C75","contentUrl":"https:\/\/i0.wp.com\/etanec.fr\/wp-content\/uploads\/2017\/11\/cropped-cropped-cropped-ETANEC-LOGO-2017-RVBTRANSP-HD-e1509965316759.png?fit=350%2C75","width":350,"height":75,"caption":"etanec.fr"},"image":{"@id":"https:\/\/etanec.fr\/#\/schema\/logo\/image\/"},"sameAs":["https:\/\/www.linkedin.com\/company\/etanecgroup\/?viewAsMember=true"]}]}},"jetpack_publicize_connections":[],"jetpack_sharing_enabled":true,"_links":{"self":[{"href":"http:\/\/etanec.fr\/index.php\/wp-json\/wp\/v2\/product\/3771","targetHints":{"allow":["GET"]}}],"collection":[{"href":"http:\/\/etanec.fr\/index.php\/wp-json\/wp\/v2\/product"}],"about":[{"href":"http:\/\/etanec.fr\/index.php\/wp-json\/wp\/v2\/types\/product"}],"replies":[{"embeddable":true,"href":"http:\/\/etanec.fr\/index.php\/wp-json\/wp\/v2\/comments?post=3771"}],"version-history":[{"count":2,"href":"http:\/\/etanec.fr\/index.php\/wp-json\/wp\/v2\/product\/3771\/revisions"}],"predecessor-version":[{"id":6746,"href":"http:\/\/etanec.fr\/index.php\/wp-json\/wp\/v2\/product\/3771\/revisions\/6746"}],"wp:featuredmedia":[{"embeddable":true,"href":"http:\/\/etanec.fr\/index.php\/wp-json\/wp\/v2\/media\/3773"}],"wp:attachment":[{"href":"http:\/\/etanec.fr\/index.php\/wp-json\/wp\/v2\/media?parent=3771"}],"wp:term":[{"taxonomy":"product_brand","embeddable":true,"href":"http:\/\/etanec.fr\/index.php\/wp-json\/wp\/v2\/product_brand?post=3771"},{"taxonomy":"product_cat","embeddable":true,"href":"http:\/\/etanec.fr\/index.php\/wp-json\/wp\/v2\/product_cat?post=3771"},{"taxonomy":"product_tag","embeddable":true,"href":"http:\/\/etanec.fr\/index.php\/wp-json\/wp\/v2\/product_tag?post=3771"}],"curies":[{"name":"wp","href":"https:\/\/api.w.org\/{rel}","templated":true}]}}