{"id":3811,"date":"2023-06-20T16:28:29","date_gmt":"2023-06-20T14:28:29","guid":{"rendered":"http:\/\/etanec.fr\/?post_type=product&#038;p=3811"},"modified":"2023-06-20T16:28:29","modified_gmt":"2023-06-20T14:28:29","slug":"pantalon-beige-noir-avec-genouilleres-confort-premium","status":"publish","type":"product","link":"http:\/\/etanec.fr\/index.php\/produit\/pantalon-beige-noir-avec-genouilleres-confort-premium\/","title":{"rendered":"Pantalon beige\/noir avec genouill\u00e8res CONFORT PREMIUM"},"content":{"rendered":"<p>Pantalon ergonomique avec genouill\u00e8res. Les b\u00e9n\u00e9fices produit : Am\u00e9lioration de la posture, respect de la sant\u00e9 et r\u00e9duction des T.M.S, gain de temps et meilleures performances, confort et bien \u00eatre tout au long de la journ\u00e9e. Ultra Ergonomie, souplesse extr\u00eame des mat\u00e9riaux \u00e0 l\u2019entrejambe, bord c\u00f4te 66% d\u2019extensibilit\u00e9, dur\u00e9e de vie exceptionnelle, entrejambe ultra-stretch ind\u00e9chirable, tissu noir trait\u00e9 d\u00e9perlant (protection anti acides), renforts de poches devant en Cordura\u00ae 1100.\u00a0 L\u00e9ger et respirant, tissus a\u00e9r\u00e9s, sensation de l\u00e9g\u00e8ret\u00e9, fabrication inspir\u00e9e du sport.\u00a0Mati\u00e8res &#8211; tissu principal : 65% CO 35% PES, coton Polyamide E.A trait\u00e9 anti acides, \u00a064% PA 32% CO 4% EA Bi-stretch<\/p>\n","protected":false},"excerpt":{"rendered":"<p>Pantalon ergonomique avec genouill\u00e8res<\/p>\n<p>Les b\u00e9n\u00e9fices produit<\/p>\n<p>\u2022 Am\u00e9lioration de la posture<br \/>\n\u2022 Respect de la sant\u00e9 et r\u00e9duction des T.M.S.<br \/>\n\u2022 Gain de temps et meilleures performances<br \/>\n\u2022 Confort et bien \u00eatre tout au long de la journ\u00e9e<\/p>\n<p>Ultra Ergonomie<\/p>\n<p>\u2022 Souplesse extr\u00eame des mat\u00e9riaux \u00e0 l\u2019entrejambe<br \/>\n\u2022 Bord c\u00f4te 66% d\u2019extensibilit\u00e9<\/p>\n<p>Dur\u00e9e de vie exceptionnelle<\/p>\n<p>\u2022 Entrejambe ultra-stretch ind\u00e9chirable<br \/>\n\u2022 Tissu noir trait\u00e9 d\u00e9perlant (protection anti acides)<br \/>\n\u2022 Renforts de poches devant en Cordura\u00ae 1100<\/p>\n<p>L\u00e9ger et respirant<\/p>\n<p>\u2022 Tissus a\u00e9r\u00e9s<br \/>\n\u2022 Sensation de l\u00e9g\u00e8ret\u00e9<br \/>\n\u2022 Fabrication inspir\u00e9e du sport<\/p>\n<p>Mati\u00e8res &#8211; tissu principal<\/p>\n<p>\u2022 65% CO 35% PES<br \/>\n\u2022 Coton Polyamide E.A trait\u00e9 anti acides<br \/>\n\u2022 64% PA 32% CO 4% EA Bi-stretch<\/p>\n","protected":false},"featured_media":3813,"comment_status":"open","ping_status":"closed","template":"","meta":{"_monsterinsights_skip_tracking":false,"_monsterinsights_sitenote_active":false,"_monsterinsights_sitenote_note":"","_monsterinsights_sitenote_category":0,"jetpack_publicize_message":"","jetpack_publicize_feature_enabled":true,"jetpack_social_post_already_shared":false,"jetpack_social_options":{"image_generator_settings":{"template":"highway","default_image_id":0,"font":"","enabled":false},"version":2}},"product_brand":[],"product_cat":[40],"product_tag":[],"class_list":{"0":"post-3811","1":"product","2":"type-product","3":"status-publish","6":"product_cat-epi","8":"first","9":"instock","10":"taxable","11":"shipping-taxable","12":"product-type-simple"},"yoast_head":"<!-- This site is optimized with the Yoast SEO plugin v26.6 - https:\/\/yoast.com\/wordpress\/plugins\/seo\/ -->\n<title>Pantalon beige\/noir avec genouill\u00e8res CONFORT PREMIUM - ETANEC<\/title>\n<meta name=\"robots\" content=\"index, follow, max-snippet:-1, max-image-preview:large, max-video-preview:-1\" \/>\n<link rel=\"canonical\" href=\"http:\/\/etanec.fr\/index.php\/produit\/pantalon-beige-noir-avec-genouilleres-confort-premium\/\" \/>\n<meta property=\"og:locale\" content=\"fr_FR\" \/>\n<meta property=\"og:type\" content=\"article\" \/>\n<meta property=\"og:title\" content=\"Pantalon beige\/noir avec genouill\u00e8res CONFORT PREMIUM - ETANEC\" \/>\n<meta property=\"og:description\" content=\"Pantalon ergonomique avec genouill\u00e8res  Les b\u00e9n\u00e9fices produit  \u2022 Am\u00e9lioration de la posture \u2022 Respect de la sant\u00e9 et r\u00e9duction des T.M.S. \u2022 Gain de temps et meilleures performances \u2022 Confort et bien \u00eatre tout au long de la journ\u00e9e  Ultra Ergonomie  \u2022 Souplesse extr\u00eame des mat\u00e9riaux \u00e0 l\u2019entrejambe \u2022 Bord c\u00f4te 66% d\u2019extensibilit\u00e9  Dur\u00e9e de vie exceptionnelle  \u2022 Entrejambe ultra-stretch ind\u00e9chirable \u2022 Tissu noir trait\u00e9 d\u00e9perlant (protection anti acides) \u2022 Renforts de poches devant en Cordura\u00ae 1100  L\u00e9ger et respirant  \u2022 Tissus a\u00e9r\u00e9s \u2022 Sensation de l\u00e9g\u00e8ret\u00e9 \u2022 Fabrication inspir\u00e9e du sport  Mati\u00e8res - tissu principal  \u2022 65% CO 35% PES \u2022 Coton Polyamide E.A trait\u00e9 anti acides \u2022 64% PA 32% CO 4% EA Bi-stretch\" \/>\n<meta property=\"og:url\" content=\"http:\/\/etanec.fr\/index.php\/produit\/pantalon-beige-noir-avec-genouilleres-confort-premium\/\" \/>\n<meta property=\"og:site_name\" content=\"ETANEC\" \/>\n<meta property=\"og:image\" content=\"https:\/\/i0.wp.com\/etanec.fr\/wp-content\/uploads\/2022\/12\/1085_610x610.jpg?fit=610%2C610\" \/>\n\t<meta property=\"og:image:width\" content=\"610\" \/>\n\t<meta property=\"og:image:height\" content=\"610\" \/>\n\t<meta property=\"og:image:type\" content=\"image\/jpeg\" \/>\n<meta name=\"twitter:card\" content=\"summary_large_image\" \/>\n<meta name=\"twitter:label1\" content=\"Dur\u00e9e de lecture estim\u00e9e\" \/>\n\t<meta name=\"twitter:data1\" content=\"1 minute\" \/>\n<script type=\"application\/ld+json\" class=\"yoast-schema-graph\">{\"@context\":\"https:\/\/schema.org\",\"@graph\":[{\"@type\":\"WebPage\",\"@id\":\"http:\/\/etanec.fr\/index.php\/produit\/pantalon-beige-noir-avec-genouilleres-confort-premium\/\",\"url\":\"http:\/\/etanec.fr\/index.php\/produit\/pantalon-beige-noir-avec-genouilleres-confort-premium\/\",\"name\":\"Pantalon beige\/noir avec genouill\u00e8res CONFORT PREMIUM - ETANEC\",\"isPartOf\":{\"@id\":\"https:\/\/etanec.fr\/#website\"},\"primaryImageOfPage\":{\"@id\":\"http:\/\/etanec.fr\/index.php\/produit\/pantalon-beige-noir-avec-genouilleres-confort-premium\/#primaryimage\"},\"image\":{\"@id\":\"http:\/\/etanec.fr\/index.php\/produit\/pantalon-beige-noir-avec-genouilleres-confort-premium\/#primaryimage\"},\"thumbnailUrl\":\"https:\/\/i0.wp.com\/etanec.fr\/wp-content\/uploads\/2022\/12\/1085_610x610.jpg?fit=610%2C610\",\"datePublished\":\"2023-06-20T14:28:29+00:00\",\"breadcrumb\":{\"@id\":\"http:\/\/etanec.fr\/index.php\/produit\/pantalon-beige-noir-avec-genouilleres-confort-premium\/#breadcrumb\"},\"inLanguage\":\"fr-FR\",\"potentialAction\":[{\"@type\":\"ReadAction\",\"target\":[\"http:\/\/etanec.fr\/index.php\/produit\/pantalon-beige-noir-avec-genouilleres-confort-premium\/\"]}]},{\"@type\":\"ImageObject\",\"inLanguage\":\"fr-FR\",\"@id\":\"http:\/\/etanec.fr\/index.php\/produit\/pantalon-beige-noir-avec-genouilleres-confort-premium\/#primaryimage\",\"url\":\"https:\/\/i0.wp.com\/etanec.fr\/wp-content\/uploads\/2022\/12\/1085_610x610.jpg?fit=610%2C610\",\"contentUrl\":\"https:\/\/i0.wp.com\/etanec.fr\/wp-content\/uploads\/2022\/12\/1085_610x610.jpg?fit=610%2C610\",\"width\":610,\"height\":610},{\"@type\":\"BreadcrumbList\",\"@id\":\"http:\/\/etanec.fr\/index.php\/produit\/pantalon-beige-noir-avec-genouilleres-confort-premium\/#breadcrumb\",\"itemListElement\":[{\"@type\":\"ListItem\",\"position\":1,\"name\":\"Accueil\",\"item\":\"https:\/\/etanec.fr\/\"},{\"@type\":\"ListItem\",\"position\":2,\"name\":\"Gamme de produits\",\"item\":\"https:\/\/etanec.fr\/index.php\/boutique\/\"},{\"@type\":\"ListItem\",\"position\":3,\"name\":\"Pantalon beige\/noir avec genouill\u00e8res CONFORT PREMIUM\"}]},{\"@type\":\"WebSite\",\"@id\":\"https:\/\/etanec.fr\/#website\",\"url\":\"https:\/\/etanec.fr\/\",\"name\":\"etanec.fr\",\"description\":\"Votre Solution en Outillage &amp; Fixation Enveloppe du batiment\",\"publisher\":{\"@id\":\"https:\/\/etanec.fr\/#organization\"},\"potentialAction\":[{\"@type\":\"SearchAction\",\"target\":{\"@type\":\"EntryPoint\",\"urlTemplate\":\"https:\/\/etanec.fr\/?s={search_term_string}\"},\"query-input\":{\"@type\":\"PropertyValueSpecification\",\"valueRequired\":true,\"valueName\":\"search_term_string\"}}],\"inLanguage\":\"fr-FR\"},{\"@type\":\"Organization\",\"@id\":\"https:\/\/etanec.fr\/#organization\",\"name\":\"etanec.fr\",\"url\":\"https:\/\/etanec.fr\/\",\"logo\":{\"@type\":\"ImageObject\",\"inLanguage\":\"fr-FR\",\"@id\":\"https:\/\/etanec.fr\/#\/schema\/logo\/image\/\",\"url\":\"https:\/\/i0.wp.com\/etanec.fr\/wp-content\/uploads\/2017\/11\/cropped-cropped-cropped-ETANEC-LOGO-2017-RVBTRANSP-HD-e1509965316759.png?fit=350%2C75\",\"contentUrl\":\"https:\/\/i0.wp.com\/etanec.fr\/wp-content\/uploads\/2017\/11\/cropped-cropped-cropped-ETANEC-LOGO-2017-RVBTRANSP-HD-e1509965316759.png?fit=350%2C75\",\"width\":350,\"height\":75,\"caption\":\"etanec.fr\"},\"image\":{\"@id\":\"https:\/\/etanec.fr\/#\/schema\/logo\/image\/\"},\"sameAs\":[\"https:\/\/www.linkedin.com\/company\/etanecgroup\/?viewAsMember=true\"]}]}<\/script>\n<!-- \/ Yoast SEO plugin. -->","yoast_head_json":{"title":"Pantalon beige\/noir avec genouill\u00e8res CONFORT PREMIUM - ETANEC","robots":{"index":"index","follow":"follow","max-snippet":"max-snippet:-1","max-image-preview":"max-image-preview:large","max-video-preview":"max-video-preview:-1"},"canonical":"http:\/\/etanec.fr\/index.php\/produit\/pantalon-beige-noir-avec-genouilleres-confort-premium\/","og_locale":"fr_FR","og_type":"article","og_title":"Pantalon beige\/noir avec genouill\u00e8res CONFORT PREMIUM - ETANEC","og_description":"Pantalon ergonomique avec genouill\u00e8res  Les b\u00e9n\u00e9fices produit  \u2022 Am\u00e9lioration de la posture \u2022 Respect de la sant\u00e9 et r\u00e9duction des T.M.S. \u2022 Gain de temps et meilleures performances \u2022 Confort et bien \u00eatre tout au long de la journ\u00e9e  Ultra Ergonomie  \u2022 Souplesse extr\u00eame des mat\u00e9riaux \u00e0 l\u2019entrejambe \u2022 Bord c\u00f4te 66% d\u2019extensibilit\u00e9  Dur\u00e9e de vie exceptionnelle  \u2022 Entrejambe ultra-stretch ind\u00e9chirable \u2022 Tissu noir trait\u00e9 d\u00e9perlant (protection anti acides) \u2022 Renforts de poches devant en Cordura\u00ae 1100  L\u00e9ger et respirant  \u2022 Tissus a\u00e9r\u00e9s \u2022 Sensation de l\u00e9g\u00e8ret\u00e9 \u2022 Fabrication inspir\u00e9e du sport  Mati\u00e8res - tissu principal  \u2022 65% CO 35% PES \u2022 Coton Polyamide E.A trait\u00e9 anti acides \u2022 64% PA 32% CO 4% EA Bi-stretch","og_url":"http:\/\/etanec.fr\/index.php\/produit\/pantalon-beige-noir-avec-genouilleres-confort-premium\/","og_site_name":"ETANEC","og_image":[{"width":610,"height":610,"url":"https:\/\/i0.wp.com\/etanec.fr\/wp-content\/uploads\/2022\/12\/1085_610x610.jpg?fit=610%2C610","type":"image\/jpeg"}],"twitter_card":"summary_large_image","twitter_misc":{"Dur\u00e9e de lecture estim\u00e9e":"1 minute"},"schema":{"@context":"https:\/\/schema.org","@graph":[{"@type":"WebPage","@id":"http:\/\/etanec.fr\/index.php\/produit\/pantalon-beige-noir-avec-genouilleres-confort-premium\/","url":"http:\/\/etanec.fr\/index.php\/produit\/pantalon-beige-noir-avec-genouilleres-confort-premium\/","name":"Pantalon beige\/noir avec genouill\u00e8res CONFORT PREMIUM - ETANEC","isPartOf":{"@id":"https:\/\/etanec.fr\/#website"},"primaryImageOfPage":{"@id":"http:\/\/etanec.fr\/index.php\/produit\/pantalon-beige-noir-avec-genouilleres-confort-premium\/#primaryimage"},"image":{"@id":"http:\/\/etanec.fr\/index.php\/produit\/pantalon-beige-noir-avec-genouilleres-confort-premium\/#primaryimage"},"thumbnailUrl":"https:\/\/i0.wp.com\/etanec.fr\/wp-content\/uploads\/2022\/12\/1085_610x610.jpg?fit=610%2C610","datePublished":"2023-06-20T14:28:29+00:00","breadcrumb":{"@id":"http:\/\/etanec.fr\/index.php\/produit\/pantalon-beige-noir-avec-genouilleres-confort-premium\/#breadcrumb"},"inLanguage":"fr-FR","potentialAction":[{"@type":"ReadAction","target":["http:\/\/etanec.fr\/index.php\/produit\/pantalon-beige-noir-avec-genouilleres-confort-premium\/"]}]},{"@type":"ImageObject","inLanguage":"fr-FR","@id":"http:\/\/etanec.fr\/index.php\/produit\/pantalon-beige-noir-avec-genouilleres-confort-premium\/#primaryimage","url":"https:\/\/i0.wp.com\/etanec.fr\/wp-content\/uploads\/2022\/12\/1085_610x610.jpg?fit=610%2C610","contentUrl":"https:\/\/i0.wp.com\/etanec.fr\/wp-content\/uploads\/2022\/12\/1085_610x610.jpg?fit=610%2C610","width":610,"height":610},{"@type":"BreadcrumbList","@id":"http:\/\/etanec.fr\/index.php\/produit\/pantalon-beige-noir-avec-genouilleres-confort-premium\/#breadcrumb","itemListElement":[{"@type":"ListItem","position":1,"name":"Accueil","item":"https:\/\/etanec.fr\/"},{"@type":"ListItem","position":2,"name":"Gamme de produits","item":"https:\/\/etanec.fr\/index.php\/boutique\/"},{"@type":"ListItem","position":3,"name":"Pantalon beige\/noir avec genouill\u00e8res CONFORT PREMIUM"}]},{"@type":"WebSite","@id":"https:\/\/etanec.fr\/#website","url":"https:\/\/etanec.fr\/","name":"etanec.fr","description":"Votre Solution en Outillage &amp; Fixation Enveloppe du batiment","publisher":{"@id":"https:\/\/etanec.fr\/#organization"},"potentialAction":[{"@type":"SearchAction","target":{"@type":"EntryPoint","urlTemplate":"https:\/\/etanec.fr\/?s={search_term_string}"},"query-input":{"@type":"PropertyValueSpecification","valueRequired":true,"valueName":"search_term_string"}}],"inLanguage":"fr-FR"},{"@type":"Organization","@id":"https:\/\/etanec.fr\/#organization","name":"etanec.fr","url":"https:\/\/etanec.fr\/","logo":{"@type":"ImageObject","inLanguage":"fr-FR","@id":"https:\/\/etanec.fr\/#\/schema\/logo\/image\/","url":"https:\/\/i0.wp.com\/etanec.fr\/wp-content\/uploads\/2017\/11\/cropped-cropped-cropped-ETANEC-LOGO-2017-RVBTRANSP-HD-e1509965316759.png?fit=350%2C75","contentUrl":"https:\/\/i0.wp.com\/etanec.fr\/wp-content\/uploads\/2017\/11\/cropped-cropped-cropped-ETANEC-LOGO-2017-RVBTRANSP-HD-e1509965316759.png?fit=350%2C75","width":350,"height":75,"caption":"etanec.fr"},"image":{"@id":"https:\/\/etanec.fr\/#\/schema\/logo\/image\/"},"sameAs":["https:\/\/www.linkedin.com\/company\/etanecgroup\/?viewAsMember=true"]}]}},"jetpack_publicize_connections":[],"jetpack_sharing_enabled":true,"_links":{"self":[{"href":"http:\/\/etanec.fr\/index.php\/wp-json\/wp\/v2\/product\/3811","targetHints":{"allow":["GET"]}}],"collection":[{"href":"http:\/\/etanec.fr\/index.php\/wp-json\/wp\/v2\/product"}],"about":[{"href":"http:\/\/etanec.fr\/index.php\/wp-json\/wp\/v2\/types\/product"}],"replies":[{"embeddable":true,"href":"http:\/\/etanec.fr\/index.php\/wp-json\/wp\/v2\/comments?post=3811"}],"version-history":[{"count":2,"href":"http:\/\/etanec.fr\/index.php\/wp-json\/wp\/v2\/product\/3811\/revisions"}],"predecessor-version":[{"id":6759,"href":"http:\/\/etanec.fr\/index.php\/wp-json\/wp\/v2\/product\/3811\/revisions\/6759"}],"wp:featuredmedia":[{"embeddable":true,"href":"http:\/\/etanec.fr\/index.php\/wp-json\/wp\/v2\/media\/3813"}],"wp:attachment":[{"href":"http:\/\/etanec.fr\/index.php\/wp-json\/wp\/v2\/media?parent=3811"}],"wp:term":[{"taxonomy":"product_brand","embeddable":true,"href":"http:\/\/etanec.fr\/index.php\/wp-json\/wp\/v2\/product_brand?post=3811"},{"taxonomy":"product_cat","embeddable":true,"href":"http:\/\/etanec.fr\/index.php\/wp-json\/wp\/v2\/product_cat?post=3811"},{"taxonomy":"product_tag","embeddable":true,"href":"http:\/\/etanec.fr\/index.php\/wp-json\/wp\/v2\/product_tag?post=3811"}],"curies":[{"name":"wp","href":"https:\/\/api.w.org\/{rel}","templated":true}]}}