{"id":3930,"date":"2023-06-22T16:21:27","date_gmt":"2023-06-22T14:21:27","guid":{"rendered":"http:\/\/etanec.fr\/?post_type=product&#038;p=3930"},"modified":"2023-06-22T16:21:27","modified_gmt":"2023-06-22T14:21:27","slug":"peinture-antirouille-speciale-securite","status":"publish","type":"product","link":"http:\/\/etanec.fr\/index.php\/produit\/peinture-antirouille-speciale-securite\/","title":{"rendered":"Peinture antirouille sp\u00e9ciale s\u00e9curit\u00e9"},"content":{"rendered":"<p>Peinture antirouille brillante \u00e0 s\u00e9chage ultra rapide qui poss\u00e8de une r\u00e9sistance \u00e9lev\u00e9e en ext\u00e9rieur et une excellente adh\u00e9rence sur une grande vari\u00e9t\u00e9 de surfaces. Haut pouvoir couvrant et excellente brillance. Effet inhibiteur de corrosion. Application tr\u00e8s facile, apporte un gain de temps : absence de sous couches et de pr\u00e9paration. Le film demeure souple afin de suivre les contractions du support. Permet de peindre directement sur le m\u00e9tal rouill\u00e9. Toutefois, l&rsquo;application sur un support sain est conseill\u00e9e pour obtenir un \u00e9tat de surface parfait<br \/>\nS&rsquo;utilise sur toutes les surfaces soumises \u00e0 oxydation : charpente m\u00e9talliques, citernes, canalisations, engins mobiles, machines outils, portes et portails&#8230; \u00c9galement recommand\u00e9e pour prot\u00e9ger et d\u00e9corer tout type de surfaces telles que le bois, le carton, la pierre, la c\u00e9ramique et de nombreux types de plastique. Id\u00e9ale pour l&rsquo;industrie, le bricolage, l&rsquo;automobile, la plomberie&#8230;<\/p>\n","protected":false},"excerpt":{"rendered":"<p>Peinture antirouille brillante \u00e0 s\u00e9chage ultra rapide qui poss\u00e8de une r\u00e9sistance \u00e9lev\u00e9e en ext\u00e9rieur et une excellente adh\u00e9rence sur une grande vari\u00e9t\u00e9 de surfaces<br \/>\nHaut pouvoir couvrant et excellente brillance<br \/>\nEffet inhibiteur de corrosion<br \/>\nApplication tr\u00e8s facile, apporte un gain de temps : absence de sous couches et de pr\u00e9paration<br \/>\nLe film demeure souple afin de suivre les contractions du support<br \/>\nPermet de peindre directement sur le m\u00e9tal rouill\u00e9<br \/>\nToutefois, l&rsquo;application sur un support sain est conseill\u00e9e pour obtenir un \u00e9tat de surface parfait<br \/>\nS&rsquo;utilise sur toutes les surfaces soumises \u00e0 oxydation : charpente m\u00e9talliques, citernes, canalisations, engins mobiles, machines outils, portes et portails<br \/>\n\u00c9galement recommand\u00e9e pour prot\u00e9ger et d\u00e9corer tout type de surfaces telles que le bois, le carton, la pierre, la c\u00e9ramique et de nombreux types de plastique<br \/>\nId\u00e9ale pour l&rsquo;industrie, le bricolage, l&rsquo;automobile, la plomberie<\/p>\n","protected":false},"featured_media":3931,"comment_status":"open","ping_status":"closed","template":"","meta":{"_monsterinsights_skip_tracking":false,"_monsterinsights_sitenote_active":false,"_monsterinsights_sitenote_note":"","_monsterinsights_sitenote_category":0,"jetpack_publicize_message":"","jetpack_publicize_feature_enabled":true,"jetpack_social_post_already_shared":false,"jetpack_social_options":{"image_generator_settings":{"template":"highway","default_image_id":0,"font":"","enabled":false},"version":2}},"product_brand":[],"product_cat":[77],"product_tag":[],"class_list":{"0":"post-3930","1":"product","2":"type-product","3":"status-publish","6":"product_cat-consommable","8":"first","9":"instock","10":"taxable","11":"shipping-taxable","12":"purchasable","13":"product-type-variable"},"yoast_head":"<!-- This site is optimized with the Yoast SEO plugin v26.6 - https:\/\/yoast.com\/wordpress\/plugins\/seo\/ -->\n<title>Peinture antirouille sp\u00e9ciale s\u00e9curit\u00e9 - ETANEC<\/title>\n<meta name=\"robots\" content=\"index, follow, max-snippet:-1, max-image-preview:large, max-video-preview:-1\" \/>\n<link rel=\"canonical\" href=\"http:\/\/etanec.fr\/index.php\/produit\/peinture-antirouille-speciale-securite\/\" \/>\n<meta property=\"og:locale\" content=\"fr_FR\" \/>\n<meta property=\"og:type\" content=\"article\" \/>\n<meta property=\"og:title\" content=\"Peinture antirouille sp\u00e9ciale s\u00e9curit\u00e9 - ETANEC\" \/>\n<meta property=\"og:description\" content=\"Peinture antirouille brillante \u00e0 s\u00e9chage ultra rapide qui poss\u00e8de une r\u00e9sistance \u00e9lev\u00e9e en ext\u00e9rieur et une excellente adh\u00e9rence sur une grande vari\u00e9t\u00e9 de surfaces Haut pouvoir couvrant et excellente brillance Effet inhibiteur de corrosion Application tr\u00e8s facile, apporte un gain de temps : absence de sous couches et de pr\u00e9paration Le film demeure souple afin de suivre les contractions du support Permet de peindre directement sur le m\u00e9tal rouill\u00e9 Toutefois, l&#039;application sur un support sain est conseill\u00e9e pour obtenir un \u00e9tat de surface parfait S&#039;utilise sur toutes les surfaces soumises \u00e0 oxydation : charpente m\u00e9talliques, citernes, canalisations, engins mobiles, machines outils, portes et portails \u00c9galement recommand\u00e9e pour prot\u00e9ger et d\u00e9corer tout type de surfaces telles que le bois, le carton, la pierre, la c\u00e9ramique et de nombreux types de plastique Id\u00e9ale pour l&#039;industrie, le bricolage, l&#039;automobile, la plomberie\" \/>\n<meta property=\"og:url\" content=\"http:\/\/etanec.fr\/index.php\/produit\/peinture-antirouille-speciale-securite\/\" \/>\n<meta property=\"og:site_name\" content=\"ETANEC\" \/>\n<meta property=\"og:image\" content=\"https:\/\/i0.wp.com\/etanec.fr\/wp-content\/uploads\/2022\/12\/663_610x610.jpg?fit=610%2C610\" \/>\n\t<meta property=\"og:image:width\" content=\"610\" \/>\n\t<meta property=\"og:image:height\" content=\"610\" \/>\n\t<meta property=\"og:image:type\" content=\"image\/jpeg\" \/>\n<meta name=\"twitter:card\" content=\"summary_large_image\" \/>\n<meta name=\"twitter:label1\" content=\"Dur\u00e9e de lecture estim\u00e9e\" \/>\n\t<meta name=\"twitter:data1\" content=\"1 minute\" \/>\n<script type=\"application\/ld+json\" class=\"yoast-schema-graph\">{\"@context\":\"https:\/\/schema.org\",\"@graph\":[{\"@type\":\"WebPage\",\"@id\":\"http:\/\/etanec.fr\/index.php\/produit\/peinture-antirouille-speciale-securite\/\",\"url\":\"http:\/\/etanec.fr\/index.php\/produit\/peinture-antirouille-speciale-securite\/\",\"name\":\"Peinture antirouille sp\u00e9ciale s\u00e9curit\u00e9 - ETANEC\",\"isPartOf\":{\"@id\":\"https:\/\/etanec.fr\/#website\"},\"primaryImageOfPage\":{\"@id\":\"http:\/\/etanec.fr\/index.php\/produit\/peinture-antirouille-speciale-securite\/#primaryimage\"},\"image\":{\"@id\":\"http:\/\/etanec.fr\/index.php\/produit\/peinture-antirouille-speciale-securite\/#primaryimage\"},\"thumbnailUrl\":\"https:\/\/i0.wp.com\/etanec.fr\/wp-content\/uploads\/2022\/12\/663_610x610.jpg?fit=610%2C610\",\"datePublished\":\"2023-06-22T14:21:27+00:00\",\"breadcrumb\":{\"@id\":\"http:\/\/etanec.fr\/index.php\/produit\/peinture-antirouille-speciale-securite\/#breadcrumb\"},\"inLanguage\":\"fr-FR\",\"potentialAction\":[{\"@type\":\"ReadAction\",\"target\":[\"http:\/\/etanec.fr\/index.php\/produit\/peinture-antirouille-speciale-securite\/\"]}]},{\"@type\":\"ImageObject\",\"inLanguage\":\"fr-FR\",\"@id\":\"http:\/\/etanec.fr\/index.php\/produit\/peinture-antirouille-speciale-securite\/#primaryimage\",\"url\":\"https:\/\/i0.wp.com\/etanec.fr\/wp-content\/uploads\/2022\/12\/663_610x610.jpg?fit=610%2C610\",\"contentUrl\":\"https:\/\/i0.wp.com\/etanec.fr\/wp-content\/uploads\/2022\/12\/663_610x610.jpg?fit=610%2C610\",\"width\":610,\"height\":610},{\"@type\":\"BreadcrumbList\",\"@id\":\"http:\/\/etanec.fr\/index.php\/produit\/peinture-antirouille-speciale-securite\/#breadcrumb\",\"itemListElement\":[{\"@type\":\"ListItem\",\"position\":1,\"name\":\"Accueil\",\"item\":\"https:\/\/etanec.fr\/\"},{\"@type\":\"ListItem\",\"position\":2,\"name\":\"Gamme de produits\",\"item\":\"https:\/\/etanec.fr\/index.php\/boutique\/\"},{\"@type\":\"ListItem\",\"position\":3,\"name\":\"Peinture antirouille sp\u00e9ciale s\u00e9curit\u00e9\"}]},{\"@type\":\"WebSite\",\"@id\":\"https:\/\/etanec.fr\/#website\",\"url\":\"https:\/\/etanec.fr\/\",\"name\":\"etanec.fr\",\"description\":\"Votre Solution en Outillage &amp; Fixation Enveloppe du batiment\",\"publisher\":{\"@id\":\"https:\/\/etanec.fr\/#organization\"},\"potentialAction\":[{\"@type\":\"SearchAction\",\"target\":{\"@type\":\"EntryPoint\",\"urlTemplate\":\"https:\/\/etanec.fr\/?s={search_term_string}\"},\"query-input\":{\"@type\":\"PropertyValueSpecification\",\"valueRequired\":true,\"valueName\":\"search_term_string\"}}],\"inLanguage\":\"fr-FR\"},{\"@type\":\"Organization\",\"@id\":\"https:\/\/etanec.fr\/#organization\",\"name\":\"etanec.fr\",\"url\":\"https:\/\/etanec.fr\/\",\"logo\":{\"@type\":\"ImageObject\",\"inLanguage\":\"fr-FR\",\"@id\":\"https:\/\/etanec.fr\/#\/schema\/logo\/image\/\",\"url\":\"https:\/\/i0.wp.com\/etanec.fr\/wp-content\/uploads\/2017\/11\/cropped-cropped-cropped-ETANEC-LOGO-2017-RVBTRANSP-HD-e1509965316759.png?fit=350%2C75\",\"contentUrl\":\"https:\/\/i0.wp.com\/etanec.fr\/wp-content\/uploads\/2017\/11\/cropped-cropped-cropped-ETANEC-LOGO-2017-RVBTRANSP-HD-e1509965316759.png?fit=350%2C75\",\"width\":350,\"height\":75,\"caption\":\"etanec.fr\"},\"image\":{\"@id\":\"https:\/\/etanec.fr\/#\/schema\/logo\/image\/\"},\"sameAs\":[\"https:\/\/www.linkedin.com\/company\/etanecgroup\/?viewAsMember=true\"]}]}<\/script>\n<!-- \/ Yoast SEO plugin. -->","yoast_head_json":{"title":"Peinture antirouille sp\u00e9ciale s\u00e9curit\u00e9 - ETANEC","robots":{"index":"index","follow":"follow","max-snippet":"max-snippet:-1","max-image-preview":"max-image-preview:large","max-video-preview":"max-video-preview:-1"},"canonical":"http:\/\/etanec.fr\/index.php\/produit\/peinture-antirouille-speciale-securite\/","og_locale":"fr_FR","og_type":"article","og_title":"Peinture antirouille sp\u00e9ciale s\u00e9curit\u00e9 - ETANEC","og_description":"Peinture antirouille brillante \u00e0 s\u00e9chage ultra rapide qui poss\u00e8de une r\u00e9sistance \u00e9lev\u00e9e en ext\u00e9rieur et une excellente adh\u00e9rence sur une grande vari\u00e9t\u00e9 de surfaces Haut pouvoir couvrant et excellente brillance Effet inhibiteur de corrosion Application tr\u00e8s facile, apporte un gain de temps : absence de sous couches et de pr\u00e9paration Le film demeure souple afin de suivre les contractions du support Permet de peindre directement sur le m\u00e9tal rouill\u00e9 Toutefois, l'application sur un support sain est conseill\u00e9e pour obtenir un \u00e9tat de surface parfait S'utilise sur toutes les surfaces soumises \u00e0 oxydation : charpente m\u00e9talliques, citernes, canalisations, engins mobiles, machines outils, portes et portails \u00c9galement recommand\u00e9e pour prot\u00e9ger et d\u00e9corer tout type de surfaces telles que le bois, le carton, la pierre, la c\u00e9ramique et de nombreux types de plastique Id\u00e9ale pour l'industrie, le bricolage, l'automobile, la plomberie","og_url":"http:\/\/etanec.fr\/index.php\/produit\/peinture-antirouille-speciale-securite\/","og_site_name":"ETANEC","og_image":[{"width":610,"height":610,"url":"https:\/\/i0.wp.com\/etanec.fr\/wp-content\/uploads\/2022\/12\/663_610x610.jpg?fit=610%2C610","type":"image\/jpeg"}],"twitter_card":"summary_large_image","twitter_misc":{"Dur\u00e9e de lecture estim\u00e9e":"1 minute"},"schema":{"@context":"https:\/\/schema.org","@graph":[{"@type":"WebPage","@id":"http:\/\/etanec.fr\/index.php\/produit\/peinture-antirouille-speciale-securite\/","url":"http:\/\/etanec.fr\/index.php\/produit\/peinture-antirouille-speciale-securite\/","name":"Peinture antirouille sp\u00e9ciale s\u00e9curit\u00e9 - ETANEC","isPartOf":{"@id":"https:\/\/etanec.fr\/#website"},"primaryImageOfPage":{"@id":"http:\/\/etanec.fr\/index.php\/produit\/peinture-antirouille-speciale-securite\/#primaryimage"},"image":{"@id":"http:\/\/etanec.fr\/index.php\/produit\/peinture-antirouille-speciale-securite\/#primaryimage"},"thumbnailUrl":"https:\/\/i0.wp.com\/etanec.fr\/wp-content\/uploads\/2022\/12\/663_610x610.jpg?fit=610%2C610","datePublished":"2023-06-22T14:21:27+00:00","breadcrumb":{"@id":"http:\/\/etanec.fr\/index.php\/produit\/peinture-antirouille-speciale-securite\/#breadcrumb"},"inLanguage":"fr-FR","potentialAction":[{"@type":"ReadAction","target":["http:\/\/etanec.fr\/index.php\/produit\/peinture-antirouille-speciale-securite\/"]}]},{"@type":"ImageObject","inLanguage":"fr-FR","@id":"http:\/\/etanec.fr\/index.php\/produit\/peinture-antirouille-speciale-securite\/#primaryimage","url":"https:\/\/i0.wp.com\/etanec.fr\/wp-content\/uploads\/2022\/12\/663_610x610.jpg?fit=610%2C610","contentUrl":"https:\/\/i0.wp.com\/etanec.fr\/wp-content\/uploads\/2022\/12\/663_610x610.jpg?fit=610%2C610","width":610,"height":610},{"@type":"BreadcrumbList","@id":"http:\/\/etanec.fr\/index.php\/produit\/peinture-antirouille-speciale-securite\/#breadcrumb","itemListElement":[{"@type":"ListItem","position":1,"name":"Accueil","item":"https:\/\/etanec.fr\/"},{"@type":"ListItem","position":2,"name":"Gamme de produits","item":"https:\/\/etanec.fr\/index.php\/boutique\/"},{"@type":"ListItem","position":3,"name":"Peinture antirouille sp\u00e9ciale s\u00e9curit\u00e9"}]},{"@type":"WebSite","@id":"https:\/\/etanec.fr\/#website","url":"https:\/\/etanec.fr\/","name":"etanec.fr","description":"Votre Solution en Outillage &amp; Fixation Enveloppe du batiment","publisher":{"@id":"https:\/\/etanec.fr\/#organization"},"potentialAction":[{"@type":"SearchAction","target":{"@type":"EntryPoint","urlTemplate":"https:\/\/etanec.fr\/?s={search_term_string}"},"query-input":{"@type":"PropertyValueSpecification","valueRequired":true,"valueName":"search_term_string"}}],"inLanguage":"fr-FR"},{"@type":"Organization","@id":"https:\/\/etanec.fr\/#organization","name":"etanec.fr","url":"https:\/\/etanec.fr\/","logo":{"@type":"ImageObject","inLanguage":"fr-FR","@id":"https:\/\/etanec.fr\/#\/schema\/logo\/image\/","url":"https:\/\/i0.wp.com\/etanec.fr\/wp-content\/uploads\/2017\/11\/cropped-cropped-cropped-ETANEC-LOGO-2017-RVBTRANSP-HD-e1509965316759.png?fit=350%2C75","contentUrl":"https:\/\/i0.wp.com\/etanec.fr\/wp-content\/uploads\/2017\/11\/cropped-cropped-cropped-ETANEC-LOGO-2017-RVBTRANSP-HD-e1509965316759.png?fit=350%2C75","width":350,"height":75,"caption":"etanec.fr"},"image":{"@id":"https:\/\/etanec.fr\/#\/schema\/logo\/image\/"},"sameAs":["https:\/\/www.linkedin.com\/company\/etanecgroup\/?viewAsMember=true"]}]}},"jetpack_publicize_connections":[],"jetpack_sharing_enabled":true,"_links":{"self":[{"href":"http:\/\/etanec.fr\/index.php\/wp-json\/wp\/v2\/product\/3930","targetHints":{"allow":["GET"]}}],"collection":[{"href":"http:\/\/etanec.fr\/index.php\/wp-json\/wp\/v2\/product"}],"about":[{"href":"http:\/\/etanec.fr\/index.php\/wp-json\/wp\/v2\/types\/product"}],"replies":[{"embeddable":true,"href":"http:\/\/etanec.fr\/index.php\/wp-json\/wp\/v2\/comments?post=3930"}],"version-history":[{"count":2,"href":"http:\/\/etanec.fr\/index.php\/wp-json\/wp\/v2\/product\/3930\/revisions"}],"predecessor-version":[{"id":6772,"href":"http:\/\/etanec.fr\/index.php\/wp-json\/wp\/v2\/product\/3930\/revisions\/6772"}],"wp:featuredmedia":[{"embeddable":true,"href":"http:\/\/etanec.fr\/index.php\/wp-json\/wp\/v2\/media\/3931"}],"wp:attachment":[{"href":"http:\/\/etanec.fr\/index.php\/wp-json\/wp\/v2\/media?parent=3930"}],"wp:term":[{"taxonomy":"product_brand","embeddable":true,"href":"http:\/\/etanec.fr\/index.php\/wp-json\/wp\/v2\/product_brand?post=3930"},{"taxonomy":"product_cat","embeddable":true,"href":"http:\/\/etanec.fr\/index.php\/wp-json\/wp\/v2\/product_cat?post=3930"},{"taxonomy":"product_tag","embeddable":true,"href":"http:\/\/etanec.fr\/index.php\/wp-json\/wp\/v2\/product_tag?post=3930"}],"curies":[{"name":"wp","href":"https:\/\/api.w.org\/{rel}","templated":true}]}}