{"id":3948,"date":"2023-06-22T16:34:12","date_gmt":"2023-06-22T14:34:12","guid":{"rendered":"http:\/\/etanec.fr\/?post_type=product&#038;p=3948"},"modified":"2023-06-22T16:34:13","modified_gmt":"2023-06-22T14:34:13","slug":"peinture-alu-titan-1l-haute-temperature","status":"publish","type":"product","link":"http:\/\/etanec.fr\/index.php\/produit\/peinture-alu-titan-1l-haute-temperature\/","title":{"rendered":"Peinture alu TITAN 1L Haute Temp\u00e9rature"},"content":{"rendered":"<p>Peinture \u00e0 base de r\u00e9sine de p\u00e9trole modifi\u00e9 pour une tenue \u00e0 de hautes temp\u00e9ratures.\u00a0Protection et entretien de toutes pi\u00e8ces m\u00e9talliques soumises \u00e0 la chaleur (radiateurs, chaudi\u00e8res, tuyaux de po\u00eale, tuyaux d\u2019\u00e9chappement, corps de chauffe,\u2026) mais \u00e9galement pour prot\u00e9ger des charpentes m\u00e9talliques, citernes, grillages jouant ainsi un r\u00f4le antirouille et anti-oxydant, tant \u00e0 l\u2019int\u00e9rieur qu\u2019\u00e0 l\u2019ext\u00e9rieur. Ne r\u00e9siste pas au frottement. Ne convient pas aux objets devant \u00eatre manipul\u00e9s. Ne supporte pas l\u2019accrochage d\u2019un vernis de finition.\u00a0Peut \u00eatre employ\u00e9e sur des surfaces en bois comme fongicide mais il est possible d\u2019obtenir de nombreux effets d\u00e9coratifs sur des supports tels que : feuillages s\u00e9ch\u00e9s, branchages, cailloux, bouteilles de verre,\u2026..\u00a0Bien remuer avant et pendant l\u2019utilisation. S\u2019applique facilement \u00e0 la brosse, au pistolet (\u00e9ventuellement diluer de 5 \u00e0 10 % avec du WS), au tremp\u00e9.\u00a0S\u00e9chage rapide en 2 heures.\u00a0Conditionnement: pot 1L<\/p>\n","protected":false},"excerpt":{"rendered":"<p>Peinture \u00e0 base de r\u00e9sine de p\u00e9trole modifi\u00e9 pour une tenue \u00e0 de hautes temp\u00e9ratures.<\/p>\n<p>Protection et entretien de toutes pi\u00e8ces m\u00e9talliques soumises \u00e0 la chaleur (radiateurs, chaudi\u00e8res, tuyaux de po\u00eale, tuyaux d\u2019\u00e9chappement, corps de chauffe,\u2026)<\/p>\n<p>Prot\u00e8ge \u00e9galement des charpentes m\u00e9talliques, citernes, grillages jouant ainsi un r\u00f4le antirouille et anti-oxydant, tant \u00e0 l\u2019int\u00e9rieur qu\u2019\u00e0 l\u2019ext\u00e9rieur<\/p>\n<p>Ne r\u00e9siste pas au frottement. Ne convient pas aux objets devant \u00eatre manipul\u00e9s. Ne supporte pas l\u2019accrochage d\u2019un vernis de finition<\/p>\n<p>Peut \u00eatre employ\u00e9e sur des surfaces en bois comme fongicide mais il est possible d\u2019obtenir de nombreux effets d\u00e9coratifs sur des supports tels que : feuillages s\u00e9ch\u00e9s, branchages, cailloux, bouteilles de verre<\/p>\n<p>Bien remuer avant et pendant l\u2019utilisation. S\u2019applique facilement \u00e0 la brosse, au pistolet (\u00e9ventuellement diluer de 5 \u00e0 10 % avec du WS), au tremp\u00e9<\/p>\n<p>S\u00e9chage rapide en 2 heures<\/p>\n<p>Conditionnement: pot 1L<\/p>\n","protected":false},"featured_media":3949,"comment_status":"open","ping_status":"closed","template":"","meta":{"_monsterinsights_skip_tracking":false,"_monsterinsights_sitenote_active":false,"_monsterinsights_sitenote_note":"","_monsterinsights_sitenote_category":0,"jetpack_publicize_message":"","jetpack_publicize_feature_enabled":true,"jetpack_social_post_already_shared":false,"jetpack_social_options":{"image_generator_settings":{"template":"highway","default_image_id":0,"font":"","enabled":false},"version":2}},"product_brand":[],"product_cat":[77],"product_tag":[],"class_list":{"0":"post-3948","1":"product","2":"type-product","3":"status-publish","6":"product_cat-consommable","8":"first","9":"instock","10":"taxable","11":"shipping-taxable","12":"product-type-simple"},"yoast_head":"<!-- This site is optimized with the Yoast SEO plugin v26.6 - https:\/\/yoast.com\/wordpress\/plugins\/seo\/ -->\n<title>Peinture alu TITAN 1L Haute Temp\u00e9rature - ETANEC<\/title>\n<meta name=\"robots\" content=\"index, follow, max-snippet:-1, max-image-preview:large, max-video-preview:-1\" \/>\n<link rel=\"canonical\" href=\"https:\/\/etanec.fr\/index.php\/produit\/peinture-alu-titan-1l-haute-temperature\/\" \/>\n<meta property=\"og:locale\" content=\"fr_FR\" \/>\n<meta property=\"og:type\" content=\"article\" \/>\n<meta property=\"og:title\" content=\"Peinture alu TITAN 1L Haute Temp\u00e9rature - ETANEC\" \/>\n<meta property=\"og:description\" content=\"Peinture \u00e0 base de r\u00e9sine de p\u00e9trole modifi\u00e9 pour une tenue \u00e0 de hautes temp\u00e9ratures.  Protection et entretien de toutes pi\u00e8ces m\u00e9talliques soumises \u00e0 la chaleur (radiateurs, chaudi\u00e8res, tuyaux de po\u00eale, tuyaux d\u2019\u00e9chappement, corps de chauffe,\u2026)  Prot\u00e8ge \u00e9galement des charpentes m\u00e9talliques, citernes, grillages jouant ainsi un r\u00f4le antirouille et anti-oxydant, tant \u00e0 l\u2019int\u00e9rieur qu\u2019\u00e0 l\u2019ext\u00e9rieur  Ne r\u00e9siste pas au frottement. Ne convient pas aux objets devant \u00eatre manipul\u00e9s. Ne supporte pas l\u2019accrochage d\u2019un vernis de finition  Peut \u00eatre employ\u00e9e sur des surfaces en bois comme fongicide mais il est possible d\u2019obtenir de nombreux effets d\u00e9coratifs sur des supports tels que : feuillages s\u00e9ch\u00e9s, branchages, cailloux, bouteilles de verre  Bien remuer avant et pendant l\u2019utilisation. S\u2019applique facilement \u00e0 la brosse, au pistolet (\u00e9ventuellement diluer de 5 \u00e0 10 % avec du WS), au tremp\u00e9  S\u00e9chage rapide en 2 heures  Conditionnement: pot 1L\" \/>\n<meta property=\"og:url\" content=\"https:\/\/etanec.fr\/index.php\/produit\/peinture-alu-titan-1l-haute-temperature\/\" \/>\n<meta property=\"og:site_name\" content=\"ETANEC\" \/>\n<meta property=\"article:modified_time\" content=\"2023-06-22T14:34:13+00:00\" \/>\n<meta property=\"og:image\" content=\"https:\/\/i0.wp.com\/etanec.fr\/wp-content\/uploads\/2022\/12\/k600100_610x610.jpg?fit=610%2C610&ssl=1\" \/>\n\t<meta property=\"og:image:width\" content=\"610\" \/>\n\t<meta property=\"og:image:height\" content=\"610\" \/>\n\t<meta property=\"og:image:type\" content=\"image\/jpeg\" \/>\n<meta name=\"twitter:card\" content=\"summary_large_image\" \/>\n<meta name=\"twitter:label1\" content=\"Dur\u00e9e de lecture estim\u00e9e\" \/>\n\t<meta name=\"twitter:data1\" content=\"1 minute\" \/>\n<script type=\"application\/ld+json\" class=\"yoast-schema-graph\">{\"@context\":\"https:\/\/schema.org\",\"@graph\":[{\"@type\":\"WebPage\",\"@id\":\"https:\/\/etanec.fr\/index.php\/produit\/peinture-alu-titan-1l-haute-temperature\/\",\"url\":\"https:\/\/etanec.fr\/index.php\/produit\/peinture-alu-titan-1l-haute-temperature\/\",\"name\":\"Peinture alu TITAN 1L Haute Temp\u00e9rature - ETANEC\",\"isPartOf\":{\"@id\":\"https:\/\/etanec.fr\/#website\"},\"primaryImageOfPage\":{\"@id\":\"https:\/\/etanec.fr\/index.php\/produit\/peinture-alu-titan-1l-haute-temperature\/#primaryimage\"},\"image\":{\"@id\":\"https:\/\/etanec.fr\/index.php\/produit\/peinture-alu-titan-1l-haute-temperature\/#primaryimage\"},\"thumbnailUrl\":\"https:\/\/i0.wp.com\/etanec.fr\/wp-content\/uploads\/2022\/12\/k600100_610x610.jpg?fit=610%2C610\",\"datePublished\":\"2023-06-22T14:34:12+00:00\",\"dateModified\":\"2023-06-22T14:34:13+00:00\",\"breadcrumb\":{\"@id\":\"https:\/\/etanec.fr\/index.php\/produit\/peinture-alu-titan-1l-haute-temperature\/#breadcrumb\"},\"inLanguage\":\"fr-FR\",\"potentialAction\":[{\"@type\":\"ReadAction\",\"target\":[\"https:\/\/etanec.fr\/index.php\/produit\/peinture-alu-titan-1l-haute-temperature\/\"]}]},{\"@type\":\"ImageObject\",\"inLanguage\":\"fr-FR\",\"@id\":\"https:\/\/etanec.fr\/index.php\/produit\/peinture-alu-titan-1l-haute-temperature\/#primaryimage\",\"url\":\"https:\/\/i0.wp.com\/etanec.fr\/wp-content\/uploads\/2022\/12\/k600100_610x610.jpg?fit=610%2C610\",\"contentUrl\":\"https:\/\/i0.wp.com\/etanec.fr\/wp-content\/uploads\/2022\/12\/k600100_610x610.jpg?fit=610%2C610\",\"width\":610,\"height\":610},{\"@type\":\"BreadcrumbList\",\"@id\":\"https:\/\/etanec.fr\/index.php\/produit\/peinture-alu-titan-1l-haute-temperature\/#breadcrumb\",\"itemListElement\":[{\"@type\":\"ListItem\",\"position\":1,\"name\":\"Accueil\",\"item\":\"https:\/\/etanec.fr\/\"},{\"@type\":\"ListItem\",\"position\":2,\"name\":\"Gamme de produits\",\"item\":\"https:\/\/etanec.fr\/index.php\/boutique\/\"},{\"@type\":\"ListItem\",\"position\":3,\"name\":\"Peinture alu TITAN 1L Haute Temp\u00e9rature\"}]},{\"@type\":\"WebSite\",\"@id\":\"https:\/\/etanec.fr\/#website\",\"url\":\"https:\/\/etanec.fr\/\",\"name\":\"etanec.fr\",\"description\":\"Votre Solution en Outillage &amp; Fixation Enveloppe du batiment\",\"publisher\":{\"@id\":\"https:\/\/etanec.fr\/#organization\"},\"potentialAction\":[{\"@type\":\"SearchAction\",\"target\":{\"@type\":\"EntryPoint\",\"urlTemplate\":\"https:\/\/etanec.fr\/?s={search_term_string}\"},\"query-input\":{\"@type\":\"PropertyValueSpecification\",\"valueRequired\":true,\"valueName\":\"search_term_string\"}}],\"inLanguage\":\"fr-FR\"},{\"@type\":\"Organization\",\"@id\":\"https:\/\/etanec.fr\/#organization\",\"name\":\"etanec.fr\",\"url\":\"https:\/\/etanec.fr\/\",\"logo\":{\"@type\":\"ImageObject\",\"inLanguage\":\"fr-FR\",\"@id\":\"https:\/\/etanec.fr\/#\/schema\/logo\/image\/\",\"url\":\"https:\/\/i0.wp.com\/etanec.fr\/wp-content\/uploads\/2017\/11\/cropped-cropped-cropped-ETANEC-LOGO-2017-RVBTRANSP-HD-e1509965316759.png?fit=350%2C75\",\"contentUrl\":\"https:\/\/i0.wp.com\/etanec.fr\/wp-content\/uploads\/2017\/11\/cropped-cropped-cropped-ETANEC-LOGO-2017-RVBTRANSP-HD-e1509965316759.png?fit=350%2C75\",\"width\":350,\"height\":75,\"caption\":\"etanec.fr\"},\"image\":{\"@id\":\"https:\/\/etanec.fr\/#\/schema\/logo\/image\/\"},\"sameAs\":[\"https:\/\/www.linkedin.com\/company\/etanecgroup\/?viewAsMember=true\"]}]}<\/script>\n<!-- \/ Yoast SEO plugin. -->","yoast_head_json":{"title":"Peinture alu TITAN 1L Haute Temp\u00e9rature - ETANEC","robots":{"index":"index","follow":"follow","max-snippet":"max-snippet:-1","max-image-preview":"max-image-preview:large","max-video-preview":"max-video-preview:-1"},"canonical":"https:\/\/etanec.fr\/index.php\/produit\/peinture-alu-titan-1l-haute-temperature\/","og_locale":"fr_FR","og_type":"article","og_title":"Peinture alu TITAN 1L Haute Temp\u00e9rature - ETANEC","og_description":"Peinture \u00e0 base de r\u00e9sine de p\u00e9trole modifi\u00e9 pour une tenue \u00e0 de hautes temp\u00e9ratures.  Protection et entretien de toutes pi\u00e8ces m\u00e9talliques soumises \u00e0 la chaleur (radiateurs, chaudi\u00e8res, tuyaux de po\u00eale, tuyaux d\u2019\u00e9chappement, corps de chauffe,\u2026)  Prot\u00e8ge \u00e9galement des charpentes m\u00e9talliques, citernes, grillages jouant ainsi un r\u00f4le antirouille et anti-oxydant, tant \u00e0 l\u2019int\u00e9rieur qu\u2019\u00e0 l\u2019ext\u00e9rieur  Ne r\u00e9siste pas au frottement. Ne convient pas aux objets devant \u00eatre manipul\u00e9s. Ne supporte pas l\u2019accrochage d\u2019un vernis de finition  Peut \u00eatre employ\u00e9e sur des surfaces en bois comme fongicide mais il est possible d\u2019obtenir de nombreux effets d\u00e9coratifs sur des supports tels que : feuillages s\u00e9ch\u00e9s, branchages, cailloux, bouteilles de verre  Bien remuer avant et pendant l\u2019utilisation. S\u2019applique facilement \u00e0 la brosse, au pistolet (\u00e9ventuellement diluer de 5 \u00e0 10 % avec du WS), au tremp\u00e9  S\u00e9chage rapide en 2 heures  Conditionnement: pot 1L","og_url":"https:\/\/etanec.fr\/index.php\/produit\/peinture-alu-titan-1l-haute-temperature\/","og_site_name":"ETANEC","article_modified_time":"2023-06-22T14:34:13+00:00","og_image":[{"width":610,"height":610,"url":"https:\/\/i0.wp.com\/etanec.fr\/wp-content\/uploads\/2022\/12\/k600100_610x610.jpg?fit=610%2C610&ssl=1","type":"image\/jpeg"}],"twitter_card":"summary_large_image","twitter_misc":{"Dur\u00e9e de lecture estim\u00e9e":"1 minute"},"schema":{"@context":"https:\/\/schema.org","@graph":[{"@type":"WebPage","@id":"https:\/\/etanec.fr\/index.php\/produit\/peinture-alu-titan-1l-haute-temperature\/","url":"https:\/\/etanec.fr\/index.php\/produit\/peinture-alu-titan-1l-haute-temperature\/","name":"Peinture alu TITAN 1L Haute Temp\u00e9rature - ETANEC","isPartOf":{"@id":"https:\/\/etanec.fr\/#website"},"primaryImageOfPage":{"@id":"https:\/\/etanec.fr\/index.php\/produit\/peinture-alu-titan-1l-haute-temperature\/#primaryimage"},"image":{"@id":"https:\/\/etanec.fr\/index.php\/produit\/peinture-alu-titan-1l-haute-temperature\/#primaryimage"},"thumbnailUrl":"https:\/\/i0.wp.com\/etanec.fr\/wp-content\/uploads\/2022\/12\/k600100_610x610.jpg?fit=610%2C610","datePublished":"2023-06-22T14:34:12+00:00","dateModified":"2023-06-22T14:34:13+00:00","breadcrumb":{"@id":"https:\/\/etanec.fr\/index.php\/produit\/peinture-alu-titan-1l-haute-temperature\/#breadcrumb"},"inLanguage":"fr-FR","potentialAction":[{"@type":"ReadAction","target":["https:\/\/etanec.fr\/index.php\/produit\/peinture-alu-titan-1l-haute-temperature\/"]}]},{"@type":"ImageObject","inLanguage":"fr-FR","@id":"https:\/\/etanec.fr\/index.php\/produit\/peinture-alu-titan-1l-haute-temperature\/#primaryimage","url":"https:\/\/i0.wp.com\/etanec.fr\/wp-content\/uploads\/2022\/12\/k600100_610x610.jpg?fit=610%2C610","contentUrl":"https:\/\/i0.wp.com\/etanec.fr\/wp-content\/uploads\/2022\/12\/k600100_610x610.jpg?fit=610%2C610","width":610,"height":610},{"@type":"BreadcrumbList","@id":"https:\/\/etanec.fr\/index.php\/produit\/peinture-alu-titan-1l-haute-temperature\/#breadcrumb","itemListElement":[{"@type":"ListItem","position":1,"name":"Accueil","item":"https:\/\/etanec.fr\/"},{"@type":"ListItem","position":2,"name":"Gamme de produits","item":"https:\/\/etanec.fr\/index.php\/boutique\/"},{"@type":"ListItem","position":3,"name":"Peinture alu TITAN 1L Haute Temp\u00e9rature"}]},{"@type":"WebSite","@id":"https:\/\/etanec.fr\/#website","url":"https:\/\/etanec.fr\/","name":"etanec.fr","description":"Votre Solution en Outillage &amp; Fixation Enveloppe du batiment","publisher":{"@id":"https:\/\/etanec.fr\/#organization"},"potentialAction":[{"@type":"SearchAction","target":{"@type":"EntryPoint","urlTemplate":"https:\/\/etanec.fr\/?s={search_term_string}"},"query-input":{"@type":"PropertyValueSpecification","valueRequired":true,"valueName":"search_term_string"}}],"inLanguage":"fr-FR"},{"@type":"Organization","@id":"https:\/\/etanec.fr\/#organization","name":"etanec.fr","url":"https:\/\/etanec.fr\/","logo":{"@type":"ImageObject","inLanguage":"fr-FR","@id":"https:\/\/etanec.fr\/#\/schema\/logo\/image\/","url":"https:\/\/i0.wp.com\/etanec.fr\/wp-content\/uploads\/2017\/11\/cropped-cropped-cropped-ETANEC-LOGO-2017-RVBTRANSP-HD-e1509965316759.png?fit=350%2C75","contentUrl":"https:\/\/i0.wp.com\/etanec.fr\/wp-content\/uploads\/2017\/11\/cropped-cropped-cropped-ETANEC-LOGO-2017-RVBTRANSP-HD-e1509965316759.png?fit=350%2C75","width":350,"height":75,"caption":"etanec.fr"},"image":{"@id":"https:\/\/etanec.fr\/#\/schema\/logo\/image\/"},"sameAs":["https:\/\/www.linkedin.com\/company\/etanecgroup\/?viewAsMember=true"]}]}},"jetpack_publicize_connections":[],"jetpack_sharing_enabled":true,"_links":{"self":[{"href":"http:\/\/etanec.fr\/index.php\/wp-json\/wp\/v2\/product\/3948","targetHints":{"allow":["GET"]}}],"collection":[{"href":"http:\/\/etanec.fr\/index.php\/wp-json\/wp\/v2\/product"}],"about":[{"href":"http:\/\/etanec.fr\/index.php\/wp-json\/wp\/v2\/types\/product"}],"replies":[{"embeddable":true,"href":"http:\/\/etanec.fr\/index.php\/wp-json\/wp\/v2\/comments?post=3948"}],"version-history":[{"count":2,"href":"http:\/\/etanec.fr\/index.php\/wp-json\/wp\/v2\/product\/3948\/revisions"}],"predecessor-version":[{"id":6773,"href":"http:\/\/etanec.fr\/index.php\/wp-json\/wp\/v2\/product\/3948\/revisions\/6773"}],"wp:featuredmedia":[{"embeddable":true,"href":"http:\/\/etanec.fr\/index.php\/wp-json\/wp\/v2\/media\/3949"}],"wp:attachment":[{"href":"http:\/\/etanec.fr\/index.php\/wp-json\/wp\/v2\/media?parent=3948"}],"wp:term":[{"taxonomy":"product_brand","embeddable":true,"href":"http:\/\/etanec.fr\/index.php\/wp-json\/wp\/v2\/product_brand?post=3948"},{"taxonomy":"product_cat","embeddable":true,"href":"http:\/\/etanec.fr\/index.php\/wp-json\/wp\/v2\/product_cat?post=3948"},{"taxonomy":"product_tag","embeddable":true,"href":"http:\/\/etanec.fr\/index.php\/wp-json\/wp\/v2\/product_tag?post=3948"}],"curies":[{"name":"wp","href":"https:\/\/api.w.org\/{rel}","templated":true}]}}