{"id":3977,"date":"2023-06-26T12:01:22","date_gmt":"2023-06-26T10:01:22","guid":{"rendered":"http:\/\/etanec.fr\/?post_type=product&#038;p=3977"},"modified":"2023-06-26T12:01:23","modified_gmt":"2023-06-26T10:01:23","slug":"traceur-permanent-precision-1000ml-rocol","status":"publish","type":"product","link":"http:\/\/etanec.fr\/index.php\/produit\/traceur-permanent-precision-1000ml-rocol\/","title":{"rendered":"Traceur permanent pr\u00e9cision 1000ml ROCOL"},"content":{"rendered":"<p>Produit id\u00e9al pour cr\u00e9er les lignes de stationnement en g\u00e9n\u00e9ral, la signalisation des zones dangereuses, de rendre visibles les lieux de fouille, l&rsquo;excavation, la d\u00e9marcation des travaux d&rsquo;entretien.<br \/>\nTr\u00e8s r\u00e9sistant aux intemp\u00e9ries et aux produits chimiques, il peut \u00eatre utilis\u00e9 sur de nombreuses surfaces telles que le ciment, l&rsquo;asphalte, le verre, le bois, les mati\u00e8res synth\u00e9tiques.<br \/>\nPossibilit\u00e9 d&rsquo;obtenir des lignes de haute pr\u00e9cision, et de largeur variable de 10 \u00e0 15 cm.<br \/>\nLa surface trait\u00e9e varie en fonction de la vitesse de d\u00e9placement et de la porosit\u00e9 de la surface (40-50 m).<\/p>\n<p>&nbsp;<\/p>\n<p>Couleur : Noir, Blanc, Jaune<\/p>\n<p>Contenance\u00a0: 750ml<\/p>\n<p>Conditionnement : unit\u00e9 ou lot de 6<\/p>\n","protected":false},"excerpt":{"rendered":"<p>Produit id\u00e9al pour cr\u00e9er les lignes de stationnement en g\u00e9n\u00e9ral<\/p>\n<p>La signalisation des zones dangereuses, de rendre visibles les lieux de fouille, l&rsquo;excavation, la d\u00e9marcation des travaux d&rsquo;entretien<\/p>\n<p>Tr\u00e8s r\u00e9sistant aux intemp\u00e9ries et aux produits chimiques, il peut \u00eatre utilis\u00e9 sur de nombreuses surfaces telles que le ciment, l&rsquo;asphalte, le verre, le bois, les mati\u00e8res synth\u00e9tiques<\/p>\n<p>Possibilit\u00e9 d&rsquo;obtenir des lignes de haute pr\u00e9cision, et de largeur variable de 10 \u00e0 15 cm<\/p>\n<p>La surface trait\u00e9e varie en fonction de la vitesse de d\u00e9placement et de la porosit\u00e9 de la surface (40-50 m)<\/p>\n<p>Couleur : Noir, Blanc, Jaune<\/p>\n<p>Contenance\u00a0: 750ml<\/p>\n<p>Conditionnement : unit\u00e9 ou lot de 6<\/p>\n","protected":false},"featured_media":3978,"comment_status":"open","ping_status":"closed","template":"","meta":{"_monsterinsights_skip_tracking":false,"_monsterinsights_sitenote_active":false,"_monsterinsights_sitenote_note":"","_monsterinsights_sitenote_category":0,"jetpack_publicize_message":"","jetpack_publicize_feature_enabled":true,"jetpack_social_post_already_shared":false,"jetpack_social_options":{"image_generator_settings":{"template":"highway","default_image_id":0,"font":"","enabled":false},"version":2}},"product_brand":[],"product_cat":[77],"product_tag":[],"class_list":{"0":"post-3977","1":"product","2":"type-product","3":"status-publish","6":"product_cat-consommable","8":"first","9":"instock","10":"taxable","11":"shipping-taxable","12":"product-type-simple"},"yoast_head":"<!-- This site is optimized with the Yoast SEO plugin v26.6 - https:\/\/yoast.com\/wordpress\/plugins\/seo\/ -->\n<title>Traceur permanent pr\u00e9cision 1000ml ROCOL - ETANEC<\/title>\n<meta name=\"robots\" content=\"index, follow, max-snippet:-1, max-image-preview:large, max-video-preview:-1\" \/>\n<link rel=\"canonical\" href=\"http:\/\/etanec.fr\/index.php\/produit\/traceur-permanent-precision-1000ml-rocol\/\" \/>\n<meta property=\"og:locale\" content=\"fr_FR\" \/>\n<meta property=\"og:type\" content=\"article\" \/>\n<meta property=\"og:title\" content=\"Traceur permanent pr\u00e9cision 1000ml ROCOL - ETANEC\" \/>\n<meta property=\"og:description\" content=\"Produit id\u00e9al pour cr\u00e9er les lignes de stationnement en g\u00e9n\u00e9ral  La signalisation des zones dangereuses, de rendre visibles les lieux de fouille, l&#039;excavation, la d\u00e9marcation des travaux d&#039;entretien  Tr\u00e8s r\u00e9sistant aux intemp\u00e9ries et aux produits chimiques, il peut \u00eatre utilis\u00e9 sur de nombreuses surfaces telles que le ciment, l&#039;asphalte, le verre, le bois, les mati\u00e8res synth\u00e9tiques  Possibilit\u00e9 d&#039;obtenir des lignes de haute pr\u00e9cision, et de largeur variable de 10 \u00e0 15 cm  La surface trait\u00e9e varie en fonction de la vitesse de d\u00e9placement et de la porosit\u00e9 de la surface (40-50 m)  Couleur : Noir, Blanc, Jaune  Contenance\u00a0: 750ml  Conditionnement : unit\u00e9 ou lot de 6\" \/>\n<meta property=\"og:url\" content=\"http:\/\/etanec.fr\/index.php\/produit\/traceur-permanent-precision-1000ml-rocol\/\" \/>\n<meta property=\"og:site_name\" content=\"ETANEC\" \/>\n<meta property=\"article:modified_time\" content=\"2023-06-26T10:01:23+00:00\" \/>\n<meta property=\"og:image\" content=\"https:\/\/i0.wp.com\/etanec.fr\/wp-content\/uploads\/2022\/12\/traitvite-600x600-1.jpg?fit=600%2C600\" \/>\n\t<meta property=\"og:image:width\" content=\"600\" \/>\n\t<meta property=\"og:image:height\" content=\"600\" \/>\n\t<meta property=\"og:image:type\" content=\"image\/jpeg\" \/>\n<meta name=\"twitter:card\" content=\"summary_large_image\" \/>\n<meta name=\"twitter:label1\" content=\"Dur\u00e9e de lecture estim\u00e9e\" \/>\n\t<meta name=\"twitter:data1\" content=\"1 minute\" \/>\n<script type=\"application\/ld+json\" class=\"yoast-schema-graph\">{\"@context\":\"https:\/\/schema.org\",\"@graph\":[{\"@type\":\"WebPage\",\"@id\":\"http:\/\/etanec.fr\/index.php\/produit\/traceur-permanent-precision-1000ml-rocol\/\",\"url\":\"http:\/\/etanec.fr\/index.php\/produit\/traceur-permanent-precision-1000ml-rocol\/\",\"name\":\"Traceur permanent pr\u00e9cision 1000ml ROCOL - ETANEC\",\"isPartOf\":{\"@id\":\"https:\/\/etanec.fr\/#website\"},\"primaryImageOfPage\":{\"@id\":\"http:\/\/etanec.fr\/index.php\/produit\/traceur-permanent-precision-1000ml-rocol\/#primaryimage\"},\"image\":{\"@id\":\"http:\/\/etanec.fr\/index.php\/produit\/traceur-permanent-precision-1000ml-rocol\/#primaryimage\"},\"thumbnailUrl\":\"https:\/\/i0.wp.com\/etanec.fr\/wp-content\/uploads\/2022\/12\/traitvite-600x600-1.jpg?fit=600%2C600\",\"datePublished\":\"2023-06-26T10:01:22+00:00\",\"dateModified\":\"2023-06-26T10:01:23+00:00\",\"breadcrumb\":{\"@id\":\"http:\/\/etanec.fr\/index.php\/produit\/traceur-permanent-precision-1000ml-rocol\/#breadcrumb\"},\"inLanguage\":\"fr-FR\",\"potentialAction\":[{\"@type\":\"ReadAction\",\"target\":[\"http:\/\/etanec.fr\/index.php\/produit\/traceur-permanent-precision-1000ml-rocol\/\"]}]},{\"@type\":\"ImageObject\",\"inLanguage\":\"fr-FR\",\"@id\":\"http:\/\/etanec.fr\/index.php\/produit\/traceur-permanent-precision-1000ml-rocol\/#primaryimage\",\"url\":\"https:\/\/i0.wp.com\/etanec.fr\/wp-content\/uploads\/2022\/12\/traitvite-600x600-1.jpg?fit=600%2C600\",\"contentUrl\":\"https:\/\/i0.wp.com\/etanec.fr\/wp-content\/uploads\/2022\/12\/traitvite-600x600-1.jpg?fit=600%2C600\",\"width\":600,\"height\":600},{\"@type\":\"BreadcrumbList\",\"@id\":\"http:\/\/etanec.fr\/index.php\/produit\/traceur-permanent-precision-1000ml-rocol\/#breadcrumb\",\"itemListElement\":[{\"@type\":\"ListItem\",\"position\":1,\"name\":\"Accueil\",\"item\":\"https:\/\/etanec.fr\/\"},{\"@type\":\"ListItem\",\"position\":2,\"name\":\"Gamme de produits\",\"item\":\"https:\/\/etanec.fr\/index.php\/boutique\/\"},{\"@type\":\"ListItem\",\"position\":3,\"name\":\"Traceur permanent pr\u00e9cision 1000ml ROCOL\"}]},{\"@type\":\"WebSite\",\"@id\":\"https:\/\/etanec.fr\/#website\",\"url\":\"https:\/\/etanec.fr\/\",\"name\":\"etanec.fr\",\"description\":\"Votre Solution en Outillage &amp; Fixation Enveloppe du batiment\",\"publisher\":{\"@id\":\"https:\/\/etanec.fr\/#organization\"},\"potentialAction\":[{\"@type\":\"SearchAction\",\"target\":{\"@type\":\"EntryPoint\",\"urlTemplate\":\"https:\/\/etanec.fr\/?s={search_term_string}\"},\"query-input\":{\"@type\":\"PropertyValueSpecification\",\"valueRequired\":true,\"valueName\":\"search_term_string\"}}],\"inLanguage\":\"fr-FR\"},{\"@type\":\"Organization\",\"@id\":\"https:\/\/etanec.fr\/#organization\",\"name\":\"etanec.fr\",\"url\":\"https:\/\/etanec.fr\/\",\"logo\":{\"@type\":\"ImageObject\",\"inLanguage\":\"fr-FR\",\"@id\":\"https:\/\/etanec.fr\/#\/schema\/logo\/image\/\",\"url\":\"https:\/\/i0.wp.com\/etanec.fr\/wp-content\/uploads\/2017\/11\/cropped-cropped-cropped-ETANEC-LOGO-2017-RVBTRANSP-HD-e1509965316759.png?fit=350%2C75\",\"contentUrl\":\"https:\/\/i0.wp.com\/etanec.fr\/wp-content\/uploads\/2017\/11\/cropped-cropped-cropped-ETANEC-LOGO-2017-RVBTRANSP-HD-e1509965316759.png?fit=350%2C75\",\"width\":350,\"height\":75,\"caption\":\"etanec.fr\"},\"image\":{\"@id\":\"https:\/\/etanec.fr\/#\/schema\/logo\/image\/\"},\"sameAs\":[\"https:\/\/www.linkedin.com\/company\/etanecgroup\/?viewAsMember=true\"]}]}<\/script>\n<!-- \/ Yoast SEO plugin. -->","yoast_head_json":{"title":"Traceur permanent pr\u00e9cision 1000ml ROCOL - ETANEC","robots":{"index":"index","follow":"follow","max-snippet":"max-snippet:-1","max-image-preview":"max-image-preview:large","max-video-preview":"max-video-preview:-1"},"canonical":"http:\/\/etanec.fr\/index.php\/produit\/traceur-permanent-precision-1000ml-rocol\/","og_locale":"fr_FR","og_type":"article","og_title":"Traceur permanent pr\u00e9cision 1000ml ROCOL - ETANEC","og_description":"Produit id\u00e9al pour cr\u00e9er les lignes de stationnement en g\u00e9n\u00e9ral  La signalisation des zones dangereuses, de rendre visibles les lieux de fouille, l'excavation, la d\u00e9marcation des travaux d'entretien  Tr\u00e8s r\u00e9sistant aux intemp\u00e9ries et aux produits chimiques, il peut \u00eatre utilis\u00e9 sur de nombreuses surfaces telles que le ciment, l'asphalte, le verre, le bois, les mati\u00e8res synth\u00e9tiques  Possibilit\u00e9 d'obtenir des lignes de haute pr\u00e9cision, et de largeur variable de 10 \u00e0 15 cm  La surface trait\u00e9e varie en fonction de la vitesse de d\u00e9placement et de la porosit\u00e9 de la surface (40-50 m)  Couleur : Noir, Blanc, Jaune  Contenance\u00a0: 750ml  Conditionnement : unit\u00e9 ou lot de 6","og_url":"http:\/\/etanec.fr\/index.php\/produit\/traceur-permanent-precision-1000ml-rocol\/","og_site_name":"ETANEC","article_modified_time":"2023-06-26T10:01:23+00:00","og_image":[{"width":600,"height":600,"url":"https:\/\/i0.wp.com\/etanec.fr\/wp-content\/uploads\/2022\/12\/traitvite-600x600-1.jpg?fit=600%2C600","type":"image\/jpeg"}],"twitter_card":"summary_large_image","twitter_misc":{"Dur\u00e9e de lecture estim\u00e9e":"1 minute"},"schema":{"@context":"https:\/\/schema.org","@graph":[{"@type":"WebPage","@id":"http:\/\/etanec.fr\/index.php\/produit\/traceur-permanent-precision-1000ml-rocol\/","url":"http:\/\/etanec.fr\/index.php\/produit\/traceur-permanent-precision-1000ml-rocol\/","name":"Traceur permanent pr\u00e9cision 1000ml ROCOL - ETANEC","isPartOf":{"@id":"https:\/\/etanec.fr\/#website"},"primaryImageOfPage":{"@id":"http:\/\/etanec.fr\/index.php\/produit\/traceur-permanent-precision-1000ml-rocol\/#primaryimage"},"image":{"@id":"http:\/\/etanec.fr\/index.php\/produit\/traceur-permanent-precision-1000ml-rocol\/#primaryimage"},"thumbnailUrl":"https:\/\/i0.wp.com\/etanec.fr\/wp-content\/uploads\/2022\/12\/traitvite-600x600-1.jpg?fit=600%2C600","datePublished":"2023-06-26T10:01:22+00:00","dateModified":"2023-06-26T10:01:23+00:00","breadcrumb":{"@id":"http:\/\/etanec.fr\/index.php\/produit\/traceur-permanent-precision-1000ml-rocol\/#breadcrumb"},"inLanguage":"fr-FR","potentialAction":[{"@type":"ReadAction","target":["http:\/\/etanec.fr\/index.php\/produit\/traceur-permanent-precision-1000ml-rocol\/"]}]},{"@type":"ImageObject","inLanguage":"fr-FR","@id":"http:\/\/etanec.fr\/index.php\/produit\/traceur-permanent-precision-1000ml-rocol\/#primaryimage","url":"https:\/\/i0.wp.com\/etanec.fr\/wp-content\/uploads\/2022\/12\/traitvite-600x600-1.jpg?fit=600%2C600","contentUrl":"https:\/\/i0.wp.com\/etanec.fr\/wp-content\/uploads\/2022\/12\/traitvite-600x600-1.jpg?fit=600%2C600","width":600,"height":600},{"@type":"BreadcrumbList","@id":"http:\/\/etanec.fr\/index.php\/produit\/traceur-permanent-precision-1000ml-rocol\/#breadcrumb","itemListElement":[{"@type":"ListItem","position":1,"name":"Accueil","item":"https:\/\/etanec.fr\/"},{"@type":"ListItem","position":2,"name":"Gamme de produits","item":"https:\/\/etanec.fr\/index.php\/boutique\/"},{"@type":"ListItem","position":3,"name":"Traceur permanent pr\u00e9cision 1000ml ROCOL"}]},{"@type":"WebSite","@id":"https:\/\/etanec.fr\/#website","url":"https:\/\/etanec.fr\/","name":"etanec.fr","description":"Votre Solution en Outillage &amp; Fixation Enveloppe du batiment","publisher":{"@id":"https:\/\/etanec.fr\/#organization"},"potentialAction":[{"@type":"SearchAction","target":{"@type":"EntryPoint","urlTemplate":"https:\/\/etanec.fr\/?s={search_term_string}"},"query-input":{"@type":"PropertyValueSpecification","valueRequired":true,"valueName":"search_term_string"}}],"inLanguage":"fr-FR"},{"@type":"Organization","@id":"https:\/\/etanec.fr\/#organization","name":"etanec.fr","url":"https:\/\/etanec.fr\/","logo":{"@type":"ImageObject","inLanguage":"fr-FR","@id":"https:\/\/etanec.fr\/#\/schema\/logo\/image\/","url":"https:\/\/i0.wp.com\/etanec.fr\/wp-content\/uploads\/2017\/11\/cropped-cropped-cropped-ETANEC-LOGO-2017-RVBTRANSP-HD-e1509965316759.png?fit=350%2C75","contentUrl":"https:\/\/i0.wp.com\/etanec.fr\/wp-content\/uploads\/2017\/11\/cropped-cropped-cropped-ETANEC-LOGO-2017-RVBTRANSP-HD-e1509965316759.png?fit=350%2C75","width":350,"height":75,"caption":"etanec.fr"},"image":{"@id":"https:\/\/etanec.fr\/#\/schema\/logo\/image\/"},"sameAs":["https:\/\/www.linkedin.com\/company\/etanecgroup\/?viewAsMember=true"]}]}},"jetpack_publicize_connections":[],"jetpack_sharing_enabled":true,"_links":{"self":[{"href":"http:\/\/etanec.fr\/index.php\/wp-json\/wp\/v2\/product\/3977","targetHints":{"allow":["GET"]}}],"collection":[{"href":"http:\/\/etanec.fr\/index.php\/wp-json\/wp\/v2\/product"}],"about":[{"href":"http:\/\/etanec.fr\/index.php\/wp-json\/wp\/v2\/types\/product"}],"replies":[{"embeddable":true,"href":"http:\/\/etanec.fr\/index.php\/wp-json\/wp\/v2\/comments?post=3977"}],"version-history":[{"count":3,"href":"http:\/\/etanec.fr\/index.php\/wp-json\/wp\/v2\/product\/3977\/revisions"}],"predecessor-version":[{"id":6776,"href":"http:\/\/etanec.fr\/index.php\/wp-json\/wp\/v2\/product\/3977\/revisions\/6776"}],"wp:featuredmedia":[{"embeddable":true,"href":"http:\/\/etanec.fr\/index.php\/wp-json\/wp\/v2\/media\/3978"}],"wp:attachment":[{"href":"http:\/\/etanec.fr\/index.php\/wp-json\/wp\/v2\/media?parent=3977"}],"wp:term":[{"taxonomy":"product_brand","embeddable":true,"href":"http:\/\/etanec.fr\/index.php\/wp-json\/wp\/v2\/product_brand?post=3977"},{"taxonomy":"product_cat","embeddable":true,"href":"http:\/\/etanec.fr\/index.php\/wp-json\/wp\/v2\/product_cat?post=3977"},{"taxonomy":"product_tag","embeddable":true,"href":"http:\/\/etanec.fr\/index.php\/wp-json\/wp\/v2\/product_tag?post=3977"}],"curies":[{"name":"wp","href":"https:\/\/api.w.org\/{rel}","templated":true}]}}