{"id":3986,"date":"2023-06-26T13:34:53","date_gmt":"2023-06-26T11:34:53","guid":{"rendered":"http:\/\/etanec.fr\/?post_type=product&#038;p=3986"},"modified":"2023-06-26T13:34:54","modified_gmt":"2023-06-26T11:34:54","slug":"degrippant-lubrifiant-400ml","status":"publish","type":"product","link":"http:\/\/etanec.fr\/index.php\/produit\/degrippant-lubrifiant-400ml\/","title":{"rendered":"D\u00e9grippant lubrifiant 400ml"},"content":{"rendered":"<p>Lubrifie les pi\u00e8ces m\u00e9caniques gr\u00e2ce \u00e0 son bon pouvoir p\u00e9n\u00e9trant. Laisse un film l\u00e9g\u00e8rement gras qui assure une protection contre l&rsquo;oxydation. Permet de r\u00e9soudre de nombreux probl\u00e8mes de lubrification et de d\u00e9grippage de machines et de mat\u00e9riels m\u00e9caniques les plus divers (serrures, charni\u00e8re, boulons, tuyauteries, glissi\u00e8res,..). Evite les glissements. L&rsquo;application du produit sur les surfaces provoque un ressuage de l&rsquo;eau, de ce fait, il assure une protection efficace contre la corrosion des pi\u00e8ces m\u00e9talliques. A\u00e9rosol 400ml.<\/p>\n<p>Conditionnement: Unit\u00e9 ou lot de 12<\/p>\n","protected":false},"excerpt":{"rendered":"<p>Lubrifie les pi\u00e8ces m\u00e9caniques gr\u00e2ce \u00e0 son bon pouvoir p\u00e9n\u00e9trant<\/p>\n<p>Laisse un film l\u00e9g\u00e8rement gras qui assure une protection contre l&rsquo;oxydation<\/p>\n<p>Permet de r\u00e9soudre de nombreux probl\u00e8mes de lubrification et de d\u00e9grippage de machines et de mat\u00e9riels m\u00e9caniques les plus divers (serrures, charni\u00e8re, boulons, tuyauteries, glissi\u00e8res,..)<\/p>\n<p>Evite les glissements<\/p>\n<p>L&rsquo;application du produit sur les surfaces provoque un ressuage de l&rsquo;eau, de ce fait, il assure une protection efficace contre la corrosion des pi\u00e8ces m\u00e9talliques<\/p>\n<p>A\u00e9rosol 400ml<\/p>\n<p>Conditionnement: Unit\u00e9 ou lot de 12<\/p>\n","protected":false},"featured_media":3987,"comment_status":"open","ping_status":"closed","template":"","meta":{"_monsterinsights_skip_tracking":false,"_monsterinsights_sitenote_active":false,"_monsterinsights_sitenote_note":"","_monsterinsights_sitenote_category":0,"jetpack_publicize_message":"","jetpack_publicize_feature_enabled":true,"jetpack_social_post_already_shared":false,"jetpack_social_options":{"image_generator_settings":{"template":"highway","default_image_id":0,"font":"","enabled":false},"version":2}},"product_brand":[],"product_cat":[77],"product_tag":[],"class_list":{"0":"post-3986","1":"product","2":"type-product","3":"status-publish","6":"product_cat-consommable","8":"first","9":"instock","10":"taxable","11":"shipping-taxable","12":"product-type-simple"},"yoast_head":"<!-- This site is optimized with the Yoast SEO plugin v26.6 - https:\/\/yoast.com\/wordpress\/plugins\/seo\/ -->\n<title>D\u00e9grippant lubrifiant 400ml - ETANEC<\/title>\n<meta name=\"robots\" content=\"index, follow, max-snippet:-1, max-image-preview:large, max-video-preview:-1\" \/>\n<link rel=\"canonical\" href=\"http:\/\/etanec.fr\/index.php\/produit\/degrippant-lubrifiant-400ml\/\" \/>\n<meta property=\"og:locale\" content=\"fr_FR\" \/>\n<meta property=\"og:type\" content=\"article\" \/>\n<meta property=\"og:title\" content=\"D\u00e9grippant lubrifiant 400ml - ETANEC\" \/>\n<meta property=\"og:description\" content=\"Lubrifie les pi\u00e8ces m\u00e9caniques gr\u00e2ce \u00e0 son bon pouvoir p\u00e9n\u00e9trant  Laisse un film l\u00e9g\u00e8rement gras qui assure une protection contre l&#039;oxydation  Permet de r\u00e9soudre de nombreux probl\u00e8mes de lubrification et de d\u00e9grippage de machines et de mat\u00e9riels m\u00e9caniques les plus divers (serrures, charni\u00e8re, boulons, tuyauteries, glissi\u00e8res,..)  Evite les glissements  L&#039;application du produit sur les surfaces provoque un ressuage de l&#039;eau, de ce fait, il assure une protection efficace contre la corrosion des pi\u00e8ces m\u00e9talliques  A\u00e9rosol 400ml  Conditionnement: Unit\u00e9 ou lot de 12\" \/>\n<meta property=\"og:url\" content=\"http:\/\/etanec.fr\/index.php\/produit\/degrippant-lubrifiant-400ml\/\" \/>\n<meta property=\"og:site_name\" content=\"ETANEC\" \/>\n<meta property=\"article:modified_time\" content=\"2023-06-26T11:34:54+00:00\" \/>\n<meta property=\"og:image\" content=\"https:\/\/i0.wp.com\/etanec.fr\/wp-content\/uploads\/2022\/12\/1108_610x610.jpg?fit=610%2C610\" \/>\n\t<meta property=\"og:image:width\" content=\"610\" \/>\n\t<meta property=\"og:image:height\" content=\"610\" \/>\n\t<meta property=\"og:image:type\" content=\"image\/jpeg\" \/>\n<meta name=\"twitter:card\" content=\"summary_large_image\" \/>\n<meta name=\"twitter:label1\" content=\"Dur\u00e9e de lecture estim\u00e9e\" \/>\n\t<meta name=\"twitter:data1\" content=\"1 minute\" \/>\n<script type=\"application\/ld+json\" class=\"yoast-schema-graph\">{\"@context\":\"https:\/\/schema.org\",\"@graph\":[{\"@type\":\"WebPage\",\"@id\":\"http:\/\/etanec.fr\/index.php\/produit\/degrippant-lubrifiant-400ml\/\",\"url\":\"http:\/\/etanec.fr\/index.php\/produit\/degrippant-lubrifiant-400ml\/\",\"name\":\"D\u00e9grippant lubrifiant 400ml - ETANEC\",\"isPartOf\":{\"@id\":\"https:\/\/etanec.fr\/#website\"},\"primaryImageOfPage\":{\"@id\":\"http:\/\/etanec.fr\/index.php\/produit\/degrippant-lubrifiant-400ml\/#primaryimage\"},\"image\":{\"@id\":\"http:\/\/etanec.fr\/index.php\/produit\/degrippant-lubrifiant-400ml\/#primaryimage\"},\"thumbnailUrl\":\"https:\/\/i0.wp.com\/etanec.fr\/wp-content\/uploads\/2022\/12\/1108_610x610.jpg?fit=610%2C610\",\"datePublished\":\"2023-06-26T11:34:53+00:00\",\"dateModified\":\"2023-06-26T11:34:54+00:00\",\"breadcrumb\":{\"@id\":\"http:\/\/etanec.fr\/index.php\/produit\/degrippant-lubrifiant-400ml\/#breadcrumb\"},\"inLanguage\":\"fr-FR\",\"potentialAction\":[{\"@type\":\"ReadAction\",\"target\":[\"http:\/\/etanec.fr\/index.php\/produit\/degrippant-lubrifiant-400ml\/\"]}]},{\"@type\":\"ImageObject\",\"inLanguage\":\"fr-FR\",\"@id\":\"http:\/\/etanec.fr\/index.php\/produit\/degrippant-lubrifiant-400ml\/#primaryimage\",\"url\":\"https:\/\/i0.wp.com\/etanec.fr\/wp-content\/uploads\/2022\/12\/1108_610x610.jpg?fit=610%2C610\",\"contentUrl\":\"https:\/\/i0.wp.com\/etanec.fr\/wp-content\/uploads\/2022\/12\/1108_610x610.jpg?fit=610%2C610\",\"width\":610,\"height\":610},{\"@type\":\"BreadcrumbList\",\"@id\":\"http:\/\/etanec.fr\/index.php\/produit\/degrippant-lubrifiant-400ml\/#breadcrumb\",\"itemListElement\":[{\"@type\":\"ListItem\",\"position\":1,\"name\":\"Accueil\",\"item\":\"https:\/\/etanec.fr\/\"},{\"@type\":\"ListItem\",\"position\":2,\"name\":\"Gamme de produits\",\"item\":\"https:\/\/etanec.fr\/index.php\/boutique\/\"},{\"@type\":\"ListItem\",\"position\":3,\"name\":\"D\u00e9grippant lubrifiant 400ml\"}]},{\"@type\":\"WebSite\",\"@id\":\"https:\/\/etanec.fr\/#website\",\"url\":\"https:\/\/etanec.fr\/\",\"name\":\"etanec.fr\",\"description\":\"Votre Solution en Outillage &amp; Fixation Enveloppe du batiment\",\"publisher\":{\"@id\":\"https:\/\/etanec.fr\/#organization\"},\"potentialAction\":[{\"@type\":\"SearchAction\",\"target\":{\"@type\":\"EntryPoint\",\"urlTemplate\":\"https:\/\/etanec.fr\/?s={search_term_string}\"},\"query-input\":{\"@type\":\"PropertyValueSpecification\",\"valueRequired\":true,\"valueName\":\"search_term_string\"}}],\"inLanguage\":\"fr-FR\"},{\"@type\":\"Organization\",\"@id\":\"https:\/\/etanec.fr\/#organization\",\"name\":\"etanec.fr\",\"url\":\"https:\/\/etanec.fr\/\",\"logo\":{\"@type\":\"ImageObject\",\"inLanguage\":\"fr-FR\",\"@id\":\"https:\/\/etanec.fr\/#\/schema\/logo\/image\/\",\"url\":\"https:\/\/i0.wp.com\/etanec.fr\/wp-content\/uploads\/2017\/11\/cropped-cropped-cropped-ETANEC-LOGO-2017-RVBTRANSP-HD-e1509965316759.png?fit=350%2C75\",\"contentUrl\":\"https:\/\/i0.wp.com\/etanec.fr\/wp-content\/uploads\/2017\/11\/cropped-cropped-cropped-ETANEC-LOGO-2017-RVBTRANSP-HD-e1509965316759.png?fit=350%2C75\",\"width\":350,\"height\":75,\"caption\":\"etanec.fr\"},\"image\":{\"@id\":\"https:\/\/etanec.fr\/#\/schema\/logo\/image\/\"},\"sameAs\":[\"https:\/\/www.linkedin.com\/company\/etanecgroup\/?viewAsMember=true\"]}]}<\/script>\n<!-- \/ Yoast SEO plugin. -->","yoast_head_json":{"title":"D\u00e9grippant lubrifiant 400ml - ETANEC","robots":{"index":"index","follow":"follow","max-snippet":"max-snippet:-1","max-image-preview":"max-image-preview:large","max-video-preview":"max-video-preview:-1"},"canonical":"http:\/\/etanec.fr\/index.php\/produit\/degrippant-lubrifiant-400ml\/","og_locale":"fr_FR","og_type":"article","og_title":"D\u00e9grippant lubrifiant 400ml - ETANEC","og_description":"Lubrifie les pi\u00e8ces m\u00e9caniques gr\u00e2ce \u00e0 son bon pouvoir p\u00e9n\u00e9trant  Laisse un film l\u00e9g\u00e8rement gras qui assure une protection contre l'oxydation  Permet de r\u00e9soudre de nombreux probl\u00e8mes de lubrification et de d\u00e9grippage de machines et de mat\u00e9riels m\u00e9caniques les plus divers (serrures, charni\u00e8re, boulons, tuyauteries, glissi\u00e8res,..)  Evite les glissements  L'application du produit sur les surfaces provoque un ressuage de l'eau, de ce fait, il assure une protection efficace contre la corrosion des pi\u00e8ces m\u00e9talliques  A\u00e9rosol 400ml  Conditionnement: Unit\u00e9 ou lot de 12","og_url":"http:\/\/etanec.fr\/index.php\/produit\/degrippant-lubrifiant-400ml\/","og_site_name":"ETANEC","article_modified_time":"2023-06-26T11:34:54+00:00","og_image":[{"width":610,"height":610,"url":"https:\/\/i0.wp.com\/etanec.fr\/wp-content\/uploads\/2022\/12\/1108_610x610.jpg?fit=610%2C610","type":"image\/jpeg"}],"twitter_card":"summary_large_image","twitter_misc":{"Dur\u00e9e de lecture estim\u00e9e":"1 minute"},"schema":{"@context":"https:\/\/schema.org","@graph":[{"@type":"WebPage","@id":"http:\/\/etanec.fr\/index.php\/produit\/degrippant-lubrifiant-400ml\/","url":"http:\/\/etanec.fr\/index.php\/produit\/degrippant-lubrifiant-400ml\/","name":"D\u00e9grippant lubrifiant 400ml - ETANEC","isPartOf":{"@id":"https:\/\/etanec.fr\/#website"},"primaryImageOfPage":{"@id":"http:\/\/etanec.fr\/index.php\/produit\/degrippant-lubrifiant-400ml\/#primaryimage"},"image":{"@id":"http:\/\/etanec.fr\/index.php\/produit\/degrippant-lubrifiant-400ml\/#primaryimage"},"thumbnailUrl":"https:\/\/i0.wp.com\/etanec.fr\/wp-content\/uploads\/2022\/12\/1108_610x610.jpg?fit=610%2C610","datePublished":"2023-06-26T11:34:53+00:00","dateModified":"2023-06-26T11:34:54+00:00","breadcrumb":{"@id":"http:\/\/etanec.fr\/index.php\/produit\/degrippant-lubrifiant-400ml\/#breadcrumb"},"inLanguage":"fr-FR","potentialAction":[{"@type":"ReadAction","target":["http:\/\/etanec.fr\/index.php\/produit\/degrippant-lubrifiant-400ml\/"]}]},{"@type":"ImageObject","inLanguage":"fr-FR","@id":"http:\/\/etanec.fr\/index.php\/produit\/degrippant-lubrifiant-400ml\/#primaryimage","url":"https:\/\/i0.wp.com\/etanec.fr\/wp-content\/uploads\/2022\/12\/1108_610x610.jpg?fit=610%2C610","contentUrl":"https:\/\/i0.wp.com\/etanec.fr\/wp-content\/uploads\/2022\/12\/1108_610x610.jpg?fit=610%2C610","width":610,"height":610},{"@type":"BreadcrumbList","@id":"http:\/\/etanec.fr\/index.php\/produit\/degrippant-lubrifiant-400ml\/#breadcrumb","itemListElement":[{"@type":"ListItem","position":1,"name":"Accueil","item":"https:\/\/etanec.fr\/"},{"@type":"ListItem","position":2,"name":"Gamme de produits","item":"https:\/\/etanec.fr\/index.php\/boutique\/"},{"@type":"ListItem","position":3,"name":"D\u00e9grippant lubrifiant 400ml"}]},{"@type":"WebSite","@id":"https:\/\/etanec.fr\/#website","url":"https:\/\/etanec.fr\/","name":"etanec.fr","description":"Votre Solution en Outillage &amp; Fixation Enveloppe du batiment","publisher":{"@id":"https:\/\/etanec.fr\/#organization"},"potentialAction":[{"@type":"SearchAction","target":{"@type":"EntryPoint","urlTemplate":"https:\/\/etanec.fr\/?s={search_term_string}"},"query-input":{"@type":"PropertyValueSpecification","valueRequired":true,"valueName":"search_term_string"}}],"inLanguage":"fr-FR"},{"@type":"Organization","@id":"https:\/\/etanec.fr\/#organization","name":"etanec.fr","url":"https:\/\/etanec.fr\/","logo":{"@type":"ImageObject","inLanguage":"fr-FR","@id":"https:\/\/etanec.fr\/#\/schema\/logo\/image\/","url":"https:\/\/i0.wp.com\/etanec.fr\/wp-content\/uploads\/2017\/11\/cropped-cropped-cropped-ETANEC-LOGO-2017-RVBTRANSP-HD-e1509965316759.png?fit=350%2C75","contentUrl":"https:\/\/i0.wp.com\/etanec.fr\/wp-content\/uploads\/2017\/11\/cropped-cropped-cropped-ETANEC-LOGO-2017-RVBTRANSP-HD-e1509965316759.png?fit=350%2C75","width":350,"height":75,"caption":"etanec.fr"},"image":{"@id":"https:\/\/etanec.fr\/#\/schema\/logo\/image\/"},"sameAs":["https:\/\/www.linkedin.com\/company\/etanecgroup\/?viewAsMember=true"]}]}},"jetpack_publicize_connections":[],"jetpack_sharing_enabled":true,"_links":{"self":[{"href":"http:\/\/etanec.fr\/index.php\/wp-json\/wp\/v2\/product\/3986","targetHints":{"allow":["GET"]}}],"collection":[{"href":"http:\/\/etanec.fr\/index.php\/wp-json\/wp\/v2\/product"}],"about":[{"href":"http:\/\/etanec.fr\/index.php\/wp-json\/wp\/v2\/types\/product"}],"replies":[{"embeddable":true,"href":"http:\/\/etanec.fr\/index.php\/wp-json\/wp\/v2\/comments?post=3986"}],"version-history":[{"count":2,"href":"http:\/\/etanec.fr\/index.php\/wp-json\/wp\/v2\/product\/3986\/revisions"}],"predecessor-version":[{"id":6777,"href":"http:\/\/etanec.fr\/index.php\/wp-json\/wp\/v2\/product\/3986\/revisions\/6777"}],"wp:featuredmedia":[{"embeddable":true,"href":"http:\/\/etanec.fr\/index.php\/wp-json\/wp\/v2\/media\/3987"}],"wp:attachment":[{"href":"http:\/\/etanec.fr\/index.php\/wp-json\/wp\/v2\/media?parent=3986"}],"wp:term":[{"taxonomy":"product_brand","embeddable":true,"href":"http:\/\/etanec.fr\/index.php\/wp-json\/wp\/v2\/product_brand?post=3986"},{"taxonomy":"product_cat","embeddable":true,"href":"http:\/\/etanec.fr\/index.php\/wp-json\/wp\/v2\/product_cat?post=3986"},{"taxonomy":"product_tag","embeddable":true,"href":"http:\/\/etanec.fr\/index.php\/wp-json\/wp\/v2\/product_tag?post=3986"}],"curies":[{"name":"wp","href":"https:\/\/api.w.org\/{rel}","templated":true}]}}