{"id":4007,"date":"2023-06-26T13:48:16","date_gmt":"2023-06-26T11:48:16","guid":{"rendered":"http:\/\/etanec.fr\/?post_type=product&#038;p=4007"},"modified":"2023-06-26T13:48:16","modified_gmt":"2023-06-26T11:48:16","slug":"nettoyant-degraissant-ecologique-a-lorange","status":"publish","type":"product","link":"http:\/\/etanec.fr\/index.php\/produit\/nettoyant-degraissant-ecologique-a-lorange\/","title":{"rendered":"Nettoyant d\u00e9graissant \u00e9cologique \u00e0 l&rsquo;orange"},"content":{"rendered":"<p>Pouvoir d\u00e9graissant ultra performant, exempt de solvants chlor\u00e9s. Conseill\u00e9 pour le nettoyage, le d\u00e9goudronnage et le d\u00e9graissage des pi\u00e8ces m\u00e9talliques, des menuiseries aluminium, des c\u00e9ramiques, des visseries. Elimine efficacement traces de goudron, feutre, r\u00e9sine, cire ou colle, etc&#8230; S&rsquo;utilise dans les secteurs industriels tels que: automobile, a\u00e9ronautique, m\u00e9canique g\u00e9n\u00e9rale, nettoyage industriel, imprimerie, menuiserie industrielle, transport public,&#8230; et particuli\u00e8rement lorsque la pr\u00e9sence d&rsquo;eau est proscrite. Pulv\u00e9riser \u00e0 20cm environ des surfaces \u00e0 nettoyer. Laisser agir quelques instants puis essuyer.<\/p>\n<p>Conditionnement: A\u00e9rosol 500m<\/p>\n","protected":false},"excerpt":{"rendered":"<p>Pouvoir d\u00e9graissant ultra performant, exempt de solvants chlor\u00e9s<br \/>\nConseill\u00e9 pour le nettoyage, le d\u00e9goudronnage et le d\u00e9graissage des pi\u00e8ces m\u00e9talliques, des menuiseries aluminium, des c\u00e9ramiques, des visseries<br \/>\nElimine efficacement traces de goudron, feutre, r\u00e9sine, cire ou colle<br \/>\nS&rsquo;utilise dans les secteurs industriels tels que: automobile, a\u00e9ronautique, m\u00e9canique g\u00e9n\u00e9rale, nettoyage industriel, imprimerie, menuiserie industrielle, transport public<br \/>\net particuli\u00e8rement lorsque la pr\u00e9sence d&rsquo;eau est proscrite<br \/>\nPulv\u00e9riser \u00e0 20cm environ des surfaces \u00e0 nettoyer. Laisser agir quelques instants puis essuyer<br \/>\nConditionnement: A\u00e9rosol 500m<\/p>\n","protected":false},"featured_media":4008,"comment_status":"open","ping_status":"closed","template":"","meta":{"_monsterinsights_skip_tracking":false,"_monsterinsights_sitenote_active":false,"_monsterinsights_sitenote_note":"","_monsterinsights_sitenote_category":0,"jetpack_publicize_message":"","jetpack_publicize_feature_enabled":true,"jetpack_social_post_already_shared":false,"jetpack_social_options":{"image_generator_settings":{"template":"highway","default_image_id":0,"font":"","enabled":false},"version":2}},"product_brand":[],"product_cat":[77],"product_tag":[],"class_list":{"0":"post-4007","1":"product","2":"type-product","3":"status-publish","6":"product_cat-consommable","8":"first","9":"instock","10":"taxable","11":"shipping-taxable","12":"product-type-simple"},"yoast_head":"<!-- This site is optimized with the Yoast SEO plugin v26.6 - https:\/\/yoast.com\/wordpress\/plugins\/seo\/ -->\n<title>Nettoyant d\u00e9graissant \u00e9cologique \u00e0 l&#039;orange - ETANEC<\/title>\n<meta name=\"robots\" content=\"index, follow, max-snippet:-1, max-image-preview:large, max-video-preview:-1\" \/>\n<link rel=\"canonical\" href=\"http:\/\/etanec.fr\/index.php\/produit\/nettoyant-degraissant-ecologique-a-lorange\/\" \/>\n<meta property=\"og:locale\" content=\"fr_FR\" \/>\n<meta property=\"og:type\" content=\"article\" \/>\n<meta property=\"og:title\" content=\"Nettoyant d\u00e9graissant \u00e9cologique \u00e0 l&#039;orange - ETANEC\" \/>\n<meta property=\"og:description\" content=\"Pouvoir d\u00e9graissant ultra performant, exempt de solvants chlor\u00e9s Conseill\u00e9 pour le nettoyage, le d\u00e9goudronnage et le d\u00e9graissage des pi\u00e8ces m\u00e9talliques, des menuiseries aluminium, des c\u00e9ramiques, des visseries Elimine efficacement traces de goudron, feutre, r\u00e9sine, cire ou colle S&#039;utilise dans les secteurs industriels tels que: automobile, a\u00e9ronautique, m\u00e9canique g\u00e9n\u00e9rale, nettoyage industriel, imprimerie, menuiserie industrielle, transport public et particuli\u00e8rement lorsque la pr\u00e9sence d&#039;eau est proscrite Pulv\u00e9riser \u00e0 20cm environ des surfaces \u00e0 nettoyer. Laisser agir quelques instants puis essuyer Conditionnement: A\u00e9rosol 500m\" \/>\n<meta property=\"og:url\" content=\"http:\/\/etanec.fr\/index.php\/produit\/nettoyant-degraissant-ecologique-a-lorange\/\" \/>\n<meta property=\"og:site_name\" content=\"ETANEC\" \/>\n<meta property=\"og:image\" content=\"https:\/\/i0.wp.com\/etanec.fr\/wp-content\/uploads\/2022\/12\/1151_610x610.jpg?fit=610%2C610\" \/>\n\t<meta property=\"og:image:width\" content=\"610\" \/>\n\t<meta property=\"og:image:height\" content=\"610\" \/>\n\t<meta property=\"og:image:type\" content=\"image\/jpeg\" \/>\n<meta name=\"twitter:card\" content=\"summary_large_image\" \/>\n<meta name=\"twitter:label1\" content=\"Dur\u00e9e de lecture estim\u00e9e\" \/>\n\t<meta name=\"twitter:data1\" content=\"1 minute\" \/>\n<script type=\"application\/ld+json\" class=\"yoast-schema-graph\">{\"@context\":\"https:\/\/schema.org\",\"@graph\":[{\"@type\":\"WebPage\",\"@id\":\"http:\/\/etanec.fr\/index.php\/produit\/nettoyant-degraissant-ecologique-a-lorange\/\",\"url\":\"http:\/\/etanec.fr\/index.php\/produit\/nettoyant-degraissant-ecologique-a-lorange\/\",\"name\":\"Nettoyant d\u00e9graissant \u00e9cologique \u00e0 l'orange - ETANEC\",\"isPartOf\":{\"@id\":\"https:\/\/etanec.fr\/#website\"},\"primaryImageOfPage\":{\"@id\":\"http:\/\/etanec.fr\/index.php\/produit\/nettoyant-degraissant-ecologique-a-lorange\/#primaryimage\"},\"image\":{\"@id\":\"http:\/\/etanec.fr\/index.php\/produit\/nettoyant-degraissant-ecologique-a-lorange\/#primaryimage\"},\"thumbnailUrl\":\"https:\/\/i0.wp.com\/etanec.fr\/wp-content\/uploads\/2022\/12\/1151_610x610.jpg?fit=610%2C610\",\"datePublished\":\"2023-06-26T11:48:16+00:00\",\"breadcrumb\":{\"@id\":\"http:\/\/etanec.fr\/index.php\/produit\/nettoyant-degraissant-ecologique-a-lorange\/#breadcrumb\"},\"inLanguage\":\"fr-FR\",\"potentialAction\":[{\"@type\":\"ReadAction\",\"target\":[\"http:\/\/etanec.fr\/index.php\/produit\/nettoyant-degraissant-ecologique-a-lorange\/\"]}]},{\"@type\":\"ImageObject\",\"inLanguage\":\"fr-FR\",\"@id\":\"http:\/\/etanec.fr\/index.php\/produit\/nettoyant-degraissant-ecologique-a-lorange\/#primaryimage\",\"url\":\"https:\/\/i0.wp.com\/etanec.fr\/wp-content\/uploads\/2022\/12\/1151_610x610.jpg?fit=610%2C610\",\"contentUrl\":\"https:\/\/i0.wp.com\/etanec.fr\/wp-content\/uploads\/2022\/12\/1151_610x610.jpg?fit=610%2C610\",\"width\":610,\"height\":610},{\"@type\":\"BreadcrumbList\",\"@id\":\"http:\/\/etanec.fr\/index.php\/produit\/nettoyant-degraissant-ecologique-a-lorange\/#breadcrumb\",\"itemListElement\":[{\"@type\":\"ListItem\",\"position\":1,\"name\":\"Accueil\",\"item\":\"https:\/\/etanec.fr\/\"},{\"@type\":\"ListItem\",\"position\":2,\"name\":\"Gamme de produits\",\"item\":\"https:\/\/etanec.fr\/index.php\/boutique\/\"},{\"@type\":\"ListItem\",\"position\":3,\"name\":\"Nettoyant d\u00e9graissant \u00e9cologique \u00e0 l&rsquo;orange\"}]},{\"@type\":\"WebSite\",\"@id\":\"https:\/\/etanec.fr\/#website\",\"url\":\"https:\/\/etanec.fr\/\",\"name\":\"etanec.fr\",\"description\":\"Votre Solution en Outillage &amp; Fixation Enveloppe du batiment\",\"publisher\":{\"@id\":\"https:\/\/etanec.fr\/#organization\"},\"potentialAction\":[{\"@type\":\"SearchAction\",\"target\":{\"@type\":\"EntryPoint\",\"urlTemplate\":\"https:\/\/etanec.fr\/?s={search_term_string}\"},\"query-input\":{\"@type\":\"PropertyValueSpecification\",\"valueRequired\":true,\"valueName\":\"search_term_string\"}}],\"inLanguage\":\"fr-FR\"},{\"@type\":\"Organization\",\"@id\":\"https:\/\/etanec.fr\/#organization\",\"name\":\"etanec.fr\",\"url\":\"https:\/\/etanec.fr\/\",\"logo\":{\"@type\":\"ImageObject\",\"inLanguage\":\"fr-FR\",\"@id\":\"https:\/\/etanec.fr\/#\/schema\/logo\/image\/\",\"url\":\"https:\/\/i0.wp.com\/etanec.fr\/wp-content\/uploads\/2017\/11\/cropped-cropped-cropped-ETANEC-LOGO-2017-RVBTRANSP-HD-e1509965316759.png?fit=350%2C75\",\"contentUrl\":\"https:\/\/i0.wp.com\/etanec.fr\/wp-content\/uploads\/2017\/11\/cropped-cropped-cropped-ETANEC-LOGO-2017-RVBTRANSP-HD-e1509965316759.png?fit=350%2C75\",\"width\":350,\"height\":75,\"caption\":\"etanec.fr\"},\"image\":{\"@id\":\"https:\/\/etanec.fr\/#\/schema\/logo\/image\/\"},\"sameAs\":[\"https:\/\/www.linkedin.com\/company\/etanecgroup\/?viewAsMember=true\"]}]}<\/script>\n<!-- \/ Yoast SEO plugin. -->","yoast_head_json":{"title":"Nettoyant d\u00e9graissant \u00e9cologique \u00e0 l'orange - ETANEC","robots":{"index":"index","follow":"follow","max-snippet":"max-snippet:-1","max-image-preview":"max-image-preview:large","max-video-preview":"max-video-preview:-1"},"canonical":"http:\/\/etanec.fr\/index.php\/produit\/nettoyant-degraissant-ecologique-a-lorange\/","og_locale":"fr_FR","og_type":"article","og_title":"Nettoyant d\u00e9graissant \u00e9cologique \u00e0 l'orange - ETANEC","og_description":"Pouvoir d\u00e9graissant ultra performant, exempt de solvants chlor\u00e9s Conseill\u00e9 pour le nettoyage, le d\u00e9goudronnage et le d\u00e9graissage des pi\u00e8ces m\u00e9talliques, des menuiseries aluminium, des c\u00e9ramiques, des visseries Elimine efficacement traces de goudron, feutre, r\u00e9sine, cire ou colle S'utilise dans les secteurs industriels tels que: automobile, a\u00e9ronautique, m\u00e9canique g\u00e9n\u00e9rale, nettoyage industriel, imprimerie, menuiserie industrielle, transport public et particuli\u00e8rement lorsque la pr\u00e9sence d'eau est proscrite Pulv\u00e9riser \u00e0 20cm environ des surfaces \u00e0 nettoyer. Laisser agir quelques instants puis essuyer Conditionnement: A\u00e9rosol 500m","og_url":"http:\/\/etanec.fr\/index.php\/produit\/nettoyant-degraissant-ecologique-a-lorange\/","og_site_name":"ETANEC","og_image":[{"width":610,"height":610,"url":"https:\/\/i0.wp.com\/etanec.fr\/wp-content\/uploads\/2022\/12\/1151_610x610.jpg?fit=610%2C610","type":"image\/jpeg"}],"twitter_card":"summary_large_image","twitter_misc":{"Dur\u00e9e de lecture estim\u00e9e":"1 minute"},"schema":{"@context":"https:\/\/schema.org","@graph":[{"@type":"WebPage","@id":"http:\/\/etanec.fr\/index.php\/produit\/nettoyant-degraissant-ecologique-a-lorange\/","url":"http:\/\/etanec.fr\/index.php\/produit\/nettoyant-degraissant-ecologique-a-lorange\/","name":"Nettoyant d\u00e9graissant \u00e9cologique \u00e0 l'orange - ETANEC","isPartOf":{"@id":"https:\/\/etanec.fr\/#website"},"primaryImageOfPage":{"@id":"http:\/\/etanec.fr\/index.php\/produit\/nettoyant-degraissant-ecologique-a-lorange\/#primaryimage"},"image":{"@id":"http:\/\/etanec.fr\/index.php\/produit\/nettoyant-degraissant-ecologique-a-lorange\/#primaryimage"},"thumbnailUrl":"https:\/\/i0.wp.com\/etanec.fr\/wp-content\/uploads\/2022\/12\/1151_610x610.jpg?fit=610%2C610","datePublished":"2023-06-26T11:48:16+00:00","breadcrumb":{"@id":"http:\/\/etanec.fr\/index.php\/produit\/nettoyant-degraissant-ecologique-a-lorange\/#breadcrumb"},"inLanguage":"fr-FR","potentialAction":[{"@type":"ReadAction","target":["http:\/\/etanec.fr\/index.php\/produit\/nettoyant-degraissant-ecologique-a-lorange\/"]}]},{"@type":"ImageObject","inLanguage":"fr-FR","@id":"http:\/\/etanec.fr\/index.php\/produit\/nettoyant-degraissant-ecologique-a-lorange\/#primaryimage","url":"https:\/\/i0.wp.com\/etanec.fr\/wp-content\/uploads\/2022\/12\/1151_610x610.jpg?fit=610%2C610","contentUrl":"https:\/\/i0.wp.com\/etanec.fr\/wp-content\/uploads\/2022\/12\/1151_610x610.jpg?fit=610%2C610","width":610,"height":610},{"@type":"BreadcrumbList","@id":"http:\/\/etanec.fr\/index.php\/produit\/nettoyant-degraissant-ecologique-a-lorange\/#breadcrumb","itemListElement":[{"@type":"ListItem","position":1,"name":"Accueil","item":"https:\/\/etanec.fr\/"},{"@type":"ListItem","position":2,"name":"Gamme de produits","item":"https:\/\/etanec.fr\/index.php\/boutique\/"},{"@type":"ListItem","position":3,"name":"Nettoyant d\u00e9graissant \u00e9cologique \u00e0 l&rsquo;orange"}]},{"@type":"WebSite","@id":"https:\/\/etanec.fr\/#website","url":"https:\/\/etanec.fr\/","name":"etanec.fr","description":"Votre Solution en Outillage &amp; Fixation Enveloppe du batiment","publisher":{"@id":"https:\/\/etanec.fr\/#organization"},"potentialAction":[{"@type":"SearchAction","target":{"@type":"EntryPoint","urlTemplate":"https:\/\/etanec.fr\/?s={search_term_string}"},"query-input":{"@type":"PropertyValueSpecification","valueRequired":true,"valueName":"search_term_string"}}],"inLanguage":"fr-FR"},{"@type":"Organization","@id":"https:\/\/etanec.fr\/#organization","name":"etanec.fr","url":"https:\/\/etanec.fr\/","logo":{"@type":"ImageObject","inLanguage":"fr-FR","@id":"https:\/\/etanec.fr\/#\/schema\/logo\/image\/","url":"https:\/\/i0.wp.com\/etanec.fr\/wp-content\/uploads\/2017\/11\/cropped-cropped-cropped-ETANEC-LOGO-2017-RVBTRANSP-HD-e1509965316759.png?fit=350%2C75","contentUrl":"https:\/\/i0.wp.com\/etanec.fr\/wp-content\/uploads\/2017\/11\/cropped-cropped-cropped-ETANEC-LOGO-2017-RVBTRANSP-HD-e1509965316759.png?fit=350%2C75","width":350,"height":75,"caption":"etanec.fr"},"image":{"@id":"https:\/\/etanec.fr\/#\/schema\/logo\/image\/"},"sameAs":["https:\/\/www.linkedin.com\/company\/etanecgroup\/?viewAsMember=true"]}]}},"jetpack_publicize_connections":[],"jetpack_sharing_enabled":true,"_links":{"self":[{"href":"http:\/\/etanec.fr\/index.php\/wp-json\/wp\/v2\/product\/4007","targetHints":{"allow":["GET"]}}],"collection":[{"href":"http:\/\/etanec.fr\/index.php\/wp-json\/wp\/v2\/product"}],"about":[{"href":"http:\/\/etanec.fr\/index.php\/wp-json\/wp\/v2\/types\/product"}],"replies":[{"embeddable":true,"href":"http:\/\/etanec.fr\/index.php\/wp-json\/wp\/v2\/comments?post=4007"}],"version-history":[{"count":2,"href":"http:\/\/etanec.fr\/index.php\/wp-json\/wp\/v2\/product\/4007\/revisions"}],"predecessor-version":[{"id":6783,"href":"http:\/\/etanec.fr\/index.php\/wp-json\/wp\/v2\/product\/4007\/revisions\/6783"}],"wp:featuredmedia":[{"embeddable":true,"href":"http:\/\/etanec.fr\/index.php\/wp-json\/wp\/v2\/media\/4008"}],"wp:attachment":[{"href":"http:\/\/etanec.fr\/index.php\/wp-json\/wp\/v2\/media?parent=4007"}],"wp:term":[{"taxonomy":"product_brand","embeddable":true,"href":"http:\/\/etanec.fr\/index.php\/wp-json\/wp\/v2\/product_brand?post=4007"},{"taxonomy":"product_cat","embeddable":true,"href":"http:\/\/etanec.fr\/index.php\/wp-json\/wp\/v2\/product_cat?post=4007"},{"taxonomy":"product_tag","embeddable":true,"href":"http:\/\/etanec.fr\/index.php\/wp-json\/wp\/v2\/product_tag?post=4007"}],"curies":[{"name":"wp","href":"https:\/\/api.w.org\/{rel}","templated":true}]}}