{"id":4010,"date":"2023-06-26T13:50:15","date_gmt":"2023-06-26T11:50:15","guid":{"rendered":"http:\/\/etanec.fr\/?post_type=product&#038;p=4010"},"modified":"2023-06-26T13:50:16","modified_gmt":"2023-06-26T11:50:16","slug":"tue-frelons-et-guepes-750ml","status":"publish","type":"product","link":"http:\/\/etanec.fr\/index.php\/produit\/tue-frelons-et-guepes-750ml\/","title":{"rendered":"Tue Frelons et gu\u00eapes 750ml"},"content":{"rendered":"<p>Insecticide \u00e0 action foudroyante sp\u00e9cialement \u00e9labor\u00e9 pour la lutte contre les gu\u00eapes et frelons \u00e0 l&rsquo;ext\u00e9rieur des habitations. Pour les charpentier, pompiers, agriculteur, etc&#8230; Port\u00e9e d&rsquo;environ 4m, Efficacit\u00e9 prouv\u00e9e: Gu\u00eapes et larves moins de 5 secondes, mortalit\u00e9 apr\u00e8s 24h = 100%, Frelon et larves moins de 7 secondes, mortalit\u00e9 apr\u00e8s 24h = 100%, Du fait du syst\u00e8me valve\/diffuseur gros d\u00e9bit, la puissance de diffusion est intense, et forme un brouillard insecticide paralysant, asphyxiant et mortel pour les insectes pr\u00e9sents dans le champs d&rsquo;action. A\u00e9rosol \u00ab\u00a0gros d\u00e9bit\u00a0\u00bb, id\u00e9al pour traiter les nids de gu\u00eapes et frelon.<\/p>\n<p>Conditionnement: A\u00e9rosol 750ml ou lot de 12 unit\u00e9s<\/p>\n","protected":false},"excerpt":{"rendered":"<p>Insecticide \u00e0 action foudroyante sp\u00e9cialement \u00e9labor\u00e9 pour la lutte contre les gu\u00eapes et frelons \u00e0 l&rsquo;ext\u00e9rieur des habitations. Pour les charpentier, pompiers, agriculteur, etc&#8230;<br \/>\nPort\u00e9e d&rsquo;environ 4m<br \/>\nEfficacit\u00e9 prouv\u00e9e:<br \/>\nGu\u00eapes et larves moins de 5 secondes, mortalit\u00e9 apr\u00e8s 24h = 100%<br \/>\nFrelon et larves moins de 7 secondes, mortalit\u00e9 apr\u00e8s 24h = 100%<br \/>\nDu fait du syst\u00e8me valve\/diffuseur gros d\u00e9bit, la puissance de diffusion est intense, et forme un brouillard insecticide paralysant, asphyxiant et mortel pour les insectes pr\u00e9sents dans le champs d&rsquo;action<br \/>\nA\u00e9rosol \u00ab\u00a0gros d\u00e9bit\u00a0\u00bb, id\u00e9al pour traiter les nids de gu\u00eapes et frelon<br \/>\nConditionnement: A\u00e9rosol 750ml ou lot de 12 unit\u00e9s<\/p>\n","protected":false},"featured_media":4011,"comment_status":"open","ping_status":"closed","template":"","meta":{"_monsterinsights_skip_tracking":false,"_monsterinsights_sitenote_active":false,"_monsterinsights_sitenote_note":"","_monsterinsights_sitenote_category":0,"jetpack_publicize_message":"","jetpack_publicize_feature_enabled":true,"jetpack_social_post_already_shared":false,"jetpack_social_options":{"image_generator_settings":{"template":"highway","default_image_id":0,"font":"","enabled":false},"version":2}},"product_brand":[],"product_cat":[77],"product_tag":[],"class_list":{"0":"post-4010","1":"product","2":"type-product","3":"status-publish","6":"product_cat-consommable","8":"first","9":"instock","10":"taxable","11":"shipping-taxable","12":"product-type-simple"},"yoast_head":"<!-- This site is optimized with the Yoast SEO plugin v26.6 - https:\/\/yoast.com\/wordpress\/plugins\/seo\/ -->\n<title>Tue Frelons et gu\u00eapes 750ml - ETANEC<\/title>\n<meta name=\"robots\" content=\"index, follow, max-snippet:-1, max-image-preview:large, max-video-preview:-1\" \/>\n<link rel=\"canonical\" href=\"http:\/\/etanec.fr\/index.php\/produit\/tue-frelons-et-guepes-750ml\/\" \/>\n<meta property=\"og:locale\" content=\"fr_FR\" \/>\n<meta property=\"og:type\" content=\"article\" \/>\n<meta property=\"og:title\" content=\"Tue Frelons et gu\u00eapes 750ml - ETANEC\" \/>\n<meta property=\"og:description\" content=\"Insecticide \u00e0 action foudroyante sp\u00e9cialement \u00e9labor\u00e9 pour la lutte contre les gu\u00eapes et frelons \u00e0 l&#039;ext\u00e9rieur des habitations. Pour les charpentier, pompiers, agriculteur, etc... Port\u00e9e d&#039;environ 4m Efficacit\u00e9 prouv\u00e9e: Gu\u00eapes et larves moins de 5 secondes, mortalit\u00e9 apr\u00e8s 24h = 100% Frelon et larves moins de 7 secondes, mortalit\u00e9 apr\u00e8s 24h = 100% Du fait du syst\u00e8me valve\/diffuseur gros d\u00e9bit, la puissance de diffusion est intense, et forme un brouillard insecticide paralysant, asphyxiant et mortel pour les insectes pr\u00e9sents dans le champs d&#039;action A\u00e9rosol &quot;gros d\u00e9bit&quot;, id\u00e9al pour traiter les nids de gu\u00eapes et frelon Conditionnement: A\u00e9rosol 750ml ou lot de 12 unit\u00e9s\" \/>\n<meta property=\"og:url\" content=\"http:\/\/etanec.fr\/index.php\/produit\/tue-frelons-et-guepes-750ml\/\" \/>\n<meta property=\"og:site_name\" content=\"ETANEC\" \/>\n<meta property=\"article:modified_time\" content=\"2023-06-26T11:50:16+00:00\" \/>\n<meta property=\"og:image\" content=\"https:\/\/i0.wp.com\/etanec.fr\/wp-content\/uploads\/2022\/12\/1149_610x610.jpeg?fit=610%2C610\" \/>\n\t<meta property=\"og:image:width\" content=\"610\" \/>\n\t<meta property=\"og:image:height\" content=\"610\" \/>\n\t<meta property=\"og:image:type\" content=\"image\/jpeg\" \/>\n<meta name=\"twitter:card\" content=\"summary_large_image\" \/>\n<meta name=\"twitter:label1\" content=\"Dur\u00e9e de lecture estim\u00e9e\" \/>\n\t<meta name=\"twitter:data1\" content=\"1 minute\" \/>\n<script type=\"application\/ld+json\" class=\"yoast-schema-graph\">{\"@context\":\"https:\/\/schema.org\",\"@graph\":[{\"@type\":\"WebPage\",\"@id\":\"http:\/\/etanec.fr\/index.php\/produit\/tue-frelons-et-guepes-750ml\/\",\"url\":\"http:\/\/etanec.fr\/index.php\/produit\/tue-frelons-et-guepes-750ml\/\",\"name\":\"Tue Frelons et gu\u00eapes 750ml - ETANEC\",\"isPartOf\":{\"@id\":\"https:\/\/etanec.fr\/#website\"},\"primaryImageOfPage\":{\"@id\":\"http:\/\/etanec.fr\/index.php\/produit\/tue-frelons-et-guepes-750ml\/#primaryimage\"},\"image\":{\"@id\":\"http:\/\/etanec.fr\/index.php\/produit\/tue-frelons-et-guepes-750ml\/#primaryimage\"},\"thumbnailUrl\":\"https:\/\/i0.wp.com\/etanec.fr\/wp-content\/uploads\/2022\/12\/1149_610x610.jpeg?fit=610%2C610\",\"datePublished\":\"2023-06-26T11:50:15+00:00\",\"dateModified\":\"2023-06-26T11:50:16+00:00\",\"breadcrumb\":{\"@id\":\"http:\/\/etanec.fr\/index.php\/produit\/tue-frelons-et-guepes-750ml\/#breadcrumb\"},\"inLanguage\":\"fr-FR\",\"potentialAction\":[{\"@type\":\"ReadAction\",\"target\":[\"http:\/\/etanec.fr\/index.php\/produit\/tue-frelons-et-guepes-750ml\/\"]}]},{\"@type\":\"ImageObject\",\"inLanguage\":\"fr-FR\",\"@id\":\"http:\/\/etanec.fr\/index.php\/produit\/tue-frelons-et-guepes-750ml\/#primaryimage\",\"url\":\"https:\/\/i0.wp.com\/etanec.fr\/wp-content\/uploads\/2022\/12\/1149_610x610.jpeg?fit=610%2C610\",\"contentUrl\":\"https:\/\/i0.wp.com\/etanec.fr\/wp-content\/uploads\/2022\/12\/1149_610x610.jpeg?fit=610%2C610\",\"width\":610,\"height\":610},{\"@type\":\"BreadcrumbList\",\"@id\":\"http:\/\/etanec.fr\/index.php\/produit\/tue-frelons-et-guepes-750ml\/#breadcrumb\",\"itemListElement\":[{\"@type\":\"ListItem\",\"position\":1,\"name\":\"Accueil\",\"item\":\"https:\/\/etanec.fr\/\"},{\"@type\":\"ListItem\",\"position\":2,\"name\":\"Gamme de produits\",\"item\":\"https:\/\/etanec.fr\/index.php\/boutique\/\"},{\"@type\":\"ListItem\",\"position\":3,\"name\":\"Tue Frelons et gu\u00eapes 750ml\"}]},{\"@type\":\"WebSite\",\"@id\":\"https:\/\/etanec.fr\/#website\",\"url\":\"https:\/\/etanec.fr\/\",\"name\":\"etanec.fr\",\"description\":\"Votre Solution en Outillage &amp; Fixation Enveloppe du batiment\",\"publisher\":{\"@id\":\"https:\/\/etanec.fr\/#organization\"},\"potentialAction\":[{\"@type\":\"SearchAction\",\"target\":{\"@type\":\"EntryPoint\",\"urlTemplate\":\"https:\/\/etanec.fr\/?s={search_term_string}\"},\"query-input\":{\"@type\":\"PropertyValueSpecification\",\"valueRequired\":true,\"valueName\":\"search_term_string\"}}],\"inLanguage\":\"fr-FR\"},{\"@type\":\"Organization\",\"@id\":\"https:\/\/etanec.fr\/#organization\",\"name\":\"etanec.fr\",\"url\":\"https:\/\/etanec.fr\/\",\"logo\":{\"@type\":\"ImageObject\",\"inLanguage\":\"fr-FR\",\"@id\":\"https:\/\/etanec.fr\/#\/schema\/logo\/image\/\",\"url\":\"https:\/\/i0.wp.com\/etanec.fr\/wp-content\/uploads\/2017\/11\/cropped-cropped-cropped-ETANEC-LOGO-2017-RVBTRANSP-HD-e1509965316759.png?fit=350%2C75\",\"contentUrl\":\"https:\/\/i0.wp.com\/etanec.fr\/wp-content\/uploads\/2017\/11\/cropped-cropped-cropped-ETANEC-LOGO-2017-RVBTRANSP-HD-e1509965316759.png?fit=350%2C75\",\"width\":350,\"height\":75,\"caption\":\"etanec.fr\"},\"image\":{\"@id\":\"https:\/\/etanec.fr\/#\/schema\/logo\/image\/\"},\"sameAs\":[\"https:\/\/www.linkedin.com\/company\/etanecgroup\/?viewAsMember=true\"]}]}<\/script>\n<!-- \/ Yoast SEO plugin. -->","yoast_head_json":{"title":"Tue Frelons et gu\u00eapes 750ml - ETANEC","robots":{"index":"index","follow":"follow","max-snippet":"max-snippet:-1","max-image-preview":"max-image-preview:large","max-video-preview":"max-video-preview:-1"},"canonical":"http:\/\/etanec.fr\/index.php\/produit\/tue-frelons-et-guepes-750ml\/","og_locale":"fr_FR","og_type":"article","og_title":"Tue Frelons et gu\u00eapes 750ml - ETANEC","og_description":"Insecticide \u00e0 action foudroyante sp\u00e9cialement \u00e9labor\u00e9 pour la lutte contre les gu\u00eapes et frelons \u00e0 l'ext\u00e9rieur des habitations. Pour les charpentier, pompiers, agriculteur, etc... Port\u00e9e d'environ 4m Efficacit\u00e9 prouv\u00e9e: Gu\u00eapes et larves moins de 5 secondes, mortalit\u00e9 apr\u00e8s 24h = 100% Frelon et larves moins de 7 secondes, mortalit\u00e9 apr\u00e8s 24h = 100% Du fait du syst\u00e8me valve\/diffuseur gros d\u00e9bit, la puissance de diffusion est intense, et forme un brouillard insecticide paralysant, asphyxiant et mortel pour les insectes pr\u00e9sents dans le champs d'action A\u00e9rosol \"gros d\u00e9bit\", id\u00e9al pour traiter les nids de gu\u00eapes et frelon Conditionnement: A\u00e9rosol 750ml ou lot de 12 unit\u00e9s","og_url":"http:\/\/etanec.fr\/index.php\/produit\/tue-frelons-et-guepes-750ml\/","og_site_name":"ETANEC","article_modified_time":"2023-06-26T11:50:16+00:00","og_image":[{"width":610,"height":610,"url":"https:\/\/i0.wp.com\/etanec.fr\/wp-content\/uploads\/2022\/12\/1149_610x610.jpeg?fit=610%2C610","type":"image\/jpeg"}],"twitter_card":"summary_large_image","twitter_misc":{"Dur\u00e9e de lecture estim\u00e9e":"1 minute"},"schema":{"@context":"https:\/\/schema.org","@graph":[{"@type":"WebPage","@id":"http:\/\/etanec.fr\/index.php\/produit\/tue-frelons-et-guepes-750ml\/","url":"http:\/\/etanec.fr\/index.php\/produit\/tue-frelons-et-guepes-750ml\/","name":"Tue Frelons et gu\u00eapes 750ml - ETANEC","isPartOf":{"@id":"https:\/\/etanec.fr\/#website"},"primaryImageOfPage":{"@id":"http:\/\/etanec.fr\/index.php\/produit\/tue-frelons-et-guepes-750ml\/#primaryimage"},"image":{"@id":"http:\/\/etanec.fr\/index.php\/produit\/tue-frelons-et-guepes-750ml\/#primaryimage"},"thumbnailUrl":"https:\/\/i0.wp.com\/etanec.fr\/wp-content\/uploads\/2022\/12\/1149_610x610.jpeg?fit=610%2C610","datePublished":"2023-06-26T11:50:15+00:00","dateModified":"2023-06-26T11:50:16+00:00","breadcrumb":{"@id":"http:\/\/etanec.fr\/index.php\/produit\/tue-frelons-et-guepes-750ml\/#breadcrumb"},"inLanguage":"fr-FR","potentialAction":[{"@type":"ReadAction","target":["http:\/\/etanec.fr\/index.php\/produit\/tue-frelons-et-guepes-750ml\/"]}]},{"@type":"ImageObject","inLanguage":"fr-FR","@id":"http:\/\/etanec.fr\/index.php\/produit\/tue-frelons-et-guepes-750ml\/#primaryimage","url":"https:\/\/i0.wp.com\/etanec.fr\/wp-content\/uploads\/2022\/12\/1149_610x610.jpeg?fit=610%2C610","contentUrl":"https:\/\/i0.wp.com\/etanec.fr\/wp-content\/uploads\/2022\/12\/1149_610x610.jpeg?fit=610%2C610","width":610,"height":610},{"@type":"BreadcrumbList","@id":"http:\/\/etanec.fr\/index.php\/produit\/tue-frelons-et-guepes-750ml\/#breadcrumb","itemListElement":[{"@type":"ListItem","position":1,"name":"Accueil","item":"https:\/\/etanec.fr\/"},{"@type":"ListItem","position":2,"name":"Gamme de produits","item":"https:\/\/etanec.fr\/index.php\/boutique\/"},{"@type":"ListItem","position":3,"name":"Tue Frelons et gu\u00eapes 750ml"}]},{"@type":"WebSite","@id":"https:\/\/etanec.fr\/#website","url":"https:\/\/etanec.fr\/","name":"etanec.fr","description":"Votre Solution en Outillage &amp; Fixation Enveloppe du batiment","publisher":{"@id":"https:\/\/etanec.fr\/#organization"},"potentialAction":[{"@type":"SearchAction","target":{"@type":"EntryPoint","urlTemplate":"https:\/\/etanec.fr\/?s={search_term_string}"},"query-input":{"@type":"PropertyValueSpecification","valueRequired":true,"valueName":"search_term_string"}}],"inLanguage":"fr-FR"},{"@type":"Organization","@id":"https:\/\/etanec.fr\/#organization","name":"etanec.fr","url":"https:\/\/etanec.fr\/","logo":{"@type":"ImageObject","inLanguage":"fr-FR","@id":"https:\/\/etanec.fr\/#\/schema\/logo\/image\/","url":"https:\/\/i0.wp.com\/etanec.fr\/wp-content\/uploads\/2017\/11\/cropped-cropped-cropped-ETANEC-LOGO-2017-RVBTRANSP-HD-e1509965316759.png?fit=350%2C75","contentUrl":"https:\/\/i0.wp.com\/etanec.fr\/wp-content\/uploads\/2017\/11\/cropped-cropped-cropped-ETANEC-LOGO-2017-RVBTRANSP-HD-e1509965316759.png?fit=350%2C75","width":350,"height":75,"caption":"etanec.fr"},"image":{"@id":"https:\/\/etanec.fr\/#\/schema\/logo\/image\/"},"sameAs":["https:\/\/www.linkedin.com\/company\/etanecgroup\/?viewAsMember=true"]}]}},"jetpack_publicize_connections":[],"jetpack_sharing_enabled":true,"_links":{"self":[{"href":"http:\/\/etanec.fr\/index.php\/wp-json\/wp\/v2\/product\/4010","targetHints":{"allow":["GET"]}}],"collection":[{"href":"http:\/\/etanec.fr\/index.php\/wp-json\/wp\/v2\/product"}],"about":[{"href":"http:\/\/etanec.fr\/index.php\/wp-json\/wp\/v2\/types\/product"}],"replies":[{"embeddable":true,"href":"http:\/\/etanec.fr\/index.php\/wp-json\/wp\/v2\/comments?post=4010"}],"version-history":[{"count":2,"href":"http:\/\/etanec.fr\/index.php\/wp-json\/wp\/v2\/product\/4010\/revisions"}],"predecessor-version":[{"id":6784,"href":"http:\/\/etanec.fr\/index.php\/wp-json\/wp\/v2\/product\/4010\/revisions\/6784"}],"wp:featuredmedia":[{"embeddable":true,"href":"http:\/\/etanec.fr\/index.php\/wp-json\/wp\/v2\/media\/4011"}],"wp:attachment":[{"href":"http:\/\/etanec.fr\/index.php\/wp-json\/wp\/v2\/media?parent=4010"}],"wp:term":[{"taxonomy":"product_brand","embeddable":true,"href":"http:\/\/etanec.fr\/index.php\/wp-json\/wp\/v2\/product_brand?post=4010"},{"taxonomy":"product_cat","embeddable":true,"href":"http:\/\/etanec.fr\/index.php\/wp-json\/wp\/v2\/product_cat?post=4010"},{"taxonomy":"product_tag","embeddable":true,"href":"http:\/\/etanec.fr\/index.php\/wp-json\/wp\/v2\/product_tag?post=4010"}],"curies":[{"name":"wp","href":"https:\/\/api.w.org\/{rel}","templated":true}]}}