{"id":6316,"date":"2023-01-18T09:17:04","date_gmt":"2023-01-18T08:17:04","guid":{"rendered":"http:\/\/etanec.fr\/?post_type=product&#038;p=6316"},"modified":"2023-08-08T10:12:28","modified_gmt":"2023-08-08T08:12:28","slug":"grignoteuse-milwaukee-m12gf-fnb16-402x","status":"publish","type":"product","link":"http:\/\/etanec.fr\/index.php\/produit\/grignoteuse-milwaukee-m12gf-fnb16-402x\/","title":{"rendered":"GRIGNOTEUSE MILWAUKEE M12 FNB16-402X"},"content":{"rendered":"<p>Grignoteuse 12V avec capacit\u00e9 de coupe maximale dans l&rsquo;acier doux : 1.6 mm, dans l&rsquo;acier inoxydable : 1.2 mm, dans l&rsquo;aluminium : 2.1 mm.<\/p>\n<p>Avec seulement 1,6 kg (batterie de 4,0 Ah incluse), c&rsquo;est la grignoteuse sans fil la plus l\u00e9g\u00e8re du march\u00e9, tout en restant plus performante que ses concurrentes \u00e0 brosse 18V.<\/p>\n<p>Contr\u00f4le maximal pour tous les mat\u00e9riaux, avec un cadran de vitesse \u00e0 5 niveaux, elle est id\u00e9ale pour travailler l&rsquo;acier inoxydable et l&rsquo;aluminium.<\/p>\n","protected":false},"excerpt":{"rendered":"<p>Grignoteuse 12V avec capacit\u00e9 de coupe maximale dans l&rsquo;acier doux : 1.6 mm, dans l&rsquo;acier inoxydable : 1.2 mm, dans l&rsquo;aluminium : 2.1 mm.<\/p>\n<p>Avec seulement 1,6 kg (batterie de 4,0 Ah incluse), c&rsquo;est la grignoteuse sans fil la plus l\u00e9g\u00e8re du march\u00e9, tout en restant plus performante que ses concurrentes \u00e0 brosse 18V.<\/p>\n<p>Contr\u00f4le maximal pour tous les mat\u00e9riaux, avec un cadran de vitesse \u00e0 5 niveaux, elle est id\u00e9ale pour travailler l&rsquo;acier inoxydable et l&rsquo;aluminium.<\/p>\n","protected":false},"featured_media":6317,"comment_status":"open","ping_status":"closed","template":"","meta":{"_monsterinsights_skip_tracking":false,"_monsterinsights_sitenote_active":false,"_monsterinsights_sitenote_note":"","_monsterinsights_sitenote_category":0,"jetpack_publicize_message":"","jetpack_publicize_feature_enabled":true,"jetpack_social_post_already_shared":false,"jetpack_social_options":{"image_generator_settings":{"template":"highway","default_image_id":0,"font":"","enabled":false},"version":2}},"product_brand":[],"product_cat":[1056,44],"product_tag":[1028,1032,1031,1029,1030,1033],"class_list":{"0":"post-6316","1":"product","2":"type-product","3":"status-publish","6":"product_cat-nos-top-produits","7":"product_cat-electroportatif-materiel","8":"product_tag-grignoteuse","9":"product_tag-grignoteuse-12v","10":"product_tag-grignoteuse-a-batterie","11":"product_tag-grignoteuse-milwaukee","12":"product_tag-grignoteuse-sans-fil","13":"product_tag-m12-fnb16-402x","15":"first","16":"instock","17":"taxable","18":"shipping-taxable","19":"product-type-simple"},"yoast_head":"<!-- This site is optimized with the Yoast SEO plugin v26.6 - https:\/\/yoast.com\/wordpress\/plugins\/seo\/ -->\n<title>GRIGNOTEUSE MILWAUKEE M12 FNB16-402X - ETANEC<\/title>\n<meta name=\"robots\" content=\"index, follow, max-snippet:-1, max-image-preview:large, max-video-preview:-1\" \/>\n<link rel=\"canonical\" href=\"http:\/\/etanec.fr\/index.php\/produit\/grignoteuse-milwaukee-m12gf-fnb16-402x\/\" \/>\n<meta property=\"og:locale\" content=\"fr_FR\" \/>\n<meta property=\"og:type\" content=\"article\" \/>\n<meta property=\"og:title\" content=\"GRIGNOTEUSE MILWAUKEE M12 FNB16-402X - ETANEC\" \/>\n<meta property=\"og:description\" content=\"Grignoteuse 12V avec capacit\u00e9 de coupe maximale dans l&#039;acier doux : 1.6 mm, dans l&#039;acier inoxydable : 1.2 mm, dans l&#039;aluminium : 2.1 mm.  Avec seulement 1,6 kg (batterie de 4,0 Ah incluse), c&#039;est la grignoteuse sans fil la plus l\u00e9g\u00e8re du march\u00e9, tout en restant plus performante que ses concurrentes \u00e0 brosse 18V.  Contr\u00f4le maximal pour tous les mat\u00e9riaux, avec un cadran de vitesse \u00e0 5 niveaux, elle est id\u00e9ale pour travailler l&#039;acier inoxydable et l&#039;aluminium.\" \/>\n<meta property=\"og:url\" content=\"http:\/\/etanec.fr\/index.php\/produit\/grignoteuse-milwaukee-m12gf-fnb16-402x\/\" \/>\n<meta property=\"og:site_name\" content=\"ETANEC\" \/>\n<meta property=\"article:modified_time\" content=\"2023-08-08T08:12:28+00:00\" \/>\n<meta property=\"og:image\" content=\"https:\/\/i0.wp.com\/etanec.fr\/wp-content\/uploads\/2023\/01\/GRIGNOTEUSE-MILWAUKEE-M12GF-FNB16.jpg?fit=610%2C610\" \/>\n\t<meta property=\"og:image:width\" content=\"610\" \/>\n\t<meta property=\"og:image:height\" content=\"610\" \/>\n\t<meta property=\"og:image:type\" content=\"image\/jpeg\" \/>\n<meta name=\"twitter:card\" content=\"summary_large_image\" \/>\n<meta name=\"twitter:label1\" content=\"Dur\u00e9e de lecture estim\u00e9e\" \/>\n\t<meta name=\"twitter:data1\" content=\"1 minute\" \/>\n<script type=\"application\/ld+json\" class=\"yoast-schema-graph\">{\"@context\":\"https:\/\/schema.org\",\"@graph\":[{\"@type\":\"WebPage\",\"@id\":\"http:\/\/etanec.fr\/index.php\/produit\/grignoteuse-milwaukee-m12gf-fnb16-402x\/\",\"url\":\"http:\/\/etanec.fr\/index.php\/produit\/grignoteuse-milwaukee-m12gf-fnb16-402x\/\",\"name\":\"GRIGNOTEUSE MILWAUKEE M12 FNB16-402X - ETANEC\",\"isPartOf\":{\"@id\":\"https:\/\/etanec.fr\/#website\"},\"primaryImageOfPage\":{\"@id\":\"http:\/\/etanec.fr\/index.php\/produit\/grignoteuse-milwaukee-m12gf-fnb16-402x\/#primaryimage\"},\"image\":{\"@id\":\"http:\/\/etanec.fr\/index.php\/produit\/grignoteuse-milwaukee-m12gf-fnb16-402x\/#primaryimage\"},\"thumbnailUrl\":\"https:\/\/i0.wp.com\/etanec.fr\/wp-content\/uploads\/2023\/01\/GRIGNOTEUSE-MILWAUKEE-M12GF-FNB16.jpg?fit=610%2C610\",\"datePublished\":\"2023-01-18T08:17:04+00:00\",\"dateModified\":\"2023-08-08T08:12:28+00:00\",\"breadcrumb\":{\"@id\":\"http:\/\/etanec.fr\/index.php\/produit\/grignoteuse-milwaukee-m12gf-fnb16-402x\/#breadcrumb\"},\"inLanguage\":\"fr-FR\",\"potentialAction\":[{\"@type\":\"ReadAction\",\"target\":[\"http:\/\/etanec.fr\/index.php\/produit\/grignoteuse-milwaukee-m12gf-fnb16-402x\/\"]}]},{\"@type\":\"ImageObject\",\"inLanguage\":\"fr-FR\",\"@id\":\"http:\/\/etanec.fr\/index.php\/produit\/grignoteuse-milwaukee-m12gf-fnb16-402x\/#primaryimage\",\"url\":\"https:\/\/i0.wp.com\/etanec.fr\/wp-content\/uploads\/2023\/01\/GRIGNOTEUSE-MILWAUKEE-M12GF-FNB16.jpg?fit=610%2C610\",\"contentUrl\":\"https:\/\/i0.wp.com\/etanec.fr\/wp-content\/uploads\/2023\/01\/GRIGNOTEUSE-MILWAUKEE-M12GF-FNB16.jpg?fit=610%2C610\",\"width\":610,\"height\":610},{\"@type\":\"BreadcrumbList\",\"@id\":\"http:\/\/etanec.fr\/index.php\/produit\/grignoteuse-milwaukee-m12gf-fnb16-402x\/#breadcrumb\",\"itemListElement\":[{\"@type\":\"ListItem\",\"position\":1,\"name\":\"Accueil\",\"item\":\"https:\/\/etanec.fr\/\"},{\"@type\":\"ListItem\",\"position\":2,\"name\":\"Gamme de produits\",\"item\":\"https:\/\/etanec.fr\/index.php\/boutique\/\"},{\"@type\":\"ListItem\",\"position\":3,\"name\":\"GRIGNOTEUSE MILWAUKEE M12 FNB16-402X\"}]},{\"@type\":\"WebSite\",\"@id\":\"https:\/\/etanec.fr\/#website\",\"url\":\"https:\/\/etanec.fr\/\",\"name\":\"etanec.fr\",\"description\":\"Votre Solution en Outillage &amp; Fixation Enveloppe du batiment\",\"publisher\":{\"@id\":\"https:\/\/etanec.fr\/#organization\"},\"potentialAction\":[{\"@type\":\"SearchAction\",\"target\":{\"@type\":\"EntryPoint\",\"urlTemplate\":\"https:\/\/etanec.fr\/?s={search_term_string}\"},\"query-input\":{\"@type\":\"PropertyValueSpecification\",\"valueRequired\":true,\"valueName\":\"search_term_string\"}}],\"inLanguage\":\"fr-FR\"},{\"@type\":\"Organization\",\"@id\":\"https:\/\/etanec.fr\/#organization\",\"name\":\"etanec.fr\",\"url\":\"https:\/\/etanec.fr\/\",\"logo\":{\"@type\":\"ImageObject\",\"inLanguage\":\"fr-FR\",\"@id\":\"https:\/\/etanec.fr\/#\/schema\/logo\/image\/\",\"url\":\"https:\/\/i0.wp.com\/etanec.fr\/wp-content\/uploads\/2017\/11\/cropped-cropped-cropped-ETANEC-LOGO-2017-RVBTRANSP-HD-e1509965316759.png?fit=350%2C75\",\"contentUrl\":\"https:\/\/i0.wp.com\/etanec.fr\/wp-content\/uploads\/2017\/11\/cropped-cropped-cropped-ETANEC-LOGO-2017-RVBTRANSP-HD-e1509965316759.png?fit=350%2C75\",\"width\":350,\"height\":75,\"caption\":\"etanec.fr\"},\"image\":{\"@id\":\"https:\/\/etanec.fr\/#\/schema\/logo\/image\/\"},\"sameAs\":[\"https:\/\/www.linkedin.com\/company\/etanecgroup\/?viewAsMember=true\"]}]}<\/script>\n<!-- \/ Yoast SEO plugin. -->","yoast_head_json":{"title":"GRIGNOTEUSE MILWAUKEE M12 FNB16-402X - ETANEC","robots":{"index":"index","follow":"follow","max-snippet":"max-snippet:-1","max-image-preview":"max-image-preview:large","max-video-preview":"max-video-preview:-1"},"canonical":"http:\/\/etanec.fr\/index.php\/produit\/grignoteuse-milwaukee-m12gf-fnb16-402x\/","og_locale":"fr_FR","og_type":"article","og_title":"GRIGNOTEUSE MILWAUKEE M12 FNB16-402X - ETANEC","og_description":"Grignoteuse 12V avec capacit\u00e9 de coupe maximale dans l'acier doux : 1.6 mm, dans l'acier inoxydable : 1.2 mm, dans l'aluminium : 2.1 mm.  Avec seulement 1,6 kg (batterie de 4,0 Ah incluse), c'est la grignoteuse sans fil la plus l\u00e9g\u00e8re du march\u00e9, tout en restant plus performante que ses concurrentes \u00e0 brosse 18V.  Contr\u00f4le maximal pour tous les mat\u00e9riaux, avec un cadran de vitesse \u00e0 5 niveaux, elle est id\u00e9ale pour travailler l'acier inoxydable et l'aluminium.","og_url":"http:\/\/etanec.fr\/index.php\/produit\/grignoteuse-milwaukee-m12gf-fnb16-402x\/","og_site_name":"ETANEC","article_modified_time":"2023-08-08T08:12:28+00:00","og_image":[{"width":610,"height":610,"url":"https:\/\/i0.wp.com\/etanec.fr\/wp-content\/uploads\/2023\/01\/GRIGNOTEUSE-MILWAUKEE-M12GF-FNB16.jpg?fit=610%2C610","type":"image\/jpeg"}],"twitter_card":"summary_large_image","twitter_misc":{"Dur\u00e9e de lecture estim\u00e9e":"1 minute"},"schema":{"@context":"https:\/\/schema.org","@graph":[{"@type":"WebPage","@id":"http:\/\/etanec.fr\/index.php\/produit\/grignoteuse-milwaukee-m12gf-fnb16-402x\/","url":"http:\/\/etanec.fr\/index.php\/produit\/grignoteuse-milwaukee-m12gf-fnb16-402x\/","name":"GRIGNOTEUSE MILWAUKEE M12 FNB16-402X - ETANEC","isPartOf":{"@id":"https:\/\/etanec.fr\/#website"},"primaryImageOfPage":{"@id":"http:\/\/etanec.fr\/index.php\/produit\/grignoteuse-milwaukee-m12gf-fnb16-402x\/#primaryimage"},"image":{"@id":"http:\/\/etanec.fr\/index.php\/produit\/grignoteuse-milwaukee-m12gf-fnb16-402x\/#primaryimage"},"thumbnailUrl":"https:\/\/i0.wp.com\/etanec.fr\/wp-content\/uploads\/2023\/01\/GRIGNOTEUSE-MILWAUKEE-M12GF-FNB16.jpg?fit=610%2C610","datePublished":"2023-01-18T08:17:04+00:00","dateModified":"2023-08-08T08:12:28+00:00","breadcrumb":{"@id":"http:\/\/etanec.fr\/index.php\/produit\/grignoteuse-milwaukee-m12gf-fnb16-402x\/#breadcrumb"},"inLanguage":"fr-FR","potentialAction":[{"@type":"ReadAction","target":["http:\/\/etanec.fr\/index.php\/produit\/grignoteuse-milwaukee-m12gf-fnb16-402x\/"]}]},{"@type":"ImageObject","inLanguage":"fr-FR","@id":"http:\/\/etanec.fr\/index.php\/produit\/grignoteuse-milwaukee-m12gf-fnb16-402x\/#primaryimage","url":"https:\/\/i0.wp.com\/etanec.fr\/wp-content\/uploads\/2023\/01\/GRIGNOTEUSE-MILWAUKEE-M12GF-FNB16.jpg?fit=610%2C610","contentUrl":"https:\/\/i0.wp.com\/etanec.fr\/wp-content\/uploads\/2023\/01\/GRIGNOTEUSE-MILWAUKEE-M12GF-FNB16.jpg?fit=610%2C610","width":610,"height":610},{"@type":"BreadcrumbList","@id":"http:\/\/etanec.fr\/index.php\/produit\/grignoteuse-milwaukee-m12gf-fnb16-402x\/#breadcrumb","itemListElement":[{"@type":"ListItem","position":1,"name":"Accueil","item":"https:\/\/etanec.fr\/"},{"@type":"ListItem","position":2,"name":"Gamme de produits","item":"https:\/\/etanec.fr\/index.php\/boutique\/"},{"@type":"ListItem","position":3,"name":"GRIGNOTEUSE MILWAUKEE M12 FNB16-402X"}]},{"@type":"WebSite","@id":"https:\/\/etanec.fr\/#website","url":"https:\/\/etanec.fr\/","name":"etanec.fr","description":"Votre Solution en Outillage &amp; Fixation Enveloppe du batiment","publisher":{"@id":"https:\/\/etanec.fr\/#organization"},"potentialAction":[{"@type":"SearchAction","target":{"@type":"EntryPoint","urlTemplate":"https:\/\/etanec.fr\/?s={search_term_string}"},"query-input":{"@type":"PropertyValueSpecification","valueRequired":true,"valueName":"search_term_string"}}],"inLanguage":"fr-FR"},{"@type":"Organization","@id":"https:\/\/etanec.fr\/#organization","name":"etanec.fr","url":"https:\/\/etanec.fr\/","logo":{"@type":"ImageObject","inLanguage":"fr-FR","@id":"https:\/\/etanec.fr\/#\/schema\/logo\/image\/","url":"https:\/\/i0.wp.com\/etanec.fr\/wp-content\/uploads\/2017\/11\/cropped-cropped-cropped-ETANEC-LOGO-2017-RVBTRANSP-HD-e1509965316759.png?fit=350%2C75","contentUrl":"https:\/\/i0.wp.com\/etanec.fr\/wp-content\/uploads\/2017\/11\/cropped-cropped-cropped-ETANEC-LOGO-2017-RVBTRANSP-HD-e1509965316759.png?fit=350%2C75","width":350,"height":75,"caption":"etanec.fr"},"image":{"@id":"https:\/\/etanec.fr\/#\/schema\/logo\/image\/"},"sameAs":["https:\/\/www.linkedin.com\/company\/etanecgroup\/?viewAsMember=true"]}]}},"jetpack_publicize_connections":[],"jetpack_sharing_enabled":true,"_links":{"self":[{"href":"http:\/\/etanec.fr\/index.php\/wp-json\/wp\/v2\/product\/6316","targetHints":{"allow":["GET"]}}],"collection":[{"href":"http:\/\/etanec.fr\/index.php\/wp-json\/wp\/v2\/product"}],"about":[{"href":"http:\/\/etanec.fr\/index.php\/wp-json\/wp\/v2\/types\/product"}],"replies":[{"embeddable":true,"href":"http:\/\/etanec.fr\/index.php\/wp-json\/wp\/v2\/comments?post=6316"}],"version-history":[{"count":3,"href":"http:\/\/etanec.fr\/index.php\/wp-json\/wp\/v2\/product\/6316\/revisions"}],"predecessor-version":[{"id":6324,"href":"http:\/\/etanec.fr\/index.php\/wp-json\/wp\/v2\/product\/6316\/revisions\/6324"}],"wp:featuredmedia":[{"embeddable":true,"href":"http:\/\/etanec.fr\/index.php\/wp-json\/wp\/v2\/media\/6317"}],"wp:attachment":[{"href":"http:\/\/etanec.fr\/index.php\/wp-json\/wp\/v2\/media?parent=6316"}],"wp:term":[{"taxonomy":"product_brand","embeddable":true,"href":"http:\/\/etanec.fr\/index.php\/wp-json\/wp\/v2\/product_brand?post=6316"},{"taxonomy":"product_cat","embeddable":true,"href":"http:\/\/etanec.fr\/index.php\/wp-json\/wp\/v2\/product_cat?post=6316"},{"taxonomy":"product_tag","embeddable":true,"href":"http:\/\/etanec.fr\/index.php\/wp-json\/wp\/v2\/product_tag?post=6316"}],"curies":[{"name":"wp","href":"https:\/\/api.w.org\/{rel}","templated":true}]}}