{"id":731,"date":"2022-02-03T16:02:07","date_gmt":"2022-02-03T15:02:07","guid":{"rendered":"https:\/\/etanec.fr\/?post_type=product&#038;p=731"},"modified":"2023-12-09T09:43:17","modified_gmt":"2023-12-09T08:43:17","slug":"gants-tout-cuir-pleine-fleur-de-bovin","status":"publish","type":"product","link":"http:\/\/etanec.fr\/index.php\/produit\/gants-tout-cuir-pleine-fleur-de-bovin\/","title":{"rendered":"Gants tout cuir pleine fleur de bovin"},"content":{"rendered":"<p>Montage am\u00e9ricain. Tout cuir pleine fleur de bovin.\u00a0Elastique de serrage au dos.\u00a0Taille : 9\/10\/11.<\/p>\n<p>Conditionnement : \u00e0 l&rsquo;unit\u00e9, par 12 ou par 120.<\/p>\n<p>EN388 : protection contres les risques m\u00e9caniques : 3\/2\/3\/3.<\/p>\n<p><strong>Gant sp\u00e9cial \u00e9tancheurs.<\/strong><\/p>\n","protected":false},"excerpt":{"rendered":"<p>Montage am\u00e9ricain<\/p>\n<p>Tout cuir pleine fleur de bovin<\/p>\n<p>Elastique de serrage au dos<\/p>\n<p>Taille : 9\/10\/11<\/p>\n<p>Conditionnement : \u00e0 l&rsquo;unit\u00e9, par 12 ou par 120<\/p>\n<p>EN388 : protection contres les risques m\u00e9caniques : 3\/2\/3\/3<\/p>\n<p><strong>Gant sp\u00e9cial \u00e9tancheurs<\/strong><\/p>\n","protected":false},"featured_media":732,"comment_status":"open","ping_status":"closed","template":"","meta":{"_monsterinsights_skip_tracking":false,"_monsterinsights_sitenote_active":false,"_monsterinsights_sitenote_note":"","_monsterinsights_sitenote_category":0,"jetpack_publicize_message":"","jetpack_publicize_feature_enabled":true,"jetpack_social_post_already_shared":false,"jetpack_social_options":{"image_generator_settings":{"template":"highway","default_image_id":0,"font":"","enabled":false},"version":2}},"product_brand":[],"product_cat":[1056,40],"product_tag":[42,41],"class_list":{"0":"post-731","1":"product","2":"type-product","3":"status-publish","6":"product_cat-nos-top-produits","7":"product_cat-epi","8":"product_tag-gant-cuir","9":"product_tag-gant-etancheur","11":"first","12":"instock","13":"taxable","14":"shipping-taxable","15":"purchasable","16":"product-type-variable","17":"has-default-attributes"},"yoast_head":"<!-- This site is optimized with the Yoast SEO plugin v26.6 - https:\/\/yoast.com\/wordpress\/plugins\/seo\/ -->\n<title>Gants tout cuir pleine fleur de bovin - ETANEC<\/title>\n<meta name=\"robots\" content=\"index, follow, max-snippet:-1, max-image-preview:large, max-video-preview:-1\" \/>\n<link rel=\"canonical\" href=\"https:\/\/etanec.fr\/index.php\/produit\/gants-tout-cuir-pleine-fleur-de-bovin\/\" \/>\n<meta property=\"og:locale\" content=\"fr_FR\" \/>\n<meta property=\"og:type\" content=\"article\" \/>\n<meta property=\"og:title\" content=\"Gants tout cuir pleine fleur de bovin - ETANEC\" \/>\n<meta property=\"og:description\" content=\"Montage am\u00e9ricain  Tout cuir pleine fleur de bovin  Elastique de serrage au dos  Taille : 9\/10\/11  Conditionnement : \u00e0 l&#039;unit\u00e9, par 12 ou par 120  EN388 : protection contres les risques m\u00e9caniques : 3\/2\/3\/3  Gant sp\u00e9cial \u00e9tancheurs\" \/>\n<meta property=\"og:url\" content=\"https:\/\/etanec.fr\/index.php\/produit\/gants-tout-cuir-pleine-fleur-de-bovin\/\" \/>\n<meta property=\"og:site_name\" content=\"ETANEC\" \/>\n<meta property=\"article:modified_time\" content=\"2023-12-09T08:43:17+00:00\" \/>\n<meta property=\"og:image\" content=\"https:\/\/i0.wp.com\/etanec.fr\/wp-content\/uploads\/2022\/02\/216__1_800x800.jpg?fit=800%2C800&ssl=1\" \/>\n\t<meta property=\"og:image:width\" content=\"800\" \/>\n\t<meta property=\"og:image:height\" content=\"800\" \/>\n\t<meta property=\"og:image:type\" content=\"image\/jpeg\" \/>\n<meta name=\"twitter:card\" content=\"summary_large_image\" \/>\n<meta name=\"twitter:label1\" content=\"Dur\u00e9e de lecture estim\u00e9e\" \/>\n\t<meta name=\"twitter:data1\" content=\"1 minute\" \/>\n<script type=\"application\/ld+json\" class=\"yoast-schema-graph\">{\"@context\":\"https:\/\/schema.org\",\"@graph\":[{\"@type\":\"WebPage\",\"@id\":\"https:\/\/etanec.fr\/index.php\/produit\/gants-tout-cuir-pleine-fleur-de-bovin\/\",\"url\":\"https:\/\/etanec.fr\/index.php\/produit\/gants-tout-cuir-pleine-fleur-de-bovin\/\",\"name\":\"Gants tout cuir pleine fleur de bovin - ETANEC\",\"isPartOf\":{\"@id\":\"http:\/\/etanec.fr\/#website\"},\"primaryImageOfPage\":{\"@id\":\"https:\/\/etanec.fr\/index.php\/produit\/gants-tout-cuir-pleine-fleur-de-bovin\/#primaryimage\"},\"image\":{\"@id\":\"https:\/\/etanec.fr\/index.php\/produit\/gants-tout-cuir-pleine-fleur-de-bovin\/#primaryimage\"},\"thumbnailUrl\":\"https:\/\/i0.wp.com\/etanec.fr\/wp-content\/uploads\/2022\/02\/216__1_800x800.jpg?fit=800%2C800\",\"datePublished\":\"2022-02-03T15:02:07+00:00\",\"dateModified\":\"2023-12-09T08:43:17+00:00\",\"breadcrumb\":{\"@id\":\"https:\/\/etanec.fr\/index.php\/produit\/gants-tout-cuir-pleine-fleur-de-bovin\/#breadcrumb\"},\"inLanguage\":\"fr-FR\",\"potentialAction\":[{\"@type\":\"ReadAction\",\"target\":[\"https:\/\/etanec.fr\/index.php\/produit\/gants-tout-cuir-pleine-fleur-de-bovin\/\"]}]},{\"@type\":\"ImageObject\",\"inLanguage\":\"fr-FR\",\"@id\":\"https:\/\/etanec.fr\/index.php\/produit\/gants-tout-cuir-pleine-fleur-de-bovin\/#primaryimage\",\"url\":\"https:\/\/i0.wp.com\/etanec.fr\/wp-content\/uploads\/2022\/02\/216__1_800x800.jpg?fit=800%2C800\",\"contentUrl\":\"https:\/\/i0.wp.com\/etanec.fr\/wp-content\/uploads\/2022\/02\/216__1_800x800.jpg?fit=800%2C800\",\"width\":800,\"height\":800},{\"@type\":\"BreadcrumbList\",\"@id\":\"https:\/\/etanec.fr\/index.php\/produit\/gants-tout-cuir-pleine-fleur-de-bovin\/#breadcrumb\",\"itemListElement\":[{\"@type\":\"ListItem\",\"position\":1,\"name\":\"Accueil\",\"item\":\"http:\/\/etanec.fr\/\"},{\"@type\":\"ListItem\",\"position\":2,\"name\":\"Gamme de produits\",\"item\":\"http:\/\/etanec.fr\/index.php\/boutique\/\"},{\"@type\":\"ListItem\",\"position\":3,\"name\":\"Gants tout cuir pleine fleur de bovin\"}]},{\"@type\":\"WebSite\",\"@id\":\"http:\/\/etanec.fr\/#website\",\"url\":\"http:\/\/etanec.fr\/\",\"name\":\"etanec.fr\",\"description\":\"Votre Solution en Outillage &amp; Fixation Enveloppe du batiment\",\"publisher\":{\"@id\":\"http:\/\/etanec.fr\/#organization\"},\"potentialAction\":[{\"@type\":\"SearchAction\",\"target\":{\"@type\":\"EntryPoint\",\"urlTemplate\":\"http:\/\/etanec.fr\/?s={search_term_string}\"},\"query-input\":{\"@type\":\"PropertyValueSpecification\",\"valueRequired\":true,\"valueName\":\"search_term_string\"}}],\"inLanguage\":\"fr-FR\"},{\"@type\":\"Organization\",\"@id\":\"http:\/\/etanec.fr\/#organization\",\"name\":\"etanec.fr\",\"url\":\"http:\/\/etanec.fr\/\",\"logo\":{\"@type\":\"ImageObject\",\"inLanguage\":\"fr-FR\",\"@id\":\"http:\/\/etanec.fr\/#\/schema\/logo\/image\/\",\"url\":\"https:\/\/i0.wp.com\/etanec.fr\/wp-content\/uploads\/2017\/11\/cropped-cropped-cropped-ETANEC-LOGO-2017-RVBTRANSP-HD-e1509965316759.png?fit=350%2C75\",\"contentUrl\":\"https:\/\/i0.wp.com\/etanec.fr\/wp-content\/uploads\/2017\/11\/cropped-cropped-cropped-ETANEC-LOGO-2017-RVBTRANSP-HD-e1509965316759.png?fit=350%2C75\",\"width\":350,\"height\":75,\"caption\":\"etanec.fr\"},\"image\":{\"@id\":\"http:\/\/etanec.fr\/#\/schema\/logo\/image\/\"},\"sameAs\":[\"https:\/\/www.linkedin.com\/company\/etanecgroup\/?viewAsMember=true\"]}]}<\/script>\n<!-- \/ Yoast SEO plugin. -->","yoast_head_json":{"title":"Gants tout cuir pleine fleur de bovin - ETANEC","robots":{"index":"index","follow":"follow","max-snippet":"max-snippet:-1","max-image-preview":"max-image-preview:large","max-video-preview":"max-video-preview:-1"},"canonical":"https:\/\/etanec.fr\/index.php\/produit\/gants-tout-cuir-pleine-fleur-de-bovin\/","og_locale":"fr_FR","og_type":"article","og_title":"Gants tout cuir pleine fleur de bovin - ETANEC","og_description":"Montage am\u00e9ricain  Tout cuir pleine fleur de bovin  Elastique de serrage au dos  Taille : 9\/10\/11  Conditionnement : \u00e0 l'unit\u00e9, par 12 ou par 120  EN388 : protection contres les risques m\u00e9caniques : 3\/2\/3\/3  Gant sp\u00e9cial \u00e9tancheurs","og_url":"https:\/\/etanec.fr\/index.php\/produit\/gants-tout-cuir-pleine-fleur-de-bovin\/","og_site_name":"ETANEC","article_modified_time":"2023-12-09T08:43:17+00:00","og_image":[{"width":800,"height":800,"url":"https:\/\/i0.wp.com\/etanec.fr\/wp-content\/uploads\/2022\/02\/216__1_800x800.jpg?fit=800%2C800&ssl=1","type":"image\/jpeg"}],"twitter_card":"summary_large_image","twitter_misc":{"Dur\u00e9e de lecture estim\u00e9e":"1 minute"},"schema":{"@context":"https:\/\/schema.org","@graph":[{"@type":"WebPage","@id":"https:\/\/etanec.fr\/index.php\/produit\/gants-tout-cuir-pleine-fleur-de-bovin\/","url":"https:\/\/etanec.fr\/index.php\/produit\/gants-tout-cuir-pleine-fleur-de-bovin\/","name":"Gants tout cuir pleine fleur de bovin - ETANEC","isPartOf":{"@id":"http:\/\/etanec.fr\/#website"},"primaryImageOfPage":{"@id":"https:\/\/etanec.fr\/index.php\/produit\/gants-tout-cuir-pleine-fleur-de-bovin\/#primaryimage"},"image":{"@id":"https:\/\/etanec.fr\/index.php\/produit\/gants-tout-cuir-pleine-fleur-de-bovin\/#primaryimage"},"thumbnailUrl":"https:\/\/i0.wp.com\/etanec.fr\/wp-content\/uploads\/2022\/02\/216__1_800x800.jpg?fit=800%2C800","datePublished":"2022-02-03T15:02:07+00:00","dateModified":"2023-12-09T08:43:17+00:00","breadcrumb":{"@id":"https:\/\/etanec.fr\/index.php\/produit\/gants-tout-cuir-pleine-fleur-de-bovin\/#breadcrumb"},"inLanguage":"fr-FR","potentialAction":[{"@type":"ReadAction","target":["https:\/\/etanec.fr\/index.php\/produit\/gants-tout-cuir-pleine-fleur-de-bovin\/"]}]},{"@type":"ImageObject","inLanguage":"fr-FR","@id":"https:\/\/etanec.fr\/index.php\/produit\/gants-tout-cuir-pleine-fleur-de-bovin\/#primaryimage","url":"https:\/\/i0.wp.com\/etanec.fr\/wp-content\/uploads\/2022\/02\/216__1_800x800.jpg?fit=800%2C800","contentUrl":"https:\/\/i0.wp.com\/etanec.fr\/wp-content\/uploads\/2022\/02\/216__1_800x800.jpg?fit=800%2C800","width":800,"height":800},{"@type":"BreadcrumbList","@id":"https:\/\/etanec.fr\/index.php\/produit\/gants-tout-cuir-pleine-fleur-de-bovin\/#breadcrumb","itemListElement":[{"@type":"ListItem","position":1,"name":"Accueil","item":"http:\/\/etanec.fr\/"},{"@type":"ListItem","position":2,"name":"Gamme de produits","item":"http:\/\/etanec.fr\/index.php\/boutique\/"},{"@type":"ListItem","position":3,"name":"Gants tout cuir pleine fleur de bovin"}]},{"@type":"WebSite","@id":"http:\/\/etanec.fr\/#website","url":"http:\/\/etanec.fr\/","name":"etanec.fr","description":"Votre Solution en Outillage &amp; Fixation Enveloppe du batiment","publisher":{"@id":"http:\/\/etanec.fr\/#organization"},"potentialAction":[{"@type":"SearchAction","target":{"@type":"EntryPoint","urlTemplate":"http:\/\/etanec.fr\/?s={search_term_string}"},"query-input":{"@type":"PropertyValueSpecification","valueRequired":true,"valueName":"search_term_string"}}],"inLanguage":"fr-FR"},{"@type":"Organization","@id":"http:\/\/etanec.fr\/#organization","name":"etanec.fr","url":"http:\/\/etanec.fr\/","logo":{"@type":"ImageObject","inLanguage":"fr-FR","@id":"http:\/\/etanec.fr\/#\/schema\/logo\/image\/","url":"https:\/\/i0.wp.com\/etanec.fr\/wp-content\/uploads\/2017\/11\/cropped-cropped-cropped-ETANEC-LOGO-2017-RVBTRANSP-HD-e1509965316759.png?fit=350%2C75","contentUrl":"https:\/\/i0.wp.com\/etanec.fr\/wp-content\/uploads\/2017\/11\/cropped-cropped-cropped-ETANEC-LOGO-2017-RVBTRANSP-HD-e1509965316759.png?fit=350%2C75","width":350,"height":75,"caption":"etanec.fr"},"image":{"@id":"http:\/\/etanec.fr\/#\/schema\/logo\/image\/"},"sameAs":["https:\/\/www.linkedin.com\/company\/etanecgroup\/?viewAsMember=true"]}]}},"jetpack_publicize_connections":[],"jetpack_sharing_enabled":true,"_links":{"self":[{"href":"http:\/\/etanec.fr\/index.php\/wp-json\/wp\/v2\/product\/731","targetHints":{"allow":["GET"]}}],"collection":[{"href":"http:\/\/etanec.fr\/index.php\/wp-json\/wp\/v2\/product"}],"about":[{"href":"http:\/\/etanec.fr\/index.php\/wp-json\/wp\/v2\/types\/product"}],"replies":[{"embeddable":true,"href":"http:\/\/etanec.fr\/index.php\/wp-json\/wp\/v2\/comments?post=731"}],"version-history":[{"count":3,"href":"http:\/\/etanec.fr\/index.php\/wp-json\/wp\/v2\/product\/731\/revisions"}],"predecessor-version":[{"id":6673,"href":"http:\/\/etanec.fr\/index.php\/wp-json\/wp\/v2\/product\/731\/revisions\/6673"}],"wp:featuredmedia":[{"embeddable":true,"href":"http:\/\/etanec.fr\/index.php\/wp-json\/wp\/v2\/media\/732"}],"wp:attachment":[{"href":"http:\/\/etanec.fr\/index.php\/wp-json\/wp\/v2\/media?parent=731"}],"wp:term":[{"taxonomy":"product_brand","embeddable":true,"href":"http:\/\/etanec.fr\/index.php\/wp-json\/wp\/v2\/product_brand?post=731"},{"taxonomy":"product_cat","embeddable":true,"href":"http:\/\/etanec.fr\/index.php\/wp-json\/wp\/v2\/product_cat?post=731"},{"taxonomy":"product_tag","embeddable":true,"href":"http:\/\/etanec.fr\/index.php\/wp-json\/wp\/v2\/product_tag?post=731"}],"curies":[{"name":"wp","href":"https:\/\/api.w.org\/{rel}","templated":true}]}}