{"id":801,"date":"2022-02-08T16:01:31","date_gmt":"2022-02-08T15:01:31","guid":{"rendered":"https:\/\/etanec.fr\/?post_type=product&#038;p=801"},"modified":"2022-04-27T16:08:41","modified_gmt":"2022-04-27T14:08:41","slug":"pompe-a-eau-serpillere-simer-5","status":"publish","type":"product","link":"http:\/\/etanec.fr\/index.php\/produit\/pompe-a-eau-serpillere-simer-5\/","title":{"rendered":"Pompe \u00e0 eau serpill\u00e8re SIMER 5"},"content":{"rendered":"<p>La pompe \u00e0 eau sp\u00e9ciale \u00e9tancheurs qui permet d&rsquo;aspirer en laissant seulement 2mm d&rsquo;eau.<\/p>\n<p>Les plus: Aspiration \u00e0 plat jusqu&rsquo; \u00e0 2 mm de niveau d&rsquo;eau r\u00e9siduelle, Bo\u00eetier robuste en aluminium avec rev\u00eatement \u00e9maill\u00e9 pour po\u00eale, Autoventilation \u00e0 partir d&rsquo;un niveau d&rsquo;eau de seulement 5 mm, Refroidissement de l&rsquo;enveloppe du moteur, Conduite d&rsquo;alimentation interchangeable, Raccord de tuyau. Hmax = 6 m, Qmax = 4,3 m3\/h.<\/p>\n<p>La pompe Simer 5 est une pompe serpill\u00e8re pour l&rsquo;ass\u00e8chement de caves, toits plats, courts de tennis ou piscines. Cette pompe peut \u00e9galement \u00eatre utilis\u00e9e pour aspirer l&rsquo;eau pendant les op\u00e9rations de carottage et de coupe du b\u00e9ton. Il aspire rapidement et facilement l&rsquo;eau non d\u00e9sir\u00e9e jusqu&rsquo; \u00e0 un niveau r\u00e9siduel de 2 mm. La pompe commence \u00e0 pomper \u00e0 partir d&rsquo;un niveau d&rsquo;eau de 5 mm. Le tamis amovible d&rsquo;une largeur de maille de 2 mm prot\u00e8ge efficacement le syst\u00e8me hydraulique contre les mati\u00e8res grossi\u00e8res. Gr\u00e2ce au raccord flexible variable, une connexion simple et rapide est possible. Toutefois, il est interdit d&rsquo;\u00e9tablir un lien solide avec le syst\u00e8me de drainage de la maison ou d&rsquo;utiliser le syst\u00e8me contre les eaux de retour. Veuillez consulter notre programme de pompes U3K \u00e0 U6K. Le circuit d&rsquo;\u00e9lectrode Simer Level Control permet de retirer imm\u00e9diatement et automatiquement les flaques d&rsquo;eau ou l&rsquo;inondation.<\/p>\n","protected":false},"excerpt":{"rendered":"<p>La pompe \u00e0 eau sp\u00e9ciale \u00e9tancheurs qui permet d&rsquo;aspirer en laissant seulement 2mm d&rsquo;eau.<\/p>\n","protected":false},"featured_media":802,"comment_status":"open","ping_status":"closed","template":"","meta":{"_monsterinsights_skip_tracking":false,"_monsterinsights_sitenote_active":false,"_monsterinsights_sitenote_note":"","_monsterinsights_sitenote_category":0,"jetpack_publicize_message":"","jetpack_publicize_feature_enabled":true,"jetpack_social_post_already_shared":false,"jetpack_social_options":{"image_generator_settings":{"template":"highway","default_image_id":0,"font":"","enabled":false},"version":2}},"product_brand":[],"product_cat":[44],"product_tag":[48,47,46,45],"class_list":{"0":"post-801","1":"product","2":"type-product","3":"status-publish","6":"product_cat-electroportatif-materiel","7":"product_tag-pompe-a-eau","8":"product_tag-pompe-etancheur","9":"product_tag-pompe-serpillere","10":"product_tag-simer","12":"first","13":"instock","14":"taxable","15":"shipping-taxable","16":"product-type-simple"},"yoast_head":"<!-- This site is optimized with the Yoast SEO plugin v26.6 - https:\/\/yoast.com\/wordpress\/plugins\/seo\/ -->\n<title>Pompe \u00e0 eau serpill\u00e8re SIMER 5 - ETANEC<\/title>\n<meta name=\"description\" content=\"Pompe sp\u00e9ciale \u00e9tancheurs permettant de fonctionner \u00e0 partir d&#039;un niveau d&#039;eau de 5 mm tout en aspirant jusqu&#039;\u00e0 une quantit\u00e9 r\u00e9siduelle de 2mm\" \/>\n<meta name=\"robots\" content=\"index, follow, max-snippet:-1, max-image-preview:large, max-video-preview:-1\" \/>\n<link rel=\"canonical\" href=\"http:\/\/etanec.fr\/index.php\/produit\/pompe-a-eau-serpillere-simer-5\/\" \/>\n<meta property=\"og:locale\" content=\"fr_FR\" \/>\n<meta property=\"og:type\" content=\"article\" \/>\n<meta property=\"og:title\" content=\"Pompe \u00e0 eau serpill\u00e8re SIMER 5 - ETANEC\" \/>\n<meta property=\"og:description\" content=\"Pompe sp\u00e9ciale \u00e9tancheurs permettant de fonctionner \u00e0 partir d&#039;un niveau d&#039;eau de 5 mm tout en aspirant jusqu&#039;\u00e0 une quantit\u00e9 r\u00e9siduelle de 2mm\" \/>\n<meta property=\"og:url\" content=\"http:\/\/etanec.fr\/index.php\/produit\/pompe-a-eau-serpillere-simer-5\/\" \/>\n<meta property=\"og:site_name\" content=\"ETANEC\" \/>\n<meta property=\"article:modified_time\" content=\"2022-04-27T14:08:41+00:00\" \/>\n<meta property=\"og:image\" content=\"https:\/\/i0.wp.com\/etanec.fr\/wp-content\/uploads\/2022\/02\/EKT100500.jpg?fit=700%2C560\" \/>\n\t<meta property=\"og:image:width\" content=\"700\" \/>\n\t<meta property=\"og:image:height\" content=\"560\" \/>\n\t<meta property=\"og:image:type\" content=\"image\/jpeg\" \/>\n<meta name=\"twitter:card\" content=\"summary_large_image\" \/>\n<meta name=\"twitter:label1\" content=\"Dur\u00e9e de lecture estim\u00e9e\" \/>\n\t<meta name=\"twitter:data1\" content=\"1 minute\" \/>\n<script type=\"application\/ld+json\" class=\"yoast-schema-graph\">{\"@context\":\"https:\/\/schema.org\",\"@graph\":[{\"@type\":\"WebPage\",\"@id\":\"http:\/\/etanec.fr\/index.php\/produit\/pompe-a-eau-serpillere-simer-5\/\",\"url\":\"http:\/\/etanec.fr\/index.php\/produit\/pompe-a-eau-serpillere-simer-5\/\",\"name\":\"Pompe \u00e0 eau serpill\u00e8re SIMER 5 - ETANEC\",\"isPartOf\":{\"@id\":\"https:\/\/etanec.fr\/#website\"},\"primaryImageOfPage\":{\"@id\":\"http:\/\/etanec.fr\/index.php\/produit\/pompe-a-eau-serpillere-simer-5\/#primaryimage\"},\"image\":{\"@id\":\"http:\/\/etanec.fr\/index.php\/produit\/pompe-a-eau-serpillere-simer-5\/#primaryimage\"},\"thumbnailUrl\":\"https:\/\/i0.wp.com\/etanec.fr\/wp-content\/uploads\/2022\/02\/EKT100500.jpg?fit=700%2C560\",\"datePublished\":\"2022-02-08T15:01:31+00:00\",\"dateModified\":\"2022-04-27T14:08:41+00:00\",\"description\":\"Pompe sp\u00e9ciale \u00e9tancheurs permettant de fonctionner \u00e0 partir d'un niveau d'eau de 5 mm tout en aspirant jusqu'\u00e0 une quantit\u00e9 r\u00e9siduelle de 2mm\",\"breadcrumb\":{\"@id\":\"http:\/\/etanec.fr\/index.php\/produit\/pompe-a-eau-serpillere-simer-5\/#breadcrumb\"},\"inLanguage\":\"fr-FR\",\"potentialAction\":[{\"@type\":\"ReadAction\",\"target\":[\"http:\/\/etanec.fr\/index.php\/produit\/pompe-a-eau-serpillere-simer-5\/\"]}]},{\"@type\":\"ImageObject\",\"inLanguage\":\"fr-FR\",\"@id\":\"http:\/\/etanec.fr\/index.php\/produit\/pompe-a-eau-serpillere-simer-5\/#primaryimage\",\"url\":\"https:\/\/i0.wp.com\/etanec.fr\/wp-content\/uploads\/2022\/02\/EKT100500.jpg?fit=700%2C560\",\"contentUrl\":\"https:\/\/i0.wp.com\/etanec.fr\/wp-content\/uploads\/2022\/02\/EKT100500.jpg?fit=700%2C560\",\"width\":700,\"height\":560},{\"@type\":\"BreadcrumbList\",\"@id\":\"http:\/\/etanec.fr\/index.php\/produit\/pompe-a-eau-serpillere-simer-5\/#breadcrumb\",\"itemListElement\":[{\"@type\":\"ListItem\",\"position\":1,\"name\":\"Accueil\",\"item\":\"https:\/\/etanec.fr\/\"},{\"@type\":\"ListItem\",\"position\":2,\"name\":\"Gamme de produits\",\"item\":\"https:\/\/etanec.fr\/index.php\/boutique\/\"},{\"@type\":\"ListItem\",\"position\":3,\"name\":\"Pompe \u00e0 eau serpill\u00e8re SIMER 5\"}]},{\"@type\":\"WebSite\",\"@id\":\"https:\/\/etanec.fr\/#website\",\"url\":\"https:\/\/etanec.fr\/\",\"name\":\"etanec.fr\",\"description\":\"Votre Solution en Outillage &amp; Fixation Enveloppe du batiment\",\"publisher\":{\"@id\":\"https:\/\/etanec.fr\/#organization\"},\"potentialAction\":[{\"@type\":\"SearchAction\",\"target\":{\"@type\":\"EntryPoint\",\"urlTemplate\":\"https:\/\/etanec.fr\/?s={search_term_string}\"},\"query-input\":{\"@type\":\"PropertyValueSpecification\",\"valueRequired\":true,\"valueName\":\"search_term_string\"}}],\"inLanguage\":\"fr-FR\"},{\"@type\":\"Organization\",\"@id\":\"https:\/\/etanec.fr\/#organization\",\"name\":\"etanec.fr\",\"url\":\"https:\/\/etanec.fr\/\",\"logo\":{\"@type\":\"ImageObject\",\"inLanguage\":\"fr-FR\",\"@id\":\"https:\/\/etanec.fr\/#\/schema\/logo\/image\/\",\"url\":\"https:\/\/i0.wp.com\/etanec.fr\/wp-content\/uploads\/2017\/11\/cropped-cropped-cropped-ETANEC-LOGO-2017-RVBTRANSP-HD-e1509965316759.png?fit=350%2C75\",\"contentUrl\":\"https:\/\/i0.wp.com\/etanec.fr\/wp-content\/uploads\/2017\/11\/cropped-cropped-cropped-ETANEC-LOGO-2017-RVBTRANSP-HD-e1509965316759.png?fit=350%2C75\",\"width\":350,\"height\":75,\"caption\":\"etanec.fr\"},\"image\":{\"@id\":\"https:\/\/etanec.fr\/#\/schema\/logo\/image\/\"},\"sameAs\":[\"https:\/\/www.linkedin.com\/company\/etanecgroup\/?viewAsMember=true\"]}]}<\/script>\n<!-- \/ Yoast SEO plugin. -->","yoast_head_json":{"title":"Pompe \u00e0 eau serpill\u00e8re SIMER 5 - ETANEC","description":"Pompe sp\u00e9ciale \u00e9tancheurs permettant de fonctionner \u00e0 partir d'un niveau d'eau de 5 mm tout en aspirant jusqu'\u00e0 une quantit\u00e9 r\u00e9siduelle de 2mm","robots":{"index":"index","follow":"follow","max-snippet":"max-snippet:-1","max-image-preview":"max-image-preview:large","max-video-preview":"max-video-preview:-1"},"canonical":"http:\/\/etanec.fr\/index.php\/produit\/pompe-a-eau-serpillere-simer-5\/","og_locale":"fr_FR","og_type":"article","og_title":"Pompe \u00e0 eau serpill\u00e8re SIMER 5 - ETANEC","og_description":"Pompe sp\u00e9ciale \u00e9tancheurs permettant de fonctionner \u00e0 partir d'un niveau d'eau de 5 mm tout en aspirant jusqu'\u00e0 une quantit\u00e9 r\u00e9siduelle de 2mm","og_url":"http:\/\/etanec.fr\/index.php\/produit\/pompe-a-eau-serpillere-simer-5\/","og_site_name":"ETANEC","article_modified_time":"2022-04-27T14:08:41+00:00","og_image":[{"width":700,"height":560,"url":"https:\/\/i0.wp.com\/etanec.fr\/wp-content\/uploads\/2022\/02\/EKT100500.jpg?fit=700%2C560","type":"image\/jpeg"}],"twitter_card":"summary_large_image","twitter_misc":{"Dur\u00e9e de lecture estim\u00e9e":"1 minute"},"schema":{"@context":"https:\/\/schema.org","@graph":[{"@type":"WebPage","@id":"http:\/\/etanec.fr\/index.php\/produit\/pompe-a-eau-serpillere-simer-5\/","url":"http:\/\/etanec.fr\/index.php\/produit\/pompe-a-eau-serpillere-simer-5\/","name":"Pompe \u00e0 eau serpill\u00e8re SIMER 5 - ETANEC","isPartOf":{"@id":"https:\/\/etanec.fr\/#website"},"primaryImageOfPage":{"@id":"http:\/\/etanec.fr\/index.php\/produit\/pompe-a-eau-serpillere-simer-5\/#primaryimage"},"image":{"@id":"http:\/\/etanec.fr\/index.php\/produit\/pompe-a-eau-serpillere-simer-5\/#primaryimage"},"thumbnailUrl":"https:\/\/i0.wp.com\/etanec.fr\/wp-content\/uploads\/2022\/02\/EKT100500.jpg?fit=700%2C560","datePublished":"2022-02-08T15:01:31+00:00","dateModified":"2022-04-27T14:08:41+00:00","description":"Pompe sp\u00e9ciale \u00e9tancheurs permettant de fonctionner \u00e0 partir d'un niveau d'eau de 5 mm tout en aspirant jusqu'\u00e0 une quantit\u00e9 r\u00e9siduelle de 2mm","breadcrumb":{"@id":"http:\/\/etanec.fr\/index.php\/produit\/pompe-a-eau-serpillere-simer-5\/#breadcrumb"},"inLanguage":"fr-FR","potentialAction":[{"@type":"ReadAction","target":["http:\/\/etanec.fr\/index.php\/produit\/pompe-a-eau-serpillere-simer-5\/"]}]},{"@type":"ImageObject","inLanguage":"fr-FR","@id":"http:\/\/etanec.fr\/index.php\/produit\/pompe-a-eau-serpillere-simer-5\/#primaryimage","url":"https:\/\/i0.wp.com\/etanec.fr\/wp-content\/uploads\/2022\/02\/EKT100500.jpg?fit=700%2C560","contentUrl":"https:\/\/i0.wp.com\/etanec.fr\/wp-content\/uploads\/2022\/02\/EKT100500.jpg?fit=700%2C560","width":700,"height":560},{"@type":"BreadcrumbList","@id":"http:\/\/etanec.fr\/index.php\/produit\/pompe-a-eau-serpillere-simer-5\/#breadcrumb","itemListElement":[{"@type":"ListItem","position":1,"name":"Accueil","item":"https:\/\/etanec.fr\/"},{"@type":"ListItem","position":2,"name":"Gamme de produits","item":"https:\/\/etanec.fr\/index.php\/boutique\/"},{"@type":"ListItem","position":3,"name":"Pompe \u00e0 eau serpill\u00e8re SIMER 5"}]},{"@type":"WebSite","@id":"https:\/\/etanec.fr\/#website","url":"https:\/\/etanec.fr\/","name":"etanec.fr","description":"Votre Solution en Outillage &amp; Fixation Enveloppe du batiment","publisher":{"@id":"https:\/\/etanec.fr\/#organization"},"potentialAction":[{"@type":"SearchAction","target":{"@type":"EntryPoint","urlTemplate":"https:\/\/etanec.fr\/?s={search_term_string}"},"query-input":{"@type":"PropertyValueSpecification","valueRequired":true,"valueName":"search_term_string"}}],"inLanguage":"fr-FR"},{"@type":"Organization","@id":"https:\/\/etanec.fr\/#organization","name":"etanec.fr","url":"https:\/\/etanec.fr\/","logo":{"@type":"ImageObject","inLanguage":"fr-FR","@id":"https:\/\/etanec.fr\/#\/schema\/logo\/image\/","url":"https:\/\/i0.wp.com\/etanec.fr\/wp-content\/uploads\/2017\/11\/cropped-cropped-cropped-ETANEC-LOGO-2017-RVBTRANSP-HD-e1509965316759.png?fit=350%2C75","contentUrl":"https:\/\/i0.wp.com\/etanec.fr\/wp-content\/uploads\/2017\/11\/cropped-cropped-cropped-ETANEC-LOGO-2017-RVBTRANSP-HD-e1509965316759.png?fit=350%2C75","width":350,"height":75,"caption":"etanec.fr"},"image":{"@id":"https:\/\/etanec.fr\/#\/schema\/logo\/image\/"},"sameAs":["https:\/\/www.linkedin.com\/company\/etanecgroup\/?viewAsMember=true"]}]}},"jetpack_publicize_connections":[],"jetpack_sharing_enabled":true,"_links":{"self":[{"href":"http:\/\/etanec.fr\/index.php\/wp-json\/wp\/v2\/product\/801","targetHints":{"allow":["GET"]}}],"collection":[{"href":"http:\/\/etanec.fr\/index.php\/wp-json\/wp\/v2\/product"}],"about":[{"href":"http:\/\/etanec.fr\/index.php\/wp-json\/wp\/v2\/types\/product"}],"replies":[{"embeddable":true,"href":"http:\/\/etanec.fr\/index.php\/wp-json\/wp\/v2\/comments?post=801"}],"version-history":[{"count":2,"href":"http:\/\/etanec.fr\/index.php\/wp-json\/wp\/v2\/product\/801\/revisions"}],"predecessor-version":[{"id":804,"href":"http:\/\/etanec.fr\/index.php\/wp-json\/wp\/v2\/product\/801\/revisions\/804"}],"wp:featuredmedia":[{"embeddable":true,"href":"http:\/\/etanec.fr\/index.php\/wp-json\/wp\/v2\/media\/802"}],"wp:attachment":[{"href":"http:\/\/etanec.fr\/index.php\/wp-json\/wp\/v2\/media?parent=801"}],"wp:term":[{"taxonomy":"product_brand","embeddable":true,"href":"http:\/\/etanec.fr\/index.php\/wp-json\/wp\/v2\/product_brand?post=801"},{"taxonomy":"product_cat","embeddable":true,"href":"http:\/\/etanec.fr\/index.php\/wp-json\/wp\/v2\/product_cat?post=801"},{"taxonomy":"product_tag","embeddable":true,"href":"http:\/\/etanec.fr\/index.php\/wp-json\/wp\/v2\/product_tag?post=801"}],"curies":[{"name":"wp","href":"https:\/\/api.w.org\/{rel}","templated":true}]}}