{"id":810,"date":"2022-02-08T16:15:11","date_gmt":"2022-02-08T15:15:11","guid":{"rendered":"https:\/\/etanec.fr\/?post_type=product&#038;p=810"},"modified":"2022-02-15T16:20:26","modified_gmt":"2022-02-15T15:20:26","slug":"decoupeuse-thermique-stihl-o350-ts420","status":"publish","type":"product","link":"http:\/\/etanec.fr\/index.php\/produit\/decoupeuse-thermique-stihl-o350-ts420\/","title":{"rendered":"D\u00e9coupeuse thermique STIHL \u00d8350 TS420"},"content":{"rendered":"<p>D\u00e9coupeuse tr\u00e8s compacte, tr\u00e8s robuste avec syst\u00e8me de filtration longue dur\u00e9e innovant \u00e0 pr\u00e9-filtration cyclonique. Construction compacte, \u00e9quilibr\u00e9e, ergonomique pour travaux avec disque \u00d8 300mm. La pr\u00e9-filtration cyclonique supprime la contrainte journali\u00e8re de nettoyage du filtre pliss\u00e9 \u00e0 sec et prolonge sa dur\u00e9e de vie. R\u00e9pond aux exigences EU II. Niveau de vibration tr\u00e8s faible procurant un maximum de pr\u00e9cision ainsi qu\u2019un excellent guidage. Poign\u00e9e ElastoStart, carburateur \u00e0 compensateur, d\u00e9compresseur, pompe d\u2019amor\u00e7age. Bouchon de r\u00e9servoir 1\/4 de tour pratique et confortable. Utilisation manuelle ou sur chariot FW 20.<\/p>\n<p>&nbsp;<\/p>\n<p class=\"nitro-offscreen\">Caract\u00e9ristique techniques :<\/p>\n<ul class=\"nitro-offscreen\">\n<li>Portative<\/li>\n<li>Disque \u00d8350<\/li>\n<li>Profondeur coupe 125mm<\/li>\n<li>Poids : 9.6kg<\/li>\n<li>Marque : STIHL<\/li>\n<\/ul>\n","protected":false},"excerpt":{"rendered":"<p>D\u00e9coupeuse tr\u00e8s compacte, tr\u00e8s robuste avec syst\u00e8me de filtration longue dur\u00e9e innovant \u00e0 pr\u00e9-filtration cyclonique. Construction compacte, \u00e9quilibr\u00e9e, ergonomique pour travaux avec disque \u00d8 300mm. La pr\u00e9-filtration cyclonique supprime la<\/p>\n","protected":false},"featured_media":806,"comment_status":"open","ping_status":"closed","template":"","meta":{"_monsterinsights_skip_tracking":false,"_monsterinsights_sitenote_active":false,"_monsterinsights_sitenote_note":"","_monsterinsights_sitenote_category":0,"jetpack_publicize_message":"","jetpack_publicize_feature_enabled":true,"jetpack_social_post_already_shared":false,"jetpack_social_options":{"image_generator_settings":{"template":"highway","default_image_id":0,"font":"","enabled":false},"version":2}},"product_brand":[],"product_cat":[44],"product_tag":[52,51,49,50],"class_list":{"0":"post-810","1":"product","2":"type-product","3":"status-publish","6":"product_cat-electroportatif-materiel","7":"product_tag-decoupeuse-stihl","8":"product_tag-decoupeuse-thermique","9":"product_tag-decoupeuse-thermique-stihl","10":"product_tag-ts420","12":"first","13":"instock","14":"taxable","15":"shipping-taxable","16":"product-type-simple"},"yoast_head":"<!-- This site is optimized with the Yoast SEO plugin v26.6 - https:\/\/yoast.com\/wordpress\/plugins\/seo\/ -->\n<title>D\u00e9coupeuse thermique STIHL \u00d8350 TS420 - ETANEC<\/title>\n<meta name=\"robots\" content=\"index, follow, max-snippet:-1, max-image-preview:large, max-video-preview:-1\" \/>\n<link rel=\"canonical\" href=\"https:\/\/etanec.fr\/index.php\/produit\/decoupeuse-thermique-stihl-o350-ts420\/\" \/>\n<meta property=\"og:locale\" content=\"fr_FR\" \/>\n<meta property=\"og:type\" content=\"article\" \/>\n<meta property=\"og:title\" content=\"D\u00e9coupeuse thermique STIHL \u00d8350 TS420 - ETANEC\" \/>\n<meta property=\"og:description\" content=\"D\u00e9coupeuse tr\u00e8s compacte, tr\u00e8s robuste avec syst\u00e8me de filtration longue dur\u00e9e innovant \u00e0 pr\u00e9-filtration cyclonique. Construction compacte, \u00e9quilibr\u00e9e, ergonomique pour travaux avec disque \u00d8 300mm. La pr\u00e9-filtration cyclonique supprime la\" \/>\n<meta property=\"og:url\" content=\"https:\/\/etanec.fr\/index.php\/produit\/decoupeuse-thermique-stihl-o350-ts420\/\" \/>\n<meta property=\"og:site_name\" content=\"ETANEC\" \/>\n<meta property=\"article:modified_time\" content=\"2022-02-15T15:20:26+00:00\" \/>\n<meta property=\"og:image\" content=\"https:\/\/i0.wp.com\/etanec.fr\/wp-content\/uploads\/2022\/02\/b253320_610x610.png?fit=610%2C610&ssl=1\" \/>\n\t<meta property=\"og:image:width\" content=\"610\" \/>\n\t<meta property=\"og:image:height\" content=\"610\" \/>\n\t<meta property=\"og:image:type\" content=\"image\/png\" \/>\n<meta name=\"twitter:card\" content=\"summary_large_image\" \/>\n<meta name=\"twitter:label1\" content=\"Dur\u00e9e de lecture estim\u00e9e\" \/>\n\t<meta name=\"twitter:data1\" content=\"1 minute\" \/>\n<script type=\"application\/ld+json\" class=\"yoast-schema-graph\">{\"@context\":\"https:\/\/schema.org\",\"@graph\":[{\"@type\":\"WebPage\",\"@id\":\"https:\/\/etanec.fr\/index.php\/produit\/decoupeuse-thermique-stihl-o350-ts420\/\",\"url\":\"https:\/\/etanec.fr\/index.php\/produit\/decoupeuse-thermique-stihl-o350-ts420\/\",\"name\":\"D\u00e9coupeuse thermique STIHL \u00d8350 TS420 - ETANEC\",\"isPartOf\":{\"@id\":\"https:\/\/etanec.fr\/#website\"},\"primaryImageOfPage\":{\"@id\":\"https:\/\/etanec.fr\/index.php\/produit\/decoupeuse-thermique-stihl-o350-ts420\/#primaryimage\"},\"image\":{\"@id\":\"https:\/\/etanec.fr\/index.php\/produit\/decoupeuse-thermique-stihl-o350-ts420\/#primaryimage\"},\"thumbnailUrl\":\"https:\/\/i0.wp.com\/etanec.fr\/wp-content\/uploads\/2022\/02\/b253320_610x610.png?fit=610%2C610\",\"datePublished\":\"2022-02-08T15:15:11+00:00\",\"dateModified\":\"2022-02-15T15:20:26+00:00\",\"breadcrumb\":{\"@id\":\"https:\/\/etanec.fr\/index.php\/produit\/decoupeuse-thermique-stihl-o350-ts420\/#breadcrumb\"},\"inLanguage\":\"fr-FR\",\"potentialAction\":[{\"@type\":\"ReadAction\",\"target\":[\"https:\/\/etanec.fr\/index.php\/produit\/decoupeuse-thermique-stihl-o350-ts420\/\"]}]},{\"@type\":\"ImageObject\",\"inLanguage\":\"fr-FR\",\"@id\":\"https:\/\/etanec.fr\/index.php\/produit\/decoupeuse-thermique-stihl-o350-ts420\/#primaryimage\",\"url\":\"https:\/\/i0.wp.com\/etanec.fr\/wp-content\/uploads\/2022\/02\/b253320_610x610.png?fit=610%2C610\",\"contentUrl\":\"https:\/\/i0.wp.com\/etanec.fr\/wp-content\/uploads\/2022\/02\/b253320_610x610.png?fit=610%2C610\",\"width\":610,\"height\":610},{\"@type\":\"BreadcrumbList\",\"@id\":\"https:\/\/etanec.fr\/index.php\/produit\/decoupeuse-thermique-stihl-o350-ts420\/#breadcrumb\",\"itemListElement\":[{\"@type\":\"ListItem\",\"position\":1,\"name\":\"Accueil\",\"item\":\"https:\/\/etanec.fr\/\"},{\"@type\":\"ListItem\",\"position\":2,\"name\":\"Gamme de produits\",\"item\":\"https:\/\/etanec.fr\/index.php\/boutique\/\"},{\"@type\":\"ListItem\",\"position\":3,\"name\":\"D\u00e9coupeuse thermique STIHL \u00d8350 TS420\"}]},{\"@type\":\"WebSite\",\"@id\":\"https:\/\/etanec.fr\/#website\",\"url\":\"https:\/\/etanec.fr\/\",\"name\":\"etanec.fr\",\"description\":\"Votre Solution en Outillage &amp; Fixation Enveloppe du batiment\",\"publisher\":{\"@id\":\"https:\/\/etanec.fr\/#organization\"},\"potentialAction\":[{\"@type\":\"SearchAction\",\"target\":{\"@type\":\"EntryPoint\",\"urlTemplate\":\"https:\/\/etanec.fr\/?s={search_term_string}\"},\"query-input\":{\"@type\":\"PropertyValueSpecification\",\"valueRequired\":true,\"valueName\":\"search_term_string\"}}],\"inLanguage\":\"fr-FR\"},{\"@type\":\"Organization\",\"@id\":\"https:\/\/etanec.fr\/#organization\",\"name\":\"etanec.fr\",\"url\":\"https:\/\/etanec.fr\/\",\"logo\":{\"@type\":\"ImageObject\",\"inLanguage\":\"fr-FR\",\"@id\":\"https:\/\/etanec.fr\/#\/schema\/logo\/image\/\",\"url\":\"https:\/\/i0.wp.com\/etanec.fr\/wp-content\/uploads\/2017\/11\/cropped-cropped-cropped-ETANEC-LOGO-2017-RVBTRANSP-HD-e1509965316759.png?fit=350%2C75\",\"contentUrl\":\"https:\/\/i0.wp.com\/etanec.fr\/wp-content\/uploads\/2017\/11\/cropped-cropped-cropped-ETANEC-LOGO-2017-RVBTRANSP-HD-e1509965316759.png?fit=350%2C75\",\"width\":350,\"height\":75,\"caption\":\"etanec.fr\"},\"image\":{\"@id\":\"https:\/\/etanec.fr\/#\/schema\/logo\/image\/\"},\"sameAs\":[\"https:\/\/www.linkedin.com\/company\/etanecgroup\/?viewAsMember=true\"]}]}<\/script>\n<!-- \/ Yoast SEO plugin. -->","yoast_head_json":{"title":"D\u00e9coupeuse thermique STIHL \u00d8350 TS420 - ETANEC","robots":{"index":"index","follow":"follow","max-snippet":"max-snippet:-1","max-image-preview":"max-image-preview:large","max-video-preview":"max-video-preview:-1"},"canonical":"https:\/\/etanec.fr\/index.php\/produit\/decoupeuse-thermique-stihl-o350-ts420\/","og_locale":"fr_FR","og_type":"article","og_title":"D\u00e9coupeuse thermique STIHL \u00d8350 TS420 - ETANEC","og_description":"D\u00e9coupeuse tr\u00e8s compacte, tr\u00e8s robuste avec syst\u00e8me de filtration longue dur\u00e9e innovant \u00e0 pr\u00e9-filtration cyclonique. Construction compacte, \u00e9quilibr\u00e9e, ergonomique pour travaux avec disque \u00d8 300mm. La pr\u00e9-filtration cyclonique supprime la","og_url":"https:\/\/etanec.fr\/index.php\/produit\/decoupeuse-thermique-stihl-o350-ts420\/","og_site_name":"ETANEC","article_modified_time":"2022-02-15T15:20:26+00:00","og_image":[{"width":610,"height":610,"url":"https:\/\/i0.wp.com\/etanec.fr\/wp-content\/uploads\/2022\/02\/b253320_610x610.png?fit=610%2C610&ssl=1","type":"image\/png"}],"twitter_card":"summary_large_image","twitter_misc":{"Dur\u00e9e de lecture estim\u00e9e":"1 minute"},"schema":{"@context":"https:\/\/schema.org","@graph":[{"@type":"WebPage","@id":"https:\/\/etanec.fr\/index.php\/produit\/decoupeuse-thermique-stihl-o350-ts420\/","url":"https:\/\/etanec.fr\/index.php\/produit\/decoupeuse-thermique-stihl-o350-ts420\/","name":"D\u00e9coupeuse thermique STIHL \u00d8350 TS420 - ETANEC","isPartOf":{"@id":"https:\/\/etanec.fr\/#website"},"primaryImageOfPage":{"@id":"https:\/\/etanec.fr\/index.php\/produit\/decoupeuse-thermique-stihl-o350-ts420\/#primaryimage"},"image":{"@id":"https:\/\/etanec.fr\/index.php\/produit\/decoupeuse-thermique-stihl-o350-ts420\/#primaryimage"},"thumbnailUrl":"https:\/\/i0.wp.com\/etanec.fr\/wp-content\/uploads\/2022\/02\/b253320_610x610.png?fit=610%2C610","datePublished":"2022-02-08T15:15:11+00:00","dateModified":"2022-02-15T15:20:26+00:00","breadcrumb":{"@id":"https:\/\/etanec.fr\/index.php\/produit\/decoupeuse-thermique-stihl-o350-ts420\/#breadcrumb"},"inLanguage":"fr-FR","potentialAction":[{"@type":"ReadAction","target":["https:\/\/etanec.fr\/index.php\/produit\/decoupeuse-thermique-stihl-o350-ts420\/"]}]},{"@type":"ImageObject","inLanguage":"fr-FR","@id":"https:\/\/etanec.fr\/index.php\/produit\/decoupeuse-thermique-stihl-o350-ts420\/#primaryimage","url":"https:\/\/i0.wp.com\/etanec.fr\/wp-content\/uploads\/2022\/02\/b253320_610x610.png?fit=610%2C610","contentUrl":"https:\/\/i0.wp.com\/etanec.fr\/wp-content\/uploads\/2022\/02\/b253320_610x610.png?fit=610%2C610","width":610,"height":610},{"@type":"BreadcrumbList","@id":"https:\/\/etanec.fr\/index.php\/produit\/decoupeuse-thermique-stihl-o350-ts420\/#breadcrumb","itemListElement":[{"@type":"ListItem","position":1,"name":"Accueil","item":"https:\/\/etanec.fr\/"},{"@type":"ListItem","position":2,"name":"Gamme de produits","item":"https:\/\/etanec.fr\/index.php\/boutique\/"},{"@type":"ListItem","position":3,"name":"D\u00e9coupeuse thermique STIHL \u00d8350 TS420"}]},{"@type":"WebSite","@id":"https:\/\/etanec.fr\/#website","url":"https:\/\/etanec.fr\/","name":"etanec.fr","description":"Votre Solution en Outillage &amp; Fixation Enveloppe du batiment","publisher":{"@id":"https:\/\/etanec.fr\/#organization"},"potentialAction":[{"@type":"SearchAction","target":{"@type":"EntryPoint","urlTemplate":"https:\/\/etanec.fr\/?s={search_term_string}"},"query-input":{"@type":"PropertyValueSpecification","valueRequired":true,"valueName":"search_term_string"}}],"inLanguage":"fr-FR"},{"@type":"Organization","@id":"https:\/\/etanec.fr\/#organization","name":"etanec.fr","url":"https:\/\/etanec.fr\/","logo":{"@type":"ImageObject","inLanguage":"fr-FR","@id":"https:\/\/etanec.fr\/#\/schema\/logo\/image\/","url":"https:\/\/i0.wp.com\/etanec.fr\/wp-content\/uploads\/2017\/11\/cropped-cropped-cropped-ETANEC-LOGO-2017-RVBTRANSP-HD-e1509965316759.png?fit=350%2C75","contentUrl":"https:\/\/i0.wp.com\/etanec.fr\/wp-content\/uploads\/2017\/11\/cropped-cropped-cropped-ETANEC-LOGO-2017-RVBTRANSP-HD-e1509965316759.png?fit=350%2C75","width":350,"height":75,"caption":"etanec.fr"},"image":{"@id":"https:\/\/etanec.fr\/#\/schema\/logo\/image\/"},"sameAs":["https:\/\/www.linkedin.com\/company\/etanecgroup\/?viewAsMember=true"]}]}},"jetpack_publicize_connections":[],"jetpack_sharing_enabled":true,"_links":{"self":[{"href":"http:\/\/etanec.fr\/index.php\/wp-json\/wp\/v2\/product\/810","targetHints":{"allow":["GET"]}}],"collection":[{"href":"http:\/\/etanec.fr\/index.php\/wp-json\/wp\/v2\/product"}],"about":[{"href":"http:\/\/etanec.fr\/index.php\/wp-json\/wp\/v2\/types\/product"}],"replies":[{"embeddable":true,"href":"http:\/\/etanec.fr\/index.php\/wp-json\/wp\/v2\/comments?post=810"}],"version-history":[{"count":1,"href":"http:\/\/etanec.fr\/index.php\/wp-json\/wp\/v2\/product\/810\/revisions"}],"predecessor-version":[{"id":811,"href":"http:\/\/etanec.fr\/index.php\/wp-json\/wp\/v2\/product\/810\/revisions\/811"}],"wp:featuredmedia":[{"embeddable":true,"href":"http:\/\/etanec.fr\/index.php\/wp-json\/wp\/v2\/media\/806"}],"wp:attachment":[{"href":"http:\/\/etanec.fr\/index.php\/wp-json\/wp\/v2\/media?parent=810"}],"wp:term":[{"taxonomy":"product_brand","embeddable":true,"href":"http:\/\/etanec.fr\/index.php\/wp-json\/wp\/v2\/product_brand?post=810"},{"taxonomy":"product_cat","embeddable":true,"href":"http:\/\/etanec.fr\/index.php\/wp-json\/wp\/v2\/product_cat?post=810"},{"taxonomy":"product_tag","embeddable":true,"href":"http:\/\/etanec.fr\/index.php\/wp-json\/wp\/v2\/product_tag?post=810"}],"curies":[{"name":"wp","href":"https:\/\/api.w.org\/{rel}","templated":true}]}}