{"id":845,"date":"2022-02-08T17:21:11","date_gmt":"2022-02-08T16:21:11","guid":{"rendered":"https:\/\/etanec.fr\/?post_type=product&#038;p=845"},"modified":"2022-02-08T17:22:00","modified_gmt":"2022-02-08T16:22:00","slug":"kit-scrapair-s55v2-decapage-sol","status":"publish","type":"product","link":"http:\/\/etanec.fr\/index.php\/produit\/kit-scrapair-s55v2-decapage-sol\/","title":{"rendered":"Kit SCRAP&rsquo;AIR S55V2 d\u00e9capage sol"},"content":{"rendered":"<p><strong>Id\u00e9al pour : d\u00e9samianteurs, \u00e9tancheurs, carreleurs, paysagistes et Travaux Publics<\/strong><br \/>\n<strong>Unique sur le march\u00e9<\/strong>, le d\u00e9capeur pneumatique <strong>Scrap\u2019Air 55<\/strong> est le plus puissant de sa gamme gr\u00e2ce \u00e0<br \/>\nses <strong>35 joules<\/strong>. Uniquement disponible en manche long, il est essentiellement utilis\u00e9 pour des travaux au<br \/>\nsol, tels que le retrait de rev\u00eatements plastiques et bitumeux, de r\u00e9sines ou encore pour la d\u00e9molition.<br \/>\n<strong>Mais le S55 peut \u00eatre aussi utilis\u00e9 pour des travaux d\u2019excavation dans le TP gr\u00e2ce \u00e0 sa configuration <\/strong><br \/>\n<strong>en manche T<\/strong><\/p>\n<p>\u25b6 Pression d\u2019utilisation : 6-8 Bar<br \/>\n\u25b6 Outils : hexagone : 18 mm<br \/>\n\u25b6 Puissance : 35 joules<br \/>\n\u25b6 Frappe : 2250 coups\/mn<\/p>\n<ul>\n<li>35 joules : une force de frappe adapt\u00e9e aux t\u00e2ches les plus exigeantes<\/li>\n<li>Outils en acier tremp\u00e9 haute r\u00e9sistance avec grenaillage de surface contre les oxydations.<\/li>\n<\/ul>\n","protected":false},"excerpt":{"rendered":"<p><img fetchpriority=\"high\" decoding=\"async\" class=\"alignnone size-medium wp-image-849\" src=\"http:\/\/etanec.fr\/wp-content\/uploads\/2022\/02\/decapeurs-avec-kit-complet-des-etancheites-bitumineuses-scrap-air-55-p-3311972-400x400-1-300x300.png\" alt=\"\" width=\"300\" height=\"300\" srcset=\"https:\/\/i0.wp.com\/etanec.fr\/wp-content\/uploads\/2022\/02\/decapeurs-avec-kit-complet-des-etancheites-bitumineuses-scrap-air-55-p-3311972-400x400-1.png?resize=300%2C300 300w, https:\/\/i0.wp.com\/etanec.fr\/wp-content\/uploads\/2022\/02\/decapeurs-avec-kit-complet-des-etancheites-bitumineuses-scrap-air-55-p-3311972-400x400-1.png?resize=150%2C150 150w, https:\/\/i0.wp.com\/etanec.fr\/wp-content\/uploads\/2022\/02\/decapeurs-avec-kit-complet-des-etancheites-bitumineuses-scrap-air-55-p-3311972-400x400-1.png?resize=100%2C100 100w, https:\/\/i0.wp.com\/etanec.fr\/wp-content\/uploads\/2022\/02\/decapeurs-avec-kit-complet-des-etancheites-bitumineuses-scrap-air-55-p-3311972-400x400-1.png?w=400 400w\" sizes=\"(max-width: 300px) 100vw, 300px\" \/><\/p>\n","protected":false},"featured_media":848,"comment_status":"open","ping_status":"closed","template":"","meta":{"_monsterinsights_skip_tracking":false,"_monsterinsights_sitenote_active":false,"_monsterinsights_sitenote_note":"","_monsterinsights_sitenote_category":0,"jetpack_publicize_message":"","jetpack_publicize_feature_enabled":true,"jetpack_social_post_already_shared":false,"jetpack_social_options":{"image_generator_settings":{"template":"highway","default_image_id":0,"font":"","enabled":false},"version":2}},"product_brand":[],"product_cat":[44],"product_tag":[67,66,65],"class_list":{"0":"post-845","1":"product","2":"type-product","3":"status-publish","6":"product_cat-electroportatif-materiel","7":"product_tag-decapage-sol","8":"product_tag-kit-scrapair","9":"product_tag-scrapair-s55v2","11":"first","12":"instock","13":"taxable","14":"shipping-taxable","15":"product-type-simple"},"yoast_head":"<!-- This site is optimized with the Yoast SEO plugin v26.6 - https:\/\/yoast.com\/wordpress\/plugins\/seo\/ -->\n<title>Kit SCRAP&#039;AIR S55V2 d\u00e9capage sol - ETANEC<\/title>\n<meta name=\"robots\" content=\"index, follow, max-snippet:-1, max-image-preview:large, max-video-preview:-1\" \/>\n<link rel=\"canonical\" href=\"https:\/\/etanec.fr\/index.php\/produit\/kit-scrapair-s55v2-decapage-sol\/\" \/>\n<meta property=\"og:locale\" content=\"fr_FR\" \/>\n<meta property=\"og:type\" content=\"article\" \/>\n<meta property=\"og:title\" content=\"Kit SCRAP&#039;AIR S55V2 d\u00e9capage sol - ETANEC\" \/>\n<meta property=\"og:url\" content=\"https:\/\/etanec.fr\/index.php\/produit\/kit-scrapair-s55v2-decapage-sol\/\" \/>\n<meta property=\"og:site_name\" content=\"ETANEC\" \/>\n<meta property=\"article:modified_time\" content=\"2022-02-08T16:22:00+00:00\" \/>\n<meta property=\"og:image\" content=\"https:\/\/i0.wp.com\/etanec.fr\/wp-content\/uploads\/2022\/02\/decapeurs-avec-kit-complet-des-etancheites-bitumineuses-scrap-air-55-p-3311972.1-600x600-1.png?fit=600%2C600&ssl=1\" \/>\n\t<meta property=\"og:image:width\" content=\"600\" \/>\n\t<meta property=\"og:image:height\" content=\"600\" \/>\n\t<meta property=\"og:image:type\" content=\"image\/png\" \/>\n<meta name=\"twitter:card\" content=\"summary_large_image\" \/>\n<meta name=\"twitter:label1\" content=\"Dur\u00e9e de lecture estim\u00e9e\" \/>\n\t<meta name=\"twitter:data1\" content=\"1 minute\" \/>\n<script type=\"application\/ld+json\" class=\"yoast-schema-graph\">{\"@context\":\"https:\/\/schema.org\",\"@graph\":[{\"@type\":\"WebPage\",\"@id\":\"https:\/\/etanec.fr\/index.php\/produit\/kit-scrapair-s55v2-decapage-sol\/\",\"url\":\"https:\/\/etanec.fr\/index.php\/produit\/kit-scrapair-s55v2-decapage-sol\/\",\"name\":\"Kit SCRAP'AIR S55V2 d\u00e9capage sol - ETANEC\",\"isPartOf\":{\"@id\":\"http:\/\/etanec.fr\/#website\"},\"primaryImageOfPage\":{\"@id\":\"https:\/\/etanec.fr\/index.php\/produit\/kit-scrapair-s55v2-decapage-sol\/#primaryimage\"},\"image\":{\"@id\":\"https:\/\/etanec.fr\/index.php\/produit\/kit-scrapair-s55v2-decapage-sol\/#primaryimage\"},\"thumbnailUrl\":\"https:\/\/i0.wp.com\/etanec.fr\/wp-content\/uploads\/2022\/02\/decapeurs-avec-kit-complet-des-etancheites-bitumineuses-scrap-air-55-p-3311972.1-600x600-1.png?fit=600%2C600\",\"datePublished\":\"2022-02-08T16:21:11+00:00\",\"dateModified\":\"2022-02-08T16:22:00+00:00\",\"breadcrumb\":{\"@id\":\"https:\/\/etanec.fr\/index.php\/produit\/kit-scrapair-s55v2-decapage-sol\/#breadcrumb\"},\"inLanguage\":\"fr-FR\",\"potentialAction\":[{\"@type\":\"ReadAction\",\"target\":[\"https:\/\/etanec.fr\/index.php\/produit\/kit-scrapair-s55v2-decapage-sol\/\"]}]},{\"@type\":\"ImageObject\",\"inLanguage\":\"fr-FR\",\"@id\":\"https:\/\/etanec.fr\/index.php\/produit\/kit-scrapair-s55v2-decapage-sol\/#primaryimage\",\"url\":\"https:\/\/i0.wp.com\/etanec.fr\/wp-content\/uploads\/2022\/02\/decapeurs-avec-kit-complet-des-etancheites-bitumineuses-scrap-air-55-p-3311972.1-600x600-1.png?fit=600%2C600\",\"contentUrl\":\"https:\/\/i0.wp.com\/etanec.fr\/wp-content\/uploads\/2022\/02\/decapeurs-avec-kit-complet-des-etancheites-bitumineuses-scrap-air-55-p-3311972.1-600x600-1.png?fit=600%2C600\",\"width\":600,\"height\":600},{\"@type\":\"BreadcrumbList\",\"@id\":\"https:\/\/etanec.fr\/index.php\/produit\/kit-scrapair-s55v2-decapage-sol\/#breadcrumb\",\"itemListElement\":[{\"@type\":\"ListItem\",\"position\":1,\"name\":\"Accueil\",\"item\":\"http:\/\/etanec.fr\/\"},{\"@type\":\"ListItem\",\"position\":2,\"name\":\"Gamme de produits\",\"item\":\"http:\/\/etanec.fr\/index.php\/boutique\/\"},{\"@type\":\"ListItem\",\"position\":3,\"name\":\"Kit SCRAP&rsquo;AIR S55V2 d\u00e9capage sol\"}]},{\"@type\":\"WebSite\",\"@id\":\"http:\/\/etanec.fr\/#website\",\"url\":\"http:\/\/etanec.fr\/\",\"name\":\"etanec.fr\",\"description\":\"Votre Solution en Outillage &amp; Fixation Enveloppe du batiment\",\"publisher\":{\"@id\":\"http:\/\/etanec.fr\/#organization\"},\"potentialAction\":[{\"@type\":\"SearchAction\",\"target\":{\"@type\":\"EntryPoint\",\"urlTemplate\":\"http:\/\/etanec.fr\/?s={search_term_string}\"},\"query-input\":{\"@type\":\"PropertyValueSpecification\",\"valueRequired\":true,\"valueName\":\"search_term_string\"}}],\"inLanguage\":\"fr-FR\"},{\"@type\":\"Organization\",\"@id\":\"http:\/\/etanec.fr\/#organization\",\"name\":\"etanec.fr\",\"url\":\"http:\/\/etanec.fr\/\",\"logo\":{\"@type\":\"ImageObject\",\"inLanguage\":\"fr-FR\",\"@id\":\"http:\/\/etanec.fr\/#\/schema\/logo\/image\/\",\"url\":\"https:\/\/i0.wp.com\/etanec.fr\/wp-content\/uploads\/2017\/11\/cropped-cropped-cropped-ETANEC-LOGO-2017-RVBTRANSP-HD-e1509965316759.png?fit=350%2C75\",\"contentUrl\":\"https:\/\/i0.wp.com\/etanec.fr\/wp-content\/uploads\/2017\/11\/cropped-cropped-cropped-ETANEC-LOGO-2017-RVBTRANSP-HD-e1509965316759.png?fit=350%2C75\",\"width\":350,\"height\":75,\"caption\":\"etanec.fr\"},\"image\":{\"@id\":\"http:\/\/etanec.fr\/#\/schema\/logo\/image\/\"},\"sameAs\":[\"https:\/\/www.linkedin.com\/company\/etanecgroup\/?viewAsMember=true\"]}]}<\/script>\n<!-- \/ Yoast SEO plugin. -->","yoast_head_json":{"title":"Kit SCRAP'AIR S55V2 d\u00e9capage sol - ETANEC","robots":{"index":"index","follow":"follow","max-snippet":"max-snippet:-1","max-image-preview":"max-image-preview:large","max-video-preview":"max-video-preview:-1"},"canonical":"https:\/\/etanec.fr\/index.php\/produit\/kit-scrapair-s55v2-decapage-sol\/","og_locale":"fr_FR","og_type":"article","og_title":"Kit SCRAP'AIR S55V2 d\u00e9capage sol - ETANEC","og_url":"https:\/\/etanec.fr\/index.php\/produit\/kit-scrapair-s55v2-decapage-sol\/","og_site_name":"ETANEC","article_modified_time":"2022-02-08T16:22:00+00:00","og_image":[{"width":600,"height":600,"url":"https:\/\/i0.wp.com\/etanec.fr\/wp-content\/uploads\/2022\/02\/decapeurs-avec-kit-complet-des-etancheites-bitumineuses-scrap-air-55-p-3311972.1-600x600-1.png?fit=600%2C600&ssl=1","type":"image\/png"}],"twitter_card":"summary_large_image","twitter_misc":{"Dur\u00e9e de lecture estim\u00e9e":"1 minute"},"schema":{"@context":"https:\/\/schema.org","@graph":[{"@type":"WebPage","@id":"https:\/\/etanec.fr\/index.php\/produit\/kit-scrapair-s55v2-decapage-sol\/","url":"https:\/\/etanec.fr\/index.php\/produit\/kit-scrapair-s55v2-decapage-sol\/","name":"Kit SCRAP'AIR S55V2 d\u00e9capage sol - ETANEC","isPartOf":{"@id":"http:\/\/etanec.fr\/#website"},"primaryImageOfPage":{"@id":"https:\/\/etanec.fr\/index.php\/produit\/kit-scrapair-s55v2-decapage-sol\/#primaryimage"},"image":{"@id":"https:\/\/etanec.fr\/index.php\/produit\/kit-scrapair-s55v2-decapage-sol\/#primaryimage"},"thumbnailUrl":"https:\/\/i0.wp.com\/etanec.fr\/wp-content\/uploads\/2022\/02\/decapeurs-avec-kit-complet-des-etancheites-bitumineuses-scrap-air-55-p-3311972.1-600x600-1.png?fit=600%2C600","datePublished":"2022-02-08T16:21:11+00:00","dateModified":"2022-02-08T16:22:00+00:00","breadcrumb":{"@id":"https:\/\/etanec.fr\/index.php\/produit\/kit-scrapair-s55v2-decapage-sol\/#breadcrumb"},"inLanguage":"fr-FR","potentialAction":[{"@type":"ReadAction","target":["https:\/\/etanec.fr\/index.php\/produit\/kit-scrapair-s55v2-decapage-sol\/"]}]},{"@type":"ImageObject","inLanguage":"fr-FR","@id":"https:\/\/etanec.fr\/index.php\/produit\/kit-scrapair-s55v2-decapage-sol\/#primaryimage","url":"https:\/\/i0.wp.com\/etanec.fr\/wp-content\/uploads\/2022\/02\/decapeurs-avec-kit-complet-des-etancheites-bitumineuses-scrap-air-55-p-3311972.1-600x600-1.png?fit=600%2C600","contentUrl":"https:\/\/i0.wp.com\/etanec.fr\/wp-content\/uploads\/2022\/02\/decapeurs-avec-kit-complet-des-etancheites-bitumineuses-scrap-air-55-p-3311972.1-600x600-1.png?fit=600%2C600","width":600,"height":600},{"@type":"BreadcrumbList","@id":"https:\/\/etanec.fr\/index.php\/produit\/kit-scrapair-s55v2-decapage-sol\/#breadcrumb","itemListElement":[{"@type":"ListItem","position":1,"name":"Accueil","item":"http:\/\/etanec.fr\/"},{"@type":"ListItem","position":2,"name":"Gamme de produits","item":"http:\/\/etanec.fr\/index.php\/boutique\/"},{"@type":"ListItem","position":3,"name":"Kit SCRAP&rsquo;AIR S55V2 d\u00e9capage sol"}]},{"@type":"WebSite","@id":"http:\/\/etanec.fr\/#website","url":"http:\/\/etanec.fr\/","name":"etanec.fr","description":"Votre Solution en Outillage &amp; Fixation Enveloppe du batiment","publisher":{"@id":"http:\/\/etanec.fr\/#organization"},"potentialAction":[{"@type":"SearchAction","target":{"@type":"EntryPoint","urlTemplate":"http:\/\/etanec.fr\/?s={search_term_string}"},"query-input":{"@type":"PropertyValueSpecification","valueRequired":true,"valueName":"search_term_string"}}],"inLanguage":"fr-FR"},{"@type":"Organization","@id":"http:\/\/etanec.fr\/#organization","name":"etanec.fr","url":"http:\/\/etanec.fr\/","logo":{"@type":"ImageObject","inLanguage":"fr-FR","@id":"http:\/\/etanec.fr\/#\/schema\/logo\/image\/","url":"https:\/\/i0.wp.com\/etanec.fr\/wp-content\/uploads\/2017\/11\/cropped-cropped-cropped-ETANEC-LOGO-2017-RVBTRANSP-HD-e1509965316759.png?fit=350%2C75","contentUrl":"https:\/\/i0.wp.com\/etanec.fr\/wp-content\/uploads\/2017\/11\/cropped-cropped-cropped-ETANEC-LOGO-2017-RVBTRANSP-HD-e1509965316759.png?fit=350%2C75","width":350,"height":75,"caption":"etanec.fr"},"image":{"@id":"http:\/\/etanec.fr\/#\/schema\/logo\/image\/"},"sameAs":["https:\/\/www.linkedin.com\/company\/etanecgroup\/?viewAsMember=true"]}]}},"jetpack_publicize_connections":[],"jetpack_sharing_enabled":true,"_links":{"self":[{"href":"http:\/\/etanec.fr\/index.php\/wp-json\/wp\/v2\/product\/845","targetHints":{"allow":["GET"]}}],"collection":[{"href":"http:\/\/etanec.fr\/index.php\/wp-json\/wp\/v2\/product"}],"about":[{"href":"http:\/\/etanec.fr\/index.php\/wp-json\/wp\/v2\/types\/product"}],"replies":[{"embeddable":true,"href":"http:\/\/etanec.fr\/index.php\/wp-json\/wp\/v2\/comments?post=845"}],"version-history":[{"count":2,"href":"http:\/\/etanec.fr\/index.php\/wp-json\/wp\/v2\/product\/845\/revisions"}],"predecessor-version":[{"id":851,"href":"http:\/\/etanec.fr\/index.php\/wp-json\/wp\/v2\/product\/845\/revisions\/851"}],"wp:featuredmedia":[{"embeddable":true,"href":"http:\/\/etanec.fr\/index.php\/wp-json\/wp\/v2\/media\/848"}],"wp:attachment":[{"href":"http:\/\/etanec.fr\/index.php\/wp-json\/wp\/v2\/media?parent=845"}],"wp:term":[{"taxonomy":"product_brand","embeddable":true,"href":"http:\/\/etanec.fr\/index.php\/wp-json\/wp\/v2\/product_brand?post=845"},{"taxonomy":"product_cat","embeddable":true,"href":"http:\/\/etanec.fr\/index.php\/wp-json\/wp\/v2\/product_cat?post=845"},{"taxonomy":"product_tag","embeddable":true,"href":"http:\/\/etanec.fr\/index.php\/wp-json\/wp\/v2\/product_tag?post=845"}],"curies":[{"name":"wp","href":"https:\/\/api.w.org\/{rel}","templated":true}]}}