{"id":899,"date":"2022-02-15T10:55:41","date_gmt":"2022-02-15T09:55:41","guid":{"rendered":"https:\/\/etanec.fr\/?post_type=product&#038;p=899"},"modified":"2023-12-09T09:40:14","modified_gmt":"2023-12-09T08:40:14","slug":"generateur-de-fumee-trotec-fs200","status":"publish","type":"product","link":"http:\/\/etanec.fr\/index.php\/produit\/generateur-de-fumee-trotec-fs200\/","title":{"rendered":"G\u00e9n\u00e9rateur de fum\u00e9e TROTEC FS200"},"content":{"rendered":"<p><strong>DESCRIPTIF :<\/strong><br \/>\nNous sommes ravis de vous proposer notre g\u00e9n\u00e9rateur de fum\u00e9e professionnel de fabrication allemande. Cet appareil, reconnu pour sa qualit\u00e9 exceptionnelle, se distingue par sa compacit\u00e9 et sa l\u00e9g\u00e8ret\u00e9, ce qui en fait le choix id\u00e9al pour r\u00e9pondre \u00e0 vos besoins. Sa conception astucieuse en aluminium robuste permet un transport facile et une grande libert\u00e9 de mouvement, m\u00eame dans les endroits \u00e9troits tels que les \u00e9chelles de s\u00e9curit\u00e9.<\/p>\n<p>Lorsque vous \u00eates sur place, vous appr\u00e9cierez la praticit\u00e9 du support de bidon du FS200, qui peut \u00eatre d\u00e9verrouill\u00e9 et ouvert en quelques secondes. Cela garantit que l&rsquo;appareil repose de mani\u00e8re stable sur le sol des toitures-terrasses gravillonn\u00e9es, par exemple.<\/p>\n<p>La puissance de la turbine et de la pompe \u00e0 fluide du FS200 peut \u00eatre r\u00e9gl\u00e9e en continu, ce qui vous permet d&rsquo;adapter la production de brouillard aux conditions d&rsquo;utilisation sp\u00e9cifiques. De plus, gr\u00e2ce \u00e0 un couplage intelligent de la puissance de la turbine, du chauffage et de la pompe, vous b\u00e9n\u00e9ficiez d&rsquo;un d\u00e9bit de fumig\u00e8ne dense et uniforme, sans interruptions dues au post-chauffage, m\u00eame lorsque la turbine fonctionne \u00e0 pleine puissance.<\/p>\n<p>En outre, le FS200 pr\u00e9sente une consommation de liquide fumig\u00e8ne r\u00e9duite, avec un maximum de seulement 100 ml par minute. Cette efficacit\u00e9 \u00e9nerg\u00e9tique vous assure une exp\u00e9rience agr\u00e9able tout en limitant la quantit\u00e9 de liquide n\u00e9cessaire.<\/p>\n<p>Optez pour notre g\u00e9n\u00e9rateur de fum\u00e9e FS200 et profitez d&rsquo;un outil performant, pratique et respectueux de l&rsquo;environnement pour vos besoins de contr\u00f4les d&rsquo;\u00e9tanch\u00e9it\u00e9 et de d\u00e9tection de fuites dans les r\u00e9seaux de canalisations et les constructions de toitures-terrasses.<\/p>\n<p><strong>CARACTERISTIQUES TECHNIQUES :<\/strong><br \/>\nPuissance turbine max. : 1600 W<br \/>\nPuissance \u00e9vaporateur : 1500 W<br \/>\nPuissance absorb\u00e9e max. : 3100 W<br \/>\nTension : 230 Volts<br \/>\nTemps de pr\u00e9chauffage ca. : 7 min. (pour fum\u00e9e).<br \/>\n&#8211; L\u00e9ger et robuste<br \/>\n&#8211; IP54<br \/>\n<strong>Kit comprenant :<\/strong><br \/>\n1 x appareil TROTEC FS200<br \/>\n1 x raccord 38mm<br \/>\n1 x bidon 5L liquide fumig\u00e8ne concentr\u00e9<br \/>\n1 x flexible de remplissage<br \/>\n1 x tuyau de 5 m\u00e8tres<\/p>\n<p>1 x embout d&rsquo;insufflation toit-terrasse bitume<br \/>\n1 x embout d&rsquo;insufflation toit-terrasse PV<\/p>\n<p><strong>CONTACTEZ-NOUS :<\/strong><br \/>\n\n<div class=\"wpcf7 no-js\" id=\"wpcf7-f727-o1\" lang=\"fr-FR\" dir=\"ltr\" data-wpcf7-id=\"727\">\n<div class=\"screen-reader-response\"><p role=\"status\" aria-live=\"polite\" aria-atomic=\"true\"><\/p> <ul><\/ul><\/div>\n<form action=\"\/index.php\/wp-json\/wp\/v2\/product\/899#wpcf7-f727-o1\" method=\"post\" class=\"wpcf7-form init\" aria-label=\"Formulaire de contact\" novalidate=\"novalidate\" data-status=\"init\">\n<fieldset class=\"hidden-fields-container\"><input type=\"hidden\" name=\"_wpcf7\" value=\"727\" \/><input type=\"hidden\" name=\"_wpcf7_version\" value=\"6.1.4\" \/><input type=\"hidden\" name=\"_wpcf7_locale\" value=\"fr_FR\" \/><input type=\"hidden\" name=\"_wpcf7_unit_tag\" value=\"wpcf7-f727-o1\" \/><input type=\"hidden\" name=\"_wpcf7_container_post\" value=\"0\" \/><input type=\"hidden\" name=\"_wpcf7_posted_data_hash\" value=\"\" \/><input type=\"hidden\" name=\"_wpcf7_recaptcha_response\" value=\"\" \/>\n<\/fieldset>\n<p><label> Votre nom<br \/>\n<span class=\"wpcf7-form-control-wrap\" data-name=\"your-name\"><input size=\"40\" maxlength=\"400\" class=\"wpcf7-form-control wpcf7-text wpcf7-validates-as-required\" aria-required=\"true\" aria-invalid=\"false\" value=\"\" type=\"text\" name=\"your-name\" \/><\/span> <\/label>\n<\/p>\n<p><label> Votre e-mail<br \/>\n<span class=\"wpcf7-form-control-wrap\" data-name=\"your-email\"><input size=\"40\" maxlength=\"400\" class=\"wpcf7-form-control wpcf7-email wpcf7-validates-as-required wpcf7-text wpcf7-validates-as-email\" aria-required=\"true\" aria-invalid=\"false\" value=\"\" type=\"email\" name=\"your-email\" \/><\/span> <\/label>\n<\/p>\n<p><label> Objet<br \/>\n<span class=\"wpcf7-form-control-wrap\" data-name=\"your-subject\"><input size=\"40\" maxlength=\"400\" class=\"wpcf7-form-control wpcf7-text wpcf7-validates-as-required\" aria-required=\"true\" aria-invalid=\"false\" value=\"\" type=\"text\" name=\"your-subject\" \/><\/span> <\/label>\n<\/p>\n<p><label> Votre message (facultatif)<br \/>\n<span class=\"wpcf7-form-control-wrap\" data-name=\"your-message\"><textarea cols=\"40\" rows=\"10\" maxlength=\"2000\" class=\"wpcf7-form-control wpcf7-textarea\" aria-invalid=\"false\" name=\"your-message\"><\/textarea><\/span> <\/label>\n<\/p>\n<p><input class=\"wpcf7-form-control wpcf7-submit has-spinner\" type=\"submit\" value=\"Envoyer\" \/>\n<\/p><div class=\"wpcf7-response-output\" aria-hidden=\"true\"><\/div>\n<\/form>\n<\/div>\n<\/p>\n","protected":false},"excerpt":{"rendered":"<p>Notre g\u00e9n\u00e9rateur de fum\u00e9e professionnel est sp\u00e9cialement con\u00e7u pour r\u00e9pondre aux besoins des \u00e9tancheurs de b\u00e2timent. Son fonctionnement fiable et sa performance exceptionnelle en font l&rsquo;outil id\u00e9al pour les contr\u00f4les d&rsquo;\u00e9tanch\u00e9it\u00e9 et la d\u00e9tection de fuites dans les canalisations et les toitures-terrasses. Faites confiance \u00e0 notre g\u00e9n\u00e9rateur de fum\u00e9e allemand, reconnu pour sa qualit\u00e9 exceptionnelle et sa fiabilit\u00e9 in\u00e9gal\u00e9e dans l&rsquo;industrie des b\u00e2timents \u00e9tanches.<\/p>\n","protected":false},"featured_media":904,"comment_status":"open","ping_status":"closed","template":"","meta":{"_monsterinsights_skip_tracking":false,"_monsterinsights_sitenote_active":false,"_monsterinsights_sitenote_note":"","_monsterinsights_sitenote_category":0,"jetpack_publicize_message":"","jetpack_publicize_feature_enabled":true,"jetpack_social_post_already_shared":false,"jetpack_social_options":{"image_generator_settings":{"template":"highway","default_image_id":0,"font":"","enabled":false},"version":2}},"product_brand":[],"product_cat":[1056,44],"product_tag":[],"class_list":{"0":"post-899","1":"product","2":"type-product","3":"status-publish","6":"product_cat-nos-top-produits","7":"product_cat-electroportatif-materiel","9":"first","10":"instock","11":"taxable","12":"shipping-taxable","13":"product-type-simple"},"yoast_head":"<!-- This site is optimized with the Yoast SEO plugin v26.6 - https:\/\/yoast.com\/wordpress\/plugins\/seo\/ -->\n<title>G\u00e9n\u00e9rateur de fum\u00e9e TROTEC FS200 - ETANEC<\/title>\n<meta name=\"description\" content=\"Appareil parfait pour effectuer des contr\u00f4les d&#039;\u00e9tanch\u00e9it\u00e9 et d\u00e9tecter les fuites dans les r\u00e9seaux de canalisations et les constructions de toitures-terrasses, notre solution est id\u00e9ale pour r\u00e9pondre \u00e0 vos besoins.\" \/>\n<meta name=\"robots\" content=\"index, follow, max-snippet:-1, max-image-preview:large, max-video-preview:-1\" \/>\n<link rel=\"canonical\" href=\"http:\/\/etanec.fr\/index.php\/produit\/generateur-de-fumee-trotec-fs200\/\" \/>\n<meta property=\"og:locale\" content=\"fr_FR\" \/>\n<meta property=\"og:type\" content=\"article\" \/>\n<meta property=\"og:title\" content=\"G\u00e9n\u00e9rateur de fum\u00e9e TROTEC FS200 - ETANEC\" \/>\n<meta property=\"og:description\" content=\"Appareil parfait pour effectuer des contr\u00f4les d&#039;\u00e9tanch\u00e9it\u00e9 et d\u00e9tecter les fuites dans les r\u00e9seaux de canalisations et les constructions de toitures-terrasses, notre solution est id\u00e9ale pour r\u00e9pondre \u00e0 vos besoins.\" \/>\n<meta property=\"og:url\" content=\"http:\/\/etanec.fr\/index.php\/produit\/generateur-de-fumee-trotec-fs200\/\" \/>\n<meta property=\"og:site_name\" content=\"ETANEC\" \/>\n<meta property=\"article:modified_time\" content=\"2023-12-09T08:40:14+00:00\" \/>\n<meta property=\"og:image\" content=\"https:\/\/i0.wp.com\/etanec.fr\/wp-content\/uploads\/2022\/02\/TROTEC.jpg?fit=903%2C785\" \/>\n\t<meta property=\"og:image:width\" content=\"903\" \/>\n\t<meta property=\"og:image:height\" content=\"785\" \/>\n\t<meta property=\"og:image:type\" content=\"image\/jpeg\" \/>\n<meta name=\"twitter:card\" content=\"summary_large_image\" \/>\n<meta name=\"twitter:label1\" content=\"Dur\u00e9e de lecture estim\u00e9e\" \/>\n\t<meta name=\"twitter:data1\" content=\"2 minutes\" \/>\n<script type=\"application\/ld+json\" class=\"yoast-schema-graph\">{\"@context\":\"https:\/\/schema.org\",\"@graph\":[{\"@type\":\"WebPage\",\"@id\":\"http:\/\/etanec.fr\/index.php\/produit\/generateur-de-fumee-trotec-fs200\/\",\"url\":\"http:\/\/etanec.fr\/index.php\/produit\/generateur-de-fumee-trotec-fs200\/\",\"name\":\"G\u00e9n\u00e9rateur de fum\u00e9e TROTEC FS200 - ETANEC\",\"isPartOf\":{\"@id\":\"http:\/\/etanec.fr\/#website\"},\"primaryImageOfPage\":{\"@id\":\"http:\/\/etanec.fr\/index.php\/produit\/generateur-de-fumee-trotec-fs200\/#primaryimage\"},\"image\":{\"@id\":\"http:\/\/etanec.fr\/index.php\/produit\/generateur-de-fumee-trotec-fs200\/#primaryimage\"},\"thumbnailUrl\":\"https:\/\/i0.wp.com\/etanec.fr\/wp-content\/uploads\/2022\/02\/TROTEC.jpg?fit=903%2C785\",\"datePublished\":\"2022-02-15T09:55:41+00:00\",\"dateModified\":\"2023-12-09T08:40:14+00:00\",\"description\":\"Appareil parfait pour effectuer des contr\u00f4les d'\u00e9tanch\u00e9it\u00e9 et d\u00e9tecter les fuites dans les r\u00e9seaux de canalisations et les constructions de toitures-terrasses, notre solution est id\u00e9ale pour r\u00e9pondre \u00e0 vos besoins.\",\"breadcrumb\":{\"@id\":\"http:\/\/etanec.fr\/index.php\/produit\/generateur-de-fumee-trotec-fs200\/#breadcrumb\"},\"inLanguage\":\"fr-FR\",\"potentialAction\":[{\"@type\":\"ReadAction\",\"target\":[\"http:\/\/etanec.fr\/index.php\/produit\/generateur-de-fumee-trotec-fs200\/\"]}]},{\"@type\":\"ImageObject\",\"inLanguage\":\"fr-FR\",\"@id\":\"http:\/\/etanec.fr\/index.php\/produit\/generateur-de-fumee-trotec-fs200\/#primaryimage\",\"url\":\"https:\/\/i0.wp.com\/etanec.fr\/wp-content\/uploads\/2022\/02\/TROTEC.jpg?fit=903%2C785\",\"contentUrl\":\"https:\/\/i0.wp.com\/etanec.fr\/wp-content\/uploads\/2022\/02\/TROTEC.jpg?fit=903%2C785\",\"width\":903,\"height\":785},{\"@type\":\"BreadcrumbList\",\"@id\":\"http:\/\/etanec.fr\/index.php\/produit\/generateur-de-fumee-trotec-fs200\/#breadcrumb\",\"itemListElement\":[{\"@type\":\"ListItem\",\"position\":1,\"name\":\"Accueil\",\"item\":\"http:\/\/etanec.fr\/\"},{\"@type\":\"ListItem\",\"position\":2,\"name\":\"Gamme de produits\",\"item\":\"https:\/\/etanec.fr\/index.php\/boutique\/\"},{\"@type\":\"ListItem\",\"position\":3,\"name\":\"G\u00e9n\u00e9rateur de fum\u00e9e TROTEC FS200\"}]},{\"@type\":\"WebSite\",\"@id\":\"http:\/\/etanec.fr\/#website\",\"url\":\"http:\/\/etanec.fr\/\",\"name\":\"etanec.fr\",\"description\":\"Votre Solution en Outillage &amp; Fixation Enveloppe du batiment\",\"publisher\":{\"@id\":\"http:\/\/etanec.fr\/#organization\"},\"potentialAction\":[{\"@type\":\"SearchAction\",\"target\":{\"@type\":\"EntryPoint\",\"urlTemplate\":\"http:\/\/etanec.fr\/?s={search_term_string}\"},\"query-input\":{\"@type\":\"PropertyValueSpecification\",\"valueRequired\":true,\"valueName\":\"search_term_string\"}}],\"inLanguage\":\"fr-FR\"},{\"@type\":\"Organization\",\"@id\":\"http:\/\/etanec.fr\/#organization\",\"name\":\"etanec.fr\",\"url\":\"http:\/\/etanec.fr\/\",\"logo\":{\"@type\":\"ImageObject\",\"inLanguage\":\"fr-FR\",\"@id\":\"http:\/\/etanec.fr\/#\/schema\/logo\/image\/\",\"url\":\"https:\/\/i0.wp.com\/etanec.fr\/wp-content\/uploads\/2017\/11\/cropped-cropped-cropped-ETANEC-LOGO-2017-RVBTRANSP-HD-e1509965316759.png?fit=350%2C75\",\"contentUrl\":\"https:\/\/i0.wp.com\/etanec.fr\/wp-content\/uploads\/2017\/11\/cropped-cropped-cropped-ETANEC-LOGO-2017-RVBTRANSP-HD-e1509965316759.png?fit=350%2C75\",\"width\":350,\"height\":75,\"caption\":\"etanec.fr\"},\"image\":{\"@id\":\"http:\/\/etanec.fr\/#\/schema\/logo\/image\/\"},\"sameAs\":[\"https:\/\/www.linkedin.com\/company\/etanecgroup\/?viewAsMember=true\"]}]}<\/script>\n<!-- \/ Yoast SEO plugin. -->","yoast_head_json":{"title":"G\u00e9n\u00e9rateur de fum\u00e9e TROTEC FS200 - ETANEC","description":"Appareil parfait pour effectuer des contr\u00f4les d'\u00e9tanch\u00e9it\u00e9 et d\u00e9tecter les fuites dans les r\u00e9seaux de canalisations et les constructions de toitures-terrasses, notre solution est id\u00e9ale pour r\u00e9pondre \u00e0 vos besoins.","robots":{"index":"index","follow":"follow","max-snippet":"max-snippet:-1","max-image-preview":"max-image-preview:large","max-video-preview":"max-video-preview:-1"},"canonical":"http:\/\/etanec.fr\/index.php\/produit\/generateur-de-fumee-trotec-fs200\/","og_locale":"fr_FR","og_type":"article","og_title":"G\u00e9n\u00e9rateur de fum\u00e9e TROTEC FS200 - ETANEC","og_description":"Appareil parfait pour effectuer des contr\u00f4les d'\u00e9tanch\u00e9it\u00e9 et d\u00e9tecter les fuites dans les r\u00e9seaux de canalisations et les constructions de toitures-terrasses, notre solution est id\u00e9ale pour r\u00e9pondre \u00e0 vos besoins.","og_url":"http:\/\/etanec.fr\/index.php\/produit\/generateur-de-fumee-trotec-fs200\/","og_site_name":"ETANEC","article_modified_time":"2023-12-09T08:40:14+00:00","og_image":[{"width":903,"height":785,"url":"https:\/\/i0.wp.com\/etanec.fr\/wp-content\/uploads\/2022\/02\/TROTEC.jpg?fit=903%2C785","type":"image\/jpeg"}],"twitter_card":"summary_large_image","twitter_misc":{"Dur\u00e9e de lecture estim\u00e9e":"2 minutes"},"schema":{"@context":"https:\/\/schema.org","@graph":[{"@type":"WebPage","@id":"http:\/\/etanec.fr\/index.php\/produit\/generateur-de-fumee-trotec-fs200\/","url":"http:\/\/etanec.fr\/index.php\/produit\/generateur-de-fumee-trotec-fs200\/","name":"G\u00e9n\u00e9rateur de fum\u00e9e TROTEC FS200 - ETANEC","isPartOf":{"@id":"http:\/\/etanec.fr\/#website"},"primaryImageOfPage":{"@id":"http:\/\/etanec.fr\/index.php\/produit\/generateur-de-fumee-trotec-fs200\/#primaryimage"},"image":{"@id":"http:\/\/etanec.fr\/index.php\/produit\/generateur-de-fumee-trotec-fs200\/#primaryimage"},"thumbnailUrl":"https:\/\/i0.wp.com\/etanec.fr\/wp-content\/uploads\/2022\/02\/TROTEC.jpg?fit=903%2C785","datePublished":"2022-02-15T09:55:41+00:00","dateModified":"2023-12-09T08:40:14+00:00","description":"Appareil parfait pour effectuer des contr\u00f4les d'\u00e9tanch\u00e9it\u00e9 et d\u00e9tecter les fuites dans les r\u00e9seaux de canalisations et les constructions de toitures-terrasses, notre solution est id\u00e9ale pour r\u00e9pondre \u00e0 vos besoins.","breadcrumb":{"@id":"http:\/\/etanec.fr\/index.php\/produit\/generateur-de-fumee-trotec-fs200\/#breadcrumb"},"inLanguage":"fr-FR","potentialAction":[{"@type":"ReadAction","target":["http:\/\/etanec.fr\/index.php\/produit\/generateur-de-fumee-trotec-fs200\/"]}]},{"@type":"ImageObject","inLanguage":"fr-FR","@id":"http:\/\/etanec.fr\/index.php\/produit\/generateur-de-fumee-trotec-fs200\/#primaryimage","url":"https:\/\/i0.wp.com\/etanec.fr\/wp-content\/uploads\/2022\/02\/TROTEC.jpg?fit=903%2C785","contentUrl":"https:\/\/i0.wp.com\/etanec.fr\/wp-content\/uploads\/2022\/02\/TROTEC.jpg?fit=903%2C785","width":903,"height":785},{"@type":"BreadcrumbList","@id":"http:\/\/etanec.fr\/index.php\/produit\/generateur-de-fumee-trotec-fs200\/#breadcrumb","itemListElement":[{"@type":"ListItem","position":1,"name":"Accueil","item":"http:\/\/etanec.fr\/"},{"@type":"ListItem","position":2,"name":"Gamme de produits","item":"https:\/\/etanec.fr\/index.php\/boutique\/"},{"@type":"ListItem","position":3,"name":"G\u00e9n\u00e9rateur de fum\u00e9e TROTEC FS200"}]},{"@type":"WebSite","@id":"http:\/\/etanec.fr\/#website","url":"http:\/\/etanec.fr\/","name":"etanec.fr","description":"Votre Solution en Outillage &amp; Fixation Enveloppe du batiment","publisher":{"@id":"http:\/\/etanec.fr\/#organization"},"potentialAction":[{"@type":"SearchAction","target":{"@type":"EntryPoint","urlTemplate":"http:\/\/etanec.fr\/?s={search_term_string}"},"query-input":{"@type":"PropertyValueSpecification","valueRequired":true,"valueName":"search_term_string"}}],"inLanguage":"fr-FR"},{"@type":"Organization","@id":"http:\/\/etanec.fr\/#organization","name":"etanec.fr","url":"http:\/\/etanec.fr\/","logo":{"@type":"ImageObject","inLanguage":"fr-FR","@id":"http:\/\/etanec.fr\/#\/schema\/logo\/image\/","url":"https:\/\/i0.wp.com\/etanec.fr\/wp-content\/uploads\/2017\/11\/cropped-cropped-cropped-ETANEC-LOGO-2017-RVBTRANSP-HD-e1509965316759.png?fit=350%2C75","contentUrl":"https:\/\/i0.wp.com\/etanec.fr\/wp-content\/uploads\/2017\/11\/cropped-cropped-cropped-ETANEC-LOGO-2017-RVBTRANSP-HD-e1509965316759.png?fit=350%2C75","width":350,"height":75,"caption":"etanec.fr"},"image":{"@id":"http:\/\/etanec.fr\/#\/schema\/logo\/image\/"},"sameAs":["https:\/\/www.linkedin.com\/company\/etanecgroup\/?viewAsMember=true"]}]}},"jetpack_publicize_connections":[],"jetpack_sharing_enabled":true,"_links":{"self":[{"href":"http:\/\/etanec.fr\/index.php\/wp-json\/wp\/v2\/product\/899","targetHints":{"allow":["GET"]}}],"collection":[{"href":"http:\/\/etanec.fr\/index.php\/wp-json\/wp\/v2\/product"}],"about":[{"href":"http:\/\/etanec.fr\/index.php\/wp-json\/wp\/v2\/types\/product"}],"replies":[{"embeddable":true,"href":"http:\/\/etanec.fr\/index.php\/wp-json\/wp\/v2\/comments?post=899"}],"version-history":[{"count":9,"href":"http:\/\/etanec.fr\/index.php\/wp-json\/wp\/v2\/product\/899\/revisions"}],"predecessor-version":[{"id":905,"href":"http:\/\/etanec.fr\/index.php\/wp-json\/wp\/v2\/product\/899\/revisions\/905"}],"wp:featuredmedia":[{"embeddable":true,"href":"http:\/\/etanec.fr\/index.php\/wp-json\/wp\/v2\/media\/904"}],"wp:attachment":[{"href":"http:\/\/etanec.fr\/index.php\/wp-json\/wp\/v2\/media?parent=899"}],"wp:term":[{"taxonomy":"product_brand","embeddable":true,"href":"http:\/\/etanec.fr\/index.php\/wp-json\/wp\/v2\/product_brand?post=899"},{"taxonomy":"product_cat","embeddable":true,"href":"http:\/\/etanec.fr\/index.php\/wp-json\/wp\/v2\/product_cat?post=899"},{"taxonomy":"product_tag","embeddable":true,"href":"http:\/\/etanec.fr\/index.php\/wp-json\/wp\/v2\/product_tag?post=899"}],"curies":[{"name":"wp","href":"https:\/\/api.w.org\/{rel}","templated":true}]}}