{"id":1832,"date":"2023-01-17T13:51:49","date_gmt":"2023-01-17T12:51:49","guid":{"rendered":"http:\/\/etanec.fr\/?post_type=product&#038;p=1832"},"modified":"2023-01-17T13:51:49","modified_gmt":"2023-01-17T12:51:49","slug":"cisaille-tole-a-ressort-universelle-bahco-mr227r","status":"publish","type":"product","link":"https:\/\/etanec.fr\/index.php\/produit\/cisaille-tole-a-ressort-universelle-bahco-mr227r\/","title":{"rendered":"Cisaille t\u00f4le \u00e0 ressort universelle BAHCO MR227R"},"content":{"rendered":"<p>Cisaille \u00e0 t\u00f4le \u00e0 deux lames fines, pour coupes rectilignes et \u00e0 gauche. Permet la d\u00e9coupe d&rsquo;arcs vers la gauche, l&rsquo;arasage et l&rsquo;encochage lorsque l&rsquo;espace de travail est restreint.<\/p>\n<p>Capacit\u00e9 de coupe : 1,2mm<\/p>\n<p><strong>Avec ressort de rappel d\u00e9montable<\/strong><\/p>\n","protected":false},"excerpt":{"rendered":"<p>Cisaille \u00e0 t\u00f4le \u00e0 deux lames fines, pour coupes rectilignes et \u00e0 gauche. Permet la d\u00e9coupe d&rsquo;arcs vers la gauche, l&rsquo;arasage et l&rsquo;encochage lorsque l&rsquo;espace de travail est restreint.<\/p>\n<p>Capacit\u00e9 de coupe : 1,2mm<\/p>\n<p><strong>Avec ressort de rappel d\u00e9montable<\/strong><\/p>\n","protected":false},"featured_media":1833,"comment_status":"open","ping_status":"closed","template":"","meta":{"_monsterinsights_skip_tracking":false,"_monsterinsights_sitenote_active":false,"_monsterinsights_sitenote_note":"","_monsterinsights_sitenote_category":0,"jetpack_publicize_message":"","jetpack_publicize_feature_enabled":true,"jetpack_social_post_already_shared":false,"jetpack_social_options":{"image_generator_settings":{"template":"highway","default_image_id":0,"font":"","enabled":false},"version":2}},"product_brand":[],"product_cat":[73],"product_tag":[],"class_list":{"0":"post-1832","1":"product","2":"type-product","3":"status-publish","6":"product_cat-outillage","8":"first","9":"instock","10":"taxable","11":"shipping-taxable","12":"product-type-simple"},"yoast_head":"<!-- This site is optimized with the Yoast SEO plugin v26.6 - https:\/\/yoast.com\/wordpress\/plugins\/seo\/ -->\n<title>Cisaille t\u00f4le \u00e0 ressort universelle BAHCO MR227R - ETANEC<\/title>\n<meta name=\"robots\" content=\"index, follow, max-snippet:-1, max-image-preview:large, max-video-preview:-1\" \/>\n<link rel=\"canonical\" href=\"http:\/\/etanec.fr\/index.php\/produit\/cisaille-tole-a-ressort-universelle-bahco-mr227r\/\" \/>\n<meta property=\"og:locale\" content=\"fr_FR\" \/>\n<meta property=\"og:type\" content=\"article\" \/>\n<meta property=\"og:title\" content=\"Cisaille t\u00f4le \u00e0 ressort universelle BAHCO MR227R - ETANEC\" \/>\n<meta property=\"og:description\" content=\"Cisaille \u00e0 t\u00f4le \u00e0 deux lames fines, pour coupes rectilignes et \u00e0 gauche. Permet la d\u00e9coupe d&#039;arcs vers la gauche, l&#039;arasage et l&#039;encochage lorsque l&#039;espace de travail est restreint.  Capacit\u00e9 de coupe : 1,2mm  Avec ressort de rappel d\u00e9montable\" \/>\n<meta property=\"og:url\" content=\"http:\/\/etanec.fr\/index.php\/produit\/cisaille-tole-a-ressort-universelle-bahco-mr227r\/\" \/>\n<meta property=\"og:site_name\" content=\"ETANEC\" \/>\n<meta property=\"og:image\" content=\"https:\/\/i0.wp.com\/etanec.fr\/wp-content\/uploads\/2022\/11\/f721127_610x610.jpg?fit=610%2C610\" \/>\n\t<meta property=\"og:image:width\" content=\"610\" \/>\n\t<meta property=\"og:image:height\" content=\"610\" \/>\n\t<meta property=\"og:image:type\" content=\"image\/jpeg\" \/>\n<meta name=\"twitter:card\" content=\"summary_large_image\" \/>\n<meta name=\"twitter:label1\" content=\"Dur\u00e9e de lecture estim\u00e9e\" \/>\n\t<meta name=\"twitter:data1\" content=\"1 minute\" \/>\n<script type=\"application\/ld+json\" class=\"yoast-schema-graph\">{\"@context\":\"https:\/\/schema.org\",\"@graph\":[{\"@type\":\"WebPage\",\"@id\":\"http:\/\/etanec.fr\/index.php\/produit\/cisaille-tole-a-ressort-universelle-bahco-mr227r\/\",\"url\":\"http:\/\/etanec.fr\/index.php\/produit\/cisaille-tole-a-ressort-universelle-bahco-mr227r\/\",\"name\":\"Cisaille t\u00f4le \u00e0 ressort universelle BAHCO MR227R - ETANEC\",\"isPartOf\":{\"@id\":\"https:\/\/etanec.fr\/#website\"},\"primaryImageOfPage\":{\"@id\":\"http:\/\/etanec.fr\/index.php\/produit\/cisaille-tole-a-ressort-universelle-bahco-mr227r\/#primaryimage\"},\"image\":{\"@id\":\"http:\/\/etanec.fr\/index.php\/produit\/cisaille-tole-a-ressort-universelle-bahco-mr227r\/#primaryimage\"},\"thumbnailUrl\":\"https:\/\/i0.wp.com\/etanec.fr\/wp-content\/uploads\/2022\/11\/f721127_610x610.jpg?fit=610%2C610&ssl=1\",\"datePublished\":\"2023-01-17T12:51:49+00:00\",\"breadcrumb\":{\"@id\":\"http:\/\/etanec.fr\/index.php\/produit\/cisaille-tole-a-ressort-universelle-bahco-mr227r\/#breadcrumb\"},\"inLanguage\":\"fr-FR\",\"potentialAction\":[{\"@type\":\"ReadAction\",\"target\":[\"http:\/\/etanec.fr\/index.php\/produit\/cisaille-tole-a-ressort-universelle-bahco-mr227r\/\"]}]},{\"@type\":\"ImageObject\",\"inLanguage\":\"fr-FR\",\"@id\":\"http:\/\/etanec.fr\/index.php\/produit\/cisaille-tole-a-ressort-universelle-bahco-mr227r\/#primaryimage\",\"url\":\"https:\/\/i0.wp.com\/etanec.fr\/wp-content\/uploads\/2022\/11\/f721127_610x610.jpg?fit=610%2C610&ssl=1\",\"contentUrl\":\"https:\/\/i0.wp.com\/etanec.fr\/wp-content\/uploads\/2022\/11\/f721127_610x610.jpg?fit=610%2C610&ssl=1\",\"width\":610,\"height\":610},{\"@type\":\"BreadcrumbList\",\"@id\":\"http:\/\/etanec.fr\/index.php\/produit\/cisaille-tole-a-ressort-universelle-bahco-mr227r\/#breadcrumb\",\"itemListElement\":[{\"@type\":\"ListItem\",\"position\":1,\"name\":\"Accueil\",\"item\":\"https:\/\/etanec.fr\/\"},{\"@type\":\"ListItem\",\"position\":2,\"name\":\"Gamme de produits\",\"item\":\"https:\/\/etanec.fr\/index.php\/boutique\/\"},{\"@type\":\"ListItem\",\"position\":3,\"name\":\"Cisaille t\u00f4le \u00e0 ressort universelle BAHCO MR227R\"}]},{\"@type\":\"WebSite\",\"@id\":\"https:\/\/etanec.fr\/#website\",\"url\":\"https:\/\/etanec.fr\/\",\"name\":\"etanec.fr\",\"description\":\"Votre Solution en Outillage &amp; Fixation Enveloppe du batiment\",\"publisher\":{\"@id\":\"https:\/\/etanec.fr\/#organization\"},\"potentialAction\":[{\"@type\":\"SearchAction\",\"target\":{\"@type\":\"EntryPoint\",\"urlTemplate\":\"https:\/\/etanec.fr\/?s={search_term_string}\"},\"query-input\":{\"@type\":\"PropertyValueSpecification\",\"valueRequired\":true,\"valueName\":\"search_term_string\"}}],\"inLanguage\":\"fr-FR\"},{\"@type\":\"Organization\",\"@id\":\"https:\/\/etanec.fr\/#organization\",\"name\":\"etanec.fr\",\"url\":\"https:\/\/etanec.fr\/\",\"logo\":{\"@type\":\"ImageObject\",\"inLanguage\":\"fr-FR\",\"@id\":\"https:\/\/etanec.fr\/#\/schema\/logo\/image\/\",\"url\":\"https:\/\/i0.wp.com\/etanec.fr\/wp-content\/uploads\/2017\/11\/cropped-cropped-cropped-ETANEC-LOGO-2017-RVBTRANSP-HD-e1509965316759.png?fit=350%2C75&ssl=1\",\"contentUrl\":\"https:\/\/i0.wp.com\/etanec.fr\/wp-content\/uploads\/2017\/11\/cropped-cropped-cropped-ETANEC-LOGO-2017-RVBTRANSP-HD-e1509965316759.png?fit=350%2C75&ssl=1\",\"width\":350,\"height\":75,\"caption\":\"etanec.fr\"},\"image\":{\"@id\":\"https:\/\/etanec.fr\/#\/schema\/logo\/image\/\"},\"sameAs\":[\"https:\/\/www.linkedin.com\/company\/etanecgroup\/?viewAsMember=true\"]}]}<\/script>\n<!-- \/ Yoast SEO plugin. -->","yoast_head_json":{"title":"Cisaille t\u00f4le \u00e0 ressort universelle BAHCO MR227R - ETANEC","robots":{"index":"index","follow":"follow","max-snippet":"max-snippet:-1","max-image-preview":"max-image-preview:large","max-video-preview":"max-video-preview:-1"},"canonical":"http:\/\/etanec.fr\/index.php\/produit\/cisaille-tole-a-ressort-universelle-bahco-mr227r\/","og_locale":"fr_FR","og_type":"article","og_title":"Cisaille t\u00f4le \u00e0 ressort universelle BAHCO MR227R - ETANEC","og_description":"Cisaille \u00e0 t\u00f4le \u00e0 deux lames fines, pour coupes rectilignes et \u00e0 gauche. Permet la d\u00e9coupe d'arcs vers la gauche, l'arasage et l'encochage lorsque l'espace de travail est restreint.  Capacit\u00e9 de coupe : 1,2mm  Avec ressort de rappel d\u00e9montable","og_url":"http:\/\/etanec.fr\/index.php\/produit\/cisaille-tole-a-ressort-universelle-bahco-mr227r\/","og_site_name":"ETANEC","og_image":[{"width":610,"height":610,"url":"https:\/\/i0.wp.com\/etanec.fr\/wp-content\/uploads\/2022\/11\/f721127_610x610.jpg?fit=610%2C610","type":"image\/jpeg"}],"twitter_card":"summary_large_image","twitter_misc":{"Dur\u00e9e de lecture estim\u00e9e":"1 minute"},"schema":{"@context":"https:\/\/schema.org","@graph":[{"@type":"WebPage","@id":"http:\/\/etanec.fr\/index.php\/produit\/cisaille-tole-a-ressort-universelle-bahco-mr227r\/","url":"http:\/\/etanec.fr\/index.php\/produit\/cisaille-tole-a-ressort-universelle-bahco-mr227r\/","name":"Cisaille t\u00f4le \u00e0 ressort universelle BAHCO MR227R - ETANEC","isPartOf":{"@id":"https:\/\/etanec.fr\/#website"},"primaryImageOfPage":{"@id":"http:\/\/etanec.fr\/index.php\/produit\/cisaille-tole-a-ressort-universelle-bahco-mr227r\/#primaryimage"},"image":{"@id":"http:\/\/etanec.fr\/index.php\/produit\/cisaille-tole-a-ressort-universelle-bahco-mr227r\/#primaryimage"},"thumbnailUrl":"https:\/\/i0.wp.com\/etanec.fr\/wp-content\/uploads\/2022\/11\/f721127_610x610.jpg?fit=610%2C610&ssl=1","datePublished":"2023-01-17T12:51:49+00:00","breadcrumb":{"@id":"http:\/\/etanec.fr\/index.php\/produit\/cisaille-tole-a-ressort-universelle-bahco-mr227r\/#breadcrumb"},"inLanguage":"fr-FR","potentialAction":[{"@type":"ReadAction","target":["http:\/\/etanec.fr\/index.php\/produit\/cisaille-tole-a-ressort-universelle-bahco-mr227r\/"]}]},{"@type":"ImageObject","inLanguage":"fr-FR","@id":"http:\/\/etanec.fr\/index.php\/produit\/cisaille-tole-a-ressort-universelle-bahco-mr227r\/#primaryimage","url":"https:\/\/i0.wp.com\/etanec.fr\/wp-content\/uploads\/2022\/11\/f721127_610x610.jpg?fit=610%2C610&ssl=1","contentUrl":"https:\/\/i0.wp.com\/etanec.fr\/wp-content\/uploads\/2022\/11\/f721127_610x610.jpg?fit=610%2C610&ssl=1","width":610,"height":610},{"@type":"BreadcrumbList","@id":"http:\/\/etanec.fr\/index.php\/produit\/cisaille-tole-a-ressort-universelle-bahco-mr227r\/#breadcrumb","itemListElement":[{"@type":"ListItem","position":1,"name":"Accueil","item":"https:\/\/etanec.fr\/"},{"@type":"ListItem","position":2,"name":"Gamme de produits","item":"https:\/\/etanec.fr\/index.php\/boutique\/"},{"@type":"ListItem","position":3,"name":"Cisaille t\u00f4le \u00e0 ressort universelle BAHCO MR227R"}]},{"@type":"WebSite","@id":"https:\/\/etanec.fr\/#website","url":"https:\/\/etanec.fr\/","name":"etanec.fr","description":"Votre Solution en Outillage &amp; Fixation Enveloppe du batiment","publisher":{"@id":"https:\/\/etanec.fr\/#organization"},"potentialAction":[{"@type":"SearchAction","target":{"@type":"EntryPoint","urlTemplate":"https:\/\/etanec.fr\/?s={search_term_string}"},"query-input":{"@type":"PropertyValueSpecification","valueRequired":true,"valueName":"search_term_string"}}],"inLanguage":"fr-FR"},{"@type":"Organization","@id":"https:\/\/etanec.fr\/#organization","name":"etanec.fr","url":"https:\/\/etanec.fr\/","logo":{"@type":"ImageObject","inLanguage":"fr-FR","@id":"https:\/\/etanec.fr\/#\/schema\/logo\/image\/","url":"https:\/\/i0.wp.com\/etanec.fr\/wp-content\/uploads\/2017\/11\/cropped-cropped-cropped-ETANEC-LOGO-2017-RVBTRANSP-HD-e1509965316759.png?fit=350%2C75&ssl=1","contentUrl":"https:\/\/i0.wp.com\/etanec.fr\/wp-content\/uploads\/2017\/11\/cropped-cropped-cropped-ETANEC-LOGO-2017-RVBTRANSP-HD-e1509965316759.png?fit=350%2C75&ssl=1","width":350,"height":75,"caption":"etanec.fr"},"image":{"@id":"https:\/\/etanec.fr\/#\/schema\/logo\/image\/"},"sameAs":["https:\/\/www.linkedin.com\/company\/etanecgroup\/?viewAsMember=true"]}]}},"jetpack_publicize_connections":[],"jetpack_sharing_enabled":true,"_links":{"self":[{"href":"https:\/\/etanec.fr\/index.php\/wp-json\/wp\/v2\/product\/1832","targetHints":{"allow":["GET"]}}],"collection":[{"href":"https:\/\/etanec.fr\/index.php\/wp-json\/wp\/v2\/product"}],"about":[{"href":"https:\/\/etanec.fr\/index.php\/wp-json\/wp\/v2\/types\/product"}],"replies":[{"embeddable":true,"href":"https:\/\/etanec.fr\/index.php\/wp-json\/wp\/v2\/comments?post=1832"}],"version-history":[{"count":1,"href":"https:\/\/etanec.fr\/index.php\/wp-json\/wp\/v2\/product\/1832\/revisions"}],"predecessor-version":[{"id":1834,"href":"https:\/\/etanec.fr\/index.php\/wp-json\/wp\/v2\/product\/1832\/revisions\/1834"}],"wp:featuredmedia":[{"embeddable":true,"href":"https:\/\/etanec.fr\/index.php\/wp-json\/wp\/v2\/media\/1833"}],"wp:attachment":[{"href":"https:\/\/etanec.fr\/index.php\/wp-json\/wp\/v2\/media?parent=1832"}],"wp:term":[{"taxonomy":"product_brand","embeddable":true,"href":"https:\/\/etanec.fr\/index.php\/wp-json\/wp\/v2\/product_brand?post=1832"},{"taxonomy":"product_cat","embeddable":true,"href":"https:\/\/etanec.fr\/index.php\/wp-json\/wp\/v2\/product_cat?post=1832"},{"taxonomy":"product_tag","embeddable":true,"href":"https:\/\/etanec.fr\/index.php\/wp-json\/wp\/v2\/product_tag?post=1832"}],"curies":[{"name":"wp","href":"https:\/\/api.w.org\/{rel}","templated":true}]}}