{"id":3533,"date":"2023-05-17T14:24:26","date_gmt":"2023-05-17T12:24:26","guid":{"rendered":"http:\/\/etanec.fr\/?post_type=product&#038;p=3533"},"modified":"2023-05-17T14:25:26","modified_gmt":"2023-05-17T12:25:26","slug":"casque-antibruit-clarity-lux","status":"publish","type":"product","link":"https:\/\/etanec.fr\/index.php\/produit\/casque-antibruit-clarity-lux\/","title":{"rendered":"Casque anti-bruit CLARITY LUX"},"content":{"rendered":"<p>Casque anti bruit, avec serre t\u00eate r\u00e9glable pour une dur\u00e9e de vie plus longue.\u00a0Bandeau pr\u00e9form\u00e9, int\u00e9rieur mousse assurant un confort exceptionnel.\u00a0Filtre les bruits tout en permettant d&rsquo;entendre les personnes, les alarmes et les signaux d&rsquo;alerte environnants.\u00a0Att\u00e9nuation: 29dB.<\/p>\n","protected":false},"excerpt":{"rendered":"<p>Casque anti bruit, avec serre t\u00eate r\u00e9glable pour une dur\u00e9e de vie plus longue<\/p>\n<p>Bandeau pr\u00e9form\u00e9, int\u00e9rieur mousse assurant un confort exceptionnel<\/p>\n<p>Filtre les bruits tout en permettant d&rsquo;entendre les personnes, les alarmes et les signaux d&rsquo;alerte environnants<\/p>\n<p>Att\u00e9nuation: 29dB<\/p>\n","protected":false},"featured_media":3534,"comment_status":"open","ping_status":"closed","template":"","meta":{"_monsterinsights_skip_tracking":false,"_monsterinsights_sitenote_active":false,"_monsterinsights_sitenote_note":"","_monsterinsights_sitenote_category":0,"jetpack_publicize_message":"","jetpack_publicize_feature_enabled":true,"jetpack_social_post_already_shared":false,"jetpack_social_options":{"image_generator_settings":{"template":"highway","default_image_id":0,"font":"","enabled":false},"version":2}},"product_brand":[],"product_cat":[40],"product_tag":[],"class_list":{"0":"post-3533","1":"product","2":"type-product","3":"status-publish","6":"product_cat-epi","8":"first","9":"instock","10":"taxable","11":"shipping-taxable","12":"product-type-simple"},"yoast_head":"<!-- This site is optimized with the Yoast SEO plugin v26.6 - https:\/\/yoast.com\/wordpress\/plugins\/seo\/ -->\n<title>Casque anti-bruit CLARITY LUX - ETANEC<\/title>\n<meta name=\"robots\" content=\"index, follow, max-snippet:-1, max-image-preview:large, max-video-preview:-1\" \/>\n<link rel=\"canonical\" href=\"http:\/\/etanec.fr\/index.php\/produit\/casque-antibruit-clarity-lux\/\" \/>\n<meta property=\"og:locale\" content=\"fr_FR\" \/>\n<meta property=\"og:type\" content=\"article\" \/>\n<meta property=\"og:title\" content=\"Casque anti-bruit CLARITY LUX - ETANEC\" \/>\n<meta property=\"og:description\" content=\"Casque anti bruit, avec serre t\u00eate r\u00e9glable pour une dur\u00e9e de vie plus longue  Bandeau pr\u00e9form\u00e9, int\u00e9rieur mousse assurant un confort exceptionnel  Filtre les bruits tout en permettant d&#039;entendre les personnes, les alarmes et les signaux d&#039;alerte environnants  Att\u00e9nuation: 29dB\" \/>\n<meta property=\"og:url\" content=\"http:\/\/etanec.fr\/index.php\/produit\/casque-antibruit-clarity-lux\/\" \/>\n<meta property=\"og:site_name\" content=\"ETANEC\" \/>\n<meta property=\"article:modified_time\" content=\"2023-05-17T12:25:26+00:00\" \/>\n<meta property=\"og:image\" content=\"https:\/\/i0.wp.com\/etanec.fr\/wp-content\/uploads\/2022\/12\/r021070_610x610.jpg?fit=610%2C610\" \/>\n\t<meta property=\"og:image:width\" content=\"610\" \/>\n\t<meta property=\"og:image:height\" content=\"610\" \/>\n\t<meta property=\"og:image:type\" content=\"image\/jpeg\" \/>\n<meta name=\"twitter:card\" content=\"summary_large_image\" \/>\n<meta name=\"twitter:label1\" content=\"Dur\u00e9e de lecture estim\u00e9e\" \/>\n\t<meta name=\"twitter:data1\" content=\"1 minute\" \/>\n<script type=\"application\/ld+json\" class=\"yoast-schema-graph\">{\"@context\":\"https:\/\/schema.org\",\"@graph\":[{\"@type\":\"WebPage\",\"@id\":\"http:\/\/etanec.fr\/index.php\/produit\/casque-antibruit-clarity-lux\/\",\"url\":\"http:\/\/etanec.fr\/index.php\/produit\/casque-antibruit-clarity-lux\/\",\"name\":\"Casque anti-bruit CLARITY LUX - ETANEC\",\"isPartOf\":{\"@id\":\"https:\/\/etanec.fr\/#website\"},\"primaryImageOfPage\":{\"@id\":\"http:\/\/etanec.fr\/index.php\/produit\/casque-antibruit-clarity-lux\/#primaryimage\"},\"image\":{\"@id\":\"http:\/\/etanec.fr\/index.php\/produit\/casque-antibruit-clarity-lux\/#primaryimage\"},\"thumbnailUrl\":\"https:\/\/i0.wp.com\/etanec.fr\/wp-content\/uploads\/2022\/12\/r021070_610x610.jpg?fit=610%2C610&ssl=1\",\"datePublished\":\"2023-05-17T12:24:26+00:00\",\"dateModified\":\"2023-05-17T12:25:26+00:00\",\"breadcrumb\":{\"@id\":\"http:\/\/etanec.fr\/index.php\/produit\/casque-antibruit-clarity-lux\/#breadcrumb\"},\"inLanguage\":\"fr-FR\",\"potentialAction\":[{\"@type\":\"ReadAction\",\"target\":[\"http:\/\/etanec.fr\/index.php\/produit\/casque-antibruit-clarity-lux\/\"]}]},{\"@type\":\"ImageObject\",\"inLanguage\":\"fr-FR\",\"@id\":\"http:\/\/etanec.fr\/index.php\/produit\/casque-antibruit-clarity-lux\/#primaryimage\",\"url\":\"https:\/\/i0.wp.com\/etanec.fr\/wp-content\/uploads\/2022\/12\/r021070_610x610.jpg?fit=610%2C610&ssl=1\",\"contentUrl\":\"https:\/\/i0.wp.com\/etanec.fr\/wp-content\/uploads\/2022\/12\/r021070_610x610.jpg?fit=610%2C610&ssl=1\",\"width\":610,\"height\":610},{\"@type\":\"BreadcrumbList\",\"@id\":\"http:\/\/etanec.fr\/index.php\/produit\/casque-antibruit-clarity-lux\/#breadcrumb\",\"itemListElement\":[{\"@type\":\"ListItem\",\"position\":1,\"name\":\"Accueil\",\"item\":\"https:\/\/etanec.fr\/\"},{\"@type\":\"ListItem\",\"position\":2,\"name\":\"Gamme de produits\",\"item\":\"https:\/\/etanec.fr\/index.php\/boutique\/\"},{\"@type\":\"ListItem\",\"position\":3,\"name\":\"Casque anti-bruit CLARITY LUX\"}]},{\"@type\":\"WebSite\",\"@id\":\"https:\/\/etanec.fr\/#website\",\"url\":\"https:\/\/etanec.fr\/\",\"name\":\"etanec.fr\",\"description\":\"Votre Solution en Outillage &amp; Fixation Enveloppe du batiment\",\"publisher\":{\"@id\":\"https:\/\/etanec.fr\/#organization\"},\"potentialAction\":[{\"@type\":\"SearchAction\",\"target\":{\"@type\":\"EntryPoint\",\"urlTemplate\":\"https:\/\/etanec.fr\/?s={search_term_string}\"},\"query-input\":{\"@type\":\"PropertyValueSpecification\",\"valueRequired\":true,\"valueName\":\"search_term_string\"}}],\"inLanguage\":\"fr-FR\"},{\"@type\":\"Organization\",\"@id\":\"https:\/\/etanec.fr\/#organization\",\"name\":\"etanec.fr\",\"url\":\"https:\/\/etanec.fr\/\",\"logo\":{\"@type\":\"ImageObject\",\"inLanguage\":\"fr-FR\",\"@id\":\"https:\/\/etanec.fr\/#\/schema\/logo\/image\/\",\"url\":\"https:\/\/i0.wp.com\/etanec.fr\/wp-content\/uploads\/2017\/11\/cropped-cropped-cropped-ETANEC-LOGO-2017-RVBTRANSP-HD-e1509965316759.png?fit=350%2C75&ssl=1\",\"contentUrl\":\"https:\/\/i0.wp.com\/etanec.fr\/wp-content\/uploads\/2017\/11\/cropped-cropped-cropped-ETANEC-LOGO-2017-RVBTRANSP-HD-e1509965316759.png?fit=350%2C75&ssl=1\",\"width\":350,\"height\":75,\"caption\":\"etanec.fr\"},\"image\":{\"@id\":\"https:\/\/etanec.fr\/#\/schema\/logo\/image\/\"},\"sameAs\":[\"https:\/\/www.linkedin.com\/company\/etanecgroup\/?viewAsMember=true\"]}]}<\/script>\n<!-- \/ Yoast SEO plugin. -->","yoast_head_json":{"title":"Casque anti-bruit CLARITY LUX - ETANEC","robots":{"index":"index","follow":"follow","max-snippet":"max-snippet:-1","max-image-preview":"max-image-preview:large","max-video-preview":"max-video-preview:-1"},"canonical":"http:\/\/etanec.fr\/index.php\/produit\/casque-antibruit-clarity-lux\/","og_locale":"fr_FR","og_type":"article","og_title":"Casque anti-bruit CLARITY LUX - ETANEC","og_description":"Casque anti bruit, avec serre t\u00eate r\u00e9glable pour une dur\u00e9e de vie plus longue  Bandeau pr\u00e9form\u00e9, int\u00e9rieur mousse assurant un confort exceptionnel  Filtre les bruits tout en permettant d'entendre les personnes, les alarmes et les signaux d'alerte environnants  Att\u00e9nuation: 29dB","og_url":"http:\/\/etanec.fr\/index.php\/produit\/casque-antibruit-clarity-lux\/","og_site_name":"ETANEC","article_modified_time":"2023-05-17T12:25:26+00:00","og_image":[{"width":610,"height":610,"url":"https:\/\/i0.wp.com\/etanec.fr\/wp-content\/uploads\/2022\/12\/r021070_610x610.jpg?fit=610%2C610","type":"image\/jpeg"}],"twitter_card":"summary_large_image","twitter_misc":{"Dur\u00e9e de lecture estim\u00e9e":"1 minute"},"schema":{"@context":"https:\/\/schema.org","@graph":[{"@type":"WebPage","@id":"http:\/\/etanec.fr\/index.php\/produit\/casque-antibruit-clarity-lux\/","url":"http:\/\/etanec.fr\/index.php\/produit\/casque-antibruit-clarity-lux\/","name":"Casque anti-bruit CLARITY LUX - ETANEC","isPartOf":{"@id":"https:\/\/etanec.fr\/#website"},"primaryImageOfPage":{"@id":"http:\/\/etanec.fr\/index.php\/produit\/casque-antibruit-clarity-lux\/#primaryimage"},"image":{"@id":"http:\/\/etanec.fr\/index.php\/produit\/casque-antibruit-clarity-lux\/#primaryimage"},"thumbnailUrl":"https:\/\/i0.wp.com\/etanec.fr\/wp-content\/uploads\/2022\/12\/r021070_610x610.jpg?fit=610%2C610&ssl=1","datePublished":"2023-05-17T12:24:26+00:00","dateModified":"2023-05-17T12:25:26+00:00","breadcrumb":{"@id":"http:\/\/etanec.fr\/index.php\/produit\/casque-antibruit-clarity-lux\/#breadcrumb"},"inLanguage":"fr-FR","potentialAction":[{"@type":"ReadAction","target":["http:\/\/etanec.fr\/index.php\/produit\/casque-antibruit-clarity-lux\/"]}]},{"@type":"ImageObject","inLanguage":"fr-FR","@id":"http:\/\/etanec.fr\/index.php\/produit\/casque-antibruit-clarity-lux\/#primaryimage","url":"https:\/\/i0.wp.com\/etanec.fr\/wp-content\/uploads\/2022\/12\/r021070_610x610.jpg?fit=610%2C610&ssl=1","contentUrl":"https:\/\/i0.wp.com\/etanec.fr\/wp-content\/uploads\/2022\/12\/r021070_610x610.jpg?fit=610%2C610&ssl=1","width":610,"height":610},{"@type":"BreadcrumbList","@id":"http:\/\/etanec.fr\/index.php\/produit\/casque-antibruit-clarity-lux\/#breadcrumb","itemListElement":[{"@type":"ListItem","position":1,"name":"Accueil","item":"https:\/\/etanec.fr\/"},{"@type":"ListItem","position":2,"name":"Gamme de produits","item":"https:\/\/etanec.fr\/index.php\/boutique\/"},{"@type":"ListItem","position":3,"name":"Casque anti-bruit CLARITY LUX"}]},{"@type":"WebSite","@id":"https:\/\/etanec.fr\/#website","url":"https:\/\/etanec.fr\/","name":"etanec.fr","description":"Votre Solution en Outillage &amp; Fixation Enveloppe du batiment","publisher":{"@id":"https:\/\/etanec.fr\/#organization"},"potentialAction":[{"@type":"SearchAction","target":{"@type":"EntryPoint","urlTemplate":"https:\/\/etanec.fr\/?s={search_term_string}"},"query-input":{"@type":"PropertyValueSpecification","valueRequired":true,"valueName":"search_term_string"}}],"inLanguage":"fr-FR"},{"@type":"Organization","@id":"https:\/\/etanec.fr\/#organization","name":"etanec.fr","url":"https:\/\/etanec.fr\/","logo":{"@type":"ImageObject","inLanguage":"fr-FR","@id":"https:\/\/etanec.fr\/#\/schema\/logo\/image\/","url":"https:\/\/i0.wp.com\/etanec.fr\/wp-content\/uploads\/2017\/11\/cropped-cropped-cropped-ETANEC-LOGO-2017-RVBTRANSP-HD-e1509965316759.png?fit=350%2C75&ssl=1","contentUrl":"https:\/\/i0.wp.com\/etanec.fr\/wp-content\/uploads\/2017\/11\/cropped-cropped-cropped-ETANEC-LOGO-2017-RVBTRANSP-HD-e1509965316759.png?fit=350%2C75&ssl=1","width":350,"height":75,"caption":"etanec.fr"},"image":{"@id":"https:\/\/etanec.fr\/#\/schema\/logo\/image\/"},"sameAs":["https:\/\/www.linkedin.com\/company\/etanecgroup\/?viewAsMember=true"]}]}},"jetpack_publicize_connections":[],"jetpack_sharing_enabled":true,"_links":{"self":[{"href":"https:\/\/etanec.fr\/index.php\/wp-json\/wp\/v2\/product\/3533","targetHints":{"allow":["GET"]}}],"collection":[{"href":"https:\/\/etanec.fr\/index.php\/wp-json\/wp\/v2\/product"}],"about":[{"href":"https:\/\/etanec.fr\/index.php\/wp-json\/wp\/v2\/types\/product"}],"replies":[{"embeddable":true,"href":"https:\/\/etanec.fr\/index.php\/wp-json\/wp\/v2\/comments?post=3533"}],"version-history":[{"count":3,"href":"https:\/\/etanec.fr\/index.php\/wp-json\/wp\/v2\/product\/3533\/revisions"}],"predecessor-version":[{"id":6666,"href":"https:\/\/etanec.fr\/index.php\/wp-json\/wp\/v2\/product\/3533\/revisions\/6666"}],"wp:featuredmedia":[{"embeddable":true,"href":"https:\/\/etanec.fr\/index.php\/wp-json\/wp\/v2\/media\/3534"}],"wp:attachment":[{"href":"https:\/\/etanec.fr\/index.php\/wp-json\/wp\/v2\/media?parent=3533"}],"wp:term":[{"taxonomy":"product_brand","embeddable":true,"href":"https:\/\/etanec.fr\/index.php\/wp-json\/wp\/v2\/product_brand?post=3533"},{"taxonomy":"product_cat","embeddable":true,"href":"https:\/\/etanec.fr\/index.php\/wp-json\/wp\/v2\/product_cat?post=3533"},{"taxonomy":"product_tag","embeddable":true,"href":"https:\/\/etanec.fr\/index.php\/wp-json\/wp\/v2\/product_tag?post=3533"}],"curies":[{"name":"wp","href":"https:\/\/api.w.org\/{rel}","templated":true}]}}