{"id":3607,"date":"2023-06-02T11:50:17","date_gmt":"2023-06-02T09:50:17","guid":{"rendered":"http:\/\/etanec.fr\/?post_type=product&#038;p=3607"},"modified":"2023-06-02T11:50:17","modified_gmt":"2023-06-02T09:50:17","slug":"boite-100-gants-vinyle-en455","status":"publish","type":"product","link":"https:\/\/etanec.fr\/index.php\/produit\/boite-100-gants-vinyle-en455\/","title":{"rendered":"Boite 100 gants Vinyle EN455"},"content":{"rendered":"<p>Fabriqu\u00e9s en Poly-vinyl chloride de qualit\u00e9, nos gants \u00e0 usage unique sont doux, agr\u00e9ables \u00e0 porter et offrent \u00e0 l&rsquo;utilisateur une sensibilit\u00e9 optimale. Ils sont sans latex, surface lisse non granit\u00e9e et avec un bord roul\u00e9.<\/p>\n<p>Caract\u00e9ristiques techniques : Sans Phtalate, Fabriqu\u00e9 \u00e0 partir de chlorure de polyvinyle de haute qualit\u00e9, Lisse et non textur\u00e9 avec une manchette perl\u00e9e, Super doux pour un confort d&rsquo;utilisation sup\u00e9rieur et super extensible pour r\u00e9duire la fatigue de la main 100 gants par bo\u00eete 100% sans latex Certifi\u00e9 CE Cat1 Normes : EN ISO 21420 Dext\u00e9rit\u00e9 5<\/p>\n<p>Taille : L<\/p>\n","protected":false},"excerpt":{"rendered":"<p>Fabriqu\u00e9s en Poly-vinyl chloride de qualit\u00e9, nos gants \u00e0 usage unique sont doux, agr\u00e9ables \u00e0 porter et offrent \u00e0 l&rsquo;utilisateur une sensibilit\u00e9 optimale<\/p>\n<p>Ils sont sans latex, surface lisse non granit\u00e9e et avec un bord roul\u00e9<\/p>\n<p><strong>Caract\u00e9ristiques techniques :<\/strong><\/p>\n<p>Taille : L<\/p>\n<p>Sans Phtalate<\/p>\n<p>Fabriqu\u00e9 \u00e0 partir de chlorure de polyvinyle de haute qualit\u00e9<\/p>\n<p>Lisse et non textur\u00e9 avec une manchette perl\u00e9e<\/p>\n<p>Super doux pour un confort d&rsquo;utilisation sup\u00e9rieur et super extensible pour r\u00e9duire la fatigue de la main 100 gants par bo\u00eete 100% sans latex<\/p>\n<p>Certifi\u00e9 CE Cat1 Normes : EN ISO 21420 Dext\u00e9rit\u00e9 5<\/p>\n","protected":false},"featured_media":3608,"comment_status":"open","ping_status":"closed","template":"","meta":{"_monsterinsights_skip_tracking":false,"_monsterinsights_sitenote_active":false,"_monsterinsights_sitenote_note":"","_monsterinsights_sitenote_category":0,"jetpack_publicize_message":"","jetpack_publicize_feature_enabled":true,"jetpack_social_post_already_shared":false,"jetpack_social_options":{"image_generator_settings":{"template":"highway","default_image_id":0,"font":"","enabled":false},"version":2}},"product_brand":[],"product_cat":[40],"product_tag":[],"class_list":{"0":"post-3607","1":"product","2":"type-product","3":"status-publish","6":"product_cat-epi","8":"first","9":"instock","10":"taxable","11":"shipping-taxable","12":"product-type-simple"},"yoast_head":"<!-- This site is optimized with the Yoast SEO plugin v26.6 - https:\/\/yoast.com\/wordpress\/plugins\/seo\/ -->\n<title>Boite 100 gants Vinyle EN455 - ETANEC<\/title>\n<meta name=\"robots\" content=\"index, follow, max-snippet:-1, max-image-preview:large, max-video-preview:-1\" \/>\n<link rel=\"canonical\" href=\"https:\/\/etanec.fr\/index.php\/produit\/boite-100-gants-vinyle-en455\/\" \/>\n<meta property=\"og:locale\" content=\"fr_FR\" \/>\n<meta property=\"og:type\" content=\"article\" \/>\n<meta property=\"og:title\" content=\"Boite 100 gants Vinyle EN455 - ETANEC\" \/>\n<meta property=\"og:description\" content=\"Fabriqu\u00e9s en Poly-vinyl chloride de qualit\u00e9, nos gants \u00e0 usage unique sont doux, agr\u00e9ables \u00e0 porter et offrent \u00e0 l&#039;utilisateur une sensibilit\u00e9 optimale  Ils sont sans latex, surface lisse non granit\u00e9e et avec un bord roul\u00e9  Caract\u00e9ristiques techniques :  Taille : L  Sans Phtalate  Fabriqu\u00e9 \u00e0 partir de chlorure de polyvinyle de haute qualit\u00e9  Lisse et non textur\u00e9 avec une manchette perl\u00e9e  Super doux pour un confort d&#039;utilisation sup\u00e9rieur et super extensible pour r\u00e9duire la fatigue de la main 100 gants par bo\u00eete 100% sans latex  Certifi\u00e9 CE Cat1 Normes : EN ISO 21420 Dext\u00e9rit\u00e9 5\" \/>\n<meta property=\"og:url\" content=\"https:\/\/etanec.fr\/index.php\/produit\/boite-100-gants-vinyle-en455\/\" \/>\n<meta property=\"og:site_name\" content=\"ETANEC\" \/>\n<meta property=\"og:image\" content=\"https:\/\/i0.wp.com\/etanec.fr\/wp-content\/uploads\/2022\/12\/r031014_l_610x610.jpg?fit=610%2C610&ssl=1\" \/>\n\t<meta property=\"og:image:width\" content=\"610\" \/>\n\t<meta property=\"og:image:height\" content=\"610\" \/>\n\t<meta property=\"og:image:type\" content=\"image\/jpeg\" \/>\n<meta name=\"twitter:card\" content=\"summary_large_image\" \/>\n<meta name=\"twitter:label1\" content=\"Dur\u00e9e de lecture estim\u00e9e\" \/>\n\t<meta name=\"twitter:data1\" content=\"1 minute\" \/>\n<script type=\"application\/ld+json\" class=\"yoast-schema-graph\">{\"@context\":\"https:\/\/schema.org\",\"@graph\":[{\"@type\":\"WebPage\",\"@id\":\"https:\/\/etanec.fr\/index.php\/produit\/boite-100-gants-vinyle-en455\/\",\"url\":\"https:\/\/etanec.fr\/index.php\/produit\/boite-100-gants-vinyle-en455\/\",\"name\":\"Boite 100 gants Vinyle EN455 - ETANEC\",\"isPartOf\":{\"@id\":\"https:\/\/etanec.fr\/#website\"},\"primaryImageOfPage\":{\"@id\":\"https:\/\/etanec.fr\/index.php\/produit\/boite-100-gants-vinyle-en455\/#primaryimage\"},\"image\":{\"@id\":\"https:\/\/etanec.fr\/index.php\/produit\/boite-100-gants-vinyle-en455\/#primaryimage\"},\"thumbnailUrl\":\"https:\/\/i0.wp.com\/etanec.fr\/wp-content\/uploads\/2022\/12\/r031014_l_610x610.jpg?fit=610%2C610&ssl=1\",\"datePublished\":\"2023-06-02T09:50:17+00:00\",\"breadcrumb\":{\"@id\":\"https:\/\/etanec.fr\/index.php\/produit\/boite-100-gants-vinyle-en455\/#breadcrumb\"},\"inLanguage\":\"fr-FR\",\"potentialAction\":[{\"@type\":\"ReadAction\",\"target\":[\"https:\/\/etanec.fr\/index.php\/produit\/boite-100-gants-vinyle-en455\/\"]}]},{\"@type\":\"ImageObject\",\"inLanguage\":\"fr-FR\",\"@id\":\"https:\/\/etanec.fr\/index.php\/produit\/boite-100-gants-vinyle-en455\/#primaryimage\",\"url\":\"https:\/\/i0.wp.com\/etanec.fr\/wp-content\/uploads\/2022\/12\/r031014_l_610x610.jpg?fit=610%2C610&ssl=1\",\"contentUrl\":\"https:\/\/i0.wp.com\/etanec.fr\/wp-content\/uploads\/2022\/12\/r031014_l_610x610.jpg?fit=610%2C610&ssl=1\",\"width\":610,\"height\":610},{\"@type\":\"BreadcrumbList\",\"@id\":\"https:\/\/etanec.fr\/index.php\/produit\/boite-100-gants-vinyle-en455\/#breadcrumb\",\"itemListElement\":[{\"@type\":\"ListItem\",\"position\":1,\"name\":\"Accueil\",\"item\":\"https:\/\/etanec.fr\/\"},{\"@type\":\"ListItem\",\"position\":2,\"name\":\"Gamme de produits\",\"item\":\"https:\/\/etanec.fr\/index.php\/boutique\/\"},{\"@type\":\"ListItem\",\"position\":3,\"name\":\"Boite 100 gants Vinyle EN455\"}]},{\"@type\":\"WebSite\",\"@id\":\"https:\/\/etanec.fr\/#website\",\"url\":\"https:\/\/etanec.fr\/\",\"name\":\"etanec.fr\",\"description\":\"Votre Solution en Outillage &amp; Fixation Enveloppe du batiment\",\"publisher\":{\"@id\":\"https:\/\/etanec.fr\/#organization\"},\"potentialAction\":[{\"@type\":\"SearchAction\",\"target\":{\"@type\":\"EntryPoint\",\"urlTemplate\":\"https:\/\/etanec.fr\/?s={search_term_string}\"},\"query-input\":{\"@type\":\"PropertyValueSpecification\",\"valueRequired\":true,\"valueName\":\"search_term_string\"}}],\"inLanguage\":\"fr-FR\"},{\"@type\":\"Organization\",\"@id\":\"https:\/\/etanec.fr\/#organization\",\"name\":\"etanec.fr\",\"url\":\"https:\/\/etanec.fr\/\",\"logo\":{\"@type\":\"ImageObject\",\"inLanguage\":\"fr-FR\",\"@id\":\"https:\/\/etanec.fr\/#\/schema\/logo\/image\/\",\"url\":\"https:\/\/i0.wp.com\/etanec.fr\/wp-content\/uploads\/2017\/11\/cropped-cropped-cropped-ETANEC-LOGO-2017-RVBTRANSP-HD-e1509965316759.png?fit=350%2C75&ssl=1\",\"contentUrl\":\"https:\/\/i0.wp.com\/etanec.fr\/wp-content\/uploads\/2017\/11\/cropped-cropped-cropped-ETANEC-LOGO-2017-RVBTRANSP-HD-e1509965316759.png?fit=350%2C75&ssl=1\",\"width\":350,\"height\":75,\"caption\":\"etanec.fr\"},\"image\":{\"@id\":\"https:\/\/etanec.fr\/#\/schema\/logo\/image\/\"},\"sameAs\":[\"https:\/\/www.linkedin.com\/company\/etanecgroup\/?viewAsMember=true\"]}]}<\/script>\n<!-- \/ Yoast SEO plugin. -->","yoast_head_json":{"title":"Boite 100 gants Vinyle EN455 - ETANEC","robots":{"index":"index","follow":"follow","max-snippet":"max-snippet:-1","max-image-preview":"max-image-preview:large","max-video-preview":"max-video-preview:-1"},"canonical":"https:\/\/etanec.fr\/index.php\/produit\/boite-100-gants-vinyle-en455\/","og_locale":"fr_FR","og_type":"article","og_title":"Boite 100 gants Vinyle EN455 - ETANEC","og_description":"Fabriqu\u00e9s en Poly-vinyl chloride de qualit\u00e9, nos gants \u00e0 usage unique sont doux, agr\u00e9ables \u00e0 porter et offrent \u00e0 l'utilisateur une sensibilit\u00e9 optimale  Ils sont sans latex, surface lisse non granit\u00e9e et avec un bord roul\u00e9  Caract\u00e9ristiques techniques :  Taille : L  Sans Phtalate  Fabriqu\u00e9 \u00e0 partir de chlorure de polyvinyle de haute qualit\u00e9  Lisse et non textur\u00e9 avec une manchette perl\u00e9e  Super doux pour un confort d'utilisation sup\u00e9rieur et super extensible pour r\u00e9duire la fatigue de la main 100 gants par bo\u00eete 100% sans latex  Certifi\u00e9 CE Cat1 Normes : EN ISO 21420 Dext\u00e9rit\u00e9 5","og_url":"https:\/\/etanec.fr\/index.php\/produit\/boite-100-gants-vinyle-en455\/","og_site_name":"ETANEC","og_image":[{"width":610,"height":610,"url":"https:\/\/i0.wp.com\/etanec.fr\/wp-content\/uploads\/2022\/12\/r031014_l_610x610.jpg?fit=610%2C610&ssl=1","type":"image\/jpeg"}],"twitter_card":"summary_large_image","twitter_misc":{"Dur\u00e9e de lecture estim\u00e9e":"1 minute"},"schema":{"@context":"https:\/\/schema.org","@graph":[{"@type":"WebPage","@id":"https:\/\/etanec.fr\/index.php\/produit\/boite-100-gants-vinyle-en455\/","url":"https:\/\/etanec.fr\/index.php\/produit\/boite-100-gants-vinyle-en455\/","name":"Boite 100 gants Vinyle EN455 - ETANEC","isPartOf":{"@id":"https:\/\/etanec.fr\/#website"},"primaryImageOfPage":{"@id":"https:\/\/etanec.fr\/index.php\/produit\/boite-100-gants-vinyle-en455\/#primaryimage"},"image":{"@id":"https:\/\/etanec.fr\/index.php\/produit\/boite-100-gants-vinyle-en455\/#primaryimage"},"thumbnailUrl":"https:\/\/i0.wp.com\/etanec.fr\/wp-content\/uploads\/2022\/12\/r031014_l_610x610.jpg?fit=610%2C610&ssl=1","datePublished":"2023-06-02T09:50:17+00:00","breadcrumb":{"@id":"https:\/\/etanec.fr\/index.php\/produit\/boite-100-gants-vinyle-en455\/#breadcrumb"},"inLanguage":"fr-FR","potentialAction":[{"@type":"ReadAction","target":["https:\/\/etanec.fr\/index.php\/produit\/boite-100-gants-vinyle-en455\/"]}]},{"@type":"ImageObject","inLanguage":"fr-FR","@id":"https:\/\/etanec.fr\/index.php\/produit\/boite-100-gants-vinyle-en455\/#primaryimage","url":"https:\/\/i0.wp.com\/etanec.fr\/wp-content\/uploads\/2022\/12\/r031014_l_610x610.jpg?fit=610%2C610&ssl=1","contentUrl":"https:\/\/i0.wp.com\/etanec.fr\/wp-content\/uploads\/2022\/12\/r031014_l_610x610.jpg?fit=610%2C610&ssl=1","width":610,"height":610},{"@type":"BreadcrumbList","@id":"https:\/\/etanec.fr\/index.php\/produit\/boite-100-gants-vinyle-en455\/#breadcrumb","itemListElement":[{"@type":"ListItem","position":1,"name":"Accueil","item":"https:\/\/etanec.fr\/"},{"@type":"ListItem","position":2,"name":"Gamme de produits","item":"https:\/\/etanec.fr\/index.php\/boutique\/"},{"@type":"ListItem","position":3,"name":"Boite 100 gants Vinyle EN455"}]},{"@type":"WebSite","@id":"https:\/\/etanec.fr\/#website","url":"https:\/\/etanec.fr\/","name":"etanec.fr","description":"Votre Solution en Outillage &amp; Fixation Enveloppe du batiment","publisher":{"@id":"https:\/\/etanec.fr\/#organization"},"potentialAction":[{"@type":"SearchAction","target":{"@type":"EntryPoint","urlTemplate":"https:\/\/etanec.fr\/?s={search_term_string}"},"query-input":{"@type":"PropertyValueSpecification","valueRequired":true,"valueName":"search_term_string"}}],"inLanguage":"fr-FR"},{"@type":"Organization","@id":"https:\/\/etanec.fr\/#organization","name":"etanec.fr","url":"https:\/\/etanec.fr\/","logo":{"@type":"ImageObject","inLanguage":"fr-FR","@id":"https:\/\/etanec.fr\/#\/schema\/logo\/image\/","url":"https:\/\/i0.wp.com\/etanec.fr\/wp-content\/uploads\/2017\/11\/cropped-cropped-cropped-ETANEC-LOGO-2017-RVBTRANSP-HD-e1509965316759.png?fit=350%2C75&ssl=1","contentUrl":"https:\/\/i0.wp.com\/etanec.fr\/wp-content\/uploads\/2017\/11\/cropped-cropped-cropped-ETANEC-LOGO-2017-RVBTRANSP-HD-e1509965316759.png?fit=350%2C75&ssl=1","width":350,"height":75,"caption":"etanec.fr"},"image":{"@id":"https:\/\/etanec.fr\/#\/schema\/logo\/image\/"},"sameAs":["https:\/\/www.linkedin.com\/company\/etanecgroup\/?viewAsMember=true"]}]}},"jetpack_publicize_connections":[],"jetpack_sharing_enabled":true,"_links":{"self":[{"href":"https:\/\/etanec.fr\/index.php\/wp-json\/wp\/v2\/product\/3607","targetHints":{"allow":["GET"]}}],"collection":[{"href":"https:\/\/etanec.fr\/index.php\/wp-json\/wp\/v2\/product"}],"about":[{"href":"https:\/\/etanec.fr\/index.php\/wp-json\/wp\/v2\/types\/product"}],"replies":[{"embeddable":true,"href":"https:\/\/etanec.fr\/index.php\/wp-json\/wp\/v2\/comments?post=3607"}],"version-history":[{"count":2,"href":"https:\/\/etanec.fr\/index.php\/wp-json\/wp\/v2\/product\/3607\/revisions"}],"predecessor-version":[{"id":6689,"href":"https:\/\/etanec.fr\/index.php\/wp-json\/wp\/v2\/product\/3607\/revisions\/6689"}],"wp:featuredmedia":[{"embeddable":true,"href":"https:\/\/etanec.fr\/index.php\/wp-json\/wp\/v2\/media\/3608"}],"wp:attachment":[{"href":"https:\/\/etanec.fr\/index.php\/wp-json\/wp\/v2\/media?parent=3607"}],"wp:term":[{"taxonomy":"product_brand","embeddable":true,"href":"https:\/\/etanec.fr\/index.php\/wp-json\/wp\/v2\/product_brand?post=3607"},{"taxonomy":"product_cat","embeddable":true,"href":"https:\/\/etanec.fr\/index.php\/wp-json\/wp\/v2\/product_cat?post=3607"},{"taxonomy":"product_tag","embeddable":true,"href":"https:\/\/etanec.fr\/index.php\/wp-json\/wp\/v2\/product_tag?post=3607"}],"curies":[{"name":"wp","href":"https:\/\/api.w.org\/{rel}","templated":true}]}}