{"id":3610,"date":"2023-06-02T11:59:28","date_gmt":"2023-06-02T09:59:28","guid":{"rendered":"http:\/\/etanec.fr\/?post_type=product&#038;p=3610"},"modified":"2023-06-02T11:59:28","modified_gmt":"2023-06-02T09:59:28","slug":"chaussure-de-securite-basse-s3-bolt","status":"publish","type":"product","link":"https:\/\/etanec.fr\/index.php\/produit\/chaussure-de-securite-basse-s3-bolt\/","title":{"rendered":"Chaussure de s\u00e9curit\u00e9 basse S3 BOLT"},"content":{"rendered":"<section id=\"sectionDescription\" class=\"sectionBlock sectionDescription customCollapse open\">\n<div class=\"customCollapseContent\">\n<div class=\"sectionBlockContent\">\n<div class=\"row\">\n<div class=\"col-lg-6\">\n<div class=\"wrapDescKit\">\n<p>Les chaussures de s\u00e9curit\u00e9 redlion avec embout en aluminium airtoe et semelle anti perforation non m\u00e9tallique sont con\u00e7ues pour un confort durable. Basses, l\u00e9g\u00e8res, avec une tige en cuir nubuck hydrofuge, fermeture par lacets et un soufflet en nylon qui am\u00e9liore le confort. Ces chaussures sont capables de procurer un bien-\u00eatre durable au pied et de garantir confort et l\u00e9g\u00e8ret\u00e9 gr\u00e2ce \u00e0 une semelle en mousse de polyur\u00e9thane souple dot\u00e9e du syst\u00e8me Infinergy\u00ae innovant. La structure de la semelle anti-abrasion, et antistatique en PU souple assure adh\u00e9rence, s\u00e9curit\u00e9 et stabilit\u00e9 de la posture. La doublure Wingtex\u00ae permet l&rsquo;absorption et l\u2019\u00e9vacuation, de l&rsquo;humidit\u00e9 provoqu\u00e9e par la transpiration. Cette chaussure est conforme aux normes de s\u00e9curit\u00e9 EN ISO 20345 S3 SRC et convient aux environnements secs et humides, au transport, \u00e0 la logistique, au secteur tertiaire et des services.<\/p>\n<p>Taille : \u00e0 partir du 38 au 47<\/p>\n<\/div>\n<\/div>\n<\/div>\n<\/div>\n<\/div>\n<\/section>\n","protected":false},"excerpt":{"rendered":"<section id=\"sectionDescription\" class=\"sectionBlock sectionDescription customCollapse open\">\n<div class=\"customCollapseContent\">\n<div class=\"sectionBlockContent\">\n<div class=\"row\">\n<div class=\"col-lg-6\">\n<div class=\"wrapDescKit\">\n<p>Les chaussures de s\u00e9curit\u00e9 redlion avec embout en aluminium airtoe et semelle anti perforation non m\u00e9tallique sont con\u00e7ues pour un confort durable<\/p>\n<p>Basses, l\u00e9g\u00e8res, avec une tige en cuir nubuck hydrofuge, fermeture par lacets et un soufflet en nylon qui am\u00e9liore le confort<\/p>\n<p>Ces chaussures sont capables de procurer un bien-\u00eatre durable au pied et de garantir confort et l\u00e9g\u00e8ret\u00e9 gr\u00e2ce \u00e0 une semelle en mousse de polyur\u00e9thane souple dot\u00e9e du syst\u00e8me Infinergy\u00ae innovant<\/p>\n<p>La structure de la semelle anti-abrasion, et antistatique en PU souple assure adh\u00e9rence, s\u00e9curit\u00e9 et stabilit\u00e9 de la posture<\/p>\n<p>La doublure Wingtex\u00ae permet l&rsquo;absorption et l\u2019\u00e9vacuation, de l&rsquo;humidit\u00e9 provoqu\u00e9e par la transpiration<\/p>\n<p>Cette chaussure est conforme aux normes de s\u00e9curit\u00e9 EN ISO 20345 S3 SRC et convient aux environnements secs et humides, au transport, \u00e0 la logistique, au secteur tertiaire et des services<\/p>\n<p>Taille : \u00e0 partir du 38 au 47<\/p>\n<\/div>\n<\/div>\n<\/div>\n<\/div>\n<\/div>\n<\/section>\n","protected":false},"featured_media":3611,"comment_status":"open","ping_status":"closed","template":"","meta":{"_monsterinsights_skip_tracking":false,"_monsterinsights_sitenote_active":false,"_monsterinsights_sitenote_note":"","_monsterinsights_sitenote_category":0,"jetpack_publicize_message":"","jetpack_publicize_feature_enabled":true,"jetpack_social_post_already_shared":false,"jetpack_social_options":{"image_generator_settings":{"template":"highway","default_image_id":0,"font":"","enabled":false},"version":2}},"product_brand":[],"product_cat":[40],"product_tag":[],"class_list":{"0":"post-3610","1":"product","2":"type-product","3":"status-publish","6":"product_cat-epi","8":"first","9":"instock","10":"taxable","11":"shipping-taxable","12":"product-type-simple"},"yoast_head":"<!-- This site is optimized with the Yoast SEO plugin v26.6 - https:\/\/yoast.com\/wordpress\/plugins\/seo\/ -->\n<title>Chaussure de s\u00e9curit\u00e9 basse S3 BOLT - ETANEC<\/title>\n<meta name=\"robots\" content=\"index, follow, max-snippet:-1, max-image-preview:large, max-video-preview:-1\" \/>\n<link rel=\"canonical\" href=\"https:\/\/etanec.fr\/index.php\/produit\/chaussure-de-securite-basse-s3-bolt\/\" \/>\n<meta property=\"og:locale\" content=\"fr_FR\" \/>\n<meta property=\"og:type\" content=\"article\" \/>\n<meta property=\"og:title\" content=\"Chaussure de s\u00e9curit\u00e9 basse S3 BOLT - ETANEC\" \/>\n<meta property=\"og:description\" content=\"Les chaussures de s\u00e9curit\u00e9 redlion avec embout en aluminium airtoe et semelle anti perforation non m\u00e9tallique sont con\u00e7ues pour un confort durable  Basses, l\u00e9g\u00e8res, avec une tige en cuir nubuck hydrofuge, fermeture par lacets et un soufflet en nylon qui am\u00e9liore le confort  Ces chaussures sont capables de procurer un bien-\u00eatre durable au pied et de garantir confort et l\u00e9g\u00e8ret\u00e9 gr\u00e2ce \u00e0 une semelle en mousse de polyur\u00e9thane souple dot\u00e9e du syst\u00e8me Infinergy\u00ae innovant  La structure de la semelle anti-abrasion, et antistatique en PU souple assure adh\u00e9rence, s\u00e9curit\u00e9 et stabilit\u00e9 de la posture  La doublure Wingtex\u00ae permet l&#039;absorption et l\u2019\u00e9vacuation, de l&#039;humidit\u00e9 provoqu\u00e9e par la transpiration  Cette chaussure est conforme aux normes de s\u00e9curit\u00e9 EN ISO 20345 S3 SRC et convient aux environnements secs et humides, au transport, \u00e0 la logistique, au secteur tertiaire et des services  Taille : \u00e0 partir du 38 au 47\" \/>\n<meta property=\"og:url\" content=\"https:\/\/etanec.fr\/index.php\/produit\/chaussure-de-securite-basse-s3-bolt\/\" \/>\n<meta property=\"og:site_name\" content=\"ETANEC\" \/>\n<meta property=\"og:image\" content=\"https:\/\/i0.wp.com\/etanec.fr\/wp-content\/uploads\/2022\/12\/1204_610x610.jpg?fit=610%2C610&ssl=1\" \/>\n\t<meta property=\"og:image:width\" content=\"610\" \/>\n\t<meta property=\"og:image:height\" content=\"610\" \/>\n\t<meta property=\"og:image:type\" content=\"image\/jpeg\" \/>\n<meta name=\"twitter:card\" content=\"summary_large_image\" \/>\n<meta name=\"twitter:label1\" content=\"Dur\u00e9e de lecture estim\u00e9e\" \/>\n\t<meta name=\"twitter:data1\" content=\"1 minute\" \/>\n<script type=\"application\/ld+json\" class=\"yoast-schema-graph\">{\"@context\":\"https:\/\/schema.org\",\"@graph\":[{\"@type\":\"WebPage\",\"@id\":\"https:\/\/etanec.fr\/index.php\/produit\/chaussure-de-securite-basse-s3-bolt\/\",\"url\":\"https:\/\/etanec.fr\/index.php\/produit\/chaussure-de-securite-basse-s3-bolt\/\",\"name\":\"Chaussure de s\u00e9curit\u00e9 basse S3 BOLT - ETANEC\",\"isPartOf\":{\"@id\":\"https:\/\/etanec.fr\/#website\"},\"primaryImageOfPage\":{\"@id\":\"https:\/\/etanec.fr\/index.php\/produit\/chaussure-de-securite-basse-s3-bolt\/#primaryimage\"},\"image\":{\"@id\":\"https:\/\/etanec.fr\/index.php\/produit\/chaussure-de-securite-basse-s3-bolt\/#primaryimage\"},\"thumbnailUrl\":\"https:\/\/i0.wp.com\/etanec.fr\/wp-content\/uploads\/2022\/12\/1204_610x610.jpg?fit=610%2C610&ssl=1\",\"datePublished\":\"2023-06-02T09:59:28+00:00\",\"breadcrumb\":{\"@id\":\"https:\/\/etanec.fr\/index.php\/produit\/chaussure-de-securite-basse-s3-bolt\/#breadcrumb\"},\"inLanguage\":\"fr-FR\",\"potentialAction\":[{\"@type\":\"ReadAction\",\"target\":[\"https:\/\/etanec.fr\/index.php\/produit\/chaussure-de-securite-basse-s3-bolt\/\"]}]},{\"@type\":\"ImageObject\",\"inLanguage\":\"fr-FR\",\"@id\":\"https:\/\/etanec.fr\/index.php\/produit\/chaussure-de-securite-basse-s3-bolt\/#primaryimage\",\"url\":\"https:\/\/i0.wp.com\/etanec.fr\/wp-content\/uploads\/2022\/12\/1204_610x610.jpg?fit=610%2C610&ssl=1\",\"contentUrl\":\"https:\/\/i0.wp.com\/etanec.fr\/wp-content\/uploads\/2022\/12\/1204_610x610.jpg?fit=610%2C610&ssl=1\",\"width\":610,\"height\":610},{\"@type\":\"BreadcrumbList\",\"@id\":\"https:\/\/etanec.fr\/index.php\/produit\/chaussure-de-securite-basse-s3-bolt\/#breadcrumb\",\"itemListElement\":[{\"@type\":\"ListItem\",\"position\":1,\"name\":\"Accueil\",\"item\":\"https:\/\/etanec.fr\/\"},{\"@type\":\"ListItem\",\"position\":2,\"name\":\"Gamme de produits\",\"item\":\"https:\/\/etanec.fr\/index.php\/boutique\/\"},{\"@type\":\"ListItem\",\"position\":3,\"name\":\"Chaussure de s\u00e9curit\u00e9 basse S3 BOLT\"}]},{\"@type\":\"WebSite\",\"@id\":\"https:\/\/etanec.fr\/#website\",\"url\":\"https:\/\/etanec.fr\/\",\"name\":\"etanec.fr\",\"description\":\"Votre Solution en Outillage &amp; Fixation Enveloppe du batiment\",\"publisher\":{\"@id\":\"https:\/\/etanec.fr\/#organization\"},\"potentialAction\":[{\"@type\":\"SearchAction\",\"target\":{\"@type\":\"EntryPoint\",\"urlTemplate\":\"https:\/\/etanec.fr\/?s={search_term_string}\"},\"query-input\":{\"@type\":\"PropertyValueSpecification\",\"valueRequired\":true,\"valueName\":\"search_term_string\"}}],\"inLanguage\":\"fr-FR\"},{\"@type\":\"Organization\",\"@id\":\"https:\/\/etanec.fr\/#organization\",\"name\":\"etanec.fr\",\"url\":\"https:\/\/etanec.fr\/\",\"logo\":{\"@type\":\"ImageObject\",\"inLanguage\":\"fr-FR\",\"@id\":\"https:\/\/etanec.fr\/#\/schema\/logo\/image\/\",\"url\":\"https:\/\/i0.wp.com\/etanec.fr\/wp-content\/uploads\/2017\/11\/cropped-cropped-cropped-ETANEC-LOGO-2017-RVBTRANSP-HD-e1509965316759.png?fit=350%2C75&ssl=1\",\"contentUrl\":\"https:\/\/i0.wp.com\/etanec.fr\/wp-content\/uploads\/2017\/11\/cropped-cropped-cropped-ETANEC-LOGO-2017-RVBTRANSP-HD-e1509965316759.png?fit=350%2C75&ssl=1\",\"width\":350,\"height\":75,\"caption\":\"etanec.fr\"},\"image\":{\"@id\":\"https:\/\/etanec.fr\/#\/schema\/logo\/image\/\"},\"sameAs\":[\"https:\/\/www.linkedin.com\/company\/etanecgroup\/?viewAsMember=true\"]}]}<\/script>\n<!-- \/ Yoast SEO plugin. -->","yoast_head_json":{"title":"Chaussure de s\u00e9curit\u00e9 basse S3 BOLT - ETANEC","robots":{"index":"index","follow":"follow","max-snippet":"max-snippet:-1","max-image-preview":"max-image-preview:large","max-video-preview":"max-video-preview:-1"},"canonical":"https:\/\/etanec.fr\/index.php\/produit\/chaussure-de-securite-basse-s3-bolt\/","og_locale":"fr_FR","og_type":"article","og_title":"Chaussure de s\u00e9curit\u00e9 basse S3 BOLT - ETANEC","og_description":"Les chaussures de s\u00e9curit\u00e9 redlion avec embout en aluminium airtoe et semelle anti perforation non m\u00e9tallique sont con\u00e7ues pour un confort durable  Basses, l\u00e9g\u00e8res, avec une tige en cuir nubuck hydrofuge, fermeture par lacets et un soufflet en nylon qui am\u00e9liore le confort  Ces chaussures sont capables de procurer un bien-\u00eatre durable au pied et de garantir confort et l\u00e9g\u00e8ret\u00e9 gr\u00e2ce \u00e0 une semelle en mousse de polyur\u00e9thane souple dot\u00e9e du syst\u00e8me Infinergy\u00ae innovant  La structure de la semelle anti-abrasion, et antistatique en PU souple assure adh\u00e9rence, s\u00e9curit\u00e9 et stabilit\u00e9 de la posture  La doublure Wingtex\u00ae permet l'absorption et l\u2019\u00e9vacuation, de l'humidit\u00e9 provoqu\u00e9e par la transpiration  Cette chaussure est conforme aux normes de s\u00e9curit\u00e9 EN ISO 20345 S3 SRC et convient aux environnements secs et humides, au transport, \u00e0 la logistique, au secteur tertiaire et des services  Taille : \u00e0 partir du 38 au 47","og_url":"https:\/\/etanec.fr\/index.php\/produit\/chaussure-de-securite-basse-s3-bolt\/","og_site_name":"ETANEC","og_image":[{"width":610,"height":610,"url":"https:\/\/i0.wp.com\/etanec.fr\/wp-content\/uploads\/2022\/12\/1204_610x610.jpg?fit=610%2C610&ssl=1","type":"image\/jpeg"}],"twitter_card":"summary_large_image","twitter_misc":{"Dur\u00e9e de lecture estim\u00e9e":"1 minute"},"schema":{"@context":"https:\/\/schema.org","@graph":[{"@type":"WebPage","@id":"https:\/\/etanec.fr\/index.php\/produit\/chaussure-de-securite-basse-s3-bolt\/","url":"https:\/\/etanec.fr\/index.php\/produit\/chaussure-de-securite-basse-s3-bolt\/","name":"Chaussure de s\u00e9curit\u00e9 basse S3 BOLT - ETANEC","isPartOf":{"@id":"https:\/\/etanec.fr\/#website"},"primaryImageOfPage":{"@id":"https:\/\/etanec.fr\/index.php\/produit\/chaussure-de-securite-basse-s3-bolt\/#primaryimage"},"image":{"@id":"https:\/\/etanec.fr\/index.php\/produit\/chaussure-de-securite-basse-s3-bolt\/#primaryimage"},"thumbnailUrl":"https:\/\/i0.wp.com\/etanec.fr\/wp-content\/uploads\/2022\/12\/1204_610x610.jpg?fit=610%2C610&ssl=1","datePublished":"2023-06-02T09:59:28+00:00","breadcrumb":{"@id":"https:\/\/etanec.fr\/index.php\/produit\/chaussure-de-securite-basse-s3-bolt\/#breadcrumb"},"inLanguage":"fr-FR","potentialAction":[{"@type":"ReadAction","target":["https:\/\/etanec.fr\/index.php\/produit\/chaussure-de-securite-basse-s3-bolt\/"]}]},{"@type":"ImageObject","inLanguage":"fr-FR","@id":"https:\/\/etanec.fr\/index.php\/produit\/chaussure-de-securite-basse-s3-bolt\/#primaryimage","url":"https:\/\/i0.wp.com\/etanec.fr\/wp-content\/uploads\/2022\/12\/1204_610x610.jpg?fit=610%2C610&ssl=1","contentUrl":"https:\/\/i0.wp.com\/etanec.fr\/wp-content\/uploads\/2022\/12\/1204_610x610.jpg?fit=610%2C610&ssl=1","width":610,"height":610},{"@type":"BreadcrumbList","@id":"https:\/\/etanec.fr\/index.php\/produit\/chaussure-de-securite-basse-s3-bolt\/#breadcrumb","itemListElement":[{"@type":"ListItem","position":1,"name":"Accueil","item":"https:\/\/etanec.fr\/"},{"@type":"ListItem","position":2,"name":"Gamme de produits","item":"https:\/\/etanec.fr\/index.php\/boutique\/"},{"@type":"ListItem","position":3,"name":"Chaussure de s\u00e9curit\u00e9 basse S3 BOLT"}]},{"@type":"WebSite","@id":"https:\/\/etanec.fr\/#website","url":"https:\/\/etanec.fr\/","name":"etanec.fr","description":"Votre Solution en Outillage &amp; Fixation Enveloppe du batiment","publisher":{"@id":"https:\/\/etanec.fr\/#organization"},"potentialAction":[{"@type":"SearchAction","target":{"@type":"EntryPoint","urlTemplate":"https:\/\/etanec.fr\/?s={search_term_string}"},"query-input":{"@type":"PropertyValueSpecification","valueRequired":true,"valueName":"search_term_string"}}],"inLanguage":"fr-FR"},{"@type":"Organization","@id":"https:\/\/etanec.fr\/#organization","name":"etanec.fr","url":"https:\/\/etanec.fr\/","logo":{"@type":"ImageObject","inLanguage":"fr-FR","@id":"https:\/\/etanec.fr\/#\/schema\/logo\/image\/","url":"https:\/\/i0.wp.com\/etanec.fr\/wp-content\/uploads\/2017\/11\/cropped-cropped-cropped-ETANEC-LOGO-2017-RVBTRANSP-HD-e1509965316759.png?fit=350%2C75&ssl=1","contentUrl":"https:\/\/i0.wp.com\/etanec.fr\/wp-content\/uploads\/2017\/11\/cropped-cropped-cropped-ETANEC-LOGO-2017-RVBTRANSP-HD-e1509965316759.png?fit=350%2C75&ssl=1","width":350,"height":75,"caption":"etanec.fr"},"image":{"@id":"https:\/\/etanec.fr\/#\/schema\/logo\/image\/"},"sameAs":["https:\/\/www.linkedin.com\/company\/etanecgroup\/?viewAsMember=true"]}]}},"jetpack_publicize_connections":[],"jetpack_sharing_enabled":true,"_links":{"self":[{"href":"https:\/\/etanec.fr\/index.php\/wp-json\/wp\/v2\/product\/3610","targetHints":{"allow":["GET"]}}],"collection":[{"href":"https:\/\/etanec.fr\/index.php\/wp-json\/wp\/v2\/product"}],"about":[{"href":"https:\/\/etanec.fr\/index.php\/wp-json\/wp\/v2\/types\/product"}],"replies":[{"embeddable":true,"href":"https:\/\/etanec.fr\/index.php\/wp-json\/wp\/v2\/comments?post=3610"}],"version-history":[{"count":2,"href":"https:\/\/etanec.fr\/index.php\/wp-json\/wp\/v2\/product\/3610\/revisions"}],"predecessor-version":[{"id":6690,"href":"https:\/\/etanec.fr\/index.php\/wp-json\/wp\/v2\/product\/3610\/revisions\/6690"}],"wp:featuredmedia":[{"embeddable":true,"href":"https:\/\/etanec.fr\/index.php\/wp-json\/wp\/v2\/media\/3611"}],"wp:attachment":[{"href":"https:\/\/etanec.fr\/index.php\/wp-json\/wp\/v2\/media?parent=3610"}],"wp:term":[{"taxonomy":"product_brand","embeddable":true,"href":"https:\/\/etanec.fr\/index.php\/wp-json\/wp\/v2\/product_brand?post=3610"},{"taxonomy":"product_cat","embeddable":true,"href":"https:\/\/etanec.fr\/index.php\/wp-json\/wp\/v2\/product_cat?post=3610"},{"taxonomy":"product_tag","embeddable":true,"href":"https:\/\/etanec.fr\/index.php\/wp-json\/wp\/v2\/product_tag?post=3610"}],"curies":[{"name":"wp","href":"https:\/\/api.w.org\/{rel}","templated":true}]}}