{"id":3616,"date":"2023-06-02T13:53:09","date_gmt":"2023-06-02T11:53:09","guid":{"rendered":"http:\/\/etanec.fr\/?post_type=product&#038;p=3616"},"modified":"2023-06-02T13:53:10","modified_gmt":"2023-06-02T11:53:10","slug":"chaussure-de-securite-basse-s3-cisrc","status":"publish","type":"product","link":"https:\/\/etanec.fr\/index.php\/produit\/chaussure-de-securite-basse-s3-cisrc\/","title":{"rendered":"Chaussure de s\u00e9curit\u00e9 basse S3 CISRC"},"content":{"rendered":"<p>Chaussure de s\u00e9curit\u00e9 RedLion\u00ae, avec embout en aluminium AirToe\u00ae et syst\u00e8me anti perforation Save &amp; Flex Plus, con\u00e7u pour garantir le confort prolong\u00e9 du pied. L\u00e9g\u00e8res, confortables, avec tige en Putek haute r\u00e9sistance \u00e0 l&rsquo;abrasion, haute respirabilit\u00e9 et fermeture avec lacets et soufflet en nylon matelass\u00e9 pour un confort optimal. Ces chaussures de travail sont capables de garantir confort et l\u00e9g\u00e8ret\u00e9 gr\u00e2ce \u00e0 la semelle dot\u00e9e de syst\u00e8me Infinergy\u00ae innovant et \u00e0 la semelle interm\u00e9diaire en polyur\u00e9thane expans\u00e9. Le talon multifonctionnel et la bande de roulement compacte en PU garantissent adh\u00e9rence, s\u00e9curit\u00e9 et stabilit\u00e9 de la posture. Cette chaussure est conforme aux normes de s\u00e9curit\u00e9 S3 SRC et convient \u00e0 une utilisation dans les environnements humides, le transport et la logistique, le secteur tertiaire et des services.<\/p>\n<p>&nbsp;<\/p>\n<p>Classe de protection: S3 SRC<\/p>\n<p>Tailles \u00e0 pr\u00e9ciser lors de la commande: 39 au 47<\/p>\n","protected":false},"excerpt":{"rendered":"<p>Chaussure de s\u00e9curit\u00e9 RedLion\u00ae, avec embout en aluminium AirToe\u00ae et syst\u00e8me anti perforation Save &amp; Flex Plus, con\u00e7u pour garantir le confort prolong\u00e9 du pied<\/p>\n<p>L\u00e9g\u00e8res, confortables, avec tige en Putek haute r\u00e9sistance \u00e0 l&rsquo;abrasion, haute respirabilit\u00e9 et fermeture avec lacets et soufflet en nylon matelass\u00e9 pour un confort optimal<\/p>\n<p>Ces chaussures de travail sont capables de garantir confort et l\u00e9g\u00e8ret\u00e9 gr\u00e2ce \u00e0 la semelle dot\u00e9e de syst\u00e8me Infinergy\u00ae innovant et \u00e0 la semelle interm\u00e9diaire en polyur\u00e9thane expans\u00e9<\/p>\n<p>Le talon multifonctionnel et la bande de roulement compacte en PU garantissent adh\u00e9rence, s\u00e9curit\u00e9 et stabilit\u00e9 de la posture<\/p>\n<p>Cette chaussure est conforme aux normes de s\u00e9curit\u00e9 S3 SRC et convient \u00e0 une utilisation dans les environnements humides, le transport et la logistique, le secteur tertiaire et des services<\/p>\n<p>Classe de protection: S3 SRC<\/p>\n<p>Tailles \u00e0 pr\u00e9ciser lors de la commande: 39 au 47<\/p>\n","protected":false},"featured_media":3617,"comment_status":"open","ping_status":"closed","template":"","meta":{"_monsterinsights_skip_tracking":false,"_monsterinsights_sitenote_active":false,"_monsterinsights_sitenote_note":"","_monsterinsights_sitenote_category":0,"jetpack_publicize_message":"","jetpack_publicize_feature_enabled":true,"jetpack_social_post_already_shared":false,"jetpack_social_options":{"image_generator_settings":{"template":"highway","default_image_id":0,"font":"","enabled":false},"version":2}},"product_brand":[],"product_cat":[40],"product_tag":[],"class_list":{"0":"post-3616","1":"product","2":"type-product","3":"status-publish","6":"product_cat-epi","8":"first","9":"instock","10":"taxable","11":"shipping-taxable","12":"product-type-simple"},"yoast_head":"<!-- This site is optimized with the Yoast SEO plugin v26.6 - https:\/\/yoast.com\/wordpress\/plugins\/seo\/ -->\n<title>Chaussure de s\u00e9curit\u00e9 basse S3 CISRC - ETANEC<\/title>\n<meta name=\"robots\" content=\"index, follow, max-snippet:-1, max-image-preview:large, max-video-preview:-1\" \/>\n<link rel=\"canonical\" href=\"http:\/\/etanec.fr\/index.php\/produit\/chaussure-de-securite-basse-s3-cisrc\/\" \/>\n<meta property=\"og:locale\" content=\"fr_FR\" \/>\n<meta property=\"og:type\" content=\"article\" \/>\n<meta property=\"og:title\" content=\"Chaussure de s\u00e9curit\u00e9 basse S3 CISRC - ETANEC\" \/>\n<meta property=\"og:description\" content=\"Chaussure de s\u00e9curit\u00e9 RedLion\u00ae, avec embout en aluminium AirToe\u00ae et syst\u00e8me anti perforation Save &amp; Flex Plus, con\u00e7u pour garantir le confort prolong\u00e9 du pied  L\u00e9g\u00e8res, confortables, avec tige en Putek haute r\u00e9sistance \u00e0 l&#039;abrasion, haute respirabilit\u00e9 et fermeture avec lacets et soufflet en nylon matelass\u00e9 pour un confort optimal  Ces chaussures de travail sont capables de garantir confort et l\u00e9g\u00e8ret\u00e9 gr\u00e2ce \u00e0 la semelle dot\u00e9e de syst\u00e8me Infinergy\u00ae innovant et \u00e0 la semelle interm\u00e9diaire en polyur\u00e9thane expans\u00e9  Le talon multifonctionnel et la bande de roulement compacte en PU garantissent adh\u00e9rence, s\u00e9curit\u00e9 et stabilit\u00e9 de la posture  Cette chaussure est conforme aux normes de s\u00e9curit\u00e9 S3 SRC et convient \u00e0 une utilisation dans les environnements humides, le transport et la logistique, le secteur tertiaire et des services  Classe de protection: S3 SRC  Tailles \u00e0 pr\u00e9ciser lors de la commande: 39 au 47\" \/>\n<meta property=\"og:url\" content=\"http:\/\/etanec.fr\/index.php\/produit\/chaussure-de-securite-basse-s3-cisrc\/\" \/>\n<meta property=\"og:site_name\" content=\"ETANEC\" \/>\n<meta property=\"article:modified_time\" content=\"2023-06-02T11:53:10+00:00\" \/>\n<meta property=\"og:image\" content=\"https:\/\/i0.wp.com\/etanec.fr\/wp-content\/uploads\/2022\/12\/1240_610x610.jpeg?fit=610%2C610\" \/>\n\t<meta property=\"og:image:width\" content=\"610\" \/>\n\t<meta property=\"og:image:height\" content=\"610\" \/>\n\t<meta property=\"og:image:type\" content=\"image\/jpeg\" \/>\n<meta name=\"twitter:card\" content=\"summary_large_image\" \/>\n<meta name=\"twitter:label1\" content=\"Dur\u00e9e de lecture estim\u00e9e\" \/>\n\t<meta name=\"twitter:data1\" content=\"1 minute\" \/>\n<script type=\"application\/ld+json\" class=\"yoast-schema-graph\">{\"@context\":\"https:\/\/schema.org\",\"@graph\":[{\"@type\":\"WebPage\",\"@id\":\"http:\/\/etanec.fr\/index.php\/produit\/chaussure-de-securite-basse-s3-cisrc\/\",\"url\":\"http:\/\/etanec.fr\/index.php\/produit\/chaussure-de-securite-basse-s3-cisrc\/\",\"name\":\"Chaussure de s\u00e9curit\u00e9 basse S3 CISRC - ETANEC\",\"isPartOf\":{\"@id\":\"https:\/\/etanec.fr\/#website\"},\"primaryImageOfPage\":{\"@id\":\"http:\/\/etanec.fr\/index.php\/produit\/chaussure-de-securite-basse-s3-cisrc\/#primaryimage\"},\"image\":{\"@id\":\"http:\/\/etanec.fr\/index.php\/produit\/chaussure-de-securite-basse-s3-cisrc\/#primaryimage\"},\"thumbnailUrl\":\"https:\/\/i0.wp.com\/etanec.fr\/wp-content\/uploads\/2022\/12\/1240_610x610.jpeg?fit=610%2C610&ssl=1\",\"datePublished\":\"2023-06-02T11:53:09+00:00\",\"dateModified\":\"2023-06-02T11:53:10+00:00\",\"breadcrumb\":{\"@id\":\"http:\/\/etanec.fr\/index.php\/produit\/chaussure-de-securite-basse-s3-cisrc\/#breadcrumb\"},\"inLanguage\":\"fr-FR\",\"potentialAction\":[{\"@type\":\"ReadAction\",\"target\":[\"http:\/\/etanec.fr\/index.php\/produit\/chaussure-de-securite-basse-s3-cisrc\/\"]}]},{\"@type\":\"ImageObject\",\"inLanguage\":\"fr-FR\",\"@id\":\"http:\/\/etanec.fr\/index.php\/produit\/chaussure-de-securite-basse-s3-cisrc\/#primaryimage\",\"url\":\"https:\/\/i0.wp.com\/etanec.fr\/wp-content\/uploads\/2022\/12\/1240_610x610.jpeg?fit=610%2C610&ssl=1\",\"contentUrl\":\"https:\/\/i0.wp.com\/etanec.fr\/wp-content\/uploads\/2022\/12\/1240_610x610.jpeg?fit=610%2C610&ssl=1\",\"width\":610,\"height\":610},{\"@type\":\"BreadcrumbList\",\"@id\":\"http:\/\/etanec.fr\/index.php\/produit\/chaussure-de-securite-basse-s3-cisrc\/#breadcrumb\",\"itemListElement\":[{\"@type\":\"ListItem\",\"position\":1,\"name\":\"Accueil\",\"item\":\"https:\/\/etanec.fr\/\"},{\"@type\":\"ListItem\",\"position\":2,\"name\":\"Gamme de produits\",\"item\":\"https:\/\/etanec.fr\/index.php\/boutique\/\"},{\"@type\":\"ListItem\",\"position\":3,\"name\":\"Chaussure de s\u00e9curit\u00e9 basse S3 CISRC\"}]},{\"@type\":\"WebSite\",\"@id\":\"https:\/\/etanec.fr\/#website\",\"url\":\"https:\/\/etanec.fr\/\",\"name\":\"etanec.fr\",\"description\":\"Votre Solution en Outillage &amp; Fixation Enveloppe du batiment\",\"publisher\":{\"@id\":\"https:\/\/etanec.fr\/#organization\"},\"potentialAction\":[{\"@type\":\"SearchAction\",\"target\":{\"@type\":\"EntryPoint\",\"urlTemplate\":\"https:\/\/etanec.fr\/?s={search_term_string}\"},\"query-input\":{\"@type\":\"PropertyValueSpecification\",\"valueRequired\":true,\"valueName\":\"search_term_string\"}}],\"inLanguage\":\"fr-FR\"},{\"@type\":\"Organization\",\"@id\":\"https:\/\/etanec.fr\/#organization\",\"name\":\"etanec.fr\",\"url\":\"https:\/\/etanec.fr\/\",\"logo\":{\"@type\":\"ImageObject\",\"inLanguage\":\"fr-FR\",\"@id\":\"https:\/\/etanec.fr\/#\/schema\/logo\/image\/\",\"url\":\"https:\/\/i0.wp.com\/etanec.fr\/wp-content\/uploads\/2017\/11\/cropped-cropped-cropped-ETANEC-LOGO-2017-RVBTRANSP-HD-e1509965316759.png?fit=350%2C75&ssl=1\",\"contentUrl\":\"https:\/\/i0.wp.com\/etanec.fr\/wp-content\/uploads\/2017\/11\/cropped-cropped-cropped-ETANEC-LOGO-2017-RVBTRANSP-HD-e1509965316759.png?fit=350%2C75&ssl=1\",\"width\":350,\"height\":75,\"caption\":\"etanec.fr\"},\"image\":{\"@id\":\"https:\/\/etanec.fr\/#\/schema\/logo\/image\/\"},\"sameAs\":[\"https:\/\/www.linkedin.com\/company\/etanecgroup\/?viewAsMember=true\"]}]}<\/script>\n<!-- \/ Yoast SEO plugin. -->","yoast_head_json":{"title":"Chaussure de s\u00e9curit\u00e9 basse S3 CISRC - ETANEC","robots":{"index":"index","follow":"follow","max-snippet":"max-snippet:-1","max-image-preview":"max-image-preview:large","max-video-preview":"max-video-preview:-1"},"canonical":"http:\/\/etanec.fr\/index.php\/produit\/chaussure-de-securite-basse-s3-cisrc\/","og_locale":"fr_FR","og_type":"article","og_title":"Chaussure de s\u00e9curit\u00e9 basse S3 CISRC - ETANEC","og_description":"Chaussure de s\u00e9curit\u00e9 RedLion\u00ae, avec embout en aluminium AirToe\u00ae et syst\u00e8me anti perforation Save &amp; Flex Plus, con\u00e7u pour garantir le confort prolong\u00e9 du pied  L\u00e9g\u00e8res, confortables, avec tige en Putek haute r\u00e9sistance \u00e0 l'abrasion, haute respirabilit\u00e9 et fermeture avec lacets et soufflet en nylon matelass\u00e9 pour un confort optimal  Ces chaussures de travail sont capables de garantir confort et l\u00e9g\u00e8ret\u00e9 gr\u00e2ce \u00e0 la semelle dot\u00e9e de syst\u00e8me Infinergy\u00ae innovant et \u00e0 la semelle interm\u00e9diaire en polyur\u00e9thane expans\u00e9  Le talon multifonctionnel et la bande de roulement compacte en PU garantissent adh\u00e9rence, s\u00e9curit\u00e9 et stabilit\u00e9 de la posture  Cette chaussure est conforme aux normes de s\u00e9curit\u00e9 S3 SRC et convient \u00e0 une utilisation dans les environnements humides, le transport et la logistique, le secteur tertiaire et des services  Classe de protection: S3 SRC  Tailles \u00e0 pr\u00e9ciser lors de la commande: 39 au 47","og_url":"http:\/\/etanec.fr\/index.php\/produit\/chaussure-de-securite-basse-s3-cisrc\/","og_site_name":"ETANEC","article_modified_time":"2023-06-02T11:53:10+00:00","og_image":[{"width":610,"height":610,"url":"https:\/\/i0.wp.com\/etanec.fr\/wp-content\/uploads\/2022\/12\/1240_610x610.jpeg?fit=610%2C610","type":"image\/jpeg"}],"twitter_card":"summary_large_image","twitter_misc":{"Dur\u00e9e de lecture estim\u00e9e":"1 minute"},"schema":{"@context":"https:\/\/schema.org","@graph":[{"@type":"WebPage","@id":"http:\/\/etanec.fr\/index.php\/produit\/chaussure-de-securite-basse-s3-cisrc\/","url":"http:\/\/etanec.fr\/index.php\/produit\/chaussure-de-securite-basse-s3-cisrc\/","name":"Chaussure de s\u00e9curit\u00e9 basse S3 CISRC - ETANEC","isPartOf":{"@id":"https:\/\/etanec.fr\/#website"},"primaryImageOfPage":{"@id":"http:\/\/etanec.fr\/index.php\/produit\/chaussure-de-securite-basse-s3-cisrc\/#primaryimage"},"image":{"@id":"http:\/\/etanec.fr\/index.php\/produit\/chaussure-de-securite-basse-s3-cisrc\/#primaryimage"},"thumbnailUrl":"https:\/\/i0.wp.com\/etanec.fr\/wp-content\/uploads\/2022\/12\/1240_610x610.jpeg?fit=610%2C610&ssl=1","datePublished":"2023-06-02T11:53:09+00:00","dateModified":"2023-06-02T11:53:10+00:00","breadcrumb":{"@id":"http:\/\/etanec.fr\/index.php\/produit\/chaussure-de-securite-basse-s3-cisrc\/#breadcrumb"},"inLanguage":"fr-FR","potentialAction":[{"@type":"ReadAction","target":["http:\/\/etanec.fr\/index.php\/produit\/chaussure-de-securite-basse-s3-cisrc\/"]}]},{"@type":"ImageObject","inLanguage":"fr-FR","@id":"http:\/\/etanec.fr\/index.php\/produit\/chaussure-de-securite-basse-s3-cisrc\/#primaryimage","url":"https:\/\/i0.wp.com\/etanec.fr\/wp-content\/uploads\/2022\/12\/1240_610x610.jpeg?fit=610%2C610&ssl=1","contentUrl":"https:\/\/i0.wp.com\/etanec.fr\/wp-content\/uploads\/2022\/12\/1240_610x610.jpeg?fit=610%2C610&ssl=1","width":610,"height":610},{"@type":"BreadcrumbList","@id":"http:\/\/etanec.fr\/index.php\/produit\/chaussure-de-securite-basse-s3-cisrc\/#breadcrumb","itemListElement":[{"@type":"ListItem","position":1,"name":"Accueil","item":"https:\/\/etanec.fr\/"},{"@type":"ListItem","position":2,"name":"Gamme de produits","item":"https:\/\/etanec.fr\/index.php\/boutique\/"},{"@type":"ListItem","position":3,"name":"Chaussure de s\u00e9curit\u00e9 basse S3 CISRC"}]},{"@type":"WebSite","@id":"https:\/\/etanec.fr\/#website","url":"https:\/\/etanec.fr\/","name":"etanec.fr","description":"Votre Solution en Outillage &amp; Fixation Enveloppe du batiment","publisher":{"@id":"https:\/\/etanec.fr\/#organization"},"potentialAction":[{"@type":"SearchAction","target":{"@type":"EntryPoint","urlTemplate":"https:\/\/etanec.fr\/?s={search_term_string}"},"query-input":{"@type":"PropertyValueSpecification","valueRequired":true,"valueName":"search_term_string"}}],"inLanguage":"fr-FR"},{"@type":"Organization","@id":"https:\/\/etanec.fr\/#organization","name":"etanec.fr","url":"https:\/\/etanec.fr\/","logo":{"@type":"ImageObject","inLanguage":"fr-FR","@id":"https:\/\/etanec.fr\/#\/schema\/logo\/image\/","url":"https:\/\/i0.wp.com\/etanec.fr\/wp-content\/uploads\/2017\/11\/cropped-cropped-cropped-ETANEC-LOGO-2017-RVBTRANSP-HD-e1509965316759.png?fit=350%2C75&ssl=1","contentUrl":"https:\/\/i0.wp.com\/etanec.fr\/wp-content\/uploads\/2017\/11\/cropped-cropped-cropped-ETANEC-LOGO-2017-RVBTRANSP-HD-e1509965316759.png?fit=350%2C75&ssl=1","width":350,"height":75,"caption":"etanec.fr"},"image":{"@id":"https:\/\/etanec.fr\/#\/schema\/logo\/image\/"},"sameAs":["https:\/\/www.linkedin.com\/company\/etanecgroup\/?viewAsMember=true"]}]}},"jetpack_publicize_connections":[],"jetpack_sharing_enabled":true,"_links":{"self":[{"href":"https:\/\/etanec.fr\/index.php\/wp-json\/wp\/v2\/product\/3616","targetHints":{"allow":["GET"]}}],"collection":[{"href":"https:\/\/etanec.fr\/index.php\/wp-json\/wp\/v2\/product"}],"about":[{"href":"https:\/\/etanec.fr\/index.php\/wp-json\/wp\/v2\/types\/product"}],"replies":[{"embeddable":true,"href":"https:\/\/etanec.fr\/index.php\/wp-json\/wp\/v2\/comments?post=3616"}],"version-history":[{"count":2,"href":"https:\/\/etanec.fr\/index.php\/wp-json\/wp\/v2\/product\/3616\/revisions"}],"predecessor-version":[{"id":6692,"href":"https:\/\/etanec.fr\/index.php\/wp-json\/wp\/v2\/product\/3616\/revisions\/6692"}],"wp:featuredmedia":[{"embeddable":true,"href":"https:\/\/etanec.fr\/index.php\/wp-json\/wp\/v2\/media\/3617"}],"wp:attachment":[{"href":"https:\/\/etanec.fr\/index.php\/wp-json\/wp\/v2\/media?parent=3616"}],"wp:term":[{"taxonomy":"product_brand","embeddable":true,"href":"https:\/\/etanec.fr\/index.php\/wp-json\/wp\/v2\/product_brand?post=3616"},{"taxonomy":"product_cat","embeddable":true,"href":"https:\/\/etanec.fr\/index.php\/wp-json\/wp\/v2\/product_cat?post=3616"},{"taxonomy":"product_tag","embeddable":true,"href":"https:\/\/etanec.fr\/index.php\/wp-json\/wp\/v2\/product_tag?post=3616"}],"curies":[{"name":"wp","href":"https:\/\/api.w.org\/{rel}","templated":true}]}}