{"id":3632,"date":"2023-06-13T11:40:33","date_gmt":"2023-06-13T09:40:33","guid":{"rendered":"http:\/\/etanec.fr\/?post_type=product&#038;p=3632"},"modified":"2023-06-13T11:40:34","modified_gmt":"2023-06-13T09:40:34","slug":"chaussure-de-securite-basse-conforto-s3","status":"publish","type":"product","link":"https:\/\/etanec.fr\/index.php\/produit\/chaussure-de-securite-basse-conforto-s3\/","title":{"rendered":"Chaussure de s\u00e9curit\u00e9 basse CONFORTO S3"},"content":{"rendered":"<p>Respirante: Cuir respirant avec 4 mg\/cm\u00b2 de perm\u00e9abilit\u00e9 \u00e0 la vapeur, doublure int\u00e9rieure bact\u00e9riostatique effet velours, r\u00e9duction de la transpiration, dessus cuir premium 100% vachette trait\u00e9 nubuck, semelle int\u00e9rieure tapiss\u00e9e de cuir pleine fleur. L\u00e9g\u00e8re: Embout aluminium rev\u00eatu de TPU, semelle anti-perforation non m\u00e9tallique, poids\/u 765 gr en T43. Ultra-confortable: Semelle bi-mati\u00e8re TPU \/ PU \u00e0 absorption de chocs, semelle ext\u00e9rieure ultra souple, semelle int\u00e9rieure anatomique cuir pleine fleur, respect de la sant\u00e9 et r\u00e9duction des TMS, pr\u00e9vention du mal de dos.<br \/>\nDur\u00e9e de vie exceptionnelle: Composants parmi les plus nobles, exclusivement d&rsquo;origine europ\u00e9enne, cuirs employ\u00e9s de tout premier choix dont cuir marron imperm\u00e9able, semelle d&rsquo;usure TPU ultra-flexible r\u00e9sistante \u00e0 l&rsquo;huile et aux hydrocarbures, grande r\u00e9sistance \u00e0 l&rsquo;abrasion et \u00e0 la perforation, imperm\u00e9abilit\u00e9 exceptionnelle. Ultra-pratique: Largement inspir\u00e9e du sport, soufflets surdimensionn\u00e9s \u00e0 l&rsquo;avant, poign\u00e9e d&rsquo;enfilage anatomique exclusive, bloqueurs de lacets de type trekking.\u00a0 Tailles disponibles: 39\/40\/41\/42\/43\/44\/45\/46\/47. Normes: S3. Livr\u00e9e en boite carton.<\/p>\n","protected":false},"excerpt":{"rendered":"<p>Respirante: Cuir respirant avec 4 mg\/cm\u00b2 de perm\u00e9abilit\u00e9 \u00e0 la vapeur, doublure int\u00e9rieure bact\u00e9riostatique effet velours, r\u00e9duction de la transpiration, dessus cuir premium 100% vachette trait\u00e9 nubuck, semelle int\u00e9rieure tapiss\u00e9e de cuir pleine fleur.<br \/>\nL\u00e9g\u00e8re: Embout aluminium rev\u00eatu de TPU, semelle anti-perforation non m\u00e9tallique, poids\/u 765 gr en T43.<br \/>\nUltra-confortable: Semelle bi-mati\u00e8re TPU \/ PU \u00e0 absorption de chocs, semelle ext\u00e9rieure ultra souple, semelle int\u00e9rieure anatomique cuir pleine fleur, respect de la sant\u00e9 et r\u00e9duction des TMS, pr\u00e9vention du mal de dos.<br \/>\nDur\u00e9e de vie exceptionnelle: Composants parmi les plus nobles, exclusivement d&rsquo;origine europ\u00e9enne, cuirs employ\u00e9s de tout premier choix dont cuir marron imperm\u00e9able, semelle d&rsquo;usure TPU ultra-flexible r\u00e9sistante \u00e0 l&rsquo;huile et aux hydrocarbures, grande r\u00e9sistance \u00e0 l&rsquo;abrasion et \u00e0 la perforation, imperm\u00e9abilit\u00e9 exceptionnelle.<br \/>\nUltra-pratique: Largement inspir\u00e9e du sport, soufflets surdimensionn\u00e9s \u00e0 l&rsquo;avant, poign\u00e9e d&rsquo;enfilage anatomique exclusive, bloqueurs de lacets de type trekking<\/p>\n<p>Tailles disponibles: du 39 au 47<br \/>\nNormes: S3<br \/>\nLivr\u00e9e en boite carton<\/p>\n","protected":false},"featured_media":3633,"comment_status":"open","ping_status":"closed","template":"","meta":{"_monsterinsights_skip_tracking":false,"_monsterinsights_sitenote_active":false,"_monsterinsights_sitenote_note":"","_monsterinsights_sitenote_category":0,"jetpack_publicize_message":"","jetpack_publicize_feature_enabled":true,"jetpack_social_post_already_shared":false,"jetpack_social_options":{"image_generator_settings":{"template":"highway","default_image_id":0,"font":"","enabled":false},"version":2}},"product_brand":[],"product_cat":[40],"product_tag":[],"class_list":{"0":"post-3632","1":"product","2":"type-product","3":"status-publish","6":"product_cat-epi","8":"first","9":"instock","10":"taxable","11":"shipping-taxable","12":"product-type-simple"},"yoast_head":"<!-- This site is optimized with the Yoast SEO plugin v26.6 - https:\/\/yoast.com\/wordpress\/plugins\/seo\/ -->\n<title>Chaussure de s\u00e9curit\u00e9 basse CONFORTO S3 - ETANEC<\/title>\n<meta name=\"robots\" content=\"index, follow, max-snippet:-1, max-image-preview:large, max-video-preview:-1\" \/>\n<link rel=\"canonical\" href=\"https:\/\/etanec.fr\/index.php\/produit\/chaussure-de-securite-basse-conforto-s3\/\" \/>\n<meta property=\"og:locale\" content=\"fr_FR\" \/>\n<meta property=\"og:type\" content=\"article\" \/>\n<meta property=\"og:title\" content=\"Chaussure de s\u00e9curit\u00e9 basse CONFORTO S3 - ETANEC\" \/>\n<meta property=\"og:description\" content=\"Respirante: Cuir respirant avec 4 mg\/cm\u00b2 de perm\u00e9abilit\u00e9 \u00e0 la vapeur, doublure int\u00e9rieure bact\u00e9riostatique effet velours, r\u00e9duction de la transpiration, dessus cuir premium 100% vachette trait\u00e9 nubuck, semelle int\u00e9rieure tapiss\u00e9e de cuir pleine fleur. L\u00e9g\u00e8re: Embout aluminium rev\u00eatu de TPU, semelle anti-perforation non m\u00e9tallique, poids\/u 765 gr en T43. Ultra-confortable: Semelle bi-mati\u00e8re TPU \/ PU \u00e0 absorption de chocs, semelle ext\u00e9rieure ultra souple, semelle int\u00e9rieure anatomique cuir pleine fleur, respect de la sant\u00e9 et r\u00e9duction des TMS, pr\u00e9vention du mal de dos. Dur\u00e9e de vie exceptionnelle: Composants parmi les plus nobles, exclusivement d&#039;origine europ\u00e9enne, cuirs employ\u00e9s de tout premier choix dont cuir marron imperm\u00e9able, semelle d&#039;usure TPU ultra-flexible r\u00e9sistante \u00e0 l&#039;huile et aux hydrocarbures, grande r\u00e9sistance \u00e0 l&#039;abrasion et \u00e0 la perforation, imperm\u00e9abilit\u00e9 exceptionnelle. Ultra-pratique: Largement inspir\u00e9e du sport, soufflets surdimensionn\u00e9s \u00e0 l&#039;avant, poign\u00e9e d&#039;enfilage anatomique exclusive, bloqueurs de lacets de type trekking  Tailles disponibles: du 39 au 47 Normes: S3 Livr\u00e9e en boite carton\" \/>\n<meta property=\"og:url\" content=\"https:\/\/etanec.fr\/index.php\/produit\/chaussure-de-securite-basse-conforto-s3\/\" \/>\n<meta property=\"og:site_name\" content=\"ETANEC\" \/>\n<meta property=\"article:modified_time\" content=\"2023-06-13T09:40:34+00:00\" \/>\n<meta property=\"og:image\" content=\"https:\/\/i0.wp.com\/etanec.fr\/wp-content\/uploads\/2022\/12\/1130_610x610.jpg?fit=610%2C610&ssl=1\" \/>\n\t<meta property=\"og:image:width\" content=\"610\" \/>\n\t<meta property=\"og:image:height\" content=\"610\" \/>\n\t<meta property=\"og:image:type\" content=\"image\/jpeg\" \/>\n<meta name=\"twitter:card\" content=\"summary_large_image\" \/>\n<meta name=\"twitter:label1\" content=\"Dur\u00e9e de lecture estim\u00e9e\" \/>\n\t<meta name=\"twitter:data1\" content=\"1 minute\" \/>\n<script type=\"application\/ld+json\" class=\"yoast-schema-graph\">{\"@context\":\"https:\/\/schema.org\",\"@graph\":[{\"@type\":\"WebPage\",\"@id\":\"https:\/\/etanec.fr\/index.php\/produit\/chaussure-de-securite-basse-conforto-s3\/\",\"url\":\"https:\/\/etanec.fr\/index.php\/produit\/chaussure-de-securite-basse-conforto-s3\/\",\"name\":\"Chaussure de s\u00e9curit\u00e9 basse CONFORTO S3 - ETANEC\",\"isPartOf\":{\"@id\":\"https:\/\/etanec.fr\/#website\"},\"primaryImageOfPage\":{\"@id\":\"https:\/\/etanec.fr\/index.php\/produit\/chaussure-de-securite-basse-conforto-s3\/#primaryimage\"},\"image\":{\"@id\":\"https:\/\/etanec.fr\/index.php\/produit\/chaussure-de-securite-basse-conforto-s3\/#primaryimage\"},\"thumbnailUrl\":\"https:\/\/i0.wp.com\/etanec.fr\/wp-content\/uploads\/2022\/12\/1130_610x610.jpg?fit=610%2C610&ssl=1\",\"datePublished\":\"2023-06-13T09:40:33+00:00\",\"dateModified\":\"2023-06-13T09:40:34+00:00\",\"breadcrumb\":{\"@id\":\"https:\/\/etanec.fr\/index.php\/produit\/chaussure-de-securite-basse-conforto-s3\/#breadcrumb\"},\"inLanguage\":\"fr-FR\",\"potentialAction\":[{\"@type\":\"ReadAction\",\"target\":[\"https:\/\/etanec.fr\/index.php\/produit\/chaussure-de-securite-basse-conforto-s3\/\"]}]},{\"@type\":\"ImageObject\",\"inLanguage\":\"fr-FR\",\"@id\":\"https:\/\/etanec.fr\/index.php\/produit\/chaussure-de-securite-basse-conforto-s3\/#primaryimage\",\"url\":\"https:\/\/i0.wp.com\/etanec.fr\/wp-content\/uploads\/2022\/12\/1130_610x610.jpg?fit=610%2C610&ssl=1\",\"contentUrl\":\"https:\/\/i0.wp.com\/etanec.fr\/wp-content\/uploads\/2022\/12\/1130_610x610.jpg?fit=610%2C610&ssl=1\",\"width\":610,\"height\":610},{\"@type\":\"BreadcrumbList\",\"@id\":\"https:\/\/etanec.fr\/index.php\/produit\/chaussure-de-securite-basse-conforto-s3\/#breadcrumb\",\"itemListElement\":[{\"@type\":\"ListItem\",\"position\":1,\"name\":\"Accueil\",\"item\":\"https:\/\/etanec.fr\/\"},{\"@type\":\"ListItem\",\"position\":2,\"name\":\"Gamme de produits\",\"item\":\"https:\/\/etanec.fr\/index.php\/boutique\/\"},{\"@type\":\"ListItem\",\"position\":3,\"name\":\"Chaussure de s\u00e9curit\u00e9 basse CONFORTO S3\"}]},{\"@type\":\"WebSite\",\"@id\":\"https:\/\/etanec.fr\/#website\",\"url\":\"https:\/\/etanec.fr\/\",\"name\":\"etanec.fr\",\"description\":\"Votre Solution en Outillage &amp; Fixation Enveloppe du batiment\",\"publisher\":{\"@id\":\"https:\/\/etanec.fr\/#organization\"},\"potentialAction\":[{\"@type\":\"SearchAction\",\"target\":{\"@type\":\"EntryPoint\",\"urlTemplate\":\"https:\/\/etanec.fr\/?s={search_term_string}\"},\"query-input\":{\"@type\":\"PropertyValueSpecification\",\"valueRequired\":true,\"valueName\":\"search_term_string\"}}],\"inLanguage\":\"fr-FR\"},{\"@type\":\"Organization\",\"@id\":\"https:\/\/etanec.fr\/#organization\",\"name\":\"etanec.fr\",\"url\":\"https:\/\/etanec.fr\/\",\"logo\":{\"@type\":\"ImageObject\",\"inLanguage\":\"fr-FR\",\"@id\":\"https:\/\/etanec.fr\/#\/schema\/logo\/image\/\",\"url\":\"https:\/\/i0.wp.com\/etanec.fr\/wp-content\/uploads\/2017\/11\/cropped-cropped-cropped-ETANEC-LOGO-2017-RVBTRANSP-HD-e1509965316759.png?fit=350%2C75&ssl=1\",\"contentUrl\":\"https:\/\/i0.wp.com\/etanec.fr\/wp-content\/uploads\/2017\/11\/cropped-cropped-cropped-ETANEC-LOGO-2017-RVBTRANSP-HD-e1509965316759.png?fit=350%2C75&ssl=1\",\"width\":350,\"height\":75,\"caption\":\"etanec.fr\"},\"image\":{\"@id\":\"https:\/\/etanec.fr\/#\/schema\/logo\/image\/\"},\"sameAs\":[\"https:\/\/www.linkedin.com\/company\/etanecgroup\/?viewAsMember=true\"]}]}<\/script>\n<!-- \/ Yoast SEO plugin. -->","yoast_head_json":{"title":"Chaussure de s\u00e9curit\u00e9 basse CONFORTO S3 - ETANEC","robots":{"index":"index","follow":"follow","max-snippet":"max-snippet:-1","max-image-preview":"max-image-preview:large","max-video-preview":"max-video-preview:-1"},"canonical":"https:\/\/etanec.fr\/index.php\/produit\/chaussure-de-securite-basse-conforto-s3\/","og_locale":"fr_FR","og_type":"article","og_title":"Chaussure de s\u00e9curit\u00e9 basse CONFORTO S3 - ETANEC","og_description":"Respirante: Cuir respirant avec 4 mg\/cm\u00b2 de perm\u00e9abilit\u00e9 \u00e0 la vapeur, doublure int\u00e9rieure bact\u00e9riostatique effet velours, r\u00e9duction de la transpiration, dessus cuir premium 100% vachette trait\u00e9 nubuck, semelle int\u00e9rieure tapiss\u00e9e de cuir pleine fleur. L\u00e9g\u00e8re: Embout aluminium rev\u00eatu de TPU, semelle anti-perforation non m\u00e9tallique, poids\/u 765 gr en T43. Ultra-confortable: Semelle bi-mati\u00e8re TPU \/ PU \u00e0 absorption de chocs, semelle ext\u00e9rieure ultra souple, semelle int\u00e9rieure anatomique cuir pleine fleur, respect de la sant\u00e9 et r\u00e9duction des TMS, pr\u00e9vention du mal de dos. Dur\u00e9e de vie exceptionnelle: Composants parmi les plus nobles, exclusivement d'origine europ\u00e9enne, cuirs employ\u00e9s de tout premier choix dont cuir marron imperm\u00e9able, semelle d'usure TPU ultra-flexible r\u00e9sistante \u00e0 l'huile et aux hydrocarbures, grande r\u00e9sistance \u00e0 l'abrasion et \u00e0 la perforation, imperm\u00e9abilit\u00e9 exceptionnelle. Ultra-pratique: Largement inspir\u00e9e du sport, soufflets surdimensionn\u00e9s \u00e0 l'avant, poign\u00e9e d'enfilage anatomique exclusive, bloqueurs de lacets de type trekking  Tailles disponibles: du 39 au 47 Normes: S3 Livr\u00e9e en boite carton","og_url":"https:\/\/etanec.fr\/index.php\/produit\/chaussure-de-securite-basse-conforto-s3\/","og_site_name":"ETANEC","article_modified_time":"2023-06-13T09:40:34+00:00","og_image":[{"width":610,"height":610,"url":"https:\/\/i0.wp.com\/etanec.fr\/wp-content\/uploads\/2022\/12\/1130_610x610.jpg?fit=610%2C610&ssl=1","type":"image\/jpeg"}],"twitter_card":"summary_large_image","twitter_misc":{"Dur\u00e9e de lecture estim\u00e9e":"1 minute"},"schema":{"@context":"https:\/\/schema.org","@graph":[{"@type":"WebPage","@id":"https:\/\/etanec.fr\/index.php\/produit\/chaussure-de-securite-basse-conforto-s3\/","url":"https:\/\/etanec.fr\/index.php\/produit\/chaussure-de-securite-basse-conforto-s3\/","name":"Chaussure de s\u00e9curit\u00e9 basse CONFORTO S3 - ETANEC","isPartOf":{"@id":"https:\/\/etanec.fr\/#website"},"primaryImageOfPage":{"@id":"https:\/\/etanec.fr\/index.php\/produit\/chaussure-de-securite-basse-conforto-s3\/#primaryimage"},"image":{"@id":"https:\/\/etanec.fr\/index.php\/produit\/chaussure-de-securite-basse-conforto-s3\/#primaryimage"},"thumbnailUrl":"https:\/\/i0.wp.com\/etanec.fr\/wp-content\/uploads\/2022\/12\/1130_610x610.jpg?fit=610%2C610&ssl=1","datePublished":"2023-06-13T09:40:33+00:00","dateModified":"2023-06-13T09:40:34+00:00","breadcrumb":{"@id":"https:\/\/etanec.fr\/index.php\/produit\/chaussure-de-securite-basse-conforto-s3\/#breadcrumb"},"inLanguage":"fr-FR","potentialAction":[{"@type":"ReadAction","target":["https:\/\/etanec.fr\/index.php\/produit\/chaussure-de-securite-basse-conforto-s3\/"]}]},{"@type":"ImageObject","inLanguage":"fr-FR","@id":"https:\/\/etanec.fr\/index.php\/produit\/chaussure-de-securite-basse-conforto-s3\/#primaryimage","url":"https:\/\/i0.wp.com\/etanec.fr\/wp-content\/uploads\/2022\/12\/1130_610x610.jpg?fit=610%2C610&ssl=1","contentUrl":"https:\/\/i0.wp.com\/etanec.fr\/wp-content\/uploads\/2022\/12\/1130_610x610.jpg?fit=610%2C610&ssl=1","width":610,"height":610},{"@type":"BreadcrumbList","@id":"https:\/\/etanec.fr\/index.php\/produit\/chaussure-de-securite-basse-conforto-s3\/#breadcrumb","itemListElement":[{"@type":"ListItem","position":1,"name":"Accueil","item":"https:\/\/etanec.fr\/"},{"@type":"ListItem","position":2,"name":"Gamme de produits","item":"https:\/\/etanec.fr\/index.php\/boutique\/"},{"@type":"ListItem","position":3,"name":"Chaussure de s\u00e9curit\u00e9 basse CONFORTO S3"}]},{"@type":"WebSite","@id":"https:\/\/etanec.fr\/#website","url":"https:\/\/etanec.fr\/","name":"etanec.fr","description":"Votre Solution en Outillage &amp; Fixation Enveloppe du batiment","publisher":{"@id":"https:\/\/etanec.fr\/#organization"},"potentialAction":[{"@type":"SearchAction","target":{"@type":"EntryPoint","urlTemplate":"https:\/\/etanec.fr\/?s={search_term_string}"},"query-input":{"@type":"PropertyValueSpecification","valueRequired":true,"valueName":"search_term_string"}}],"inLanguage":"fr-FR"},{"@type":"Organization","@id":"https:\/\/etanec.fr\/#organization","name":"etanec.fr","url":"https:\/\/etanec.fr\/","logo":{"@type":"ImageObject","inLanguage":"fr-FR","@id":"https:\/\/etanec.fr\/#\/schema\/logo\/image\/","url":"https:\/\/i0.wp.com\/etanec.fr\/wp-content\/uploads\/2017\/11\/cropped-cropped-cropped-ETANEC-LOGO-2017-RVBTRANSP-HD-e1509965316759.png?fit=350%2C75&ssl=1","contentUrl":"https:\/\/i0.wp.com\/etanec.fr\/wp-content\/uploads\/2017\/11\/cropped-cropped-cropped-ETANEC-LOGO-2017-RVBTRANSP-HD-e1509965316759.png?fit=350%2C75&ssl=1","width":350,"height":75,"caption":"etanec.fr"},"image":{"@id":"https:\/\/etanec.fr\/#\/schema\/logo\/image\/"},"sameAs":["https:\/\/www.linkedin.com\/company\/etanecgroup\/?viewAsMember=true"]}]}},"jetpack_publicize_connections":[],"jetpack_sharing_enabled":true,"_links":{"self":[{"href":"https:\/\/etanec.fr\/index.php\/wp-json\/wp\/v2\/product\/3632","targetHints":{"allow":["GET"]}}],"collection":[{"href":"https:\/\/etanec.fr\/index.php\/wp-json\/wp\/v2\/product"}],"about":[{"href":"https:\/\/etanec.fr\/index.php\/wp-json\/wp\/v2\/types\/product"}],"replies":[{"embeddable":true,"href":"https:\/\/etanec.fr\/index.php\/wp-json\/wp\/v2\/comments?post=3632"}],"version-history":[{"count":2,"href":"https:\/\/etanec.fr\/index.php\/wp-json\/wp\/v2\/product\/3632\/revisions"}],"predecessor-version":[{"id":6703,"href":"https:\/\/etanec.fr\/index.php\/wp-json\/wp\/v2\/product\/3632\/revisions\/6703"}],"wp:featuredmedia":[{"embeddable":true,"href":"https:\/\/etanec.fr\/index.php\/wp-json\/wp\/v2\/media\/3633"}],"wp:attachment":[{"href":"https:\/\/etanec.fr\/index.php\/wp-json\/wp\/v2\/media?parent=3632"}],"wp:term":[{"taxonomy":"product_brand","embeddable":true,"href":"https:\/\/etanec.fr\/index.php\/wp-json\/wp\/v2\/product_brand?post=3632"},{"taxonomy":"product_cat","embeddable":true,"href":"https:\/\/etanec.fr\/index.php\/wp-json\/wp\/v2\/product_cat?post=3632"},{"taxonomy":"product_tag","embeddable":true,"href":"https:\/\/etanec.fr\/index.php\/wp-json\/wp\/v2\/product_tag?post=3632"}],"curies":[{"name":"wp","href":"https:\/\/api.w.org\/{rel}","templated":true}]}}