{"id":3650,"date":"2023-06-13T12:02:07","date_gmt":"2023-06-13T10:02:07","guid":{"rendered":"http:\/\/etanec.fr\/?post_type=product&#038;p=3650"},"modified":"2023-06-13T12:02:08","modified_gmt":"2023-06-13T10:02:08","slug":"botte-de-securite-s3-cuir-fourre-bestbot-noire","status":"publish","type":"product","link":"https:\/\/etanec.fr\/index.php\/produit\/botte-de-securite-s3-cuir-fourre-bestbot-noire\/","title":{"rendered":"Botte de s\u00e9curit\u00e9 S3 cuir fourr\u00e9 BESTBOT NOIRE"},"content":{"rendered":"<p>Les\u00a0bottes de s\u00e9curit\u00e9\u00a0Bestboot S3 SRC vous garantissent une protection de vos orteils et de vos pieds lors de vos journ\u00e9es de travail, m\u00eame avec des conditions difficiles. La doublure fourr\u00e9e et respirante vous prot\u00e8ge du froid et vous offre une utilisation confortable. Elles sont munies de semelles antid\u00e9rapantes et anti-perforation acier avec un embout acier r\u00e9sistant aux chocs et \u00e0 l\u2019\u00e9crasement. Les talons sont absorbeurs de chocs. Ces bottes de protection fourr\u00e9es sont id\u00e9ales pour des environnements froids, dans les domaines du BTP, industrie\u2026<\/p>\n<p><strong>Caract\u00e9ristiques techniques\u00a0:<\/strong><br \/>\nMati\u00e8re\u00a0: croute Cuir de couleur noir.<br \/>\nNormes : S3 SRC<br \/>\nDoublure fourr\u00e9e, respirante<br \/>\nChaussure avec protection des orteils : embout acier r\u00e9sistant au choc de 200 Joules et \u00e0 la pression de 1500kg<br \/>\nR\u00e9sistante \u00e0 l\u2019eau<br \/>\nAbsorption des chocs au talon\u00a0: polyur\u00e9thane basse densit\u00e9 et profile du talon<br \/>\nAntistatique, antichoc, absorbante, r\u00e9sistante \u00e0 l\u2019abrasion, l\u2019exfoliation, hydrofuge<br \/>\nSemelle anti-perforation acier\u00a0: r\u00e9sistant jusqu\u2019\u00e0 1100N<br \/>\nSemelles\u00a0antid\u00e9rapantes SRC, r\u00e9sistantes aux hydrocarbures, huiles et acides faibles<br \/>\nSemelle PU\/PU<br \/>\nPoids d\u2019une chaussure en pointure 41 : 760 g<br \/>\nPointure disponible du 39 au 47<br \/>\nDomaines d\u2019utilisation : BTP, industrie, logistique<\/p>\n","protected":false},"excerpt":{"rendered":"<p>Les bottes de s\u00e9curit\u00e9 Bestboot S3 SRC vous garantissent une protection de vos orteils et de vos pieds lors de vos journ\u00e9es de travail, m\u00eame avec des conditions difficiles<br \/>\nLa doublure fourr\u00e9e et respirante vous prot\u00e8ge du froid et vous offre une utilisation confortable<br \/>\nElles sont munies de semelles antid\u00e9rapantes et anti-perforation acier avec un embout acier r\u00e9sistant aux chocs et \u00e0 l\u2019\u00e9crasement<br \/>\nLes talons sont absorbeurs de chocs<br \/>\nCes bottes de protection fourr\u00e9es sont id\u00e9ales pour des environnements froids, dans les domaines du BTP, industrie\u2026<\/p>\n<p><strong>Caract\u00e9ristiques techniques\u00a0:<\/strong><br \/>\nMati\u00e8re\u00a0: croute Cuir de couleur noir.<br \/>\nNormes : S3 SRC<br \/>\nDoublure fourr\u00e9e, respirante<br \/>\nChaussure avec protection des orteils : embout acier r\u00e9sistant au choc de 200 Joules et \u00e0 la pression de 1500kg<br \/>\nR\u00e9sistante \u00e0 l\u2019eau<br \/>\nAbsorption des chocs au talon\u00a0: polyur\u00e9thane basse densit\u00e9 et profile du talon<br \/>\nAntistatique, antichoc, absorbante, r\u00e9sistante \u00e0 l\u2019abrasion, l\u2019exfoliation, hydrofuge<br \/>\nSemelle anti-perforation acier\u00a0: r\u00e9sistant jusqu\u2019\u00e0 1100N<br \/>\nSemelles\u00a0antid\u00e9rapantes SRC, r\u00e9sistantes aux hydrocarbures, huiles et acides faibles<br \/>\nSemelle PU\/PU<br \/>\nPoids d\u2019une chaussure en pointure 41 : 760 g<br \/>\nPointure disponible du 39 au 47<br \/>\nDomaines d\u2019utilisation : BTP, industrie, logistique<\/p>\n","protected":false},"featured_media":3651,"comment_status":"open","ping_status":"closed","template":"","meta":{"_monsterinsights_skip_tracking":false,"_monsterinsights_sitenote_active":false,"_monsterinsights_sitenote_note":"","_monsterinsights_sitenote_category":0,"jetpack_publicize_message":"","jetpack_publicize_feature_enabled":true,"jetpack_social_post_already_shared":false,"jetpack_social_options":{"image_generator_settings":{"template":"highway","default_image_id":0,"font":"","enabled":false},"version":2}},"product_brand":[],"product_cat":[40],"product_tag":[],"class_list":{"0":"post-3650","1":"product","2":"type-product","3":"status-publish","6":"product_cat-epi","8":"first","9":"instock","10":"taxable","11":"shipping-taxable","12":"product-type-simple"},"yoast_head":"<!-- This site is optimized with the Yoast SEO plugin v26.6 - https:\/\/yoast.com\/wordpress\/plugins\/seo\/ -->\n<title>Botte de s\u00e9curit\u00e9 S3 cuir fourr\u00e9 BESTBOT NOIRE - ETANEC<\/title>\n<meta name=\"robots\" content=\"index, follow, max-snippet:-1, max-image-preview:large, max-video-preview:-1\" \/>\n<link rel=\"canonical\" href=\"http:\/\/etanec.fr\/index.php\/produit\/botte-de-securite-s3-cuir-fourre-bestbot-noire\/\" \/>\n<meta property=\"og:locale\" content=\"fr_FR\" \/>\n<meta property=\"og:type\" content=\"article\" \/>\n<meta property=\"og:title\" content=\"Botte de s\u00e9curit\u00e9 S3 cuir fourr\u00e9 BESTBOT NOIRE - ETANEC\" \/>\n<meta property=\"og:description\" content=\"Les bottes de s\u00e9curit\u00e9 Bestboot S3 SRC vous garantissent une protection de vos orteils et de vos pieds lors de vos journ\u00e9es de travail, m\u00eame avec des conditions difficiles La doublure fourr\u00e9e et respirante vous prot\u00e8ge du froid et vous offre une utilisation confortable Elles sont munies de semelles antid\u00e9rapantes et anti-perforation acier avec un embout acier r\u00e9sistant aux chocs et \u00e0 l\u2019\u00e9crasement Les talons sont absorbeurs de chocs Ces bottes de protection fourr\u00e9es sont id\u00e9ales pour des environnements froids, dans les domaines du BTP, industrie\u2026  Caract\u00e9ristiques techniques\u00a0: Mati\u00e8re\u00a0: croute Cuir de couleur noir. Normes : S3 SRC Doublure fourr\u00e9e, respirante Chaussure avec protection des orteils : embout acier r\u00e9sistant au choc de 200 Joules et \u00e0 la pression de 1500kg R\u00e9sistante \u00e0 l\u2019eau Absorption des chocs au talon\u00a0: polyur\u00e9thane basse densit\u00e9 et profile du talon Antistatique, antichoc, absorbante, r\u00e9sistante \u00e0 l\u2019abrasion, l\u2019exfoliation, hydrofuge Semelle anti-perforation acier\u00a0: r\u00e9sistant jusqu\u2019\u00e0 1100N Semelles\u00a0antid\u00e9rapantes SRC, r\u00e9sistantes aux hydrocarbures, huiles et acides faibles Semelle PU\/PU Poids d\u2019une chaussure en pointure 41 : 760 g Pointure disponible du 39 au 47 Domaines d\u2019utilisation : BTP, industrie, logistique\" \/>\n<meta property=\"og:url\" content=\"http:\/\/etanec.fr\/index.php\/produit\/botte-de-securite-s3-cuir-fourre-bestbot-noire\/\" \/>\n<meta property=\"og:site_name\" content=\"ETANEC\" \/>\n<meta property=\"article:modified_time\" content=\"2023-06-13T10:02:08+00:00\" \/>\n<meta property=\"og:image\" content=\"https:\/\/i0.wp.com\/etanec.fr\/wp-content\/uploads\/2022\/12\/1084_610x610.jpg?fit=610%2C610\" \/>\n\t<meta property=\"og:image:width\" content=\"610\" \/>\n\t<meta property=\"og:image:height\" content=\"610\" \/>\n\t<meta property=\"og:image:type\" content=\"image\/jpeg\" \/>\n<meta name=\"twitter:card\" content=\"summary_large_image\" \/>\n<meta name=\"twitter:label1\" content=\"Dur\u00e9e de lecture estim\u00e9e\" \/>\n\t<meta name=\"twitter:data1\" content=\"1 minute\" \/>\n<script type=\"application\/ld+json\" class=\"yoast-schema-graph\">{\"@context\":\"https:\/\/schema.org\",\"@graph\":[{\"@type\":\"WebPage\",\"@id\":\"http:\/\/etanec.fr\/index.php\/produit\/botte-de-securite-s3-cuir-fourre-bestbot-noire\/\",\"url\":\"http:\/\/etanec.fr\/index.php\/produit\/botte-de-securite-s3-cuir-fourre-bestbot-noire\/\",\"name\":\"Botte de s\u00e9curit\u00e9 S3 cuir fourr\u00e9 BESTBOT NOIRE - ETANEC\",\"isPartOf\":{\"@id\":\"https:\/\/etanec.fr\/#website\"},\"primaryImageOfPage\":{\"@id\":\"http:\/\/etanec.fr\/index.php\/produit\/botte-de-securite-s3-cuir-fourre-bestbot-noire\/#primaryimage\"},\"image\":{\"@id\":\"http:\/\/etanec.fr\/index.php\/produit\/botte-de-securite-s3-cuir-fourre-bestbot-noire\/#primaryimage\"},\"thumbnailUrl\":\"https:\/\/i0.wp.com\/etanec.fr\/wp-content\/uploads\/2022\/12\/1084_610x610.jpg?fit=610%2C610&ssl=1\",\"datePublished\":\"2023-06-13T10:02:07+00:00\",\"dateModified\":\"2023-06-13T10:02:08+00:00\",\"breadcrumb\":{\"@id\":\"http:\/\/etanec.fr\/index.php\/produit\/botte-de-securite-s3-cuir-fourre-bestbot-noire\/#breadcrumb\"},\"inLanguage\":\"fr-FR\",\"potentialAction\":[{\"@type\":\"ReadAction\",\"target\":[\"http:\/\/etanec.fr\/index.php\/produit\/botte-de-securite-s3-cuir-fourre-bestbot-noire\/\"]}]},{\"@type\":\"ImageObject\",\"inLanguage\":\"fr-FR\",\"@id\":\"http:\/\/etanec.fr\/index.php\/produit\/botte-de-securite-s3-cuir-fourre-bestbot-noire\/#primaryimage\",\"url\":\"https:\/\/i0.wp.com\/etanec.fr\/wp-content\/uploads\/2022\/12\/1084_610x610.jpg?fit=610%2C610&ssl=1\",\"contentUrl\":\"https:\/\/i0.wp.com\/etanec.fr\/wp-content\/uploads\/2022\/12\/1084_610x610.jpg?fit=610%2C610&ssl=1\",\"width\":610,\"height\":610},{\"@type\":\"BreadcrumbList\",\"@id\":\"http:\/\/etanec.fr\/index.php\/produit\/botte-de-securite-s3-cuir-fourre-bestbot-noire\/#breadcrumb\",\"itemListElement\":[{\"@type\":\"ListItem\",\"position\":1,\"name\":\"Accueil\",\"item\":\"https:\/\/etanec.fr\/\"},{\"@type\":\"ListItem\",\"position\":2,\"name\":\"Gamme de produits\",\"item\":\"https:\/\/etanec.fr\/index.php\/boutique\/\"},{\"@type\":\"ListItem\",\"position\":3,\"name\":\"Botte de s\u00e9curit\u00e9 S3 cuir fourr\u00e9 BESTBOT NOIRE\"}]},{\"@type\":\"WebSite\",\"@id\":\"https:\/\/etanec.fr\/#website\",\"url\":\"https:\/\/etanec.fr\/\",\"name\":\"etanec.fr\",\"description\":\"Votre Solution en Outillage &amp; Fixation Enveloppe du batiment\",\"publisher\":{\"@id\":\"https:\/\/etanec.fr\/#organization\"},\"potentialAction\":[{\"@type\":\"SearchAction\",\"target\":{\"@type\":\"EntryPoint\",\"urlTemplate\":\"https:\/\/etanec.fr\/?s={search_term_string}\"},\"query-input\":{\"@type\":\"PropertyValueSpecification\",\"valueRequired\":true,\"valueName\":\"search_term_string\"}}],\"inLanguage\":\"fr-FR\"},{\"@type\":\"Organization\",\"@id\":\"https:\/\/etanec.fr\/#organization\",\"name\":\"etanec.fr\",\"url\":\"https:\/\/etanec.fr\/\",\"logo\":{\"@type\":\"ImageObject\",\"inLanguage\":\"fr-FR\",\"@id\":\"https:\/\/etanec.fr\/#\/schema\/logo\/image\/\",\"url\":\"https:\/\/i0.wp.com\/etanec.fr\/wp-content\/uploads\/2017\/11\/cropped-cropped-cropped-ETANEC-LOGO-2017-RVBTRANSP-HD-e1509965316759.png?fit=350%2C75&ssl=1\",\"contentUrl\":\"https:\/\/i0.wp.com\/etanec.fr\/wp-content\/uploads\/2017\/11\/cropped-cropped-cropped-ETANEC-LOGO-2017-RVBTRANSP-HD-e1509965316759.png?fit=350%2C75&ssl=1\",\"width\":350,\"height\":75,\"caption\":\"etanec.fr\"},\"image\":{\"@id\":\"https:\/\/etanec.fr\/#\/schema\/logo\/image\/\"},\"sameAs\":[\"https:\/\/www.linkedin.com\/company\/etanecgroup\/?viewAsMember=true\"]}]}<\/script>\n<!-- \/ Yoast SEO plugin. -->","yoast_head_json":{"title":"Botte de s\u00e9curit\u00e9 S3 cuir fourr\u00e9 BESTBOT NOIRE - ETANEC","robots":{"index":"index","follow":"follow","max-snippet":"max-snippet:-1","max-image-preview":"max-image-preview:large","max-video-preview":"max-video-preview:-1"},"canonical":"http:\/\/etanec.fr\/index.php\/produit\/botte-de-securite-s3-cuir-fourre-bestbot-noire\/","og_locale":"fr_FR","og_type":"article","og_title":"Botte de s\u00e9curit\u00e9 S3 cuir fourr\u00e9 BESTBOT NOIRE - ETANEC","og_description":"Les bottes de s\u00e9curit\u00e9 Bestboot S3 SRC vous garantissent une protection de vos orteils et de vos pieds lors de vos journ\u00e9es de travail, m\u00eame avec des conditions difficiles La doublure fourr\u00e9e et respirante vous prot\u00e8ge du froid et vous offre une utilisation confortable Elles sont munies de semelles antid\u00e9rapantes et anti-perforation acier avec un embout acier r\u00e9sistant aux chocs et \u00e0 l\u2019\u00e9crasement Les talons sont absorbeurs de chocs Ces bottes de protection fourr\u00e9es sont id\u00e9ales pour des environnements froids, dans les domaines du BTP, industrie\u2026  Caract\u00e9ristiques techniques\u00a0: Mati\u00e8re\u00a0: croute Cuir de couleur noir. Normes : S3 SRC Doublure fourr\u00e9e, respirante Chaussure avec protection des orteils : embout acier r\u00e9sistant au choc de 200 Joules et \u00e0 la pression de 1500kg R\u00e9sistante \u00e0 l\u2019eau Absorption des chocs au talon\u00a0: polyur\u00e9thane basse densit\u00e9 et profile du talon Antistatique, antichoc, absorbante, r\u00e9sistante \u00e0 l\u2019abrasion, l\u2019exfoliation, hydrofuge Semelle anti-perforation acier\u00a0: r\u00e9sistant jusqu\u2019\u00e0 1100N Semelles\u00a0antid\u00e9rapantes SRC, r\u00e9sistantes aux hydrocarbures, huiles et acides faibles Semelle PU\/PU Poids d\u2019une chaussure en pointure 41 : 760 g Pointure disponible du 39 au 47 Domaines d\u2019utilisation : BTP, industrie, logistique","og_url":"http:\/\/etanec.fr\/index.php\/produit\/botte-de-securite-s3-cuir-fourre-bestbot-noire\/","og_site_name":"ETANEC","article_modified_time":"2023-06-13T10:02:08+00:00","og_image":[{"width":610,"height":610,"url":"https:\/\/i0.wp.com\/etanec.fr\/wp-content\/uploads\/2022\/12\/1084_610x610.jpg?fit=610%2C610","type":"image\/jpeg"}],"twitter_card":"summary_large_image","twitter_misc":{"Dur\u00e9e de lecture estim\u00e9e":"1 minute"},"schema":{"@context":"https:\/\/schema.org","@graph":[{"@type":"WebPage","@id":"http:\/\/etanec.fr\/index.php\/produit\/botte-de-securite-s3-cuir-fourre-bestbot-noire\/","url":"http:\/\/etanec.fr\/index.php\/produit\/botte-de-securite-s3-cuir-fourre-bestbot-noire\/","name":"Botte de s\u00e9curit\u00e9 S3 cuir fourr\u00e9 BESTBOT NOIRE - ETANEC","isPartOf":{"@id":"https:\/\/etanec.fr\/#website"},"primaryImageOfPage":{"@id":"http:\/\/etanec.fr\/index.php\/produit\/botte-de-securite-s3-cuir-fourre-bestbot-noire\/#primaryimage"},"image":{"@id":"http:\/\/etanec.fr\/index.php\/produit\/botte-de-securite-s3-cuir-fourre-bestbot-noire\/#primaryimage"},"thumbnailUrl":"https:\/\/i0.wp.com\/etanec.fr\/wp-content\/uploads\/2022\/12\/1084_610x610.jpg?fit=610%2C610&ssl=1","datePublished":"2023-06-13T10:02:07+00:00","dateModified":"2023-06-13T10:02:08+00:00","breadcrumb":{"@id":"http:\/\/etanec.fr\/index.php\/produit\/botte-de-securite-s3-cuir-fourre-bestbot-noire\/#breadcrumb"},"inLanguage":"fr-FR","potentialAction":[{"@type":"ReadAction","target":["http:\/\/etanec.fr\/index.php\/produit\/botte-de-securite-s3-cuir-fourre-bestbot-noire\/"]}]},{"@type":"ImageObject","inLanguage":"fr-FR","@id":"http:\/\/etanec.fr\/index.php\/produit\/botte-de-securite-s3-cuir-fourre-bestbot-noire\/#primaryimage","url":"https:\/\/i0.wp.com\/etanec.fr\/wp-content\/uploads\/2022\/12\/1084_610x610.jpg?fit=610%2C610&ssl=1","contentUrl":"https:\/\/i0.wp.com\/etanec.fr\/wp-content\/uploads\/2022\/12\/1084_610x610.jpg?fit=610%2C610&ssl=1","width":610,"height":610},{"@type":"BreadcrumbList","@id":"http:\/\/etanec.fr\/index.php\/produit\/botte-de-securite-s3-cuir-fourre-bestbot-noire\/#breadcrumb","itemListElement":[{"@type":"ListItem","position":1,"name":"Accueil","item":"https:\/\/etanec.fr\/"},{"@type":"ListItem","position":2,"name":"Gamme de produits","item":"https:\/\/etanec.fr\/index.php\/boutique\/"},{"@type":"ListItem","position":3,"name":"Botte de s\u00e9curit\u00e9 S3 cuir fourr\u00e9 BESTBOT NOIRE"}]},{"@type":"WebSite","@id":"https:\/\/etanec.fr\/#website","url":"https:\/\/etanec.fr\/","name":"etanec.fr","description":"Votre Solution en Outillage &amp; Fixation Enveloppe du batiment","publisher":{"@id":"https:\/\/etanec.fr\/#organization"},"potentialAction":[{"@type":"SearchAction","target":{"@type":"EntryPoint","urlTemplate":"https:\/\/etanec.fr\/?s={search_term_string}"},"query-input":{"@type":"PropertyValueSpecification","valueRequired":true,"valueName":"search_term_string"}}],"inLanguage":"fr-FR"},{"@type":"Organization","@id":"https:\/\/etanec.fr\/#organization","name":"etanec.fr","url":"https:\/\/etanec.fr\/","logo":{"@type":"ImageObject","inLanguage":"fr-FR","@id":"https:\/\/etanec.fr\/#\/schema\/logo\/image\/","url":"https:\/\/i0.wp.com\/etanec.fr\/wp-content\/uploads\/2017\/11\/cropped-cropped-cropped-ETANEC-LOGO-2017-RVBTRANSP-HD-e1509965316759.png?fit=350%2C75&ssl=1","contentUrl":"https:\/\/i0.wp.com\/etanec.fr\/wp-content\/uploads\/2017\/11\/cropped-cropped-cropped-ETANEC-LOGO-2017-RVBTRANSP-HD-e1509965316759.png?fit=350%2C75&ssl=1","width":350,"height":75,"caption":"etanec.fr"},"image":{"@id":"https:\/\/etanec.fr\/#\/schema\/logo\/image\/"},"sameAs":["https:\/\/www.linkedin.com\/company\/etanecgroup\/?viewAsMember=true"]}]}},"jetpack_publicize_connections":[],"jetpack_sharing_enabled":true,"_links":{"self":[{"href":"https:\/\/etanec.fr\/index.php\/wp-json\/wp\/v2\/product\/3650","targetHints":{"allow":["GET"]}}],"collection":[{"href":"https:\/\/etanec.fr\/index.php\/wp-json\/wp\/v2\/product"}],"about":[{"href":"https:\/\/etanec.fr\/index.php\/wp-json\/wp\/v2\/types\/product"}],"replies":[{"embeddable":true,"href":"https:\/\/etanec.fr\/index.php\/wp-json\/wp\/v2\/comments?post=3650"}],"version-history":[{"count":2,"href":"https:\/\/etanec.fr\/index.php\/wp-json\/wp\/v2\/product\/3650\/revisions"}],"predecessor-version":[{"id":6707,"href":"https:\/\/etanec.fr\/index.php\/wp-json\/wp\/v2\/product\/3650\/revisions\/6707"}],"wp:featuredmedia":[{"embeddable":true,"href":"https:\/\/etanec.fr\/index.php\/wp-json\/wp\/v2\/media\/3651"}],"wp:attachment":[{"href":"https:\/\/etanec.fr\/index.php\/wp-json\/wp\/v2\/media?parent=3650"}],"wp:term":[{"taxonomy":"product_brand","embeddable":true,"href":"https:\/\/etanec.fr\/index.php\/wp-json\/wp\/v2\/product_brand?post=3650"},{"taxonomy":"product_cat","embeddable":true,"href":"https:\/\/etanec.fr\/index.php\/wp-json\/wp\/v2\/product_cat?post=3650"},{"taxonomy":"product_tag","embeddable":true,"href":"https:\/\/etanec.fr\/index.php\/wp-json\/wp\/v2\/product_tag?post=3650"}],"curies":[{"name":"wp","href":"https:\/\/api.w.org\/{rel}","templated":true}]}}