{"id":3687,"date":"2023-06-14T16:28:51","date_gmt":"2023-06-14T14:28:51","guid":{"rendered":"http:\/\/etanec.fr\/?post_type=product&#038;p=3687"},"modified":"2023-06-14T16:28:52","modified_gmt":"2023-06-14T14:28:52","slug":"antichute-a-rappel-automatique-avec-sangle-carter-abs-6m","status":"publish","type":"product","link":"https:\/\/etanec.fr\/index.php\/produit\/antichute-a-rappel-automatique-avec-sangle-carter-abs-6m\/","title":{"rendered":"Antichute \u00e0 rappel automatique avec sangle carter ABS 6m"},"content":{"rendered":"<div class=\"col-lg-6\">\n<div class=\"wrapDescKit\">\n<p>Dispositif Antichute \u00e0 rappel automatique en sangle polyester de 25mm, Carter ABS. Equip\u00e9 d&rsquo;un mousqueton \u00e0 fermeture filet\u00e9e et d&rsquo;un mousqueton \u00e0 verrouillage automatique avec indicateur de chute: Longueur : 6m, carter : ABS,\u00a0 polym\u00e8re haute r\u00e9sistance.<\/p>\n<p>Norme EN360:2002<\/p>\n<\/div>\n<\/div>\n<div class=\"col-lg-6\"><\/div>\n","protected":false},"excerpt":{"rendered":"<div class=\"col-lg-6\">\n<div class=\"wrapDescKit\">\n<div class=\"col-lg-6\">\n<div class=\"wrapDescKit\">\n<p>Dispositif Antichute \u00e0 rappel automatique en sangle polyester de 25mm<\/p>\n<p>Carter ABS<\/p>\n<p>Equip\u00e9 d&rsquo;un mousqueton \u00e0 fermeture filet\u00e9e et d&rsquo;un mousqueton \u00e0 verrouillage automatique avec indicateur de chute<\/p>\n<p>Longueur : 6m<\/p>\n<p>Polym\u00e8re haute r\u00e9sistance.<\/p>\n<p>Norme EN360:2002<\/p>\n<\/div>\n<\/div>\n<div class=\"col-lg-6\"><\/div>\n<\/div>\n<\/div>\n","protected":false},"featured_media":3688,"comment_status":"open","ping_status":"closed","template":"","meta":{"_monsterinsights_skip_tracking":false,"_monsterinsights_sitenote_active":false,"_monsterinsights_sitenote_note":"","_monsterinsights_sitenote_category":0,"jetpack_publicize_message":"","jetpack_publicize_feature_enabled":true,"jetpack_social_post_already_shared":false,"jetpack_social_options":{"image_generator_settings":{"template":"highway","default_image_id":0,"font":"","enabled":false},"version":2}},"product_brand":[],"product_cat":[40],"product_tag":[],"class_list":{"0":"post-3687","1":"product","2":"type-product","3":"status-publish","6":"product_cat-epi","8":"first","9":"instock","10":"taxable","11":"shipping-taxable","12":"product-type-simple"},"yoast_head":"<!-- This site is optimized with the Yoast SEO plugin v26.6 - https:\/\/yoast.com\/wordpress\/plugins\/seo\/ -->\n<title>Antichute \u00e0 rappel automatique avec sangle carter ABS 6m - ETANEC<\/title>\n<meta name=\"robots\" content=\"index, follow, max-snippet:-1, max-image-preview:large, max-video-preview:-1\" \/>\n<link rel=\"canonical\" href=\"https:\/\/etanec.fr\/index.php\/produit\/antichute-a-rappel-automatique-avec-sangle-carter-abs-6m\/\" \/>\n<meta property=\"og:locale\" content=\"fr_FR\" \/>\n<meta property=\"og:type\" content=\"article\" \/>\n<meta property=\"og:title\" content=\"Antichute \u00e0 rappel automatique avec sangle carter ABS 6m - ETANEC\" \/>\n<meta property=\"og:description\" content=\"Dispositif Antichute \u00e0 rappel automatique en sangle polyester de 25mm  Carter ABS  Equip\u00e9 d&#039;un mousqueton \u00e0 fermeture filet\u00e9e et d&#039;un mousqueton \u00e0 verrouillage automatique avec indicateur de chute  Longueur : 6m  Polym\u00e8re haute r\u00e9sistance.  Norme EN360:2002\" \/>\n<meta property=\"og:url\" content=\"https:\/\/etanec.fr\/index.php\/produit\/antichute-a-rappel-automatique-avec-sangle-carter-abs-6m\/\" \/>\n<meta property=\"og:site_name\" content=\"ETANEC\" \/>\n<meta property=\"article:modified_time\" content=\"2023-06-14T14:28:52+00:00\" \/>\n<meta property=\"og:image\" content=\"https:\/\/i0.wp.com\/etanec.fr\/wp-content\/uploads\/2022\/12\/r301106_610x610.jpg?fit=610%2C610&ssl=1\" \/>\n\t<meta property=\"og:image:width\" content=\"610\" \/>\n\t<meta property=\"og:image:height\" content=\"610\" \/>\n\t<meta property=\"og:image:type\" content=\"image\/jpeg\" \/>\n<meta name=\"twitter:card\" content=\"summary_large_image\" \/>\n<meta name=\"twitter:label1\" content=\"Dur\u00e9e de lecture estim\u00e9e\" \/>\n\t<meta name=\"twitter:data1\" content=\"1 minute\" \/>\n<script type=\"application\/ld+json\" class=\"yoast-schema-graph\">{\"@context\":\"https:\/\/schema.org\",\"@graph\":[{\"@type\":\"WebPage\",\"@id\":\"https:\/\/etanec.fr\/index.php\/produit\/antichute-a-rappel-automatique-avec-sangle-carter-abs-6m\/\",\"url\":\"https:\/\/etanec.fr\/index.php\/produit\/antichute-a-rappel-automatique-avec-sangle-carter-abs-6m\/\",\"name\":\"Antichute \u00e0 rappel automatique avec sangle carter ABS 6m - ETANEC\",\"isPartOf\":{\"@id\":\"https:\/\/etanec.fr\/#website\"},\"primaryImageOfPage\":{\"@id\":\"https:\/\/etanec.fr\/index.php\/produit\/antichute-a-rappel-automatique-avec-sangle-carter-abs-6m\/#primaryimage\"},\"image\":{\"@id\":\"https:\/\/etanec.fr\/index.php\/produit\/antichute-a-rappel-automatique-avec-sangle-carter-abs-6m\/#primaryimage\"},\"thumbnailUrl\":\"https:\/\/i0.wp.com\/etanec.fr\/wp-content\/uploads\/2022\/12\/r301106_610x610.jpg?fit=610%2C610&ssl=1\",\"datePublished\":\"2023-06-14T14:28:51+00:00\",\"dateModified\":\"2023-06-14T14:28:52+00:00\",\"breadcrumb\":{\"@id\":\"https:\/\/etanec.fr\/index.php\/produit\/antichute-a-rappel-automatique-avec-sangle-carter-abs-6m\/#breadcrumb\"},\"inLanguage\":\"fr-FR\",\"potentialAction\":[{\"@type\":\"ReadAction\",\"target\":[\"https:\/\/etanec.fr\/index.php\/produit\/antichute-a-rappel-automatique-avec-sangle-carter-abs-6m\/\"]}]},{\"@type\":\"ImageObject\",\"inLanguage\":\"fr-FR\",\"@id\":\"https:\/\/etanec.fr\/index.php\/produit\/antichute-a-rappel-automatique-avec-sangle-carter-abs-6m\/#primaryimage\",\"url\":\"https:\/\/i0.wp.com\/etanec.fr\/wp-content\/uploads\/2022\/12\/r301106_610x610.jpg?fit=610%2C610&ssl=1\",\"contentUrl\":\"https:\/\/i0.wp.com\/etanec.fr\/wp-content\/uploads\/2022\/12\/r301106_610x610.jpg?fit=610%2C610&ssl=1\",\"width\":610,\"height\":610},{\"@type\":\"BreadcrumbList\",\"@id\":\"https:\/\/etanec.fr\/index.php\/produit\/antichute-a-rappel-automatique-avec-sangle-carter-abs-6m\/#breadcrumb\",\"itemListElement\":[{\"@type\":\"ListItem\",\"position\":1,\"name\":\"Accueil\",\"item\":\"https:\/\/etanec.fr\/\"},{\"@type\":\"ListItem\",\"position\":2,\"name\":\"Gamme de produits\",\"item\":\"https:\/\/etanec.fr\/index.php\/boutique\/\"},{\"@type\":\"ListItem\",\"position\":3,\"name\":\"Antichute \u00e0 rappel automatique avec sangle carter ABS 6m\"}]},{\"@type\":\"WebSite\",\"@id\":\"https:\/\/etanec.fr\/#website\",\"url\":\"https:\/\/etanec.fr\/\",\"name\":\"etanec.fr\",\"description\":\"Votre Solution en Outillage &amp; Fixation Enveloppe du batiment\",\"publisher\":{\"@id\":\"https:\/\/etanec.fr\/#organization\"},\"potentialAction\":[{\"@type\":\"SearchAction\",\"target\":{\"@type\":\"EntryPoint\",\"urlTemplate\":\"https:\/\/etanec.fr\/?s={search_term_string}\"},\"query-input\":{\"@type\":\"PropertyValueSpecification\",\"valueRequired\":true,\"valueName\":\"search_term_string\"}}],\"inLanguage\":\"fr-FR\"},{\"@type\":\"Organization\",\"@id\":\"https:\/\/etanec.fr\/#organization\",\"name\":\"etanec.fr\",\"url\":\"https:\/\/etanec.fr\/\",\"logo\":{\"@type\":\"ImageObject\",\"inLanguage\":\"fr-FR\",\"@id\":\"https:\/\/etanec.fr\/#\/schema\/logo\/image\/\",\"url\":\"https:\/\/i0.wp.com\/etanec.fr\/wp-content\/uploads\/2017\/11\/cropped-cropped-cropped-ETANEC-LOGO-2017-RVBTRANSP-HD-e1509965316759.png?fit=350%2C75&ssl=1\",\"contentUrl\":\"https:\/\/i0.wp.com\/etanec.fr\/wp-content\/uploads\/2017\/11\/cropped-cropped-cropped-ETANEC-LOGO-2017-RVBTRANSP-HD-e1509965316759.png?fit=350%2C75&ssl=1\",\"width\":350,\"height\":75,\"caption\":\"etanec.fr\"},\"image\":{\"@id\":\"https:\/\/etanec.fr\/#\/schema\/logo\/image\/\"},\"sameAs\":[\"https:\/\/www.linkedin.com\/company\/etanecgroup\/?viewAsMember=true\"]}]}<\/script>\n<!-- \/ Yoast SEO plugin. -->","yoast_head_json":{"title":"Antichute \u00e0 rappel automatique avec sangle carter ABS 6m - ETANEC","robots":{"index":"index","follow":"follow","max-snippet":"max-snippet:-1","max-image-preview":"max-image-preview:large","max-video-preview":"max-video-preview:-1"},"canonical":"https:\/\/etanec.fr\/index.php\/produit\/antichute-a-rappel-automatique-avec-sangle-carter-abs-6m\/","og_locale":"fr_FR","og_type":"article","og_title":"Antichute \u00e0 rappel automatique avec sangle carter ABS 6m - ETANEC","og_description":"Dispositif Antichute \u00e0 rappel automatique en sangle polyester de 25mm  Carter ABS  Equip\u00e9 d'un mousqueton \u00e0 fermeture filet\u00e9e et d'un mousqueton \u00e0 verrouillage automatique avec indicateur de chute  Longueur : 6m  Polym\u00e8re haute r\u00e9sistance.  Norme EN360:2002","og_url":"https:\/\/etanec.fr\/index.php\/produit\/antichute-a-rappel-automatique-avec-sangle-carter-abs-6m\/","og_site_name":"ETANEC","article_modified_time":"2023-06-14T14:28:52+00:00","og_image":[{"width":610,"height":610,"url":"https:\/\/i0.wp.com\/etanec.fr\/wp-content\/uploads\/2022\/12\/r301106_610x610.jpg?fit=610%2C610&ssl=1","type":"image\/jpeg"}],"twitter_card":"summary_large_image","twitter_misc":{"Dur\u00e9e de lecture estim\u00e9e":"1 minute"},"schema":{"@context":"https:\/\/schema.org","@graph":[{"@type":"WebPage","@id":"https:\/\/etanec.fr\/index.php\/produit\/antichute-a-rappel-automatique-avec-sangle-carter-abs-6m\/","url":"https:\/\/etanec.fr\/index.php\/produit\/antichute-a-rappel-automatique-avec-sangle-carter-abs-6m\/","name":"Antichute \u00e0 rappel automatique avec sangle carter ABS 6m - ETANEC","isPartOf":{"@id":"https:\/\/etanec.fr\/#website"},"primaryImageOfPage":{"@id":"https:\/\/etanec.fr\/index.php\/produit\/antichute-a-rappel-automatique-avec-sangle-carter-abs-6m\/#primaryimage"},"image":{"@id":"https:\/\/etanec.fr\/index.php\/produit\/antichute-a-rappel-automatique-avec-sangle-carter-abs-6m\/#primaryimage"},"thumbnailUrl":"https:\/\/i0.wp.com\/etanec.fr\/wp-content\/uploads\/2022\/12\/r301106_610x610.jpg?fit=610%2C610&ssl=1","datePublished":"2023-06-14T14:28:51+00:00","dateModified":"2023-06-14T14:28:52+00:00","breadcrumb":{"@id":"https:\/\/etanec.fr\/index.php\/produit\/antichute-a-rappel-automatique-avec-sangle-carter-abs-6m\/#breadcrumb"},"inLanguage":"fr-FR","potentialAction":[{"@type":"ReadAction","target":["https:\/\/etanec.fr\/index.php\/produit\/antichute-a-rappel-automatique-avec-sangle-carter-abs-6m\/"]}]},{"@type":"ImageObject","inLanguage":"fr-FR","@id":"https:\/\/etanec.fr\/index.php\/produit\/antichute-a-rappel-automatique-avec-sangle-carter-abs-6m\/#primaryimage","url":"https:\/\/i0.wp.com\/etanec.fr\/wp-content\/uploads\/2022\/12\/r301106_610x610.jpg?fit=610%2C610&ssl=1","contentUrl":"https:\/\/i0.wp.com\/etanec.fr\/wp-content\/uploads\/2022\/12\/r301106_610x610.jpg?fit=610%2C610&ssl=1","width":610,"height":610},{"@type":"BreadcrumbList","@id":"https:\/\/etanec.fr\/index.php\/produit\/antichute-a-rappel-automatique-avec-sangle-carter-abs-6m\/#breadcrumb","itemListElement":[{"@type":"ListItem","position":1,"name":"Accueil","item":"https:\/\/etanec.fr\/"},{"@type":"ListItem","position":2,"name":"Gamme de produits","item":"https:\/\/etanec.fr\/index.php\/boutique\/"},{"@type":"ListItem","position":3,"name":"Antichute \u00e0 rappel automatique avec sangle carter ABS 6m"}]},{"@type":"WebSite","@id":"https:\/\/etanec.fr\/#website","url":"https:\/\/etanec.fr\/","name":"etanec.fr","description":"Votre Solution en Outillage &amp; Fixation Enveloppe du batiment","publisher":{"@id":"https:\/\/etanec.fr\/#organization"},"potentialAction":[{"@type":"SearchAction","target":{"@type":"EntryPoint","urlTemplate":"https:\/\/etanec.fr\/?s={search_term_string}"},"query-input":{"@type":"PropertyValueSpecification","valueRequired":true,"valueName":"search_term_string"}}],"inLanguage":"fr-FR"},{"@type":"Organization","@id":"https:\/\/etanec.fr\/#organization","name":"etanec.fr","url":"https:\/\/etanec.fr\/","logo":{"@type":"ImageObject","inLanguage":"fr-FR","@id":"https:\/\/etanec.fr\/#\/schema\/logo\/image\/","url":"https:\/\/i0.wp.com\/etanec.fr\/wp-content\/uploads\/2017\/11\/cropped-cropped-cropped-ETANEC-LOGO-2017-RVBTRANSP-HD-e1509965316759.png?fit=350%2C75&ssl=1","contentUrl":"https:\/\/i0.wp.com\/etanec.fr\/wp-content\/uploads\/2017\/11\/cropped-cropped-cropped-ETANEC-LOGO-2017-RVBTRANSP-HD-e1509965316759.png?fit=350%2C75&ssl=1","width":350,"height":75,"caption":"etanec.fr"},"image":{"@id":"https:\/\/etanec.fr\/#\/schema\/logo\/image\/"},"sameAs":["https:\/\/www.linkedin.com\/company\/etanecgroup\/?viewAsMember=true"]}]}},"jetpack_publicize_connections":[],"jetpack_sharing_enabled":true,"_links":{"self":[{"href":"https:\/\/etanec.fr\/index.php\/wp-json\/wp\/v2\/product\/3687","targetHints":{"allow":["GET"]}}],"collection":[{"href":"https:\/\/etanec.fr\/index.php\/wp-json\/wp\/v2\/product"}],"about":[{"href":"https:\/\/etanec.fr\/index.php\/wp-json\/wp\/v2\/types\/product"}],"replies":[{"embeddable":true,"href":"https:\/\/etanec.fr\/index.php\/wp-json\/wp\/v2\/comments?post=3687"}],"version-history":[{"count":2,"href":"https:\/\/etanec.fr\/index.php\/wp-json\/wp\/v2\/product\/3687\/revisions"}],"predecessor-version":[{"id":6723,"href":"https:\/\/etanec.fr\/index.php\/wp-json\/wp\/v2\/product\/3687\/revisions\/6723"}],"wp:featuredmedia":[{"embeddable":true,"href":"https:\/\/etanec.fr\/index.php\/wp-json\/wp\/v2\/media\/3688"}],"wp:attachment":[{"href":"https:\/\/etanec.fr\/index.php\/wp-json\/wp\/v2\/media?parent=3687"}],"wp:term":[{"taxonomy":"product_brand","embeddable":true,"href":"https:\/\/etanec.fr\/index.php\/wp-json\/wp\/v2\/product_brand?post=3687"},{"taxonomy":"product_cat","embeddable":true,"href":"https:\/\/etanec.fr\/index.php\/wp-json\/wp\/v2\/product_cat?post=3687"},{"taxonomy":"product_tag","embeddable":true,"href":"https:\/\/etanec.fr\/index.php\/wp-json\/wp\/v2\/product_tag?post=3687"}],"curies":[{"name":"wp","href":"https:\/\/api.w.org\/{rel}","templated":true}]}}